{"id":99,"date":"2024-03-13T08:55:10","date_gmt":"2024-03-13T08:55:10","guid":{"rendered":"https:\/\/digitaldeepsea.com\/fr\/?post_type=product&#038;p=99"},"modified":"2025-01-30T09:12:50","modified_gmt":"2025-01-30T09:12:50","slug":"systeme-de-navigation-sur-pc-avec-un-reseau-nmea-2000","status":"publish","type":"product","link":"https:\/\/digitaldeepsea.com\/fr\/produit\/systeme-de-navigation-sur-pc-avec-un-reseau-nmea-2000\/","title":{"rendered":"Syst\u00e8me de navigation sur PC avec un r\u00e9seau NMEA 2000"},"content":{"rendered":"<h4><b>CE QUI EST INCLUS\u00a0<\/b><\/h4>\n<p>Ce syst\u00e8me de navigation int\u00e8gre le PC Aqua Compact Pro avec un r\u00e9seau NMEA 2000. La solution comprend :<\/p>\n<ul>\n<li>PC Aqua Compact Pro<\/li>\n<li>\u00c9cran LCD 23.5 pouces<\/li>\n<li>AIT2500, transpondeur AIS classe B+ (fourni avec le GPS et l&rsquo;antenne VHF)<\/li>\n<li>Ikonvert &#8211; Convertisseur NMEA2000 USB<\/li>\n<li>NavLink 2 &#8211; Serveur NMEA 2000 WiFi<\/li>\n<li>2 x kits de c\u00e2blage NMEA 2000<\/li>\n<\/ul>\n<p>&nbsp;<\/p>\n<p>&nbsp;<\/p>\n<h4><b>CARACT\u00c9RISTIQUES PRINCIPALES\u00a0<\/b><\/h4>\n<p>Ce syst\u00e8me de navigation permet de diffuser les donn\u00e9es AIS, GPS et NMEA 2000 gr\u00e2ce \u00e0 une interface bidirectionnelle vers les logiciels de navigation populaires. C&rsquo;est une option populaire car elle permet d&rsquo;installer un petit traceur \u00e9tanche dans le cockpit ou sur le flybridge et un syst\u00e8me de navigation sur PC complet sous le pont. De plus, NavLink2 permet de diffuseren WiFi les donn\u00e9es NMEA 2000 vers des applications sur iPhone\/iPad ou tablette Android.<\/p>\n<p>&nbsp;<\/p>\n<p>Avec ce pack de navigation, vous recevrez toutes les donn\u00e9es AIS, GPS et NMEA 2000 dans des applications et logiciels de navigation populaires sur le PC marinis\u00e9 ainsi que sur une tablette, un iPad et un smartphone. Vous connecterez le PC Aqua Compact \u00e0 l&rsquo;iKonvert USB. La tablette, le smartphone ou l&rsquo;iPad seront ensuite connect\u00e9s au r\u00e9seau WiFi du NavLinK2. Cela permet donc au PC Aqua Compact, la tablette et\/ou l&rsquo;iPad de devenir un \u00e9cran de navigation complet.<\/p>\n<p>&nbsp;<\/p>\n<p>Le dernier <a href=\"https:\/\/digitalyacht.fr\/produit\/aqua-compact-pro\/\" target=\"_blank\" rel=\"noopener noreferrer\">PC Aqua Compact Pro<\/a> permet une navigation PC abordable et fiable. Avec une faible consommation d&rsquo;\u00e9nergie et un fonctionnement en courant continu, il est dot\u00e9 de la derni\u00e8re technologie Intel de 10e g\u00e9n\u00e9ration; il int\u00e8gre le WiFi, le bluetooth, un disque dur et 8 Go de RAM. Malgr\u00e9 ses dimensions de 11,5 x 11 x5 cm, le PC Aqua est \u00e9quip\u00e9 d&rsquo;un puissant processeur Intel Core i3 de 10e g\u00e9n\u00e9ration permettant des performances graphiques exceptionnelles pour les logiciels de cartographie 3D et de navigation HD. C&rsquo;est le partenaire id\u00e9al pour les logiciels comme TimeZero m\u00eame avec la superposition du radar. Le PC est livr\u00e9 avec le <a href=\"https:\/\/digitalyacht.fr\/produit\/s124\/\" target=\"_blank\" rel=\"noopener noreferrer\">S124<\/a> qui est un moniteur marin LCD HD de 23,5 pouces con\u00e7u pour un montage sous le pont. Il est dot\u00e9 d&rsquo;un \u00e9cran de 1920 x 1080 pixels avec un rapport de contraste de 2M:1 pour des couleurs vives et un affichage dynamique.<\/p>\n<p>&nbsp;<\/p>\n<p>L&rsquo;AIT2500 est un transpondeur AIS classe B+ 5W. Ce transpondeur ultra-compact classe B+ poss\u00e8de trois sorties; NMEA 0183, NMEA 2000 et USB. Pour une connexion USB permanente \u00e0 un PC, nous utilisons un de nos adaptateurs NMEA USB. Cela permet donc d&rsquo;obtenir un niveau suppl\u00e9mentaire d&rsquo;isolation \u00e9lectrique.<\/p>\n<p>&nbsp;<\/p>\n<p>Le convertisseur <a href=\"https:\/\/digitalyacht.fr\/produit\/ikonvert-usb\/\" target=\"_blank\" rel=\"noopener noreferrer\">iKonvert NMEA 2000 USB<\/a> est une passerelle intelligente et flexible. Tous les logiciels de navigation populaires qui fonctionnent sur des ordinateurs PC\/MAC\/LINUX peuvent lire les donn\u00e9es NMEA0183. iKonvert fournit un moyen simple et fiable pour un logiciel d&rsquo;acc\u00e9der aux donn\u00e9es de navigation sur un r\u00e9seau NMEA2000. iKonvert traduit les donn\u00e9es NMEA 2000 en NMEA 0183 et les diffuse vers la sortie USB. iKonvert a aussi un mode pour diffuser directement les donn\u00e9es NMEA 2000, mais il y a tr\u00e8s peu de logiciels qui acceptent les donn\u00e9es NMEA 2000 brutes.<\/p>\n<p>&nbsp;<\/p>\n<p>Enfin, ce pack comprend <a href=\"https:\/\/digitalyacht.fr\/produit\/navlink2\/\" target=\"_blank\" rel=\"noopener noreferrer\">NavLink2<\/a>. Il s&rsquo;agit d&rsquo;un serveur NMEA 2000 WiFi facile \u00e0 installer con\u00e7u pour diffuser les donn\u00e9es de navigation NMEA 2000 vers les applications et logiciels sur smartphones, tablettes, iPad et PC. Une fois install\u00e9, il cr\u00e9e un r\u00e9seau WiFi prot\u00e9g\u00e9 par mot de passe pour que les appareils puissent se connecter. Toutes les donn\u00e9es de navigation du r\u00e9seau NMEA 2000 seront donc affich\u00e9es sur des logiciels et des applications compatibles, notamment NavLink, TimeZero, iAIS, Weather4D, SailGrib, iSailor, Seapilot et des centaines d&rsquo;autres.<\/p>\n<p>&nbsp;<\/p>\n<h5><\/h5>\n<h4><b>COMMENT L\u2019INSTALLER?\u00a0<\/b><\/h4>\n<p>Tous les \u00e9quipements et l&rsquo;AIS ont une interface NMEA 2000, l&rsquo;installation est donc tr\u00e8s facile avec notre <a href=\"https:\/\/digitalyacht.fr\/produit\/kit-de-cablage-nmea2000\/\" target=\"_blank\" rel=\"noopener noreferrer\">kit de c\u00e2blage NMEA 2000<\/a> inclus dans le pack. NMEA 2000 utilise un r\u00e9seau (ou parfois appel\u00e9e \u00ab\u00a0dorsale\u00a0\u00bb). Cela n\u00e9cessite des terminateurs \u00e0 chaque extr\u00e9mit\u00e9 du r\u00e9seau, o\u00f9 chaque appareil peut \u00eatre connect\u00e9 \u00e0 l&rsquo;aide d&rsquo;un c\u00e2ble de d\u00e9rivation. Le r\u00e9seau n\u00e9cessite \u00e9galement une alimentation \u00e9lectrique.\u00a0De plus, les connecteurs \u00e9tanches garantissent une fiabilit\u00e9 maximale et permettent une installation plug&rsquo;n play facile. Nous fournissons deux kits de c\u00e2blage NMEA 2000 avec ce pack afin que vous puissiez connecter 8 appareils.<\/p>\n<p>&nbsp;<\/p>\n<p>L&rsquo;iKonvert USB est \u00e9galement \u00e9quip\u00e9 d&rsquo;un c\u00e2ble USB int\u00e9gr\u00e9 et d&rsquo;un c\u00e2ble NMEA2000 standard (m\u00e2le). En outre, iKonvert et NavLink2 sont auto-aliment\u00e9s par le r\u00e9seau NMEA2000.<\/p>\n<p>&nbsp;<\/p>\n<p>L&rsquo;AIT2500 est fourni avec une antenne GPS externe (c\u00e2ble de 10m) et une <a href=\"https:\/\/digitalyacht.fr\/produit\/ha156\/\" target=\"_blank\" rel=\"noopener noreferrer\">petite antenne VHF<\/a> (c\u00e2ble de 20m)<\/p>\n<p>&nbsp;<\/p>\n<p>Vous pouvez \u00e9galement ajouter des instruments suppl\u00e9mentaires (vent, profondeur, vitesse, temp\u00e9rature, etc.) au r\u00e9seau NMEA 2000 et ainsi recevoir toutes leurs donn\u00e9es sur les applications et logiciels de navigation.<\/p>\n<h5><\/h5>\n<h5><\/h5>\n<h4><strong>SP\u00c9CIFICIT\u00c9S<\/strong><\/h4>\n<ul>\n<li>Syst\u00e8me de navigation avec PC marinis\u00e9, \u00e9cran LCD, transpondeur AIS, girouette et antennes VHF et GPS<\/li>\n<li>Ce pack int\u00e8gre un PC avec un r\u00e9seau NMEA 2000<\/li>\n<li>Aqua Compact Pro dispose d&rsquo;un processeur i3 7100U, de 8 Go de RAM et d&rsquo;un disque dur super rapide de 120 Go.<\/li>\n<li>Double sorties HDMI et USB C.<\/li>\n<li>Bluetooth 4.2 et WiFi int\u00e9gr\u00e9s (plus port r\u00e9seau)<\/li>\n<li>4 x ports USB 3<\/li>\n<li>Prise audio sur le panneau avant pour les entr\u00e9es\/sorties audio\/span&gt;<\/li>\n<li>Syst\u00e8me d&rsquo;exploitation Windows 11<\/li>\n<li>Fonctionnement direct en 12 V DC (entr\u00e9e 8-19 V), consommation \u00e9lectrique d&rsquo;environ 20 W<\/li>\n<li>S124 est un moniteur marin LCD HD<\/li>\n<li>L&rsquo;\u00e9cran mesure 56 x 35 x 6cm<\/li>\n<li>Haut-parleurs 2W int\u00e9gr\u00e9s<\/li>\n<li>AIT2500 est un transpondeur AIS classe B+ 5W<\/li>\n<li>Livr\u00e9 avec une antenne GPS (c\u00e2ble de 10m) et une petite antenne VHF (c\u00e2ble de 20m)<\/li>\n<li>Il dispose d&rsquo;une interface NMEA 0183, NMEA 2000 et USB<\/li>\n<li>iKonvert est un petit mais puissant convertisseur bidirectionnel NMEA 2000 USB<\/li>\n<li>Le pack comprend \u00e9galement 2 x kits de c\u00e2blage NMEA pour interconnecter facilement tous les \u00e9quipements.<\/li>\n<li>NavLink2 est un serveur NMEA2000 WiFi<\/li>\n<li>Il prend en charge jusqu&rsquo;\u00e0 7 appareils sans fil (protocole UDP et TCP\/IP)<\/li>\n<li>Compatible avec tous les logiciels et applications populaires comme iNavX, TimeZero, Weather 4D, Navionics, SailGrib, NavLink, iSailor, SeaPilot, AquaMap, etc.<\/li>\n<\/ul>\n","protected":false},"excerpt":{"rendered":"<p>\u00ab\u00a0Ce pack int\u00e8gre un PC marinis\u00e9 avec un r\u00e9seau NMEA 2000 utilisant la passerelle iKonvert USB. Les donn\u00e9es AIS, GPS et NMEA 2000 des instruments sont diffus\u00e9es avec une interface bidirectionnelle vers les logiciels de navigation PC et MAC\u00a0\u00bb.<\/p>\n","protected":false},"featured_media":158,"template":"","meta":[],"product_cat":[91,92,29,52],"product_tag":[50,96,97,94,98],"yoast_head":"<!-- This site is optimized with the Yoast SEO plugin v22.7 - https:\/\/yoast.com\/wordpress\/plugins\/seo\/ -->\n<title>Syst\u00e8me de navigation PC avec r\u00e9seau NMEA 2000 - Digital Deep Sea<\/title>\n<meta name=\"description\" content=\"Ce systene de navigation PC int\u00e8gre un PC marinis\u00e9 avec un r\u00e9seau NMEA 2000 utilisant la passerelle iKonvert USB de Digital Yacht.\" \/>\n<meta name=\"robots\" content=\"index, follow, max-snippet:-1, max-image-preview:large, max-video-preview:-1\" \/>\n<link rel=\"canonical\" href=\"https:\/\/digitaldeepsea.com\/fr\/produit\/systeme-de-navigation-sur-pc-avec-un-reseau-nmea-2000\/\" \/>\n<meta property=\"og:locale\" content=\"fr_FR\" \/>\n<meta property=\"og:type\" content=\"article\" \/>\n<meta property=\"og:title\" content=\"Syst\u00e8me de navigation PC avec r\u00e9seau NMEA 2000 - Digital Deep Sea\" \/>\n<meta property=\"og:description\" content=\"Ce systene de navigation PC int\u00e8gre un PC marinis\u00e9 avec un r\u00e9seau NMEA 2000 utilisant la passerelle iKonvert USB de Digital Yacht.\" \/>\n<meta property=\"og:url\" content=\"https:\/\/digitaldeepsea.com\/fr\/produit\/systeme-de-navigation-sur-pc-avec-un-reseau-nmea-2000\/\" \/>\n<meta property=\"og:site_name\" content=\"Digital Deep Sea France\" \/>\n<meta property=\"article:modified_time\" content=\"2025-01-30T09:12:50+00:00\" \/>\n<meta property=\"og:image\" content=\"https:\/\/digitaldeepsea.com\/fr\/wp-content\/uploads\/sites\/2\/2024\/03\/PC-Nav-system-NMEA2000.jpg\" \/>\n\t<meta property=\"og:image:width\" content=\"2000\" \/>\n\t<meta property=\"og:image:height\" content=\"2000\" \/>\n\t<meta property=\"og:image:type\" content=\"image\/jpeg\" \/>\n<meta name=\"twitter:card\" content=\"summary_large_image\" \/>\n<meta name=\"twitter:label1\" content=\"Dur\u00e9e de lecture estim\u00e9e\" \/>\n\t<meta name=\"twitter:data1\" content=\"6 minutes\" \/>\n<script type=\"application\/ld+json\" class=\"yoast-schema-graph\">{\"@context\":\"https:\/\/schema.org\",\"@graph\":[{\"@type\":\"WebPage\",\"@id\":\"https:\/\/digitaldeepsea.com\/fr\/produit\/systeme-de-navigation-sur-pc-avec-un-reseau-nmea-2000\/\",\"url\":\"https:\/\/digitaldeepsea.com\/fr\/produit\/systeme-de-navigation-sur-pc-avec-un-reseau-nmea-2000\/\",\"name\":\"Syst\u00e8me de navigation PC avec r\u00e9seau NMEA 2000 - Digital Deep Sea\",\"isPartOf\":{\"@id\":\"https:\/\/digitaldeepsea.com\/fr\/#website\"},\"primaryImageOfPage\":{\"@id\":\"https:\/\/digitaldeepsea.com\/fr\/produit\/systeme-de-navigation-sur-pc-avec-un-reseau-nmea-2000\/#primaryimage\"},\"image\":{\"@id\":\"https:\/\/digitaldeepsea.com\/fr\/produit\/systeme-de-navigation-sur-pc-avec-un-reseau-nmea-2000\/#primaryimage\"},\"thumbnailUrl\":\"https:\/\/digitaldeepsea.com\/fr\/wp-content\/uploads\/sites\/2\/2024\/03\/PC-Nav-system-NMEA2000.jpg\",\"datePublished\":\"2024-03-13T08:55:10+00:00\",\"dateModified\":\"2025-01-30T09:12:50+00:00\",\"description\":\"Ce systene de navigation PC int\u00e8gre un PC marinis\u00e9 avec un r\u00e9seau NMEA 2000 utilisant la passerelle iKonvert USB de Digital Yacht.\",\"breadcrumb\":{\"@id\":\"https:\/\/digitaldeepsea.com\/fr\/produit\/systeme-de-navigation-sur-pc-avec-un-reseau-nmea-2000\/#breadcrumb\"},\"inLanguage\":\"fr-FR\",\"potentialAction\":[{\"@type\":\"ReadAction\",\"target\":[\"https:\/\/digitaldeepsea.com\/fr\/produit\/systeme-de-navigation-sur-pc-avec-un-reseau-nmea-2000\/\"]}]},{\"@type\":\"ImageObject\",\"inLanguage\":\"fr-FR\",\"@id\":\"https:\/\/digitaldeepsea.com\/fr\/produit\/systeme-de-navigation-sur-pc-avec-un-reseau-nmea-2000\/#primaryimage\",\"url\":\"https:\/\/digitaldeepsea.com\/fr\/wp-content\/uploads\/sites\/2\/2024\/03\/PC-Nav-system-NMEA2000.jpg\",\"contentUrl\":\"https:\/\/digitaldeepsea.com\/fr\/wp-content\/uploads\/sites\/2\/2024\/03\/PC-Nav-system-NMEA2000.jpg\",\"width\":2000,\"height\":2000},{\"@type\":\"BreadcrumbList\",\"@id\":\"https:\/\/digitaldeepsea.com\/fr\/produit\/systeme-de-navigation-sur-pc-avec-un-reseau-nmea-2000\/#breadcrumb\",\"itemListElement\":[{\"@type\":\"ListItem\",\"position\":1,\"name\":\"Home\",\"item\":\"https:\/\/digitaldeepsea.com\/fr\/\"},{\"@type\":\"ListItem\",\"position\":2,\"name\":\"Produits\",\"item\":\"https:\/\/digitaldeepsea.com\/fr\/produits\/\"},{\"@type\":\"ListItem\",\"position\":3,\"name\":\"Syst\u00e8me de navigation sur PC avec un r\u00e9seau NMEA 2000\"}]},{\"@type\":\"WebSite\",\"@id\":\"https:\/\/digitaldeepsea.com\/fr\/#website\",\"url\":\"https:\/\/digitaldeepsea.com\/fr\/\",\"name\":\"Digital Deep Sea\",\"description\":\"\",\"publisher\":{\"@id\":\"https:\/\/digitaldeepsea.com\/fr\/#organization\"},\"potentialAction\":[{\"@type\":\"SearchAction\",\"target\":{\"@type\":\"EntryPoint\",\"urlTemplate\":\"https:\/\/digitaldeepsea.com\/fr\/?s={search_term_string}\"},\"query-input\":\"required name=search_term_string\"}],\"inLanguage\":\"fr-FR\"},{\"@type\":\"Organization\",\"@id\":\"https:\/\/digitaldeepsea.com\/fr\/#organization\",\"name\":\"Digital Deep Sea\",\"url\":\"https:\/\/digitaldeepsea.com\/fr\/\",\"logo\":{\"@type\":\"ImageObject\",\"inLanguage\":\"fr-FR\",\"@id\":\"https:\/\/digitaldeepsea.com\/fr\/#\/schema\/logo\/image\/\",\"url\":\"https:\/\/digitaldeepsea.com\/fr\/wp-content\/uploads\/sites\/2\/2024\/03\/logo_dy_outline_white.png\",\"contentUrl\":\"https:\/\/digitaldeepsea.com\/fr\/wp-content\/uploads\/sites\/2\/2024\/03\/logo_dy_outline_white.png\",\"width\":200,\"height\":114,\"caption\":\"Digital Deep Sea\"},\"image\":{\"@id\":\"https:\/\/digitaldeepsea.com\/fr\/#\/schema\/logo\/image\/\"}}]}<\/script>\n<!-- \/ Yoast SEO plugin. -->","yoast_head_json":{"title":"Syst\u00e8me de navigation PC avec r\u00e9seau NMEA 2000 - Digital Deep Sea","description":"Ce systene de navigation PC int\u00e8gre un PC marinis\u00e9 avec un r\u00e9seau NMEA 2000 utilisant la passerelle iKonvert USB de Digital Yacht.","robots":{"index":"index","follow":"follow","max-snippet":"max-snippet:-1","max-image-preview":"max-image-preview:large","max-video-preview":"max-video-preview:-1"},"canonical":"https:\/\/digitaldeepsea.com\/fr\/produit\/systeme-de-navigation-sur-pc-avec-un-reseau-nmea-2000\/","og_locale":"fr_FR","og_type":"article","og_title":"Syst\u00e8me de navigation PC avec r\u00e9seau NMEA 2000 - Digital Deep Sea","og_description":"Ce systene de navigation PC int\u00e8gre un PC marinis\u00e9 avec un r\u00e9seau NMEA 2000 utilisant la passerelle iKonvert USB de Digital Yacht.","og_url":"https:\/\/digitaldeepsea.com\/fr\/produit\/systeme-de-navigation-sur-pc-avec-un-reseau-nmea-2000\/","og_site_name":"Digital Deep Sea France","article_modified_time":"2025-01-30T09:12:50+00:00","og_image":[{"width":2000,"height":2000,"url":"https:\/\/digitaldeepsea.com\/fr\/wp-content\/uploads\/sites\/2\/2024\/03\/PC-Nav-system-NMEA2000.jpg","type":"image\/jpeg"}],"twitter_card":"summary_large_image","twitter_misc":{"Dur\u00e9e de lecture estim\u00e9e":"6 minutes"},"schema":{"@context":"https:\/\/schema.org","@graph":[{"@type":"WebPage","@id":"https:\/\/digitaldeepsea.com\/fr\/produit\/systeme-de-navigation-sur-pc-avec-un-reseau-nmea-2000\/","url":"https:\/\/digitaldeepsea.com\/fr\/produit\/systeme-de-navigation-sur-pc-avec-un-reseau-nmea-2000\/","name":"Syst\u00e8me de navigation PC avec r\u00e9seau NMEA 2000 - Digital Deep Sea","isPartOf":{"@id":"https:\/\/digitaldeepsea.com\/fr\/#website"},"primaryImageOfPage":{"@id":"https:\/\/digitaldeepsea.com\/fr\/produit\/systeme-de-navigation-sur-pc-avec-un-reseau-nmea-2000\/#primaryimage"},"image":{"@id":"https:\/\/digitaldeepsea.com\/fr\/produit\/systeme-de-navigation-sur-pc-avec-un-reseau-nmea-2000\/#primaryimage"},"thumbnailUrl":"https:\/\/digitaldeepsea.com\/fr\/wp-content\/uploads\/sites\/2\/2024\/03\/PC-Nav-system-NMEA2000.jpg","datePublished":"2024-03-13T08:55:10+00:00","dateModified":"2025-01-30T09:12:50+00:00","description":"Ce systene de navigation PC int\u00e8gre un PC marinis\u00e9 avec un r\u00e9seau NMEA 2000 utilisant la passerelle iKonvert USB de Digital Yacht.","breadcrumb":{"@id":"https:\/\/digitaldeepsea.com\/fr\/produit\/systeme-de-navigation-sur-pc-avec-un-reseau-nmea-2000\/#breadcrumb"},"inLanguage":"fr-FR","potentialAction":[{"@type":"ReadAction","target":["https:\/\/digitaldeepsea.com\/fr\/produit\/systeme-de-navigation-sur-pc-avec-un-reseau-nmea-2000\/"]}]},{"@type":"ImageObject","inLanguage":"fr-FR","@id":"https:\/\/digitaldeepsea.com\/fr\/produit\/systeme-de-navigation-sur-pc-avec-un-reseau-nmea-2000\/#primaryimage","url":"https:\/\/digitaldeepsea.com\/fr\/wp-content\/uploads\/sites\/2\/2024\/03\/PC-Nav-system-NMEA2000.jpg","contentUrl":"https:\/\/digitaldeepsea.com\/fr\/wp-content\/uploads\/sites\/2\/2024\/03\/PC-Nav-system-NMEA2000.jpg","width":2000,"height":2000},{"@type":"BreadcrumbList","@id":"https:\/\/digitaldeepsea.com\/fr\/produit\/systeme-de-navigation-sur-pc-avec-un-reseau-nmea-2000\/#breadcrumb","itemListElement":[{"@type":"ListItem","position":1,"name":"Home","item":"https:\/\/digitaldeepsea.com\/fr\/"},{"@type":"ListItem","position":2,"name":"Produits","item":"https:\/\/digitaldeepsea.com\/fr\/produits\/"},{"@type":"ListItem","position":3,"name":"Syst\u00e8me de navigation sur PC avec un r\u00e9seau NMEA 2000"}]},{"@type":"WebSite","@id":"https:\/\/digitaldeepsea.com\/fr\/#website","url":"https:\/\/digitaldeepsea.com\/fr\/","name":"Digital Deep Sea","description":"","publisher":{"@id":"https:\/\/digitaldeepsea.com\/fr\/#organization"},"potentialAction":[{"@type":"SearchAction","target":{"@type":"EntryPoint","urlTemplate":"https:\/\/digitaldeepsea.com\/fr\/?s={search_term_string}"},"query-input":"required name=search_term_string"}],"inLanguage":"fr-FR"},{"@type":"Organization","@id":"https:\/\/digitaldeepsea.com\/fr\/#organization","name":"Digital Deep Sea","url":"https:\/\/digitaldeepsea.com\/fr\/","logo":{"@type":"ImageObject","inLanguage":"fr-FR","@id":"https:\/\/digitaldeepsea.com\/fr\/#\/schema\/logo\/image\/","url":"https:\/\/digitaldeepsea.com\/fr\/wp-content\/uploads\/sites\/2\/2024\/03\/logo_dy_outline_white.png","contentUrl":"https:\/\/digitaldeepsea.com\/fr\/wp-content\/uploads\/sites\/2\/2024\/03\/logo_dy_outline_white.png","width":200,"height":114,"caption":"Digital Deep Sea"},"image":{"@id":"https:\/\/digitaldeepsea.com\/fr\/#\/schema\/logo\/image\/"}}]}},"_links":{"self":[{"href":"https:\/\/digitaldeepsea.com\/fr\/wp-json\/wp\/v2\/product\/99"}],"collection":[{"href":"https:\/\/digitaldeepsea.com\/fr\/wp-json\/wp\/v2\/product"}],"about":[{"href":"https:\/\/digitaldeepsea.com\/fr\/wp-json\/wp\/v2\/types\/product"}],"wp:featuredmedia":[{"embeddable":true,"href":"https:\/\/digitaldeepsea.com\/fr\/wp-json\/wp\/v2\/media\/158"}],"wp:attachment":[{"href":"https:\/\/digitaldeepsea.com\/fr\/wp-json\/wp\/v2\/media?parent=99"}],"wp:term":[{"taxonomy":"product_cat","embeddable":true,"href":"https:\/\/digitaldeepsea.com\/fr\/wp-json\/wp\/v2\/product_cat?post=99"},{"taxonomy":"product_tag","embeddable":true,"href":"https:\/\/digitaldeepsea.com\/fr\/wp-json\/wp\/v2\/product_tag?post=99"}],"curies":[{"name":"wp","href":"https:\/\/api.w.org\/{rel}","templated":true}]}}