{"id":98,"date":"2024-03-13T08:55:10","date_gmt":"2024-03-13T08:55:10","guid":{"rendered":"https:\/\/digitaldeepsea.com\/fr\/?post_type=product&#038;p=98"},"modified":"2025-01-30T09:12:33","modified_gmt":"2025-01-30T09:12:33","slug":"systeme-de-navigation-sur-pc-avec-transpondeur-ais-gps-et-girouette","status":"publish","type":"product","link":"https:\/\/digitaldeepsea.com\/fr\/produit\/systeme-de-navigation-sur-pc-avec-transpondeur-ais-gps-et-girouette\/","title":{"rendered":"Syst\u00e8me de navigation sur PC avec transpondeur AIS, GPS et Girouette"},"content":{"rendered":"<h4><strong>CE QUI EST INCLUS<\/strong><\/h4>\n<p>Ce pack de navigation PC comprend :<\/p>\n<ul>\n<li>PC Aqua Compact Pro<\/li>\n<li>\u00c9cran LCD 23,5 pouces<\/li>\n<li>Girouette an\u00e9mom\u00e8tre WND100<\/li>\n<li>AIT2500, transpondeur AIS classe B+ 5W (fourni avec les antennes VHF et GPS)<\/li>\n<li>Adaptateur USB NMEA 0183<\/li>\n<\/ul>\n<p>&nbsp;<\/p>\n<p>&nbsp;<\/p>\n<h4><b>CARACT\u00c9RISTIQUES PRINCIPALES\u00a0<\/b><\/h4>\n<p>Le dernier <a href=\"https:\/\/digitalyacht.fr\/produit\/aqua-compact-pro\/\" target=\"_blank\" rel=\"noopener noreferrer\">PC Aqua Compact Pro<\/a> permet une navigation PC abordable et fiable. Avec une faible consommation d&rsquo;\u00e9nergie et un fonctionnement en courant continu, il est dot\u00e9 du dernier processeur Intel de 10e g\u00e9n\u00e9ration &#8211; wifi et bluetooth int\u00e9gr\u00e9s &#8211; et d&rsquo;un disque dur et 8 Go de RAM. Malgr\u00e9 ses dimensions de 11,5 x 11 x 5 cm, le PC Aqua est \u00e9quip\u00e9 d&rsquo;un puissant processeur Intel Core i3 de 10e g\u00e9n\u00e9ration aux performances graphiques exceptionnelles pour les logiciels de cartographie 3D et de navigation HD. C&rsquo;est le partenaire id\u00e9al pour des logiciels comme Maxsea TimeZero, m\u00eame avec la superposition 3D du radar.<\/p>\n<p>&nbsp;<\/p>\n<p>Le <a href=\"https:\/\/digitalyacht.fr\/produit\/s124\/\" target=\"_blank\" rel=\"noopener noreferrer\">S124<\/a> est un moniteur marin LCD HD de 23,5 pouces con\u00e7u pour un montage sous le pont ou sur le tableau de bord int\u00e9rieur.\u00a0 Il est dot\u00e9 d&rsquo;un \u00e9cran de 1920 x 1080 pixels avec un rapport de contraste de 2M:1 pour des couleurs vives et un affichage \u00e9clatant.<\/p>\n<p>&nbsp;<\/p>\n<p>L&rsquo;AIT2500 est un transpondeur AIS classe B+ 5W. Ce transpondeur ultra-compact classe B poss\u00e8de trois sorties : NMEA 0183, NMEA 2000 et USB. Pour une connexion USB permanente \u00e0 un PC, nous utilisons un de nos <a href=\"https:\/\/digitalyacht.fr\/produit\/adaptateur-nmea-usb\/\" target=\"_blank\" rel=\"noopener noreferrer\">c\u00e2bles adaptateurs NMEA 0183 vers USB<\/a>. Cela permet d&rsquo;obtenir un niveau suppl\u00e9mentaire d&rsquo;isolation \u00e9lectrique.<\/p>\n<p>&nbsp;<\/p>\n<p>Enfin, ce pack comprend le <a href=\"https:\/\/digitalyacht.fr\/produit\/wnd100\/\" target=\"_blank\" rel=\"noopener noreferrer\">WND100<\/a>. Cette girouette an\u00e9nom\u00e8tre est dot\u00e9e d&rsquo;une conception ultra robuste avec des plastiques r\u00e9sistants aux UV et au sel, des roulements Igildur\u2122 pour une dur\u00e9e de vie et une r\u00e9sistance \u00e0 la corrosion exceptionnelles. La transmission des donn\u00e9es se fait par un c\u00e2ble superfin de 20 m, ce qui permet une mise \u00e0 jour rapide des donn\u00e9es NMEA0183 ($WIMWV).<\/p>\n<p>&nbsp;<\/p>\n<p>&nbsp;<\/p>\n<h4><b>COMMENT L\u2019INSTALLER?<\/b><\/h4>\n<p>L&rsquo;AIT2500 poss\u00e8de un multiplexeur NMEA 0183 int\u00e9gr\u00e9, ce qui vous permet de connecter des capteurs tels que la girouette via l&rsquo;interface NMEA 0183 et de sortir les donn\u00e9es via l&rsquo;interface USB de l&rsquo;AIT2500. L&rsquo;AIT2500 dispose \u00e9galement d&rsquo;une sortie NMEA 0183 pour envoyer la position GPS \u00e0 une radio VHF ASN. Vous connectez l&rsquo;AIT2500 directement \u00e0 l&rsquo;Aqua Compact Pro via son adaptateur bidirectionnel NMEA0183 USB qui est fourni avec le produit.<\/p>\n<p>&nbsp;<\/p>\n<p>AIT2500 est \u00e9galement livr\u00e9 avec une antenne VHF (c\u00e2ble de 20 m) et une antenne GPS (c\u00e2ble de 10 m). Les donn\u00e9es GPS seront \u00e9galement transmises via les interfaces USB et NMEA. &lsquo;<a href=\"https:\/\/digitalyacht.fr\/produit\/ha156\/\" target=\"_blank\" rel=\"noopener noreferrer\">L&rsquo;antenne VHF<\/a> est une antenne h\u00e9liflex VHF de 15cm, elle est sp\u00e9cifiquement accord\u00e9e sur les fr\u00e9quences AIS (162MHz) pour une performance optimale.<\/p>\n<p>&nbsp;<\/p>\n<p>&nbsp;<\/p>\n<h4><b>SP\u00c9CIFICIT\u00c9S<\/b><\/h4>\n<ul>\n<li>Syst\u00e8me de navigation avec PC marinis\u00e9, \u00e9cran LCD, transpondeur AIS, girouette an\u00e9nom\u00e8tre et antennes VHF et GPS<\/li>\n<li>Aqua Compact Pro dispose d&rsquo;un processeur i3 7100U, de 8 Go de RAM et d&rsquo;un disque dur super rapide de 120 Go.<\/li>\n<li>Double sorties HDMI et USB C<\/li>\n<li>Bluetooth 4.2 et WiFi int\u00e9gr\u00e9s (plus port r\u00e9seau)<\/li>\n<li>4 x ports USB 3<\/li>\n<li>Prise audio sur le panneau avant pour les entr\u00e9es\/sorties audio<\/li>\n<li>Syst\u00e8me d&rsquo;exploitation Windows 11<\/li>\n<li>Fonctionnement direct en 12 V DC (entr\u00e9e 8-19 V), consommation \u00e9lectrique d&rsquo;environ 20 W<\/li>\n<li>S124 est un moniteur marin LCD HD<\/li>\n<li>L&rsquo;\u00e9cran mesure 56 x 35 x 6cm<\/li>\n<li>Haut-parleurs 2W int\u00e9gr\u00e9s<\/li>\n<li>AIT2500 est un transpondeur AIS classe B+ 5W<\/li>\n<li>Livr\u00e9 avec une antenne GPS (c\u00e2ble de 10m) et une petite antenne VHF (c\u00e2ble de 20m)<\/li>\n<li>Il dispose d&rsquo;une interface NMEA 0183, NMEA 2000 et USB<\/li>\n<li>Le WND100 est une girouette an\u00e9nom\u00e8tre marin ultra r\u00e9sistante<\/li>\n<li>C\u00e2ble super fin de 20 m<\/li>\n<li>Roulements Igildur\u2122 pour une dur\u00e9e de vie et une r\u00e9sistance \u00e0 la corrosion exceptionnelles<\/li>\n<\/ul>\n","protected":false},"excerpt":{"rendered":"<p>\u00ab\u00a0Ce syst\u00e8me de navigation PC comprend un PC Aqua Compact Pro, un \u00e9cran LCD 23.5\u2033, un transpondeur AIS classe B+ et une girouette an\u00e9nom\u00e8tre\u00a0\u00bb.<\/p>\n","protected":false},"featured_media":154,"template":"","meta":[],"product_cat":[91,92,29,52],"product_tag":[50,94,95],"yoast_head":"<!-- This site is optimized with the Yoast SEO plugin v22.7 - https:\/\/yoast.com\/wordpress\/plugins\/seo\/ -->\n<title>Syst\u00e8me de navigation pour PC marin avec GPS et AIS - Digital Deep Sea<\/title>\n<meta name=\"description\" content=\"Ce syst\u00e8me de navigation PC comprend : un PC Aqua Compact Pro, \u00e9cran LCD 23.5\u2033, un transpondeur AIS, une interface NMEA et girouette.\" \/>\n<meta name=\"robots\" content=\"index, follow, max-snippet:-1, max-image-preview:large, max-video-preview:-1\" \/>\n<link rel=\"canonical\" href=\"https:\/\/digitaldeepsea.com\/fr\/produit\/systeme-de-navigation-sur-pc-avec-transpondeur-ais-gps-et-girouette\/\" \/>\n<meta property=\"og:locale\" content=\"fr_FR\" \/>\n<meta property=\"og:type\" content=\"article\" \/>\n<meta property=\"og:title\" content=\"Syst\u00e8me de navigation pour PC marin avec GPS et AIS - Digital Deep Sea\" \/>\n<meta property=\"og:description\" content=\"Ce syst\u00e8me de navigation PC comprend : un PC Aqua Compact Pro, \u00e9cran LCD 23.5\u2033, un transpondeur AIS, une interface NMEA et girouette.\" \/>\n<meta property=\"og:url\" content=\"https:\/\/digitaldeepsea.com\/fr\/produit\/systeme-de-navigation-sur-pc-avec-transpondeur-ais-gps-et-girouette\/\" \/>\n<meta property=\"og:site_name\" content=\"Digital Deep Sea France\" \/>\n<meta property=\"article:modified_time\" content=\"2025-01-30T09:12:33+00:00\" \/>\n<meta property=\"og:image\" content=\"https:\/\/digitaldeepsea.com\/fr\/wp-content\/uploads\/sites\/2\/2024\/03\/PC-Nav-System-.jpg\" \/>\n\t<meta property=\"og:image:width\" content=\"2000\" \/>\n\t<meta property=\"og:image:height\" content=\"2000\" \/>\n\t<meta property=\"og:image:type\" content=\"image\/jpeg\" \/>\n<meta name=\"twitter:card\" content=\"summary_large_image\" \/>\n<meta name=\"twitter:label1\" content=\"Dur\u00e9e de lecture estim\u00e9e\" \/>\n\t<meta name=\"twitter:data1\" content=\"4 minutes\" \/>\n<script type=\"application\/ld+json\" class=\"yoast-schema-graph\">{\"@context\":\"https:\/\/schema.org\",\"@graph\":[{\"@type\":\"WebPage\",\"@id\":\"https:\/\/digitaldeepsea.com\/fr\/produit\/systeme-de-navigation-sur-pc-avec-transpondeur-ais-gps-et-girouette\/\",\"url\":\"https:\/\/digitaldeepsea.com\/fr\/produit\/systeme-de-navigation-sur-pc-avec-transpondeur-ais-gps-et-girouette\/\",\"name\":\"Syst\u00e8me de navigation pour PC marin avec GPS et AIS - Digital Deep Sea\",\"isPartOf\":{\"@id\":\"https:\/\/digitaldeepsea.com\/fr\/#website\"},\"primaryImageOfPage\":{\"@id\":\"https:\/\/digitaldeepsea.com\/fr\/produit\/systeme-de-navigation-sur-pc-avec-transpondeur-ais-gps-et-girouette\/#primaryimage\"},\"image\":{\"@id\":\"https:\/\/digitaldeepsea.com\/fr\/produit\/systeme-de-navigation-sur-pc-avec-transpondeur-ais-gps-et-girouette\/#primaryimage\"},\"thumbnailUrl\":\"https:\/\/digitaldeepsea.com\/fr\/wp-content\/uploads\/sites\/2\/2024\/03\/PC-Nav-System-.jpg\",\"datePublished\":\"2024-03-13T08:55:10+00:00\",\"dateModified\":\"2025-01-30T09:12:33+00:00\",\"description\":\"Ce syst\u00e8me de navigation PC comprend : un PC Aqua Compact Pro, \u00e9cran LCD 23.5\u2033, un transpondeur AIS, une interface NMEA et girouette.\",\"breadcrumb\":{\"@id\":\"https:\/\/digitaldeepsea.com\/fr\/produit\/systeme-de-navigation-sur-pc-avec-transpondeur-ais-gps-et-girouette\/#breadcrumb\"},\"inLanguage\":\"fr-FR\",\"potentialAction\":[{\"@type\":\"ReadAction\",\"target\":[\"https:\/\/digitaldeepsea.com\/fr\/produit\/systeme-de-navigation-sur-pc-avec-transpondeur-ais-gps-et-girouette\/\"]}]},{\"@type\":\"ImageObject\",\"inLanguage\":\"fr-FR\",\"@id\":\"https:\/\/digitaldeepsea.com\/fr\/produit\/systeme-de-navigation-sur-pc-avec-transpondeur-ais-gps-et-girouette\/#primaryimage\",\"url\":\"https:\/\/digitaldeepsea.com\/fr\/wp-content\/uploads\/sites\/2\/2024\/03\/PC-Nav-System-.jpg\",\"contentUrl\":\"https:\/\/digitaldeepsea.com\/fr\/wp-content\/uploads\/sites\/2\/2024\/03\/PC-Nav-System-.jpg\",\"width\":2000,\"height\":2000},{\"@type\":\"BreadcrumbList\",\"@id\":\"https:\/\/digitaldeepsea.com\/fr\/produit\/systeme-de-navigation-sur-pc-avec-transpondeur-ais-gps-et-girouette\/#breadcrumb\",\"itemListElement\":[{\"@type\":\"ListItem\",\"position\":1,\"name\":\"Home\",\"item\":\"https:\/\/digitaldeepsea.com\/fr\/\"},{\"@type\":\"ListItem\",\"position\":2,\"name\":\"Produits\",\"item\":\"https:\/\/digitaldeepsea.com\/fr\/produits\/\"},{\"@type\":\"ListItem\",\"position\":3,\"name\":\"Syst\u00e8me de navigation sur PC avec transpondeur AIS, GPS et Girouette\"}]},{\"@type\":\"WebSite\",\"@id\":\"https:\/\/digitaldeepsea.com\/fr\/#website\",\"url\":\"https:\/\/digitaldeepsea.com\/fr\/\",\"name\":\"Digital Deep Sea\",\"description\":\"\",\"publisher\":{\"@id\":\"https:\/\/digitaldeepsea.com\/fr\/#organization\"},\"potentialAction\":[{\"@type\":\"SearchAction\",\"target\":{\"@type\":\"EntryPoint\",\"urlTemplate\":\"https:\/\/digitaldeepsea.com\/fr\/?s={search_term_string}\"},\"query-input\":\"required name=search_term_string\"}],\"inLanguage\":\"fr-FR\"},{\"@type\":\"Organization\",\"@id\":\"https:\/\/digitaldeepsea.com\/fr\/#organization\",\"name\":\"Digital Deep Sea\",\"url\":\"https:\/\/digitaldeepsea.com\/fr\/\",\"logo\":{\"@type\":\"ImageObject\",\"inLanguage\":\"fr-FR\",\"@id\":\"https:\/\/digitaldeepsea.com\/fr\/#\/schema\/logo\/image\/\",\"url\":\"https:\/\/digitaldeepsea.com\/fr\/wp-content\/uploads\/sites\/2\/2024\/03\/logo_dy_outline_white.png\",\"contentUrl\":\"https:\/\/digitaldeepsea.com\/fr\/wp-content\/uploads\/sites\/2\/2024\/03\/logo_dy_outline_white.png\",\"width\":200,\"height\":114,\"caption\":\"Digital Deep Sea\"},\"image\":{\"@id\":\"https:\/\/digitaldeepsea.com\/fr\/#\/schema\/logo\/image\/\"}}]}<\/script>\n<!-- \/ Yoast SEO plugin. -->","yoast_head_json":{"title":"Syst\u00e8me de navigation pour PC marin avec GPS et AIS - Digital Deep Sea","description":"Ce syst\u00e8me de navigation PC comprend : un PC Aqua Compact Pro, \u00e9cran LCD 23.5\u2033, un transpondeur AIS, une interface NMEA et girouette.","robots":{"index":"index","follow":"follow","max-snippet":"max-snippet:-1","max-image-preview":"max-image-preview:large","max-video-preview":"max-video-preview:-1"},"canonical":"https:\/\/digitaldeepsea.com\/fr\/produit\/systeme-de-navigation-sur-pc-avec-transpondeur-ais-gps-et-girouette\/","og_locale":"fr_FR","og_type":"article","og_title":"Syst\u00e8me de navigation pour PC marin avec GPS et AIS - Digital Deep Sea","og_description":"Ce syst\u00e8me de navigation PC comprend : un PC Aqua Compact Pro, \u00e9cran LCD 23.5\u2033, un transpondeur AIS, une interface NMEA et girouette.","og_url":"https:\/\/digitaldeepsea.com\/fr\/produit\/systeme-de-navigation-sur-pc-avec-transpondeur-ais-gps-et-girouette\/","og_site_name":"Digital Deep Sea France","article_modified_time":"2025-01-30T09:12:33+00:00","og_image":[{"width":2000,"height":2000,"url":"https:\/\/digitaldeepsea.com\/fr\/wp-content\/uploads\/sites\/2\/2024\/03\/PC-Nav-System-.jpg","type":"image\/jpeg"}],"twitter_card":"summary_large_image","twitter_misc":{"Dur\u00e9e de lecture estim\u00e9e":"4 minutes"},"schema":{"@context":"https:\/\/schema.org","@graph":[{"@type":"WebPage","@id":"https:\/\/digitaldeepsea.com\/fr\/produit\/systeme-de-navigation-sur-pc-avec-transpondeur-ais-gps-et-girouette\/","url":"https:\/\/digitaldeepsea.com\/fr\/produit\/systeme-de-navigation-sur-pc-avec-transpondeur-ais-gps-et-girouette\/","name":"Syst\u00e8me de navigation pour PC marin avec GPS et AIS - Digital Deep Sea","isPartOf":{"@id":"https:\/\/digitaldeepsea.com\/fr\/#website"},"primaryImageOfPage":{"@id":"https:\/\/digitaldeepsea.com\/fr\/produit\/systeme-de-navigation-sur-pc-avec-transpondeur-ais-gps-et-girouette\/#primaryimage"},"image":{"@id":"https:\/\/digitaldeepsea.com\/fr\/produit\/systeme-de-navigation-sur-pc-avec-transpondeur-ais-gps-et-girouette\/#primaryimage"},"thumbnailUrl":"https:\/\/digitaldeepsea.com\/fr\/wp-content\/uploads\/sites\/2\/2024\/03\/PC-Nav-System-.jpg","datePublished":"2024-03-13T08:55:10+00:00","dateModified":"2025-01-30T09:12:33+00:00","description":"Ce syst\u00e8me de navigation PC comprend : un PC Aqua Compact Pro, \u00e9cran LCD 23.5\u2033, un transpondeur AIS, une interface NMEA et girouette.","breadcrumb":{"@id":"https:\/\/digitaldeepsea.com\/fr\/produit\/systeme-de-navigation-sur-pc-avec-transpondeur-ais-gps-et-girouette\/#breadcrumb"},"inLanguage":"fr-FR","potentialAction":[{"@type":"ReadAction","target":["https:\/\/digitaldeepsea.com\/fr\/produit\/systeme-de-navigation-sur-pc-avec-transpondeur-ais-gps-et-girouette\/"]}]},{"@type":"ImageObject","inLanguage":"fr-FR","@id":"https:\/\/digitaldeepsea.com\/fr\/produit\/systeme-de-navigation-sur-pc-avec-transpondeur-ais-gps-et-girouette\/#primaryimage","url":"https:\/\/digitaldeepsea.com\/fr\/wp-content\/uploads\/sites\/2\/2024\/03\/PC-Nav-System-.jpg","contentUrl":"https:\/\/digitaldeepsea.com\/fr\/wp-content\/uploads\/sites\/2\/2024\/03\/PC-Nav-System-.jpg","width":2000,"height":2000},{"@type":"BreadcrumbList","@id":"https:\/\/digitaldeepsea.com\/fr\/produit\/systeme-de-navigation-sur-pc-avec-transpondeur-ais-gps-et-girouette\/#breadcrumb","itemListElement":[{"@type":"ListItem","position":1,"name":"Home","item":"https:\/\/digitaldeepsea.com\/fr\/"},{"@type":"ListItem","position":2,"name":"Produits","item":"https:\/\/digitaldeepsea.com\/fr\/produits\/"},{"@type":"ListItem","position":3,"name":"Syst\u00e8me de navigation sur PC avec transpondeur AIS, GPS et Girouette"}]},{"@type":"WebSite","@id":"https:\/\/digitaldeepsea.com\/fr\/#website","url":"https:\/\/digitaldeepsea.com\/fr\/","name":"Digital Deep Sea","description":"","publisher":{"@id":"https:\/\/digitaldeepsea.com\/fr\/#organization"},"potentialAction":[{"@type":"SearchAction","target":{"@type":"EntryPoint","urlTemplate":"https:\/\/digitaldeepsea.com\/fr\/?s={search_term_string}"},"query-input":"required name=search_term_string"}],"inLanguage":"fr-FR"},{"@type":"Organization","@id":"https:\/\/digitaldeepsea.com\/fr\/#organization","name":"Digital Deep Sea","url":"https:\/\/digitaldeepsea.com\/fr\/","logo":{"@type":"ImageObject","inLanguage":"fr-FR","@id":"https:\/\/digitaldeepsea.com\/fr\/#\/schema\/logo\/image\/","url":"https:\/\/digitaldeepsea.com\/fr\/wp-content\/uploads\/sites\/2\/2024\/03\/logo_dy_outline_white.png","contentUrl":"https:\/\/digitaldeepsea.com\/fr\/wp-content\/uploads\/sites\/2\/2024\/03\/logo_dy_outline_white.png","width":200,"height":114,"caption":"Digital Deep Sea"},"image":{"@id":"https:\/\/digitaldeepsea.com\/fr\/#\/schema\/logo\/image\/"}}]}},"_links":{"self":[{"href":"https:\/\/digitaldeepsea.com\/fr\/wp-json\/wp\/v2\/product\/98"}],"collection":[{"href":"https:\/\/digitaldeepsea.com\/fr\/wp-json\/wp\/v2\/product"}],"about":[{"href":"https:\/\/digitaldeepsea.com\/fr\/wp-json\/wp\/v2\/types\/product"}],"wp:featuredmedia":[{"embeddable":true,"href":"https:\/\/digitaldeepsea.com\/fr\/wp-json\/wp\/v2\/media\/154"}],"wp:attachment":[{"href":"https:\/\/digitaldeepsea.com\/fr\/wp-json\/wp\/v2\/media?parent=98"}],"wp:term":[{"taxonomy":"product_cat","embeddable":true,"href":"https:\/\/digitaldeepsea.com\/fr\/wp-json\/wp\/v2\/product_cat?post=98"},{"taxonomy":"product_tag","embeddable":true,"href":"https:\/\/digitaldeepsea.com\/fr\/wp-json\/wp\/v2\/product_tag?post=98"}],"curies":[{"name":"wp","href":"https:\/\/api.w.org\/{rel}","templated":true}]}}