{"id":97,"date":"2024-03-13T08:55:10","date_gmt":"2024-03-13T08:55:10","guid":{"rendered":"https:\/\/digitaldeepsea.com\/fr\/?post_type=product&#038;p=97"},"modified":"2025-01-30T09:12:20","modified_gmt":"2025-01-30T09:12:20","slug":"systeme-de-navigation-sur-pc-avec-gps-et-interface-nmea-0183","status":"publish","type":"product","link":"https:\/\/digitaldeepsea.com\/fr\/produit\/systeme-de-navigation-sur-pc-avec-gps-et-interface-nmea-0183\/","title":{"rendered":"Syst\u00e8me de navigation sur PC avec GPS et interface NMEA 0183"},"content":{"rendered":"<h4><b>CE QUI EST INCLUS\u00a0<\/b><\/h4>\n<p>Ce syst\u00e8me de navigation PC avec GPS et interface NMEA comprend :<\/p>\n<ul>\n<li>Aqua Compact Pro PC<\/li>\n<li>Ecran LCD 23,5 pouces<\/li>\n<li>Antenne GPS160<\/li>\n<li>Adaptateur USB NMEA0183<\/li>\n<\/ul>\n<p>&nbsp;<\/p>\n<p>&nbsp;<\/p>\n<h4><b>CARACT\u00c9RISTIQUES PRINCIPALES\u00a0<\/b><\/h4>\n<p>Le dernier <a href=\"https:\/\/digitalyacht.fr\/produit\/aqua-compact-pro\/\" target=\"_blank\" rel=\"noopener noreferrer\">PC Aqua Compact Pro<\/a> permet une navigation PC abordable et fiable. Avec une faible consommation d&rsquo;\u00e9nergie, il est dot\u00e9 de la derni\u00e8re technologie Intel de 10e g\u00e9n\u00e9ration &#8211; WiFi et Bluetooth int\u00e9gr\u00e9s &#8211; et d&rsquo;un disque dur de 120 Go avec 8 Go de RAM. Malgr\u00e9 ses dimensions de 11,5 x 11 x 5 cm, le PC Aqua est \u00e9quip\u00e9 d&rsquo;un puissant processeur Intel Core i3 de 10e g\u00e9n\u00e9ration aux performances graphiques exceptionnelles pour les derniers logiciels de cartographie et de navigation 3D. C&rsquo;est le partenaire id\u00e9al pour des logiciels comme TimeZero, m\u00eame avec la superposition d&rsquo;un radar sur le logiciel.<\/p>\n<p>&nbsp;<\/p>\n<p>Le <a href=\"https:\/\/digitalyacht.fr\/produit\/s124\/\" target=\"_blank\" rel=\"noopener noreferrer\">S124<\/a> est un moniteur LCD HD de 23,5 pouces con\u00e7u pour \u00eatre install\u00e9 sous le pont.\u00a0 Il est dot\u00e9 d&rsquo;un \u00e9cran de 1920 x 1080 pixels avec un rapport de contraste de 2M:1 pour des couleurs vives et un affichage \u00e9clatant.<\/p>\n<p>&nbsp;<\/p>\n<p>L&rsquo;<a href=\"https:\/\/digitalyacht.fr\/produit\/adaptateur-nmea-usb\/\" target=\"_blank\" rel=\"noopener noreferrer\">adaptateur NMEA0183 USB<\/a> convertit les donn\u00e9es NMEA 0183, utilis\u00e9es par de nombreux syst\u00e8mes \u00e9lectroniques \u00e0 bord, en un format USB qui peut \u00eatre utilis\u00e9 par tous les logiciels de navigation populaires. L&rsquo;adaptateur est un dispositif bidirectionnel.<\/p>\n<p>&nbsp;<\/p>\n<p>&nbsp;<\/p>\n<h4><strong>SP\u00c9CIFICIT\u00c9S<\/strong><\/h4>\n<ul>\n<li>Syst\u00e8me de navigation PC avec PC marinis\u00e9, \u00e9cran LCD, antenne GPS et interface NMEA<\/li>\n<li>Aqua Compact Pro dispose d&rsquo;un processeur i3 7100U, de 8 Go de RAM et d&rsquo;un disque dur super rapide de 120 Go.<\/li>\n<li>Double sorties HDMI et USB C<\/li>\n<li>Bluetooth 4.2 et WiFi int\u00e9gr\u00e9s (plus port r\u00e9seau)<\/li>\n<li>4 x ports USB 3<\/li>\n<li>Prise audio mont\u00e9e sur le panneau avant pour les entr\u00e9es\/sorties audio<\/li>\n<li>Syst\u00e8me d&rsquo;exploitation Windows 11<\/li>\n<li>Fonctionnement direct en 12 V DC (8-19 V), consommation \u00e9lectrique d&rsquo;environ 20 W<\/li>\n<li>S124 est un moniteur marin LCD HD<\/li>\n<li>Il mesure 56 x 35 x 6cm<\/li>\n<li>Haut-parleurs 2W int\u00e9gr\u00e9s<\/li>\n<li>Le GPS160 est un capteur de positionnement 72 canaux GPS, Glonass et Galileo<\/li>\n<li>Il est \u00e9quip\u00e9 d&rsquo;un c\u00e2ble USB de 5M<\/li>\n<li>L&rsquo;adaptateur NMEA 0183 USB est bidirectionnel<\/li>\n<\/ul>\n","protected":false},"excerpt":{"rendered":"<p>\u00ab\u00a0Ce syst\u00e8me de navigation PC comprend un PC marinis\u00e9, un \u00e9cran LCD, une antenne GPS avec USB et un adaptateur NMEA 0183 USB.\u00a0\u00bb<\/p>\n","protected":false},"featured_media":148,"template":"","meta":[],"product_cat":[91,92,29,52],"product_tag":[28,93,94],"yoast_head":"<!-- This site is optimized with the Yoast SEO plugin v22.7 - https:\/\/yoast.com\/wordpress\/plugins\/seo\/ -->\n<title>Syst\u00e8me de navigation PC avec GPS &amp; interface NMEA - Digital Deep Sea<\/title>\n<meta name=\"description\" content=\"Ce syst\u00e8me de navigation PC comprend un PC marinis\u00e9, un \u00e9cran LCD, une antenne GPS avec USB et un adaptateur NMEA 0183 USB.\" \/>\n<meta name=\"robots\" content=\"index, follow, max-snippet:-1, max-image-preview:large, max-video-preview:-1\" \/>\n<link rel=\"canonical\" href=\"https:\/\/digitaldeepsea.com\/fr\/produit\/systeme-de-navigation-sur-pc-avec-gps-et-interface-nmea-0183\/\" \/>\n<meta property=\"og:locale\" content=\"fr_FR\" \/>\n<meta property=\"og:type\" content=\"article\" \/>\n<meta property=\"og:title\" content=\"Syst\u00e8me de navigation PC avec GPS &amp; interface NMEA - Digital Deep Sea\" \/>\n<meta property=\"og:description\" content=\"Ce syst\u00e8me de navigation PC comprend un PC marinis\u00e9, un \u00e9cran LCD, une antenne GPS avec USB et un adaptateur NMEA 0183 USB.\" \/>\n<meta property=\"og:url\" content=\"https:\/\/digitaldeepsea.com\/fr\/produit\/systeme-de-navigation-sur-pc-avec-gps-et-interface-nmea-0183\/\" \/>\n<meta property=\"og:site_name\" content=\"Digital Deep Sea France\" \/>\n<meta property=\"article:modified_time\" content=\"2025-01-30T09:12:20+00:00\" \/>\n<meta property=\"og:image\" content=\"https:\/\/digitaldeepsea.com\/fr\/wp-content\/uploads\/sites\/2\/2024\/03\/PC-Nav-system.jpg\" \/>\n\t<meta property=\"og:image:width\" content=\"2000\" \/>\n\t<meta property=\"og:image:height\" content=\"2000\" \/>\n\t<meta property=\"og:image:type\" content=\"image\/jpeg\" \/>\n<meta name=\"twitter:card\" content=\"summary_large_image\" \/>\n<meta name=\"twitter:label1\" content=\"Dur\u00e9e de lecture estim\u00e9e\" \/>\n\t<meta name=\"twitter:data1\" content=\"2 minutes\" \/>\n<script type=\"application\/ld+json\" class=\"yoast-schema-graph\">{\"@context\":\"https:\/\/schema.org\",\"@graph\":[{\"@type\":\"WebPage\",\"@id\":\"https:\/\/digitaldeepsea.com\/fr\/produit\/systeme-de-navigation-sur-pc-avec-gps-et-interface-nmea-0183\/\",\"url\":\"https:\/\/digitaldeepsea.com\/fr\/produit\/systeme-de-navigation-sur-pc-avec-gps-et-interface-nmea-0183\/\",\"name\":\"Syst\u00e8me de navigation PC avec GPS & interface NMEA - Digital Deep Sea\",\"isPartOf\":{\"@id\":\"https:\/\/digitaldeepsea.com\/fr\/#website\"},\"primaryImageOfPage\":{\"@id\":\"https:\/\/digitaldeepsea.com\/fr\/produit\/systeme-de-navigation-sur-pc-avec-gps-et-interface-nmea-0183\/#primaryimage\"},\"image\":{\"@id\":\"https:\/\/digitaldeepsea.com\/fr\/produit\/systeme-de-navigation-sur-pc-avec-gps-et-interface-nmea-0183\/#primaryimage\"},\"thumbnailUrl\":\"https:\/\/digitaldeepsea.com\/fr\/wp-content\/uploads\/sites\/2\/2024\/03\/PC-Nav-system.jpg\",\"datePublished\":\"2024-03-13T08:55:10+00:00\",\"dateModified\":\"2025-01-30T09:12:20+00:00\",\"description\":\"Ce syst\u00e8me de navigation PC comprend un PC marinis\u00e9, un \u00e9cran LCD, une antenne GPS avec USB et un adaptateur NMEA 0183 USB.\",\"breadcrumb\":{\"@id\":\"https:\/\/digitaldeepsea.com\/fr\/produit\/systeme-de-navigation-sur-pc-avec-gps-et-interface-nmea-0183\/#breadcrumb\"},\"inLanguage\":\"fr-FR\",\"potentialAction\":[{\"@type\":\"ReadAction\",\"target\":[\"https:\/\/digitaldeepsea.com\/fr\/produit\/systeme-de-navigation-sur-pc-avec-gps-et-interface-nmea-0183\/\"]}]},{\"@type\":\"ImageObject\",\"inLanguage\":\"fr-FR\",\"@id\":\"https:\/\/digitaldeepsea.com\/fr\/produit\/systeme-de-navigation-sur-pc-avec-gps-et-interface-nmea-0183\/#primaryimage\",\"url\":\"https:\/\/digitaldeepsea.com\/fr\/wp-content\/uploads\/sites\/2\/2024\/03\/PC-Nav-system.jpg\",\"contentUrl\":\"https:\/\/digitaldeepsea.com\/fr\/wp-content\/uploads\/sites\/2\/2024\/03\/PC-Nav-system.jpg\",\"width\":2000,\"height\":2000},{\"@type\":\"BreadcrumbList\",\"@id\":\"https:\/\/digitaldeepsea.com\/fr\/produit\/systeme-de-navigation-sur-pc-avec-gps-et-interface-nmea-0183\/#breadcrumb\",\"itemListElement\":[{\"@type\":\"ListItem\",\"position\":1,\"name\":\"Home\",\"item\":\"https:\/\/digitaldeepsea.com\/fr\/\"},{\"@type\":\"ListItem\",\"position\":2,\"name\":\"Produits\",\"item\":\"https:\/\/digitaldeepsea.com\/fr\/produits\/\"},{\"@type\":\"ListItem\",\"position\":3,\"name\":\"Syst\u00e8me de navigation sur PC avec GPS et interface NMEA 0183\"}]},{\"@type\":\"WebSite\",\"@id\":\"https:\/\/digitaldeepsea.com\/fr\/#website\",\"url\":\"https:\/\/digitaldeepsea.com\/fr\/\",\"name\":\"Digital Deep Sea\",\"description\":\"\",\"publisher\":{\"@id\":\"https:\/\/digitaldeepsea.com\/fr\/#organization\"},\"potentialAction\":[{\"@type\":\"SearchAction\",\"target\":{\"@type\":\"EntryPoint\",\"urlTemplate\":\"https:\/\/digitaldeepsea.com\/fr\/?s={search_term_string}\"},\"query-input\":\"required name=search_term_string\"}],\"inLanguage\":\"fr-FR\"},{\"@type\":\"Organization\",\"@id\":\"https:\/\/digitaldeepsea.com\/fr\/#organization\",\"name\":\"Digital Deep Sea\",\"url\":\"https:\/\/digitaldeepsea.com\/fr\/\",\"logo\":{\"@type\":\"ImageObject\",\"inLanguage\":\"fr-FR\",\"@id\":\"https:\/\/digitaldeepsea.com\/fr\/#\/schema\/logo\/image\/\",\"url\":\"https:\/\/digitaldeepsea.com\/fr\/wp-content\/uploads\/sites\/2\/2024\/03\/logo_dy_outline_white.png\",\"contentUrl\":\"https:\/\/digitaldeepsea.com\/fr\/wp-content\/uploads\/sites\/2\/2024\/03\/logo_dy_outline_white.png\",\"width\":200,\"height\":114,\"caption\":\"Digital Deep Sea\"},\"image\":{\"@id\":\"https:\/\/digitaldeepsea.com\/fr\/#\/schema\/logo\/image\/\"}}]}<\/script>\n<!-- \/ Yoast SEO plugin. -->","yoast_head_json":{"title":"Syst\u00e8me de navigation PC avec GPS & interface NMEA - Digital Deep Sea","description":"Ce syst\u00e8me de navigation PC comprend un PC marinis\u00e9, un \u00e9cran LCD, une antenne GPS avec USB et un adaptateur NMEA 0183 USB.","robots":{"index":"index","follow":"follow","max-snippet":"max-snippet:-1","max-image-preview":"max-image-preview:large","max-video-preview":"max-video-preview:-1"},"canonical":"https:\/\/digitaldeepsea.com\/fr\/produit\/systeme-de-navigation-sur-pc-avec-gps-et-interface-nmea-0183\/","og_locale":"fr_FR","og_type":"article","og_title":"Syst\u00e8me de navigation PC avec GPS & interface NMEA - Digital Deep Sea","og_description":"Ce syst\u00e8me de navigation PC comprend un PC marinis\u00e9, un \u00e9cran LCD, une antenne GPS avec USB et un adaptateur NMEA 0183 USB.","og_url":"https:\/\/digitaldeepsea.com\/fr\/produit\/systeme-de-navigation-sur-pc-avec-gps-et-interface-nmea-0183\/","og_site_name":"Digital Deep Sea France","article_modified_time":"2025-01-30T09:12:20+00:00","og_image":[{"width":2000,"height":2000,"url":"https:\/\/digitaldeepsea.com\/fr\/wp-content\/uploads\/sites\/2\/2024\/03\/PC-Nav-system.jpg","type":"image\/jpeg"}],"twitter_card":"summary_large_image","twitter_misc":{"Dur\u00e9e de lecture estim\u00e9e":"2 minutes"},"schema":{"@context":"https:\/\/schema.org","@graph":[{"@type":"WebPage","@id":"https:\/\/digitaldeepsea.com\/fr\/produit\/systeme-de-navigation-sur-pc-avec-gps-et-interface-nmea-0183\/","url":"https:\/\/digitaldeepsea.com\/fr\/produit\/systeme-de-navigation-sur-pc-avec-gps-et-interface-nmea-0183\/","name":"Syst\u00e8me de navigation PC avec GPS & interface NMEA - Digital Deep Sea","isPartOf":{"@id":"https:\/\/digitaldeepsea.com\/fr\/#website"},"primaryImageOfPage":{"@id":"https:\/\/digitaldeepsea.com\/fr\/produit\/systeme-de-navigation-sur-pc-avec-gps-et-interface-nmea-0183\/#primaryimage"},"image":{"@id":"https:\/\/digitaldeepsea.com\/fr\/produit\/systeme-de-navigation-sur-pc-avec-gps-et-interface-nmea-0183\/#primaryimage"},"thumbnailUrl":"https:\/\/digitaldeepsea.com\/fr\/wp-content\/uploads\/sites\/2\/2024\/03\/PC-Nav-system.jpg","datePublished":"2024-03-13T08:55:10+00:00","dateModified":"2025-01-30T09:12:20+00:00","description":"Ce syst\u00e8me de navigation PC comprend un PC marinis\u00e9, un \u00e9cran LCD, une antenne GPS avec USB et un adaptateur NMEA 0183 USB.","breadcrumb":{"@id":"https:\/\/digitaldeepsea.com\/fr\/produit\/systeme-de-navigation-sur-pc-avec-gps-et-interface-nmea-0183\/#breadcrumb"},"inLanguage":"fr-FR","potentialAction":[{"@type":"ReadAction","target":["https:\/\/digitaldeepsea.com\/fr\/produit\/systeme-de-navigation-sur-pc-avec-gps-et-interface-nmea-0183\/"]}]},{"@type":"ImageObject","inLanguage":"fr-FR","@id":"https:\/\/digitaldeepsea.com\/fr\/produit\/systeme-de-navigation-sur-pc-avec-gps-et-interface-nmea-0183\/#primaryimage","url":"https:\/\/digitaldeepsea.com\/fr\/wp-content\/uploads\/sites\/2\/2024\/03\/PC-Nav-system.jpg","contentUrl":"https:\/\/digitaldeepsea.com\/fr\/wp-content\/uploads\/sites\/2\/2024\/03\/PC-Nav-system.jpg","width":2000,"height":2000},{"@type":"BreadcrumbList","@id":"https:\/\/digitaldeepsea.com\/fr\/produit\/systeme-de-navigation-sur-pc-avec-gps-et-interface-nmea-0183\/#breadcrumb","itemListElement":[{"@type":"ListItem","position":1,"name":"Home","item":"https:\/\/digitaldeepsea.com\/fr\/"},{"@type":"ListItem","position":2,"name":"Produits","item":"https:\/\/digitaldeepsea.com\/fr\/produits\/"},{"@type":"ListItem","position":3,"name":"Syst\u00e8me de navigation sur PC avec GPS et interface NMEA 0183"}]},{"@type":"WebSite","@id":"https:\/\/digitaldeepsea.com\/fr\/#website","url":"https:\/\/digitaldeepsea.com\/fr\/","name":"Digital Deep Sea","description":"","publisher":{"@id":"https:\/\/digitaldeepsea.com\/fr\/#organization"},"potentialAction":[{"@type":"SearchAction","target":{"@type":"EntryPoint","urlTemplate":"https:\/\/digitaldeepsea.com\/fr\/?s={search_term_string}"},"query-input":"required name=search_term_string"}],"inLanguage":"fr-FR"},{"@type":"Organization","@id":"https:\/\/digitaldeepsea.com\/fr\/#organization","name":"Digital Deep Sea","url":"https:\/\/digitaldeepsea.com\/fr\/","logo":{"@type":"ImageObject","inLanguage":"fr-FR","@id":"https:\/\/digitaldeepsea.com\/fr\/#\/schema\/logo\/image\/","url":"https:\/\/digitaldeepsea.com\/fr\/wp-content\/uploads\/sites\/2\/2024\/03\/logo_dy_outline_white.png","contentUrl":"https:\/\/digitaldeepsea.com\/fr\/wp-content\/uploads\/sites\/2\/2024\/03\/logo_dy_outline_white.png","width":200,"height":114,"caption":"Digital Deep Sea"},"image":{"@id":"https:\/\/digitaldeepsea.com\/fr\/#\/schema\/logo\/image\/"}}]}},"_links":{"self":[{"href":"https:\/\/digitaldeepsea.com\/fr\/wp-json\/wp\/v2\/product\/97"}],"collection":[{"href":"https:\/\/digitaldeepsea.com\/fr\/wp-json\/wp\/v2\/product"}],"about":[{"href":"https:\/\/digitaldeepsea.com\/fr\/wp-json\/wp\/v2\/types\/product"}],"wp:featuredmedia":[{"embeddable":true,"href":"https:\/\/digitaldeepsea.com\/fr\/wp-json\/wp\/v2\/media\/148"}],"wp:attachment":[{"href":"https:\/\/digitaldeepsea.com\/fr\/wp-json\/wp\/v2\/media?parent=97"}],"wp:term":[{"taxonomy":"product_cat","embeddable":true,"href":"https:\/\/digitaldeepsea.com\/fr\/wp-json\/wp\/v2\/product_cat?post=97"},{"taxonomy":"product_tag","embeddable":true,"href":"https:\/\/digitaldeepsea.com\/fr\/wp-json\/wp\/v2\/product_tag?post=97"}],"curies":[{"name":"wp","href":"https:\/\/api.w.org\/{rel}","templated":true}]}}