{"id":93,"date":"2024-03-13T08:55:10","date_gmt":"2024-03-13T08:55:10","guid":{"rendered":"https:\/\/digitaldeepsea.com\/fr\/?post_type=product&#038;p=93"},"modified":"2025-01-17T07:51:55","modified_gmt":"2025-01-17T07:51:55","slug":"routeur-4g-nmea-2000-surveillance-a-distance-et-wifi-longue-portee","status":"publish","type":"product","link":"https:\/\/digitaldeepsea.com\/fr\/produit\/routeur-4g-nmea-2000-surveillance-a-distance-et-wifi-longue-portee\/","title":{"rendered":"Routeur 4G, NMEA 2000, Surveillance \u00e0 distance et WiFi Longue port\u00e9e"},"content":{"rendered":"<h4><strong>CONTENU<\/strong><\/h4>\n<p>Ce pack combine une solution d\u2019acc\u00e8s \u00e0 Internet via un routeur 4G, une antenne d\u2019extension Wi-Fi, une interface NMEA 2000, des alarmes de navigation et une solution de surveillance \u00e0 distance du bateau.<\/p>\n<ul>\n<li>4G Xtream \u2013 Router 4G avec routeur WiFi int\u00e9gr\u00e9 et 2 antennes externes<\/li>\n<li>NavAlert<\/li>\n<li>Kit de c\u00e2blage NMEA 2000<\/li>\n<li>WiFi longue port\u00e9e<\/li>\n<\/ul>\n<p>&nbsp;<\/p>\n<h4><strong>CARACT\u00c9RISTIQUES PRINCIPALES\u00a0<\/strong><\/h4>\n<p>Avec cette solution, vous obtiendrez un acc\u00e8s internet rapide jusqu\u2019\u00e0 20 NM et recevrez toutes vos donn\u00e9es de navigation sous le m\u00eame r\u00e9seau WiFi. Gr\u00e2ce \u00e0 la connectivit\u00e9 Internet, vous pouvez t\u00e9l\u00e9charger les derni\u00e8res mises \u00e0 jour des cartes ou des pr\u00e9visions m\u00e9t\u00e9orologiques et disposer d\u2019un bureau mobile \u00e0 bord. De plus, vous recevrez toutes vos donn\u00e9es de navigation dans le m\u00eame r\u00e9seau WiFi pour les afficher et les utiliser en temps r\u00e9el sur des applications et des logiciels de navigation.<\/p>\n<p>&nbsp;<\/p>\n<p>Le\u00a0<a href=\"https:\/\/digitaldeepsea.com\/fr\/produit\/4g-xtream\/\" target=\"_blank\" rel=\"noopener noreferrer\">4G Xtream<\/a>\u00a0est notre nouvelle solution pour obtenir un acc\u00e8s internet \u00e0 bord avec une interface NMEA 2000. Avec un modem CAT 6, il offre une connectivit\u00e9 rapide jusqu\u2019\u00e0\u00a0<strong>300 Mb\/s<\/strong>\u00a0(en fonction du r\u00e9seau). Il dispose d\u2019un routeur Wi-Fi int\u00e9gr\u00e9 \u00e0 double bande (2.4 &amp; 5 Ghz), de\u00a0<strong>deux lecteurs de cartes SIM<\/strong>, d\u2019un GPS int\u00e9gr\u00e9 ainsi que d\u2019une interface NMEA 2000.<\/p>\n<p>&nbsp;<\/p>\n<p>Il est livr\u00e9 avec un pack complet comprenant deux antennes externes, des supports d\u2019antennes et les c\u00e2bles. Gr\u00e2ce aux deux antennes externes, vous pouvez capter internet jusqu\u2019\u00e0 25 NM.<\/p>\n<p>&nbsp;<\/p>\n<p>4G Xtream dispose \u00e9galement d\u2019une interface NMEA 2000 afin que les donn\u00e9es de navigation NMEA 2000 puissent \u00eatre mises \u00e0 disposition des applications sur smartphones, tablettes, iPads et PC. Cela permet d\u2019envoyer toutes les donn\u00e9es NMEA 2000 ainsi que les donn\u00e9es Internet \u00e0 des applications iOS et Android populaires et \u00e0 des logiciels de navigation tels que Navionics, iSailor, Weather4D, SailGrib, iNavX, TimeZero, OpenCPN et plus encore.<\/p>\n<p>&nbsp;<\/p>\n<p>La configuration est tr\u00e8s simple. Il suffit d\u2019ins\u00e9rer les cartes SIM. 4GXtream dispose de deux emplacements SIM standard et il est possible d\u2019installer deux cartes SIM de deux op\u00e9rateurs de r\u00e9seau diff\u00e9rents. Par d\u00e9faut, 4GXtream interroge la carte SIM install\u00e9e et s\u00e9lectionne automatiquement les param\u00e8tres APN dans sa base de donn\u00e9es interne.<\/p>\n<p>&nbsp;<\/p>\n<p>Cette solution int\u00e8gre \u00e9galement un kit de booster WiFi. Ce kit est compos\u00e9 d\u2019une antenne 15dBi \u00e0 haut gain, d\u2019un socle de montage, d\u2019un c\u00e2ble LMR400 de 10 m \u00e0 faible perte et d\u2019un kit de connexion. Il s\u2019agit d\u2019un\u00a0<strong>booster Wifi<\/strong>\u00a0permettant \u00e0 l\u2019un des deux modules wifi du\u00a04G Xtream\u00a0de se connecter au r\u00e9seau Wifi d\u2019un port de plaisance afin d\u2019utiliser sa connexion Internet plut\u00f4t que le r\u00e9seau mobile 4G. Ceci est donc particuli\u00e8rement utile dans les zones recul\u00e9es, o\u00f9 la couverture 4G peut ne pas \u00eatre bonne, ou si vous avez forfait internet limit\u00e9 ou trop co\u00fbteux.<\/p>\n<p>&nbsp;<\/p>\n<p>L\u2019antenne \u00e0 haut gain a \u00e9t\u00e9 con\u00e7ue pour fonctionner sur toute la gamme de fr\u00e9quences sans fil 2,4 et 5 GHz, afin que vous puissiez profiter des derniers r\u00e9seaux sans fil 5 GHz dans les marinas, qui remplacent progressivement les r\u00e9seaux 2,4 GHz plus anciens et plus encombr\u00e9s. Le c\u00e2ble d\u2019antenne peut \u00eatre connect\u00e9 \u00e0 l\u2019une ou l\u2019autre des connexions Wi-Fi \u00e0 l\u2019arri\u00e8re du 4G Xtream, rempla\u00e7ant ainsi l\u2019antenne interne standard. Les 10 m\u00e8tres de c\u00e2ble \u00e0 faible perte vous permettent de monter l\u2019antenne externe \u00e0 un endroit appropri\u00e9 sur le pont gr\u00e2ce au support fourni.<\/p>\n<p>&nbsp;<\/p>\n<p><a href=\"https:\/\/digitalyacht.fr\/produit\/navalert\/\" target=\"_blank\" rel=\"noopener noreferrer\">NavAlert<\/a>\u00a0est le syst\u00e8me de surveillance et d\u2019alarmes NMEA 2000 de Digital Yacht, NavAlert permet de d\u00e9finir une alarme pour tout param\u00e8tre disponible sur le r\u00e9seau NMEA 2000 du bateau. Il peut s\u2019agir de donn\u00e9es de navigation telles que la profondeur, le cap ou la vitesse, de donn\u00e9es \u00e9lectriques telles que la tension et de donn\u00e9es relatives au moteur\/g\u00e9n\u00e9rateur, notamment la temp\u00e9rature, la pression, le niveau des r\u00e9servoirs, le d\u00e9bit de carburant, etc.<\/p>\n<p>&nbsp;<\/p>\n<p>Il se connecte partout sur le r\u00e9seau NMEA 2000 et s\u2019alimente \u00e9galement \u00e0 partir du r\u00e9seau NMEA 2000, l\u2019installation est donc tr\u00e8s simple. Un r\u00e9seau local WiFi est cr\u00e9\u00e9 par NavAlert, de sorte que la configuration et le param\u00e9trage soient possible via n\u2019importe quel smartphone, tablette ou PC. Il suffit de choisir le param\u00e8tre que vous souhaitez surveiller et de d\u00e9finir un niveau d\u2019alarme. Il est possible de surveiller plusieurs param\u00e8tres. NAVAlert peut \u00eatre configur\u00e9 de mani\u00e8re \u00e0 ce que toute alerte soit affich\u00e9e sous forme d\u2019alarme contextuelle sur un MFD Garmin.<\/p>\n<p>&nbsp;<\/p>\n<p>Int\u00e9gr\u00e9e \u00e0 NavAlert, une alarme de mouillage qui utilise un algorithme pour calculer le rayon de d\u00e9rive optimale en fonction de la profondeur et de l\u2019\u00e9tendue de la cha\u00eene. Il y a \u00e9galement une alarme anti-collision bas\u00e9e sur les donn\u00e9es CPA (point d\u2019approche le plus proche) et TCPA (temps jusqu\u2019au point d\u2019approche le plus proche) d\u2019un AIS connect\u00e9. Ces alarmes de mouillage et d\u2019anti-collision\u00a0peuvent \u00e9galement \u00eatre surveill\u00e9es via l\u2019interface du NavAlert avec des affichages graphiques attrayants.<\/p>\n<p>&nbsp;<\/p>\n<p>Les alarmes peuvent \u00e9galement g\u00e9n\u00e9rer un message SMS qui peut \u00eatre relay\u00e9 par la solution internet\u00a0<a href=\"https:\/\/digitalyacht.fr\/produit\/4g-xtream\/\" target=\"_blank\" rel=\"noopener noreferrer\">4GXtream<\/a>\u00a0de Digital Yacht, ce qui permet une surveillance \u00e0 distance \u2013 id\u00e9al pour s\u2019assurer du mouillage du bateau lors d\u2019un d\u00e9jeuner \u00e0 terre. Les alarmes sont ind\u00e9pendantes des alarmes r\u00e9gl\u00e9es sur un traceur, ce qui permet \u00e0 NavAlert de fonctionner m\u00eame si l\u2019\u00e9cran multifonction principal n\u2019est pas sous tension.<\/p>\n<p>&nbsp;<\/p>\n<p>Vous pouvez ainsi surveiller votre bateau \u00e0 distance lorsqu\u2019il est \u00e0 l\u2019ancre, d\u00e9clenchez une alerte en cas de vent fort, etc. Le syst\u00e8me est tr\u00e8s flexible et facile \u00e0 mettre en place, en plus d\u2019\u00eatre moins on\u00e9reux que les syst\u00e8mes de surveillance actuels.<\/p>\n<p>&nbsp;<\/p>\n<p>&nbsp;<\/p>\n<h4><strong>INSTALLATION<\/strong><\/h4>\n<p>Le 4G Xtream et le NavAlert sont dot\u00e9s d\u2019une interface NMEA 2000, rendant l\u2019installation tr\u00e8s facile gr\u00e2ce au\u00a0kit de d\u00e9marrage NMEA 2000\u00a0inclus dans le pack. NMEA 2000 utilise une simple structure en forme de colonne (ou parfois appel\u00e9e \u201cdorsale\u201d) avec des terminateurs \u00e0 chaque extr\u00e9mit\u00e9 du r\u00e9seau, et tous les appareils peuvent \u00eatre reli\u00e9s gr\u00e2ce \u00e0 des connecteurs standardis\u00e9s.<\/p>\n<p>&nbsp;<\/p>\n<p>De plus, les connecteurs \u00e9tanches garantissent une fiabilit\u00e9 maximale et facilitent l\u2019installation. Nous fournissons deux kits de c\u00e2blage NMEA 2000 avec ce pack, ce qui vous permet de connecter 8 appareils.<\/p>\n<p>&nbsp;<\/p>\n<p>Vous pouvez \u00e9galement ajouter des\u00a0instruments\u00a0suppl\u00e9mentaires (vent, profondeur, vitesse, temp\u00e9rature, etc.) au r\u00e9seau NMEA 2000 et recevoir ainsi toutes leurs donn\u00e9es sur les applications et logiciels de navigation.<\/p>\n<p>&nbsp;<\/p>\n<p>&nbsp;<\/p>\n<div class=\"vc_row wpb_row vc_row-fluid vc_custom_1669980653485 wd-rs-6389e1e49d288\">\n<div class=\"wpb_column vc_column_container vc_col-sm-12\">\n<div class=\"vc_column-inner\">\n<div class=\"wpb_wrapper\">\n<h4 class=\"vc_custom_heading vc_custom_1678271951445\"><strong>CONFIGURATION<\/strong><\/h4>\n<\/div>\n<\/div>\n<\/div>\n<\/div>\n<div class=\"vc_row wpb_row vc_row-fluid vc_custom_1678264015030 vc_row-o-content-middle vc_row-flex wd-rs-640846c820349\">\n<div class=\"wpb_column vc_column_container vc_col-sm-6 wd-rs-640846fa56fb6\">\n<div class=\"vc_column-inner vc_custom_1678264068083\">\n<div class=\"wpb_wrapper\">\n<div class=\"wpb_text_column wpb_content_element\">\n<div class=\"wpb_wrapper\">\n<p>Vous pouvez configurer le NavAlert par le biais de sa propre interface web int\u00e9gr\u00e9e, il suffit d\u2019ouvrir votre navigateur web, d\u2019entrer l\u2019adresse IP du NavAlert et vous pouvez changer le nom du r\u00e9seau et le mot de passe ou m\u00eame fusionner le Wi-Fi \u00e0 un r\u00e9seau Wi-Fi existant \u00e0 bord. Il n\u2019est donc pas n\u00e9cessaire de disposer d\u2019un logiciel de programmation compliqu\u00e9 ou d\u2019une application.<\/p>\n<p>&nbsp;<\/p>\n<p>Un certain nombre d\u2019alarmes populaires ont \u00e9t\u00e9 pr\u00e9d\u00e9finies, class\u00e9es par cat\u00e9gories, que vous pouvez s\u00e9lectionner et modifier ou vous pouvez cr\u00e9er votre propre alarme personnalis\u00e9e \u00e0 partir des donn\u00e9es disponibles sur votre r\u00e9seau NMEA 2000. Lorsque vous avez configur\u00e9 une alarme, vous pouvez s\u00e9lectionner l\u2019action que NAVAlert entreprendra lorsque l\u2019alarme se produira, comme la tonalit\u00e9 et la dur\u00e9e de l\u2019alarme interne qui sera \u00e9mise ou l\u2019envoi de l\u2019alarme \u00e0 un \u00e9cran multifonctions (MFD) compatible ou m\u00eame l\u2019envoi d\u2019un message SMS \u00e0 votre t\u00e9l\u00e9phone portable (si le NavAlert est connect\u00e9 au 4G Xtream).<\/p>\n<p>&nbsp;<\/p>\n<p>NAVAlert dispose \u00e9galement d\u2019une alarme de mouillage int\u00e9gr\u00e9e intelligente qui permet de surveiller les mouillages et aussi des alarmes de collision avec le point d\u2019approche le plus proche (CPA) et le temps jusqu\u2019au point d\u2019approche le plus proche (TCPA).<\/p>\n<p>&nbsp;<\/p>\n<\/div>\n<p>&nbsp;<\/p>\n<\/div>\n<\/div>\n<\/div>\n<\/div>\n<\/div>\n<h4><b>SP\u00c9CIFICIT\u00c9S\u00a0<\/b><\/h4>\n<ul>\n<li>Booster 4G avec interface NMEA 2000 &amp; antenne WiFi longue port\u00e9e.<\/li>\n<li>Solution pour obtenir un acc\u00e8s internet \u00e0 bord rapide et recevoir toutes les donn\u00e9es de navigation sur les apps &amp; logiciels mais aussi pour r\u00e9gler les alarmes de navigation.<\/li>\n<li>Surveillance \u00e0 distance avec NavAlert<\/li>\n<li>4G Xtream dispose d\u2019un modem CAT 6 pour une vitesse allant jusqu\u2019\u00e0 300MBs<\/li>\n<li>\n<div>Doubles lecteurs de cartes SIM avec basculement automatique ou s\u00e9lection manuelle<\/div>\n<\/li>\n<li>\n<div>Deux antennes externes \u00e0 large bande.<\/div>\n<\/li>\n<li>\n<div>Routeur Wi-Fi int\u00e9gr\u00e9 \u00e0 double bande (2.4 &amp; 5 GHz) \u2013 configurable ind\u00e9pendamment.<\/div>\n<\/li>\n<li>\n<div>Interface NMEA 2000 int\u00e9gr\u00e9e pour transmettre les donn\u00e9es de navigation NMEA 2000 vers les applications et logiciels<\/div>\n<\/li>\n<li>SIM d\u00e9bloqu\u00e9e pour tout fournisseur de r\u00e9seau<\/li>\n<li>Fourni avec 2 antennes externes haute performance de 48 cm pour une vitesse et une port\u00e9e optimales.<\/li>\n<li>Kit Booster WiFi pour se connecter \u00e0 un hotspot WiFi<\/li>\n<li>Antenne 15 dBi avec c\u00e2ble coaxial LMR400<\/li>\n<li>NavAlert est une solution d\u2019alarme et de surveillance NMEA 2000<\/li>\n<li>D\u00e9finissez une alarme sonore et visuelle configurable pour n\u2019importe quel param\u00e8tre du r\u00e9seau NMEA 2000, par exemple : faible profondeur, faible niveau de carburant, \u00e9cart de route, temp\u00e9rature du moteur, niveau des r\u00e9servoirs, faible tension, etc.<\/li>\n<li>Relayer l\u2019alerte via le r\u00e9seau NMEA 2000 vers un \u00e9cran multifonction Garmin pour afficher l\u2019alarme<\/li>\n<li>Alerte par SMS via le syst\u00e8me 4G Xtream de Digital Yacht vers un t\u00e9l\u00e9phone portable \u2013 id\u00e9al pour la surveillance \u00e0 distance du bateau.<\/li>\n<li>Alarme de mouillage int\u00e9gr\u00e9e<\/li>\n<li>Alarme anti-collision AIS int\u00e9gr\u00e9e<\/li>\n<li>Choisissez entre des c\u00e2bles de 7, 10 ou 20 m<\/li>\n<li>Fourni avec une base pour les antennes<\/li>\n<\/ul>\n","protected":false},"excerpt":{"rendered":"<p>\u201cCe pack comprend le 4G Xtream, le NavAlert, un kit de c\u00e2blage NMEA 2000 et une antenne d\u2019extension WiFi. Il s\u2019agit de la solution id\u00e9ale pour obtenir un acc\u00e8s rapide \u00e0 internet \u00e0 bord, mais aussi pour serveiller son bateau \u00e0 distance gr\u00e2ce au NAVAlert. Les donn\u00e9es NMEA 2000 connect\u00e9es aux t\u00e9l\u00e9phones et aux tablettes permettront une utilisation des applications de navigation et vous pourrez configurer des alertes de surveillance pouvant \u00eatres transmises par SMS en temps r\u00e9el\u201d.<\/p>\n","protected":false},"featured_media":144,"template":"","meta":[],"product_cat":[17,52],"product_tag":[85,49,86,87,88,89,90],"yoast_head":"<!-- This site is optimized with the Yoast SEO plugin v22.7 - https:\/\/yoast.com\/wordpress\/plugins\/seo\/ -->\n<title>Routeur 4G, NMEA 2000, Surveillance \u00e0 distance &amp; WiFi - Digital Deep Sea<\/title>\n<meta name=\"description\" content=\"Solution id\u00e9ale pour obtenir un acc\u00e8s rapide internet \u00e0 bord via 4G et WiFi hotspot ainsi que NMEA 2000 &amp; pour surveiller le bateau via NavALert.\" \/>\n<meta name=\"robots\" content=\"index, follow, max-snippet:-1, max-image-preview:large, max-video-preview:-1\" \/>\n<link rel=\"canonical\" href=\"https:\/\/digitaldeepsea.com\/fr\/produit\/routeur-4g-nmea-2000-surveillance-a-distance-et-wifi-longue-portee\/\" \/>\n<meta property=\"og:locale\" content=\"fr_FR\" \/>\n<meta property=\"og:type\" content=\"article\" \/>\n<meta property=\"og:title\" content=\"Routeur 4G, NMEA 2000, Surveillance \u00e0 distance &amp; WiFi - Digital Deep Sea\" \/>\n<meta property=\"og:description\" content=\"Solution id\u00e9ale pour obtenir un acc\u00e8s rapide internet \u00e0 bord via 4G et WiFi hotspot ainsi que NMEA 2000 &amp; pour surveiller le bateau via NavALert.\" \/>\n<meta property=\"og:url\" content=\"https:\/\/digitaldeepsea.com\/fr\/produit\/routeur-4g-nmea-2000-surveillance-a-distance-et-wifi-longue-portee\/\" \/>\n<meta property=\"og:site_name\" content=\"Digital Deep Sea France\" \/>\n<meta property=\"article:modified_time\" content=\"2025-01-17T07:51:55+00:00\" \/>\n<meta property=\"og:image\" content=\"https:\/\/digitaldeepsea.com\/fr\/wp-content\/uploads\/sites\/2\/2024\/03\/Solution-4G-BOOSTER-wifi-V2.jpg\" \/>\n\t<meta property=\"og:image:width\" content=\"1024\" \/>\n\t<meta property=\"og:image:height\" content=\"1024\" \/>\n\t<meta property=\"og:image:type\" content=\"image\/jpeg\" \/>\n<meta name=\"twitter:card\" content=\"summary_large_image\" \/>\n<meta name=\"twitter:label1\" content=\"Dur\u00e9e de lecture estim\u00e9e\" \/>\n\t<meta name=\"twitter:data1\" content=\"8 minutes\" \/>\n<script type=\"application\/ld+json\" class=\"yoast-schema-graph\">{\"@context\":\"https:\/\/schema.org\",\"@graph\":[{\"@type\":\"WebPage\",\"@id\":\"https:\/\/digitaldeepsea.com\/fr\/produit\/routeur-4g-nmea-2000-surveillance-a-distance-et-wifi-longue-portee\/\",\"url\":\"https:\/\/digitaldeepsea.com\/fr\/produit\/routeur-4g-nmea-2000-surveillance-a-distance-et-wifi-longue-portee\/\",\"name\":\"Routeur 4G, NMEA 2000, Surveillance \u00e0 distance &amp; WiFi - Digital Deep Sea\",\"isPartOf\":{\"@id\":\"https:\/\/digitaldeepsea.com\/fr\/#website\"},\"primaryImageOfPage\":{\"@id\":\"https:\/\/digitaldeepsea.com\/fr\/produit\/routeur-4g-nmea-2000-surveillance-a-distance-et-wifi-longue-portee\/#primaryimage\"},\"image\":{\"@id\":\"https:\/\/digitaldeepsea.com\/fr\/produit\/routeur-4g-nmea-2000-surveillance-a-distance-et-wifi-longue-portee\/#primaryimage\"},\"thumbnailUrl\":\"https:\/\/digitaldeepsea.com\/fr\/wp-content\/uploads\/sites\/2\/2024\/03\/Solution-4G-BOOSTER-wifi-V2.jpg\",\"datePublished\":\"2024-03-13T08:55:10+00:00\",\"dateModified\":\"2025-01-17T07:51:55+00:00\",\"description\":\"Solution id\u00e9ale pour obtenir un acc\u00e8s rapide internet \u00e0 bord via 4G et WiFi hotspot ainsi que NMEA 2000 &amp; pour surveiller le bateau via NavALert.\",\"breadcrumb\":{\"@id\":\"https:\/\/digitaldeepsea.com\/fr\/produit\/routeur-4g-nmea-2000-surveillance-a-distance-et-wifi-longue-portee\/#breadcrumb\"},\"inLanguage\":\"fr-FR\",\"potentialAction\":[{\"@type\":\"ReadAction\",\"target\":[\"https:\/\/digitaldeepsea.com\/fr\/produit\/routeur-4g-nmea-2000-surveillance-a-distance-et-wifi-longue-portee\/\"]}]},{\"@type\":\"ImageObject\",\"inLanguage\":\"fr-FR\",\"@id\":\"https:\/\/digitaldeepsea.com\/fr\/produit\/routeur-4g-nmea-2000-surveillance-a-distance-et-wifi-longue-portee\/#primaryimage\",\"url\":\"https:\/\/digitaldeepsea.com\/fr\/wp-content\/uploads\/sites\/2\/2024\/03\/Solution-4G-BOOSTER-wifi-V2.jpg\",\"contentUrl\":\"https:\/\/digitaldeepsea.com\/fr\/wp-content\/uploads\/sites\/2\/2024\/03\/Solution-4G-BOOSTER-wifi-V2.jpg\",\"width\":1024,\"height\":1024},{\"@type\":\"BreadcrumbList\",\"@id\":\"https:\/\/digitaldeepsea.com\/fr\/produit\/routeur-4g-nmea-2000-surveillance-a-distance-et-wifi-longue-portee\/#breadcrumb\",\"itemListElement\":[{\"@type\":\"ListItem\",\"position\":1,\"name\":\"Home\",\"item\":\"https:\/\/digitaldeepsea.com\/fr\/\"},{\"@type\":\"ListItem\",\"position\":2,\"name\":\"Produits\",\"item\":\"https:\/\/digitaldeepsea.com\/fr\/produits\/\"},{\"@type\":\"ListItem\",\"position\":3,\"name\":\"Routeur 4G, NMEA 2000, Surveillance \u00e0 distance et WiFi Longue port\u00e9e\"}]},{\"@type\":\"WebSite\",\"@id\":\"https:\/\/digitaldeepsea.com\/fr\/#website\",\"url\":\"https:\/\/digitaldeepsea.com\/fr\/\",\"name\":\"Digital Deep Sea\",\"description\":\"\",\"publisher\":{\"@id\":\"https:\/\/digitaldeepsea.com\/fr\/#organization\"},\"potentialAction\":[{\"@type\":\"SearchAction\",\"target\":{\"@type\":\"EntryPoint\",\"urlTemplate\":\"https:\/\/digitaldeepsea.com\/fr\/?s={search_term_string}\"},\"query-input\":\"required name=search_term_string\"}],\"inLanguage\":\"fr-FR\"},{\"@type\":\"Organization\",\"@id\":\"https:\/\/digitaldeepsea.com\/fr\/#organization\",\"name\":\"Digital Deep Sea\",\"url\":\"https:\/\/digitaldeepsea.com\/fr\/\",\"logo\":{\"@type\":\"ImageObject\",\"inLanguage\":\"fr-FR\",\"@id\":\"https:\/\/digitaldeepsea.com\/fr\/#\/schema\/logo\/image\/\",\"url\":\"https:\/\/digitaldeepsea.com\/fr\/wp-content\/uploads\/sites\/2\/2024\/03\/logo_dy_outline_white.png\",\"contentUrl\":\"https:\/\/digitaldeepsea.com\/fr\/wp-content\/uploads\/sites\/2\/2024\/03\/logo_dy_outline_white.png\",\"width\":200,\"height\":114,\"caption\":\"Digital Deep Sea\"},\"image\":{\"@id\":\"https:\/\/digitaldeepsea.com\/fr\/#\/schema\/logo\/image\/\"}}]}<\/script>\n<!-- \/ Yoast SEO plugin. -->","yoast_head_json":{"title":"Routeur 4G, NMEA 2000, Surveillance \u00e0 distance &amp; WiFi - Digital Deep Sea","description":"Solution id\u00e9ale pour obtenir un acc\u00e8s rapide internet \u00e0 bord via 4G et WiFi hotspot ainsi que NMEA 2000 &amp; pour surveiller le bateau via NavALert.","robots":{"index":"index","follow":"follow","max-snippet":"max-snippet:-1","max-image-preview":"max-image-preview:large","max-video-preview":"max-video-preview:-1"},"canonical":"https:\/\/digitaldeepsea.com\/fr\/produit\/routeur-4g-nmea-2000-surveillance-a-distance-et-wifi-longue-portee\/","og_locale":"fr_FR","og_type":"article","og_title":"Routeur 4G, NMEA 2000, Surveillance \u00e0 distance &amp; WiFi - Digital Deep Sea","og_description":"Solution id\u00e9ale pour obtenir un acc\u00e8s rapide internet \u00e0 bord via 4G et WiFi hotspot ainsi que NMEA 2000 &amp; pour surveiller le bateau via NavALert.","og_url":"https:\/\/digitaldeepsea.com\/fr\/produit\/routeur-4g-nmea-2000-surveillance-a-distance-et-wifi-longue-portee\/","og_site_name":"Digital Deep Sea France","article_modified_time":"2025-01-17T07:51:55+00:00","og_image":[{"width":1024,"height":1024,"url":"https:\/\/digitaldeepsea.com\/fr\/wp-content\/uploads\/sites\/2\/2024\/03\/Solution-4G-BOOSTER-wifi-V2.jpg","type":"image\/jpeg"}],"twitter_card":"summary_large_image","twitter_misc":{"Dur\u00e9e de lecture estim\u00e9e":"8 minutes"},"schema":{"@context":"https:\/\/schema.org","@graph":[{"@type":"WebPage","@id":"https:\/\/digitaldeepsea.com\/fr\/produit\/routeur-4g-nmea-2000-surveillance-a-distance-et-wifi-longue-portee\/","url":"https:\/\/digitaldeepsea.com\/fr\/produit\/routeur-4g-nmea-2000-surveillance-a-distance-et-wifi-longue-portee\/","name":"Routeur 4G, NMEA 2000, Surveillance \u00e0 distance &amp; WiFi - Digital Deep Sea","isPartOf":{"@id":"https:\/\/digitaldeepsea.com\/fr\/#website"},"primaryImageOfPage":{"@id":"https:\/\/digitaldeepsea.com\/fr\/produit\/routeur-4g-nmea-2000-surveillance-a-distance-et-wifi-longue-portee\/#primaryimage"},"image":{"@id":"https:\/\/digitaldeepsea.com\/fr\/produit\/routeur-4g-nmea-2000-surveillance-a-distance-et-wifi-longue-portee\/#primaryimage"},"thumbnailUrl":"https:\/\/digitaldeepsea.com\/fr\/wp-content\/uploads\/sites\/2\/2024\/03\/Solution-4G-BOOSTER-wifi-V2.jpg","datePublished":"2024-03-13T08:55:10+00:00","dateModified":"2025-01-17T07:51:55+00:00","description":"Solution id\u00e9ale pour obtenir un acc\u00e8s rapide internet \u00e0 bord via 4G et WiFi hotspot ainsi que NMEA 2000 &amp; pour surveiller le bateau via NavALert.","breadcrumb":{"@id":"https:\/\/digitaldeepsea.com\/fr\/produit\/routeur-4g-nmea-2000-surveillance-a-distance-et-wifi-longue-portee\/#breadcrumb"},"inLanguage":"fr-FR","potentialAction":[{"@type":"ReadAction","target":["https:\/\/digitaldeepsea.com\/fr\/produit\/routeur-4g-nmea-2000-surveillance-a-distance-et-wifi-longue-portee\/"]}]},{"@type":"ImageObject","inLanguage":"fr-FR","@id":"https:\/\/digitaldeepsea.com\/fr\/produit\/routeur-4g-nmea-2000-surveillance-a-distance-et-wifi-longue-portee\/#primaryimage","url":"https:\/\/digitaldeepsea.com\/fr\/wp-content\/uploads\/sites\/2\/2024\/03\/Solution-4G-BOOSTER-wifi-V2.jpg","contentUrl":"https:\/\/digitaldeepsea.com\/fr\/wp-content\/uploads\/sites\/2\/2024\/03\/Solution-4G-BOOSTER-wifi-V2.jpg","width":1024,"height":1024},{"@type":"BreadcrumbList","@id":"https:\/\/digitaldeepsea.com\/fr\/produit\/routeur-4g-nmea-2000-surveillance-a-distance-et-wifi-longue-portee\/#breadcrumb","itemListElement":[{"@type":"ListItem","position":1,"name":"Home","item":"https:\/\/digitaldeepsea.com\/fr\/"},{"@type":"ListItem","position":2,"name":"Produits","item":"https:\/\/digitaldeepsea.com\/fr\/produits\/"},{"@type":"ListItem","position":3,"name":"Routeur 4G, NMEA 2000, Surveillance \u00e0 distance et WiFi Longue port\u00e9e"}]},{"@type":"WebSite","@id":"https:\/\/digitaldeepsea.com\/fr\/#website","url":"https:\/\/digitaldeepsea.com\/fr\/","name":"Digital Deep Sea","description":"","publisher":{"@id":"https:\/\/digitaldeepsea.com\/fr\/#organization"},"potentialAction":[{"@type":"SearchAction","target":{"@type":"EntryPoint","urlTemplate":"https:\/\/digitaldeepsea.com\/fr\/?s={search_term_string}"},"query-input":"required name=search_term_string"}],"inLanguage":"fr-FR"},{"@type":"Organization","@id":"https:\/\/digitaldeepsea.com\/fr\/#organization","name":"Digital Deep Sea","url":"https:\/\/digitaldeepsea.com\/fr\/","logo":{"@type":"ImageObject","inLanguage":"fr-FR","@id":"https:\/\/digitaldeepsea.com\/fr\/#\/schema\/logo\/image\/","url":"https:\/\/digitaldeepsea.com\/fr\/wp-content\/uploads\/sites\/2\/2024\/03\/logo_dy_outline_white.png","contentUrl":"https:\/\/digitaldeepsea.com\/fr\/wp-content\/uploads\/sites\/2\/2024\/03\/logo_dy_outline_white.png","width":200,"height":114,"caption":"Digital Deep Sea"},"image":{"@id":"https:\/\/digitaldeepsea.com\/fr\/#\/schema\/logo\/image\/"}}]}},"_links":{"self":[{"href":"https:\/\/digitaldeepsea.com\/fr\/wp-json\/wp\/v2\/product\/93"}],"collection":[{"href":"https:\/\/digitaldeepsea.com\/fr\/wp-json\/wp\/v2\/product"}],"about":[{"href":"https:\/\/digitaldeepsea.com\/fr\/wp-json\/wp\/v2\/types\/product"}],"wp:featuredmedia":[{"embeddable":true,"href":"https:\/\/digitaldeepsea.com\/fr\/wp-json\/wp\/v2\/media\/144"}],"wp:attachment":[{"href":"https:\/\/digitaldeepsea.com\/fr\/wp-json\/wp\/v2\/media?parent=93"}],"wp:term":[{"taxonomy":"product_cat","embeddable":true,"href":"https:\/\/digitaldeepsea.com\/fr\/wp-json\/wp\/v2\/product_cat?post=93"},{"taxonomy":"product_tag","embeddable":true,"href":"https:\/\/digitaldeepsea.com\/fr\/wp-json\/wp\/v2\/product_tag?post=93"}],"curies":[{"name":"wp","href":"https:\/\/api.w.org\/{rel}","templated":true}]}}