{"id":42,"date":"2024-03-13T08:54:48","date_gmt":"2024-03-13T08:54:48","guid":{"rendered":"https:\/\/digitaldeepsea.com\/fr\/?post_type=product&#038;p=42"},"modified":"2025-01-17T07:51:54","modified_gmt":"2025-01-17T07:51:54","slug":"transpondeur-ais-avec-serveur-nmea-2000-wifi","status":"publish","type":"product","link":"https:\/\/digitaldeepsea.com\/fr\/produit\/transpondeur-ais-avec-serveur-nmea-2000-wifi\/","title":{"rendered":"Transpondeur AIS avec serveur NMEA 2000 WiFi"},"content":{"rendered":"<h4><strong>CONTENU<\/strong><\/h4>\n<p>Ce pack se compose d&rsquo;un transpondeur AIS avec serveur NMEA 2000 WiFi. La solution comprend :<\/p>\n<ul>\n<li>NavLink2 &#8211; Serveur NMEA 2000 WiFi<\/li>\n<li>AIT2500 &#8211; Transpondeur AIS classe B +<\/li>\n<li>Antennes VHF et GPS<\/li>\n<li>Kit de c\u00e2blage NMEA 2000<\/li>\n<\/ul>\n<p>&nbsp;<\/p>\n<p>&nbsp;<\/p>\n<h4><strong>CARACT\u00c9RISTIQUES PRINCIPALES<\/strong><\/h4>\n<p>Le pack parfait pour recevoir l&rsquo;AIS et transmettre votre position ainsi que pour diffuser en WiFi toutes vos donn\u00e9es de navigation sur les applications et logiciels de navigation.<\/p>\n<p>&nbsp;<\/p>\n<p>Ce pack comprend le le transpondeur AIS classe B+ 5W <a href=\"https:\/\/digitalyacht.fr\/produit\/ait2500\/\" target=\"_blank\" rel=\"noopener noreferrer\">AIT2500<\/a>. Les deux ont les m\u00eames fonctionnalit\u00e9s, mais le AIT2500 utilise la derni\u00e8re technologie SOTDMA classe B+, qui offre une puissance d&rsquo;\u00e9mission 2,5 fois sup\u00e9rieure \u00e0 celle de la classe B normale, ainsi qu&rsquo;une mise \u00e0 jour plus fr\u00e9quente de la position en fonction de la vitesse du navire. Tout comme un transpondeur commercial classe A, la technologie SOTDMA garantit \u00e9galement un cr\u00e9neau de transmission dans les zones \u00e0 fort trafic AIS.<\/p>\n<p>&nbsp;<\/p>\n<p>L&rsquo;AIT2500 est fourni avec une antenne GPS externe (c\u00e2ble de 10 m) et d&rsquo;une antenne VHF(c\u00e2ble de 20 m). L&rsquo;antenne VHF est une antenne heliflex VHF de 15cm, sp\u00e9cialement accord\u00e9e sur les fr\u00e9quences AIS (162MHz) pour obtenir des performances optimales. AIT2500 est dot\u00e9 d&rsquo;interfaces NMEA 0183 et NMEA 2000 ainsi que d&rsquo;une interface USB pour PC\/MAC. Il y a \u00e9galement une deuxi\u00e8me sortie NMEA pour fournir une position GPS \u00e0 une radio VHF DSC. L&rsquo;AIT2500 peut \u00e9galement \u00eatre \u00e9quip\u00e9 d&rsquo;un commutateur de silence pour couper les transmissions AIS.<\/p>\n<p>&nbsp;<\/p>\n<p>Le <a href=\"https:\/\/digitalyacht.fr\/produit\/navlink2\/\" target=\"_blank\" rel=\"noopener noreferrer\">NavLink2<\/a> est un serveur NMEA 2000 WiFi facile \u00e0 installer, con\u00e7u pour diffuser les donn\u00e9es de navigation NMEA 2000 vers les applications et logiciels sur smartphones, tablettes, iPads et PC. Une fois install\u00e9, il cr\u00e9e un r\u00e9seau WiFi prot\u00e9g\u00e9 par mot de passe pour que les appareils puissent se connecter. Toutes les donn\u00e9es de navigation sur le r\u00e9seau NMEA 2000 pourront \u00eatre utilis\u00e9es et trait\u00e9es par des applications et logiciels de navigation comme par exemple : TimeZero, iAIS, iSailor, Weather4D, SailGrib, Navionics Seapilot et des centaines d&rsquo;autres. La tablette et le PC\/Mac deviennent un \u00e9cran de navigation complet.<\/p>\n<p>&nbsp;<\/p>\n<p>Le NavLink2 et le transpondeur AIS ont une interface NMEA 2000, l&rsquo;installation est donc tr\u00e8s facile avec notre <a href=\"https:\/\/digitalyacht.fr\/produit\/kit-de-cablage-nmea2000\/\" target=\"_blank\" rel=\"noopener noreferrer\">kit de c\u00e2blage<\/a> NMEA 2000 inclus dans le pack. NMEA 2000 utilise une simple structure en forme de colonne (ou parfois appel\u00e9e \u00ab\u00a0dorsale\u00a0\u00bb) avec des terminateurs \u00e0 chaque extr\u00e9mit\u00e9 du r\u00e9seau et tous les appareils peuvent \u00eatre reli\u00e9s gr\u00e2ce \u00e0 des connecteurs standardis\u00e9s. Le r\u00e9seau n\u00e9cessite \u00e9galement une alimentation \u00e9lectrique. De plus, les connecteurs \u00e9tanches garantissent une fiabilit\u00e9 maximale et facilitent l\u2019installation.<\/p>\n<p>&nbsp;<\/p>\n<p>&nbsp;<\/p>\n<h4><strong>SPECIFICIT\u00c9S<\/strong><\/h4>\n<ul>\n<li>Transpondeur AIS avec serveur NMEA 2000 WiFi<\/li>\n<li>AIT2500 est un transpondeur AIS classe B+ 5W (\u00e9mission plus fr\u00e9quente)<\/li>\n<li>Livr\u00e9 avec une antenne GPS externe (c\u00e2ble de 10m) et une antenne VHF (c\u00e2ble de 20m)<\/li>\n<li>Le pack comprend \u00e9galement un kit de c\u00e2blage NMEA pour interconnecter facilement tous les \u00e9quipements.<\/li>\n<li>NavLink2 est un serveur NMEA2000 WiFi<\/li>\n<li>Il prend en charge jusqu&rsquo;\u00e0 7 appareils sans fil (protocole UDP et TCP\/IP)<\/li>\n<li>Compatible avec tous les logiciels et applications populaires comme iNavX, TimeZero, Weather 4D, Navionics, SailGrib, NavLink, iSailor, SeaPilot, AquaMap, etc.<\/li>\n<li>Fonctionnement en 12\/24 V DC avec une consommation \u00e9lectrique minimale<\/li>\n<\/ul>\n","protected":false},"excerpt":{"rendered":"<p>\u00ab\u00a0Le pack parfait pour recevoir l&rsquo;AIS et transmettre votre position ainsi que pour diffuser en WiFi toutes vos donn\u00e9es de navigation sur les applications et logiciels de navigation. Ce pack comprend un transpondeur AIS avec un serveur NMEA 2000 WiFi\u00a0\u00bb.<\/p>\n","protected":false},"featured_media":110,"template":"","meta":[],"product_cat":[53,21,52,39],"product_tag":[64,65,66,56,67,68,69],"yoast_head":"<!-- This site is optimized with the Yoast SEO plugin v22.7 - https:\/\/yoast.com\/wordpress\/plugins\/seo\/ -->\n<title>Transpondeur AIS serveur NMEA WiFi - Digital Deep Sea<\/title>\n<meta name=\"description\" content=\"Ce pack comprend un transpondeur AIS avec un serveur NMEA 2000 vers WiFi. Vous pouvez choisir entre le transpondeur AIS AIT2000 ou AIT2500.\" \/>\n<meta name=\"robots\" content=\"index, follow, max-snippet:-1, max-image-preview:large, max-video-preview:-1\" \/>\n<link rel=\"canonical\" href=\"https:\/\/digitaldeepsea.com\/fr\/produit\/transpondeur-ais-avec-serveur-nmea-2000-wifi\/\" \/>\n<meta property=\"og:locale\" content=\"fr_FR\" \/>\n<meta property=\"og:type\" content=\"article\" \/>\n<meta property=\"og:title\" content=\"Transpondeur AIS serveur NMEA WiFi - Digital Deep Sea\" \/>\n<meta property=\"og:description\" content=\"Ce pack comprend un transpondeur AIS avec un serveur NMEA 2000 vers WiFi. Vous pouvez choisir entre le transpondeur AIS AIT2000 ou AIT2500.\" \/>\n<meta property=\"og:url\" content=\"https:\/\/digitaldeepsea.com\/fr\/produit\/transpondeur-ais-avec-serveur-nmea-2000-wifi\/\" \/>\n<meta property=\"og:site_name\" content=\"Digital Deep Sea France\" \/>\n<meta property=\"article:modified_time\" content=\"2025-01-17T07:51:54+00:00\" \/>\n<meta property=\"og:image\" content=\"https:\/\/digitaldeepsea.com\/fr\/wp-content\/uploads\/sites\/2\/2024\/03\/AIS-transponder-class-B-5W-with-NMEA2000-to-WiFi.jpg\" \/>\n\t<meta property=\"og:image:width\" content=\"2000\" \/>\n\t<meta property=\"og:image:height\" content=\"2000\" \/>\n\t<meta property=\"og:image:type\" content=\"image\/jpeg\" \/>\n<meta name=\"twitter:card\" content=\"summary_large_image\" \/>\n<meta name=\"twitter:label1\" content=\"Dur\u00e9e de lecture estim\u00e9e\" \/>\n\t<meta name=\"twitter:data1\" content=\"3 minutes\" \/>\n<script type=\"application\/ld+json\" class=\"yoast-schema-graph\">{\"@context\":\"https:\/\/schema.org\",\"@graph\":[{\"@type\":\"WebPage\",\"@id\":\"https:\/\/digitaldeepsea.com\/fr\/produit\/transpondeur-ais-avec-serveur-nmea-2000-wifi\/\",\"url\":\"https:\/\/digitaldeepsea.com\/fr\/produit\/transpondeur-ais-avec-serveur-nmea-2000-wifi\/\",\"name\":\"Transpondeur AIS serveur NMEA WiFi - Digital Deep Sea\",\"isPartOf\":{\"@id\":\"https:\/\/digitaldeepsea.com\/fr\/#website\"},\"primaryImageOfPage\":{\"@id\":\"https:\/\/digitaldeepsea.com\/fr\/produit\/transpondeur-ais-avec-serveur-nmea-2000-wifi\/#primaryimage\"},\"image\":{\"@id\":\"https:\/\/digitaldeepsea.com\/fr\/produit\/transpondeur-ais-avec-serveur-nmea-2000-wifi\/#primaryimage\"},\"thumbnailUrl\":\"https:\/\/digitaldeepsea.com\/fr\/wp-content\/uploads\/sites\/2\/2024\/03\/AIS-transponder-class-B-5W-with-NMEA2000-to-WiFi.jpg\",\"datePublished\":\"2024-03-13T08:54:48+00:00\",\"dateModified\":\"2025-01-17T07:51:54+00:00\",\"description\":\"Ce pack comprend un transpondeur AIS avec un serveur NMEA 2000 vers WiFi. Vous pouvez choisir entre le transpondeur AIS AIT2000 ou AIT2500.\",\"breadcrumb\":{\"@id\":\"https:\/\/digitaldeepsea.com\/fr\/produit\/transpondeur-ais-avec-serveur-nmea-2000-wifi\/#breadcrumb\"},\"inLanguage\":\"fr-FR\",\"potentialAction\":[{\"@type\":\"ReadAction\",\"target\":[\"https:\/\/digitaldeepsea.com\/fr\/produit\/transpondeur-ais-avec-serveur-nmea-2000-wifi\/\"]}]},{\"@type\":\"ImageObject\",\"inLanguage\":\"fr-FR\",\"@id\":\"https:\/\/digitaldeepsea.com\/fr\/produit\/transpondeur-ais-avec-serveur-nmea-2000-wifi\/#primaryimage\",\"url\":\"https:\/\/digitaldeepsea.com\/fr\/wp-content\/uploads\/sites\/2\/2024\/03\/AIS-transponder-class-B-5W-with-NMEA2000-to-WiFi.jpg\",\"contentUrl\":\"https:\/\/digitaldeepsea.com\/fr\/wp-content\/uploads\/sites\/2\/2024\/03\/AIS-transponder-class-B-5W-with-NMEA2000-to-WiFi.jpg\",\"width\":2000,\"height\":2000},{\"@type\":\"BreadcrumbList\",\"@id\":\"https:\/\/digitaldeepsea.com\/fr\/produit\/transpondeur-ais-avec-serveur-nmea-2000-wifi\/#breadcrumb\",\"itemListElement\":[{\"@type\":\"ListItem\",\"position\":1,\"name\":\"Home\",\"item\":\"https:\/\/digitaldeepsea.com\/fr\/\"},{\"@type\":\"ListItem\",\"position\":2,\"name\":\"Produits\",\"item\":\"https:\/\/digitaldeepsea.com\/fr\/produits\/\"},{\"@type\":\"ListItem\",\"position\":3,\"name\":\"Transpondeur AIS avec serveur NMEA 2000 WiFi\"}]},{\"@type\":\"WebSite\",\"@id\":\"https:\/\/digitaldeepsea.com\/fr\/#website\",\"url\":\"https:\/\/digitaldeepsea.com\/fr\/\",\"name\":\"Digital Deep Sea\",\"description\":\"\",\"publisher\":{\"@id\":\"https:\/\/digitaldeepsea.com\/fr\/#organization\"},\"potentialAction\":[{\"@type\":\"SearchAction\",\"target\":{\"@type\":\"EntryPoint\",\"urlTemplate\":\"https:\/\/digitaldeepsea.com\/fr\/?s={search_term_string}\"},\"query-input\":\"required name=search_term_string\"}],\"inLanguage\":\"fr-FR\"},{\"@type\":\"Organization\",\"@id\":\"https:\/\/digitaldeepsea.com\/fr\/#organization\",\"name\":\"Digital Deep Sea\",\"url\":\"https:\/\/digitaldeepsea.com\/fr\/\",\"logo\":{\"@type\":\"ImageObject\",\"inLanguage\":\"fr-FR\",\"@id\":\"https:\/\/digitaldeepsea.com\/fr\/#\/schema\/logo\/image\/\",\"url\":\"https:\/\/digitaldeepsea.com\/fr\/wp-content\/uploads\/sites\/2\/2024\/03\/logo_dy_outline_white.png\",\"contentUrl\":\"https:\/\/digitaldeepsea.com\/fr\/wp-content\/uploads\/sites\/2\/2024\/03\/logo_dy_outline_white.png\",\"width\":200,\"height\":114,\"caption\":\"Digital Deep Sea\"},\"image\":{\"@id\":\"https:\/\/digitaldeepsea.com\/fr\/#\/schema\/logo\/image\/\"}}]}<\/script>\n<!-- \/ Yoast SEO plugin. -->","yoast_head_json":{"title":"Transpondeur AIS serveur NMEA WiFi - Digital Deep Sea","description":"Ce pack comprend un transpondeur AIS avec un serveur NMEA 2000 vers WiFi. Vous pouvez choisir entre le transpondeur AIS AIT2000 ou AIT2500.","robots":{"index":"index","follow":"follow","max-snippet":"max-snippet:-1","max-image-preview":"max-image-preview:large","max-video-preview":"max-video-preview:-1"},"canonical":"https:\/\/digitaldeepsea.com\/fr\/produit\/transpondeur-ais-avec-serveur-nmea-2000-wifi\/","og_locale":"fr_FR","og_type":"article","og_title":"Transpondeur AIS serveur NMEA WiFi - Digital Deep Sea","og_description":"Ce pack comprend un transpondeur AIS avec un serveur NMEA 2000 vers WiFi. Vous pouvez choisir entre le transpondeur AIS AIT2000 ou AIT2500.","og_url":"https:\/\/digitaldeepsea.com\/fr\/produit\/transpondeur-ais-avec-serveur-nmea-2000-wifi\/","og_site_name":"Digital Deep Sea France","article_modified_time":"2025-01-17T07:51:54+00:00","og_image":[{"width":2000,"height":2000,"url":"https:\/\/digitaldeepsea.com\/fr\/wp-content\/uploads\/sites\/2\/2024\/03\/AIS-transponder-class-B-5W-with-NMEA2000-to-WiFi.jpg","type":"image\/jpeg"}],"twitter_card":"summary_large_image","twitter_misc":{"Dur\u00e9e de lecture estim\u00e9e":"3 minutes"},"schema":{"@context":"https:\/\/schema.org","@graph":[{"@type":"WebPage","@id":"https:\/\/digitaldeepsea.com\/fr\/produit\/transpondeur-ais-avec-serveur-nmea-2000-wifi\/","url":"https:\/\/digitaldeepsea.com\/fr\/produit\/transpondeur-ais-avec-serveur-nmea-2000-wifi\/","name":"Transpondeur AIS serveur NMEA WiFi - Digital Deep Sea","isPartOf":{"@id":"https:\/\/digitaldeepsea.com\/fr\/#website"},"primaryImageOfPage":{"@id":"https:\/\/digitaldeepsea.com\/fr\/produit\/transpondeur-ais-avec-serveur-nmea-2000-wifi\/#primaryimage"},"image":{"@id":"https:\/\/digitaldeepsea.com\/fr\/produit\/transpondeur-ais-avec-serveur-nmea-2000-wifi\/#primaryimage"},"thumbnailUrl":"https:\/\/digitaldeepsea.com\/fr\/wp-content\/uploads\/sites\/2\/2024\/03\/AIS-transponder-class-B-5W-with-NMEA2000-to-WiFi.jpg","datePublished":"2024-03-13T08:54:48+00:00","dateModified":"2025-01-17T07:51:54+00:00","description":"Ce pack comprend un transpondeur AIS avec un serveur NMEA 2000 vers WiFi. Vous pouvez choisir entre le transpondeur AIS AIT2000 ou AIT2500.","breadcrumb":{"@id":"https:\/\/digitaldeepsea.com\/fr\/produit\/transpondeur-ais-avec-serveur-nmea-2000-wifi\/#breadcrumb"},"inLanguage":"fr-FR","potentialAction":[{"@type":"ReadAction","target":["https:\/\/digitaldeepsea.com\/fr\/produit\/transpondeur-ais-avec-serveur-nmea-2000-wifi\/"]}]},{"@type":"ImageObject","inLanguage":"fr-FR","@id":"https:\/\/digitaldeepsea.com\/fr\/produit\/transpondeur-ais-avec-serveur-nmea-2000-wifi\/#primaryimage","url":"https:\/\/digitaldeepsea.com\/fr\/wp-content\/uploads\/sites\/2\/2024\/03\/AIS-transponder-class-B-5W-with-NMEA2000-to-WiFi.jpg","contentUrl":"https:\/\/digitaldeepsea.com\/fr\/wp-content\/uploads\/sites\/2\/2024\/03\/AIS-transponder-class-B-5W-with-NMEA2000-to-WiFi.jpg","width":2000,"height":2000},{"@type":"BreadcrumbList","@id":"https:\/\/digitaldeepsea.com\/fr\/produit\/transpondeur-ais-avec-serveur-nmea-2000-wifi\/#breadcrumb","itemListElement":[{"@type":"ListItem","position":1,"name":"Home","item":"https:\/\/digitaldeepsea.com\/fr\/"},{"@type":"ListItem","position":2,"name":"Produits","item":"https:\/\/digitaldeepsea.com\/fr\/produits\/"},{"@type":"ListItem","position":3,"name":"Transpondeur AIS avec serveur NMEA 2000 WiFi"}]},{"@type":"WebSite","@id":"https:\/\/digitaldeepsea.com\/fr\/#website","url":"https:\/\/digitaldeepsea.com\/fr\/","name":"Digital Deep Sea","description":"","publisher":{"@id":"https:\/\/digitaldeepsea.com\/fr\/#organization"},"potentialAction":[{"@type":"SearchAction","target":{"@type":"EntryPoint","urlTemplate":"https:\/\/digitaldeepsea.com\/fr\/?s={search_term_string}"},"query-input":"required name=search_term_string"}],"inLanguage":"fr-FR"},{"@type":"Organization","@id":"https:\/\/digitaldeepsea.com\/fr\/#organization","name":"Digital Deep Sea","url":"https:\/\/digitaldeepsea.com\/fr\/","logo":{"@type":"ImageObject","inLanguage":"fr-FR","@id":"https:\/\/digitaldeepsea.com\/fr\/#\/schema\/logo\/image\/","url":"https:\/\/digitaldeepsea.com\/fr\/wp-content\/uploads\/sites\/2\/2024\/03\/logo_dy_outline_white.png","contentUrl":"https:\/\/digitaldeepsea.com\/fr\/wp-content\/uploads\/sites\/2\/2024\/03\/logo_dy_outline_white.png","width":200,"height":114,"caption":"Digital Deep Sea"},"image":{"@id":"https:\/\/digitaldeepsea.com\/fr\/#\/schema\/logo\/image\/"}}]}},"_links":{"self":[{"href":"https:\/\/digitaldeepsea.com\/fr\/wp-json\/wp\/v2\/product\/42"}],"collection":[{"href":"https:\/\/digitaldeepsea.com\/fr\/wp-json\/wp\/v2\/product"}],"about":[{"href":"https:\/\/digitaldeepsea.com\/fr\/wp-json\/wp\/v2\/types\/product"}],"wp:featuredmedia":[{"embeddable":true,"href":"https:\/\/digitaldeepsea.com\/fr\/wp-json\/wp\/v2\/media\/110"}],"wp:attachment":[{"href":"https:\/\/digitaldeepsea.com\/fr\/wp-json\/wp\/v2\/media?parent=42"}],"wp:term":[{"taxonomy":"product_cat","embeddable":true,"href":"https:\/\/digitaldeepsea.com\/fr\/wp-json\/wp\/v2\/product_cat?post=42"},{"taxonomy":"product_tag","embeddable":true,"href":"https:\/\/digitaldeepsea.com\/fr\/wp-json\/wp\/v2\/product_tag?post=42"}],"curies":[{"name":"wp","href":"https:\/\/api.w.org\/{rel}","templated":true}]}}