{"id":36,"date":"2024-03-13T08:54:48","date_gmt":"2024-03-13T08:54:48","guid":{"rendered":"https:\/\/digitaldeepsea.com\/fr\/?post_type=product&#038;p=36"},"modified":"2025-01-17T07:51:55","modified_gmt":"2025-01-17T07:51:55","slug":"radar-furuno-transpondeur-ais-avec-repartiteur-dantenne-vhf-wifi","status":"publish","type":"product","link":"https:\/\/digitaldeepsea.com\/fr\/produit\/radar-furuno-transpondeur-ais-avec-repartiteur-dantenne-vhf-wifi\/","title":{"rendered":"Radar Furuno &amp; Transpondeur AIS avec r\u00e9partiteur d&rsquo;antenne VHF &amp; WiFi"},"content":{"rendered":"<h5><strong>CE QUI EST INCLUS<\/strong><\/h5>\n<p>Cette solution AIS &amp; Radar comprend :<\/p>\n<ul>\n<li>AIT5000, Transpondeur AIS Class B+ avec un r\u00e9partiteur d&rsquo;antenne et une interface wifi int\u00e9gr\u00e9s<\/li>\n<li>DRS4W, Radar Furuno WiFi avec 15m de cable<\/li>\n<\/ul>\n<p>&nbsp;<\/p>\n<h5><b>CARACT\u00c9RISTIQUES CL<\/b><b>\u00c9S<\/b><\/h5>\n<p>Recevez les donn\u00e9es AIS, GPS et Radar sur votre iPad (avec l&rsquo;application TZ iBoat) avec l&rsquo;AIT5000, un transpondeur AIS Classe B+ et le radar Furuno DRS4W portant jusqu&rsquo;a 24MN.<\/p>\n<p><a href=\"https:\/\/www.furuno.fr\/en\/art--DRS4W--DRS4W.html\" target=\"_blank\" rel=\"noopener noreferrer\">Le DRS4W<\/a> est le dernier radar Furuno sans fil con\u00e7u pour fonctionner avec un iPad. Les donn\u00e9es du radar sont envoy\u00e9es en WiFi aux appareils iOS (jusqu&rsquo;\u00e0 2 appareils en m\u00eame temps) ; l&rsquo;installation est donc particuli\u00e8rement facile puisque aucun cables suppl\u00e9mentaires n&rsquo;est n\u00e9cessaire, si ce n&rsquo;est une source d&rsquo;alimentation. L&rsquo;application radar est t\u00e9l\u00e9chargeable gratuitement depuis la boutique d&rsquo;applications sur votre iPhone ou iPad, mais la plupart des utilisateurs se servent de l&rsquo;application de cartographie TZ iBoat pour cr\u00e9er un syst\u00e8me de navigation compatible avec les cartes, les donn\u00e9es AIS et radar.<\/p>\n<p><a href=\"https:\/\/digitalyacht.fr\/produit\/ait5000\/\" target=\"_blank\" rel=\"noopener noreferrer\">L&rsquo;AIT5000 \u00ab\u00a0Nucleus\u00a0\u00bb Classe B+ 5W AIS <\/a>int\u00e8gre un transpondeur AIS Classe B+ complet ainsi qu&rsquo;un r\u00e9partiteur d&rsquo;antenne permettant de partager l&rsquo;antenne VHF principale du bateau avec l&rsquo;AIS et la radio VHF. Ce produit int\u00e8gre aussi les derni\u00e8res interfaces, NMEA0183, NMEA2000, USB et un server WiFi permettant aux tablettes et iPad de se connecter. L&rsquo;interface NMEA permet de se connecter \u00e0 n&rsquo;importe quel traceur de cartes compatible AIS et l&rsquo;USB est disponible pour les utilisateurs de MAC ou de PC.<\/p>\n<p>L&rsquo;interface WiFi de l&rsquo;AIT5000 transmet les donn\u00e9es AIS, GPS et NMEA 0183 \u00e0 toutes les applications et logiciels de navigation. Elle permet de connecter jusqu&rsquo;\u00e0 7 appareils en m\u00eame temps et prend en charge les protocoles UDP et TCP\/IP. Si vous souhaitez \u00e9galement transmettre vos donn\u00e9es NMEA2000, veuillez ajouter <a href=\"https:\/\/digitalyacht.fr\/produit\/ikonvert\/\" target=\"_blank\" rel=\"noopener noreferrer\">iKonvert<\/a>, notre convertisseur NMEA2000 vers NMEA0183. \u00a0Les conversions sont bidirectionnelles.<\/p>\n<p>Le radar Furuno DRS4W doit \u00eatre le point d&rsquo;acc\u00e8s principal (r\u00e9seau WiFi) et l&rsquo;AIT5000 peut \u00eatre programm\u00e9 tr\u00e8s facilement pour rejoindre le r\u00e9seau WiFi cr\u00e9\u00e9 par le radar Furuno. Les donn\u00e9es AIS et GPS pourront alors \u00eatre int\u00e9gr\u00e9es a la vid\u00e9o du radar et accessibles par l&rsquo;application TZ iBoat pour les superpositions radar, AIS et la cartographie.<\/p>\n<p>&nbsp;<\/p>\n<h5><strong>SPECIFICATIONS<\/strong><\/h5>\n<ul>\n<li>Radar <a href=\"https:\/\/www.furuno.fr\/en\/art--DRS4W--DRS4W.html\" target=\"_blank\" rel=\"noopener noreferrer\">Furuno<\/a> DRS4W avec AIT5000, Transpondeur AIS Classe B+ AIS<\/li>\n<li>Rad\u00f4me 4KW 19.2&Prime; avec des port\u00e9es de 0.125 a 24MN<\/li>\n<li>Ouverture horizontale du faisceau de 7.2 degr\u00e9s et verticale de 25 degr\u00e9s<\/li>\n<li>Alimentation :\u00a0 12 \/ 24 V, 2.1-1.0 A<\/li>\n<li>Cr\u00e9e un acc\u00e8s WiFi pour 2 appareils (dont l&rsquo;un peut \u00eatre notre AIT5000)<\/li>\n<li>Gain automatique, STC automatique,\u00a0compensation de retour de pluie<\/li>\n<li>Zone d&rsquo;Alarme<\/li>\n<li>La fonction d\u00e9centrage permet de voir plus loin devant le navire<\/li>\n<li>Application radar gratuite disponible sur l&rsquo;App Store, mais \u00e9galement compatible avec l&rsquo;application TZ iBoat de cartographie et AIS (recommand\u00e9e) pour un syst\u00e8me de navigation iPad v\u00e9ritablement int\u00e9gr\u00e9 avec diff\u00e9rentes cartes mondiales.<\/li>\n<li>AIT5000 est un Transpondeur AIS Classe B+ 5W SOTDMA<\/li>\n<li>R\u00e9partiteur d\u2019antenne VHF certifi\u00e9 z\u00e9ro perte int\u00e9gr\u00e9<\/li>\n<li>Multiplexeur NMEA avec multiples entr\u00e9es et sorties NMEA0183<\/li>\n<li>Interface NMEA2000<\/li>\n<li>Interface USB pour PC et MAC<\/li>\n<li>Interface WiFi s\u00e9curis\u00e9e et prot\u00e9g\u00e9e par mot de passe<\/li>\n<li>Configuration du transpondeur gr\u00e2ce \u00e0 une interface web (pas besoin de connexion internet)<\/li>\n<li>Capacit\u00e9 de silence avec interrupteur et gr\u00e2ce \u00e0 l\u2019interface web<\/li>\n<li>Fourni avec antenne GPS externe (10m de c\u00e2ble)<\/li>\n<\/ul>\n","protected":false},"excerpt":{"rendered":"<p>\u201cCe pack int\u00e8gre le radar Furuno DRS4w avec l&rsquo;AIT5000, un transpondeur AIS Classe B+ pour un syst\u00e8me de navigation Radar, AIS &amp; NMEA sur iPad.\u201d<\/p>\n","protected":false},"featured_media":101,"template":"","meta":[],"product_cat":[21,53,52,39],"product_tag":[54,55,56,57,58,59,47],"yoast_head":"<!-- This site is optimized with the Yoast SEO plugin v22.7 - https:\/\/yoast.com\/wordpress\/plugins\/seo\/ -->\n<title>Radar Furuno avec Transpondeur AIS - Digital Deep Sea<\/title>\n<meta name=\"description\" content=\"Ce pack integre le radar Furuno DRS4w avec l&#039;AIT5000, un transpondeur AIS Class B+ pour un syst\u00e8me de navigation sur iPad.\" \/>\n<meta name=\"robots\" content=\"index, follow, max-snippet:-1, max-image-preview:large, max-video-preview:-1\" \/>\n<link rel=\"canonical\" href=\"https:\/\/digitaldeepsea.com\/fr\/produit\/radar-furuno-transpondeur-ais-avec-repartiteur-dantenne-vhf-wifi\/\" \/>\n<meta property=\"og:locale\" content=\"fr_FR\" \/>\n<meta property=\"og:type\" content=\"article\" \/>\n<meta property=\"og:title\" content=\"Radar Furuno avec Transpondeur AIS - Digital Deep Sea\" \/>\n<meta property=\"og:description\" content=\"Ce pack integre le radar Furuno DRS4w avec l&#039;AIT5000, un transpondeur AIS Class B+ pour un syst\u00e8me de navigation sur iPad.\" \/>\n<meta property=\"og:url\" content=\"https:\/\/digitaldeepsea.com\/fr\/produit\/radar-furuno-transpondeur-ais-avec-repartiteur-dantenne-vhf-wifi\/\" \/>\n<meta property=\"og:site_name\" content=\"Digital Deep Sea France\" \/>\n<meta property=\"article:modified_time\" content=\"2025-01-17T07:51:55+00:00\" \/>\n<meta property=\"og:image\" content=\"https:\/\/digitaldeepsea.com\/fr\/wp-content\/uploads\/sites\/2\/2024\/03\/Furuno-radar-and-AIS-transponder-website.jpg\" \/>\n\t<meta property=\"og:image:width\" content=\"1000\" \/>\n\t<meta property=\"og:image:height\" content=\"1000\" \/>\n\t<meta property=\"og:image:type\" content=\"image\/jpeg\" \/>\n<meta name=\"twitter:card\" content=\"summary_large_image\" \/>\n<meta name=\"twitter:label1\" content=\"Dur\u00e9e de lecture estim\u00e9e\" \/>\n\t<meta name=\"twitter:data1\" content=\"3 minutes\" \/>\n<script type=\"application\/ld+json\" class=\"yoast-schema-graph\">{\"@context\":\"https:\/\/schema.org\",\"@graph\":[{\"@type\":\"WebPage\",\"@id\":\"https:\/\/digitaldeepsea.com\/fr\/produit\/radar-furuno-transpondeur-ais-avec-repartiteur-dantenne-vhf-wifi\/\",\"url\":\"https:\/\/digitaldeepsea.com\/fr\/produit\/radar-furuno-transpondeur-ais-avec-repartiteur-dantenne-vhf-wifi\/\",\"name\":\"Radar Furuno avec Transpondeur AIS - Digital Deep Sea\",\"isPartOf\":{\"@id\":\"https:\/\/digitaldeepsea.com\/fr\/#website\"},\"primaryImageOfPage\":{\"@id\":\"https:\/\/digitaldeepsea.com\/fr\/produit\/radar-furuno-transpondeur-ais-avec-repartiteur-dantenne-vhf-wifi\/#primaryimage\"},\"image\":{\"@id\":\"https:\/\/digitaldeepsea.com\/fr\/produit\/radar-furuno-transpondeur-ais-avec-repartiteur-dantenne-vhf-wifi\/#primaryimage\"},\"thumbnailUrl\":\"https:\/\/digitaldeepsea.com\/fr\/wp-content\/uploads\/sites\/2\/2024\/03\/Furuno-radar-and-AIS-transponder-website.jpg\",\"datePublished\":\"2024-03-13T08:54:48+00:00\",\"dateModified\":\"2025-01-17T07:51:55+00:00\",\"description\":\"Ce pack integre le radar Furuno DRS4w avec l'AIT5000, un transpondeur AIS Class B+ pour un syst\u00e8me de navigation sur iPad.\",\"breadcrumb\":{\"@id\":\"https:\/\/digitaldeepsea.com\/fr\/produit\/radar-furuno-transpondeur-ais-avec-repartiteur-dantenne-vhf-wifi\/#breadcrumb\"},\"inLanguage\":\"fr-FR\",\"potentialAction\":[{\"@type\":\"ReadAction\",\"target\":[\"https:\/\/digitaldeepsea.com\/fr\/produit\/radar-furuno-transpondeur-ais-avec-repartiteur-dantenne-vhf-wifi\/\"]}]},{\"@type\":\"ImageObject\",\"inLanguage\":\"fr-FR\",\"@id\":\"https:\/\/digitaldeepsea.com\/fr\/produit\/radar-furuno-transpondeur-ais-avec-repartiteur-dantenne-vhf-wifi\/#primaryimage\",\"url\":\"https:\/\/digitaldeepsea.com\/fr\/wp-content\/uploads\/sites\/2\/2024\/03\/Furuno-radar-and-AIS-transponder-website.jpg\",\"contentUrl\":\"https:\/\/digitaldeepsea.com\/fr\/wp-content\/uploads\/sites\/2\/2024\/03\/Furuno-radar-and-AIS-transponder-website.jpg\",\"width\":1000,\"height\":1000},{\"@type\":\"BreadcrumbList\",\"@id\":\"https:\/\/digitaldeepsea.com\/fr\/produit\/radar-furuno-transpondeur-ais-avec-repartiteur-dantenne-vhf-wifi\/#breadcrumb\",\"itemListElement\":[{\"@type\":\"ListItem\",\"position\":1,\"name\":\"Home\",\"item\":\"https:\/\/digitaldeepsea.com\/fr\/\"},{\"@type\":\"ListItem\",\"position\":2,\"name\":\"Produits\",\"item\":\"https:\/\/digitaldeepsea.com\/fr\/produits\/\"},{\"@type\":\"ListItem\",\"position\":3,\"name\":\"Radar Furuno &amp; Transpondeur AIS avec r\u00e9partiteur d&rsquo;antenne VHF &amp; WiFi\"}]},{\"@type\":\"WebSite\",\"@id\":\"https:\/\/digitaldeepsea.com\/fr\/#website\",\"url\":\"https:\/\/digitaldeepsea.com\/fr\/\",\"name\":\"Digital Deep Sea\",\"description\":\"\",\"publisher\":{\"@id\":\"https:\/\/digitaldeepsea.com\/fr\/#organization\"},\"potentialAction\":[{\"@type\":\"SearchAction\",\"target\":{\"@type\":\"EntryPoint\",\"urlTemplate\":\"https:\/\/digitaldeepsea.com\/fr\/?s={search_term_string}\"},\"query-input\":\"required name=search_term_string\"}],\"inLanguage\":\"fr-FR\"},{\"@type\":\"Organization\",\"@id\":\"https:\/\/digitaldeepsea.com\/fr\/#organization\",\"name\":\"Digital Deep Sea\",\"url\":\"https:\/\/digitaldeepsea.com\/fr\/\",\"logo\":{\"@type\":\"ImageObject\",\"inLanguage\":\"fr-FR\",\"@id\":\"https:\/\/digitaldeepsea.com\/fr\/#\/schema\/logo\/image\/\",\"url\":\"https:\/\/digitaldeepsea.com\/fr\/wp-content\/uploads\/sites\/2\/2024\/03\/logo_dy_outline_white.png\",\"contentUrl\":\"https:\/\/digitaldeepsea.com\/fr\/wp-content\/uploads\/sites\/2\/2024\/03\/logo_dy_outline_white.png\",\"width\":200,\"height\":114,\"caption\":\"Digital Deep Sea\"},\"image\":{\"@id\":\"https:\/\/digitaldeepsea.com\/fr\/#\/schema\/logo\/image\/\"}}]}<\/script>\n<!-- \/ Yoast SEO plugin. -->","yoast_head_json":{"title":"Radar Furuno avec Transpondeur AIS - Digital Deep Sea","description":"Ce pack integre le radar Furuno DRS4w avec l'AIT5000, un transpondeur AIS Class B+ pour un syst\u00e8me de navigation sur iPad.","robots":{"index":"index","follow":"follow","max-snippet":"max-snippet:-1","max-image-preview":"max-image-preview:large","max-video-preview":"max-video-preview:-1"},"canonical":"https:\/\/digitaldeepsea.com\/fr\/produit\/radar-furuno-transpondeur-ais-avec-repartiteur-dantenne-vhf-wifi\/","og_locale":"fr_FR","og_type":"article","og_title":"Radar Furuno avec Transpondeur AIS - Digital Deep Sea","og_description":"Ce pack integre le radar Furuno DRS4w avec l'AIT5000, un transpondeur AIS Class B+ pour un syst\u00e8me de navigation sur iPad.","og_url":"https:\/\/digitaldeepsea.com\/fr\/produit\/radar-furuno-transpondeur-ais-avec-repartiteur-dantenne-vhf-wifi\/","og_site_name":"Digital Deep Sea France","article_modified_time":"2025-01-17T07:51:55+00:00","og_image":[{"width":1000,"height":1000,"url":"https:\/\/digitaldeepsea.com\/fr\/wp-content\/uploads\/sites\/2\/2024\/03\/Furuno-radar-and-AIS-transponder-website.jpg","type":"image\/jpeg"}],"twitter_card":"summary_large_image","twitter_misc":{"Dur\u00e9e de lecture estim\u00e9e":"3 minutes"},"schema":{"@context":"https:\/\/schema.org","@graph":[{"@type":"WebPage","@id":"https:\/\/digitaldeepsea.com\/fr\/produit\/radar-furuno-transpondeur-ais-avec-repartiteur-dantenne-vhf-wifi\/","url":"https:\/\/digitaldeepsea.com\/fr\/produit\/radar-furuno-transpondeur-ais-avec-repartiteur-dantenne-vhf-wifi\/","name":"Radar Furuno avec Transpondeur AIS - Digital Deep Sea","isPartOf":{"@id":"https:\/\/digitaldeepsea.com\/fr\/#website"},"primaryImageOfPage":{"@id":"https:\/\/digitaldeepsea.com\/fr\/produit\/radar-furuno-transpondeur-ais-avec-repartiteur-dantenne-vhf-wifi\/#primaryimage"},"image":{"@id":"https:\/\/digitaldeepsea.com\/fr\/produit\/radar-furuno-transpondeur-ais-avec-repartiteur-dantenne-vhf-wifi\/#primaryimage"},"thumbnailUrl":"https:\/\/digitaldeepsea.com\/fr\/wp-content\/uploads\/sites\/2\/2024\/03\/Furuno-radar-and-AIS-transponder-website.jpg","datePublished":"2024-03-13T08:54:48+00:00","dateModified":"2025-01-17T07:51:55+00:00","description":"Ce pack integre le radar Furuno DRS4w avec l'AIT5000, un transpondeur AIS Class B+ pour un syst\u00e8me de navigation sur iPad.","breadcrumb":{"@id":"https:\/\/digitaldeepsea.com\/fr\/produit\/radar-furuno-transpondeur-ais-avec-repartiteur-dantenne-vhf-wifi\/#breadcrumb"},"inLanguage":"fr-FR","potentialAction":[{"@type":"ReadAction","target":["https:\/\/digitaldeepsea.com\/fr\/produit\/radar-furuno-transpondeur-ais-avec-repartiteur-dantenne-vhf-wifi\/"]}]},{"@type":"ImageObject","inLanguage":"fr-FR","@id":"https:\/\/digitaldeepsea.com\/fr\/produit\/radar-furuno-transpondeur-ais-avec-repartiteur-dantenne-vhf-wifi\/#primaryimage","url":"https:\/\/digitaldeepsea.com\/fr\/wp-content\/uploads\/sites\/2\/2024\/03\/Furuno-radar-and-AIS-transponder-website.jpg","contentUrl":"https:\/\/digitaldeepsea.com\/fr\/wp-content\/uploads\/sites\/2\/2024\/03\/Furuno-radar-and-AIS-transponder-website.jpg","width":1000,"height":1000},{"@type":"BreadcrumbList","@id":"https:\/\/digitaldeepsea.com\/fr\/produit\/radar-furuno-transpondeur-ais-avec-repartiteur-dantenne-vhf-wifi\/#breadcrumb","itemListElement":[{"@type":"ListItem","position":1,"name":"Home","item":"https:\/\/digitaldeepsea.com\/fr\/"},{"@type":"ListItem","position":2,"name":"Produits","item":"https:\/\/digitaldeepsea.com\/fr\/produits\/"},{"@type":"ListItem","position":3,"name":"Radar Furuno &amp; Transpondeur AIS avec r\u00e9partiteur d&rsquo;antenne VHF &amp; WiFi"}]},{"@type":"WebSite","@id":"https:\/\/digitaldeepsea.com\/fr\/#website","url":"https:\/\/digitaldeepsea.com\/fr\/","name":"Digital Deep Sea","description":"","publisher":{"@id":"https:\/\/digitaldeepsea.com\/fr\/#organization"},"potentialAction":[{"@type":"SearchAction","target":{"@type":"EntryPoint","urlTemplate":"https:\/\/digitaldeepsea.com\/fr\/?s={search_term_string}"},"query-input":"required name=search_term_string"}],"inLanguage":"fr-FR"},{"@type":"Organization","@id":"https:\/\/digitaldeepsea.com\/fr\/#organization","name":"Digital Deep Sea","url":"https:\/\/digitaldeepsea.com\/fr\/","logo":{"@type":"ImageObject","inLanguage":"fr-FR","@id":"https:\/\/digitaldeepsea.com\/fr\/#\/schema\/logo\/image\/","url":"https:\/\/digitaldeepsea.com\/fr\/wp-content\/uploads\/sites\/2\/2024\/03\/logo_dy_outline_white.png","contentUrl":"https:\/\/digitaldeepsea.com\/fr\/wp-content\/uploads\/sites\/2\/2024\/03\/logo_dy_outline_white.png","width":200,"height":114,"caption":"Digital Deep Sea"},"image":{"@id":"https:\/\/digitaldeepsea.com\/fr\/#\/schema\/logo\/image\/"}}]}},"_links":{"self":[{"href":"https:\/\/digitaldeepsea.com\/fr\/wp-json\/wp\/v2\/product\/36"}],"collection":[{"href":"https:\/\/digitaldeepsea.com\/fr\/wp-json\/wp\/v2\/product"}],"about":[{"href":"https:\/\/digitaldeepsea.com\/fr\/wp-json\/wp\/v2\/types\/product"}],"wp:featuredmedia":[{"embeddable":true,"href":"https:\/\/digitaldeepsea.com\/fr\/wp-json\/wp\/v2\/media\/101"}],"wp:attachment":[{"href":"https:\/\/digitaldeepsea.com\/fr\/wp-json\/wp\/v2\/media?parent=36"}],"wp:term":[{"taxonomy":"product_cat","embeddable":true,"href":"https:\/\/digitaldeepsea.com\/fr\/wp-json\/wp\/v2\/product_cat?post=36"},{"taxonomy":"product_tag","embeddable":true,"href":"https:\/\/digitaldeepsea.com\/fr\/wp-json\/wp\/v2\/product_tag?post=36"}],"curies":[{"name":"wp","href":"https:\/\/api.w.org\/{rel}","templated":true}]}}