{"id":34,"date":"2024-03-13T08:54:48","date_gmt":"2024-03-13T08:54:48","guid":{"rendered":"https:\/\/digitaldeepsea.com\/fr\/?post_type=product&#038;p=34"},"modified":"2025-01-17T07:34:55","modified_gmt":"2025-01-17T07:34:55","slug":"4g-xtream","status":"publish","type":"product","link":"https:\/\/digitaldeepsea.com\/fr\/produit\/4g-xtream\/","title":{"rendered":"4G Xtream"},"content":{"rendered":"<h4><strong>CARACT\u00c9RISTIQUES CL\u00c9S<\/strong><\/h4>\n<p>4GXtream est notre tout dernier produit d\u2019acc\u00e8s internet LTE (cellulaire) a bord. Il est livr\u00e9 avec un pack complet comprenant deux antennes externes, des supports d\u2019antennes et les c\u00e2bles. D&rsquo;autres supports d&rsquo;antenne sont disponibles en option.<\/p>\n<p>&nbsp;<\/p>\n<p>Gr\u00e2ce \u00e0 la technologie MIMO et aux deux antennes externes LTE, 4GXtream permet d\u2019obtenir une connectivit\u00e9 internet a bord allant jusqu&rsquo;\u00e0 300 Mo (selon le r\u00e9seau). Il dispose d&rsquo;un routeur Wi-Fi int\u00e9gr\u00e9 \u00e0 double bande (2.4 &amp; 5 Ghz), de deux lecteurs de cartes SIM (avec changement automatique si n\u00e9cessaire), d&rsquo;un GPS int\u00e9gr\u00e9 (pour les applications IOT et de tracking) ainsi que d&rsquo;une interface NMEA 2000 permettant la diffusion des donn\u00e9es de navigation \u00e0 travers le r\u00e9seau Wi-Fi. Il y a \u00e9galement une interface Bluetooth pour les futures applications.<\/p>\n<p>&nbsp;<\/p>\n<p>4GXtream est un produit haut de gamme qui vient s&rsquo;ajouter \u00e0 notre gamme de syst\u00e8me internet \u00e0 bord. Il est id\u00e9al pour les grands yachts, les bateaux de travail, les remorqueurs, les navires commerciaux mais aussi les bateaux de plaisance ayant besoin d&rsquo;une connectivit\u00e9 Internet fiable et peu co\u00fbteuse.\u00a0Il est dot\u00e9 d&rsquo;un syst\u00e8me Wi-Fi ind\u00e9pendant \u00e0 double bande (2.4 et 5 GHz) permettant la connexion des appareils mobiles. Il diffuse \u00e9galement les donn\u00e9es NMEA afin que les applications et logiciels puissent utiliser les donn\u00e9es de navigation et d&rsquo;instrumentation du bateau.<\/p>\n<p>&nbsp;<\/p>\n<p>Pour une connexion avec une antenne booster Wi-Fi (pour acc\u00e9der aux hotspots des restaurants, bars, etc.), nous recommandons notre WL510 qui se connecte au port WAN.\u00a0 4GXtream peut alors agir comme un routeur et permettre \u00e0 l&rsquo;utilisateur de passer d\u2019une connexion internet par hotspot WiFi \u00e0 une connexion internet par 4G.<\/p>\n<p>&nbsp;<\/p>\n<p>Avec notre <a href=\"https:\/\/digitaldeepsea.com\/fr\/produit\/4g-connect-pro\/\" target=\"_blank\" rel=\"noopener noreferrer\">4G Connect Pro<\/a> existant, il est id\u00e9al pour assurer une connexion internet a bord des grands yachts, des bateaux de travail, des remorqueurs et des navires commerciaux qui ont besoin d&rsquo;une connectivit\u00e9 Internet c\u00f4ti\u00e8re et portuaire fiable et peu co\u00fbteuse.<\/p>\n<p>&nbsp;<\/p>\n<p>&nbsp;<\/p>\n<h4><strong>SP\u00c9CIFICIT\u00c9S<\/strong><\/h4>\n<ul>\n<li>\n<div>Derni\u00e8re technologie LTE MIMO Cat 6<\/div>\n<\/li>\n<li>\n<div>Port\u00e9e jusqu&rsquo;\u00e0 25 miles en mer (en fonction du r\u00e9seau)<\/div>\n<\/li>\n<li>\n<div>Doubles lecteurs de cartes SIM avec basculement automatique ou s\u00e9lection manuelle<\/div>\n<\/li>\n<li>\n<div>Deux antennes externes \u00e0 large bande.<\/div>\n<\/li>\n<li>\n<div>Routeur Wi-Fi int\u00e9gr\u00e9 \u00e0 double bande (2.4 &amp; 5 GHz) &#8211; configurable ind\u00e9pendamment.<\/div>\n<\/li>\n<li>\n<div>Interface NMEA 2000 int\u00e9gr\u00e9e pour transmettre les donn\u00e9es de navigation NMEA 2000 vers les applications et logiciels<\/div>\n<\/li>\n<li>\n<div>GPS int\u00e9gr\u00e9 avec une antenne GPS pour les applications IOT et le suivi du bateau.<\/div>\n<\/li>\n<li>\n<div>Bluetooth int\u00e9gr\u00e9 avec antenne pour les futures applications<\/div>\n<\/li>\n<li>\n<div>3 x ports LAN<\/div>\n<\/li>\n<li>\n<div>1 x port WAN pour une connectivit\u00e9 internet suppl\u00e9mentaire &#8211; ex : antenne booster Wi-Fi haute puissance WL510<\/div>\n<\/li>\n<li>\n<div>Entr\u00e9e &amp; sortie num\u00e9rique pour le contr\u00f4le et les applications IoT (disponible Q3 2021)<\/div>\n<\/li>\n<li>\n<div>Adressable par SMS<\/div>\n<\/li>\n<\/ul>\n<p>&nbsp;<\/p>\n<p>&nbsp;<\/p>\n<h4><strong>TECHNICIT\u00c9S<\/strong><\/h4>\n<table width=\"577\">\n<tbody>\n<tr>\n<td width=\"162\"><strong>Temp\u00e9rature<\/strong><\/p>\n<p><strong>Dimensions<\/strong><\/td>\n<td width=\"415\">&nbsp;<\/p>\n<p>\u2022-40 \u00e0 +75 C<\/p>\n<p>\u2022 Dimensions :\u00a068 x 26 x 11 cm<\/p>\n<p>Poids : 3,8kg<\/p>\n<p>Protection IPX4<\/td>\n<\/tr>\n<tr>\n<td width=\"162\"><b>Technologie<\/b><\/p>\n<p><b>4G\/LTE<\/b><\/p>\n<p><b>2G\/3G<\/b><\/td>\n<td width=\"415\">\u20224G(LTE) CAT 6 jusqu\u2019\u00e0 300 MB\/s<\/p>\n<p>\u2022Modem classe 3 (jusqu\u2019\u00e0 25 dBm)<\/p>\n<p>\u2022Supporte les bandes LTE FDD : B1, B3, B5, B7, B8, B20, B28, B32<\/p>\n<p>\u2022Supporte les bandes TDD : B38, B40, B41<\/p>\n<p>\u2022Doubles antennes MIMO<\/td>\n<\/tr>\n<tr>\n<td width=\"162\"><b>Interfaces<\/b><\/td>\n<td width=\"415\">\u20223 x port Ethernet LAN 10\/100<\/p>\n<p>\u20221 x port Ethernet WAN 10\/100<\/p>\n<p>\u2022 WiFi 802.11b\/g\/n\/ac<\/td>\n<\/tr>\n<\/tbody>\n<\/table>\n<p>&nbsp;<\/p>\n<p><strong>[faq title=\u00a0\u00bb\u00a0\u00bb open1st=\u00a0\u00bb0&Prime; openAll=\u00a0\u00bb0&Prime;][faq_item title=\u00a0\u00bbFoire Aux Questions\u00a0\u00bb number=\u00a0\u00bb\u00a0\u00bb]Content<\/strong><\/p>\n<p><strong>Qu\u2019en est-il de la 5G?<\/strong><\/p>\n<p>La 5G se d\u00e9veloppe de plus en plus et concerne essentiellement les communications tr\u00e8s rapides et de courte port\u00e9e. Elle s&rsquo;applique aux zones urbaines \u00e0 forte densit\u00e9 de population, avec un besoin de t\u00e9l\u00e9chargements tr\u00e8s rapides. Certaines des bandes attribu\u00e9es \u00e0 cette technologie se situent dans la gamme de fr\u00e9quences 3,4-3,6 GHz et m\u00eame 24-52 GHz, c&rsquo;est-\u00e0-dire des fr\u00e9quences ultra-hautes \u00e0 tr\u00e8s courte port\u00e9e. Pour l\u2019industrie maritime, ce n&rsquo;est pas l&rsquo;id\u00e9al, la 4G continuera donc de pr\u00e9valoir. Cela dit, le d\u00e9veloppement du r\u00e9seau 5G va aussi permettre d\u2019am\u00e9liorer le r\u00e9seau d&rsquo;infrastructure 4G. La technologie 4G LTE reste la meilleure option pour l&rsquo;acc\u00e8s \u00e0 internet en mer. Le 4GXtream peut, bien entendu, prendre en charge d&rsquo;autres sources d&rsquo;acc\u00e8s \u00e0 Internet via son port WAN (satellite, antenne booster Wi-Fi).<\/p>\n<p>&nbsp;<\/p>\n<p><strong>Puis-je visualiser mes donn\u00e9es de navigation NMEA 2000 \u00e0 distance ?<\/strong><\/p>\n<p>4GXtream poss\u00e8de une interface NMEA 2000 int\u00e9gr\u00e9e qui permet aux applications et logiciels de navigation des appareils connect\u00e9s au syst\u00e8me d&rsquo;utiliser les donn\u00e9es NMEA 2000 du bateau. Les donn\u00e9es GPS, AIS et des instruments sont diffus\u00e9es en continu depuis le syst\u00e8me du bateau via le r\u00e9seau Wi-Fi du 4GXstream. La m\u00e9thode la plus simple pour visualiser ces donn\u00e9es \u00e0 distance serait de mettre en place un VPN (r\u00e9seau priv\u00e9 virtuel). Le 4GXtream prend en charge les VPN. Cette technologie a fait ses preuves, mais sa mise en \u0153uvre n\u00e9cessite des connaissances sp\u00e9cialis\u00e9es en mati\u00e8re de r\u00e9seaux IP. 4GXtream prend \u00e9galement en charge MQTT pour les applications IOT et ZeroTier pour l&rsquo;acc\u00e8s \u00e0 distance. Nous pensons que des applications maritimes tierces seront d\u00e9velopp\u00e9es pour ces plateformes. 4GXtream prend \u00e9galement en charge la transmission par SMS des donn\u00e9es GPS et des alertes gr\u00e2ce \u00e0 son antenne GPS fournie.<\/p>\n<p>&nbsp;<\/p>\n<p><strong>O\u00f9 faut-il monter les antennes externes ?<\/strong><\/p>\n<p>Le 4GXtream est livr\u00e9 avec deux antennes externes. Elles doivent \u00eatre install\u00e9es \u00e0 au moins 50 cm l&rsquo;une de l&rsquo;autre pour des performances optimales. Si la hauteur est un avantage, il faut \u00e9galement tenir compte de la longueur de c\u00e2bles. Les c\u00e2bles standards (LMR200) mesurent 7 m de long et ne doivent pas \u00eatre rallong\u00e9s. Le plus souvent, les antennes sont install\u00e9es sur le premier jeu de barres de fl\u00e8che d&rsquo;un voilier, sur l&rsquo;arceau du radar ou sur le m\u00e2t arri\u00e8re\/la plate-forme du panneau solaire. Des c\u00e2bles de 10 et 20 m sont disponibles en option. Ils utilisent le mod\u00e8le coaxial sp\u00e9cialis\u00e9 LMR400 pour des pertes minimales.<\/p>\n<p>&nbsp;<\/p>\n<p><strong>Puis-je utiliser le r\u00e9seau Wi-Fi interne pour me connecter au r\u00e9seau Wi-Fi du port ?<\/strong><\/p>\n<p>Oui, c&rsquo;est possible. Un r\u00e9seau Wi-Fi peut \u00eatre utilis\u00e9 pour se connecter \u00e0 un hotspot sur la c\u00f4te (2.4GHz) et l\u2019autre r\u00e9seau Wi-Fi (5 GHz) est utilis\u00e9 pour cr\u00e9er le r\u00e9seau Wi-Fi interne \u00e0 bord, mais ce n&rsquo;est pas recommand\u00e9 ni soutenu. Nous recommandons l&rsquo;utilisation de notre antenne booster Wi-Fi WL510 connect\u00e9 au port WAN pour acc\u00e9der \u00e0 un hotspot Wi-Fi (port\u00e9e jusqu\u2019\u00e0 6 miles.<strong>[\/faq_item][\/faq]<\/strong><\/p>\n<h5><\/h5>\n","protected":false},"excerpt":{"rendered":"<p>\u00ab Le 4G Xtream est la nouvelle solution professionnelle d\u2019acc\u00e8s a internet LTE et aux donn\u00e9es NMEA 2000. Il offre une connectivit\u00e9 rapide jusqu&rsquo;a 300 Mo et\u00a0permet l&rsquo;interconnexion des appareils mobiles. \u00bb<\/p>\n","protected":false},"featured_media":79,"template":"","meta":[],"product_cat":[17],"product_tag":[48,49,50,18,51],"yoast_head":"<!-- This site is optimized with the Yoast SEO plugin v22.7 - https:\/\/yoast.com\/wordpress\/plugins\/seo\/ -->\n<title>4G Xtream - Solution internet a bord - Digital Deep Sea<\/title>\n<meta name=\"description\" content=\"Le 4G Xtream est la nouvelle solution professionnelle permettant un acces a internet et aux donn\u00e9es NMEA 2000 a bord d&#039;un bateau.\" \/>\n<meta name=\"robots\" content=\"index, follow, max-snippet:-1, max-image-preview:large, max-video-preview:-1\" \/>\n<link rel=\"canonical\" href=\"https:\/\/digitaldeepsea.com\/fr\/produit\/4g-xtream\/\" \/>\n<meta property=\"og:locale\" content=\"fr_FR\" \/>\n<meta property=\"og:type\" content=\"article\" \/>\n<meta property=\"og:title\" content=\"4G Xtream - Solution internet a bord - Digital Deep Sea\" \/>\n<meta property=\"og:description\" content=\"Le 4G Xtream est la nouvelle solution professionnelle permettant un acces a internet et aux donn\u00e9es NMEA 2000 a bord d&#039;un bateau.\" \/>\n<meta property=\"og:url\" content=\"https:\/\/digitaldeepsea.com\/fr\/produit\/4g-xtream\/\" \/>\n<meta property=\"og:site_name\" content=\"Digital Deep Sea France\" \/>\n<meta property=\"article:modified_time\" content=\"2025-01-17T07:34:55+00:00\" \/>\n<meta property=\"og:image\" content=\"https:\/\/digitaldeepsea.com\/fr\/wp-content\/uploads\/sites\/2\/2024\/03\/4g-1.jpg\" \/>\n\t<meta property=\"og:image:width\" content=\"1000\" \/>\n\t<meta property=\"og:image:height\" content=\"1000\" \/>\n\t<meta property=\"og:image:type\" content=\"image\/jpeg\" \/>\n<meta name=\"twitter:card\" content=\"summary_large_image\" \/>\n<meta name=\"twitter:label1\" content=\"Dur\u00e9e de lecture estim\u00e9e\" \/>\n\t<meta name=\"twitter:data1\" content=\"6 minutes\" \/>\n<script type=\"application\/ld+json\" class=\"yoast-schema-graph\">{\"@context\":\"https:\/\/schema.org\",\"@graph\":[{\"@type\":\"WebPage\",\"@id\":\"https:\/\/digitaldeepsea.com\/fr\/produit\/4g-xtream\/\",\"url\":\"https:\/\/digitaldeepsea.com\/fr\/produit\/4g-xtream\/\",\"name\":\"4G Xtream - Solution internet a bord - Digital Deep Sea\",\"isPartOf\":{\"@id\":\"https:\/\/digitaldeepsea.com\/fr\/#website\"},\"primaryImageOfPage\":{\"@id\":\"https:\/\/digitaldeepsea.com\/fr\/produit\/4g-xtream\/#primaryimage\"},\"image\":{\"@id\":\"https:\/\/digitaldeepsea.com\/fr\/produit\/4g-xtream\/#primaryimage\"},\"thumbnailUrl\":\"https:\/\/digitaldeepsea.com\/fr\/wp-content\/uploads\/sites\/2\/2024\/03\/4g-1.jpg\",\"datePublished\":\"2024-03-13T08:54:48+00:00\",\"dateModified\":\"2025-01-17T07:34:55+00:00\",\"description\":\"Le 4G Xtream est la nouvelle solution professionnelle permettant un acces a internet et aux donn\u00e9es NMEA 2000 a bord d'un bateau.\",\"breadcrumb\":{\"@id\":\"https:\/\/digitaldeepsea.com\/fr\/produit\/4g-xtream\/#breadcrumb\"},\"inLanguage\":\"fr-FR\",\"potentialAction\":[{\"@type\":\"ReadAction\",\"target\":[\"https:\/\/digitaldeepsea.com\/fr\/produit\/4g-xtream\/\"]}]},{\"@type\":\"ImageObject\",\"inLanguage\":\"fr-FR\",\"@id\":\"https:\/\/digitaldeepsea.com\/fr\/produit\/4g-xtream\/#primaryimage\",\"url\":\"https:\/\/digitaldeepsea.com\/fr\/wp-content\/uploads\/sites\/2\/2024\/03\/4g-1.jpg\",\"contentUrl\":\"https:\/\/digitaldeepsea.com\/fr\/wp-content\/uploads\/sites\/2\/2024\/03\/4g-1.jpg\",\"width\":1000,\"height\":1000},{\"@type\":\"BreadcrumbList\",\"@id\":\"https:\/\/digitaldeepsea.com\/fr\/produit\/4g-xtream\/#breadcrumb\",\"itemListElement\":[{\"@type\":\"ListItem\",\"position\":1,\"name\":\"Home\",\"item\":\"https:\/\/digitaldeepsea.com\/fr\/\"},{\"@type\":\"ListItem\",\"position\":2,\"name\":\"Produits\",\"item\":\"https:\/\/digitaldeepsea.com\/fr\/produits\/\"},{\"@type\":\"ListItem\",\"position\":3,\"name\":\"4G Xtream\"}]},{\"@type\":\"WebSite\",\"@id\":\"https:\/\/digitaldeepsea.com\/fr\/#website\",\"url\":\"https:\/\/digitaldeepsea.com\/fr\/\",\"name\":\"Digital Deep Sea\",\"description\":\"\",\"publisher\":{\"@id\":\"https:\/\/digitaldeepsea.com\/fr\/#organization\"},\"potentialAction\":[{\"@type\":\"SearchAction\",\"target\":{\"@type\":\"EntryPoint\",\"urlTemplate\":\"https:\/\/digitaldeepsea.com\/fr\/?s={search_term_string}\"},\"query-input\":\"required name=search_term_string\"}],\"inLanguage\":\"fr-FR\"},{\"@type\":\"Organization\",\"@id\":\"https:\/\/digitaldeepsea.com\/fr\/#organization\",\"name\":\"Digital Deep Sea\",\"url\":\"https:\/\/digitaldeepsea.com\/fr\/\",\"logo\":{\"@type\":\"ImageObject\",\"inLanguage\":\"fr-FR\",\"@id\":\"https:\/\/digitaldeepsea.com\/fr\/#\/schema\/logo\/image\/\",\"url\":\"https:\/\/digitaldeepsea.com\/fr\/wp-content\/uploads\/sites\/2\/2024\/03\/logo_dy_outline_white.png\",\"contentUrl\":\"https:\/\/digitaldeepsea.com\/fr\/wp-content\/uploads\/sites\/2\/2024\/03\/logo_dy_outline_white.png\",\"width\":200,\"height\":114,\"caption\":\"Digital Deep Sea\"},\"image\":{\"@id\":\"https:\/\/digitaldeepsea.com\/fr\/#\/schema\/logo\/image\/\"}}]}<\/script>\n<!-- \/ Yoast SEO plugin. -->","yoast_head_json":{"title":"4G Xtream - Solution internet a bord - Digital Deep Sea","description":"Le 4G Xtream est la nouvelle solution professionnelle permettant un acces a internet et aux donn\u00e9es NMEA 2000 a bord d'un bateau.","robots":{"index":"index","follow":"follow","max-snippet":"max-snippet:-1","max-image-preview":"max-image-preview:large","max-video-preview":"max-video-preview:-1"},"canonical":"https:\/\/digitaldeepsea.com\/fr\/produit\/4g-xtream\/","og_locale":"fr_FR","og_type":"article","og_title":"4G Xtream - Solution internet a bord - Digital Deep Sea","og_description":"Le 4G Xtream est la nouvelle solution professionnelle permettant un acces a internet et aux donn\u00e9es NMEA 2000 a bord d'un bateau.","og_url":"https:\/\/digitaldeepsea.com\/fr\/produit\/4g-xtream\/","og_site_name":"Digital Deep Sea France","article_modified_time":"2025-01-17T07:34:55+00:00","og_image":[{"width":1000,"height":1000,"url":"https:\/\/digitaldeepsea.com\/fr\/wp-content\/uploads\/sites\/2\/2024\/03\/4g-1.jpg","type":"image\/jpeg"}],"twitter_card":"summary_large_image","twitter_misc":{"Dur\u00e9e de lecture estim\u00e9e":"6 minutes"},"schema":{"@context":"https:\/\/schema.org","@graph":[{"@type":"WebPage","@id":"https:\/\/digitaldeepsea.com\/fr\/produit\/4g-xtream\/","url":"https:\/\/digitaldeepsea.com\/fr\/produit\/4g-xtream\/","name":"4G Xtream - Solution internet a bord - Digital Deep Sea","isPartOf":{"@id":"https:\/\/digitaldeepsea.com\/fr\/#website"},"primaryImageOfPage":{"@id":"https:\/\/digitaldeepsea.com\/fr\/produit\/4g-xtream\/#primaryimage"},"image":{"@id":"https:\/\/digitaldeepsea.com\/fr\/produit\/4g-xtream\/#primaryimage"},"thumbnailUrl":"https:\/\/digitaldeepsea.com\/fr\/wp-content\/uploads\/sites\/2\/2024\/03\/4g-1.jpg","datePublished":"2024-03-13T08:54:48+00:00","dateModified":"2025-01-17T07:34:55+00:00","description":"Le 4G Xtream est la nouvelle solution professionnelle permettant un acces a internet et aux donn\u00e9es NMEA 2000 a bord d'un bateau.","breadcrumb":{"@id":"https:\/\/digitaldeepsea.com\/fr\/produit\/4g-xtream\/#breadcrumb"},"inLanguage":"fr-FR","potentialAction":[{"@type":"ReadAction","target":["https:\/\/digitaldeepsea.com\/fr\/produit\/4g-xtream\/"]}]},{"@type":"ImageObject","inLanguage":"fr-FR","@id":"https:\/\/digitaldeepsea.com\/fr\/produit\/4g-xtream\/#primaryimage","url":"https:\/\/digitaldeepsea.com\/fr\/wp-content\/uploads\/sites\/2\/2024\/03\/4g-1.jpg","contentUrl":"https:\/\/digitaldeepsea.com\/fr\/wp-content\/uploads\/sites\/2\/2024\/03\/4g-1.jpg","width":1000,"height":1000},{"@type":"BreadcrumbList","@id":"https:\/\/digitaldeepsea.com\/fr\/produit\/4g-xtream\/#breadcrumb","itemListElement":[{"@type":"ListItem","position":1,"name":"Home","item":"https:\/\/digitaldeepsea.com\/fr\/"},{"@type":"ListItem","position":2,"name":"Produits","item":"https:\/\/digitaldeepsea.com\/fr\/produits\/"},{"@type":"ListItem","position":3,"name":"4G Xtream"}]},{"@type":"WebSite","@id":"https:\/\/digitaldeepsea.com\/fr\/#website","url":"https:\/\/digitaldeepsea.com\/fr\/","name":"Digital Deep Sea","description":"","publisher":{"@id":"https:\/\/digitaldeepsea.com\/fr\/#organization"},"potentialAction":[{"@type":"SearchAction","target":{"@type":"EntryPoint","urlTemplate":"https:\/\/digitaldeepsea.com\/fr\/?s={search_term_string}"},"query-input":"required name=search_term_string"}],"inLanguage":"fr-FR"},{"@type":"Organization","@id":"https:\/\/digitaldeepsea.com\/fr\/#organization","name":"Digital Deep Sea","url":"https:\/\/digitaldeepsea.com\/fr\/","logo":{"@type":"ImageObject","inLanguage":"fr-FR","@id":"https:\/\/digitaldeepsea.com\/fr\/#\/schema\/logo\/image\/","url":"https:\/\/digitaldeepsea.com\/fr\/wp-content\/uploads\/sites\/2\/2024\/03\/logo_dy_outline_white.png","contentUrl":"https:\/\/digitaldeepsea.com\/fr\/wp-content\/uploads\/sites\/2\/2024\/03\/logo_dy_outline_white.png","width":200,"height":114,"caption":"Digital Deep Sea"},"image":{"@id":"https:\/\/digitaldeepsea.com\/fr\/#\/schema\/logo\/image\/"}}]}},"_links":{"self":[{"href":"https:\/\/digitaldeepsea.com\/fr\/wp-json\/wp\/v2\/product\/34"}],"collection":[{"href":"https:\/\/digitaldeepsea.com\/fr\/wp-json\/wp\/v2\/product"}],"about":[{"href":"https:\/\/digitaldeepsea.com\/fr\/wp-json\/wp\/v2\/types\/product"}],"wp:featuredmedia":[{"embeddable":true,"href":"https:\/\/digitaldeepsea.com\/fr\/wp-json\/wp\/v2\/media\/79"}],"wp:attachment":[{"href":"https:\/\/digitaldeepsea.com\/fr\/wp-json\/wp\/v2\/media?parent=34"}],"wp:term":[{"taxonomy":"product_cat","embeddable":true,"href":"https:\/\/digitaldeepsea.com\/fr\/wp-json\/wp\/v2\/product_cat?post=34"},{"taxonomy":"product_tag","embeddable":true,"href":"https:\/\/digitaldeepsea.com\/fr\/wp-json\/wp\/v2\/product_tag?post=34"}],"curies":[{"name":"wp","href":"https:\/\/api.w.org\/{rel}","templated":true}]}}