{"id":33,"date":"2024-03-13T08:54:48","date_gmt":"2024-03-13T08:54:48","guid":{"rendered":"https:\/\/digitaldeepsea.com\/fr\/?post_type=product&#038;p=33"},"modified":"2025-01-17T07:51:54","modified_gmt":"2025-01-17T07:51:54","slug":"ais-deploy","status":"publish","type":"product","link":"https:\/\/digitaldeepsea.com\/fr\/produit\/ais-deploy\/","title":{"rendered":"AIS Deploy"},"content":{"rendered":"<h4><strong>CARACT\u00c9RISTIQUES CL\u00c9S<\/strong><\/h4>\n<p>AIS Deploy est un transpondeur AIS classe A portable. Fourni avec des antennes GPS et VHF ainsi qu\u2019une batterie rechargeable int\u00e9gr\u00e9e de 12 V DC, il est autonome et tr\u00e8s robuste. En plus de l\u2019afficheur (MKD), il integre une interface sans fil permettant aux tablettes et aux iPads d\u2019utiliser les donn\u00e9es sur toutes les applications compatibles.<\/p>\n<p>&nbsp;<\/p>\n<p>Son format portable permet d\u2019installer rapidement le transpondeur AIS et tout le systeme de navigation sur n\u2019importe quel bateau. Son utilisation est ideale pour les applications de pilotage, militaires et professionnelles.\u00a0L&rsquo;AIS Deploy est autonome gr\u00e2ce \u00e0 sa batterie int\u00e9gr\u00e9e et rechargeable de 12V 22Ah ainsiqu\u2019a ses antennes GPS et VHF portables.\u00a0 Ultra robuste et \u00e9tanche il est concu pour \u00eatretransport\u00e9, sa taille \u00e9tant adapt\u00e9e \u00e0 la cabine d&rsquo;un avion.<\/p>\n<p>&nbsp;<\/p>\n<p>Les transpondeurs AIS n\u00e9cessitent une antenne GPS et VHF pour fonctionner.\u00a0 AIS Deploy est fourni avec une antenne GPS compacte et deux antennes VHF &#8211; l&rsquo;antenne h\u00e9lico\u00efdaleQMax 25cm et \u00e9galement une antenne gonflable de 1m avec des sangles permettant un montage rapide sur un support.\u00a0 Il peut \u00e9galement \u00eatre connect\u00e9 \u00e0 n&rsquo;importe quelle antenneVHF standard si elle est disponible.<\/p>\n<p>&nbsp;<\/p>\n<p>L&rsquo;AIS Deploy poss\u00e8de toutes les fonctions traditionnelles de l\u2019AIS classe A, soit une puissance d&rsquo;\u00e9mission de 12 watts et un affichage permettant la saisie des donn\u00e9es de d\u00e9placement.\u00a0L&rsquo;appareil est dot\u00e9 de prises externes pour les antennes et d\u2019une source d&rsquo;alimentationsuppl\u00e9mentaire en option. Le bo\u00eetier peut ensuite \u00eatre ferm\u00e9 pour assurer l\u2019\u00e9tanch\u00e9it\u00e9 du systeme. Les donn\u00e9es sont transmises via une interface sans fil et sont prot\u00e9g\u00e9es par un mot de passe.\u00a0L&rsquo;interface sans fil peut transmettre simultanement des donn\u00e9es \u00e0 plusieurs tablettes, iPads, PC, etc. De plus elle est compatible avec des centaines d&rsquo;applications de cartographie et de navigation.<\/p>\n<p>&nbsp;<\/p>\n<p>Pour les op\u00e9rations gouvernementales approuv\u00e9es, AIS Deploy peut \u00eatre fourni avec un syst\u00e8me de localisation fonctionnant sur un PC ou une tablette Windows ordinaire, ce qui permet d&rsquo;usurper la position AIS vers d&rsquo;autres emplacements et avec des navires dont la vitesse et le cap sont diff\u00e8rents.\u00a0 L&rsquo;identit\u00e9 du bateau peut \u00e9galement \u00eatre modifi\u00e9e.<\/p>\n<p>&nbsp;<\/p>\n<p>La pr\u00e9sentation compl\u00e8te de l&rsquo;AISDeploy peut \u00eatre t\u00e9l\u00e9charg\u00e9 <a href=\"https:\/\/digitaldeepsea.com\/fr\/wp-content\/uploads\/sites\/2\/media\/2021\/01\/Pr\u00e9sentation-Produit-AIS-Deploy.pdf\" target=\"_blank\" rel=\"noopener noreferrer\">en cliquant ici<\/a>.<\/p>\n<p>&nbsp;<\/p>\n<p>&nbsp;<\/p>\n<h4><strong>SP\u00c9CIFICIT\u00c9S<\/strong><\/h4>\n<ul>\n<li>\n<div>Transpondeur AIS classe A portable<\/div>\n<\/li>\n<li>\n<div>Syst\u00e8me AIS classe A approuv\u00e9 par l&rsquo;OMI (sous r\u00e9serve d&rsquo;une installation correcte)<\/div>\n<\/li>\n<li>\n<div>\u00c9cran multifonctions avec interface wifi pour la connexion \u00e0 une tablette et \u00e0 un iPad (pour les applications de navigation)<\/div>\n<\/li>\n<li>\n<div>Batterie interne 22AH 12V DC permettant un fonctionnement continu 24h\/24<\/div>\n<\/li>\n<li>\n<div>Prises 12V et USB pour les tablettes et les PC<\/div>\n<\/li>\n<li>\n<div>Autonome, robuste et \u00e9tanche<\/div>\n<\/li>\n<\/ul>\n<p>&nbsp;<\/p>\n<h5><\/h5>\n<h4><strong>LIVR<\/strong><strong>\u00c9 <\/strong><strong>AVEC\u00a0<\/strong><\/h4>\n<ul>\n<li>Antenne GPS portable, cable d\u2019alimentation de 5 cm<\/li>\n<li>Choix entre 2 antennes VHF \u2013 Qmax compact de 25 cm ou antenne gonflable de 1m<\/li>\n<li>S\u00e9lection de multiples adaptateurs pour une connexion a des antennes tierces<\/li>\n<li>Chargeur externe AC-DC 12V 4A<\/li>\n<li>Pochette de stockage interne pour les accessoires<\/li>\n<li>Velcro pour fixer la tablette<\/li>\n<li>Double alimentation, USB et allume cigare<\/li>\n<\/ul>\n<p>&nbsp;<\/p>\n<p>&nbsp;<\/p>\n","protected":false},"excerpt":{"rendered":"<p>\u00ab\u00a0AIS Deploy est un transpondeur AIS classe A portable. Fourni avec des antennes GPS et VHF ainsi qu\u2019une batterie rechargeable int\u00e9gr\u00e9e de 12 V DC, il est autonome et tr\u00e8s robuste. En plus de l\u2019afficheur (MKD), il integre une interface sans fil permettant aux tablettes et aux iPads d\u2019utiliser les donn\u00e9es sur toutes les applications compatibles.\u00a0\u00bb<\/p>\n","protected":false},"featured_media":75,"template":"","meta":[],"product_cat":[21,36],"product_tag":[44,38,45,46,47],"yoast_head":"<!-- This site is optimized with the Yoast SEO plugin v22.7 - https:\/\/yoast.com\/wordpress\/plugins\/seo\/ -->\n<title>AIS Deploy - Transpondeur AIS Classe A Portable - Digital Deep Sea<\/title>\n<meta name=\"description\" content=\"AIS Deploy est un transpondeur AIS Classe A portable fourni avec des antennes GPS et VHF et une batterie rechargeable int\u00e9gr\u00e9e de 12V DC.\" \/>\n<meta name=\"robots\" content=\"index, follow, max-snippet:-1, max-image-preview:large, max-video-preview:-1\" \/>\n<link rel=\"canonical\" href=\"https:\/\/digitaldeepsea.com\/fr\/produit\/ais-deploy\/\" \/>\n<meta property=\"og:locale\" content=\"fr_FR\" \/>\n<meta property=\"og:type\" content=\"article\" \/>\n<meta property=\"og:title\" content=\"AIS Deploy - Transpondeur AIS Classe A Portable - Digital Deep Sea\" \/>\n<meta property=\"og:description\" content=\"AIS Deploy est un transpondeur AIS Classe A portable fourni avec des antennes GPS et VHF et une batterie rechargeable int\u00e9gr\u00e9e de 12V DC.\" \/>\n<meta property=\"og:url\" content=\"https:\/\/digitaldeepsea.com\/fr\/produit\/ais-deploy\/\" \/>\n<meta property=\"og:site_name\" content=\"Digital Deep Sea France\" \/>\n<meta property=\"article:modified_time\" content=\"2025-01-17T07:51:54+00:00\" \/>\n<meta property=\"og:image\" content=\"https:\/\/digitaldeepsea.com\/fr\/wp-content\/uploads\/sites\/2\/2024\/03\/AIS-Deploy.jpg\" \/>\n\t<meta property=\"og:image:width\" content=\"800\" \/>\n\t<meta property=\"og:image:height\" content=\"800\" \/>\n\t<meta property=\"og:image:type\" content=\"image\/jpeg\" \/>\n<meta name=\"twitter:card\" content=\"summary_large_image\" \/>\n<meta name=\"twitter:label1\" content=\"Dur\u00e9e de lecture estim\u00e9e\" \/>\n\t<meta name=\"twitter:data1\" content=\"3 minutes\" \/>\n<script type=\"application\/ld+json\" class=\"yoast-schema-graph\">{\"@context\":\"https:\/\/schema.org\",\"@graph\":[{\"@type\":\"WebPage\",\"@id\":\"https:\/\/digitaldeepsea.com\/fr\/produit\/ais-deploy\/\",\"url\":\"https:\/\/digitaldeepsea.com\/fr\/produit\/ais-deploy\/\",\"name\":\"AIS Deploy - Transpondeur AIS Classe A Portable - Digital Deep Sea\",\"isPartOf\":{\"@id\":\"https:\/\/digitaldeepsea.com\/fr\/#website\"},\"primaryImageOfPage\":{\"@id\":\"https:\/\/digitaldeepsea.com\/fr\/produit\/ais-deploy\/#primaryimage\"},\"image\":{\"@id\":\"https:\/\/digitaldeepsea.com\/fr\/produit\/ais-deploy\/#primaryimage\"},\"thumbnailUrl\":\"https:\/\/digitaldeepsea.com\/fr\/wp-content\/uploads\/sites\/2\/2024\/03\/AIS-Deploy.jpg\",\"datePublished\":\"2024-03-13T08:54:48+00:00\",\"dateModified\":\"2025-01-17T07:51:54+00:00\",\"description\":\"AIS Deploy est un transpondeur AIS Classe A portable fourni avec des antennes GPS et VHF et une batterie rechargeable int\u00e9gr\u00e9e de 12V DC.\",\"breadcrumb\":{\"@id\":\"https:\/\/digitaldeepsea.com\/fr\/produit\/ais-deploy\/#breadcrumb\"},\"inLanguage\":\"fr-FR\",\"potentialAction\":[{\"@type\":\"ReadAction\",\"target\":[\"https:\/\/digitaldeepsea.com\/fr\/produit\/ais-deploy\/\"]}]},{\"@type\":\"ImageObject\",\"inLanguage\":\"fr-FR\",\"@id\":\"https:\/\/digitaldeepsea.com\/fr\/produit\/ais-deploy\/#primaryimage\",\"url\":\"https:\/\/digitaldeepsea.com\/fr\/wp-content\/uploads\/sites\/2\/2024\/03\/AIS-Deploy.jpg\",\"contentUrl\":\"https:\/\/digitaldeepsea.com\/fr\/wp-content\/uploads\/sites\/2\/2024\/03\/AIS-Deploy.jpg\",\"width\":800,\"height\":800},{\"@type\":\"BreadcrumbList\",\"@id\":\"https:\/\/digitaldeepsea.com\/fr\/produit\/ais-deploy\/#breadcrumb\",\"itemListElement\":[{\"@type\":\"ListItem\",\"position\":1,\"name\":\"Home\",\"item\":\"https:\/\/digitaldeepsea.com\/fr\/\"},{\"@type\":\"ListItem\",\"position\":2,\"name\":\"Produits\",\"item\":\"https:\/\/digitaldeepsea.com\/fr\/produits\/\"},{\"@type\":\"ListItem\",\"position\":3,\"name\":\"AIS Deploy\"}]},{\"@type\":\"WebSite\",\"@id\":\"https:\/\/digitaldeepsea.com\/fr\/#website\",\"url\":\"https:\/\/digitaldeepsea.com\/fr\/\",\"name\":\"Digital Deep Sea\",\"description\":\"\",\"publisher\":{\"@id\":\"https:\/\/digitaldeepsea.com\/fr\/#organization\"},\"potentialAction\":[{\"@type\":\"SearchAction\",\"target\":{\"@type\":\"EntryPoint\",\"urlTemplate\":\"https:\/\/digitaldeepsea.com\/fr\/?s={search_term_string}\"},\"query-input\":\"required name=search_term_string\"}],\"inLanguage\":\"fr-FR\"},{\"@type\":\"Organization\",\"@id\":\"https:\/\/digitaldeepsea.com\/fr\/#organization\",\"name\":\"Digital Deep Sea\",\"url\":\"https:\/\/digitaldeepsea.com\/fr\/\",\"logo\":{\"@type\":\"ImageObject\",\"inLanguage\":\"fr-FR\",\"@id\":\"https:\/\/digitaldeepsea.com\/fr\/#\/schema\/logo\/image\/\",\"url\":\"https:\/\/digitaldeepsea.com\/fr\/wp-content\/uploads\/sites\/2\/2024\/03\/logo_dy_outline_white.png\",\"contentUrl\":\"https:\/\/digitaldeepsea.com\/fr\/wp-content\/uploads\/sites\/2\/2024\/03\/logo_dy_outline_white.png\",\"width\":200,\"height\":114,\"caption\":\"Digital Deep Sea\"},\"image\":{\"@id\":\"https:\/\/digitaldeepsea.com\/fr\/#\/schema\/logo\/image\/\"}}]}<\/script>\n<!-- \/ Yoast SEO plugin. -->","yoast_head_json":{"title":"AIS Deploy - Transpondeur AIS Classe A Portable - Digital Deep Sea","description":"AIS Deploy est un transpondeur AIS Classe A portable fourni avec des antennes GPS et VHF et une batterie rechargeable int\u00e9gr\u00e9e de 12V DC.","robots":{"index":"index","follow":"follow","max-snippet":"max-snippet:-1","max-image-preview":"max-image-preview:large","max-video-preview":"max-video-preview:-1"},"canonical":"https:\/\/digitaldeepsea.com\/fr\/produit\/ais-deploy\/","og_locale":"fr_FR","og_type":"article","og_title":"AIS Deploy - Transpondeur AIS Classe A Portable - Digital Deep Sea","og_description":"AIS Deploy est un transpondeur AIS Classe A portable fourni avec des antennes GPS et VHF et une batterie rechargeable int\u00e9gr\u00e9e de 12V DC.","og_url":"https:\/\/digitaldeepsea.com\/fr\/produit\/ais-deploy\/","og_site_name":"Digital Deep Sea France","article_modified_time":"2025-01-17T07:51:54+00:00","og_image":[{"width":800,"height":800,"url":"https:\/\/digitaldeepsea.com\/fr\/wp-content\/uploads\/sites\/2\/2024\/03\/AIS-Deploy.jpg","type":"image\/jpeg"}],"twitter_card":"summary_large_image","twitter_misc":{"Dur\u00e9e de lecture estim\u00e9e":"3 minutes"},"schema":{"@context":"https:\/\/schema.org","@graph":[{"@type":"WebPage","@id":"https:\/\/digitaldeepsea.com\/fr\/produit\/ais-deploy\/","url":"https:\/\/digitaldeepsea.com\/fr\/produit\/ais-deploy\/","name":"AIS Deploy - Transpondeur AIS Classe A Portable - Digital Deep Sea","isPartOf":{"@id":"https:\/\/digitaldeepsea.com\/fr\/#website"},"primaryImageOfPage":{"@id":"https:\/\/digitaldeepsea.com\/fr\/produit\/ais-deploy\/#primaryimage"},"image":{"@id":"https:\/\/digitaldeepsea.com\/fr\/produit\/ais-deploy\/#primaryimage"},"thumbnailUrl":"https:\/\/digitaldeepsea.com\/fr\/wp-content\/uploads\/sites\/2\/2024\/03\/AIS-Deploy.jpg","datePublished":"2024-03-13T08:54:48+00:00","dateModified":"2025-01-17T07:51:54+00:00","description":"AIS Deploy est un transpondeur AIS Classe A portable fourni avec des antennes GPS et VHF et une batterie rechargeable int\u00e9gr\u00e9e de 12V DC.","breadcrumb":{"@id":"https:\/\/digitaldeepsea.com\/fr\/produit\/ais-deploy\/#breadcrumb"},"inLanguage":"fr-FR","potentialAction":[{"@type":"ReadAction","target":["https:\/\/digitaldeepsea.com\/fr\/produit\/ais-deploy\/"]}]},{"@type":"ImageObject","inLanguage":"fr-FR","@id":"https:\/\/digitaldeepsea.com\/fr\/produit\/ais-deploy\/#primaryimage","url":"https:\/\/digitaldeepsea.com\/fr\/wp-content\/uploads\/sites\/2\/2024\/03\/AIS-Deploy.jpg","contentUrl":"https:\/\/digitaldeepsea.com\/fr\/wp-content\/uploads\/sites\/2\/2024\/03\/AIS-Deploy.jpg","width":800,"height":800},{"@type":"BreadcrumbList","@id":"https:\/\/digitaldeepsea.com\/fr\/produit\/ais-deploy\/#breadcrumb","itemListElement":[{"@type":"ListItem","position":1,"name":"Home","item":"https:\/\/digitaldeepsea.com\/fr\/"},{"@type":"ListItem","position":2,"name":"Produits","item":"https:\/\/digitaldeepsea.com\/fr\/produits\/"},{"@type":"ListItem","position":3,"name":"AIS Deploy"}]},{"@type":"WebSite","@id":"https:\/\/digitaldeepsea.com\/fr\/#website","url":"https:\/\/digitaldeepsea.com\/fr\/","name":"Digital Deep Sea","description":"","publisher":{"@id":"https:\/\/digitaldeepsea.com\/fr\/#organization"},"potentialAction":[{"@type":"SearchAction","target":{"@type":"EntryPoint","urlTemplate":"https:\/\/digitaldeepsea.com\/fr\/?s={search_term_string}"},"query-input":"required name=search_term_string"}],"inLanguage":"fr-FR"},{"@type":"Organization","@id":"https:\/\/digitaldeepsea.com\/fr\/#organization","name":"Digital Deep Sea","url":"https:\/\/digitaldeepsea.com\/fr\/","logo":{"@type":"ImageObject","inLanguage":"fr-FR","@id":"https:\/\/digitaldeepsea.com\/fr\/#\/schema\/logo\/image\/","url":"https:\/\/digitaldeepsea.com\/fr\/wp-content\/uploads\/sites\/2\/2024\/03\/logo_dy_outline_white.png","contentUrl":"https:\/\/digitaldeepsea.com\/fr\/wp-content\/uploads\/sites\/2\/2024\/03\/logo_dy_outline_white.png","width":200,"height":114,"caption":"Digital Deep Sea"},"image":{"@id":"https:\/\/digitaldeepsea.com\/fr\/#\/schema\/logo\/image\/"}}]}},"_links":{"self":[{"href":"https:\/\/digitaldeepsea.com\/fr\/wp-json\/wp\/v2\/product\/33"}],"collection":[{"href":"https:\/\/digitaldeepsea.com\/fr\/wp-json\/wp\/v2\/product"}],"about":[{"href":"https:\/\/digitaldeepsea.com\/fr\/wp-json\/wp\/v2\/types\/product"}],"wp:featuredmedia":[{"embeddable":true,"href":"https:\/\/digitaldeepsea.com\/fr\/wp-json\/wp\/v2\/media\/75"}],"wp:attachment":[{"href":"https:\/\/digitaldeepsea.com\/fr\/wp-json\/wp\/v2\/media?parent=33"}],"wp:term":[{"taxonomy":"product_cat","embeddable":true,"href":"https:\/\/digitaldeepsea.com\/fr\/wp-json\/wp\/v2\/product_cat?post=33"},{"taxonomy":"product_tag","embeddable":true,"href":"https:\/\/digitaldeepsea.com\/fr\/wp-json\/wp\/v2\/product_tag?post=33"}],"curies":[{"name":"wp","href":"https:\/\/api.w.org\/{rel}","templated":true}]}}