{"id":31,"date":"2024-03-13T08:54:48","date_gmt":"2024-03-13T08:54:48","guid":{"rendered":"https:\/\/digitaldeepsea.com\/fr\/?post_type=product&#038;p=31"},"modified":"2025-01-17T07:51:53","modified_gmt":"2025-01-17T07:51:53","slug":"multi-capteur","status":"publish","type":"product","link":"https:\/\/digitaldeepsea.com\/fr\/produit\/multi-capteur\/","title":{"rendered":"Multi-capteur"},"content":{"rendered":"<h4><strong>CARACT\u00c9RISTIQUES CL\u00c9S<\/strong><\/h4>\n<p>Le DST810 est une sonde traversante en plastique pour mesurer la profondeur, la vitesse et la temp\u00e9rature.\u00a0DST810 poss\u00e8de \u00e9galement un capteur d\u2019attitude int\u00e9gr\u00e9 pour les donn\u00e9es de gite et d\u2019assiette. Les donn\u00e9es de vitesse, profondeur &amp; temp\u00e9rature sont mises \u00e0 jour \u00e0 5 Hz (5 fois par seconde).<\/p>\n<p>&nbsp;<\/p>\n<p>DST810 se connecte via NMEA 2000 \u2013 il suffit de connecter le c\u00e2ble NMEA2000 inclus sur le r\u00e9seau NMEA2000 et votre r\u00e9seau disposera d\u2019une source pr\u00e9cise de profondeur, de vitesse, de temp\u00e9rature de l\u2019eau, de g\u00eete et d\u2019assiette.\u00a0DST810 dispose \u00e9galement d\u2019une interface Bluetooth qui est utilis\u00e9e pour l\u2019\u00e9talonnage des capteurs.\u00a0 Une application de calibrage avanc\u00e9e (pour iOS et Android) permet d\u2019obtenir des donn\u00e9es de la vitesse \u00e0 diff\u00e9rents angles de gite et d\u2019effectuer d\u2019autres calibrages.\u00a0Une fois calibr\u00e9es, les donn\u00e9es sont enregistr\u00e9es et conserv\u00e9es directement dans le DST810.<\/p>\n<p>&nbsp;<\/p>\n<p>Ce multi-capteur \u00e9mettra les phrases suivantes :<\/p>\n<p>59392\u2026\u2026\u2026ISO Acknowledgement<\/p>\n<p>600928\u2026\u2026.ISO Address Claim<\/p>\n<p>126208\u2026\u2026.Acknowledge Group Function<\/p>\n<p>126464\u2026\u2026. Transmit PGN List Group Function<\/p>\n<p>126464\u2026\u2026. Received PGN List Group Function<\/p>\n<p>126996\u2026\u2026. Product Information<\/p>\n<p>128259\u2026\u2026. Speed (Speed Water Reference)<\/p>\n<p>128267\u2026\u2026.Water Depth (With Transducer Offset)<\/p>\n<p>128275\u2026\u2026.Distance Log<\/p>\n<p>130310\u2026\u2026.Environmental Parameters (Water Temperature)<\/p>\n<p>130311\u2026\u2026.Environmental Parameters (Water Temperature)<\/p>\n<p>130312\u2026\u2026.Environmental Parameters (Water Temperature)<\/p>\n<p>&nbsp;<\/p>\n<p>&nbsp;<\/p>\n<h4><strong>SP\u00c9CIFICIT\u00c9S<\/strong><\/h4>\n<ul>\n<li>Capteur de profondeur, de vitesse et de temp\u00e9rature \u2013 version NMEA2000<\/li>\n<li>La fr\u00e9quence de 235 kHz emp\u00eache les interf\u00e9rences avec d&rsquo;autres \u00e9chosondeurs sur le navire.<\/li>\n<li>Lectures de vitesse tr\u00e8s pr\u00e9cises<\/li>\n<li>Lever de la coque jusqu&rsquo;\u00e0 22 degr\u00e9s<\/li>\n<li>Lectures de profondeur de 0,5 \u00e0 70 m<\/li>\n<li>Capteur en plastique<\/li>\n<li>Vitesse des donn\u00e9es de mise \u00e0 jour \u00e0 1 Hz<\/li>\n<li>Capteur de temp\u00e9rature offrant une pr\u00e9cision de \u00b10,2\u00b0C (\u00b10,1\u00b0F)<\/li>\n<\/ul>\n","protected":false},"excerpt":{"rendered":"<p>\u00ab\u00a0Capteur de profondeur, de vitesse et de temp\u00e9rature avec interface NMEA0183 ou NMEA2000.\u00a0\u00bb<\/p>\n","protected":false},"featured_media":74,"template":"","meta":[],"product_cat":[26],"product_tag":[40,41,42,43],"yoast_head":"<!-- This site is optimized with the Yoast SEO plugin v22.7 - https:\/\/yoast.com\/wordpress\/plugins\/seo\/ -->\n<title>Multi-capteur - Profondeur, vitesse &amp; temp\u00e9rature - Digital Deep Sea<\/title>\n<meta name=\"description\" content=\"Capteur de profondeur, de vitesse et de temp\u00e9rature avec interface NMEA2000.\" \/>\n<meta name=\"robots\" content=\"index, follow, max-snippet:-1, max-image-preview:large, max-video-preview:-1\" \/>\n<link rel=\"canonical\" href=\"https:\/\/digitaldeepsea.com\/fr\/produit\/multi-capteur\/\" \/>\n<meta property=\"og:locale\" content=\"fr_FR\" \/>\n<meta property=\"og:type\" content=\"article\" \/>\n<meta property=\"og:title\" content=\"Multi-capteur - Profondeur, vitesse &amp; temp\u00e9rature - Digital Deep Sea\" \/>\n<meta property=\"og:description\" content=\"Capteur de profondeur, de vitesse et de temp\u00e9rature avec interface NMEA2000.\" \/>\n<meta property=\"og:url\" content=\"https:\/\/digitaldeepsea.com\/fr\/produit\/multi-capteur\/\" \/>\n<meta property=\"og:site_name\" content=\"Digital Deep Sea France\" \/>\n<meta property=\"article:modified_time\" content=\"2025-01-17T07:51:53+00:00\" \/>\n<meta property=\"og:image\" content=\"https:\/\/digitaldeepsea.com\/fr\/wp-content\/uploads\/sites\/2\/2024\/03\/DST800-Multisensor.png\" \/>\n\t<meta property=\"og:image:width\" content=\"400\" \/>\n\t<meta property=\"og:image:height\" content=\"400\" \/>\n\t<meta property=\"og:image:type\" content=\"image\/png\" \/>\n<meta name=\"twitter:card\" content=\"summary_large_image\" \/>\n<meta name=\"twitter:label1\" content=\"Dur\u00e9e de lecture estim\u00e9e\" \/>\n\t<meta name=\"twitter:data1\" content=\"1 minute\" \/>\n<script type=\"application\/ld+json\" class=\"yoast-schema-graph\">{\"@context\":\"https:\/\/schema.org\",\"@graph\":[{\"@type\":\"WebPage\",\"@id\":\"https:\/\/digitaldeepsea.com\/fr\/produit\/multi-capteur\/\",\"url\":\"https:\/\/digitaldeepsea.com\/fr\/produit\/multi-capteur\/\",\"name\":\"Multi-capteur - Profondeur, vitesse &amp; temp\u00e9rature - Digital Deep Sea\",\"isPartOf\":{\"@id\":\"https:\/\/digitaldeepsea.com\/fr\/#website\"},\"primaryImageOfPage\":{\"@id\":\"https:\/\/digitaldeepsea.com\/fr\/produit\/multi-capteur\/#primaryimage\"},\"image\":{\"@id\":\"https:\/\/digitaldeepsea.com\/fr\/produit\/multi-capteur\/#primaryimage\"},\"thumbnailUrl\":\"https:\/\/digitaldeepsea.com\/fr\/wp-content\/uploads\/sites\/2\/2024\/03\/DST800-Multisensor.png\",\"datePublished\":\"2024-03-13T08:54:48+00:00\",\"dateModified\":\"2025-01-17T07:51:53+00:00\",\"description\":\"Capteur de profondeur, de vitesse et de temp\u00e9rature avec interface NMEA2000.\",\"breadcrumb\":{\"@id\":\"https:\/\/digitaldeepsea.com\/fr\/produit\/multi-capteur\/#breadcrumb\"},\"inLanguage\":\"fr-FR\",\"potentialAction\":[{\"@type\":\"ReadAction\",\"target\":[\"https:\/\/digitaldeepsea.com\/fr\/produit\/multi-capteur\/\"]}]},{\"@type\":\"ImageObject\",\"inLanguage\":\"fr-FR\",\"@id\":\"https:\/\/digitaldeepsea.com\/fr\/produit\/multi-capteur\/#primaryimage\",\"url\":\"https:\/\/digitaldeepsea.com\/fr\/wp-content\/uploads\/sites\/2\/2024\/03\/DST800-Multisensor.png\",\"contentUrl\":\"https:\/\/digitaldeepsea.com\/fr\/wp-content\/uploads\/sites\/2\/2024\/03\/DST800-Multisensor.png\",\"width\":400,\"height\":400},{\"@type\":\"BreadcrumbList\",\"@id\":\"https:\/\/digitaldeepsea.com\/fr\/produit\/multi-capteur\/#breadcrumb\",\"itemListElement\":[{\"@type\":\"ListItem\",\"position\":1,\"name\":\"Home\",\"item\":\"https:\/\/digitaldeepsea.com\/fr\/\"},{\"@type\":\"ListItem\",\"position\":2,\"name\":\"Produits\",\"item\":\"https:\/\/digitaldeepsea.com\/fr\/produits\/\"},{\"@type\":\"ListItem\",\"position\":3,\"name\":\"Multi-capteur\"}]},{\"@type\":\"WebSite\",\"@id\":\"https:\/\/digitaldeepsea.com\/fr\/#website\",\"url\":\"https:\/\/digitaldeepsea.com\/fr\/\",\"name\":\"Digital Deep Sea\",\"description\":\"\",\"publisher\":{\"@id\":\"https:\/\/digitaldeepsea.com\/fr\/#organization\"},\"potentialAction\":[{\"@type\":\"SearchAction\",\"target\":{\"@type\":\"EntryPoint\",\"urlTemplate\":\"https:\/\/digitaldeepsea.com\/fr\/?s={search_term_string}\"},\"query-input\":\"required name=search_term_string\"}],\"inLanguage\":\"fr-FR\"},{\"@type\":\"Organization\",\"@id\":\"https:\/\/digitaldeepsea.com\/fr\/#organization\",\"name\":\"Digital Deep Sea\",\"url\":\"https:\/\/digitaldeepsea.com\/fr\/\",\"logo\":{\"@type\":\"ImageObject\",\"inLanguage\":\"fr-FR\",\"@id\":\"https:\/\/digitaldeepsea.com\/fr\/#\/schema\/logo\/image\/\",\"url\":\"https:\/\/digitaldeepsea.com\/fr\/wp-content\/uploads\/sites\/2\/2024\/03\/logo_dy_outline_white.png\",\"contentUrl\":\"https:\/\/digitaldeepsea.com\/fr\/wp-content\/uploads\/sites\/2\/2024\/03\/logo_dy_outline_white.png\",\"width\":200,\"height\":114,\"caption\":\"Digital Deep Sea\"},\"image\":{\"@id\":\"https:\/\/digitaldeepsea.com\/fr\/#\/schema\/logo\/image\/\"}}]}<\/script>\n<!-- \/ Yoast SEO plugin. -->","yoast_head_json":{"title":"Multi-capteur - Profondeur, vitesse &amp; temp\u00e9rature - Digital Deep Sea","description":"Capteur de profondeur, de vitesse et de temp\u00e9rature avec interface NMEA2000.","robots":{"index":"index","follow":"follow","max-snippet":"max-snippet:-1","max-image-preview":"max-image-preview:large","max-video-preview":"max-video-preview:-1"},"canonical":"https:\/\/digitaldeepsea.com\/fr\/produit\/multi-capteur\/","og_locale":"fr_FR","og_type":"article","og_title":"Multi-capteur - Profondeur, vitesse &amp; temp\u00e9rature - Digital Deep Sea","og_description":"Capteur de profondeur, de vitesse et de temp\u00e9rature avec interface NMEA2000.","og_url":"https:\/\/digitaldeepsea.com\/fr\/produit\/multi-capteur\/","og_site_name":"Digital Deep Sea France","article_modified_time":"2025-01-17T07:51:53+00:00","og_image":[{"width":400,"height":400,"url":"https:\/\/digitaldeepsea.com\/fr\/wp-content\/uploads\/sites\/2\/2024\/03\/DST800-Multisensor.png","type":"image\/png"}],"twitter_card":"summary_large_image","twitter_misc":{"Dur\u00e9e de lecture estim\u00e9e":"1 minute"},"schema":{"@context":"https:\/\/schema.org","@graph":[{"@type":"WebPage","@id":"https:\/\/digitaldeepsea.com\/fr\/produit\/multi-capteur\/","url":"https:\/\/digitaldeepsea.com\/fr\/produit\/multi-capteur\/","name":"Multi-capteur - Profondeur, vitesse &amp; temp\u00e9rature - Digital Deep Sea","isPartOf":{"@id":"https:\/\/digitaldeepsea.com\/fr\/#website"},"primaryImageOfPage":{"@id":"https:\/\/digitaldeepsea.com\/fr\/produit\/multi-capteur\/#primaryimage"},"image":{"@id":"https:\/\/digitaldeepsea.com\/fr\/produit\/multi-capteur\/#primaryimage"},"thumbnailUrl":"https:\/\/digitaldeepsea.com\/fr\/wp-content\/uploads\/sites\/2\/2024\/03\/DST800-Multisensor.png","datePublished":"2024-03-13T08:54:48+00:00","dateModified":"2025-01-17T07:51:53+00:00","description":"Capteur de profondeur, de vitesse et de temp\u00e9rature avec interface NMEA2000.","breadcrumb":{"@id":"https:\/\/digitaldeepsea.com\/fr\/produit\/multi-capteur\/#breadcrumb"},"inLanguage":"fr-FR","potentialAction":[{"@type":"ReadAction","target":["https:\/\/digitaldeepsea.com\/fr\/produit\/multi-capteur\/"]}]},{"@type":"ImageObject","inLanguage":"fr-FR","@id":"https:\/\/digitaldeepsea.com\/fr\/produit\/multi-capteur\/#primaryimage","url":"https:\/\/digitaldeepsea.com\/fr\/wp-content\/uploads\/sites\/2\/2024\/03\/DST800-Multisensor.png","contentUrl":"https:\/\/digitaldeepsea.com\/fr\/wp-content\/uploads\/sites\/2\/2024\/03\/DST800-Multisensor.png","width":400,"height":400},{"@type":"BreadcrumbList","@id":"https:\/\/digitaldeepsea.com\/fr\/produit\/multi-capteur\/#breadcrumb","itemListElement":[{"@type":"ListItem","position":1,"name":"Home","item":"https:\/\/digitaldeepsea.com\/fr\/"},{"@type":"ListItem","position":2,"name":"Produits","item":"https:\/\/digitaldeepsea.com\/fr\/produits\/"},{"@type":"ListItem","position":3,"name":"Multi-capteur"}]},{"@type":"WebSite","@id":"https:\/\/digitaldeepsea.com\/fr\/#website","url":"https:\/\/digitaldeepsea.com\/fr\/","name":"Digital Deep Sea","description":"","publisher":{"@id":"https:\/\/digitaldeepsea.com\/fr\/#organization"},"potentialAction":[{"@type":"SearchAction","target":{"@type":"EntryPoint","urlTemplate":"https:\/\/digitaldeepsea.com\/fr\/?s={search_term_string}"},"query-input":"required name=search_term_string"}],"inLanguage":"fr-FR"},{"@type":"Organization","@id":"https:\/\/digitaldeepsea.com\/fr\/#organization","name":"Digital Deep Sea","url":"https:\/\/digitaldeepsea.com\/fr\/","logo":{"@type":"ImageObject","inLanguage":"fr-FR","@id":"https:\/\/digitaldeepsea.com\/fr\/#\/schema\/logo\/image\/","url":"https:\/\/digitaldeepsea.com\/fr\/wp-content\/uploads\/sites\/2\/2024\/03\/logo_dy_outline_white.png","contentUrl":"https:\/\/digitaldeepsea.com\/fr\/wp-content\/uploads\/sites\/2\/2024\/03\/logo_dy_outline_white.png","width":200,"height":114,"caption":"Digital Deep Sea"},"image":{"@id":"https:\/\/digitaldeepsea.com\/fr\/#\/schema\/logo\/image\/"}}]}},"_links":{"self":[{"href":"https:\/\/digitaldeepsea.com\/fr\/wp-json\/wp\/v2\/product\/31"}],"collection":[{"href":"https:\/\/digitaldeepsea.com\/fr\/wp-json\/wp\/v2\/product"}],"about":[{"href":"https:\/\/digitaldeepsea.com\/fr\/wp-json\/wp\/v2\/types\/product"}],"wp:featuredmedia":[{"embeddable":true,"href":"https:\/\/digitaldeepsea.com\/fr\/wp-json\/wp\/v2\/media\/74"}],"wp:attachment":[{"href":"https:\/\/digitaldeepsea.com\/fr\/wp-json\/wp\/v2\/media?parent=31"}],"wp:term":[{"taxonomy":"product_cat","embeddable":true,"href":"https:\/\/digitaldeepsea.com\/fr\/wp-json\/wp\/v2\/product_cat?post=31"},{"taxonomy":"product_tag","embeddable":true,"href":"https:\/\/digitaldeepsea.com\/fr\/wp-json\/wp\/v2\/product_tag?post=31"}],"curies":[{"name":"wp","href":"https:\/\/api.w.org\/{rel}","templated":true}]}}