{"id":30,"date":"2024-03-13T08:54:48","date_gmt":"2024-03-13T08:54:48","guid":{"rendered":"https:\/\/digitaldeepsea.com\/fr\/?post_type=product&#038;p=30"},"modified":"2024-03-19T12:12:35","modified_gmt":"2024-03-19T12:12:35","slug":"ait2000","status":"publish","type":"product","link":"https:\/\/digitaldeepsea.com\/fr\/produit\/ait2000\/","title":{"rendered":"AIT2000"},"content":{"rendered":"<h4><strong>CARACT\u00c9RISTIQUES CL\u00c9S<\/strong><\/h4>\n<p>Ce transpondeur AIS ultra-compact classe B dispose de trois sorties : NMEA0183, NMEA 2000 et d\u2019une connexion USB, ce qui lui permet de travailler avec chaque traceur de carte AIS compatible ou avec un logiciel de navigation. Il est dot\u00e9 d\u2019une fonction silence \u00e0 distance, de deux entr\u00e9es et sorties NMEA 0183, de quatre leds ainsi que d\u2019un support de montage tr\u00e8s robuste et r\u00e9sistant aux vibrations.<\/p>\n<p>&nbsp;<\/p>\n<p>La configuration des donn\u00e9es fixes de votre bateau, telles que MMSI, le signal d\u2019appelle, le nom du bateau, les dimensions, etc est rendue facile gr\u00e2ce au logiciel proAIS2 compatible Windows et Mac. Une fois configur\u00e9, l\u2019unit\u00e9 fournira les donn\u00e9es AIS \u00e0 un PC ou un Mac ex\u00e9cutant le logiciel de navigation appropri\u00e9 ou vers un traceur de carte d\u00e9di\u00e9, tel que Garmin, Raymarine, Navico, Standard Horizon et les unit\u00e9s Furuno.<\/p>\n<p>&nbsp;<\/p>\n<p>Avec deux sorties NMEA 0183 standard, une interface NMEA2000 pour se brancher \u00e0 un r\u00e9seau NMEA 2000 et une simple connexion USB Plug and Play pour un PC, le AIT2000 est le transpondeur AIS parfait pour tous les navires jusqu\u2019\u00e0 300 tonnes.<\/p>\n<p>&nbsp;<\/p>\n<p>&nbsp;<\/p>\n<h4><strong>SP\u00c9CIFICIT\u00c9S<\/strong><\/h4>\n<ul>\n<li>Transpondeur AIS classe B \u00e0 double canaux<\/li>\n<li>Id\u00e9al pour une utilisation avec tout type de traceur de carte<\/li>\n<li>Fourni avec une antenne GPS externe (id\u00e9al aussi comme un GPS de sauvegarde)<\/li>\n<li>Interface NMEA 0183 haute vitesse (38.400 bauds) \u2013 diffuser les cibles AIS sur traceur avec entr\u00e9e NMEA0183<\/li>\n<li>Interface NMEA0183 basse vitesse (4800 bauds) \u2013 diffuser les donn\u00e9es GPS vers une radio VHF ASN<\/li>\n<li>Interface NMEA2000 \u2013 diffuser les cibles AIS sur un traceur de carte qui a une interface NMEA2000<\/li>\n<li>Requiert une antenne VHF ou antenne AIS d\u00e9di\u00e9e (disponible en option) ou un r\u00e9partiteur d\u2019antenne VHF (SPL2000)<\/li>\n<li>Protection\u00a0: IP55<\/li>\n<li>Compatible\u00a0: Windows, Mac et Linux<\/li>\n<li>Logiciel SmarterTrack Lite inclus pour le traitement sur PC des donn\u00e9es AIS<\/li>\n<\/ul>\n<p>&nbsp;<\/p>\n","protected":false},"excerpt":{"rendered":"<p>\u00ab\u00a0\u201cL\u2019AIT2000 est un transpondeur AIS classe B \u00e9quip\u00e9 de multiples sorties et d\u2019une antenne GPS externe pour convenir \u00e0 chaque installation\u201d<\/p>\n","protected":false},"featured_media":72,"template":"","meta":[],"product_cat":[21,39],"product_tag":[],"yoast_head":"<!-- This site is optimized with the Yoast SEO plugin v22.7 - https:\/\/yoast.com\/wordpress\/plugins\/seo\/ -->\n<title>AIT2000 - Transpondeur AIS Classe B - Digital Deep Sea<\/title>\n<meta name=\"description\" content=\"L\u2019AIT2000 est un transpondeur AIS classe B \u00e9quip\u00e9 de multiples sorties et d\u2019une antenne GPS externe pour convenir \u00e0 chaque installation\" \/>\n<meta name=\"robots\" content=\"index, follow, max-snippet:-1, max-image-preview:large, max-video-preview:-1\" \/>\n<link rel=\"canonical\" href=\"https:\/\/digitaldeepsea.com\/fr\/produit\/ait2000\/\" \/>\n<meta property=\"og:locale\" content=\"fr_FR\" \/>\n<meta property=\"og:type\" content=\"article\" \/>\n<meta property=\"og:title\" content=\"AIT2000 - Transpondeur AIS Classe B - Digital Deep Sea\" \/>\n<meta property=\"og:description\" content=\"L\u2019AIT2000 est un transpondeur AIS classe B \u00e9quip\u00e9 de multiples sorties et d\u2019une antenne GPS externe pour convenir \u00e0 chaque installation\" \/>\n<meta property=\"og:url\" content=\"https:\/\/digitaldeepsea.com\/fr\/produit\/ait2000\/\" \/>\n<meta property=\"og:site_name\" content=\"Digital Deep Sea France\" \/>\n<meta property=\"article:modified_time\" content=\"2024-03-19T12:12:35+00:00\" \/>\n<meta property=\"og:image\" content=\"https:\/\/digitaldeepsea.com\/fr\/wp-content\/uploads\/sites\/2\/2024\/03\/AIT2000.jpg\" \/>\n\t<meta property=\"og:image:width\" content=\"1000\" \/>\n\t<meta property=\"og:image:height\" content=\"1000\" \/>\n\t<meta property=\"og:image:type\" content=\"image\/jpeg\" \/>\n<meta name=\"twitter:card\" content=\"summary_large_image\" \/>\n<meta name=\"twitter:label1\" content=\"Dur\u00e9e de lecture estim\u00e9e\" \/>\n\t<meta name=\"twitter:data1\" content=\"2 minutes\" \/>\n<script type=\"application\/ld+json\" class=\"yoast-schema-graph\">{\"@context\":\"https:\/\/schema.org\",\"@graph\":[{\"@type\":\"WebPage\",\"@id\":\"https:\/\/digitaldeepsea.com\/fr\/produit\/ait2000\/\",\"url\":\"https:\/\/digitaldeepsea.com\/fr\/produit\/ait2000\/\",\"name\":\"AIT2000 - Transpondeur AIS Classe B - Digital Deep Sea\",\"isPartOf\":{\"@id\":\"https:\/\/digitaldeepsea.com\/fr\/#website\"},\"primaryImageOfPage\":{\"@id\":\"https:\/\/digitaldeepsea.com\/fr\/produit\/ait2000\/#primaryimage\"},\"image\":{\"@id\":\"https:\/\/digitaldeepsea.com\/fr\/produit\/ait2000\/#primaryimage\"},\"thumbnailUrl\":\"https:\/\/digitaldeepsea.com\/fr\/wp-content\/uploads\/sites\/2\/2024\/03\/AIT2000.jpg\",\"datePublished\":\"2024-03-13T08:54:48+00:00\",\"dateModified\":\"2024-03-19T12:12:35+00:00\",\"description\":\"L\u2019AIT2000 est un transpondeur AIS classe B \u00e9quip\u00e9 de multiples sorties et d\u2019une antenne GPS externe pour convenir \u00e0 chaque installation\",\"breadcrumb\":{\"@id\":\"https:\/\/digitaldeepsea.com\/fr\/produit\/ait2000\/#breadcrumb\"},\"inLanguage\":\"fr-FR\",\"potentialAction\":[{\"@type\":\"ReadAction\",\"target\":[\"https:\/\/digitaldeepsea.com\/fr\/produit\/ait2000\/\"]}]},{\"@type\":\"ImageObject\",\"inLanguage\":\"fr-FR\",\"@id\":\"https:\/\/digitaldeepsea.com\/fr\/produit\/ait2000\/#primaryimage\",\"url\":\"https:\/\/digitaldeepsea.com\/fr\/wp-content\/uploads\/sites\/2\/2024\/03\/AIT2000.jpg\",\"contentUrl\":\"https:\/\/digitaldeepsea.com\/fr\/wp-content\/uploads\/sites\/2\/2024\/03\/AIT2000.jpg\",\"width\":1000,\"height\":1000},{\"@type\":\"BreadcrumbList\",\"@id\":\"https:\/\/digitaldeepsea.com\/fr\/produit\/ait2000\/#breadcrumb\",\"itemListElement\":[{\"@type\":\"ListItem\",\"position\":1,\"name\":\"Home\",\"item\":\"https:\/\/digitaldeepsea.com\/fr\/\"},{\"@type\":\"ListItem\",\"position\":2,\"name\":\"Produits\",\"item\":\"https:\/\/digitaldeepsea.com\/fr\/produits\/\"},{\"@type\":\"ListItem\",\"position\":3,\"name\":\"AIT2000\"}]},{\"@type\":\"WebSite\",\"@id\":\"https:\/\/digitaldeepsea.com\/fr\/#website\",\"url\":\"https:\/\/digitaldeepsea.com\/fr\/\",\"name\":\"Digital Deep Sea\",\"description\":\"\",\"publisher\":{\"@id\":\"https:\/\/digitaldeepsea.com\/fr\/#organization\"},\"potentialAction\":[{\"@type\":\"SearchAction\",\"target\":{\"@type\":\"EntryPoint\",\"urlTemplate\":\"https:\/\/digitaldeepsea.com\/fr\/?s={search_term_string}\"},\"query-input\":\"required name=search_term_string\"}],\"inLanguage\":\"fr-FR\"},{\"@type\":\"Organization\",\"@id\":\"https:\/\/digitaldeepsea.com\/fr\/#organization\",\"name\":\"Digital Deep Sea\",\"url\":\"https:\/\/digitaldeepsea.com\/fr\/\",\"logo\":{\"@type\":\"ImageObject\",\"inLanguage\":\"fr-FR\",\"@id\":\"https:\/\/digitaldeepsea.com\/fr\/#\/schema\/logo\/image\/\",\"url\":\"https:\/\/digitaldeepsea.com\/fr\/wp-content\/uploads\/sites\/2\/2024\/03\/logo_dy_outline_white.png\",\"contentUrl\":\"https:\/\/digitaldeepsea.com\/fr\/wp-content\/uploads\/sites\/2\/2024\/03\/logo_dy_outline_white.png\",\"width\":200,\"height\":114,\"caption\":\"Digital Deep Sea\"},\"image\":{\"@id\":\"https:\/\/digitaldeepsea.com\/fr\/#\/schema\/logo\/image\/\"}}]}<\/script>\n<!-- \/ Yoast SEO plugin. -->","yoast_head_json":{"title":"AIT2000 - Transpondeur AIS Classe B - Digital Deep Sea","description":"L\u2019AIT2000 est un transpondeur AIS classe B \u00e9quip\u00e9 de multiples sorties et d\u2019une antenne GPS externe pour convenir \u00e0 chaque installation","robots":{"index":"index","follow":"follow","max-snippet":"max-snippet:-1","max-image-preview":"max-image-preview:large","max-video-preview":"max-video-preview:-1"},"canonical":"https:\/\/digitaldeepsea.com\/fr\/produit\/ait2000\/","og_locale":"fr_FR","og_type":"article","og_title":"AIT2000 - Transpondeur AIS Classe B - Digital Deep Sea","og_description":"L\u2019AIT2000 est un transpondeur AIS classe B \u00e9quip\u00e9 de multiples sorties et d\u2019une antenne GPS externe pour convenir \u00e0 chaque installation","og_url":"https:\/\/digitaldeepsea.com\/fr\/produit\/ait2000\/","og_site_name":"Digital Deep Sea France","article_modified_time":"2024-03-19T12:12:35+00:00","og_image":[{"width":1000,"height":1000,"url":"https:\/\/digitaldeepsea.com\/fr\/wp-content\/uploads\/sites\/2\/2024\/03\/AIT2000.jpg","type":"image\/jpeg"}],"twitter_card":"summary_large_image","twitter_misc":{"Dur\u00e9e de lecture estim\u00e9e":"2 minutes"},"schema":{"@context":"https:\/\/schema.org","@graph":[{"@type":"WebPage","@id":"https:\/\/digitaldeepsea.com\/fr\/produit\/ait2000\/","url":"https:\/\/digitaldeepsea.com\/fr\/produit\/ait2000\/","name":"AIT2000 - Transpondeur AIS Classe B - Digital Deep Sea","isPartOf":{"@id":"https:\/\/digitaldeepsea.com\/fr\/#website"},"primaryImageOfPage":{"@id":"https:\/\/digitaldeepsea.com\/fr\/produit\/ait2000\/#primaryimage"},"image":{"@id":"https:\/\/digitaldeepsea.com\/fr\/produit\/ait2000\/#primaryimage"},"thumbnailUrl":"https:\/\/digitaldeepsea.com\/fr\/wp-content\/uploads\/sites\/2\/2024\/03\/AIT2000.jpg","datePublished":"2024-03-13T08:54:48+00:00","dateModified":"2024-03-19T12:12:35+00:00","description":"L\u2019AIT2000 est un transpondeur AIS classe B \u00e9quip\u00e9 de multiples sorties et d\u2019une antenne GPS externe pour convenir \u00e0 chaque installation","breadcrumb":{"@id":"https:\/\/digitaldeepsea.com\/fr\/produit\/ait2000\/#breadcrumb"},"inLanguage":"fr-FR","potentialAction":[{"@type":"ReadAction","target":["https:\/\/digitaldeepsea.com\/fr\/produit\/ait2000\/"]}]},{"@type":"ImageObject","inLanguage":"fr-FR","@id":"https:\/\/digitaldeepsea.com\/fr\/produit\/ait2000\/#primaryimage","url":"https:\/\/digitaldeepsea.com\/fr\/wp-content\/uploads\/sites\/2\/2024\/03\/AIT2000.jpg","contentUrl":"https:\/\/digitaldeepsea.com\/fr\/wp-content\/uploads\/sites\/2\/2024\/03\/AIT2000.jpg","width":1000,"height":1000},{"@type":"BreadcrumbList","@id":"https:\/\/digitaldeepsea.com\/fr\/produit\/ait2000\/#breadcrumb","itemListElement":[{"@type":"ListItem","position":1,"name":"Home","item":"https:\/\/digitaldeepsea.com\/fr\/"},{"@type":"ListItem","position":2,"name":"Produits","item":"https:\/\/digitaldeepsea.com\/fr\/produits\/"},{"@type":"ListItem","position":3,"name":"AIT2000"}]},{"@type":"WebSite","@id":"https:\/\/digitaldeepsea.com\/fr\/#website","url":"https:\/\/digitaldeepsea.com\/fr\/","name":"Digital Deep Sea","description":"","publisher":{"@id":"https:\/\/digitaldeepsea.com\/fr\/#organization"},"potentialAction":[{"@type":"SearchAction","target":{"@type":"EntryPoint","urlTemplate":"https:\/\/digitaldeepsea.com\/fr\/?s={search_term_string}"},"query-input":"required name=search_term_string"}],"inLanguage":"fr-FR"},{"@type":"Organization","@id":"https:\/\/digitaldeepsea.com\/fr\/#organization","name":"Digital Deep Sea","url":"https:\/\/digitaldeepsea.com\/fr\/","logo":{"@type":"ImageObject","inLanguage":"fr-FR","@id":"https:\/\/digitaldeepsea.com\/fr\/#\/schema\/logo\/image\/","url":"https:\/\/digitaldeepsea.com\/fr\/wp-content\/uploads\/sites\/2\/2024\/03\/logo_dy_outline_white.png","contentUrl":"https:\/\/digitaldeepsea.com\/fr\/wp-content\/uploads\/sites\/2\/2024\/03\/logo_dy_outline_white.png","width":200,"height":114,"caption":"Digital Deep Sea"},"image":{"@id":"https:\/\/digitaldeepsea.com\/fr\/#\/schema\/logo\/image\/"}}]}},"_links":{"self":[{"href":"https:\/\/digitaldeepsea.com\/fr\/wp-json\/wp\/v2\/product\/30"}],"collection":[{"href":"https:\/\/digitaldeepsea.com\/fr\/wp-json\/wp\/v2\/product"}],"about":[{"href":"https:\/\/digitaldeepsea.com\/fr\/wp-json\/wp\/v2\/types\/product"}],"wp:featuredmedia":[{"embeddable":true,"href":"https:\/\/digitaldeepsea.com\/fr\/wp-json\/wp\/v2\/media\/72"}],"wp:attachment":[{"href":"https:\/\/digitaldeepsea.com\/fr\/wp-json\/wp\/v2\/media?parent=30"}],"wp:term":[{"taxonomy":"product_cat","embeddable":true,"href":"https:\/\/digitaldeepsea.com\/fr\/wp-json\/wp\/v2\/product_cat?post=30"},{"taxonomy":"product_tag","embeddable":true,"href":"https:\/\/digitaldeepsea.com\/fr\/wp-json\/wp\/v2\/product_tag?post=30"}],"curies":[{"name":"wp","href":"https:\/\/api.w.org\/{rel}","templated":true}]}}