{"id":28,"date":"2024-03-13T08:54:48","date_gmt":"2024-03-13T08:54:48","guid":{"rendered":"https:\/\/digitaldeepsea.com\/fr\/?post_type=product&#038;p=28"},"modified":"2025-01-17T07:51:54","modified_gmt":"2025-01-17T07:51:54","slug":"cla2000","status":"publish","type":"product","link":"https:\/\/digitaldeepsea.com\/fr\/produit\/cla2000\/","title":{"rendered":"CLA2000"},"content":{"rendered":"<h4><strong>CARACT\u00c9RISTIQUES CL\u00c9S<\/strong><\/h4>\n<p>Le CLA2000 de Digital Deep Sea est le nouveau transpondeur AIS Classe A parfait et complet pour tout type de navire que cela soit en eaux internationales ou en eaux int\u00e9rieures. R\u00e9sistant \u00e0 l&rsquo;eau et aux intemp\u00e9ries, conforme \u00e0 la norme IP67, il est dot\u00e9 d&rsquo;un \u00e9cran couleur haute r\u00e9solution de 5\u201d enti\u00e8rement int\u00e9gr\u00e9, qui offre de nombreuses fonctionnalit\u00e9s, notamment la gestion des cibles AIS et la navigation avec les cartes en option C-Map MAX.<\/p>\n<p>&nbsp;<\/p>\n<p>Gr\u00e2ce \u00e0 la technologie AIS SDR, la transmission, la r\u00e9ception et le traitement des messages AIS sont sans \u00e9quivalent et permet au CLA2000 d\u2019obtenir les meilleures performances. Cette technologie de pointe permet au CLA2000 de voir plus de cibles AIS pendant plus de temps et avec une port\u00e9e maximale.<\/p>\n<p>&nbsp;<\/p>\n<p>Le CLA2000 peut \u00eatre utilis\u00e9 sur les navires de plus de 300 tonnes (convention SOLAS), ainsi que sur les bateaux de travail, les services de secours en mer, les utilisateurs des voies navigables int\u00e9rieures, les superyachts et m\u00eame pour les voiliers bateaux \u00e0 moteur souhaitant un transpondeur AIS de tr\u00e8s haute performance avec un \u00e9cran int\u00e9gr\u00e9.<\/p>\n<p>&nbsp;<\/p>\n<p>Le CLA2000 dispose d\u2019un logiciel optimis\u00e9 pour la d\u00e9tection des appareils SART (transpondeur de recherche et de secours) et MOB (homme \u00e0 la mer) avec une ic\u00f4ne d\u00e9di\u00e9e. Une alarme est automatiquement d\u00e9clench\u00e9e lorsque le CLA2000 d\u00e9tecte une balise SART ou MOB. Le CLA2000 calculera \u00e9galement le gisement de la cible pour faciliter la visualisation de la cible et son sauvetage.<\/p>\n<p>&nbsp;<\/p>\n<p>Le CLA2000 est \u00e9quip\u00e9 d\u2019un lecteur de carte micro SD situ\u00e9 derri\u00e8re un couvercle \u00e9tanche sur le panneau avant.<\/p>\n<p>Cette carte permet de mettre \u00e0 jour le logiciel, d\u2019enregistrer les donn\u00e9es AIS et aussi pour ajouter les cartes d\u00e9taill\u00e9es C-Map MAX (en option). Le CLA2000 dispose d&rsquo;une interface Wi-Fi int\u00e9gr\u00e9e pour l&rsquo;envoi de donn\u00e9es AIS et GPS vers les applications et logiciels de navigation PC, Mac, Android, iPhone, iPad, etc. Il prend en charge le mode client, o\u00f9 le CLA2000 peut se connecter \u00e0 un r\u00e9seau sans fil existant ou en mode Access Point, o\u00f9 les p\u00e9riph\u00e9riques peuvent se connecter directement au CLA2000 (5 appareils peuvent \u00eatre connect\u00e9s en m\u00eame temps).<\/p>\n<p>&nbsp;<\/p>\n<p>La pr\u00e9sentation compl\u00e8te du CLA2000 peut \u00eatre t\u00e9l\u00e9charg\u00e9 <a href=\"https:\/\/digitaldeepsea.com\/fr\/wp-content\/uploads\/sites\/2\/media\/2019\/09\/Pr\u00e9sentation-CLA2000-.pdf\" target=\"_blank\" rel=\"noopener noreferrer\">en cliquant ici.<\/a><\/p>\n<p>&nbsp;<\/p>\n<p>&nbsp;<\/p>\n<h4><strong>SP\u00c9CIFICIT\u00c9S<\/strong><\/h4>\n<ul>\n<li>Transpondeur AIS classe A approuv\u00e9 dans le monde entier<\/li>\n<li>\u00c9cran couleur haute r\u00e9solution de 5\u201d (800 x 480 pixels) avec une interface utilisateur rapide et facile \u00e0 utiliser<\/li>\n<li>Support ou montage encastr\u00e9 &#8211; \u00e9tanche \u00e0 IPX7<\/li>\n<li>GPS int\u00e9gr\u00e9 et avec une antenne externe ou utilisation d\u2019une source NMEA externe (\u00e0 s\u00e9lectionner par l&rsquo;utilisateur)<\/li>\n<li>3 interfaces NMEA 0183 bidirectionnelles (traceur, ECDIS, radar, etc.)<\/li>\n<li>3 ports pour connecter des capteurs (BlueBoard, GNSS externe, gyroscope, etc.)<\/li>\n<li>Interface NMEA 2000<\/li>\n<li>Carte SD int\u00e9gr\u00e9e pour les mises \u00e0 jour logicielles, enregistrer les donn\u00e9es AIS ou pour afficher les cartes C-Map MAX (en option)<\/li>\n<li>Wi-Fi int\u00e9gr\u00e9 pour diffuser les donn\u00e9es de navigation sur les logiciels et applications de navigation<\/li>\n<li>Affichage sophistiqu\u00e9e pour les alarmes AIS SART MOB (homme \u00e0 la mer)<\/li>\n<li>Alarmes CPA et TCPA programmables par l&rsquo;utilisateur<\/li>\n<li>Filtrage avanc\u00e9 des cibles AIS<\/li>\n<li>Possibilit\u00e9 d\u2019installer une alarme externe et\/ou un interrupteur pour stopper la transmission AIS<\/li>\n<\/ul>\n<p>&nbsp;<\/p>\n","protected":false},"excerpt":{"rendered":"<p>\u00ab\u00a0CLA2000 est le transpondeur AIS Classe A parfait et complet pour tout type de navire que cela soit en eaux internationales ou en eaux int\u00e9rieures.\u00a0\u00bb<\/p>\n","protected":false},"featured_media":67,"template":"","meta":[],"product_cat":[21,36],"product_tag":[37,38],"yoast_head":"<!-- This site is optimized with the Yoast SEO plugin v22.7 - https:\/\/yoast.com\/wordpress\/plugins\/seo\/ -->\n<title>CLA2000 - Transpondeur AIS Classe A - Digital Deep Sea<\/title>\n<meta name=\"description\" content=\"CLA2000 est le transpondeur AIS Classe A parfait et complet pour tout type de navire que cela soit en eaux internationales ou en eaux int\u00e9rieures.\" \/>\n<meta name=\"robots\" content=\"index, follow, max-snippet:-1, max-image-preview:large, max-video-preview:-1\" \/>\n<link rel=\"canonical\" href=\"https:\/\/digitaldeepsea.com\/fr\/produit\/cla2000\/\" \/>\n<meta property=\"og:locale\" content=\"fr_FR\" \/>\n<meta property=\"og:type\" content=\"article\" \/>\n<meta property=\"og:title\" content=\"CLA2000 - Transpondeur AIS Classe A - Digital Deep Sea\" \/>\n<meta property=\"og:description\" content=\"CLA2000 est le transpondeur AIS Classe A parfait et complet pour tout type de navire que cela soit en eaux internationales ou en eaux int\u00e9rieures.\" \/>\n<meta property=\"og:url\" content=\"https:\/\/digitaldeepsea.com\/fr\/produit\/cla2000\/\" \/>\n<meta property=\"og:site_name\" content=\"Digital Deep Sea France\" \/>\n<meta property=\"article:modified_time\" content=\"2025-01-17T07:51:54+00:00\" \/>\n<meta property=\"og:image\" content=\"https:\/\/digitaldeepsea.com\/fr\/wp-content\/uploads\/sites\/2\/2024\/03\/cla2000_product.jpg\" \/>\n\t<meta property=\"og:image:width\" content=\"1000\" \/>\n\t<meta property=\"og:image:height\" content=\"1000\" \/>\n\t<meta property=\"og:image:type\" content=\"image\/jpeg\" \/>\n<meta name=\"twitter:card\" content=\"summary_large_image\" \/>\n<meta name=\"twitter:label1\" content=\"Dur\u00e9e de lecture estim\u00e9e\" \/>\n\t<meta name=\"twitter:data1\" content=\"3 minutes\" \/>\n<script type=\"application\/ld+json\" class=\"yoast-schema-graph\">{\"@context\":\"https:\/\/schema.org\",\"@graph\":[{\"@type\":\"WebPage\",\"@id\":\"https:\/\/digitaldeepsea.com\/fr\/produit\/cla2000\/\",\"url\":\"https:\/\/digitaldeepsea.com\/fr\/produit\/cla2000\/\",\"name\":\"CLA2000 - Transpondeur AIS Classe A - Digital Deep Sea\",\"isPartOf\":{\"@id\":\"https:\/\/digitaldeepsea.com\/fr\/#website\"},\"primaryImageOfPage\":{\"@id\":\"https:\/\/digitaldeepsea.com\/fr\/produit\/cla2000\/#primaryimage\"},\"image\":{\"@id\":\"https:\/\/digitaldeepsea.com\/fr\/produit\/cla2000\/#primaryimage\"},\"thumbnailUrl\":\"https:\/\/digitaldeepsea.com\/fr\/wp-content\/uploads\/sites\/2\/2024\/03\/cla2000_product.jpg\",\"datePublished\":\"2024-03-13T08:54:48+00:00\",\"dateModified\":\"2025-01-17T07:51:54+00:00\",\"description\":\"CLA2000 est le transpondeur AIS Classe A parfait et complet pour tout type de navire que cela soit en eaux internationales ou en eaux int\u00e9rieures.\",\"breadcrumb\":{\"@id\":\"https:\/\/digitaldeepsea.com\/fr\/produit\/cla2000\/#breadcrumb\"},\"inLanguage\":\"fr-FR\",\"potentialAction\":[{\"@type\":\"ReadAction\",\"target\":[\"https:\/\/digitaldeepsea.com\/fr\/produit\/cla2000\/\"]}]},{\"@type\":\"ImageObject\",\"inLanguage\":\"fr-FR\",\"@id\":\"https:\/\/digitaldeepsea.com\/fr\/produit\/cla2000\/#primaryimage\",\"url\":\"https:\/\/digitaldeepsea.com\/fr\/wp-content\/uploads\/sites\/2\/2024\/03\/cla2000_product.jpg\",\"contentUrl\":\"https:\/\/digitaldeepsea.com\/fr\/wp-content\/uploads\/sites\/2\/2024\/03\/cla2000_product.jpg\",\"width\":1000,\"height\":1000},{\"@type\":\"BreadcrumbList\",\"@id\":\"https:\/\/digitaldeepsea.com\/fr\/produit\/cla2000\/#breadcrumb\",\"itemListElement\":[{\"@type\":\"ListItem\",\"position\":1,\"name\":\"Home\",\"item\":\"https:\/\/digitaldeepsea.com\/fr\/\"},{\"@type\":\"ListItem\",\"position\":2,\"name\":\"Produits\",\"item\":\"https:\/\/digitaldeepsea.com\/fr\/produits\/\"},{\"@type\":\"ListItem\",\"position\":3,\"name\":\"CLA2000\"}]},{\"@type\":\"WebSite\",\"@id\":\"https:\/\/digitaldeepsea.com\/fr\/#website\",\"url\":\"https:\/\/digitaldeepsea.com\/fr\/\",\"name\":\"Digital Deep Sea\",\"description\":\"\",\"publisher\":{\"@id\":\"https:\/\/digitaldeepsea.com\/fr\/#organization\"},\"potentialAction\":[{\"@type\":\"SearchAction\",\"target\":{\"@type\":\"EntryPoint\",\"urlTemplate\":\"https:\/\/digitaldeepsea.com\/fr\/?s={search_term_string}\"},\"query-input\":\"required name=search_term_string\"}],\"inLanguage\":\"fr-FR\"},{\"@type\":\"Organization\",\"@id\":\"https:\/\/digitaldeepsea.com\/fr\/#organization\",\"name\":\"Digital Deep Sea\",\"url\":\"https:\/\/digitaldeepsea.com\/fr\/\",\"logo\":{\"@type\":\"ImageObject\",\"inLanguage\":\"fr-FR\",\"@id\":\"https:\/\/digitaldeepsea.com\/fr\/#\/schema\/logo\/image\/\",\"url\":\"https:\/\/digitaldeepsea.com\/fr\/wp-content\/uploads\/sites\/2\/2024\/03\/logo_dy_outline_white.png\",\"contentUrl\":\"https:\/\/digitaldeepsea.com\/fr\/wp-content\/uploads\/sites\/2\/2024\/03\/logo_dy_outline_white.png\",\"width\":200,\"height\":114,\"caption\":\"Digital Deep Sea\"},\"image\":{\"@id\":\"https:\/\/digitaldeepsea.com\/fr\/#\/schema\/logo\/image\/\"}}]}<\/script>\n<!-- \/ Yoast SEO plugin. -->","yoast_head_json":{"title":"CLA2000 - Transpondeur AIS Classe A - Digital Deep Sea","description":"CLA2000 est le transpondeur AIS Classe A parfait et complet pour tout type de navire que cela soit en eaux internationales ou en eaux int\u00e9rieures.","robots":{"index":"index","follow":"follow","max-snippet":"max-snippet:-1","max-image-preview":"max-image-preview:large","max-video-preview":"max-video-preview:-1"},"canonical":"https:\/\/digitaldeepsea.com\/fr\/produit\/cla2000\/","og_locale":"fr_FR","og_type":"article","og_title":"CLA2000 - Transpondeur AIS Classe A - Digital Deep Sea","og_description":"CLA2000 est le transpondeur AIS Classe A parfait et complet pour tout type de navire que cela soit en eaux internationales ou en eaux int\u00e9rieures.","og_url":"https:\/\/digitaldeepsea.com\/fr\/produit\/cla2000\/","og_site_name":"Digital Deep Sea France","article_modified_time":"2025-01-17T07:51:54+00:00","og_image":[{"width":1000,"height":1000,"url":"https:\/\/digitaldeepsea.com\/fr\/wp-content\/uploads\/sites\/2\/2024\/03\/cla2000_product.jpg","type":"image\/jpeg"}],"twitter_card":"summary_large_image","twitter_misc":{"Dur\u00e9e de lecture estim\u00e9e":"3 minutes"},"schema":{"@context":"https:\/\/schema.org","@graph":[{"@type":"WebPage","@id":"https:\/\/digitaldeepsea.com\/fr\/produit\/cla2000\/","url":"https:\/\/digitaldeepsea.com\/fr\/produit\/cla2000\/","name":"CLA2000 - Transpondeur AIS Classe A - Digital Deep Sea","isPartOf":{"@id":"https:\/\/digitaldeepsea.com\/fr\/#website"},"primaryImageOfPage":{"@id":"https:\/\/digitaldeepsea.com\/fr\/produit\/cla2000\/#primaryimage"},"image":{"@id":"https:\/\/digitaldeepsea.com\/fr\/produit\/cla2000\/#primaryimage"},"thumbnailUrl":"https:\/\/digitaldeepsea.com\/fr\/wp-content\/uploads\/sites\/2\/2024\/03\/cla2000_product.jpg","datePublished":"2024-03-13T08:54:48+00:00","dateModified":"2025-01-17T07:51:54+00:00","description":"CLA2000 est le transpondeur AIS Classe A parfait et complet pour tout type de navire que cela soit en eaux internationales ou en eaux int\u00e9rieures.","breadcrumb":{"@id":"https:\/\/digitaldeepsea.com\/fr\/produit\/cla2000\/#breadcrumb"},"inLanguage":"fr-FR","potentialAction":[{"@type":"ReadAction","target":["https:\/\/digitaldeepsea.com\/fr\/produit\/cla2000\/"]}]},{"@type":"ImageObject","inLanguage":"fr-FR","@id":"https:\/\/digitaldeepsea.com\/fr\/produit\/cla2000\/#primaryimage","url":"https:\/\/digitaldeepsea.com\/fr\/wp-content\/uploads\/sites\/2\/2024\/03\/cla2000_product.jpg","contentUrl":"https:\/\/digitaldeepsea.com\/fr\/wp-content\/uploads\/sites\/2\/2024\/03\/cla2000_product.jpg","width":1000,"height":1000},{"@type":"BreadcrumbList","@id":"https:\/\/digitaldeepsea.com\/fr\/produit\/cla2000\/#breadcrumb","itemListElement":[{"@type":"ListItem","position":1,"name":"Home","item":"https:\/\/digitaldeepsea.com\/fr\/"},{"@type":"ListItem","position":2,"name":"Produits","item":"https:\/\/digitaldeepsea.com\/fr\/produits\/"},{"@type":"ListItem","position":3,"name":"CLA2000"}]},{"@type":"WebSite","@id":"https:\/\/digitaldeepsea.com\/fr\/#website","url":"https:\/\/digitaldeepsea.com\/fr\/","name":"Digital Deep Sea","description":"","publisher":{"@id":"https:\/\/digitaldeepsea.com\/fr\/#organization"},"potentialAction":[{"@type":"SearchAction","target":{"@type":"EntryPoint","urlTemplate":"https:\/\/digitaldeepsea.com\/fr\/?s={search_term_string}"},"query-input":"required name=search_term_string"}],"inLanguage":"fr-FR"},{"@type":"Organization","@id":"https:\/\/digitaldeepsea.com\/fr\/#organization","name":"Digital Deep Sea","url":"https:\/\/digitaldeepsea.com\/fr\/","logo":{"@type":"ImageObject","inLanguage":"fr-FR","@id":"https:\/\/digitaldeepsea.com\/fr\/#\/schema\/logo\/image\/","url":"https:\/\/digitaldeepsea.com\/fr\/wp-content\/uploads\/sites\/2\/2024\/03\/logo_dy_outline_white.png","contentUrl":"https:\/\/digitaldeepsea.com\/fr\/wp-content\/uploads\/sites\/2\/2024\/03\/logo_dy_outline_white.png","width":200,"height":114,"caption":"Digital Deep Sea"},"image":{"@id":"https:\/\/digitaldeepsea.com\/fr\/#\/schema\/logo\/image\/"}}]}},"_links":{"self":[{"href":"https:\/\/digitaldeepsea.com\/fr\/wp-json\/wp\/v2\/product\/28"}],"collection":[{"href":"https:\/\/digitaldeepsea.com\/fr\/wp-json\/wp\/v2\/product"}],"about":[{"href":"https:\/\/digitaldeepsea.com\/fr\/wp-json\/wp\/v2\/types\/product"}],"wp:featuredmedia":[{"embeddable":true,"href":"https:\/\/digitaldeepsea.com\/fr\/wp-json\/wp\/v2\/media\/67"}],"wp:attachment":[{"href":"https:\/\/digitaldeepsea.com\/fr\/wp-json\/wp\/v2\/media?parent=28"}],"wp:term":[{"taxonomy":"product_cat","embeddable":true,"href":"https:\/\/digitaldeepsea.com\/fr\/wp-json\/wp\/v2\/product_cat?post=28"},{"taxonomy":"product_tag","embeddable":true,"href":"https:\/\/digitaldeepsea.com\/fr\/wp-json\/wp\/v2\/product_tag?post=28"}],"curies":[{"name":"wp","href":"https:\/\/api.w.org\/{rel}","templated":true}]}}