{"id":23,"date":"2024-03-13T08:54:48","date_gmt":"2024-03-13T08:54:48","guid":{"rendered":"https:\/\/digitaldeepsea.com\/fr\/?post_type=product&#038;p=23"},"modified":"2024-05-30T07:42:14","modified_gmt":"2024-05-30T07:42:14","slug":"digaton","status":"publish","type":"product","link":"https:\/\/digitaldeepsea.com\/fr\/produit\/digaton\/","title":{"rendered":"DiGAToN"},"content":{"rendered":"<h4><strong>CARACT\u00c9RISTIQUES CL\u00c9S<\/strong><\/h4>\n<p>DigAton s\u2019adapte aux structures marines, dangers, bou\u00e9es ou peut \u00eatre configur\u00e9 pour repr\u00e9senter un point virtuel ou synth\u00e9tique s&rsquo;il est mont\u00e9 \u00e0 distance d\u2019un emplacement physique. Les navires \u00e9quip\u00e9s d\u2019un syst\u00e8me AIS et les stations c\u00f4ti\u00e8res peuvent alors non seulement identifier la position de ces marques, mais aussi lire des donn\u00e9es (telles que la m\u00e9t\u00e9o et les instruments) recueillies par l\u2019AtoN.<\/p>\n<p>&nbsp;<\/p>\n<p>Le DigAtoN est disponible en tant qu&rsquo;appareil classe 1 (transmet uniquement) ou en tant qu&rsquo;appareil classe 3 (\u00e9mission et r\u00e9ception).<\/p>\n<p>&nbsp;<\/p>\n<p>Les dispositifs de classe 1 ont besoin d&rsquo;une station terrestre AIS assez proche de l&rsquo;AtoN alors les appareils classe 3 peuvent transmettre directement et peuvent ainsi \u00eatre plac\u00e9s n&rsquo;importe o\u00f9. Les appareils classe 3 peuvent aussi \u00eatre configur\u00e9s et interrog\u00e9s \u00e0 distance et \u00eatre connect\u00e9 au r\u00e9seau.<\/p>\n<p>&nbsp;<\/p>\n<p>Afin d&rsquo;\u00e9tendre la surveillance et de recueillir le plus d&rsquo;informations possible, le DigAtoN est \u00e9galement disponible en option avec des capteurs suppl\u00e9mentaires install\u00e9s.<\/p>\n<p>&nbsp;<\/p>\n<p>Une pr\u00e9sentation compl\u00e8te du produit (en anglais) peut \u00eatre t\u00e9l\u00e9charg\u00e9e <a href=\"https:\/\/digitaldeepsea.com\/fr\/wp-content\/uploads\/sites\/2\/2024\/05\/ATON-PRESENTATION.pdf\">en cliquant ici.\u00a0<\/a><\/p>\n<p>&nbsp;<\/p>\n<h4><strong>APPLICATIONS<\/strong><\/h4>\n<ul>\n<li>Marquage des structures offshore, \u00e9oliennes, \u00e9paves, bou\u00e9es, zones de danger, etc.<\/li>\n<li>Transfert des conditions m\u00e9t\u00e9orologiques locales telles que le vent, la pression atmosph\u00e9rique, la hauteur des vagues.<\/li>\n<li>Transmission de donn\u00e9es personnalis\u00e9e pour les stations terrestres telles que l\u2019\u00e9tat \u00e9lectrique, la mar\u00e9e, les mesures de salinit\u00e9 et autres informations.<\/li>\n<li>Utilisez la capacit\u00e9 virtuelle ou synth\u00e9tique de la balise AtoN pour marquer cinq points virtuels en m\u00eame temps (id\u00e9al pour les courses de voiles ou pour les marquages mobiles)<\/li>\n<\/ul>\n<p>&nbsp;<\/p>\n<h4><strong>SP\u00c9CIFICIT\u00c9S<\/strong><\/h4>\n<ul>\n<li>Disponible en tant qu&rsquo;appareil classe 1 ou classe 3<\/li>\n<li>Ultra robuste et \u00e9tanche IPX7<\/li>\n<li>Approuv\u00e9 par l&rsquo;OMI pour une utilisation globale<\/li>\n<li>Antenne GPS interne et en option, disponible avec une antenne GPS externe &#8211; Solution id\u00e9al pour la consommation \u00e9lectrique du produit (important si la balise est auto aliment\u00e9e)<\/li>\n<li>Appareil classe 3 peut \u00eatre configur\u00e9 et surveill\u00e9 \u00e0 distance (VDL &#8211; AIS VHF-FM Data Link)\n<p>Peut marqu\u00e9 virtuellement jusqu&rsquo;\u00e0 5 points<\/li>\n<li>Puissance d\u2019\u00e9mission r\u00e9glable (de 1 \u00e0 12,5 W)<\/li>\n<li>Hautement configurable pour pouvoir r\u00e9pondre \u00e0 toutes les applications<\/li>\n<li>La version avec interface pour les capteurs contient :<\/li>\n<\/ul>\n<p>trois entr\u00e9es analogiques non isol\u00e9es et deux entr\u00e9es analogiques isol\u00e9es; 5 entr\u00e9es et sorties digitales isol\u00e9es et 5 entr\u00e9es et sorties digitales non isol\u00e9es; deux ports RS232 et un port RS422 totalement isol\u00e9s; deux sorties de relais; interface basse vitesse SDI-12; moniteur de tension.<\/p>\n","protected":false},"excerpt":{"rendered":"<p>\u00ab\u00a0DigAton s\u2019adapte aux structures marines, dangers, bou\u00e9es ou peut \u00eatre configur\u00e9 pour repr\u00e9senter un point virtuel ou synth\u00e9tique.\u00a0\u00bb<\/p>\n","protected":false},"featured_media":64,"template":"","meta":[],"product_cat":[21,33],"product_tag":[34,35],"yoast_head":"<!-- This site is optimized with the Yoast SEO plugin v22.7 - https:\/\/yoast.com\/wordpress\/plugins\/seo\/ -->\n<title>DiGAToN - AtoN AIS (Aides \u00e0 la navigation) - Digital Deep Sea<\/title>\n<meta name=\"description\" content=\"DigAton est une balise AtoN AIS s\u2019adapte aux structures marines, dangers, bou\u00e9es ou peut \u00eatre configur\u00e9 pour repr\u00e9senter un point virtuel ou synth\u00e9tique.\" \/>\n<meta name=\"robots\" content=\"index, follow, max-snippet:-1, max-image-preview:large, max-video-preview:-1\" \/>\n<link rel=\"canonical\" href=\"https:\/\/digitaldeepsea.com\/fr\/produit\/digaton\/\" \/>\n<meta property=\"og:locale\" content=\"fr_FR\" \/>\n<meta property=\"og:type\" content=\"article\" \/>\n<meta property=\"og:title\" content=\"DiGAToN - AtoN AIS (Aides \u00e0 la navigation) - Digital Deep Sea\" \/>\n<meta property=\"og:description\" content=\"DigAton est une balise AtoN AIS s\u2019adapte aux structures marines, dangers, bou\u00e9es ou peut \u00eatre configur\u00e9 pour repr\u00e9senter un point virtuel ou synth\u00e9tique.\" \/>\n<meta property=\"og:url\" content=\"https:\/\/digitaldeepsea.com\/fr\/produit\/digaton\/\" \/>\n<meta property=\"og:site_name\" content=\"Digital Deep Sea France\" \/>\n<meta property=\"article:modified_time\" content=\"2024-05-30T07:42:14+00:00\" \/>\n<meta property=\"og:image\" content=\"https:\/\/digitaldeepsea.com\/fr\/wp-content\/uploads\/sites\/2\/2024\/03\/DigAton.jpg\" \/>\n\t<meta property=\"og:image:width\" content=\"1000\" \/>\n\t<meta property=\"og:image:height\" content=\"1000\" \/>\n\t<meta property=\"og:image:type\" content=\"image\/jpeg\" \/>\n<meta name=\"twitter:card\" content=\"summary_large_image\" \/>\n<meta name=\"twitter:label1\" content=\"Dur\u00e9e de lecture estim\u00e9e\" \/>\n\t<meta name=\"twitter:data1\" content=\"3 minutes\" \/>\n<script type=\"application\/ld+json\" class=\"yoast-schema-graph\">{\"@context\":\"https:\/\/schema.org\",\"@graph\":[{\"@type\":\"WebPage\",\"@id\":\"https:\/\/digitaldeepsea.com\/fr\/produit\/digaton\/\",\"url\":\"https:\/\/digitaldeepsea.com\/fr\/produit\/digaton\/\",\"name\":\"DiGAToN - AtoN AIS (Aides \u00e0 la navigation) - Digital Deep Sea\",\"isPartOf\":{\"@id\":\"https:\/\/digitaldeepsea.com\/fr\/#website\"},\"primaryImageOfPage\":{\"@id\":\"https:\/\/digitaldeepsea.com\/fr\/produit\/digaton\/#primaryimage\"},\"image\":{\"@id\":\"https:\/\/digitaldeepsea.com\/fr\/produit\/digaton\/#primaryimage\"},\"thumbnailUrl\":\"https:\/\/digitaldeepsea.com\/fr\/wp-content\/uploads\/sites\/2\/2024\/03\/DigAton.jpg\",\"datePublished\":\"2024-03-13T08:54:48+00:00\",\"dateModified\":\"2024-05-30T07:42:14+00:00\",\"description\":\"DigAton est une balise AtoN AIS s\u2019adapte aux structures marines, dangers, bou\u00e9es ou peut \u00eatre configur\u00e9 pour repr\u00e9senter un point virtuel ou synth\u00e9tique.\",\"breadcrumb\":{\"@id\":\"https:\/\/digitaldeepsea.com\/fr\/produit\/digaton\/#breadcrumb\"},\"inLanguage\":\"fr-FR\",\"potentialAction\":[{\"@type\":\"ReadAction\",\"target\":[\"https:\/\/digitaldeepsea.com\/fr\/produit\/digaton\/\"]}]},{\"@type\":\"ImageObject\",\"inLanguage\":\"fr-FR\",\"@id\":\"https:\/\/digitaldeepsea.com\/fr\/produit\/digaton\/#primaryimage\",\"url\":\"https:\/\/digitaldeepsea.com\/fr\/wp-content\/uploads\/sites\/2\/2024\/03\/DigAton.jpg\",\"contentUrl\":\"https:\/\/digitaldeepsea.com\/fr\/wp-content\/uploads\/sites\/2\/2024\/03\/DigAton.jpg\",\"width\":1000,\"height\":1000},{\"@type\":\"BreadcrumbList\",\"@id\":\"https:\/\/digitaldeepsea.com\/fr\/produit\/digaton\/#breadcrumb\",\"itemListElement\":[{\"@type\":\"ListItem\",\"position\":1,\"name\":\"Home\",\"item\":\"https:\/\/digitaldeepsea.com\/fr\/\"},{\"@type\":\"ListItem\",\"position\":2,\"name\":\"Produits\",\"item\":\"https:\/\/digitaldeepsea.com\/fr\/produits\/\"},{\"@type\":\"ListItem\",\"position\":3,\"name\":\"DiGAToN\"}]},{\"@type\":\"WebSite\",\"@id\":\"https:\/\/digitaldeepsea.com\/fr\/#website\",\"url\":\"https:\/\/digitaldeepsea.com\/fr\/\",\"name\":\"Digital Deep Sea\",\"description\":\"\",\"publisher\":{\"@id\":\"https:\/\/digitaldeepsea.com\/fr\/#organization\"},\"potentialAction\":[{\"@type\":\"SearchAction\",\"target\":{\"@type\":\"EntryPoint\",\"urlTemplate\":\"https:\/\/digitaldeepsea.com\/fr\/?s={search_term_string}\"},\"query-input\":\"required name=search_term_string\"}],\"inLanguage\":\"fr-FR\"},{\"@type\":\"Organization\",\"@id\":\"https:\/\/digitaldeepsea.com\/fr\/#organization\",\"name\":\"Digital Deep Sea\",\"url\":\"https:\/\/digitaldeepsea.com\/fr\/\",\"logo\":{\"@type\":\"ImageObject\",\"inLanguage\":\"fr-FR\",\"@id\":\"https:\/\/digitaldeepsea.com\/fr\/#\/schema\/logo\/image\/\",\"url\":\"https:\/\/digitaldeepsea.com\/fr\/wp-content\/uploads\/sites\/2\/2024\/03\/logo_dy_outline_white.png\",\"contentUrl\":\"https:\/\/digitaldeepsea.com\/fr\/wp-content\/uploads\/sites\/2\/2024\/03\/logo_dy_outline_white.png\",\"width\":200,\"height\":114,\"caption\":\"Digital Deep Sea\"},\"image\":{\"@id\":\"https:\/\/digitaldeepsea.com\/fr\/#\/schema\/logo\/image\/\"}}]}<\/script>\n<!-- \/ Yoast SEO plugin. -->","yoast_head_json":{"title":"DiGAToN - AtoN AIS (Aides \u00e0 la navigation) - Digital Deep Sea","description":"DigAton est une balise AtoN AIS s\u2019adapte aux structures marines, dangers, bou\u00e9es ou peut \u00eatre configur\u00e9 pour repr\u00e9senter un point virtuel ou synth\u00e9tique.","robots":{"index":"index","follow":"follow","max-snippet":"max-snippet:-1","max-image-preview":"max-image-preview:large","max-video-preview":"max-video-preview:-1"},"canonical":"https:\/\/digitaldeepsea.com\/fr\/produit\/digaton\/","og_locale":"fr_FR","og_type":"article","og_title":"DiGAToN - AtoN AIS (Aides \u00e0 la navigation) - Digital Deep Sea","og_description":"DigAton est une balise AtoN AIS s\u2019adapte aux structures marines, dangers, bou\u00e9es ou peut \u00eatre configur\u00e9 pour repr\u00e9senter un point virtuel ou synth\u00e9tique.","og_url":"https:\/\/digitaldeepsea.com\/fr\/produit\/digaton\/","og_site_name":"Digital Deep Sea France","article_modified_time":"2024-05-30T07:42:14+00:00","og_image":[{"width":1000,"height":1000,"url":"https:\/\/digitaldeepsea.com\/fr\/wp-content\/uploads\/sites\/2\/2024\/03\/DigAton.jpg","type":"image\/jpeg"}],"twitter_card":"summary_large_image","twitter_misc":{"Dur\u00e9e de lecture estim\u00e9e":"3 minutes"},"schema":{"@context":"https:\/\/schema.org","@graph":[{"@type":"WebPage","@id":"https:\/\/digitaldeepsea.com\/fr\/produit\/digaton\/","url":"https:\/\/digitaldeepsea.com\/fr\/produit\/digaton\/","name":"DiGAToN - AtoN AIS (Aides \u00e0 la navigation) - Digital Deep Sea","isPartOf":{"@id":"https:\/\/digitaldeepsea.com\/fr\/#website"},"primaryImageOfPage":{"@id":"https:\/\/digitaldeepsea.com\/fr\/produit\/digaton\/#primaryimage"},"image":{"@id":"https:\/\/digitaldeepsea.com\/fr\/produit\/digaton\/#primaryimage"},"thumbnailUrl":"https:\/\/digitaldeepsea.com\/fr\/wp-content\/uploads\/sites\/2\/2024\/03\/DigAton.jpg","datePublished":"2024-03-13T08:54:48+00:00","dateModified":"2024-05-30T07:42:14+00:00","description":"DigAton est une balise AtoN AIS s\u2019adapte aux structures marines, dangers, bou\u00e9es ou peut \u00eatre configur\u00e9 pour repr\u00e9senter un point virtuel ou synth\u00e9tique.","breadcrumb":{"@id":"https:\/\/digitaldeepsea.com\/fr\/produit\/digaton\/#breadcrumb"},"inLanguage":"fr-FR","potentialAction":[{"@type":"ReadAction","target":["https:\/\/digitaldeepsea.com\/fr\/produit\/digaton\/"]}]},{"@type":"ImageObject","inLanguage":"fr-FR","@id":"https:\/\/digitaldeepsea.com\/fr\/produit\/digaton\/#primaryimage","url":"https:\/\/digitaldeepsea.com\/fr\/wp-content\/uploads\/sites\/2\/2024\/03\/DigAton.jpg","contentUrl":"https:\/\/digitaldeepsea.com\/fr\/wp-content\/uploads\/sites\/2\/2024\/03\/DigAton.jpg","width":1000,"height":1000},{"@type":"BreadcrumbList","@id":"https:\/\/digitaldeepsea.com\/fr\/produit\/digaton\/#breadcrumb","itemListElement":[{"@type":"ListItem","position":1,"name":"Home","item":"https:\/\/digitaldeepsea.com\/fr\/"},{"@type":"ListItem","position":2,"name":"Produits","item":"https:\/\/digitaldeepsea.com\/fr\/produits\/"},{"@type":"ListItem","position":3,"name":"DiGAToN"}]},{"@type":"WebSite","@id":"https:\/\/digitaldeepsea.com\/fr\/#website","url":"https:\/\/digitaldeepsea.com\/fr\/","name":"Digital Deep Sea","description":"","publisher":{"@id":"https:\/\/digitaldeepsea.com\/fr\/#organization"},"potentialAction":[{"@type":"SearchAction","target":{"@type":"EntryPoint","urlTemplate":"https:\/\/digitaldeepsea.com\/fr\/?s={search_term_string}"},"query-input":"required name=search_term_string"}],"inLanguage":"fr-FR"},{"@type":"Organization","@id":"https:\/\/digitaldeepsea.com\/fr\/#organization","name":"Digital Deep Sea","url":"https:\/\/digitaldeepsea.com\/fr\/","logo":{"@type":"ImageObject","inLanguage":"fr-FR","@id":"https:\/\/digitaldeepsea.com\/fr\/#\/schema\/logo\/image\/","url":"https:\/\/digitaldeepsea.com\/fr\/wp-content\/uploads\/sites\/2\/2024\/03\/logo_dy_outline_white.png","contentUrl":"https:\/\/digitaldeepsea.com\/fr\/wp-content\/uploads\/sites\/2\/2024\/03\/logo_dy_outline_white.png","width":200,"height":114,"caption":"Digital Deep Sea"},"image":{"@id":"https:\/\/digitaldeepsea.com\/fr\/#\/schema\/logo\/image\/"}}]}},"_links":{"self":[{"href":"https:\/\/digitaldeepsea.com\/fr\/wp-json\/wp\/v2\/product\/23"}],"collection":[{"href":"https:\/\/digitaldeepsea.com\/fr\/wp-json\/wp\/v2\/product"}],"about":[{"href":"https:\/\/digitaldeepsea.com\/fr\/wp-json\/wp\/v2\/types\/product"}],"wp:featuredmedia":[{"embeddable":true,"href":"https:\/\/digitaldeepsea.com\/fr\/wp-json\/wp\/v2\/media\/64"}],"wp:attachment":[{"href":"https:\/\/digitaldeepsea.com\/fr\/wp-json\/wp\/v2\/media?parent=23"}],"wp:term":[{"taxonomy":"product_cat","embeddable":true,"href":"https:\/\/digitaldeepsea.com\/fr\/wp-json\/wp\/v2\/product_cat?post=23"},{"taxonomy":"product_tag","embeddable":true,"href":"https:\/\/digitaldeepsea.com\/fr\/wp-json\/wp\/v2\/product_tag?post=23"}],"curies":[{"name":"wp","href":"https:\/\/api.w.org\/{rel}","templated":true}]}}