{"id":22,"date":"2024-03-13T08:54:48","date_gmt":"2024-03-13T08:54:48","guid":{"rendered":"https:\/\/digitaldeepsea.com\/fr\/?post_type=product&#038;p=22"},"modified":"2025-01-17T07:51:54","modified_gmt":"2025-01-17T07:51:54","slug":"cable-dextension-pour-prise-pilote","status":"publish","type":"product","link":"https:\/\/digitaldeepsea.com\/fr\/produit\/cable-dextension-pour-prise-pilote\/","title":{"rendered":"C\u00e2ble d&rsquo;extension pour prise pilote"},"content":{"rendered":"<h4><strong>CARACT\u00c9RISTIQUES CL\u00c9S<\/strong><\/h4>\n<p>Tous les transpondeurs AIS de classe A ont une prise pilote qui est destin\u00e9e \u00e0 permettre aux pilotes professionnels de connecter de mani\u00e8re rapide et fiable leur ordinateur portable au transpondeur AIS classe A quand ils montent \u00e0 bord.<\/p>\n<p>&nbsp;<\/p>\n<p>Souvent la longueur normale du c\u00e2ble de la prise pilote est de 1-2m ce qui peut rendre difficile la connexion au transpondeur AIS classe A. La longueur d&rsquo;un c\u00e2ble USB est limit\u00e9 a 5 m pour ne pas avoir de perte. Ainsi, rallonger ce c\u00e2ble pourrait \u00eatre probl\u00e9matique. Hors, ce c\u00e2ble n&rsquo;\u00e9tend pas le c\u00e2ble USB mais le c\u00e2blage NMEA0183 permettant ainsi de bien ralonger la longueur du c\u00e2ble.<\/p>\n<p>&nbsp;<\/p>\n<p>&nbsp;<\/p>\n<h4><strong>SP\u00c9CIFICIT\u00c9S<\/strong><\/h4>\n<ul>\n<li>C\u00e2ble de 10m<\/li>\n<li>Conforme \u00e0 l\u2019OMI SN\/Circ.227<\/li>\n<li>C\u00e2ble utilis\u00e9 pour prolonger une prise pilote<\/li>\n<li>Vous permet de prolonger le c\u00e2ble USB de plus de 5 m<\/li>\n<\/ul>\n","protected":false},"excerpt":{"rendered":"<p>\u00ab\u00a0C\u00e2ble de 10 m pour \u00e9tendre la prise pilote d&rsquo;un transpondeur AIS Classe A\u00a0\u00bb<\/p>\n","protected":false},"featured_media":63,"template":"","meta":[],"product_cat":[31],"product_tag":[32],"yoast_head":"<!-- This site is optimized with the Yoast SEO plugin v22.7 - https:\/\/yoast.com\/wordpress\/plugins\/seo\/ -->\n<title>C\u00e2ble d&#039;extension pour prise pilote - Digital Deep Sea France<\/title>\n<meta name=\"robots\" content=\"index, follow, max-snippet:-1, max-image-preview:large, max-video-preview:-1\" \/>\n<link rel=\"canonical\" href=\"https:\/\/digitaldeepsea.com\/fr\/produit\/cable-dextension-pour-prise-pilote\/\" \/>\n<meta property=\"og:locale\" content=\"fr_FR\" \/>\n<meta property=\"og:type\" content=\"article\" \/>\n<meta property=\"og:title\" content=\"C\u00e2ble d&#039;extension pour prise pilote - Digital Deep Sea France\" \/>\n<meta property=\"og:description\" content=\"&quot;C\u00e2ble de 10 m pour \u00e9tendre la prise pilote d&#039;un transpondeur AIS Classe A&quot;\" \/>\n<meta property=\"og:url\" content=\"https:\/\/digitaldeepsea.com\/fr\/produit\/cable-dextension-pour-prise-pilote\/\" \/>\n<meta property=\"og:site_name\" content=\"Digital Deep Sea France\" \/>\n<meta property=\"article:modified_time\" content=\"2025-01-17T07:51:54+00:00\" \/>\n<meta property=\"og:image\" content=\"https:\/\/digitaldeepsea.com\/fr\/wp-content\/uploads\/sites\/2\/2024\/03\/Extension_Pilot_Plug.jpg\" \/>\n\t<meta property=\"og:image:width\" content=\"1000\" \/>\n\t<meta property=\"og:image:height\" content=\"1000\" \/>\n\t<meta property=\"og:image:type\" content=\"image\/jpeg\" \/>\n<meta name=\"twitter:card\" content=\"summary_large_image\" \/>\n<meta name=\"twitter:label1\" content=\"Dur\u00e9e de lecture estim\u00e9e\" \/>\n\t<meta name=\"twitter:data1\" content=\"1 minute\" \/>\n<script type=\"application\/ld+json\" class=\"yoast-schema-graph\">{\"@context\":\"https:\/\/schema.org\",\"@graph\":[{\"@type\":\"WebPage\",\"@id\":\"https:\/\/digitaldeepsea.com\/fr\/produit\/cable-dextension-pour-prise-pilote\/\",\"url\":\"https:\/\/digitaldeepsea.com\/fr\/produit\/cable-dextension-pour-prise-pilote\/\",\"name\":\"C\u00e2ble d'extension pour prise pilote - Digital Deep Sea France\",\"isPartOf\":{\"@id\":\"https:\/\/digitaldeepsea.com\/fr\/#website\"},\"primaryImageOfPage\":{\"@id\":\"https:\/\/digitaldeepsea.com\/fr\/produit\/cable-dextension-pour-prise-pilote\/#primaryimage\"},\"image\":{\"@id\":\"https:\/\/digitaldeepsea.com\/fr\/produit\/cable-dextension-pour-prise-pilote\/#primaryimage\"},\"thumbnailUrl\":\"https:\/\/digitaldeepsea.com\/fr\/wp-content\/uploads\/sites\/2\/2024\/03\/Extension_Pilot_Plug.jpg\",\"datePublished\":\"2024-03-13T08:54:48+00:00\",\"dateModified\":\"2025-01-17T07:51:54+00:00\",\"breadcrumb\":{\"@id\":\"https:\/\/digitaldeepsea.com\/fr\/produit\/cable-dextension-pour-prise-pilote\/#breadcrumb\"},\"inLanguage\":\"fr-FR\",\"potentialAction\":[{\"@type\":\"ReadAction\",\"target\":[\"https:\/\/digitaldeepsea.com\/fr\/produit\/cable-dextension-pour-prise-pilote\/\"]}]},{\"@type\":\"ImageObject\",\"inLanguage\":\"fr-FR\",\"@id\":\"https:\/\/digitaldeepsea.com\/fr\/produit\/cable-dextension-pour-prise-pilote\/#primaryimage\",\"url\":\"https:\/\/digitaldeepsea.com\/fr\/wp-content\/uploads\/sites\/2\/2024\/03\/Extension_Pilot_Plug.jpg\",\"contentUrl\":\"https:\/\/digitaldeepsea.com\/fr\/wp-content\/uploads\/sites\/2\/2024\/03\/Extension_Pilot_Plug.jpg\",\"width\":1000,\"height\":1000},{\"@type\":\"BreadcrumbList\",\"@id\":\"https:\/\/digitaldeepsea.com\/fr\/produit\/cable-dextension-pour-prise-pilote\/#breadcrumb\",\"itemListElement\":[{\"@type\":\"ListItem\",\"position\":1,\"name\":\"Home\",\"item\":\"https:\/\/digitaldeepsea.com\/fr\/\"},{\"@type\":\"ListItem\",\"position\":2,\"name\":\"Produits\",\"item\":\"https:\/\/digitaldeepsea.com\/fr\/produits\/\"},{\"@type\":\"ListItem\",\"position\":3,\"name\":\"C\u00e2ble d&rsquo;extension pour prise pilote\"}]},{\"@type\":\"WebSite\",\"@id\":\"https:\/\/digitaldeepsea.com\/fr\/#website\",\"url\":\"https:\/\/digitaldeepsea.com\/fr\/\",\"name\":\"Digital Deep Sea\",\"description\":\"\",\"publisher\":{\"@id\":\"https:\/\/digitaldeepsea.com\/fr\/#organization\"},\"potentialAction\":[{\"@type\":\"SearchAction\",\"target\":{\"@type\":\"EntryPoint\",\"urlTemplate\":\"https:\/\/digitaldeepsea.com\/fr\/?s={search_term_string}\"},\"query-input\":\"required name=search_term_string\"}],\"inLanguage\":\"fr-FR\"},{\"@type\":\"Organization\",\"@id\":\"https:\/\/digitaldeepsea.com\/fr\/#organization\",\"name\":\"Digital Deep Sea\",\"url\":\"https:\/\/digitaldeepsea.com\/fr\/\",\"logo\":{\"@type\":\"ImageObject\",\"inLanguage\":\"fr-FR\",\"@id\":\"https:\/\/digitaldeepsea.com\/fr\/#\/schema\/logo\/image\/\",\"url\":\"https:\/\/digitaldeepsea.com\/fr\/wp-content\/uploads\/sites\/2\/2024\/03\/logo_dy_outline_white.png\",\"contentUrl\":\"https:\/\/digitaldeepsea.com\/fr\/wp-content\/uploads\/sites\/2\/2024\/03\/logo_dy_outline_white.png\",\"width\":200,\"height\":114,\"caption\":\"Digital Deep Sea\"},\"image\":{\"@id\":\"https:\/\/digitaldeepsea.com\/fr\/#\/schema\/logo\/image\/\"}}]}<\/script>\n<!-- \/ Yoast SEO plugin. -->","yoast_head_json":{"title":"C\u00e2ble d'extension pour prise pilote - Digital Deep Sea France","robots":{"index":"index","follow":"follow","max-snippet":"max-snippet:-1","max-image-preview":"max-image-preview:large","max-video-preview":"max-video-preview:-1"},"canonical":"https:\/\/digitaldeepsea.com\/fr\/produit\/cable-dextension-pour-prise-pilote\/","og_locale":"fr_FR","og_type":"article","og_title":"C\u00e2ble d'extension pour prise pilote - Digital Deep Sea France","og_description":"\"C\u00e2ble de 10 m pour \u00e9tendre la prise pilote d'un transpondeur AIS Classe A\"","og_url":"https:\/\/digitaldeepsea.com\/fr\/produit\/cable-dextension-pour-prise-pilote\/","og_site_name":"Digital Deep Sea France","article_modified_time":"2025-01-17T07:51:54+00:00","og_image":[{"width":1000,"height":1000,"url":"https:\/\/digitaldeepsea.com\/fr\/wp-content\/uploads\/sites\/2\/2024\/03\/Extension_Pilot_Plug.jpg","type":"image\/jpeg"}],"twitter_card":"summary_large_image","twitter_misc":{"Dur\u00e9e de lecture estim\u00e9e":"1 minute"},"schema":{"@context":"https:\/\/schema.org","@graph":[{"@type":"WebPage","@id":"https:\/\/digitaldeepsea.com\/fr\/produit\/cable-dextension-pour-prise-pilote\/","url":"https:\/\/digitaldeepsea.com\/fr\/produit\/cable-dextension-pour-prise-pilote\/","name":"C\u00e2ble d'extension pour prise pilote - Digital Deep Sea France","isPartOf":{"@id":"https:\/\/digitaldeepsea.com\/fr\/#website"},"primaryImageOfPage":{"@id":"https:\/\/digitaldeepsea.com\/fr\/produit\/cable-dextension-pour-prise-pilote\/#primaryimage"},"image":{"@id":"https:\/\/digitaldeepsea.com\/fr\/produit\/cable-dextension-pour-prise-pilote\/#primaryimage"},"thumbnailUrl":"https:\/\/digitaldeepsea.com\/fr\/wp-content\/uploads\/sites\/2\/2024\/03\/Extension_Pilot_Plug.jpg","datePublished":"2024-03-13T08:54:48+00:00","dateModified":"2025-01-17T07:51:54+00:00","breadcrumb":{"@id":"https:\/\/digitaldeepsea.com\/fr\/produit\/cable-dextension-pour-prise-pilote\/#breadcrumb"},"inLanguage":"fr-FR","potentialAction":[{"@type":"ReadAction","target":["https:\/\/digitaldeepsea.com\/fr\/produit\/cable-dextension-pour-prise-pilote\/"]}]},{"@type":"ImageObject","inLanguage":"fr-FR","@id":"https:\/\/digitaldeepsea.com\/fr\/produit\/cable-dextension-pour-prise-pilote\/#primaryimage","url":"https:\/\/digitaldeepsea.com\/fr\/wp-content\/uploads\/sites\/2\/2024\/03\/Extension_Pilot_Plug.jpg","contentUrl":"https:\/\/digitaldeepsea.com\/fr\/wp-content\/uploads\/sites\/2\/2024\/03\/Extension_Pilot_Plug.jpg","width":1000,"height":1000},{"@type":"BreadcrumbList","@id":"https:\/\/digitaldeepsea.com\/fr\/produit\/cable-dextension-pour-prise-pilote\/#breadcrumb","itemListElement":[{"@type":"ListItem","position":1,"name":"Home","item":"https:\/\/digitaldeepsea.com\/fr\/"},{"@type":"ListItem","position":2,"name":"Produits","item":"https:\/\/digitaldeepsea.com\/fr\/produits\/"},{"@type":"ListItem","position":3,"name":"C\u00e2ble d&rsquo;extension pour prise pilote"}]},{"@type":"WebSite","@id":"https:\/\/digitaldeepsea.com\/fr\/#website","url":"https:\/\/digitaldeepsea.com\/fr\/","name":"Digital Deep Sea","description":"","publisher":{"@id":"https:\/\/digitaldeepsea.com\/fr\/#organization"},"potentialAction":[{"@type":"SearchAction","target":{"@type":"EntryPoint","urlTemplate":"https:\/\/digitaldeepsea.com\/fr\/?s={search_term_string}"},"query-input":"required name=search_term_string"}],"inLanguage":"fr-FR"},{"@type":"Organization","@id":"https:\/\/digitaldeepsea.com\/fr\/#organization","name":"Digital Deep Sea","url":"https:\/\/digitaldeepsea.com\/fr\/","logo":{"@type":"ImageObject","inLanguage":"fr-FR","@id":"https:\/\/digitaldeepsea.com\/fr\/#\/schema\/logo\/image\/","url":"https:\/\/digitaldeepsea.com\/fr\/wp-content\/uploads\/sites\/2\/2024\/03\/logo_dy_outline_white.png","contentUrl":"https:\/\/digitaldeepsea.com\/fr\/wp-content\/uploads\/sites\/2\/2024\/03\/logo_dy_outline_white.png","width":200,"height":114,"caption":"Digital Deep Sea"},"image":{"@id":"https:\/\/digitaldeepsea.com\/fr\/#\/schema\/logo\/image\/"}}]}},"_links":{"self":[{"href":"https:\/\/digitaldeepsea.com\/fr\/wp-json\/wp\/v2\/product\/22"}],"collection":[{"href":"https:\/\/digitaldeepsea.com\/fr\/wp-json\/wp\/v2\/product"}],"about":[{"href":"https:\/\/digitaldeepsea.com\/fr\/wp-json\/wp\/v2\/types\/product"}],"wp:featuredmedia":[{"embeddable":true,"href":"https:\/\/digitaldeepsea.com\/fr\/wp-json\/wp\/v2\/media\/63"}],"wp:attachment":[{"href":"https:\/\/digitaldeepsea.com\/fr\/wp-json\/wp\/v2\/media?parent=22"}],"wp:term":[{"taxonomy":"product_cat","embeddable":true,"href":"https:\/\/digitaldeepsea.com\/fr\/wp-json\/wp\/v2\/product_cat?post=22"},{"taxonomy":"product_tag","embeddable":true,"href":"https:\/\/digitaldeepsea.com\/fr\/wp-json\/wp\/v2\/product_tag?post=22"}],"curies":[{"name":"wp","href":"https:\/\/api.w.org\/{rel}","templated":true}]}}