{"id":21,"date":"2024-03-13T08:54:48","date_gmt":"2024-03-13T08:54:48","guid":{"rendered":"https:\/\/digitaldeepsea.com\/fr\/?post_type=product&#038;p=21"},"modified":"2025-01-17T07:51:54","modified_gmt":"2025-01-17T07:51:54","slug":"prise-pilote-et-cable-usb","status":"publish","type":"product","link":"https:\/\/digitaldeepsea.com\/fr\/produit\/prise-pilote-et-cable-usb\/","title":{"rendered":"Prise Pilote et C\u00e2ble USB"},"content":{"rendered":"<h4><strong>CARACT\u00c9RISTIQUES CL\u00c9S<\/strong><\/h4>\n<p>Tous les transpondeurs AIS de classe A ont une prise \u201cPilot Plug\u201d sp\u00e9ciale qui est destin\u00e9e \u00e0 permettre aux pilotes professionnels de connecter de mani\u00e8re rapide et fiable leur ordinateur portable au transpondeur AIS classe A quand ils montent \u00e0 bord. Le c\u00e2ble Pilot Plug de Digital Deep Sea, permet \u00e0 quiconque de connecter leur PC \u00e0 un transpondeur AIS classe A et de recevoir les donn\u00e9es AIS et GPS via un port USB.<\/p>\n<p>&nbsp;<\/p>\n<p>Avec certains mod\u00e8les de transpondeurs de Classe A, ce c\u00e2ble peut \u00e9galement \u00eatre utilis\u00e9 pour configurer le transpondeur AIS classe A avec les donn\u00e9es AIS statiques et les donn\u00e9es de voyage qui doivent toujours \u00eatre programm\u00e9s pour un transpondeur AIS Classe A avant de commencer une travers\u00e9e.<\/p>\n<p>&nbsp;<\/p>\n<p>L\u2019adaptateur est un appareil bidirectionnel afin que les donn\u00e9es puissent \u00eatre envoy\u00e9es et re\u00e7ues depuis un ordinateur. La prise est \u00e9quip\u00e9e de LEDs \u00a0qui clignote quand les donn\u00e9es sont re\u00e7ues (vert) ou transmises (rouge) ce qui aide \u00e0 la r\u00e9solution des probl\u00e8mes.<\/p>\n<p>&nbsp;<\/p>\n<p>Le c\u00e2ble Pilot Plug cr\u00e9e un port COM virtuel sur les logiciels de navigation et de cartographie PC. Ce port COM est ainsi utilis\u00e9 pour recevoir les donn\u00e9es NMEA sur le logiciel de navigation. Cet appareil est livr\u00e9 avec un CD compatible PC, MAC et Linux. Le logiciel SmarterTrack Lite est inclus sur le CD &#8211; Id\u00e9al pour avoir un logiciel gratuit pour transformer votre ordinateur en un afficheur AIS.<\/p>\n<p>&nbsp;<\/p>\n<p>&nbsp;<\/p>\n<h4><strong>SP\u00c9CIFICIT\u00c9S<\/strong><\/h4>\n<ul>\n<li>C\u00e2ble de 1,8m<\/li>\n<li>Enti\u00e8rement compatible NMEA 0183<\/li>\n<li>Conforme \u00e0 l\u2019OMI SN\/Circ.227<\/li>\n<li>Connexion de donn\u00e9es bidirectionnelle<\/li>\n<li>Solution \u00e0 faible co\u00fbt<\/li>\n<li>LED clignotant pour montrer que les donn\u00e9es ont bien\n<p>\u00e9t\u00e9 re\u00e7ues et\/ou transmises<\/li>\n<li>Connexion Plug and play \u00e0 la plupart des ordinateurs (Windows\n<p>\/Mac \/ Linux)<\/li>\n<li>Livr\u00e9 avec un CD qui contient le logiciel SmarterTrack Lite<\/li>\n<\/ul>\n<p>&nbsp;<\/p>\n","protected":false},"excerpt":{"rendered":"<p>\u00ab\u00a0Ce c\u00e2ble permet de connecter facilement un transpondeur AIS Classe A \u00e0 un ordinateur gr\u00e2ce \u00e0 la prise pilote.\u00a0\u00bb<\/p>\n","protected":false},"featured_media":61,"template":"","meta":[],"product_cat":[30,29,31],"product_tag":[],"yoast_head":"<!-- This site is optimized with the Yoast SEO plugin v22.7 - https:\/\/yoast.com\/wordpress\/plugins\/seo\/ -->\n<title>Prise Pilote et C\u00e2ble USB - Digital Deep Sea<\/title>\n<meta name=\"description\" content=\"Ce c\u00e2ble permet de connecter facilement un transpondeur AIS Classe A \u00e0 un ordinateur gr\u00e2ce \u00e0 la prise pilote.\" \/>\n<meta name=\"robots\" content=\"index, follow, max-snippet:-1, max-image-preview:large, max-video-preview:-1\" \/>\n<link rel=\"canonical\" href=\"https:\/\/digitaldeepsea.com\/fr\/produit\/prise-pilote-et-cable-usb\/\" \/>\n<meta property=\"og:locale\" content=\"fr_FR\" \/>\n<meta property=\"og:type\" content=\"article\" \/>\n<meta property=\"og:title\" content=\"Prise Pilote et C\u00e2ble USB - Digital Deep Sea\" \/>\n<meta property=\"og:description\" content=\"Ce c\u00e2ble permet de connecter facilement un transpondeur AIS Classe A \u00e0 un ordinateur gr\u00e2ce \u00e0 la prise pilote.\" \/>\n<meta property=\"og:url\" content=\"https:\/\/digitaldeepsea.com\/fr\/produit\/prise-pilote-et-cable-usb\/\" \/>\n<meta property=\"og:site_name\" content=\"Digital Deep Sea France\" \/>\n<meta property=\"article:modified_time\" content=\"2025-01-17T07:51:54+00:00\" \/>\n<meta property=\"og:image\" content=\"https:\/\/digitaldeepsea.com\/fr\/wp-content\/uploads\/sites\/2\/2024\/03\/pilot_plug_cable.jpg\" \/>\n\t<meta property=\"og:image:width\" content=\"1000\" \/>\n\t<meta property=\"og:image:height\" content=\"1000\" \/>\n\t<meta property=\"og:image:type\" content=\"image\/jpeg\" \/>\n<meta name=\"twitter:card\" content=\"summary_large_image\" \/>\n<meta name=\"twitter:label1\" content=\"Dur\u00e9e de lecture estim\u00e9e\" \/>\n\t<meta name=\"twitter:data1\" content=\"2 minutes\" \/>\n<script type=\"application\/ld+json\" class=\"yoast-schema-graph\">{\"@context\":\"https:\/\/schema.org\",\"@graph\":[{\"@type\":\"WebPage\",\"@id\":\"https:\/\/digitaldeepsea.com\/fr\/produit\/prise-pilote-et-cable-usb\/\",\"url\":\"https:\/\/digitaldeepsea.com\/fr\/produit\/prise-pilote-et-cable-usb\/\",\"name\":\"Prise Pilote et C\u00e2ble USB - Digital Deep Sea\",\"isPartOf\":{\"@id\":\"https:\/\/digitaldeepsea.com\/fr\/#website\"},\"primaryImageOfPage\":{\"@id\":\"https:\/\/digitaldeepsea.com\/fr\/produit\/prise-pilote-et-cable-usb\/#primaryimage\"},\"image\":{\"@id\":\"https:\/\/digitaldeepsea.com\/fr\/produit\/prise-pilote-et-cable-usb\/#primaryimage\"},\"thumbnailUrl\":\"https:\/\/digitaldeepsea.com\/fr\/wp-content\/uploads\/sites\/2\/2024\/03\/pilot_plug_cable.jpg\",\"datePublished\":\"2024-03-13T08:54:48+00:00\",\"dateModified\":\"2025-01-17T07:51:54+00:00\",\"description\":\"Ce c\u00e2ble permet de connecter facilement un transpondeur AIS Classe A \u00e0 un ordinateur gr\u00e2ce \u00e0 la prise pilote.\",\"breadcrumb\":{\"@id\":\"https:\/\/digitaldeepsea.com\/fr\/produit\/prise-pilote-et-cable-usb\/#breadcrumb\"},\"inLanguage\":\"fr-FR\",\"potentialAction\":[{\"@type\":\"ReadAction\",\"target\":[\"https:\/\/digitaldeepsea.com\/fr\/produit\/prise-pilote-et-cable-usb\/\"]}]},{\"@type\":\"ImageObject\",\"inLanguage\":\"fr-FR\",\"@id\":\"https:\/\/digitaldeepsea.com\/fr\/produit\/prise-pilote-et-cable-usb\/#primaryimage\",\"url\":\"https:\/\/digitaldeepsea.com\/fr\/wp-content\/uploads\/sites\/2\/2024\/03\/pilot_plug_cable.jpg\",\"contentUrl\":\"https:\/\/digitaldeepsea.com\/fr\/wp-content\/uploads\/sites\/2\/2024\/03\/pilot_plug_cable.jpg\",\"width\":1000,\"height\":1000},{\"@type\":\"BreadcrumbList\",\"@id\":\"https:\/\/digitaldeepsea.com\/fr\/produit\/prise-pilote-et-cable-usb\/#breadcrumb\",\"itemListElement\":[{\"@type\":\"ListItem\",\"position\":1,\"name\":\"Home\",\"item\":\"https:\/\/digitaldeepsea.com\/fr\/\"},{\"@type\":\"ListItem\",\"position\":2,\"name\":\"Produits\",\"item\":\"https:\/\/digitaldeepsea.com\/fr\/produits\/\"},{\"@type\":\"ListItem\",\"position\":3,\"name\":\"Prise Pilote et C\u00e2ble USB\"}]},{\"@type\":\"WebSite\",\"@id\":\"https:\/\/digitaldeepsea.com\/fr\/#website\",\"url\":\"https:\/\/digitaldeepsea.com\/fr\/\",\"name\":\"Digital Deep Sea\",\"description\":\"\",\"publisher\":{\"@id\":\"https:\/\/digitaldeepsea.com\/fr\/#organization\"},\"potentialAction\":[{\"@type\":\"SearchAction\",\"target\":{\"@type\":\"EntryPoint\",\"urlTemplate\":\"https:\/\/digitaldeepsea.com\/fr\/?s={search_term_string}\"},\"query-input\":\"required name=search_term_string\"}],\"inLanguage\":\"fr-FR\"},{\"@type\":\"Organization\",\"@id\":\"https:\/\/digitaldeepsea.com\/fr\/#organization\",\"name\":\"Digital Deep Sea\",\"url\":\"https:\/\/digitaldeepsea.com\/fr\/\",\"logo\":{\"@type\":\"ImageObject\",\"inLanguage\":\"fr-FR\",\"@id\":\"https:\/\/digitaldeepsea.com\/fr\/#\/schema\/logo\/image\/\",\"url\":\"https:\/\/digitaldeepsea.com\/fr\/wp-content\/uploads\/sites\/2\/2024\/03\/logo_dy_outline_white.png\",\"contentUrl\":\"https:\/\/digitaldeepsea.com\/fr\/wp-content\/uploads\/sites\/2\/2024\/03\/logo_dy_outline_white.png\",\"width\":200,\"height\":114,\"caption\":\"Digital Deep Sea\"},\"image\":{\"@id\":\"https:\/\/digitaldeepsea.com\/fr\/#\/schema\/logo\/image\/\"}}]}<\/script>\n<!-- \/ Yoast SEO plugin. -->","yoast_head_json":{"title":"Prise Pilote et C\u00e2ble USB - Digital Deep Sea","description":"Ce c\u00e2ble permet de connecter facilement un transpondeur AIS Classe A \u00e0 un ordinateur gr\u00e2ce \u00e0 la prise pilote.","robots":{"index":"index","follow":"follow","max-snippet":"max-snippet:-1","max-image-preview":"max-image-preview:large","max-video-preview":"max-video-preview:-1"},"canonical":"https:\/\/digitaldeepsea.com\/fr\/produit\/prise-pilote-et-cable-usb\/","og_locale":"fr_FR","og_type":"article","og_title":"Prise Pilote et C\u00e2ble USB - Digital Deep Sea","og_description":"Ce c\u00e2ble permet de connecter facilement un transpondeur AIS Classe A \u00e0 un ordinateur gr\u00e2ce \u00e0 la prise pilote.","og_url":"https:\/\/digitaldeepsea.com\/fr\/produit\/prise-pilote-et-cable-usb\/","og_site_name":"Digital Deep Sea France","article_modified_time":"2025-01-17T07:51:54+00:00","og_image":[{"width":1000,"height":1000,"url":"https:\/\/digitaldeepsea.com\/fr\/wp-content\/uploads\/sites\/2\/2024\/03\/pilot_plug_cable.jpg","type":"image\/jpeg"}],"twitter_card":"summary_large_image","twitter_misc":{"Dur\u00e9e de lecture estim\u00e9e":"2 minutes"},"schema":{"@context":"https:\/\/schema.org","@graph":[{"@type":"WebPage","@id":"https:\/\/digitaldeepsea.com\/fr\/produit\/prise-pilote-et-cable-usb\/","url":"https:\/\/digitaldeepsea.com\/fr\/produit\/prise-pilote-et-cable-usb\/","name":"Prise Pilote et C\u00e2ble USB - Digital Deep Sea","isPartOf":{"@id":"https:\/\/digitaldeepsea.com\/fr\/#website"},"primaryImageOfPage":{"@id":"https:\/\/digitaldeepsea.com\/fr\/produit\/prise-pilote-et-cable-usb\/#primaryimage"},"image":{"@id":"https:\/\/digitaldeepsea.com\/fr\/produit\/prise-pilote-et-cable-usb\/#primaryimage"},"thumbnailUrl":"https:\/\/digitaldeepsea.com\/fr\/wp-content\/uploads\/sites\/2\/2024\/03\/pilot_plug_cable.jpg","datePublished":"2024-03-13T08:54:48+00:00","dateModified":"2025-01-17T07:51:54+00:00","description":"Ce c\u00e2ble permet de connecter facilement un transpondeur AIS Classe A \u00e0 un ordinateur gr\u00e2ce \u00e0 la prise pilote.","breadcrumb":{"@id":"https:\/\/digitaldeepsea.com\/fr\/produit\/prise-pilote-et-cable-usb\/#breadcrumb"},"inLanguage":"fr-FR","potentialAction":[{"@type":"ReadAction","target":["https:\/\/digitaldeepsea.com\/fr\/produit\/prise-pilote-et-cable-usb\/"]}]},{"@type":"ImageObject","inLanguage":"fr-FR","@id":"https:\/\/digitaldeepsea.com\/fr\/produit\/prise-pilote-et-cable-usb\/#primaryimage","url":"https:\/\/digitaldeepsea.com\/fr\/wp-content\/uploads\/sites\/2\/2024\/03\/pilot_plug_cable.jpg","contentUrl":"https:\/\/digitaldeepsea.com\/fr\/wp-content\/uploads\/sites\/2\/2024\/03\/pilot_plug_cable.jpg","width":1000,"height":1000},{"@type":"BreadcrumbList","@id":"https:\/\/digitaldeepsea.com\/fr\/produit\/prise-pilote-et-cable-usb\/#breadcrumb","itemListElement":[{"@type":"ListItem","position":1,"name":"Home","item":"https:\/\/digitaldeepsea.com\/fr\/"},{"@type":"ListItem","position":2,"name":"Produits","item":"https:\/\/digitaldeepsea.com\/fr\/produits\/"},{"@type":"ListItem","position":3,"name":"Prise Pilote et C\u00e2ble USB"}]},{"@type":"WebSite","@id":"https:\/\/digitaldeepsea.com\/fr\/#website","url":"https:\/\/digitaldeepsea.com\/fr\/","name":"Digital Deep Sea","description":"","publisher":{"@id":"https:\/\/digitaldeepsea.com\/fr\/#organization"},"potentialAction":[{"@type":"SearchAction","target":{"@type":"EntryPoint","urlTemplate":"https:\/\/digitaldeepsea.com\/fr\/?s={search_term_string}"},"query-input":"required name=search_term_string"}],"inLanguage":"fr-FR"},{"@type":"Organization","@id":"https:\/\/digitaldeepsea.com\/fr\/#organization","name":"Digital Deep Sea","url":"https:\/\/digitaldeepsea.com\/fr\/","logo":{"@type":"ImageObject","inLanguage":"fr-FR","@id":"https:\/\/digitaldeepsea.com\/fr\/#\/schema\/logo\/image\/","url":"https:\/\/digitaldeepsea.com\/fr\/wp-content\/uploads\/sites\/2\/2024\/03\/logo_dy_outline_white.png","contentUrl":"https:\/\/digitaldeepsea.com\/fr\/wp-content\/uploads\/sites\/2\/2024\/03\/logo_dy_outline_white.png","width":200,"height":114,"caption":"Digital Deep Sea"},"image":{"@id":"https:\/\/digitaldeepsea.com\/fr\/#\/schema\/logo\/image\/"}}]}},"_links":{"self":[{"href":"https:\/\/digitaldeepsea.com\/fr\/wp-json\/wp\/v2\/product\/21"}],"collection":[{"href":"https:\/\/digitaldeepsea.com\/fr\/wp-json\/wp\/v2\/product"}],"about":[{"href":"https:\/\/digitaldeepsea.com\/fr\/wp-json\/wp\/v2\/types\/product"}],"wp:featuredmedia":[{"embeddable":true,"href":"https:\/\/digitaldeepsea.com\/fr\/wp-json\/wp\/v2\/media\/61"}],"wp:attachment":[{"href":"https:\/\/digitaldeepsea.com\/fr\/wp-json\/wp\/v2\/media?parent=21"}],"wp:term":[{"taxonomy":"product_cat","embeddable":true,"href":"https:\/\/digitaldeepsea.com\/fr\/wp-json\/wp\/v2\/product_cat?post=21"},{"taxonomy":"product_tag","embeddable":true,"href":"https:\/\/digitaldeepsea.com\/fr\/wp-json\/wp\/v2\/product_tag?post=21"}],"curies":[{"name":"wp","href":"https:\/\/api.w.org\/{rel}","templated":true}]}}