{"id":20,"date":"2024-03-13T08:54:48","date_gmt":"2024-03-13T08:54:48","guid":{"rendered":"https:\/\/digitaldeepsea.com\/fr\/?post_type=product&#038;p=20"},"modified":"2025-01-17T07:51:53","modified_gmt":"2025-01-17T07:51:53","slug":"gps160-sortie-nmea","status":"publish","type":"product","link":"https:\/\/digitaldeepsea.com\/fr\/produit\/gps160-sortie-nmea\/","title":{"rendered":"GPS160 (Sortie NMEA)"},"content":{"rendered":"<h4><strong>CARACT\u00c9RISTIQUES CL\u00c9S<\/strong><\/h4>\n<p>Digital Yacht vous pr\u00e9sente le\u00a0GPS160, un nouveau capteur de positionnement haute performance utilisant les syst\u00e8mes de positionnement par satellites GPS, Galileo et Glonass offrant ainsi une fiabilit\u00e9 et une pr\u00e9cision de positionnement exceptionnelle.\u00a0La pr\u00e9cision typique est d\u2019environ 1 m et les donn\u00e9es peuvent \u00eatre r\u00e9gl\u00e9es pour une sortie jusqu\u2019\u00e0 18 Hz pour un affichage plus fluide sur les traceurs de cartes.<\/p>\n<p>&nbsp;<\/p>\n<p>La technologie TriNav permet d\u2019utiliser simultan\u00e9ment les trois syst\u00e8mes pour la navigation. L\u2019appareil peut \u00e9galement \u00eatre programm\u00e9 pour une vari\u00e9t\u00e9 de modes tels que le fonctionnement d\u2019un seul GNSS (par exemple Galileo uniquement) ainsi que des configurations de sortie telles que le taux de mise \u00e0 jour, la structure des phrases NMEA, etc.<\/p>\n<p>&nbsp;<\/p>\n<p>Le GPS160 est disponible avec une sortie NMEA 0183 (4800, 38400 ou 115200 baud). Le GPS160 prend \u00e9galement en charge une fonction MOB \u00ab Homme \u00e0 la mer \u00bb. Lorsque cette fonction est activ\u00e9e, le GPS160 transmet une alerte AIS \u00ab Homme \u00e0 la mer \u00bb sur la sortie NMEA qui peut \u00eatre interfac\u00e9e avec un traceur de carte pour diffuser et afficher l\u2019alerte homme \u00e0 la mer sur le traceur.<\/p>\n<p>&nbsp;<\/p>\n<p>Galileo est le nouveau syst\u00e8me mondial de positionnement par satellites (GNSS) qui a \u00e9t\u00e9 d\u00e9velopp\u00e9 au cours des deux derni\u00e8res d\u00e9cennies. Il rejoint les syst\u00e8mes GPS et GLONASS et offre aux navigateurs une 3\u00e8me source de positionnement fiable. Il y a actuellement 22 satellites en \u00e9tat de fonctionnement (op\u00e9rationnels et contribuant \u00e0 la fourniture du service), 2 satellites sont en \u00ab\u00a0test\u00a0\u00bb et 2 autres sont marqu\u00e9s comme non disponibles. Le syst\u00e8me final devrait \u00eatre d\u00e9ploy\u00e9 d\u2019ici 2020 et comprendra 30 satellites (24 op\u00e9rationnels et 6 de rechange).<\/p>\n<p>&nbsp;<\/p>\n<p><strong>Octobre 2023<\/strong>\u00a0\u2013 Nouvelles fonctionnalit\u00e9s : Tous les mod\u00e8les GPS160 sont d\u00e9sormais \u00e9quip\u00e9s d\u2019un nouveau module GNSS qui prend en charge la technologie QuadNav. Ces mod\u00e8les prennent d\u00e9sormais en charge les satellites chinois Beidou (ainsi que GPS, Glonas et Galileo), ce qui signifie que tous les calculs de position, de cap et de vitesse utilisent d\u00e9sormais les signaux satellitaires les plus puissants provenant d\u2019un r\u00e9seau de plus de 100 satellites. Il en r\u00e9sulte une am\u00e9lioration du temps n\u00e9cessaire pour obtenir la premi\u00e8re position, un fonctionnement plus robuste contre le brouillage, le \u201cspoofing\u201d et les pannes, ainsi qu\u2019une r\u00e9duction de la consommation (&lt;25mA).<\/p>\n<p>&nbsp;<\/p>\n<p>&nbsp;<\/p>\n<h4><strong>SP\u00c9CIFICIT\u00c9S<\/strong><\/h4>\n<ul>\n<li>Capteur de positionnement 72 canaux GPS, Glonass, Beidou et Galileo.<\/li>\n<li>Pr\u00e9cision typiquement inf\u00e9rieure \u00e0 1 m gr\u00e2ce \u00e0 la technologie QuadNav \u2013 combine toutes les donn\u00e9es des diff\u00e9rents syst\u00e8mes satellitaires pour une pr\u00e9cision optimale.<\/li>\n<li>R\u00e9ception des satellites peut \u00eatre configur\u00e9e afin que le GPS160 re\u00e7oit uniquement les satellites GPS, Glonass, Beidou ou Galileo uniquement.<\/li>\n<li>C\u00e2ble de 10 m.<\/li>\n<li>Vitesse interface NMEA0183 configurable par l\u2019utilisateur gr\u00e2ce \u00e0 des commutateurs DIP int\u00e9gr\u00e9s \u00e0 l\u2019antenne (4800, 38400 et 115200 bauds).<\/li>\n<li>Taux de mise \u00e0 jour jusqu\u2019\u00e0 18Hz (s\u00e9lectionnable par l\u2019utilisateur).<\/li>\n<li>Tr\u00e8s faible consommation d\u2019\u00e9nergie (&lt;20mA) \u00e0 12V DC.<\/li>\n<li>Fonction MOB \u00ab\u00a0homme \u00e0 la mer\u00a0\u00bb \u2013 lorsqu\u2019elle est activ\u00e9e, le GPS160 transmet un message AIS MOB \u00e0 travers l\u2019interface NMEA pour activer la position MOB sur le traceur.<\/li>\n<li>Possible d\u2019installer l\u2019antenne \u00e0 plat ou bien de l\u2019installer sur un support d\u2019antenne avec un filetage de 14 tpi (non fourni).<\/li>\n<\/ul>\n","protected":false},"excerpt":{"rendered":"<p>\u00ab Le GPS160 est un nouveau capteur de positionnement haute performance utilisant les syst\u00e8mes de positionnement par satellites GPS, Galileo, Beidou et Glonass offrant ainsi une fiabilit\u00e9 et une pr\u00e9cision de positionnement exceptionnelle. Cette version a une interface NMEA 0183. \u00bb<\/p>\n","protected":false},"featured_media":59,"template":"","meta":[],"product_cat":[26],"product_tag":[28],"yoast_head":"<!-- This site is optimized with the Yoast SEO plugin v22.7 - https:\/\/yoast.com\/wordpress\/plugins\/seo\/ -->\n<title>GPS160 (Sortie NMEA) - Digital Deep Sea France<\/title>\n<meta name=\"robots\" content=\"index, follow, max-snippet:-1, max-image-preview:large, max-video-preview:-1\" \/>\n<link rel=\"canonical\" href=\"https:\/\/digitaldeepsea.com\/fr\/produit\/gps160-sortie-nmea\/\" \/>\n<meta property=\"og:locale\" content=\"fr_FR\" \/>\n<meta property=\"og:type\" content=\"article\" \/>\n<meta property=\"og:title\" content=\"GPS160 (Sortie NMEA) - Digital Deep Sea France\" \/>\n<meta property=\"og:description\" content=\"\u00ab Le GPS160 est un nouveau capteur de positionnement haute performance utilisant les syst\u00e8mes de positionnement par satellites GPS, Galileo, Beidou et Glonass offrant ainsi une fiabilit\u00e9 et une pr\u00e9cision de positionnement exceptionnelle. Cette version a une interface NMEA 0183. \u00bb\" \/>\n<meta property=\"og:url\" content=\"https:\/\/digitaldeepsea.com\/fr\/produit\/gps160-sortie-nmea\/\" \/>\n<meta property=\"og:site_name\" content=\"Digital Deep Sea France\" \/>\n<meta property=\"article:modified_time\" content=\"2025-01-17T07:51:53+00:00\" \/>\n<meta property=\"og:image\" content=\"https:\/\/digitaldeepsea.com\/fr\/wp-content\/uploads\/sites\/2\/2024\/03\/gps160_product_id_01.jpg\" \/>\n\t<meta property=\"og:image:width\" content=\"1000\" \/>\n\t<meta property=\"og:image:height\" content=\"1000\" \/>\n\t<meta property=\"og:image:type\" content=\"image\/jpeg\" \/>\n<meta name=\"twitter:card\" content=\"summary_large_image\" \/>\n<meta name=\"twitter:label1\" content=\"Dur\u00e9e de lecture estim\u00e9e\" \/>\n\t<meta name=\"twitter:data1\" content=\"3 minutes\" \/>\n<script type=\"application\/ld+json\" class=\"yoast-schema-graph\">{\"@context\":\"https:\/\/schema.org\",\"@graph\":[{\"@type\":\"WebPage\",\"@id\":\"https:\/\/digitaldeepsea.com\/fr\/produit\/gps160-sortie-nmea\/\",\"url\":\"https:\/\/digitaldeepsea.com\/fr\/produit\/gps160-sortie-nmea\/\",\"name\":\"GPS160 (Sortie NMEA) - Digital Deep Sea France\",\"isPartOf\":{\"@id\":\"https:\/\/digitaldeepsea.com\/fr\/#website\"},\"primaryImageOfPage\":{\"@id\":\"https:\/\/digitaldeepsea.com\/fr\/produit\/gps160-sortie-nmea\/#primaryimage\"},\"image\":{\"@id\":\"https:\/\/digitaldeepsea.com\/fr\/produit\/gps160-sortie-nmea\/#primaryimage\"},\"thumbnailUrl\":\"https:\/\/digitaldeepsea.com\/fr\/wp-content\/uploads\/sites\/2\/2024\/03\/gps160_product_id_01.jpg\",\"datePublished\":\"2024-03-13T08:54:48+00:00\",\"dateModified\":\"2025-01-17T07:51:53+00:00\",\"breadcrumb\":{\"@id\":\"https:\/\/digitaldeepsea.com\/fr\/produit\/gps160-sortie-nmea\/#breadcrumb\"},\"inLanguage\":\"fr-FR\",\"potentialAction\":[{\"@type\":\"ReadAction\",\"target\":[\"https:\/\/digitaldeepsea.com\/fr\/produit\/gps160-sortie-nmea\/\"]}]},{\"@type\":\"ImageObject\",\"inLanguage\":\"fr-FR\",\"@id\":\"https:\/\/digitaldeepsea.com\/fr\/produit\/gps160-sortie-nmea\/#primaryimage\",\"url\":\"https:\/\/digitaldeepsea.com\/fr\/wp-content\/uploads\/sites\/2\/2024\/03\/gps160_product_id_01.jpg\",\"contentUrl\":\"https:\/\/digitaldeepsea.com\/fr\/wp-content\/uploads\/sites\/2\/2024\/03\/gps160_product_id_01.jpg\",\"width\":1000,\"height\":1000},{\"@type\":\"BreadcrumbList\",\"@id\":\"https:\/\/digitaldeepsea.com\/fr\/produit\/gps160-sortie-nmea\/#breadcrumb\",\"itemListElement\":[{\"@type\":\"ListItem\",\"position\":1,\"name\":\"Home\",\"item\":\"https:\/\/digitaldeepsea.com\/fr\/\"},{\"@type\":\"ListItem\",\"position\":2,\"name\":\"Produits\",\"item\":\"https:\/\/digitaldeepsea.com\/fr\/produits\/\"},{\"@type\":\"ListItem\",\"position\":3,\"name\":\"GPS160 (Sortie NMEA)\"}]},{\"@type\":\"WebSite\",\"@id\":\"https:\/\/digitaldeepsea.com\/fr\/#website\",\"url\":\"https:\/\/digitaldeepsea.com\/fr\/\",\"name\":\"Digital Deep Sea\",\"description\":\"\",\"publisher\":{\"@id\":\"https:\/\/digitaldeepsea.com\/fr\/#organization\"},\"potentialAction\":[{\"@type\":\"SearchAction\",\"target\":{\"@type\":\"EntryPoint\",\"urlTemplate\":\"https:\/\/digitaldeepsea.com\/fr\/?s={search_term_string}\"},\"query-input\":\"required name=search_term_string\"}],\"inLanguage\":\"fr-FR\"},{\"@type\":\"Organization\",\"@id\":\"https:\/\/digitaldeepsea.com\/fr\/#organization\",\"name\":\"Digital Deep Sea\",\"url\":\"https:\/\/digitaldeepsea.com\/fr\/\",\"logo\":{\"@type\":\"ImageObject\",\"inLanguage\":\"fr-FR\",\"@id\":\"https:\/\/digitaldeepsea.com\/fr\/#\/schema\/logo\/image\/\",\"url\":\"https:\/\/digitaldeepsea.com\/fr\/wp-content\/uploads\/sites\/2\/2024\/03\/logo_dy_outline_white.png\",\"contentUrl\":\"https:\/\/digitaldeepsea.com\/fr\/wp-content\/uploads\/sites\/2\/2024\/03\/logo_dy_outline_white.png\",\"width\":200,\"height\":114,\"caption\":\"Digital Deep Sea\"},\"image\":{\"@id\":\"https:\/\/digitaldeepsea.com\/fr\/#\/schema\/logo\/image\/\"}}]}<\/script>\n<!-- \/ Yoast SEO plugin. -->","yoast_head_json":{"title":"GPS160 (Sortie NMEA) - Digital Deep Sea France","robots":{"index":"index","follow":"follow","max-snippet":"max-snippet:-1","max-image-preview":"max-image-preview:large","max-video-preview":"max-video-preview:-1"},"canonical":"https:\/\/digitaldeepsea.com\/fr\/produit\/gps160-sortie-nmea\/","og_locale":"fr_FR","og_type":"article","og_title":"GPS160 (Sortie NMEA) - Digital Deep Sea France","og_description":"\u00ab Le GPS160 est un nouveau capteur de positionnement haute performance utilisant les syst\u00e8mes de positionnement par satellites GPS, Galileo, Beidou et Glonass offrant ainsi une fiabilit\u00e9 et une pr\u00e9cision de positionnement exceptionnelle. Cette version a une interface NMEA 0183. \u00bb","og_url":"https:\/\/digitaldeepsea.com\/fr\/produit\/gps160-sortie-nmea\/","og_site_name":"Digital Deep Sea France","article_modified_time":"2025-01-17T07:51:53+00:00","og_image":[{"width":1000,"height":1000,"url":"https:\/\/digitaldeepsea.com\/fr\/wp-content\/uploads\/sites\/2\/2024\/03\/gps160_product_id_01.jpg","type":"image\/jpeg"}],"twitter_card":"summary_large_image","twitter_misc":{"Dur\u00e9e de lecture estim\u00e9e":"3 minutes"},"schema":{"@context":"https:\/\/schema.org","@graph":[{"@type":"WebPage","@id":"https:\/\/digitaldeepsea.com\/fr\/produit\/gps160-sortie-nmea\/","url":"https:\/\/digitaldeepsea.com\/fr\/produit\/gps160-sortie-nmea\/","name":"GPS160 (Sortie NMEA) - Digital Deep Sea France","isPartOf":{"@id":"https:\/\/digitaldeepsea.com\/fr\/#website"},"primaryImageOfPage":{"@id":"https:\/\/digitaldeepsea.com\/fr\/produit\/gps160-sortie-nmea\/#primaryimage"},"image":{"@id":"https:\/\/digitaldeepsea.com\/fr\/produit\/gps160-sortie-nmea\/#primaryimage"},"thumbnailUrl":"https:\/\/digitaldeepsea.com\/fr\/wp-content\/uploads\/sites\/2\/2024\/03\/gps160_product_id_01.jpg","datePublished":"2024-03-13T08:54:48+00:00","dateModified":"2025-01-17T07:51:53+00:00","breadcrumb":{"@id":"https:\/\/digitaldeepsea.com\/fr\/produit\/gps160-sortie-nmea\/#breadcrumb"},"inLanguage":"fr-FR","potentialAction":[{"@type":"ReadAction","target":["https:\/\/digitaldeepsea.com\/fr\/produit\/gps160-sortie-nmea\/"]}]},{"@type":"ImageObject","inLanguage":"fr-FR","@id":"https:\/\/digitaldeepsea.com\/fr\/produit\/gps160-sortie-nmea\/#primaryimage","url":"https:\/\/digitaldeepsea.com\/fr\/wp-content\/uploads\/sites\/2\/2024\/03\/gps160_product_id_01.jpg","contentUrl":"https:\/\/digitaldeepsea.com\/fr\/wp-content\/uploads\/sites\/2\/2024\/03\/gps160_product_id_01.jpg","width":1000,"height":1000},{"@type":"BreadcrumbList","@id":"https:\/\/digitaldeepsea.com\/fr\/produit\/gps160-sortie-nmea\/#breadcrumb","itemListElement":[{"@type":"ListItem","position":1,"name":"Home","item":"https:\/\/digitaldeepsea.com\/fr\/"},{"@type":"ListItem","position":2,"name":"Produits","item":"https:\/\/digitaldeepsea.com\/fr\/produits\/"},{"@type":"ListItem","position":3,"name":"GPS160 (Sortie NMEA)"}]},{"@type":"WebSite","@id":"https:\/\/digitaldeepsea.com\/fr\/#website","url":"https:\/\/digitaldeepsea.com\/fr\/","name":"Digital Deep Sea","description":"","publisher":{"@id":"https:\/\/digitaldeepsea.com\/fr\/#organization"},"potentialAction":[{"@type":"SearchAction","target":{"@type":"EntryPoint","urlTemplate":"https:\/\/digitaldeepsea.com\/fr\/?s={search_term_string}"},"query-input":"required name=search_term_string"}],"inLanguage":"fr-FR"},{"@type":"Organization","@id":"https:\/\/digitaldeepsea.com\/fr\/#organization","name":"Digital Deep Sea","url":"https:\/\/digitaldeepsea.com\/fr\/","logo":{"@type":"ImageObject","inLanguage":"fr-FR","@id":"https:\/\/digitaldeepsea.com\/fr\/#\/schema\/logo\/image\/","url":"https:\/\/digitaldeepsea.com\/fr\/wp-content\/uploads\/sites\/2\/2024\/03\/logo_dy_outline_white.png","contentUrl":"https:\/\/digitaldeepsea.com\/fr\/wp-content\/uploads\/sites\/2\/2024\/03\/logo_dy_outline_white.png","width":200,"height":114,"caption":"Digital Deep Sea"},"image":{"@id":"https:\/\/digitaldeepsea.com\/fr\/#\/schema\/logo\/image\/"}}]}},"_links":{"self":[{"href":"https:\/\/digitaldeepsea.com\/fr\/wp-json\/wp\/v2\/product\/20"}],"collection":[{"href":"https:\/\/digitaldeepsea.com\/fr\/wp-json\/wp\/v2\/product"}],"about":[{"href":"https:\/\/digitaldeepsea.com\/fr\/wp-json\/wp\/v2\/types\/product"}],"wp:featuredmedia":[{"embeddable":true,"href":"https:\/\/digitaldeepsea.com\/fr\/wp-json\/wp\/v2\/media\/59"}],"wp:attachment":[{"href":"https:\/\/digitaldeepsea.com\/fr\/wp-json\/wp\/v2\/media?parent=20"}],"wp:term":[{"taxonomy":"product_cat","embeddable":true,"href":"https:\/\/digitaldeepsea.com\/fr\/wp-json\/wp\/v2\/product_cat?post=20"},{"taxonomy":"product_tag","embeddable":true,"href":"https:\/\/digitaldeepsea.com\/fr\/wp-json\/wp\/v2\/product_tag?post=20"}],"curies":[{"name":"wp","href":"https:\/\/api.w.org\/{rel}","templated":true}]}}