{"id":19,"date":"2024-03-13T08:54:48","date_gmt":"2024-03-13T08:54:48","guid":{"rendered":"https:\/\/digitaldeepsea.com\/fr\/?post_type=product&#038;p=19"},"modified":"2025-01-17T07:51:53","modified_gmt":"2025-01-17T07:51:53","slug":"hsc100","status":"publish","type":"product","link":"https:\/\/digitaldeepsea.com\/fr\/produit\/hsc100\/","title":{"rendered":"HSC100"},"content":{"rendered":"<h4><strong>CARACT\u00c9RISTIQUES CL\u00c9S<\/strong><\/h4>\n<p>Des donn\u00e9es de cap pr\u00e9cises restent un param\u00e8tre fondamental pour la navigation maritime et le HSC100 est un compas \u00e9lectronique qui utilise la technologie fluxage pour fournir les donn\u00e9es de cap pour les syst\u00e8mes de navigation. Les syst\u00e8mes de navigation permettent un affichage de type True Motion sur le traceurs de carte, ainsi que la superposition et stabilisation des cibles sur les cartes \u00e9lectroniques lorsqu\u2019ils ont la capacit\u00e9 MARPA\/ARPA. Les syst\u00e8mes int\u00e9gr\u00e9s des appareils peuvent \u00e9galement b\u00e9n\u00e9ficier des informations de la boussole pour calculer en temps r\u00e9el les mar\u00e9es et d\u00e9river lorsqu\u2019il est interfac\u00e9 avec un log et un GPS.<\/p>\n<p>&nbsp;<\/p>\n<p>La plupart des capteurs \u00e0 faible co\u00fbt sont seulement \u00e9quip\u00e9s d\u2019une sortie de donn\u00e9es \u00e0 1 Hz (une fois par seconde), mais les sorties du HSC100 sont \u00e0 10Hz ce qui est n\u00e9cessaire pour le suivi des cibles MARPA et une superposition pr\u00e9cise sur le radar.<\/p>\n<p>&nbsp;<\/p>\n<p>Nous avons \u00e9galement publi\u00e9 une nouvelle version de \u201cTaux de virage\u201d de l\u2019 HSC100 qui d\u00e9livre les messages HDT et ROT requis pour un transpondeur de classe A. Pour les navires non mandat\u00e9s, cela vous apporte une solution simple pour ajouter un capteur de cap aux transpondeurs AIS classe A (Part # ZDIGHSC100T).<\/p>\n<p>&nbsp;<\/p>\n<p>Le HSC100 est \u00e9tanche (IPX7) et peut donc \u00eatre mont\u00e9 \u00e0 l\u2019ext\u00e9rieur sur la coque en acier du navire. Il dispose \u00e9galement d\u2019une calibration automatique pour compenser les effets des influences magn\u00e9tiques. Une fois la calibration termin\u00e9e, la pr\u00e9cision est d\u2019environ 0,5 degr\u00e9s.<\/p>\n<p>&nbsp;<\/p>\n<p>&nbsp;<\/p>\n<h4><strong>SP\u00c9CIFICIT\u00c9S<\/strong><\/h4>\n<ul>\n<li>Compas \u00e9lectronique a haute vitesse NMEA (10Hz) et avec technologie Fluxgate<\/li>\n<li>Id\u00e9ale pour une utilisation avec radar et suivi des cibles MARPA<\/li>\n<li>Sortie standard NMEA 0183 \u201cHDG\u201d<\/li>\n<li>Cadran \u00e0 45 \u00ba<\/li>\n<li>Nouvelle version\u00a0 \u201cTaux de virage\u201d du HSC100 maintenant disponible pour les transpondeurs AIS Classe A (HSC100T)<\/li>\n<li>Alimentation\u00a0 12\/24v DC avec une consommation d\u2019\u00e9nergie minimale<\/li>\n<li>Etanche IPX7 et adapt\u00e9e pour un montage sur une coque en acier.<\/li>\n<li>Calibrage automatique<\/li>\n<li>Sortie de cap suppl\u00e9mentaire pour l\u2019interface avec le Furuno AD10<\/li>\n<li>LED pour indiquer le statut<\/li>\n<li>C\u00e2ble de 15 m<\/li>\n<\/ul>\n<p>&nbsp;<\/p>\n","protected":false},"excerpt":{"rendered":"<p>\u201cCompas \u00e9lectronique fluxgate avec calibrage automatique et sortie rapide pour MARPA\u201d<\/p>\n","protected":false},"featured_media":57,"template":"","meta":[],"product_cat":[26],"product_tag":[27],"yoast_head":"<!-- This site is optimized with the Yoast SEO plugin v22.7 - https:\/\/yoast.com\/wordpress\/plugins\/seo\/ -->\n<title>HSC100 - Digital Deep Sea France<\/title>\n<meta name=\"robots\" content=\"index, follow, max-snippet:-1, max-image-preview:large, max-video-preview:-1\" \/>\n<link rel=\"canonical\" href=\"https:\/\/digitaldeepsea.com\/fr\/produit\/hsc100\/\" \/>\n<meta property=\"og:locale\" content=\"fr_FR\" \/>\n<meta property=\"og:type\" content=\"article\" \/>\n<meta property=\"og:title\" content=\"HSC100 - Digital Deep Sea France\" \/>\n<meta property=\"og:description\" content=\"\u201cCompas \u00e9lectronique fluxgate avec calibrage automatique et sortie rapide pour MARPA\u201d\" \/>\n<meta property=\"og:url\" content=\"https:\/\/digitaldeepsea.com\/fr\/produit\/hsc100\/\" \/>\n<meta property=\"og:site_name\" content=\"Digital Deep Sea France\" \/>\n<meta property=\"article:modified_time\" content=\"2025-01-17T07:51:53+00:00\" \/>\n<meta property=\"og:image\" content=\"https:\/\/digitaldeepsea.com\/fr\/wp-content\/uploads\/sites\/2\/2024\/03\/hsc100_photo_00.png\" \/>\n\t<meta property=\"og:image:width\" content=\"1000\" \/>\n\t<meta property=\"og:image:height\" content=\"1000\" \/>\n\t<meta property=\"og:image:type\" content=\"image\/png\" \/>\n<meta name=\"twitter:card\" content=\"summary_large_image\" \/>\n<meta name=\"twitter:label1\" content=\"Dur\u00e9e de lecture estim\u00e9e\" \/>\n\t<meta name=\"twitter:data1\" content=\"2 minutes\" \/>\n<script type=\"application\/ld+json\" class=\"yoast-schema-graph\">{\"@context\":\"https:\/\/schema.org\",\"@graph\":[{\"@type\":\"WebPage\",\"@id\":\"https:\/\/digitaldeepsea.com\/fr\/produit\/hsc100\/\",\"url\":\"https:\/\/digitaldeepsea.com\/fr\/produit\/hsc100\/\",\"name\":\"HSC100 - Digital Deep Sea France\",\"isPartOf\":{\"@id\":\"https:\/\/digitaldeepsea.com\/fr\/#website\"},\"primaryImageOfPage\":{\"@id\":\"https:\/\/digitaldeepsea.com\/fr\/produit\/hsc100\/#primaryimage\"},\"image\":{\"@id\":\"https:\/\/digitaldeepsea.com\/fr\/produit\/hsc100\/#primaryimage\"},\"thumbnailUrl\":\"https:\/\/digitaldeepsea.com\/fr\/wp-content\/uploads\/sites\/2\/2024\/03\/hsc100_photo_00.png\",\"datePublished\":\"2024-03-13T08:54:48+00:00\",\"dateModified\":\"2025-01-17T07:51:53+00:00\",\"breadcrumb\":{\"@id\":\"https:\/\/digitaldeepsea.com\/fr\/produit\/hsc100\/#breadcrumb\"},\"inLanguage\":\"fr-FR\",\"potentialAction\":[{\"@type\":\"ReadAction\",\"target\":[\"https:\/\/digitaldeepsea.com\/fr\/produit\/hsc100\/\"]}]},{\"@type\":\"ImageObject\",\"inLanguage\":\"fr-FR\",\"@id\":\"https:\/\/digitaldeepsea.com\/fr\/produit\/hsc100\/#primaryimage\",\"url\":\"https:\/\/digitaldeepsea.com\/fr\/wp-content\/uploads\/sites\/2\/2024\/03\/hsc100_photo_00.png\",\"contentUrl\":\"https:\/\/digitaldeepsea.com\/fr\/wp-content\/uploads\/sites\/2\/2024\/03\/hsc100_photo_00.png\",\"width\":1000,\"height\":1000},{\"@type\":\"BreadcrumbList\",\"@id\":\"https:\/\/digitaldeepsea.com\/fr\/produit\/hsc100\/#breadcrumb\",\"itemListElement\":[{\"@type\":\"ListItem\",\"position\":1,\"name\":\"Home\",\"item\":\"https:\/\/digitaldeepsea.com\/fr\/\"},{\"@type\":\"ListItem\",\"position\":2,\"name\":\"Produits\",\"item\":\"https:\/\/digitaldeepsea.com\/fr\/produits\/\"},{\"@type\":\"ListItem\",\"position\":3,\"name\":\"HSC100\"}]},{\"@type\":\"WebSite\",\"@id\":\"https:\/\/digitaldeepsea.com\/fr\/#website\",\"url\":\"https:\/\/digitaldeepsea.com\/fr\/\",\"name\":\"Digital Deep Sea\",\"description\":\"\",\"publisher\":{\"@id\":\"https:\/\/digitaldeepsea.com\/fr\/#organization\"},\"potentialAction\":[{\"@type\":\"SearchAction\",\"target\":{\"@type\":\"EntryPoint\",\"urlTemplate\":\"https:\/\/digitaldeepsea.com\/fr\/?s={search_term_string}\"},\"query-input\":\"required name=search_term_string\"}],\"inLanguage\":\"fr-FR\"},{\"@type\":\"Organization\",\"@id\":\"https:\/\/digitaldeepsea.com\/fr\/#organization\",\"name\":\"Digital Deep Sea\",\"url\":\"https:\/\/digitaldeepsea.com\/fr\/\",\"logo\":{\"@type\":\"ImageObject\",\"inLanguage\":\"fr-FR\",\"@id\":\"https:\/\/digitaldeepsea.com\/fr\/#\/schema\/logo\/image\/\",\"url\":\"https:\/\/digitaldeepsea.com\/fr\/wp-content\/uploads\/sites\/2\/2024\/03\/logo_dy_outline_white.png\",\"contentUrl\":\"https:\/\/digitaldeepsea.com\/fr\/wp-content\/uploads\/sites\/2\/2024\/03\/logo_dy_outline_white.png\",\"width\":200,\"height\":114,\"caption\":\"Digital Deep Sea\"},\"image\":{\"@id\":\"https:\/\/digitaldeepsea.com\/fr\/#\/schema\/logo\/image\/\"}}]}<\/script>\n<!-- \/ Yoast SEO plugin. -->","yoast_head_json":{"title":"HSC100 - Digital Deep Sea France","robots":{"index":"index","follow":"follow","max-snippet":"max-snippet:-1","max-image-preview":"max-image-preview:large","max-video-preview":"max-video-preview:-1"},"canonical":"https:\/\/digitaldeepsea.com\/fr\/produit\/hsc100\/","og_locale":"fr_FR","og_type":"article","og_title":"HSC100 - Digital Deep Sea France","og_description":"\u201cCompas \u00e9lectronique fluxgate avec calibrage automatique et sortie rapide pour MARPA\u201d","og_url":"https:\/\/digitaldeepsea.com\/fr\/produit\/hsc100\/","og_site_name":"Digital Deep Sea France","article_modified_time":"2025-01-17T07:51:53+00:00","og_image":[{"width":1000,"height":1000,"url":"https:\/\/digitaldeepsea.com\/fr\/wp-content\/uploads\/sites\/2\/2024\/03\/hsc100_photo_00.png","type":"image\/png"}],"twitter_card":"summary_large_image","twitter_misc":{"Dur\u00e9e de lecture estim\u00e9e":"2 minutes"},"schema":{"@context":"https:\/\/schema.org","@graph":[{"@type":"WebPage","@id":"https:\/\/digitaldeepsea.com\/fr\/produit\/hsc100\/","url":"https:\/\/digitaldeepsea.com\/fr\/produit\/hsc100\/","name":"HSC100 - Digital Deep Sea France","isPartOf":{"@id":"https:\/\/digitaldeepsea.com\/fr\/#website"},"primaryImageOfPage":{"@id":"https:\/\/digitaldeepsea.com\/fr\/produit\/hsc100\/#primaryimage"},"image":{"@id":"https:\/\/digitaldeepsea.com\/fr\/produit\/hsc100\/#primaryimage"},"thumbnailUrl":"https:\/\/digitaldeepsea.com\/fr\/wp-content\/uploads\/sites\/2\/2024\/03\/hsc100_photo_00.png","datePublished":"2024-03-13T08:54:48+00:00","dateModified":"2025-01-17T07:51:53+00:00","breadcrumb":{"@id":"https:\/\/digitaldeepsea.com\/fr\/produit\/hsc100\/#breadcrumb"},"inLanguage":"fr-FR","potentialAction":[{"@type":"ReadAction","target":["https:\/\/digitaldeepsea.com\/fr\/produit\/hsc100\/"]}]},{"@type":"ImageObject","inLanguage":"fr-FR","@id":"https:\/\/digitaldeepsea.com\/fr\/produit\/hsc100\/#primaryimage","url":"https:\/\/digitaldeepsea.com\/fr\/wp-content\/uploads\/sites\/2\/2024\/03\/hsc100_photo_00.png","contentUrl":"https:\/\/digitaldeepsea.com\/fr\/wp-content\/uploads\/sites\/2\/2024\/03\/hsc100_photo_00.png","width":1000,"height":1000},{"@type":"BreadcrumbList","@id":"https:\/\/digitaldeepsea.com\/fr\/produit\/hsc100\/#breadcrumb","itemListElement":[{"@type":"ListItem","position":1,"name":"Home","item":"https:\/\/digitaldeepsea.com\/fr\/"},{"@type":"ListItem","position":2,"name":"Produits","item":"https:\/\/digitaldeepsea.com\/fr\/produits\/"},{"@type":"ListItem","position":3,"name":"HSC100"}]},{"@type":"WebSite","@id":"https:\/\/digitaldeepsea.com\/fr\/#website","url":"https:\/\/digitaldeepsea.com\/fr\/","name":"Digital Deep Sea","description":"","publisher":{"@id":"https:\/\/digitaldeepsea.com\/fr\/#organization"},"potentialAction":[{"@type":"SearchAction","target":{"@type":"EntryPoint","urlTemplate":"https:\/\/digitaldeepsea.com\/fr\/?s={search_term_string}"},"query-input":"required name=search_term_string"}],"inLanguage":"fr-FR"},{"@type":"Organization","@id":"https:\/\/digitaldeepsea.com\/fr\/#organization","name":"Digital Deep Sea","url":"https:\/\/digitaldeepsea.com\/fr\/","logo":{"@type":"ImageObject","inLanguage":"fr-FR","@id":"https:\/\/digitaldeepsea.com\/fr\/#\/schema\/logo\/image\/","url":"https:\/\/digitaldeepsea.com\/fr\/wp-content\/uploads\/sites\/2\/2024\/03\/logo_dy_outline_white.png","contentUrl":"https:\/\/digitaldeepsea.com\/fr\/wp-content\/uploads\/sites\/2\/2024\/03\/logo_dy_outline_white.png","width":200,"height":114,"caption":"Digital Deep Sea"},"image":{"@id":"https:\/\/digitaldeepsea.com\/fr\/#\/schema\/logo\/image\/"}}]}},"_links":{"self":[{"href":"https:\/\/digitaldeepsea.com\/fr\/wp-json\/wp\/v2\/product\/19"}],"collection":[{"href":"https:\/\/digitaldeepsea.com\/fr\/wp-json\/wp\/v2\/product"}],"about":[{"href":"https:\/\/digitaldeepsea.com\/fr\/wp-json\/wp\/v2\/types\/product"}],"wp:featuredmedia":[{"embeddable":true,"href":"https:\/\/digitaldeepsea.com\/fr\/wp-json\/wp\/v2\/media\/57"}],"wp:attachment":[{"href":"https:\/\/digitaldeepsea.com\/fr\/wp-json\/wp\/v2\/media?parent=19"}],"wp:term":[{"taxonomy":"product_cat","embeddable":true,"href":"https:\/\/digitaldeepsea.com\/fr\/wp-json\/wp\/v2\/product_cat?post=19"},{"taxonomy":"product_tag","embeddable":true,"href":"https:\/\/digitaldeepsea.com\/fr\/wp-json\/wp\/v2\/product_tag?post=19"}],"curies":[{"name":"wp","href":"https:\/\/api.w.org\/{rel}","templated":true}]}}