{"id":18,"date":"2024-03-13T08:54:48","date_gmt":"2024-03-13T08:54:48","guid":{"rendered":"https:\/\/digitaldeepsea.com\/fr\/?post_type=product&#038;p=18"},"modified":"2025-01-17T07:51:54","modified_gmt":"2025-01-17T07:51:54","slug":"s1000","status":"publish","type":"product","link":"https:\/\/digitaldeepsea.com\/fr\/produit\/s1000\/","title":{"rendered":"S1000"},"content":{"rendered":"<h4><strong>CARACT\u00c9RISTIQUES CL\u00c9S<\/strong><\/h4>\n<p>Une balise SART (transpondeur de recherche et de secours) est un appareil de sauvetage obligatoire pour tous les navires de plus de 300GRT. La technologie traditionnelle utilise un appareil de type radar, mais une nouvelle l\u00e9gislation permet d\u00e9sormais \u00e0 une SART AIS d\u2019\u00eatre utilis\u00e9e et donne de nombreux avantages tels qu\u2019un faible co\u00fbt et une meilleure performance. Une balise SART permet d\u2019identifier avec certitude la victime et de donner une mise \u00e0 jour de position r\u00e9guli\u00e8re qui peut \u00eatre affich\u00e9e graphiquement sur un \u00e9cran de Classe A, \u00a0ou un traceur ECDIS.<\/p>\n<p>&nbsp;<\/p>\n<p>Le S1000 est une balise SART enti\u00e8rement conforme et approuv\u00e9e par L\u2019OMI qui, une fois activ\u00e9e, affichera une cible sur n\u2019importe quel syst\u00e8me de transpondeur AIS Classe A et B ou sur un r\u00e9cepteur AIS. C\u2019est pourquoi la balise SART facilite grandement la r\u00e9cup\u00e9ration de la victime ou du radeau de sauvetage. Les alarmes SART telles que l\u2019AIS life guard de Digital Yacht sont \u00e9galement activ\u00e9es par le signal de ces dispositifs.<\/p>\n<p>&nbsp;<\/p>\n<p>Le S1000 utilise une antenne VHF haute technologie qui permet une port\u00e9e exceptionnelle (g\u00e9n\u00e9ralement jusqu\u2019\u00e0 10 NM) et a une autonomie de 96 heures en fonctionnement. Le S1000 est livr\u00e9\u00a0avec un sac de rangement et un support de montage qui poss\u00e8de un m\u00e2t t\u00e9lescopique de 1m int\u00e9gr\u00e9 de sorte \u00e0 ce qu\u2019il puisse \u00eatre utilis\u00e9 dans un radeau de sauvetage. Le GPS et ces 50 canaux int\u00e9gr\u00e9s offre une acquisition du signal extr\u00eamement rapide (g\u00e9n\u00e9ralement moins de 40 secondes) de plus, des informations de position sont transmises 8 fois par minute. La balise SART apparait sur n\u2019importe quel syst\u00e8me AIS comme une cible AIS sp\u00e9cifique et un message de s\u00e9curit\u00e9 (SART ACTIVE) est envoy\u00e9 toutes les 4 minutes. La balise SART S1000 offre \u00e9galement des avantages consid\u00e9rables en mati\u00e8re de s\u00e9curit\u00e9 pour les bateaux de plaisance et devrait faire partie de n\u2019importe quel pack de s\u00e9curit\u00e9 pour le littoral, l\u2019oc\u00e9an ou la voile.<\/p>\n<p>&nbsp;<\/p>\n<p>&nbsp;<\/p>\n<h4><strong>SP\u00c9CIFICIT\u00c9S<\/strong><\/h4>\n<ul>\n<li style=\"list-style-type: none;\">\n<ul>\n<li>Conforme \u00e0 l\u2019OMI, balise SART Wheel Marked<\/li>\n<\/ul>\n<\/li>\n<\/ul>\n<ul>\n<li style=\"list-style-type: none;\">\n<ul>\n<li>R\u00e9cepteur GPS int\u00e9gr\u00e9s 50 canaux<\/li>\n<\/ul>\n<\/li>\n<\/ul>\n<ul>\n<li style=\"list-style-type: none;\">\n<ul>\n<li>La technologie d\u2019antenne VHF pour des performances sup\u00e9rieures<\/li>\n<\/ul>\n<\/li>\n<\/ul>\n<ul>\n<li style=\"list-style-type: none;\">\n<ul>\n<li>Indicateur LED pour le test et l\u2019activation<\/li>\n<\/ul>\n<\/li>\n<\/ul>\n<ul>\n<li style=\"list-style-type: none;\">\n<ul>\n<li>Lorsqu\u2019il est activ\u00e9 la position est transmise 8 fois par minute<\/li>\n<\/ul>\n<\/li>\n<\/ul>\n<ul>\n<li style=\"list-style-type: none;\">\n<ul>\n<li>Dur\u00e9e de vie de la batterie : 96 heures<\/li>\n<\/ul>\n<\/li>\n<\/ul>\n<ul>\n<li style=\"list-style-type: none;\">\n<ul>\n<li>Envoie \u00a0un message de s\u00e9curit\u00e9 SART ACTIVE toutes les 4 minutes<\/li>\n<\/ul>\n<\/li>\n<\/ul>\n<ul>\n<li style=\"list-style-type: none;\">\n<ul>\n<li>Facile \u00e0 changer, le remplacement de la batterie est \u00e0 faible co\u00fbt<\/li>\n<\/ul>\n<\/li>\n<\/ul>\n","protected":false},"excerpt":{"rendered":"<p>\u201cBalise SART approuv\u00e9e par l\u2019OMI b\u00e9n\u00e9ficiant des derni\u00e8res technologies et garantissant des performances exceptionnelles \u00e0 moindre co\u00fbt. \u201d<\/p>\n","protected":false},"featured_media":56,"template":"","meta":[],"product_cat":[21,22],"product_tag":[24,25],"yoast_head":"<!-- This site is optimized with the Yoast SEO plugin v22.7 - https:\/\/yoast.com\/wordpress\/plugins\/seo\/ -->\n<title>S1000 - Digital Deep Sea France<\/title>\n<meta name=\"robots\" content=\"index, follow, max-snippet:-1, max-image-preview:large, max-video-preview:-1\" \/>\n<link rel=\"canonical\" href=\"https:\/\/digitaldeepsea.com\/fr\/produit\/s1000\/\" \/>\n<meta property=\"og:locale\" content=\"fr_FR\" \/>\n<meta property=\"og:type\" content=\"article\" \/>\n<meta property=\"og:title\" content=\"S1000 - Digital Deep Sea France\" \/>\n<meta property=\"og:description\" content=\"\u201cBalise SART approuv\u00e9e par l\u2019OMI b\u00e9n\u00e9ficiant des derni\u00e8res technologies et garantissant des performances exceptionnelles \u00e0 moindre co\u00fbt. \u201d\" \/>\n<meta property=\"og:url\" content=\"https:\/\/digitaldeepsea.com\/fr\/produit\/s1000\/\" \/>\n<meta property=\"og:site_name\" content=\"Digital Deep Sea France\" \/>\n<meta property=\"article:modified_time\" content=\"2025-01-17T07:51:54+00:00\" \/>\n<meta property=\"og:image\" content=\"https:\/\/digitaldeepsea.com\/fr\/wp-content\/uploads\/sites\/2\/2024\/03\/sart_product.jpg\" \/>\n\t<meta property=\"og:image:width\" content=\"1000\" \/>\n\t<meta property=\"og:image:height\" content=\"1000\" \/>\n\t<meta property=\"og:image:type\" content=\"image\/jpeg\" \/>\n<meta name=\"twitter:card\" content=\"summary_large_image\" \/>\n<meta name=\"twitter:label1\" content=\"Dur\u00e9e de lecture estim\u00e9e\" \/>\n\t<meta name=\"twitter:data1\" content=\"2 minutes\" \/>\n<script type=\"application\/ld+json\" class=\"yoast-schema-graph\">{\"@context\":\"https:\/\/schema.org\",\"@graph\":[{\"@type\":\"WebPage\",\"@id\":\"https:\/\/digitaldeepsea.com\/fr\/produit\/s1000\/\",\"url\":\"https:\/\/digitaldeepsea.com\/fr\/produit\/s1000\/\",\"name\":\"S1000 - Digital Deep Sea France\",\"isPartOf\":{\"@id\":\"https:\/\/digitaldeepsea.com\/fr\/#website\"},\"primaryImageOfPage\":{\"@id\":\"https:\/\/digitaldeepsea.com\/fr\/produit\/s1000\/#primaryimage\"},\"image\":{\"@id\":\"https:\/\/digitaldeepsea.com\/fr\/produit\/s1000\/#primaryimage\"},\"thumbnailUrl\":\"https:\/\/digitaldeepsea.com\/fr\/wp-content\/uploads\/sites\/2\/2024\/03\/sart_product.jpg\",\"datePublished\":\"2024-03-13T08:54:48+00:00\",\"dateModified\":\"2025-01-17T07:51:54+00:00\",\"breadcrumb\":{\"@id\":\"https:\/\/digitaldeepsea.com\/fr\/produit\/s1000\/#breadcrumb\"},\"inLanguage\":\"fr-FR\",\"potentialAction\":[{\"@type\":\"ReadAction\",\"target\":[\"https:\/\/digitaldeepsea.com\/fr\/produit\/s1000\/\"]}]},{\"@type\":\"ImageObject\",\"inLanguage\":\"fr-FR\",\"@id\":\"https:\/\/digitaldeepsea.com\/fr\/produit\/s1000\/#primaryimage\",\"url\":\"https:\/\/digitaldeepsea.com\/fr\/wp-content\/uploads\/sites\/2\/2024\/03\/sart_product.jpg\",\"contentUrl\":\"https:\/\/digitaldeepsea.com\/fr\/wp-content\/uploads\/sites\/2\/2024\/03\/sart_product.jpg\",\"width\":1000,\"height\":1000},{\"@type\":\"BreadcrumbList\",\"@id\":\"https:\/\/digitaldeepsea.com\/fr\/produit\/s1000\/#breadcrumb\",\"itemListElement\":[{\"@type\":\"ListItem\",\"position\":1,\"name\":\"Home\",\"item\":\"https:\/\/digitaldeepsea.com\/fr\/\"},{\"@type\":\"ListItem\",\"position\":2,\"name\":\"Produits\",\"item\":\"https:\/\/digitaldeepsea.com\/fr\/produits\/\"},{\"@type\":\"ListItem\",\"position\":3,\"name\":\"S1000\"}]},{\"@type\":\"WebSite\",\"@id\":\"https:\/\/digitaldeepsea.com\/fr\/#website\",\"url\":\"https:\/\/digitaldeepsea.com\/fr\/\",\"name\":\"Digital Deep Sea\",\"description\":\"\",\"publisher\":{\"@id\":\"https:\/\/digitaldeepsea.com\/fr\/#organization\"},\"potentialAction\":[{\"@type\":\"SearchAction\",\"target\":{\"@type\":\"EntryPoint\",\"urlTemplate\":\"https:\/\/digitaldeepsea.com\/fr\/?s={search_term_string}\"},\"query-input\":\"required name=search_term_string\"}],\"inLanguage\":\"fr-FR\"},{\"@type\":\"Organization\",\"@id\":\"https:\/\/digitaldeepsea.com\/fr\/#organization\",\"name\":\"Digital Deep Sea\",\"url\":\"https:\/\/digitaldeepsea.com\/fr\/\",\"logo\":{\"@type\":\"ImageObject\",\"inLanguage\":\"fr-FR\",\"@id\":\"https:\/\/digitaldeepsea.com\/fr\/#\/schema\/logo\/image\/\",\"url\":\"https:\/\/digitaldeepsea.com\/fr\/wp-content\/uploads\/sites\/2\/2024\/03\/logo_dy_outline_white.png\",\"contentUrl\":\"https:\/\/digitaldeepsea.com\/fr\/wp-content\/uploads\/sites\/2\/2024\/03\/logo_dy_outline_white.png\",\"width\":200,\"height\":114,\"caption\":\"Digital Deep Sea\"},\"image\":{\"@id\":\"https:\/\/digitaldeepsea.com\/fr\/#\/schema\/logo\/image\/\"}}]}<\/script>\n<!-- \/ Yoast SEO plugin. -->","yoast_head_json":{"title":"S1000 - Digital Deep Sea France","robots":{"index":"index","follow":"follow","max-snippet":"max-snippet:-1","max-image-preview":"max-image-preview:large","max-video-preview":"max-video-preview:-1"},"canonical":"https:\/\/digitaldeepsea.com\/fr\/produit\/s1000\/","og_locale":"fr_FR","og_type":"article","og_title":"S1000 - Digital Deep Sea France","og_description":"\u201cBalise SART approuv\u00e9e par l\u2019OMI b\u00e9n\u00e9ficiant des derni\u00e8res technologies et garantissant des performances exceptionnelles \u00e0 moindre co\u00fbt. \u201d","og_url":"https:\/\/digitaldeepsea.com\/fr\/produit\/s1000\/","og_site_name":"Digital Deep Sea France","article_modified_time":"2025-01-17T07:51:54+00:00","og_image":[{"width":1000,"height":1000,"url":"https:\/\/digitaldeepsea.com\/fr\/wp-content\/uploads\/sites\/2\/2024\/03\/sart_product.jpg","type":"image\/jpeg"}],"twitter_card":"summary_large_image","twitter_misc":{"Dur\u00e9e de lecture estim\u00e9e":"2 minutes"},"schema":{"@context":"https:\/\/schema.org","@graph":[{"@type":"WebPage","@id":"https:\/\/digitaldeepsea.com\/fr\/produit\/s1000\/","url":"https:\/\/digitaldeepsea.com\/fr\/produit\/s1000\/","name":"S1000 - Digital Deep Sea France","isPartOf":{"@id":"https:\/\/digitaldeepsea.com\/fr\/#website"},"primaryImageOfPage":{"@id":"https:\/\/digitaldeepsea.com\/fr\/produit\/s1000\/#primaryimage"},"image":{"@id":"https:\/\/digitaldeepsea.com\/fr\/produit\/s1000\/#primaryimage"},"thumbnailUrl":"https:\/\/digitaldeepsea.com\/fr\/wp-content\/uploads\/sites\/2\/2024\/03\/sart_product.jpg","datePublished":"2024-03-13T08:54:48+00:00","dateModified":"2025-01-17T07:51:54+00:00","breadcrumb":{"@id":"https:\/\/digitaldeepsea.com\/fr\/produit\/s1000\/#breadcrumb"},"inLanguage":"fr-FR","potentialAction":[{"@type":"ReadAction","target":["https:\/\/digitaldeepsea.com\/fr\/produit\/s1000\/"]}]},{"@type":"ImageObject","inLanguage":"fr-FR","@id":"https:\/\/digitaldeepsea.com\/fr\/produit\/s1000\/#primaryimage","url":"https:\/\/digitaldeepsea.com\/fr\/wp-content\/uploads\/sites\/2\/2024\/03\/sart_product.jpg","contentUrl":"https:\/\/digitaldeepsea.com\/fr\/wp-content\/uploads\/sites\/2\/2024\/03\/sart_product.jpg","width":1000,"height":1000},{"@type":"BreadcrumbList","@id":"https:\/\/digitaldeepsea.com\/fr\/produit\/s1000\/#breadcrumb","itemListElement":[{"@type":"ListItem","position":1,"name":"Home","item":"https:\/\/digitaldeepsea.com\/fr\/"},{"@type":"ListItem","position":2,"name":"Produits","item":"https:\/\/digitaldeepsea.com\/fr\/produits\/"},{"@type":"ListItem","position":3,"name":"S1000"}]},{"@type":"WebSite","@id":"https:\/\/digitaldeepsea.com\/fr\/#website","url":"https:\/\/digitaldeepsea.com\/fr\/","name":"Digital Deep Sea","description":"","publisher":{"@id":"https:\/\/digitaldeepsea.com\/fr\/#organization"},"potentialAction":[{"@type":"SearchAction","target":{"@type":"EntryPoint","urlTemplate":"https:\/\/digitaldeepsea.com\/fr\/?s={search_term_string}"},"query-input":"required name=search_term_string"}],"inLanguage":"fr-FR"},{"@type":"Organization","@id":"https:\/\/digitaldeepsea.com\/fr\/#organization","name":"Digital Deep Sea","url":"https:\/\/digitaldeepsea.com\/fr\/","logo":{"@type":"ImageObject","inLanguage":"fr-FR","@id":"https:\/\/digitaldeepsea.com\/fr\/#\/schema\/logo\/image\/","url":"https:\/\/digitaldeepsea.com\/fr\/wp-content\/uploads\/sites\/2\/2024\/03\/logo_dy_outline_white.png","contentUrl":"https:\/\/digitaldeepsea.com\/fr\/wp-content\/uploads\/sites\/2\/2024\/03\/logo_dy_outline_white.png","width":200,"height":114,"caption":"Digital Deep Sea"},"image":{"@id":"https:\/\/digitaldeepsea.com\/fr\/#\/schema\/logo\/image\/"}}]}},"_links":{"self":[{"href":"https:\/\/digitaldeepsea.com\/fr\/wp-json\/wp\/v2\/product\/18"}],"collection":[{"href":"https:\/\/digitaldeepsea.com\/fr\/wp-json\/wp\/v2\/product"}],"about":[{"href":"https:\/\/digitaldeepsea.com\/fr\/wp-json\/wp\/v2\/types\/product"}],"wp:featuredmedia":[{"embeddable":true,"href":"https:\/\/digitaldeepsea.com\/fr\/wp-json\/wp\/v2\/media\/56"}],"wp:attachment":[{"href":"https:\/\/digitaldeepsea.com\/fr\/wp-json\/wp\/v2\/media?parent=18"}],"wp:term":[{"taxonomy":"product_cat","embeddable":true,"href":"https:\/\/digitaldeepsea.com\/fr\/wp-json\/wp\/v2\/product_cat?post=18"},{"taxonomy":"product_tag","embeddable":true,"href":"https:\/\/digitaldeepsea.com\/fr\/wp-json\/wp\/v2\/product_tag?post=18"}],"curies":[{"name":"wp","href":"https:\/\/api.w.org\/{rel}","templated":true}]}}