{"id":142,"date":"2024-03-13T08:55:33","date_gmt":"2024-03-13T08:55:33","guid":{"rendered":"https:\/\/digitaldeepsea.com\/fr\/?post_type=product&#038;p=142"},"modified":"2025-01-17T07:51:53","modified_gmt":"2025-01-17T07:51:53","slug":"iseasense-pack-dinstruments-pour-voilier","status":"publish","type":"product","link":"https:\/\/digitaldeepsea.com\/fr\/produit\/iseasense-pack-dinstruments-pour-voilier\/","title":{"rendered":"iSeaSense \u2013 Pack d&rsquo;instruments pour voilier"},"content":{"rendered":"<div class=\"vc_row wpb_row vc_row-fluid\">\n<div class=\"wpb_column vc_column_container vc_col-sm-12\">\n<div class=\"vc_column-inner\">\n<div class=\"wpb_wrapper\">\n<h4><strong>CE QUI EST INCLUS<\/strong><\/h4>\n<p>Ce pack d&rsquo;instruments pour voilier combine des instruments de mesure de la profondeur, de la vitesse et de la temp\u00e9rature du vent. Les produits comprennent :<\/p>\n<ul>\n<li>DST810 &#8211; Capteur de profondeur, de vitesse et de temp\u00e9rature avec une interface NMEA 2000<\/li>\n<li>WND100 &#8211; Capteur de vent avec iKonvert<\/li>\n<li>iSeaSense &#8211; Serveur NMEA 2000 WiFi avec affichage des instruments<\/li>\n<li>1 x kit de c\u00e2blage NMEA 2000<\/li>\n<\/ul>\n<p>&nbsp;<\/p>\n<h4 class=\"vc_custom_heading vc_custom_1672050582102\"><strong>CARACT\u00c9RISTIQUES CL\u00c9S<\/strong><\/h4>\n<\/div>\n<\/div>\n<\/div>\n<\/div>\n<div class=\"vc_row wpb_row vc_row-fluid vc_custom_1672840479009 vc_row-o-content-middle vc_row-flex wd-rs-63b58518666ee\">\n<div class=\"wpb_column vc_column_container vc_col-sm-6\">\n<div class=\"vc_column-inner\">\n<div class=\"wpb_wrapper\">\n<div class=\"wpb_text_column wpb_content_element\">\n<div class=\"wpb_wrapper\">\n<p><strong>iSeaSense est un pack d\u2019instruments pour voilier avec capteurs de vent, de vitesse, de temp\u00e9rature de l\u2019eau et de profondeur<\/strong>, bas\u00e9 sur un syst\u00e8me NMEA 2000 et dot\u00e9 d\u2019une connectivit\u00e9 Wi-Fi offrant une flexibilit\u00e9 et une connectivit\u00e9 maximales. Il est possible d\u2019utiliser son PC, son smartphone, un iPads ou encore une tablette pour afficher les donn\u00e9es du bateau, ou bien vous pouvez afficher les donn\u00e9es sur des afficheurs standards ou des \u00e9crans multifonctions d\u2019autres fabricants.<\/p>\n<p>&nbsp;<\/p>\n<p>Des capteurs de haute qualit\u00e9 et de grande pr\u00e9cision sont utilis\u00e9s pour les donn\u00e9es relatives \u00e0 la profondeur, \u00e0 la vitesse, au vent, au compas et au GPS. De plus, ces donn\u00e9es peuvent \u00eatre partag\u00e9es avec d\u2019autres appareils pr\u00e9sents sur le r\u00e9seau NMEA 2000.<\/p>\n<p>&nbsp;<\/p>\n<p>Disponible en deux packs, iSeaSense fournit tous les \u00e9quipements n\u00e9cessaire pour avoir un syst\u00e8me d\u2019instrumentations complet et innovant \u00e0 bord. Aucun logiciel ou application n\u2019est requis car le serveur Wi-Fi de l\u2019iSeaSense a un affichage int\u00e9gr\u00e9 puissant qui peut \u00eatre visualis\u00e9 via un navigateur sur n\u2019importe quel smartphone, PC ou tablette.<\/p>\n<p>&nbsp;<\/p>\n<p>iSeaSense est fourni avec le <a href=\"https:\/\/digitalyacht.fr\/produit\/wnd100\/\" target=\"_blank\" rel=\"noopener noreferrer\">capteur de vent WND100<\/a>, accompagn\u00e9 d\u2019un c\u00e2ble fin de 20 m\u00e8tres et d\u2019une interface permettant une connexion directe au r\u00e9seau NMEA 2000. Cette caract\u00e9ristique permet de faciliter l\u2019installation du capteur de vent et vous \u00e9vite d\u2019avoir un c\u00e2ble NMEA 2000 en haut du m\u00e2t trop encombrant.<\/p>\n<p>&nbsp;<\/p>\n<p>De plus, iSeaSense est fourni avec une sonde pour mesurer la profondeur, la vitesse et la temp\u00e9rature. Un capteur spatial est \u00e9galement inclus pour mesurer les mouvements de tangage et de roulis, et\u00a0<strong>un algorithme sophistiqu\u00e9 permet de calibrer les informations relatives \u00e0 la vitesse du bateau en fonction de son inclinaison<\/strong>.<\/p>\n<p>&nbsp;<\/p>\n<p>Un r\u00e9seau NMEA 2000 complet est fourni, ainsi qu\u2019une interface Wi-Fi pour une connectivit\u00e9 optimale. De plus, un c\u00e2ble de rechange avec un connecteur en T sont pr\u00e9vus pour l\u2019ajout d\u2019appareils NMEA 2000 suppl\u00e9mentaires.<\/p>\n<p>&nbsp;<\/p>\n<p>Gr\u00e2ce \u00e0 la norme NMEA 2000, vous pouvez facilement \u00e9tendre votre syst\u00e8me et ajouter des\u00a0<a href=\"https:\/\/digitalyacht.fr\/categorie-produit\/navigation-capteurs\/\" target=\"_blank\" rel=\"noopener noreferrer\">instruments Digital Yacht<\/a> tels que des GPS, transpondeurs AIS, compas \u00e9lectronique etc. Vous avez \u00e9galement la possibilit\u00e9 d\u2019envoyer les donn\u00e9es des instruments \u00e0 votre traceur de cartes ou \u00e0 votre \u00e9cran NMEA 2000.<\/p>\n<p>&nbsp;<\/p>\n<p>iSeaSense dispose d\u2019une interface web facile \u00e0 utiliser qui ne n\u00e9cessite aucune application suppl\u00e9mentaire. Toutes les donn\u00e9es des instruments sont directement affich\u00e9es sur cette interface web. Il suffit d\u2019ouvrir une page web sur un appareil connect\u00e9 au r\u00e9seau Wi-Fi de l\u2019iSeaSense et vous aurez acc\u00e8s \u00e0 l\u2019affichage int\u00e9gr\u00e9e. Aucune connexion internet n\u2019est requise pour acc\u00e9der \u00e0 l\u2019interface.<\/p>\n<p>&nbsp;<\/p>\n<p>L\u2019interface web iSeaSense permet de calibrer le capteur de vent et affiche \u00e9galement des informations telles que la vitesse et l\u2019angle r\u00e9el du vent, ainsi que les calculs de VMG.<\/p>\n<p>&nbsp;<\/p>\n<p>Cette interface web est compatible avec les syst\u00e8mes d\u2019exploitation iOS, Android, PC, Linux et MAC, ainsi qu\u2019avec tous les navigateurs web standards. De plus, elle est \u00e9galement compatible avec les \u00e9crans des liseuses \u00e9lectroniques tels que Kindle. Elle prend en charge jusqu\u2019\u00e0 trois appareils connect\u00e9s simultan\u00e9ment et offre des mises \u00e0 jour rapides \u00e0 5Hz.<\/p>\n<p>&nbsp;<\/p>\n<p>Les donn\u00e9es peuvent \u00e9galement \u00eatre utilis\u00e9es par des centaines d\u2019applications et de logiciels de navigation populaires tels que Navionics, TZ iBoat, OpenCPN, SailGrib, etc.<\/p>\n<\/div>\n<p>&nbsp;<\/p>\n<p>&nbsp;<\/p>\n<h4 class=\"vc_custom_heading vc_custom_1672050582102\"><strong>FONCTIONNEMENT<\/strong><\/h4>\n<p>Pour acc\u00e9der \u00e0 l\u2019affichage de l\u2019iSeaSense, il vous suffit d\u2019utiliser son interface web d\u00e9di\u00e9e. Il vous faudra simplement ouvrir votre navigateur web, saisir l\u2019adresse IP de iSeaSense ou tapez dans la barre de recherche iSeaSense.local, et vous aurez acc\u00e8s \u00e0 un tableau de bord qui affichera l\u2019ensemble des donn\u00e9es de vos instruments. Il ne sera donc pas n\u00e9cessaire d\u2019utiliser un logiciel de programmation ou une application compliqu\u00e9e et surtout, vous n\u2019avez pas besoin d\u2019internet car les donn\u00e9es sont transmis \u00e0 travers un r\u00e9seau Wi-Fi local.<\/p>\n<p>&nbsp;<\/p>\n<p>Par d\u00e9faut, iSeaSense propose une s\u00e9rie de pages pr\u00e9\u00e9tablies qui affichent les donn\u00e9es des instruments disponibles sur le r\u00e9seau NMEA 2000.<\/p>\n<p>&nbsp;<\/p>\n<p>Avec iSeaSense, vous avez le contr\u00f4le total sur les donn\u00e9es que vous souhaitez visualiser. Les pages sont enti\u00e8rement personnalisables, ce qui vous permet de configurer chaque page selon vos pr\u00e9f\u00e9rences. Vous pouvez facilement ajouter ou supprimer des bo\u00eetes de donn\u00e9es pour cr\u00e9er l\u2019affichage qui correspond parfaitement \u00e0 vos besoins. De plus, les configurations peuvent \u00eatre sauvegard\u00e9es et partag\u00e9es, ce qui est particuli\u00e8rement pratique pour les chantiers navals et les \u00e9quipementiers qui n\u00e9cessitent des configurations standardis\u00e9es.<\/p>\n<p>&nbsp;<\/p>\n<\/div>\n<\/div>\n<\/div>\n<\/div>\n<\/div>\n<div class=\"vc_row wpb_row vc_row-fluid vc_custom_1672840554981 wd-rs-63b58562c0749\">\n<div class=\"wpb_column vc_column_container vc_col-sm-12\">\n<div class=\"vc_column-inner\">\n<h4><\/h4>\n<h4 class=\"wpb_wrapper\"><strong>SP\u00c9CIFICIT\u00c9S<\/strong><\/h4>\n<\/div>\n<\/div>\n<\/div>\n<div class=\"vc_row wpb_row vc_row-fluid vc_custom_1672840566861 vc_row-o-content-middle vc_row-flex wd-rs-63b5856de2a97\">\n<div class=\"wpb_column vc_column_container vc_col-sm-6\">\n<div class=\"vc_column-inner\">\n<div class=\"wpb_wrapper\">\n<h5 class=\"vc_custom_heading vc_custom_1684159185808\"><strong>Caract\u00e9ristiques du pack iSeaSense<\/strong><\/h5>\n<div class=\"wpb_text_column wpb_content_element\">\n<div class=\"wpb_wrapper\">\n<ul>\n<li>Le pack d&rsquo;instruments pour voilier iSeaSense comprend le serveur Wi-Fi iSeaSense, le c\u00e2blage NMEA 2000 n\u00e9cessaire et un <a href=\"https:\/\/digitaldeepsea.com\/fr\/produit\/multi-capteur\/\" target=\"_blank\" rel=\"noopener noreferrer\">transducteur<\/a> avanc\u00e9 de <strong>profondeur, de vitesse et de temp\u00e9rature avec capteur de tangage et de g\u00eete<\/strong>.<\/li>\n<li>Le pack comprend \u00e9galement le capteur de vent WND100, qui permet d\u2019ajouter des donn\u00e9es sur le vent au syst\u00e8me et au r\u00e9seau.<\/li>\n<li>Installation facile en t\u00eate de m\u00e2t gr\u00e2ce au c\u00e2ble de 20 m ultra fin et \u00e0 l\u2019interface NMEA 2000<\/li>\n<li>Le serveur iSeaSense cr\u00e9e des pages d\u2019affichage des donn\u00e9es avec des mises \u00e0 jour rapides \u00e0 5 Hz, consultables sur n\u2019importe quel PC, smartphone, tablette ou iPad.<\/li>\n<li>Calibrage avanc\u00e9 disponible pour le transducteur avec des corrections pour la g\u00eete du bateau et l\u2019emplacement du transducteur.<\/li>\n<li>Calibrage du capteur de vent via l\u2019interface iSeaSense<\/li>\n<li>Comprend un connecteur en T NMEA 2000 suppl\u00e9mentaire pour l\u2019extension du syst\u00e8me, permettant d\u2019ajouter facilement des capteurs ou des \u00e9crans.<\/li>\n<\/ul>\n<p>&nbsp;<\/p>\n<\/div>\n<\/div>\n<\/div>\n<\/div>\n<\/div>\n<div class=\"wpb_column vc_column_container vc_col-sm-6\">\n<div class=\"vc_column-inner\">\n<div class=\"wpb_wrapper\">\n<div class=\"wpb_single_image wpb_content_element vc_align_center vc_custom_1684151889365\"><\/div>\n<\/div>\n<\/div>\n<\/div>\n<\/div>\n<div class=\"vc_row wpb_row vc_row-fluid vc_custom_1672840566861 vc_row-o-content-middle vc_row-flex wd-rs-63b5856de2a97\">\n<div class=\"wpb_column vc_column_container vc_col-sm-6\">\n<div class=\"vc_column-inner\">\n<div class=\"wpb_wrapper\">\n<h5 class=\"vc_custom_heading vc_custom_1684159197478\">Caract\u00e9ristiques de l&rsquo;interface<\/h5>\n<div class=\"wpb_text_column wpb_content_element\">\n<div class=\"wpb_wrapper\">\n<ul>\n<li>Interface NMEA 2000 et passerelle WiFi pour le syst\u00e8me iSeaSense.<\/li>\n<li>Serveur avec affichage des instruments int\u00e9gr\u00e9.<\/li>\n<li>Pages d\u2019affichage configurables pour la profondeur, la vitesse, la temp\u00e9rature, l\u2019heure, le GPS, le vent, la navigation et le compas.<\/li>\n<li>Fonctionnalit\u00e9s de diagnostic, de r\u00e9glage et d\u2019\u00e9talonnage.<\/li>\n<li>Fonction d\u2019enregistrement des donn\u00e9es.<\/li>\n<li>Auto-aliment\u00e9 par le r\u00e9seau NMEA 2000<\/li>\n<li>Antenne wifi int\u00e9gr\u00e9e permettant de couvrir une surface de bateau jusqu\u2019\u00e0 20 m<\/li>\n<li>Prend en charge les protocoles TCP\/IP et UDP pour aussi diffuser les donn\u00e9es des instruments vers des applications &amp; logiciels de navigation<\/li>\n<li>Maximum de 7 appareils connect\u00e9s<\/li>\n<\/ul>\n<p>&nbsp;<\/p>\n<\/div>\n<\/div>\n<\/div>\n<\/div>\n<\/div>\n<\/div>\n<div class=\"vc_row wpb_row vc_row-fluid vc_custom_1672840566861 vc_row-o-content-middle vc_row-flex wd-rs-63b5856de2a97\">\n<div class=\"wpb_column vc_column_container vc_col-sm-6\">\n<div class=\"vc_column-inner\">\n<div class=\"wpb_wrapper\">\n<h5 class=\"vc_custom_heading vc_custom_1684159207921\">Caract\u00e9ristiques du transducteur<\/h5>\n<div class=\"wpb_text_column wpb_content_element\">\n<div class=\"wpb_wrapper\">\n<ul>\n<li>Transducteur pour la profondeur, la vitesse du bateau, la temp\u00e9rature de l\u2019eau et la g\u00eete et le tangage du bateau avec des mises \u00e0 jour rapides et tr\u00e8s pr\u00e9cises de la vitesse \u00e0 5 Hz de 0,3 \u00e0 45 n\u0153uds.<\/li>\n<li>Taux de mise \u00e0 jour des donn\u00e9es : Profondeur : 1X\/seconde, Vitesse : 5X\/seconde, G\u00eete\/Trim : 10X\/seconde<\/li>\n<li>Fonctionnement en profondeur 235KHz pour minimiser les interf\u00e9rences avec les d\u00e9tecteurs de poissons et les sondeurs 50\/200KHz<\/li>\n<li>Profondeur maximale de 100 m<\/li>\n<li>Supporte une \u00e9l\u00e9vation de la coque jusqu\u2019\u00e0 22 degr\u00e9s<\/li>\n<li>Fourni avec un c\u00e2ble NMEA 2000 de 6 m et auto-aliment\u00e9 par le backbone NMEA 2000 d\u2019iSeaSense<\/li>\n<li>Taille\/diam\u00e8tre standard de 2\u2033 \u00e0 travers la coque<\/li>\n<li>Comprend une interface Bluetooth pour un \u00e9talonnage avanc\u00e9 et des fonctions de configuration si n\u00e9cessaire<\/li>\n<li>Raccords en acier inoxydable et en bronze disponibles en option<\/li>\n<\/ul>\n<p>&nbsp;<\/p>\n<\/div>\n<\/div>\n<\/div>\n<\/div>\n<\/div>\n<div class=\"wpb_column vc_column_container vc_col-sm-6\">\n<div class=\"vc_column-inner\">\n<div class=\"wpb_wrapper\">\n<div class=\"wpb_single_image wpb_content_element vc_align_center vc_custom_1684151869701\"><\/div>\n<\/div>\n<\/div>\n<\/div>\n<\/div>\n<div class=\"vc_row wpb_row vc_row-fluid vc_custom_1672840566861 vc_row-o-content-middle vc_row-flex wd-rs-63b5856de2a97\">\n<div class=\"wpb_column vc_column_container vc_col-sm-6\">\n<div class=\"vc_column-inner\">\n<div class=\"wpb_wrapper\">\n<h5 class=\"vc_custom_heading vc_custom_1684159222235\"><strong>Caract\u00e9ristiques du capteur de vent<\/strong><\/h5>\n<div class=\"wpb_text_column wpb_content_element\">\n<div class=\"wpb_wrapper\">\n<ul>\n<li>Le pack WND200 comprend la girouette an\u00e9mom\u00e8tre WND100 et l\u2019interface iKonvert NMEA 0183-2000.<\/li>\n<li>Alimentation 8-18V avec une\u00a0<strong>consommation ultra faible<\/strong>\u00a0de 25mA<\/li>\n<li>Fourni avec un c\u00e2ble de 20 m tr\u00e8s fin (4mm) pour faciliter le passage des c\u00e2bles dans le m\u00e2t (4 fils blind\u00e9s).<\/li>\n<li>Interface iKonvert NMEA 2000 incluse pour l\u2019int\u00e9gration du syst\u00e8me.<\/li>\n<li>Pr\u00e9cision de l\u2019angle du vent inf\u00e9rieur \u00e0 4 degr\u00e9s<\/li>\n<li>Pr\u00e9cision de la vitesse du vent inf\u00e9rieur \u00e0 3%.<\/li>\n<li>Vitesse du vent min. 1,7 n\u0153uds \u2013 max. 80 n\u0153uds<\/li>\n<li>Temps d\u2019\u00e9tablissement g\u00e9n\u00e9ralement de 1,3 secondes<\/li>\n<\/ul>\n<\/div>\n<\/div>\n<\/div>\n<\/div>\n<\/div>\n<\/div>\n","protected":false},"excerpt":{"rendered":"<p>\u201ciSeaSense est un pack d\u2019instruments pour voiliers avec des capteurs de vent, de vitesse, de temp\u00e9rature et de profondeur, bas\u00e9 sur un r\u00e9seau NMEA 2000 et dot\u00e9 d\u2019une connectivit\u00e9 Wi-Fi.\u201d<\/p>\n","protected":false},"featured_media":171,"template":"","meta":[],"product_cat":[26,71,52],"product_tag":[106,50,72,73],"yoast_head":"<!-- This site is optimized with the Yoast SEO plugin v22.7 - https:\/\/yoast.com\/wordpress\/plugins\/seo\/ -->\n<title>iSeaSense - Pack d&#039;instruments pour voilier - Digital Deep Sea<\/title>\n<meta name=\"description\" content=\"iSeaSense est un pack d\u2019instruments pour voilier avec capteurs de vent, de vitesse, de temp\u00e9rature de l\u2019eau et de profondeur avec NMEA 2000 et WiFi.\" \/>\n<meta name=\"robots\" content=\"index, follow, max-snippet:-1, max-image-preview:large, max-video-preview:-1\" \/>\n<link rel=\"canonical\" href=\"https:\/\/digitaldeepsea.com\/fr\/produit\/iseasense-pack-dinstruments-pour-voilier\/\" \/>\n<meta property=\"og:locale\" content=\"fr_FR\" \/>\n<meta property=\"og:type\" content=\"article\" \/>\n<meta property=\"og:title\" content=\"iSeaSense - Pack d&#039;instruments pour voilier - Digital Deep Sea\" \/>\n<meta property=\"og:description\" content=\"iSeaSense est un pack d\u2019instruments pour voilier avec capteurs de vent, de vitesse, de temp\u00e9rature de l\u2019eau et de profondeur avec NMEA 2000 et WiFi.\" \/>\n<meta property=\"og:url\" content=\"https:\/\/digitaldeepsea.com\/fr\/produit\/iseasense-pack-dinstruments-pour-voilier\/\" \/>\n<meta property=\"og:site_name\" content=\"Digital Deep Sea France\" \/>\n<meta property=\"article:modified_time\" content=\"2025-01-17T07:51:53+00:00\" \/>\n<meta property=\"og:image\" content=\"https:\/\/digitaldeepsea.com\/fr\/wp-content\/uploads\/sites\/2\/2024\/03\/ISeaSense-pack2-web-1024x1024-1.jpg\" \/>\n\t<meta property=\"og:image:width\" content=\"1024\" \/>\n\t<meta property=\"og:image:height\" content=\"1024\" \/>\n\t<meta property=\"og:image:type\" content=\"image\/jpeg\" \/>\n<meta name=\"twitter:card\" content=\"summary_large_image\" \/>\n<meta name=\"twitter:label1\" content=\"Dur\u00e9e de lecture estim\u00e9e\" \/>\n\t<meta name=\"twitter:data1\" content=\"7 minutes\" \/>\n<script type=\"application\/ld+json\" class=\"yoast-schema-graph\">{\"@context\":\"https:\/\/schema.org\",\"@graph\":[{\"@type\":\"WebPage\",\"@id\":\"https:\/\/digitaldeepsea.com\/fr\/produit\/iseasense-pack-dinstruments-pour-voilier\/\",\"url\":\"https:\/\/digitaldeepsea.com\/fr\/produit\/iseasense-pack-dinstruments-pour-voilier\/\",\"name\":\"iSeaSense - Pack d'instruments pour voilier - Digital Deep Sea\",\"isPartOf\":{\"@id\":\"https:\/\/digitaldeepsea.com\/fr\/#website\"},\"primaryImageOfPage\":{\"@id\":\"https:\/\/digitaldeepsea.com\/fr\/produit\/iseasense-pack-dinstruments-pour-voilier\/#primaryimage\"},\"image\":{\"@id\":\"https:\/\/digitaldeepsea.com\/fr\/produit\/iseasense-pack-dinstruments-pour-voilier\/#primaryimage\"},\"thumbnailUrl\":\"https:\/\/digitaldeepsea.com\/fr\/wp-content\/uploads\/sites\/2\/2024\/03\/ISeaSense-pack2-web-1024x1024-1.jpg\",\"datePublished\":\"2024-03-13T08:55:33+00:00\",\"dateModified\":\"2025-01-17T07:51:53+00:00\",\"description\":\"iSeaSense est un pack d\u2019instruments pour voilier avec capteurs de vent, de vitesse, de temp\u00e9rature de l\u2019eau et de profondeur avec NMEA 2000 et WiFi.\",\"breadcrumb\":{\"@id\":\"https:\/\/digitaldeepsea.com\/fr\/produit\/iseasense-pack-dinstruments-pour-voilier\/#breadcrumb\"},\"inLanguage\":\"fr-FR\",\"potentialAction\":[{\"@type\":\"ReadAction\",\"target\":[\"https:\/\/digitaldeepsea.com\/fr\/produit\/iseasense-pack-dinstruments-pour-voilier\/\"]}]},{\"@type\":\"ImageObject\",\"inLanguage\":\"fr-FR\",\"@id\":\"https:\/\/digitaldeepsea.com\/fr\/produit\/iseasense-pack-dinstruments-pour-voilier\/#primaryimage\",\"url\":\"https:\/\/digitaldeepsea.com\/fr\/wp-content\/uploads\/sites\/2\/2024\/03\/ISeaSense-pack2-web-1024x1024-1.jpg\",\"contentUrl\":\"https:\/\/digitaldeepsea.com\/fr\/wp-content\/uploads\/sites\/2\/2024\/03\/ISeaSense-pack2-web-1024x1024-1.jpg\",\"width\":1024,\"height\":1024},{\"@type\":\"BreadcrumbList\",\"@id\":\"https:\/\/digitaldeepsea.com\/fr\/produit\/iseasense-pack-dinstruments-pour-voilier\/#breadcrumb\",\"itemListElement\":[{\"@type\":\"ListItem\",\"position\":1,\"name\":\"Home\",\"item\":\"https:\/\/digitaldeepsea.com\/fr\/\"},{\"@type\":\"ListItem\",\"position\":2,\"name\":\"Produits\",\"item\":\"https:\/\/digitaldeepsea.com\/fr\/produits\/\"},{\"@type\":\"ListItem\",\"position\":3,\"name\":\"iSeaSense \u2013 Pack d&rsquo;instruments pour voilier\"}]},{\"@type\":\"WebSite\",\"@id\":\"https:\/\/digitaldeepsea.com\/fr\/#website\",\"url\":\"https:\/\/digitaldeepsea.com\/fr\/\",\"name\":\"Digital Deep Sea\",\"description\":\"\",\"publisher\":{\"@id\":\"https:\/\/digitaldeepsea.com\/fr\/#organization\"},\"potentialAction\":[{\"@type\":\"SearchAction\",\"target\":{\"@type\":\"EntryPoint\",\"urlTemplate\":\"https:\/\/digitaldeepsea.com\/fr\/?s={search_term_string}\"},\"query-input\":\"required name=search_term_string\"}],\"inLanguage\":\"fr-FR\"},{\"@type\":\"Organization\",\"@id\":\"https:\/\/digitaldeepsea.com\/fr\/#organization\",\"name\":\"Digital Deep Sea\",\"url\":\"https:\/\/digitaldeepsea.com\/fr\/\",\"logo\":{\"@type\":\"ImageObject\",\"inLanguage\":\"fr-FR\",\"@id\":\"https:\/\/digitaldeepsea.com\/fr\/#\/schema\/logo\/image\/\",\"url\":\"https:\/\/digitaldeepsea.com\/fr\/wp-content\/uploads\/sites\/2\/2024\/03\/logo_dy_outline_white.png\",\"contentUrl\":\"https:\/\/digitaldeepsea.com\/fr\/wp-content\/uploads\/sites\/2\/2024\/03\/logo_dy_outline_white.png\",\"width\":200,\"height\":114,\"caption\":\"Digital Deep Sea\"},\"image\":{\"@id\":\"https:\/\/digitaldeepsea.com\/fr\/#\/schema\/logo\/image\/\"}}]}<\/script>\n<!-- \/ Yoast SEO plugin. -->","yoast_head_json":{"title":"iSeaSense - Pack d'instruments pour voilier - Digital Deep Sea","description":"iSeaSense est un pack d\u2019instruments pour voilier avec capteurs de vent, de vitesse, de temp\u00e9rature de l\u2019eau et de profondeur avec NMEA 2000 et WiFi.","robots":{"index":"index","follow":"follow","max-snippet":"max-snippet:-1","max-image-preview":"max-image-preview:large","max-video-preview":"max-video-preview:-1"},"canonical":"https:\/\/digitaldeepsea.com\/fr\/produit\/iseasense-pack-dinstruments-pour-voilier\/","og_locale":"fr_FR","og_type":"article","og_title":"iSeaSense - Pack d'instruments pour voilier - Digital Deep Sea","og_description":"iSeaSense est un pack d\u2019instruments pour voilier avec capteurs de vent, de vitesse, de temp\u00e9rature de l\u2019eau et de profondeur avec NMEA 2000 et WiFi.","og_url":"https:\/\/digitaldeepsea.com\/fr\/produit\/iseasense-pack-dinstruments-pour-voilier\/","og_site_name":"Digital Deep Sea France","article_modified_time":"2025-01-17T07:51:53+00:00","og_image":[{"width":1024,"height":1024,"url":"https:\/\/digitaldeepsea.com\/fr\/wp-content\/uploads\/sites\/2\/2024\/03\/ISeaSense-pack2-web-1024x1024-1.jpg","type":"image\/jpeg"}],"twitter_card":"summary_large_image","twitter_misc":{"Dur\u00e9e de lecture estim\u00e9e":"7 minutes"},"schema":{"@context":"https:\/\/schema.org","@graph":[{"@type":"WebPage","@id":"https:\/\/digitaldeepsea.com\/fr\/produit\/iseasense-pack-dinstruments-pour-voilier\/","url":"https:\/\/digitaldeepsea.com\/fr\/produit\/iseasense-pack-dinstruments-pour-voilier\/","name":"iSeaSense - Pack d'instruments pour voilier - Digital Deep Sea","isPartOf":{"@id":"https:\/\/digitaldeepsea.com\/fr\/#website"},"primaryImageOfPage":{"@id":"https:\/\/digitaldeepsea.com\/fr\/produit\/iseasense-pack-dinstruments-pour-voilier\/#primaryimage"},"image":{"@id":"https:\/\/digitaldeepsea.com\/fr\/produit\/iseasense-pack-dinstruments-pour-voilier\/#primaryimage"},"thumbnailUrl":"https:\/\/digitaldeepsea.com\/fr\/wp-content\/uploads\/sites\/2\/2024\/03\/ISeaSense-pack2-web-1024x1024-1.jpg","datePublished":"2024-03-13T08:55:33+00:00","dateModified":"2025-01-17T07:51:53+00:00","description":"iSeaSense est un pack d\u2019instruments pour voilier avec capteurs de vent, de vitesse, de temp\u00e9rature de l\u2019eau et de profondeur avec NMEA 2000 et WiFi.","breadcrumb":{"@id":"https:\/\/digitaldeepsea.com\/fr\/produit\/iseasense-pack-dinstruments-pour-voilier\/#breadcrumb"},"inLanguage":"fr-FR","potentialAction":[{"@type":"ReadAction","target":["https:\/\/digitaldeepsea.com\/fr\/produit\/iseasense-pack-dinstruments-pour-voilier\/"]}]},{"@type":"ImageObject","inLanguage":"fr-FR","@id":"https:\/\/digitaldeepsea.com\/fr\/produit\/iseasense-pack-dinstruments-pour-voilier\/#primaryimage","url":"https:\/\/digitaldeepsea.com\/fr\/wp-content\/uploads\/sites\/2\/2024\/03\/ISeaSense-pack2-web-1024x1024-1.jpg","contentUrl":"https:\/\/digitaldeepsea.com\/fr\/wp-content\/uploads\/sites\/2\/2024\/03\/ISeaSense-pack2-web-1024x1024-1.jpg","width":1024,"height":1024},{"@type":"BreadcrumbList","@id":"https:\/\/digitaldeepsea.com\/fr\/produit\/iseasense-pack-dinstruments-pour-voilier\/#breadcrumb","itemListElement":[{"@type":"ListItem","position":1,"name":"Home","item":"https:\/\/digitaldeepsea.com\/fr\/"},{"@type":"ListItem","position":2,"name":"Produits","item":"https:\/\/digitaldeepsea.com\/fr\/produits\/"},{"@type":"ListItem","position":3,"name":"iSeaSense \u2013 Pack d&rsquo;instruments pour voilier"}]},{"@type":"WebSite","@id":"https:\/\/digitaldeepsea.com\/fr\/#website","url":"https:\/\/digitaldeepsea.com\/fr\/","name":"Digital Deep Sea","description":"","publisher":{"@id":"https:\/\/digitaldeepsea.com\/fr\/#organization"},"potentialAction":[{"@type":"SearchAction","target":{"@type":"EntryPoint","urlTemplate":"https:\/\/digitaldeepsea.com\/fr\/?s={search_term_string}"},"query-input":"required name=search_term_string"}],"inLanguage":"fr-FR"},{"@type":"Organization","@id":"https:\/\/digitaldeepsea.com\/fr\/#organization","name":"Digital Deep Sea","url":"https:\/\/digitaldeepsea.com\/fr\/","logo":{"@type":"ImageObject","inLanguage":"fr-FR","@id":"https:\/\/digitaldeepsea.com\/fr\/#\/schema\/logo\/image\/","url":"https:\/\/digitaldeepsea.com\/fr\/wp-content\/uploads\/sites\/2\/2024\/03\/logo_dy_outline_white.png","contentUrl":"https:\/\/digitaldeepsea.com\/fr\/wp-content\/uploads\/sites\/2\/2024\/03\/logo_dy_outline_white.png","width":200,"height":114,"caption":"Digital Deep Sea"},"image":{"@id":"https:\/\/digitaldeepsea.com\/fr\/#\/schema\/logo\/image\/"}}]}},"_links":{"self":[{"href":"https:\/\/digitaldeepsea.com\/fr\/wp-json\/wp\/v2\/product\/142"}],"collection":[{"href":"https:\/\/digitaldeepsea.com\/fr\/wp-json\/wp\/v2\/product"}],"about":[{"href":"https:\/\/digitaldeepsea.com\/fr\/wp-json\/wp\/v2\/types\/product"}],"wp:featuredmedia":[{"embeddable":true,"href":"https:\/\/digitaldeepsea.com\/fr\/wp-json\/wp\/v2\/media\/171"}],"wp:attachment":[{"href":"https:\/\/digitaldeepsea.com\/fr\/wp-json\/wp\/v2\/media?parent=142"}],"wp:term":[{"taxonomy":"product_cat","embeddable":true,"href":"https:\/\/digitaldeepsea.com\/fr\/wp-json\/wp\/v2\/product_cat?post=142"},{"taxonomy":"product_tag","embeddable":true,"href":"https:\/\/digitaldeepsea.com\/fr\/wp-json\/wp\/v2\/product_tag?post=142"}],"curies":[{"name":"wp","href":"https:\/\/api.w.org\/{rel}","templated":true}]}}