{"id":141,"date":"2024-03-13T08:55:33","date_gmt":"2024-03-13T08:55:33","guid":{"rendered":"https:\/\/digitaldeepsea.com\/fr\/?post_type=product&#038;p=141"},"modified":"2025-01-17T07:51:54","modified_gmt":"2025-01-17T07:51:54","slug":"aib1000","status":"publish","type":"product","link":"https:\/\/digitaldeepsea.com\/fr\/produit\/aib1000\/","title":{"rendered":"AIB1000"},"content":{"rendered":"<h5><strong>CARACT\u00c9RISTIQUES CL\u00c9S<\/strong><\/h5>\n<p>L\u2019AIB1000 est un\u00a0transpondeur AIS\u00a0de classe B robuste et enti\u00e8rement autonome, id\u00e9al pour la surveillance et le suivi des petits navires en mer. Il peut \u00e9galement \u00eatre utilis\u00e9 pour le balisage des biens maritimes tels que les barges, les b\u00e2timents, les bou\u00e9es de r\u00e9gate, etc. ainsi que pour les applications de navigation et de s\u00e9curit\u00e9, sans les co\u00fbts et la complexit\u00e9 associ\u00e9s \u00e0 un AtoN.<\/p>\n<p>&nbsp;<\/p>\n<p>Certifi\u00e9\u00a0CSTDMA 2W Classe B, l\u2019AIB1000 dispose d\u2019une antenne int\u00e9gr\u00e9e pour des transmissions compl\u00e8tement autonomes. Conform\u00e9ment aux normes de Classe B AIS, il \u00e9met toutes les 30 secondes en mouvement, tandis que les donn\u00e9es statiques sont transmises toutes les 3 minutes.<\/p>\n<p>&nbsp;<\/p>\n<p>L\u2019AIB1000 est aliment\u00e9 par une batterie interne rapidement rechargeable, assurant jusqu\u2019\u00e0 120 heures de fonctionnement continu, ou peut \u00eatre connect\u00e9 \u00e0 d\u2019autres sources d\u2019\u00e9nergie \u00e0 bord, telle qu\u2019une batterie ou un panneau solaire, gr\u00e2ce \u00e0 un c\u00e2ble de connexion DC, disponible en option.<\/p>\n<p>&nbsp;<\/p>\n<p>Sa construction robuste, \u00e9tanche (certifi\u00e9 IPX8) et renforc\u00e9e, rends le AIB1000 fiable, sans n\u00e9cessiter de maintenance, m\u00eame dans les environnements marins les plus hostiles \u2013 chaleur\/froid extr\u00eames, humidit\u00e9, chocs et vibrations.<\/p>\n<p>&nbsp;<\/p>\n<p>Chaque AIB1000 est livr\u00e9 dans un kit complet comprenant le transpondeur, un support de montage et une station de chargement rapide (110\/220v ac). De plus, l\u2019AIB1000 n\u00e9cessite une pr\u00e9-programmation en usine avec les d\u00e9tails du navire tels que le num\u00e9ro MMSI, etc. Cette programmation est incluse dans le prix.<\/p>\n<p>&nbsp;<\/p>\n<h5><strong>SP\u00c9CIFICIT\u00c9S<\/strong><\/h5>\n<ul>\n<li>Transpondeur AIS Classe B autonome<\/li>\n<li>5 jours d\u2019utilisation continue gr\u00e2ce \u00e0 la batterie interne ou connexion directe \u00e0 une autre source d\u2019\u00e9nergie \u00e0 bord (moteur, batterie ou panneau solaire) pour une installation permanente gr\u00e2ce au kit de c\u00e2ble DC, disponible en option. (#ZDIGAIBPC)<\/li>\n<li>La recharge compl\u00e8te ne prend que 5 heures<\/li>\n<li>L\u2019antenne int\u00e9gr\u00e9e et son design robuste et \u00e9tanche (IPX8) assurent des performances de qualit\u00e9.<\/li>\n<\/ul>\n","protected":false},"excerpt":{"rendered":"<p>\u201cL\u2019AIB1000 est un transpondeur AIS de classe B robuste et enti\u00e8rement autonome, id\u00e9al pour la surveillance et le suivi des petits navires en mer\u201d.<\/p>\n","protected":false},"featured_media":170,"template":"","meta":[],"product_cat":[21,39],"product_tag":[102,103,104,105],"yoast_head":"<!-- This site is optimized with the Yoast SEO plugin v22.7 - https:\/\/yoast.com\/wordpress\/plugins\/seo\/ -->\n<title>AIB1000 - Transpondeur AIS autonome - Digital Deep Sea<\/title>\n<meta name=\"description\" content=\"AIB1000 est un transpondeur AIS de classe B robuste et enti\u00e8rement autonome, id\u00e9al pour la surveillance et le suivi des petits navires en mer.\" \/>\n<meta name=\"robots\" content=\"index, follow, max-snippet:-1, max-image-preview:large, max-video-preview:-1\" \/>\n<link rel=\"canonical\" href=\"https:\/\/digitaldeepsea.com\/fr\/produit\/aib1000\/\" \/>\n<meta property=\"og:locale\" content=\"fr_FR\" \/>\n<meta property=\"og:type\" content=\"article\" \/>\n<meta property=\"og:title\" content=\"AIB1000 - Transpondeur AIS autonome - Digital Deep Sea\" \/>\n<meta property=\"og:description\" content=\"AIB1000 est un transpondeur AIS de classe B robuste et enti\u00e8rement autonome, id\u00e9al pour la surveillance et le suivi des petits navires en mer.\" \/>\n<meta property=\"og:url\" content=\"https:\/\/digitaldeepsea.com\/fr\/produit\/aib1000\/\" \/>\n<meta property=\"og:site_name\" content=\"Digital Deep Sea France\" \/>\n<meta property=\"article:modified_time\" content=\"2025-01-17T07:51:54+00:00\" \/>\n<meta property=\"og:image\" content=\"https:\/\/digitaldeepsea.com\/fr\/wp-content\/uploads\/sites\/2\/2024\/03\/AIB1000.jpg\" \/>\n\t<meta property=\"og:image:width\" content=\"1600\" \/>\n\t<meta property=\"og:image:height\" content=\"1600\" \/>\n\t<meta property=\"og:image:type\" content=\"image\/jpeg\" \/>\n<meta name=\"twitter:card\" content=\"summary_large_image\" \/>\n<meta name=\"twitter:label1\" content=\"Dur\u00e9e de lecture estim\u00e9e\" \/>\n\t<meta name=\"twitter:data1\" content=\"2 minutes\" \/>\n<script type=\"application\/ld+json\" class=\"yoast-schema-graph\">{\"@context\":\"https:\/\/schema.org\",\"@graph\":[{\"@type\":\"WebPage\",\"@id\":\"https:\/\/digitaldeepsea.com\/fr\/produit\/aib1000\/\",\"url\":\"https:\/\/digitaldeepsea.com\/fr\/produit\/aib1000\/\",\"name\":\"AIB1000 - Transpondeur AIS autonome - Digital Deep Sea\",\"isPartOf\":{\"@id\":\"https:\/\/digitaldeepsea.com\/fr\/#website\"},\"primaryImageOfPage\":{\"@id\":\"https:\/\/digitaldeepsea.com\/fr\/produit\/aib1000\/#primaryimage\"},\"image\":{\"@id\":\"https:\/\/digitaldeepsea.com\/fr\/produit\/aib1000\/#primaryimage\"},\"thumbnailUrl\":\"https:\/\/digitaldeepsea.com\/fr\/wp-content\/uploads\/sites\/2\/2024\/03\/AIB1000.jpg\",\"datePublished\":\"2024-03-13T08:55:33+00:00\",\"dateModified\":\"2025-01-17T07:51:54+00:00\",\"description\":\"AIB1000 est un transpondeur AIS de classe B robuste et enti\u00e8rement autonome, id\u00e9al pour la surveillance et le suivi des petits navires en mer.\",\"breadcrumb\":{\"@id\":\"https:\/\/digitaldeepsea.com\/fr\/produit\/aib1000\/#breadcrumb\"},\"inLanguage\":\"fr-FR\",\"potentialAction\":[{\"@type\":\"ReadAction\",\"target\":[\"https:\/\/digitaldeepsea.com\/fr\/produit\/aib1000\/\"]}]},{\"@type\":\"ImageObject\",\"inLanguage\":\"fr-FR\",\"@id\":\"https:\/\/digitaldeepsea.com\/fr\/produit\/aib1000\/#primaryimage\",\"url\":\"https:\/\/digitaldeepsea.com\/fr\/wp-content\/uploads\/sites\/2\/2024\/03\/AIB1000.jpg\",\"contentUrl\":\"https:\/\/digitaldeepsea.com\/fr\/wp-content\/uploads\/sites\/2\/2024\/03\/AIB1000.jpg\",\"width\":1600,\"height\":1600},{\"@type\":\"BreadcrumbList\",\"@id\":\"https:\/\/digitaldeepsea.com\/fr\/produit\/aib1000\/#breadcrumb\",\"itemListElement\":[{\"@type\":\"ListItem\",\"position\":1,\"name\":\"Home\",\"item\":\"https:\/\/digitaldeepsea.com\/fr\/\"},{\"@type\":\"ListItem\",\"position\":2,\"name\":\"Produits\",\"item\":\"https:\/\/digitaldeepsea.com\/fr\/produits\/\"},{\"@type\":\"ListItem\",\"position\":3,\"name\":\"AIB1000\"}]},{\"@type\":\"WebSite\",\"@id\":\"https:\/\/digitaldeepsea.com\/fr\/#website\",\"url\":\"https:\/\/digitaldeepsea.com\/fr\/\",\"name\":\"Digital Deep Sea\",\"description\":\"\",\"publisher\":{\"@id\":\"https:\/\/digitaldeepsea.com\/fr\/#organization\"},\"potentialAction\":[{\"@type\":\"SearchAction\",\"target\":{\"@type\":\"EntryPoint\",\"urlTemplate\":\"https:\/\/digitaldeepsea.com\/fr\/?s={search_term_string}\"},\"query-input\":\"required name=search_term_string\"}],\"inLanguage\":\"fr-FR\"},{\"@type\":\"Organization\",\"@id\":\"https:\/\/digitaldeepsea.com\/fr\/#organization\",\"name\":\"Digital Deep Sea\",\"url\":\"https:\/\/digitaldeepsea.com\/fr\/\",\"logo\":{\"@type\":\"ImageObject\",\"inLanguage\":\"fr-FR\",\"@id\":\"https:\/\/digitaldeepsea.com\/fr\/#\/schema\/logo\/image\/\",\"url\":\"https:\/\/digitaldeepsea.com\/fr\/wp-content\/uploads\/sites\/2\/2024\/03\/logo_dy_outline_white.png\",\"contentUrl\":\"https:\/\/digitaldeepsea.com\/fr\/wp-content\/uploads\/sites\/2\/2024\/03\/logo_dy_outline_white.png\",\"width\":200,\"height\":114,\"caption\":\"Digital Deep Sea\"},\"image\":{\"@id\":\"https:\/\/digitaldeepsea.com\/fr\/#\/schema\/logo\/image\/\"}}]}<\/script>\n<!-- \/ Yoast SEO plugin. -->","yoast_head_json":{"title":"AIB1000 - Transpondeur AIS autonome - Digital Deep Sea","description":"AIB1000 est un transpondeur AIS de classe B robuste et enti\u00e8rement autonome, id\u00e9al pour la surveillance et le suivi des petits navires en mer.","robots":{"index":"index","follow":"follow","max-snippet":"max-snippet:-1","max-image-preview":"max-image-preview:large","max-video-preview":"max-video-preview:-1"},"canonical":"https:\/\/digitaldeepsea.com\/fr\/produit\/aib1000\/","og_locale":"fr_FR","og_type":"article","og_title":"AIB1000 - Transpondeur AIS autonome - Digital Deep Sea","og_description":"AIB1000 est un transpondeur AIS de classe B robuste et enti\u00e8rement autonome, id\u00e9al pour la surveillance et le suivi des petits navires en mer.","og_url":"https:\/\/digitaldeepsea.com\/fr\/produit\/aib1000\/","og_site_name":"Digital Deep Sea France","article_modified_time":"2025-01-17T07:51:54+00:00","og_image":[{"width":1600,"height":1600,"url":"https:\/\/digitaldeepsea.com\/fr\/wp-content\/uploads\/sites\/2\/2024\/03\/AIB1000.jpg","type":"image\/jpeg"}],"twitter_card":"summary_large_image","twitter_misc":{"Dur\u00e9e de lecture estim\u00e9e":"2 minutes"},"schema":{"@context":"https:\/\/schema.org","@graph":[{"@type":"WebPage","@id":"https:\/\/digitaldeepsea.com\/fr\/produit\/aib1000\/","url":"https:\/\/digitaldeepsea.com\/fr\/produit\/aib1000\/","name":"AIB1000 - Transpondeur AIS autonome - Digital Deep Sea","isPartOf":{"@id":"https:\/\/digitaldeepsea.com\/fr\/#website"},"primaryImageOfPage":{"@id":"https:\/\/digitaldeepsea.com\/fr\/produit\/aib1000\/#primaryimage"},"image":{"@id":"https:\/\/digitaldeepsea.com\/fr\/produit\/aib1000\/#primaryimage"},"thumbnailUrl":"https:\/\/digitaldeepsea.com\/fr\/wp-content\/uploads\/sites\/2\/2024\/03\/AIB1000.jpg","datePublished":"2024-03-13T08:55:33+00:00","dateModified":"2025-01-17T07:51:54+00:00","description":"AIB1000 est un transpondeur AIS de classe B robuste et enti\u00e8rement autonome, id\u00e9al pour la surveillance et le suivi des petits navires en mer.","breadcrumb":{"@id":"https:\/\/digitaldeepsea.com\/fr\/produit\/aib1000\/#breadcrumb"},"inLanguage":"fr-FR","potentialAction":[{"@type":"ReadAction","target":["https:\/\/digitaldeepsea.com\/fr\/produit\/aib1000\/"]}]},{"@type":"ImageObject","inLanguage":"fr-FR","@id":"https:\/\/digitaldeepsea.com\/fr\/produit\/aib1000\/#primaryimage","url":"https:\/\/digitaldeepsea.com\/fr\/wp-content\/uploads\/sites\/2\/2024\/03\/AIB1000.jpg","contentUrl":"https:\/\/digitaldeepsea.com\/fr\/wp-content\/uploads\/sites\/2\/2024\/03\/AIB1000.jpg","width":1600,"height":1600},{"@type":"BreadcrumbList","@id":"https:\/\/digitaldeepsea.com\/fr\/produit\/aib1000\/#breadcrumb","itemListElement":[{"@type":"ListItem","position":1,"name":"Home","item":"https:\/\/digitaldeepsea.com\/fr\/"},{"@type":"ListItem","position":2,"name":"Produits","item":"https:\/\/digitaldeepsea.com\/fr\/produits\/"},{"@type":"ListItem","position":3,"name":"AIB1000"}]},{"@type":"WebSite","@id":"https:\/\/digitaldeepsea.com\/fr\/#website","url":"https:\/\/digitaldeepsea.com\/fr\/","name":"Digital Deep Sea","description":"","publisher":{"@id":"https:\/\/digitaldeepsea.com\/fr\/#organization"},"potentialAction":[{"@type":"SearchAction","target":{"@type":"EntryPoint","urlTemplate":"https:\/\/digitaldeepsea.com\/fr\/?s={search_term_string}"},"query-input":"required name=search_term_string"}],"inLanguage":"fr-FR"},{"@type":"Organization","@id":"https:\/\/digitaldeepsea.com\/fr\/#organization","name":"Digital Deep Sea","url":"https:\/\/digitaldeepsea.com\/fr\/","logo":{"@type":"ImageObject","inLanguage":"fr-FR","@id":"https:\/\/digitaldeepsea.com\/fr\/#\/schema\/logo\/image\/","url":"https:\/\/digitaldeepsea.com\/fr\/wp-content\/uploads\/sites\/2\/2024\/03\/logo_dy_outline_white.png","contentUrl":"https:\/\/digitaldeepsea.com\/fr\/wp-content\/uploads\/sites\/2\/2024\/03\/logo_dy_outline_white.png","width":200,"height":114,"caption":"Digital Deep Sea"},"image":{"@id":"https:\/\/digitaldeepsea.com\/fr\/#\/schema\/logo\/image\/"}}]}},"_links":{"self":[{"href":"https:\/\/digitaldeepsea.com\/fr\/wp-json\/wp\/v2\/product\/141"}],"collection":[{"href":"https:\/\/digitaldeepsea.com\/fr\/wp-json\/wp\/v2\/product"}],"about":[{"href":"https:\/\/digitaldeepsea.com\/fr\/wp-json\/wp\/v2\/types\/product"}],"wp:featuredmedia":[{"embeddable":true,"href":"https:\/\/digitaldeepsea.com\/fr\/wp-json\/wp\/v2\/media\/170"}],"wp:attachment":[{"href":"https:\/\/digitaldeepsea.com\/fr\/wp-json\/wp\/v2\/media?parent=141"}],"wp:term":[{"taxonomy":"product_cat","embeddable":true,"href":"https:\/\/digitaldeepsea.com\/fr\/wp-json\/wp\/v2\/product_cat?post=141"},{"taxonomy":"product_tag","embeddable":true,"href":"https:\/\/digitaldeepsea.com\/fr\/wp-json\/wp\/v2\/product_tag?post=141"}],"curies":[{"name":"wp","href":"https:\/\/api.w.org\/{rel}","templated":true}]}}