{"id":14,"date":"2024-03-13T08:54:47","date_gmt":"2024-03-13T08:54:47","guid":{"rendered":"https:\/\/digitaldeepsea.com\/fr\/?post_type=product&#038;p=14"},"modified":"2024-03-19T12:12:36","modified_gmt":"2024-03-19T12:12:36","slug":"cables-dextension-pour-le-4g-connect","status":"publish","type":"product","link":"https:\/\/digitaldeepsea.com\/fr\/produit\/cables-dextension-pour-le-4g-connect\/","title":{"rendered":"C\u00e2bles d&rsquo;extension pour le 4G Connect"},"content":{"rendered":"<h4><strong>CARACT\u00c9RISTIQUES CL\u00c9S<\/strong><\/h4>\n<p><a href=\"https:\/\/digitaldeepsea.com\/fr\/product\/4g-connect-pro\/\">4G Connect Pro<\/a> est fourni avec deux c\u00e2bles LMR200 de 7 m\u00e8tres chacun. Ce pack inclut deux c\u00e2bles faible perte LMR400 de 10 ou 20 m\u00e8tres chacun ce qui permet d&rsquo;installer les antennes du 4G Connect Pro le plus haut possible.<\/p>\n<p>&nbsp;<\/p>\n<p>&nbsp;<\/p>\n<h4><strong>SP\u00c9CIFICIT\u00c9S<\/strong><\/h4>\n<ul>\n<li>Deux c\u00e2bles de 10 ou 20 m chacun pour le <a href=\"https:\/\/digitaldeepsea.com\/fr\/product\/4g-connect-pro\/\">4G Connect Pro<\/a><\/li>\n<li>Perte minimale garantissant les meilleures performances possibles pour le 4G Connect<\/li>\n<li>La gaine ext\u00e9rieure \u00a0r\u00e9siste aux rayons ultraviolets et \u00e0 l&rsquo;oxydation<\/li>\n<li>Type de connecteur : Type N (m\u00e2le) vers SMA m\u00e2le avec c\u00e2ble mince en queue de cochon pour la connexion au modem du 4G Connect<\/li>\n<li>C\u00e2ble de 10,29 mm de diam\u00e8tre<\/li>\n<li>Imp\u00e9dance 50 Ohms<\/li>\n<\/ul>\n","protected":false},"excerpt":{"rendered":"<p>\u00ab\u00a04G Connect Pro est fourni avec deux c\u00e2bles LMR200 de 7 m\u00e8tres chacun. Ce pack inclut deux c\u00e2bles faible perte LMR400 de 10 ou 20 m\u00e8tres chacun.\u00a0\u00bb<\/p>\n","protected":false},"featured_media":52,"template":"","meta":[],"product_cat":[17],"product_tag":[19,20],"yoast_head":"<!-- This site is optimized with the Yoast SEO plugin v22.7 - https:\/\/yoast.com\/wordpress\/plugins\/seo\/ -->\n<title>C\u00e2bles d&#039;extension pour le 4G Connect - Digital Deep Sea France<\/title>\n<meta name=\"robots\" content=\"index, follow, max-snippet:-1, max-image-preview:large, max-video-preview:-1\" \/>\n<link rel=\"canonical\" href=\"https:\/\/digitaldeepsea.com\/fr\/produit\/cables-dextension-pour-le-4g-connect\/\" \/>\n<meta property=\"og:locale\" content=\"fr_FR\" \/>\n<meta property=\"og:type\" content=\"article\" \/>\n<meta property=\"og:title\" content=\"C\u00e2bles d&#039;extension pour le 4G Connect - Digital Deep Sea France\" \/>\n<meta property=\"og:description\" content=\"&quot;4G Connect Pro est fourni avec deux c\u00e2bles LMR200 de 7 m\u00e8tres chacun. Ce pack inclut deux c\u00e2bles faible perte LMR400 de 10 ou 20 m\u00e8tres chacun.&quot;\" \/>\n<meta property=\"og:url\" content=\"https:\/\/digitaldeepsea.com\/fr\/produit\/cables-dextension-pour-le-4g-connect\/\" \/>\n<meta property=\"og:site_name\" content=\"Digital Deep Sea France\" \/>\n<meta property=\"article:modified_time\" content=\"2024-03-19T12:12:36+00:00\" \/>\n<meta property=\"og:image\" content=\"https:\/\/digitaldeepsea.com\/fr\/wp-content\/uploads\/sites\/2\/2024\/03\/LMR400-Cable.jpg\" \/>\n\t<meta property=\"og:image:width\" content=\"800\" \/>\n\t<meta property=\"og:image:height\" content=\"800\" \/>\n\t<meta property=\"og:image:type\" content=\"image\/jpeg\" \/>\n<meta name=\"twitter:card\" content=\"summary_large_image\" \/>\n<meta name=\"twitter:label1\" content=\"Dur\u00e9e de lecture estim\u00e9e\" \/>\n\t<meta name=\"twitter:data1\" content=\"1 minute\" \/>\n<script type=\"application\/ld+json\" class=\"yoast-schema-graph\">{\"@context\":\"https:\/\/schema.org\",\"@graph\":[{\"@type\":\"WebPage\",\"@id\":\"https:\/\/digitaldeepsea.com\/fr\/produit\/cables-dextension-pour-le-4g-connect\/\",\"url\":\"https:\/\/digitaldeepsea.com\/fr\/produit\/cables-dextension-pour-le-4g-connect\/\",\"name\":\"C\u00e2bles d'extension pour le 4G Connect - Digital Deep Sea France\",\"isPartOf\":{\"@id\":\"https:\/\/digitaldeepsea.com\/fr\/#website\"},\"primaryImageOfPage\":{\"@id\":\"https:\/\/digitaldeepsea.com\/fr\/produit\/cables-dextension-pour-le-4g-connect\/#primaryimage\"},\"image\":{\"@id\":\"https:\/\/digitaldeepsea.com\/fr\/produit\/cables-dextension-pour-le-4g-connect\/#primaryimage\"},\"thumbnailUrl\":\"https:\/\/digitaldeepsea.com\/fr\/wp-content\/uploads\/sites\/2\/2024\/03\/LMR400-Cable.jpg\",\"datePublished\":\"2024-03-13T08:54:47+00:00\",\"dateModified\":\"2024-03-19T12:12:36+00:00\",\"breadcrumb\":{\"@id\":\"https:\/\/digitaldeepsea.com\/fr\/produit\/cables-dextension-pour-le-4g-connect\/#breadcrumb\"},\"inLanguage\":\"fr-FR\",\"potentialAction\":[{\"@type\":\"ReadAction\",\"target\":[\"https:\/\/digitaldeepsea.com\/fr\/produit\/cables-dextension-pour-le-4g-connect\/\"]}]},{\"@type\":\"ImageObject\",\"inLanguage\":\"fr-FR\",\"@id\":\"https:\/\/digitaldeepsea.com\/fr\/produit\/cables-dextension-pour-le-4g-connect\/#primaryimage\",\"url\":\"https:\/\/digitaldeepsea.com\/fr\/wp-content\/uploads\/sites\/2\/2024\/03\/LMR400-Cable.jpg\",\"contentUrl\":\"https:\/\/digitaldeepsea.com\/fr\/wp-content\/uploads\/sites\/2\/2024\/03\/LMR400-Cable.jpg\",\"width\":800,\"height\":800},{\"@type\":\"BreadcrumbList\",\"@id\":\"https:\/\/digitaldeepsea.com\/fr\/produit\/cables-dextension-pour-le-4g-connect\/#breadcrumb\",\"itemListElement\":[{\"@type\":\"ListItem\",\"position\":1,\"name\":\"Home\",\"item\":\"https:\/\/digitaldeepsea.com\/fr\/\"},{\"@type\":\"ListItem\",\"position\":2,\"name\":\"Produits\",\"item\":\"https:\/\/digitaldeepsea.com\/fr\/produits\/\"},{\"@type\":\"ListItem\",\"position\":3,\"name\":\"C\u00e2bles d&rsquo;extension pour le 4G Connect\"}]},{\"@type\":\"WebSite\",\"@id\":\"https:\/\/digitaldeepsea.com\/fr\/#website\",\"url\":\"https:\/\/digitaldeepsea.com\/fr\/\",\"name\":\"Digital Deep Sea\",\"description\":\"\",\"publisher\":{\"@id\":\"https:\/\/digitaldeepsea.com\/fr\/#organization\"},\"potentialAction\":[{\"@type\":\"SearchAction\",\"target\":{\"@type\":\"EntryPoint\",\"urlTemplate\":\"https:\/\/digitaldeepsea.com\/fr\/?s={search_term_string}\"},\"query-input\":\"required name=search_term_string\"}],\"inLanguage\":\"fr-FR\"},{\"@type\":\"Organization\",\"@id\":\"https:\/\/digitaldeepsea.com\/fr\/#organization\",\"name\":\"Digital Deep Sea\",\"url\":\"https:\/\/digitaldeepsea.com\/fr\/\",\"logo\":{\"@type\":\"ImageObject\",\"inLanguage\":\"fr-FR\",\"@id\":\"https:\/\/digitaldeepsea.com\/fr\/#\/schema\/logo\/image\/\",\"url\":\"https:\/\/digitaldeepsea.com\/fr\/wp-content\/uploads\/sites\/2\/2024\/03\/logo_dy_outline_white.png\",\"contentUrl\":\"https:\/\/digitaldeepsea.com\/fr\/wp-content\/uploads\/sites\/2\/2024\/03\/logo_dy_outline_white.png\",\"width\":200,\"height\":114,\"caption\":\"Digital Deep Sea\"},\"image\":{\"@id\":\"https:\/\/digitaldeepsea.com\/fr\/#\/schema\/logo\/image\/\"}}]}<\/script>\n<!-- \/ Yoast SEO plugin. -->","yoast_head_json":{"title":"C\u00e2bles d'extension pour le 4G Connect - Digital Deep Sea France","robots":{"index":"index","follow":"follow","max-snippet":"max-snippet:-1","max-image-preview":"max-image-preview:large","max-video-preview":"max-video-preview:-1"},"canonical":"https:\/\/digitaldeepsea.com\/fr\/produit\/cables-dextension-pour-le-4g-connect\/","og_locale":"fr_FR","og_type":"article","og_title":"C\u00e2bles d'extension pour le 4G Connect - Digital Deep Sea France","og_description":"\"4G Connect Pro est fourni avec deux c\u00e2bles LMR200 de 7 m\u00e8tres chacun. Ce pack inclut deux c\u00e2bles faible perte LMR400 de 10 ou 20 m\u00e8tres chacun.\"","og_url":"https:\/\/digitaldeepsea.com\/fr\/produit\/cables-dextension-pour-le-4g-connect\/","og_site_name":"Digital Deep Sea France","article_modified_time":"2024-03-19T12:12:36+00:00","og_image":[{"width":800,"height":800,"url":"https:\/\/digitaldeepsea.com\/fr\/wp-content\/uploads\/sites\/2\/2024\/03\/LMR400-Cable.jpg","type":"image\/jpeg"}],"twitter_card":"summary_large_image","twitter_misc":{"Dur\u00e9e de lecture estim\u00e9e":"1 minute"},"schema":{"@context":"https:\/\/schema.org","@graph":[{"@type":"WebPage","@id":"https:\/\/digitaldeepsea.com\/fr\/produit\/cables-dextension-pour-le-4g-connect\/","url":"https:\/\/digitaldeepsea.com\/fr\/produit\/cables-dextension-pour-le-4g-connect\/","name":"C\u00e2bles d'extension pour le 4G Connect - Digital Deep Sea France","isPartOf":{"@id":"https:\/\/digitaldeepsea.com\/fr\/#website"},"primaryImageOfPage":{"@id":"https:\/\/digitaldeepsea.com\/fr\/produit\/cables-dextension-pour-le-4g-connect\/#primaryimage"},"image":{"@id":"https:\/\/digitaldeepsea.com\/fr\/produit\/cables-dextension-pour-le-4g-connect\/#primaryimage"},"thumbnailUrl":"https:\/\/digitaldeepsea.com\/fr\/wp-content\/uploads\/sites\/2\/2024\/03\/LMR400-Cable.jpg","datePublished":"2024-03-13T08:54:47+00:00","dateModified":"2024-03-19T12:12:36+00:00","breadcrumb":{"@id":"https:\/\/digitaldeepsea.com\/fr\/produit\/cables-dextension-pour-le-4g-connect\/#breadcrumb"},"inLanguage":"fr-FR","potentialAction":[{"@type":"ReadAction","target":["https:\/\/digitaldeepsea.com\/fr\/produit\/cables-dextension-pour-le-4g-connect\/"]}]},{"@type":"ImageObject","inLanguage":"fr-FR","@id":"https:\/\/digitaldeepsea.com\/fr\/produit\/cables-dextension-pour-le-4g-connect\/#primaryimage","url":"https:\/\/digitaldeepsea.com\/fr\/wp-content\/uploads\/sites\/2\/2024\/03\/LMR400-Cable.jpg","contentUrl":"https:\/\/digitaldeepsea.com\/fr\/wp-content\/uploads\/sites\/2\/2024\/03\/LMR400-Cable.jpg","width":800,"height":800},{"@type":"BreadcrumbList","@id":"https:\/\/digitaldeepsea.com\/fr\/produit\/cables-dextension-pour-le-4g-connect\/#breadcrumb","itemListElement":[{"@type":"ListItem","position":1,"name":"Home","item":"https:\/\/digitaldeepsea.com\/fr\/"},{"@type":"ListItem","position":2,"name":"Produits","item":"https:\/\/digitaldeepsea.com\/fr\/produits\/"},{"@type":"ListItem","position":3,"name":"C\u00e2bles d&rsquo;extension pour le 4G Connect"}]},{"@type":"WebSite","@id":"https:\/\/digitaldeepsea.com\/fr\/#website","url":"https:\/\/digitaldeepsea.com\/fr\/","name":"Digital Deep Sea","description":"","publisher":{"@id":"https:\/\/digitaldeepsea.com\/fr\/#organization"},"potentialAction":[{"@type":"SearchAction","target":{"@type":"EntryPoint","urlTemplate":"https:\/\/digitaldeepsea.com\/fr\/?s={search_term_string}"},"query-input":"required name=search_term_string"}],"inLanguage":"fr-FR"},{"@type":"Organization","@id":"https:\/\/digitaldeepsea.com\/fr\/#organization","name":"Digital Deep Sea","url":"https:\/\/digitaldeepsea.com\/fr\/","logo":{"@type":"ImageObject","inLanguage":"fr-FR","@id":"https:\/\/digitaldeepsea.com\/fr\/#\/schema\/logo\/image\/","url":"https:\/\/digitaldeepsea.com\/fr\/wp-content\/uploads\/sites\/2\/2024\/03\/logo_dy_outline_white.png","contentUrl":"https:\/\/digitaldeepsea.com\/fr\/wp-content\/uploads\/sites\/2\/2024\/03\/logo_dy_outline_white.png","width":200,"height":114,"caption":"Digital Deep Sea"},"image":{"@id":"https:\/\/digitaldeepsea.com\/fr\/#\/schema\/logo\/image\/"}}]}},"_links":{"self":[{"href":"https:\/\/digitaldeepsea.com\/fr\/wp-json\/wp\/v2\/product\/14"}],"collection":[{"href":"https:\/\/digitaldeepsea.com\/fr\/wp-json\/wp\/v2\/product"}],"about":[{"href":"https:\/\/digitaldeepsea.com\/fr\/wp-json\/wp\/v2\/types\/product"}],"wp:featuredmedia":[{"embeddable":true,"href":"https:\/\/digitaldeepsea.com\/fr\/wp-json\/wp\/v2\/media\/52"}],"wp:attachment":[{"href":"https:\/\/digitaldeepsea.com\/fr\/wp-json\/wp\/v2\/media?parent=14"}],"wp:term":[{"taxonomy":"product_cat","embeddable":true,"href":"https:\/\/digitaldeepsea.com\/fr\/wp-json\/wp\/v2\/product_cat?post=14"},{"taxonomy":"product_tag","embeddable":true,"href":"https:\/\/digitaldeepsea.com\/fr\/wp-json\/wp\/v2\/product_tag?post=14"}],"curies":[{"name":"wp","href":"https:\/\/api.w.org\/{rel}","templated":true}]}}