{"id":100,"date":"2024-03-13T08:55:10","date_gmt":"2024-03-13T08:55:10","guid":{"rendered":"https:\/\/digitaldeepsea.com\/fr\/?post_type=product&#038;p=100"},"modified":"2025-01-30T09:13:06","modified_gmt":"2025-01-30T09:13:06","slug":"systeme-de-navigation-sur-pc-avec-radar-reseau-nmea-2000-et-timezero","status":"publish","type":"product","link":"https:\/\/digitaldeepsea.com\/fr\/produit\/systeme-de-navigation-sur-pc-avec-radar-reseau-nmea-2000-et-timezero\/","title":{"rendered":"Syst\u00e8me de navigation sur PC avec Radar, R\u00e9seau NMEA 2000 et Timezero"},"content":{"rendered":"<h4><strong>CE QUI EST INCLUS<\/strong><\/h4>\n<p>Ce syst\u00e8me de navigation int\u00e8gre le PC Aqua Compact Pro avec un radar Furuno et des \u00e9quipements connect\u00e9s sur un r\u00e9seau NMEA 2000 ainsi que le logiciel TimeZero. La solution comprend :<\/p>\n<ul>\n<li>PC Aqua Compact Pro<\/li>\n<li>\u00c9cran LCD 23.5 pouces<\/li>\n<li>Radar FURUNO DRS4D NXT avec la derni\u00e8re technologie doppler<\/li>\n<li>C\u00e2ble de 15 m pour connecter le radar<\/li>\n<li>Logiciel Timezero Navigator<\/li>\n<li>Module Radar pour le logiciel Timezero<\/li>\n<li>AIT2500, transpondeur AIS classe B+ 5W (fourni avec le GPS et l&rsquo;antenne VHF)<\/li>\n<li>Ikonvert &#8211; Convertisseur NMEA2000 USB<\/li>\n<li>NavLink 2 &#8211; Serveur NMEA 2000 WiFi<\/li>\n<li>HSC100 &#8211; Compas avec interface NMEA 2000<\/li>\n<li>2 x kits de c\u00e2blage NMEA 2000<\/li>\n<\/ul>\n<p>&nbsp;<\/p>\n<h4><strong>CARACT\u00c9RISTIQUES PRINCIPALES\u00a0<\/strong><\/h4>\n<p>Ce syst\u00e8me de navigation int\u00e8gre un\u00a0<a href=\"https:\/\/www.furuno.com\/special\/en\/radar\/drs4d-nxt\/\" target=\"_blank\" rel=\"noopener noreferrer\">radar Furuno DRS4D NXT<\/a>. Il se connecte au\u00a0<a href=\"https:\/\/digitalyacht.fr\/produit\/aqua-compact-pro\/\" target=\"_blank\" rel=\"noopener noreferrer\">PC Aqua Compact PRO<\/a> via un c\u00e2ble r\u00e9seau de 15 m. Il s&rsquo;agit d&rsquo;une antenne rad\u00f4me mais une version antenne ouverte est disponible en option. La superposition du radar, l&rsquo;identification des cibles dangereuse , le suivi de cible par code couleur et la superposition des cibles AIS sont toutes disponibles dans <a href=\"https:\/\/digitalyacht.fr\/produit\/maxsea-timezero\/\" target=\"_blank\" rel=\"noopener noreferrer\">le logiciel ou l&rsquo;application TZ<\/a>.\u00a0Vous pouvez afficher les donn\u00e9es des instruments NMEA 2000, AIS et GPS gr\u00e2ce au convertisseur USB<a href=\"https:\/\/digitalyacht.fr\/produit\/ikonvert-usb\/\" target=\"_blank\" rel=\"noopener noreferrer\"> iKonvert<\/a> mais aussi sur tablette &amp; iPad avec le NavLink2. Notre compas fluxgate\u00a0<a href=\"https:\/\/digitalyacht.fr\/produit\/hsc100-boussole\/\" target=\"_blank\" rel=\"noopener noreferrer\">HSC100<\/a> est connect\u00e9 au r\u00e9seau pour optimiser les performances du radar en mode suivi et cap. Cette solution est fournie avec le logiciel Timezero Navigation et le module Radar.<\/p>\n<p>&nbsp;<\/p>\n<p>Le dernier\u00a0<a href=\"https:\/\/digitalyacht.fr\/produit\/aqua-compact-pro\/\" target=\"_blank\" rel=\"noopener noreferrer\">PC Aqua Compact Pro<\/a> permet une navigation avec PC abordable et fiable. Avec une faible consommation d&rsquo;\u00e9nergie et un fonctionnement en courant continu, il est dot\u00e9 du dernier processeur Intel de 10e g\u00e9n\u00e9ration. Le PC a une interface WiFi &amp; BlueTooth, un disque dur et 8 Go de RAM. Malgr\u00e9 ses dimensions de 11,5 x 11 x5 cm, le PC Aqua est \u00e9quip\u00e9 d&rsquo;un puissant processeur Intel Core i3 de 10e g\u00e9n\u00e9ration permettant des performances graphiques exceptionnelles pour les logiciels de cartographie et de navigation HD. C&rsquo;est le partenaire id\u00e9al du logiciel Timezero m\u00eame avec la superposition du radar. Le PC est livr\u00e9 avec le <a href=\"https:\/\/digitalyacht.fr\/produit\/s124\/\" target=\"_blank\" rel=\"noopener noreferrer\">S124<\/a>\u00a0qui est un moniteur marin LCD HD de 23,5 pouces con\u00e7u pour un montage sous le pont. Il est dot\u00e9 d&rsquo;un \u00e9cran de 1920 x 1080 pixels avec un rapport de contraste de 2M:1 pour des couleurs vives et un affichage dynamique.<\/p>\n<p>&nbsp;<\/p>\n<p>Le\u00a0<a href=\"https:\/\/www.furuno.com\/special\/en\/radar\/drs4d-nxt\/\" target=\"_blank\" rel=\"noopener noreferrer\">DRS4D NXT<\/a>\u00a0est le premier radar avec rad\u00f4me au monde\u00a0\u00e0 utiliser la technologie Doppler. Cette nouvelle technologie assure encore plus de s\u00e9curit\u00e9 a bord avec un calcul automatique en continu de chaque cible. La s\u00e9rie NXT comprend les fonctions Target Analyzer \u2122, Fast Target Tracking \u2122 et Auto Target Acquire pour une d\u00e9tection et une sensibilit\u00e9 optimales des objets dangereux.<\/p>\n<p>&nbsp;<\/p>\n<p><a href=\"https:\/\/digitalyacht.fr\/produit\/maxsea-timezero\/\" target=\"_blank\" rel=\"noopener noreferrer\">Timezero Navigator<\/a> est un logiciel de navigation sophistiqu\u00e9 aux fonctionnalit\u00e9s de navigation de pointe et un affichage complet des cibles AIS avec un large choix de formats de cartes. TimeZero Navigator est la solution de navigation maritime qui s\u2019adapte a tous types de plaisanciers \u00e0\u00a0voile ou \u00e0\u00a0moteur. Choisissez parmi les cartes MapMedia pour une cartographie principalement bas\u00e9e sur des donn\u00e9es provenant de\u00a0 l\u2019ENCs, des cartes C-Map ou Navionics. Cette offre s\u2019\u00e9tend sur une large zone cartographique de votre choix.\u00a0 Lorsque vous passez votre commande, nous vous contacterons pour confirmer la r\u00e9gion et le type de carte que vous souhaitez.<\/p>\n<p>&nbsp;<\/p>\n<p>Le module radar du logiciel Timezero Navigator est fourni avec cette solution. Le logiciel TIMEZERO offre une compatibilit\u00e9 native (simple connexion Ethernet) avec le radar Furuno DRS4D NXT et permet ainsi une totale prise de contr\u00f4le du radar (avec ou sans MFD sur le r\u00e9seau). Vous pouvez afficher l\u2019image Radar directement en superposition (Image Radar Overlay) sur la carte dans Timezero et la g\u00e9rer depuis l\u2019application TZ iBoat (iPad\/iPhone). Cet outil de s\u00e9curit\u00e9 est particuli\u00e8rement efficace pour l\u2019observation de l\u2019environnement par rapport \u00e0 la position de votre bateau.<\/p>\n<p>&nbsp;<\/p>\n<p><a href=\"https:\/\/digitalyacht.fr\/produit\/ait2500\/\" target=\"_blank\" rel=\"noopener noreferrer\">L&rsquo;AIT2500<\/a> est un transpondeur AIS SOTDMA 5W \u00e9quip\u00e9 de multiples intefaces NMEA et d\u2019une antenne GPS externe (c\u00e2ble de 10m). Il est aussi fourni avec une antenne VHF de 15 cm d\u00e9di\u00e9e aux fr\u00e9quences AIS (c\u00e2ble de 20m). \u00a0L\u2019AIT2500 utilises le nouveau standard AIS utilisant la technologie SOTDMA et a une puissance de 5 W au lieu de 2 W. La technologie SOTDMA est aussi utilis\u00e9e par les transpondeurs AIS Classe A et l\u2019AIT2500 a donc la m\u00eame priorit\u00e9 lorsqu\u2019il s\u2019agit de r\u00e9server un cr\u00e9neau, garantissant ainsi qu\u2019il est toujours en mesure de transmettre. La vitesse de transmission est de 5 sec au lieu de 30 sec. L&rsquo;AIT2500 est fourni avec une antenne GPS et VHF, ainsi il fournit la position GPS ainsi que les donn\u00e9es AIS sur le r\u00e9seau NMEA 2000.<\/p>\n<p>&nbsp;<\/p>\n<p>Le\u00a0convertisseur\u00a0<a href=\"https:\/\/digitalyacht.fr\/produit\/ikonvert-usb\/\" target=\"_blank\" rel=\"noopener noreferrer\">iKonvert NMEA 2000 USB<\/a> est une passerelle intelligente et flexible.\u00a0 iKonvert fournit un moyen simple et fiable pour le logiciel Timezero d&rsquo;acc\u00e9der aux donn\u00e9es de navigation du r\u00e9seau NMEA2000. iKonvert traduit les donn\u00e9es NMEA 2000 en NMEA 0183 et les diffuse vers la sortie USB (un mode donn\u00e9es NMEA 2000 brutes est aussi disponible) .<\/p>\n<p>&nbsp;<\/p>\n<p>Le\u00a0<a href=\"https:\/\/digitalyacht.fr\/produit\/navlink2\/\" target=\"_blank\" rel=\"noopener noreferrer\">NavLink2<\/a> est un serveur NMEA 2000 WiFi facile \u00e0 installer con\u00e7u pour diffuser les donn\u00e9es de navigation NMEA 2000 vers les applications et logiciels sur smartphones, tablettes, iPad et PC. Une fois install\u00e9, il cr\u00e9e un r\u00e9seau WiFi prot\u00e9g\u00e9 par mot de passe pour que les appareils puissent se connecter. Toutes les donn\u00e9es de navigation du r\u00e9seau NMEA 2000 seront donc affich\u00e9es sur l&rsquo;application TZ iBoat (iPhone\/iPad). Ainsi, l&rsquo;application TZ iBoat sur un iPhone\/iPad sera automatiquement synchronis\u00e9 avec le logiciel Timezero et les marques, routes, zones, etc. seront transf\u00e9r\u00e9s automatiquement.<\/p>\n<p>&nbsp;<\/p>\n<p>Enfin, ce pack comprend le compas\u00a0<a href=\"https:\/\/digitalyacht.fr\/produit\/hsc100-boussole\/\" target=\"_blank\" rel=\"noopener noreferrer\">HSC100<\/a>. Il s&rsquo;agit d&rsquo;un compas \u00e9lectronique utilisant la technologie fluxage pour fournir les donn\u00e9es de cap pour le syst\u00e8me de navigation. Cela permet un affichage de type True Motion sur le traceur de cartes, ainsi que la superposition et stabilisation des cibles sur les cartes \u00e9lectroniques lorsqu\u2019ils ont la capacit\u00e9 MARPA\/ARPA.<\/p>\n<p>&nbsp;<\/p>\n<p>&nbsp;<\/p>\n<h4><strong>COMMENT L\u2019INSTALLER?\u00a0<\/strong><\/h4>\n<p>Tous les \u00e9quipements et l&rsquo;AIS ont une interface NMEA 2000, l&rsquo;installation est donc tr\u00e8s facile avec notre\u00a0<a href=\"https:\/\/digitalyacht.fr\/produit\/kit-de-cablage-nmea2000\/\" target=\"_blank\" rel=\"noopener noreferrer\">kit de c\u00e2blage NMEA 2000<\/a>\u00a0inclus dans le pack. NMEA 2000 utilise un r\u00e9seau (ou parfois appel\u00e9e \u00ab\u00a0dorsale\u00a0\u00bb). Cela n\u00e9cessite des terminateurs \u00e0 chaque extr\u00e9mit\u00e9 du r\u00e9seau, o\u00f9 chaque appareil peut \u00eatre connect\u00e9 \u00e0 l&rsquo;aide d&rsquo;un c\u00e2ble de d\u00e9rivation. Le r\u00e9seau n\u00e9cessite \u00e9galement une alimentation \u00e9lectrique.\u00a0De plus, les connecteurs \u00e9tanches garantissent une fiabilit\u00e9 maximale et permettent une installation plug&rsquo;n play facile. Nous fournissons deux kits de c\u00e2blage NMEA 2000 avec ce pack afin que vous puissiez connecter 8 appareils.<\/p>\n<p>&nbsp;<\/p>\n<p>Le radar Furuno est fourni avec un c\u00e2ble d&rsquo;interconnexion de 1 5m (contactez-nous si vous avez besoin de 20 m). Le c\u00e2ble est directement connect\u00e9 au port Ethernet du PC Aqua Compact Pro et les donn\u00e9es du radar seront affich\u00e9es directement sur le logiciel Timezero.<\/p>\n<p>&nbsp;<\/p>\n<p>L&rsquo;iKonvert USB est \u00e9galement \u00e9quip\u00e9 d&rsquo;un c\u00e2ble USB int\u00e9gr\u00e9 et d&rsquo;un c\u00e2ble NMEA2000 standard (m\u00e2le). En outre, iKonvert et NavLink2 sont auto-aliment\u00e9s par le r\u00e9seau NMEA2000. L&rsquo;AIT2500 est fourni avec une antenne GPS externe (c\u00e2ble de 10m) et une <a href=\"https:\/\/digitalyacht.fr\/produit\/ha156\/\" target=\"_blank\" rel=\"noopener noreferrer\">petite antenne VHF<\/a>\u00a0(c\u00e2ble de 20m).<\/p>\n<p>&nbsp;<\/p>\n<p>Vous pouvez \u00e9galement ajouter des <a href=\"https:\/\/digitalyacht.fr\/categorie-produit\/navigation-capteurs\/\" target=\"_blank\" rel=\"noopener noreferrer\">instruments suppl\u00e9mentaires<\/a> (vent, profondeur, vitesse, temp\u00e9rature, etc.) au r\u00e9seau NMEA 2000 et ainsi recevoir toutes leurs donn\u00e9es sur les applications et logiciels de navigation. Vous pouvez aussi ajouter des afficheurs d&rsquo;autres marques.<\/p>\n<p>&nbsp;<\/p>\n<h5><\/h5>\n<h4><strong>SP\u00c9CIFICIT\u00c9S<\/strong><\/h4>\n<ul>\n<li>Syst\u00e8me de navigation avec PC marinis\u00e9, \u00e9cran LCD, Radar Furuno, logiciel Timezero avec module Radar, transpondeur AIS Classe B+ et antennes VHF et GPS<\/li>\n<li>Ce pack int\u00e8gre un PC avec un r\u00e9seau NMEA 2000<\/li>\n<li>Radar Furuno DRS4D NXT<\/li>\n<li>C\u00e2ble d&rsquo;interconnexion de 15 m<\/li>\n<li>Aqua Compact Pro dispose d&rsquo;un processeur i3 7100U, de 8 Go de RAM et d&rsquo;un disque dur super rapide de 120 Go.<\/li>\n<li>Double sorties HDMI et USB C.<\/li>\n<li>Bluetooth 4.2 et WiFi int\u00e9gr\u00e9s (plus port r\u00e9seau)<\/li>\n<li>4 x ports USB 3<\/li>\n<li>Prise audio sur le panneau avant pour les entr\u00e9es\/sorties audio\/span&gt;<\/li>\n<li>Syst\u00e8me d&rsquo;exploitation Windows 11<\/li>\n<li>Fonctionnement direct en 12 V DC (entr\u00e9e 8-19 V), consommation \u00e9lectrique d&rsquo;environ 20 W<\/li>\n<li>S124 est un moniteur marin LCD HD<\/li>\n<li>L&rsquo;\u00e9cran mesure 56 x 35 x 6cm<\/li>\n<li>Haut-parleurs 2W int\u00e9gr\u00e9s<\/li>\n<li>Logiciel Timezero Navigator<\/li>\n<li>Module radar fourni avec le logiciel Timezero<\/li>\n<li>AIT2500 est un transpondeur AIS classe B+<\/li>\n<li>Technologie SOTDMA 5W<\/li>\n<li>Livr\u00e9 avec une antenne GPS (c\u00e2ble de 10m) et une petite antenne VHF (c\u00e2ble de 20m)<\/li>\n<li>Il dispose d&rsquo;une interface NMEA 0183, NMEA 2000 et USB<\/li>\n<li>iKonvert est un petit mais puissant convertisseur bidirectionnel NMEA 2000 USB<\/li>\n<li>Le pack comprend \u00e9galement 2 x kits de c\u00e2blage NMEA pour interconnecter facilement tous les \u00e9quipements.<\/li>\n<li>NavLink2 est un serveur NMEA2000 WiFi<\/li>\n<li>Il prend en charge jusqu&rsquo;\u00e0 7 appareils sans fil (protocole UDP et TCP\/IP)<\/li>\n<li>Compatible avec tous les logiciels et applications populaires<\/li>\n<\/ul>\n","protected":false},"excerpt":{"rendered":"<p>\u00ab\u00a0Ce syst\u00e8me de navigation int\u00e8gre le PC Aqua Compact Pro, un r\u00e9seau NMEA 2000, un transpondeur AIS, un radar Furuno utilisant la technologie doppler et le logiciel Timezero Navigator avec module Radar.\u00a0\u00bb<\/p>\n","protected":false},"featured_media":162,"template":"","meta":[],"product_cat":[91,92,29,52],"product_tag":[99,58,97,94,100,101],"yoast_head":"<!-- This site is optimized with the Yoast SEO plugin v22.7 - https:\/\/yoast.com\/wordpress\/plugins\/seo\/ -->\n<title>Syst\u00e8me de navigation PC avec Radar et Timezero - Digital Deep Sea<\/title>\n<meta name=\"description\" content=\"Ce syst\u00e8me de navigation int\u00e8gre le PC Aqua Compact Pro, un r\u00e9seau NMEA 2000, le radar Furuno DRS4D NXT et le logiciel Timezero.\" \/>\n<meta name=\"robots\" content=\"index, follow, max-snippet:-1, max-image-preview:large, max-video-preview:-1\" \/>\n<link rel=\"canonical\" href=\"https:\/\/digitaldeepsea.com\/fr\/produit\/systeme-de-navigation-sur-pc-avec-radar-reseau-nmea-2000-et-timezero\/\" \/>\n<meta property=\"og:locale\" content=\"fr_FR\" \/>\n<meta property=\"og:type\" content=\"article\" \/>\n<meta property=\"og:title\" content=\"Syst\u00e8me de navigation PC avec Radar et Timezero - Digital Deep Sea\" \/>\n<meta property=\"og:description\" content=\"Ce syst\u00e8me de navigation int\u00e8gre le PC Aqua Compact Pro, un r\u00e9seau NMEA 2000, le radar Furuno DRS4D NXT et le logiciel Timezero.\" \/>\n<meta property=\"og:url\" content=\"https:\/\/digitaldeepsea.com\/fr\/produit\/systeme-de-navigation-sur-pc-avec-radar-reseau-nmea-2000-et-timezero\/\" \/>\n<meta property=\"og:site_name\" content=\"Digital Deep Sea France\" \/>\n<meta property=\"article:modified_time\" content=\"2025-01-30T09:13:06+00:00\" \/>\n<meta property=\"og:image\" content=\"https:\/\/digitaldeepsea.com\/fr\/wp-content\/uploads\/sites\/2\/2024\/03\/PC-Nav-System-with-Radar-1000-x-1000.jpg\" \/>\n\t<meta property=\"og:image:width\" content=\"1000\" \/>\n\t<meta property=\"og:image:height\" content=\"1000\" \/>\n\t<meta property=\"og:image:type\" content=\"image\/jpeg\" \/>\n<meta name=\"twitter:card\" content=\"summary_large_image\" \/>\n<meta name=\"twitter:label1\" content=\"Dur\u00e9e de lecture estim\u00e9e\" \/>\n\t<meta name=\"twitter:data1\" content=\"8 minutes\" \/>\n<script type=\"application\/ld+json\" class=\"yoast-schema-graph\">{\"@context\":\"https:\/\/schema.org\",\"@graph\":[{\"@type\":\"WebPage\",\"@id\":\"https:\/\/digitaldeepsea.com\/fr\/produit\/systeme-de-navigation-sur-pc-avec-radar-reseau-nmea-2000-et-timezero\/\",\"url\":\"https:\/\/digitaldeepsea.com\/fr\/produit\/systeme-de-navigation-sur-pc-avec-radar-reseau-nmea-2000-et-timezero\/\",\"name\":\"Syst\u00e8me de navigation PC avec Radar et Timezero - Digital Deep Sea\",\"isPartOf\":{\"@id\":\"https:\/\/digitaldeepsea.com\/fr\/#website\"},\"primaryImageOfPage\":{\"@id\":\"https:\/\/digitaldeepsea.com\/fr\/produit\/systeme-de-navigation-sur-pc-avec-radar-reseau-nmea-2000-et-timezero\/#primaryimage\"},\"image\":{\"@id\":\"https:\/\/digitaldeepsea.com\/fr\/produit\/systeme-de-navigation-sur-pc-avec-radar-reseau-nmea-2000-et-timezero\/#primaryimage\"},\"thumbnailUrl\":\"https:\/\/digitaldeepsea.com\/fr\/wp-content\/uploads\/sites\/2\/2024\/03\/PC-Nav-System-with-Radar-1000-x-1000.jpg\",\"datePublished\":\"2024-03-13T08:55:10+00:00\",\"dateModified\":\"2025-01-30T09:13:06+00:00\",\"description\":\"Ce syst\u00e8me de navigation int\u00e8gre le PC Aqua Compact Pro, un r\u00e9seau NMEA 2000, le radar Furuno DRS4D NXT et le logiciel Timezero.\",\"breadcrumb\":{\"@id\":\"https:\/\/digitaldeepsea.com\/fr\/produit\/systeme-de-navigation-sur-pc-avec-radar-reseau-nmea-2000-et-timezero\/#breadcrumb\"},\"inLanguage\":\"fr-FR\",\"potentialAction\":[{\"@type\":\"ReadAction\",\"target\":[\"https:\/\/digitaldeepsea.com\/fr\/produit\/systeme-de-navigation-sur-pc-avec-radar-reseau-nmea-2000-et-timezero\/\"]}]},{\"@type\":\"ImageObject\",\"inLanguage\":\"fr-FR\",\"@id\":\"https:\/\/digitaldeepsea.com\/fr\/produit\/systeme-de-navigation-sur-pc-avec-radar-reseau-nmea-2000-et-timezero\/#primaryimage\",\"url\":\"https:\/\/digitaldeepsea.com\/fr\/wp-content\/uploads\/sites\/2\/2024\/03\/PC-Nav-System-with-Radar-1000-x-1000.jpg\",\"contentUrl\":\"https:\/\/digitaldeepsea.com\/fr\/wp-content\/uploads\/sites\/2\/2024\/03\/PC-Nav-System-with-Radar-1000-x-1000.jpg\",\"width\":1000,\"height\":1000},{\"@type\":\"BreadcrumbList\",\"@id\":\"https:\/\/digitaldeepsea.com\/fr\/produit\/systeme-de-navigation-sur-pc-avec-radar-reseau-nmea-2000-et-timezero\/#breadcrumb\",\"itemListElement\":[{\"@type\":\"ListItem\",\"position\":1,\"name\":\"Home\",\"item\":\"https:\/\/digitaldeepsea.com\/fr\/\"},{\"@type\":\"ListItem\",\"position\":2,\"name\":\"Produits\",\"item\":\"https:\/\/digitaldeepsea.com\/fr\/produits\/\"},{\"@type\":\"ListItem\",\"position\":3,\"name\":\"Syst\u00e8me de navigation sur PC avec Radar, R\u00e9seau NMEA 2000 et Timezero\"}]},{\"@type\":\"WebSite\",\"@id\":\"https:\/\/digitaldeepsea.com\/fr\/#website\",\"url\":\"https:\/\/digitaldeepsea.com\/fr\/\",\"name\":\"Digital Deep Sea\",\"description\":\"\",\"publisher\":{\"@id\":\"https:\/\/digitaldeepsea.com\/fr\/#organization\"},\"potentialAction\":[{\"@type\":\"SearchAction\",\"target\":{\"@type\":\"EntryPoint\",\"urlTemplate\":\"https:\/\/digitaldeepsea.com\/fr\/?s={search_term_string}\"},\"query-input\":\"required name=search_term_string\"}],\"inLanguage\":\"fr-FR\"},{\"@type\":\"Organization\",\"@id\":\"https:\/\/digitaldeepsea.com\/fr\/#organization\",\"name\":\"Digital Deep Sea\",\"url\":\"https:\/\/digitaldeepsea.com\/fr\/\",\"logo\":{\"@type\":\"ImageObject\",\"inLanguage\":\"fr-FR\",\"@id\":\"https:\/\/digitaldeepsea.com\/fr\/#\/schema\/logo\/image\/\",\"url\":\"https:\/\/digitaldeepsea.com\/fr\/wp-content\/uploads\/sites\/2\/2024\/03\/logo_dy_outline_white.png\",\"contentUrl\":\"https:\/\/digitaldeepsea.com\/fr\/wp-content\/uploads\/sites\/2\/2024\/03\/logo_dy_outline_white.png\",\"width\":200,\"height\":114,\"caption\":\"Digital Deep Sea\"},\"image\":{\"@id\":\"https:\/\/digitaldeepsea.com\/fr\/#\/schema\/logo\/image\/\"}}]}<\/script>\n<!-- \/ Yoast SEO plugin. -->","yoast_head_json":{"title":"Syst\u00e8me de navigation PC avec Radar et Timezero - Digital Deep Sea","description":"Ce syst\u00e8me de navigation int\u00e8gre le PC Aqua Compact Pro, un r\u00e9seau NMEA 2000, le radar Furuno DRS4D NXT et le logiciel Timezero.","robots":{"index":"index","follow":"follow","max-snippet":"max-snippet:-1","max-image-preview":"max-image-preview:large","max-video-preview":"max-video-preview:-1"},"canonical":"https:\/\/digitaldeepsea.com\/fr\/produit\/systeme-de-navigation-sur-pc-avec-radar-reseau-nmea-2000-et-timezero\/","og_locale":"fr_FR","og_type":"article","og_title":"Syst\u00e8me de navigation PC avec Radar et Timezero - Digital Deep Sea","og_description":"Ce syst\u00e8me de navigation int\u00e8gre le PC Aqua Compact Pro, un r\u00e9seau NMEA 2000, le radar Furuno DRS4D NXT et le logiciel Timezero.","og_url":"https:\/\/digitaldeepsea.com\/fr\/produit\/systeme-de-navigation-sur-pc-avec-radar-reseau-nmea-2000-et-timezero\/","og_site_name":"Digital Deep Sea France","article_modified_time":"2025-01-30T09:13:06+00:00","og_image":[{"width":1000,"height":1000,"url":"https:\/\/digitaldeepsea.com\/fr\/wp-content\/uploads\/sites\/2\/2024\/03\/PC-Nav-System-with-Radar-1000-x-1000.jpg","type":"image\/jpeg"}],"twitter_card":"summary_large_image","twitter_misc":{"Dur\u00e9e de lecture estim\u00e9e":"8 minutes"},"schema":{"@context":"https:\/\/schema.org","@graph":[{"@type":"WebPage","@id":"https:\/\/digitaldeepsea.com\/fr\/produit\/systeme-de-navigation-sur-pc-avec-radar-reseau-nmea-2000-et-timezero\/","url":"https:\/\/digitaldeepsea.com\/fr\/produit\/systeme-de-navigation-sur-pc-avec-radar-reseau-nmea-2000-et-timezero\/","name":"Syst\u00e8me de navigation PC avec Radar et Timezero - Digital Deep Sea","isPartOf":{"@id":"https:\/\/digitaldeepsea.com\/fr\/#website"},"primaryImageOfPage":{"@id":"https:\/\/digitaldeepsea.com\/fr\/produit\/systeme-de-navigation-sur-pc-avec-radar-reseau-nmea-2000-et-timezero\/#primaryimage"},"image":{"@id":"https:\/\/digitaldeepsea.com\/fr\/produit\/systeme-de-navigation-sur-pc-avec-radar-reseau-nmea-2000-et-timezero\/#primaryimage"},"thumbnailUrl":"https:\/\/digitaldeepsea.com\/fr\/wp-content\/uploads\/sites\/2\/2024\/03\/PC-Nav-System-with-Radar-1000-x-1000.jpg","datePublished":"2024-03-13T08:55:10+00:00","dateModified":"2025-01-30T09:13:06+00:00","description":"Ce syst\u00e8me de navigation int\u00e8gre le PC Aqua Compact Pro, un r\u00e9seau NMEA 2000, le radar Furuno DRS4D NXT et le logiciel Timezero.","breadcrumb":{"@id":"https:\/\/digitaldeepsea.com\/fr\/produit\/systeme-de-navigation-sur-pc-avec-radar-reseau-nmea-2000-et-timezero\/#breadcrumb"},"inLanguage":"fr-FR","potentialAction":[{"@type":"ReadAction","target":["https:\/\/digitaldeepsea.com\/fr\/produit\/systeme-de-navigation-sur-pc-avec-radar-reseau-nmea-2000-et-timezero\/"]}]},{"@type":"ImageObject","inLanguage":"fr-FR","@id":"https:\/\/digitaldeepsea.com\/fr\/produit\/systeme-de-navigation-sur-pc-avec-radar-reseau-nmea-2000-et-timezero\/#primaryimage","url":"https:\/\/digitaldeepsea.com\/fr\/wp-content\/uploads\/sites\/2\/2024\/03\/PC-Nav-System-with-Radar-1000-x-1000.jpg","contentUrl":"https:\/\/digitaldeepsea.com\/fr\/wp-content\/uploads\/sites\/2\/2024\/03\/PC-Nav-System-with-Radar-1000-x-1000.jpg","width":1000,"height":1000},{"@type":"BreadcrumbList","@id":"https:\/\/digitaldeepsea.com\/fr\/produit\/systeme-de-navigation-sur-pc-avec-radar-reseau-nmea-2000-et-timezero\/#breadcrumb","itemListElement":[{"@type":"ListItem","position":1,"name":"Home","item":"https:\/\/digitaldeepsea.com\/fr\/"},{"@type":"ListItem","position":2,"name":"Produits","item":"https:\/\/digitaldeepsea.com\/fr\/produits\/"},{"@type":"ListItem","position":3,"name":"Syst\u00e8me de navigation sur PC avec Radar, R\u00e9seau NMEA 2000 et Timezero"}]},{"@type":"WebSite","@id":"https:\/\/digitaldeepsea.com\/fr\/#website","url":"https:\/\/digitaldeepsea.com\/fr\/","name":"Digital Deep Sea","description":"","publisher":{"@id":"https:\/\/digitaldeepsea.com\/fr\/#organization"},"potentialAction":[{"@type":"SearchAction","target":{"@type":"EntryPoint","urlTemplate":"https:\/\/digitaldeepsea.com\/fr\/?s={search_term_string}"},"query-input":"required name=search_term_string"}],"inLanguage":"fr-FR"},{"@type":"Organization","@id":"https:\/\/digitaldeepsea.com\/fr\/#organization","name":"Digital Deep Sea","url":"https:\/\/digitaldeepsea.com\/fr\/","logo":{"@type":"ImageObject","inLanguage":"fr-FR","@id":"https:\/\/digitaldeepsea.com\/fr\/#\/schema\/logo\/image\/","url":"https:\/\/digitaldeepsea.com\/fr\/wp-content\/uploads\/sites\/2\/2024\/03\/logo_dy_outline_white.png","contentUrl":"https:\/\/digitaldeepsea.com\/fr\/wp-content\/uploads\/sites\/2\/2024\/03\/logo_dy_outline_white.png","width":200,"height":114,"caption":"Digital Deep Sea"},"image":{"@id":"https:\/\/digitaldeepsea.com\/fr\/#\/schema\/logo\/image\/"}}]}},"_links":{"self":[{"href":"https:\/\/digitaldeepsea.com\/fr\/wp-json\/wp\/v2\/product\/100"}],"collection":[{"href":"https:\/\/digitaldeepsea.com\/fr\/wp-json\/wp\/v2\/product"}],"about":[{"href":"https:\/\/digitaldeepsea.com\/fr\/wp-json\/wp\/v2\/types\/product"}],"wp:featuredmedia":[{"embeddable":true,"href":"https:\/\/digitaldeepsea.com\/fr\/wp-json\/wp\/v2\/media\/162"}],"wp:attachment":[{"href":"https:\/\/digitaldeepsea.com\/fr\/wp-json\/wp\/v2\/media?parent=100"}],"wp:term":[{"taxonomy":"product_cat","embeddable":true,"href":"https:\/\/digitaldeepsea.com\/fr\/wp-json\/wp\/v2\/product_cat?post=100"},{"taxonomy":"product_tag","embeddable":true,"href":"https:\/\/digitaldeepsea.com\/fr\/wp-json\/wp\/v2\/product_tag?post=100"}],"curies":[{"name":"wp","href":"https:\/\/api.w.org\/{rel}","templated":true}]}}