{"id":2,"date":"2024-03-13T08:34:32","date_gmt":"2024-03-13T08:34:32","guid":{"rendered":"https:\/\/digitaldeepsea.com\/fr\/?page_id=2"},"modified":"2024-12-11T11:05:34","modified_gmt":"2024-12-11T11:05:34","slug":"accueil","status":"publish","type":"page","link":"https:\/\/digitaldeepsea.com\/fr\/","title":{"rendered":"Accueil"},"content":{"rendered":"<div class=\"full-width-banner-home\">\n<div class=\"container-fluid\">\n<div class=\"row\">\n<div class=\"col home-slider\">\n        <div id=\"metaslider-id-237\" style=\"width: 100%;\" class=\"ml-slider-3-80-0 metaslider metaslider-flex metaslider-237 ml-slider ms-theme-default nav-hidden\" role=\"region\" aria-roledescription=\"Slideshow\" aria-label=\"French Slider\">\n    <div id=\"metaslider_container_237\">\n        <div id=\"metaslider_237\">\n            <ul class='slides'>\n                <li style=\"display: block; width: 100%;\" class=\"slide-240 ms-image \" aria-roledescription=\"slide\" aria-label=\"slide-240\"><a href=\"\/fr\/produit\/4g-connect-pro\/\" target=\"_self\"><img loading=\"lazy\" decoding=\"async\" src=\"https:\/\/digitaldeepsea.com\/fr\/wp-content\/uploads\/sites\/2\/2024\/03\/4g_connect_fr_banner-1700x400.png\" height=\"400\" width=\"1700\" alt=\"\" class=\"slider-237 slide-240\" title=\"4g_connect_fr_banner\" \/><\/a><\/li>\n                <li style=\"display: none; width: 100%;\" class=\"slide-241 ms-image \" aria-roledescription=\"slide\" aria-label=\"slide-241\"><a href=\"\/fr\/produit\/cla2000\/\" target=\"_self\"><img loading=\"lazy\" decoding=\"async\" src=\"https:\/\/digitaldeepsea.com\/fr\/wp-content\/uploads\/sites\/2\/2024\/03\/cla2000_fr_banner-1700x400.png\" height=\"400\" width=\"1700\" alt=\"\" class=\"slider-237 slide-241\" title=\"cla2000_fr_banner\" \/><\/a><\/li>\n            <\/ul>\n        <\/div>\n        \n    <\/div>\n<\/div>\n      <\/div>\n<\/p><\/div>\n<\/p><\/div>\n<\/div>\n<section id=\"navigation-main-block\">\n<div class=\"bootstrap-wrapper\">\n<div class=\"container\">\n<div class=\"row\">\n<div class=\"col-md-12 text-center pt-50\">\n<h1 class=\"navigation-title\">NOS SOLUTIONS DE NAVIGATION<\/h1>\n<\/p><\/div>\n<\/p><\/div>\n<div class=\"row bloc-navigation\">\n<div class=\"col-xs-6 col-md-2 text-center list-navigation\">\n                    <img decoding=\"async\" class=\"img-fluid\" src=\"\/wp-content\/uploads\/sites\/2\/2024\/03\/cargo_boat.svg\" alt=\"Navire de commerce\" \/><\/p>\n<h2>NAVIRE DE COMMERCE<\/h2>\n<\/p><\/div>\n<div class=\"col-xs-6 col-md-2 text-center list-navigation\">\n                  <img decoding=\"async\" class=\"img-fluid\" src=\"\/wp-content\/uploads\/sites\/2\/2024\/03\/work_boat.svg\" alt=\"Bateau de travail\" \/><\/p>\n<h2>BATEAU DE TRAVAIL<\/h2>\n<\/p><\/div>\n<div class=\"col-xs-6 col-md-2 text-center list-navigation\">\n                  <img decoding=\"async\" class=\"img-fluid\" src=\"\/wp-content\/uploads\/sites\/2\/2024\/03\/naval_boat.svg\" alt=\"Navire Militaire\" \/><\/p>\n<h2>NAVIRE MILITAIRE<\/h2>\n<\/p><\/div>\n<div class=\"col-xs-6 col-md-2 text-center list-navigation\">\n                  <img decoding=\"async\" class=\"img-fluid\" src=\"\/wp-content\/uploads\/2024\/02\/yacht_boat.svg\" alt=\"Super Yacht\" \/><\/p>\n<h2>SUPER YACHT<\/h2>\n<\/p><\/div>\n<div class=\"col-xs-6 col-md-2 text-center list-navigation\">\n                  <img decoding=\"async\" class=\"img-fluid\" src=\"\/wp-content\/uploads\/sites\/2\/2024\/03\/commercial_boat.svg\" alt=\"Bateau de peche\" \/><\/p>\n<h2>BATEAU DE PECHE<\/h2>\n<\/p><\/div>\n<div class=\"col-xs-6 col-md-2 text-center list-navigation\">\n                  <img decoding=\"async\" class=\"img-fluid\" src=\"\/fr\/wp-content\/uploads\/sites\/2\/2024\/12\/autonomous_boat.svg\" alt=\"USV\/Bateau autonome\" \/><\/p>\n<h2>USV\/BATEAU AUTONOME<\/h2>\n<\/p><\/div>\n<\/p><\/div>\n<\/p><\/div>\n<div class=\"row\">\n<div class=\"col-md-12 text-center description-top pt-20 pb-80\">\n<p>Les produits Digital Deep Sea sont d\u00e9sign\u00e9s pour le march\u00e9\u0301 professionnel incluant les yachts et les navires de commerce, de p\u00eache et de travail. Ce sont des produits robustes qui r\u00e9pondre \u00e0 un environnement exigeant et qui partagent le m\u00eame design et les innovations que nos produits pour la plaisance. Les produits comme notre transpondeur AIS Classe A CLA2000 et notre AIS SART sont conformes par l&rsquo;OMI pour des installations mandat\u00e9es.<\/p>\n<\/p><\/div>\n<\/p><\/div>\n<\/p><\/div>\n<\/p><\/div>\n<\/section>\n<section id=\"info-main-block\">\n<div class=\"bootstrap-wrapper\">\n<div class=\"container-fluid\">\n<div class=\"row\">\n<div class=\"col-xs-12 col-sm-6 col-md-6 col-lg-6 bloc-about-us text-center\">\n<div class=\"about-us\">\n<div class=\"about-us-inside\">\n<h2>QUI SOMMES-NOUS?<\/h2>\n<p class=\"pb-20\">Digital Deep Sea  c\u2019est les produits de navigation, de communication et de divertissement \u00e0 bord pour les bateaux professionnels.<\/p>\n<p><a class=\"button-58\" href=\"\/fr\/a-propos-de-nous\/\">EN SAVOIR PLUS<\/a>\n                        <\/div>\n<\/p><\/div>\n<\/p><\/div>\n<div class=\"col-xs-12 col-sm-6 col-md-6 col-lg-6 bloc-catalogue text-center\">\n<div class=\"row\">\n<div class=\"catalogue-wrapper\">\n<div class=\"catalogue-wrapper-inside\">\n<div class=\"col-xs-12 col-sm-12 col-md-12 col-lg-7\">\n<div class=\"catalogue-left\"><img decoding=\"async\" src=\"\/wp-content\/uploads\/2024\/02\/catalogue_digital_deep_sea_2019.png\" alt=\"Catalogue Digital Deep Sea\" \/><\/div>\n<\/p><\/div>\n<div class=\"col-xs-12 col-sm-12 col-md-12 col-lg-5\">\n<div class=\"catalogue-right text-left\">\n<h2>GUIDE DES PRODUITS<\/h2>\n<p>Vous pouvez t\u00e9l\u00e9charger directement le guide des produits Digital Deep Sea.<\/p>\n<p><a class=\"button-58\" href=\"\/wp-content\/uploads\/2024\/02\/catalogue_digital_deep_sea_2019.pdf\" target=\"_blank\" rel=\"noopener\">T\u00c9L\u00c9CHARGER<\/a>\n                                    <\/div>\n<\/p><\/div>\n<\/p><\/div>\n<\/p><\/div>\n<\/p><\/div>\n<\/p><\/div>\n<\/p><\/div>\n<\/p><\/div>\n<\/p><\/div>\n<\/section>\n<section id=\"latest-product-main-block\">\n<div class=\"bootstrap-wrapper\">\n<div class=\"container-fluid product-bloc\">\n<div class=\"container\">\n<div class=\"row product-row\">\n<div class=\"col-sm-12 col-md-6 col-lg-6 product-left\"><img decoding=\"async\" src=\"\/wp-content\/uploads\/sites\/2\/2024\/03\/CLA2000_product_front.png\" alt=\"CLA 2000\" \/><\/div>\n<div class=\"col-sm-12 col-md-6 col-lg-6 product-right pt-40\">\n<h2>NOUVEAUT\u00c9<\/h2>\n<p class=\"lower-title\">CLA2000<\/p>\n<p class=\"pt-30 pb-20\">Transpondeur AIS Classe A parfait et complet pour tout type de navire que cela soit en eaux internationales ou en eaux int\u00e9rieures. R\u00e9sistant \u00e0 l&rsquo;eau et aux intemp\u00e9ries, conforme \u00e0 la norme IP67, il est dot\u00e9 d&rsquo;un \u00e9cran couleur haute r\u00e9solution de 5\u201d enti\u00e8rement int\u00e9gr\u00e9, qui offre de nombreuses fonctionnalit\u00e9s, notamment la gestion des cibles AIS et la navigation avec les cartes en option C-Map MAX.<\/p>\n<p><a class=\"button-58\" href=\"\/fr\/produit\/cla2000\/\">DECOUVRIR<\/a>\n                <\/div>\n<\/p><\/div>\n<\/p><\/div>\n<\/p><\/div>\n<\/p><\/div>\n<\/section>\n","protected":false},"excerpt":{"rendered":"<p>NOS SOLUTIONS DE NAVIGATION NAVIRE DE COMMERCE BATEAU DE TRAVAIL NAVIRE MILITAIRE SUPER YACHT BATEAU DE PECHE USV\/BATEAU AUTONOME Les produits Digital Deep Sea sont d\u00e9sign\u00e9s pour le march\u00e9\u0301 professionnel incluant les yachts et les navires de commerce, de p\u00eache et de travail. Ce sont des produits robustes qui r\u00e9pondre \u00e0 un environnement exigeant et &hellip;<\/p>\n","protected":false},"author":1,"featured_media":0,"parent":0,"menu_order":0,"comment_status":"closed","ping_status":"open","template":"templates\/page-home.php","meta":{"footnotes":""},"yoast_head":"<!-- This site is optimized with the Yoast SEO plugin v22.7 - https:\/\/yoast.com\/wordpress\/plugins\/seo\/ -->\n<title>Accueil - Digital Deep Sea France<\/title>\n<meta name=\"robots\" content=\"index, follow, max-snippet:-1, max-image-preview:large, max-video-preview:-1\" \/>\n<link rel=\"canonical\" href=\"https:\/\/digitaldeepsea.com\/fr\/\" \/>\n<meta property=\"og:locale\" content=\"fr_FR\" \/>\n<meta property=\"og:type\" content=\"article\" \/>\n<meta property=\"og:title\" content=\"Accueil - Digital Deep Sea France\" \/>\n<meta property=\"og:description\" content=\"NOS SOLUTIONS DE NAVIGATION NAVIRE DE COMMERCE BATEAU DE TRAVAIL NAVIRE MILITAIRE SUPER YACHT BATEAU DE PECHE USV\/BATEAU AUTONOME Les produits Digital Deep Sea sont d\u00e9sign\u00e9s pour le march\u00e9\u0301 professionnel incluant les yachts et les navires de commerce, de p\u00eache et de travail. Ce sont des produits robustes qui r\u00e9pondre \u00e0 un environnement exigeant et &hellip;\" \/>\n<meta property=\"og:url\" content=\"https:\/\/digitaldeepsea.com\/fr\/\" \/>\n<meta property=\"og:site_name\" content=\"Digital Deep Sea France\" \/>\n<meta property=\"article:modified_time\" content=\"2024-12-11T11:05:34+00:00\" \/>\n<meta name=\"twitter:card\" content=\"summary_large_image\" \/>\n<meta name=\"twitter:label1\" content=\"Dur\u00e9e de lecture estim\u00e9e\" \/>\n\t<meta name=\"twitter:data1\" content=\"3 minutes\" \/>\n<script type=\"application\/ld+json\" class=\"yoast-schema-graph\">{\"@context\":\"https:\/\/schema.org\",\"@graph\":[{\"@type\":\"WebPage\",\"@id\":\"https:\/\/digitaldeepsea.com\/fr\/\",\"url\":\"https:\/\/digitaldeepsea.com\/fr\/\",\"name\":\"Accueil - Digital Deep Sea France\",\"isPartOf\":{\"@id\":\"https:\/\/digitaldeepsea.com\/fr\/#website\"},\"datePublished\":\"2024-03-13T08:34:32+00:00\",\"dateModified\":\"2024-12-11T11:05:34+00:00\",\"breadcrumb\":{\"@id\":\"https:\/\/digitaldeepsea.com\/fr\/#breadcrumb\"},\"inLanguage\":\"fr-FR\",\"potentialAction\":[{\"@type\":\"ReadAction\",\"target\":[\"https:\/\/digitaldeepsea.com\/fr\/\"]}]},{\"@type\":\"BreadcrumbList\",\"@id\":\"https:\/\/digitaldeepsea.com\/fr\/#breadcrumb\",\"itemListElement\":[{\"@type\":\"ListItem\",\"position\":1,\"name\":\"Home\",\"item\":\"https:\/\/digitaldeepsea.com\/fr\/\"},{\"@type\":\"ListItem\",\"position\":2,\"name\":\"Accueil\"}]},{\"@type\":\"WebSite\",\"@id\":\"https:\/\/digitaldeepsea.com\/fr\/#website\",\"url\":\"https:\/\/digitaldeepsea.com\/fr\/\",\"name\":\"Digital Deep Sea\",\"description\":\"\",\"publisher\":{\"@id\":\"https:\/\/digitaldeepsea.com\/fr\/#organization\"},\"potentialAction\":[{\"@type\":\"SearchAction\",\"target\":{\"@type\":\"EntryPoint\",\"urlTemplate\":\"https:\/\/digitaldeepsea.com\/fr\/?s={search_term_string}\"},\"query-input\":\"required name=search_term_string\"}],\"inLanguage\":\"fr-FR\"},{\"@type\":\"Organization\",\"@id\":\"https:\/\/digitaldeepsea.com\/fr\/#organization\",\"name\":\"Digital Deep Sea\",\"url\":\"https:\/\/digitaldeepsea.com\/fr\/\",\"logo\":{\"@type\":\"ImageObject\",\"inLanguage\":\"fr-FR\",\"@id\":\"https:\/\/digitaldeepsea.com\/fr\/#\/schema\/logo\/image\/\",\"url\":\"https:\/\/digitaldeepsea.com\/fr\/wp-content\/uploads\/sites\/2\/2024\/03\/logo_dy_outline_white.png\",\"contentUrl\":\"https:\/\/digitaldeepsea.com\/fr\/wp-content\/uploads\/sites\/2\/2024\/03\/logo_dy_outline_white.png\",\"width\":200,\"height\":114,\"caption\":\"Digital Deep Sea\"},\"image\":{\"@id\":\"https:\/\/digitaldeepsea.com\/fr\/#\/schema\/logo\/image\/\"}}]}<\/script>\n<!-- \/ Yoast SEO plugin. -->","yoast_head_json":{"title":"Accueil - Digital Deep Sea France","robots":{"index":"index","follow":"follow","max-snippet":"max-snippet:-1","max-image-preview":"max-image-preview:large","max-video-preview":"max-video-preview:-1"},"canonical":"https:\/\/digitaldeepsea.com\/fr\/","og_locale":"fr_FR","og_type":"article","og_title":"Accueil - Digital Deep Sea France","og_description":"NOS SOLUTIONS DE NAVIGATION NAVIRE DE COMMERCE BATEAU DE TRAVAIL NAVIRE MILITAIRE SUPER YACHT BATEAU DE PECHE USV\/BATEAU AUTONOME Les produits Digital Deep Sea sont d\u00e9sign\u00e9s pour le march\u00e9\u0301 professionnel incluant les yachts et les navires de commerce, de p\u00eache et de travail. Ce sont des produits robustes qui r\u00e9pondre \u00e0 un environnement exigeant et &hellip;","og_url":"https:\/\/digitaldeepsea.com\/fr\/","og_site_name":"Digital Deep Sea France","article_modified_time":"2024-12-11T11:05:34+00:00","twitter_card":"summary_large_image","twitter_misc":{"Dur\u00e9e de lecture estim\u00e9e":"3 minutes"},"schema":{"@context":"https:\/\/schema.org","@graph":[{"@type":"WebPage","@id":"https:\/\/digitaldeepsea.com\/fr\/","url":"https:\/\/digitaldeepsea.com\/fr\/","name":"Accueil - Digital Deep Sea France","isPartOf":{"@id":"https:\/\/digitaldeepsea.com\/fr\/#website"},"datePublished":"2024-03-13T08:34:32+00:00","dateModified":"2024-12-11T11:05:34+00:00","breadcrumb":{"@id":"https:\/\/digitaldeepsea.com\/fr\/#breadcrumb"},"inLanguage":"fr-FR","potentialAction":[{"@type":"ReadAction","target":["https:\/\/digitaldeepsea.com\/fr\/"]}]},{"@type":"BreadcrumbList","@id":"https:\/\/digitaldeepsea.com\/fr\/#breadcrumb","itemListElement":[{"@type":"ListItem","position":1,"name":"Home","item":"https:\/\/digitaldeepsea.com\/fr\/"},{"@type":"ListItem","position":2,"name":"Accueil"}]},{"@type":"WebSite","@id":"https:\/\/digitaldeepsea.com\/fr\/#website","url":"https:\/\/digitaldeepsea.com\/fr\/","name":"Digital Deep Sea","description":"","publisher":{"@id":"https:\/\/digitaldeepsea.com\/fr\/#organization"},"potentialAction":[{"@type":"SearchAction","target":{"@type":"EntryPoint","urlTemplate":"https:\/\/digitaldeepsea.com\/fr\/?s={search_term_string}"},"query-input":"required name=search_term_string"}],"inLanguage":"fr-FR"},{"@type":"Organization","@id":"https:\/\/digitaldeepsea.com\/fr\/#organization","name":"Digital Deep Sea","url":"https:\/\/digitaldeepsea.com\/fr\/","logo":{"@type":"ImageObject","inLanguage":"fr-FR","@id":"https:\/\/digitaldeepsea.com\/fr\/#\/schema\/logo\/image\/","url":"https:\/\/digitaldeepsea.com\/fr\/wp-content\/uploads\/sites\/2\/2024\/03\/logo_dy_outline_white.png","contentUrl":"https:\/\/digitaldeepsea.com\/fr\/wp-content\/uploads\/sites\/2\/2024\/03\/logo_dy_outline_white.png","width":200,"height":114,"caption":"Digital Deep Sea"},"image":{"@id":"https:\/\/digitaldeepsea.com\/fr\/#\/schema\/logo\/image\/"}}]}},"_links":{"self":[{"href":"https:\/\/digitaldeepsea.com\/fr\/wp-json\/wp\/v2\/pages\/2"}],"collection":[{"href":"https:\/\/digitaldeepsea.com\/fr\/wp-json\/wp\/v2\/pages"}],"about":[{"href":"https:\/\/digitaldeepsea.com\/fr\/wp-json\/wp\/v2\/types\/page"}],"author":[{"embeddable":true,"href":"https:\/\/digitaldeepsea.com\/fr\/wp-json\/wp\/v2\/users\/1"}],"replies":[{"embeddable":true,"href":"https:\/\/digitaldeepsea.com\/fr\/wp-json\/wp\/v2\/comments?post=2"}],"version-history":[{"count":8,"href":"https:\/\/digitaldeepsea.com\/fr\/wp-json\/wp\/v2\/pages\/2\/revisions"}],"predecessor-version":[{"id":268,"href":"https:\/\/digitaldeepsea.com\/fr\/wp-json\/wp\/v2\/pages\/2\/revisions\/268"}],"wp:attachment":[{"href":"https:\/\/digitaldeepsea.com\/fr\/wp-json\/wp\/v2\/media?parent=2"}],"curies":[{"name":"wp","href":"https:\/\/api.w.org\/{rel}","templated":true}]}}