{"id":188,"date":"2024-03-14T09:06:50","date_gmt":"2024-03-14T09:06:50","guid":{"rendered":"https:\/\/digitaldeepsea.com\/fr\/?page_id=188"},"modified":"2024-03-14T09:06:50","modified_gmt":"2024-03-14T09:06:50","slug":"politique-de-confidentialite","status":"publish","type":"page","link":"https:\/\/digitaldeepsea.com\/fr\/politique-de-confidentialite\/","title":{"rendered":"Politique de confidentialit\u00e9"},"content":{"rendered":"\r\n<p><strong>Introduction<\/strong><\/p>\r\n\r\n\r\n\r\n<p>Devant le d\u00e9veloppement des nouveaux outils de\r\ncommunication, il est n\u00e9cessaire de porter une attention particuli\u00e8re \u00e0 la\r\nprotection de la vie priv\u00e9e. C\u2019est pourquoi, nous nous engageons \u00e0 respecter la\r\nconfidentialit\u00e9 des renseignements personnels que nous collectons et que nous\r\npublions sur notre site la politique de confidentialit\u00e9 de Digital Deep Sea.<\/p>\r\n\r\n\r\n\r\n<p><strong>Collecte des renseignements personnels<\/strong><\/p>\r\n\r\n\r\n\r\n<p>Nous collectons les renseignements suivants :<\/p>\r\n\r\n\r\n\r\n<ul><li>Nom<\/li><li>Pr\u00e9nom<\/li><li>Adresse postale<\/li><li>Code postal<\/li><li>Adresse \u00e9lectronique<\/li><li>Num\u00e9ro de t\u00e9l\u00e9phone \/ t\u00e9l\u00e9copieur<\/li><li>Genre \/ Sexe<\/li><li>\u00c2ge \/ Date de naissance<\/li><\/ul>\r\n\r\n\r\n\r\n<p>Les renseignements personnels que nous collectons sont\r\nrecueillis au travers de formulaires et gr\u00e2ce \u00e0 l\u2019interactivit\u00e9 \u00e9tablie entre\r\nvous et notre site Web. Nous utilisons \u00e9galement, comme indiqu\u00e9 dans la section\r\nsuivante, des fichiers t\u00e9moins et\/ou journaux pour r\u00e9unir des informations vous\r\nconcernant.<\/p>\r\n\r\n\r\n\r\n<p><strong>Formulaires&nbsp;et interactivit\u00e9 :<\/strong><\/p>\r\n\r\n\r\n\r\n<p>Vos renseignements personnels sont collect\u00e9s par le\r\nbiais de formulaire, \u00e0 savoir :<\/p>\r\n\r\n\r\n\r\n<ul><li>Formulaire d\u2019inscription au site Web<\/li><li>Formulaire de commande<\/li><li>Sondage d\u2019opinion<\/li><\/ul>\r\n\r\n\r\n\r\n<p>Nous utilisons les renseignements ainsi collect\u00e9s pour\r\nles finalit\u00e9s suivantes :<\/p>\r\n\r\n\r\n\r\n<ul><li>Suivi de la commande<\/li><li>Informations \/ Offres promotionnelles<\/li><li>Contact<\/li><\/ul>\r\n\r\n\r\n\r\n<p>Vos renseignements sont \u00e9galement collect\u00e9s par le\r\nbiais de l\u2019interactivit\u00e9 pouvant s\u2019\u00e9tablir entre vous et notre site Web et ce,\r\nde la fa\u00e7on suivante:<\/p>\r\n\r\n\r\n\r\n<ul><li>Contact<\/li><\/ul>\r\n\r\n\r\n\r\n<p>Nous utilisons les renseignements ainsi collect\u00e9s pour\r\nles finalit\u00e9s suivantes :<\/p>\r\n\r\n\r\n\r\n<ul><li>Commentaires<\/li><li>Correspondance<\/li><li>Informations ou pour des offres promotionnelles<\/li><\/ul>\r\n\r\n\r\n\r\n<p><strong>Droit d\u2019opposition et de retrait<\/strong><\/p>\r\n\r\n\r\n\r\n<p>Nous nous engageons \u00e0 vous offrir un droit\r\nd\u2019opposition et de retrait quant \u00e0 vos renseignements personnels.<\/p>\r\n\r\n\r\n\r\n<p>Le droit d\u2019opposition s\u2019entend comme \u00e9tant la possibilit\u00e9\r\nofferte aux internautes de refuser que leurs renseignements personnels soient utilis\u00e9s\r\n\u00e0 certaines fins mentionn\u00e9es lors de la collecte.<\/p>\r\n\r\n\r\n\r\n<p>Le droit de retrait s\u2019entend comme \u00e9tant la possibilit\u00e9\r\nofferte aux internautes de demander \u00e0 ce que leurs renseignements personnels ne\r\nfigurent plus, par exemple, dans une liste de diffusion.<\/p>\r\n\r\n\r\n\r\n<p>Pour pouvoir\r\nexercer ces droits, vous pouvez :<br>\r\nCode postal : 6 Farleigh Court, Old Weston Rd Flax Bourton, Somerset,BS48 1UR<br>\r\nCourriel : aide@digitalyacht.fr<br>\r\nT\u00e9l\u00e9phone : 0170709250<br>\r\nSection du site web : http:\/\/digitalyacht.fr\/<\/p>\r\n\r\n\r\n\r\n<p><strong>Droit d\u2019acc\u00e8s<\/strong><\/p>\r\n\r\n\r\n\r\n<p>Nous nous engageons\r\n\u00e0 reconna\u00eetre un droit d\u2019acc\u00e8s et de rectification aux personnes concern\u00e9es\r\nd\u00e9sireuses de consulter, modifier, voire radier les informations les concernant.<br>\r\nL\u2019exercice de ce droit se fera :<br>\r\nCode postal : The Technology Centre, Failand Farm,, Failand, Bristol BS8 3TR<br>\r\nCourriel : sales@localhost<br>\r\nT\u00e9l\u00e9phone : 0170709250<br>\r\nSection du site web : https:\/\/digitaldeepsea.com<\/p>\r\n\r\n\r\n\r\n<p><strong>S\u00e9curit\u00e9<\/strong><\/p>\r\n\r\n\r\n\r\n<p>Les renseignements\r\npersonnels que nous collectons sont conserv\u00e9s dans un environnement s\u00e9curis\u00e9.\r\nLes personnes travaillant pour nous sont tenues de respecter la confidentialit\u00e9\r\nde vos informations.<br>\r\nPour assurer la s\u00e9curit\u00e9 de vos renseignements personnels, nous avons recours\r\naux mesures suivantes :<\/p>\r\n\r\n\r\n\r\n<ul><li> Protocole SSL (Secure Sockets Layer)<\/li><li> Protocole SET (Secure Electronic Transaction)<\/li><li>Gestion des acc\u00e8s \u2013 personne autoris\u00e9e<\/li><li>Gestion des acc\u00e8s \u2013 personne concern\u00e9e<\/li><li>Sauvegarde informatique<\/li><li>D\u00e9veloppement de certificat num\u00e9rique<\/li><li>Identifiant \/ mot de passe<\/li><li>Pare-feu (Firewalls)<\/li><\/ul>\r\n\r\n\r\n\r\n<p>Nous nous engageons\r\n\u00e0 maintenir un haut degr\u00e9 de confidentialit\u00e9 en int\u00e9grant les derni\u00e8res\r\ninnovations technologiques permettant d\u2019assurer la confidentialit\u00e9 de vos\r\ntransactions. Toutefois, comme aucun m\u00e9canisme n\u2019offre une s\u00e9curit\u00e9 maximale,\r\nune part de risque est toujours pr\u00e9sente lorsque l\u2019on utilise Internet pour\r\ntransmettre des renseignements personnels<\/p>\r\n","protected":false},"excerpt":{"rendered":"<p>Introduction Devant le d\u00e9veloppement des nouveaux outils de communication, il est n\u00e9cessaire de porter une attention particuli\u00e8re \u00e0 la protection de la vie priv\u00e9e. C\u2019est pourquoi, nous nous engageons \u00e0 respecter la confidentialit\u00e9 des renseignements personnels que nous collectons et que nous publions sur notre site la politique de confidentialit\u00e9 de Digital Deep Sea. Collecte &hellip;<\/p>\n","protected":false},"author":1,"featured_media":0,"parent":0,"menu_order":0,"comment_status":"closed","ping_status":"closed","template":"","meta":{"footnotes":""},"yoast_head":"<!-- This site is optimized with the Yoast SEO plugin v22.7 - https:\/\/yoast.com\/wordpress\/plugins\/seo\/ -->\n<title>Politique de confidentialit\u00e9 - Digital Deep Sea France<\/title>\n<meta name=\"robots\" content=\"index, follow, max-snippet:-1, max-image-preview:large, max-video-preview:-1\" \/>\n<link rel=\"canonical\" href=\"https:\/\/digitaldeepsea.com\/fr\/politique-de-confidentialite\/\" \/>\n<meta property=\"og:locale\" content=\"fr_FR\" \/>\n<meta property=\"og:type\" content=\"article\" \/>\n<meta property=\"og:title\" content=\"Politique de confidentialit\u00e9 - Digital Deep Sea France\" \/>\n<meta property=\"og:description\" content=\"Introduction Devant le d\u00e9veloppement des nouveaux outils de communication, il est n\u00e9cessaire de porter une attention particuli\u00e8re \u00e0 la protection de la vie priv\u00e9e. C\u2019est pourquoi, nous nous engageons \u00e0 respecter la confidentialit\u00e9 des renseignements personnels que nous collectons et que nous publions sur notre site la politique de confidentialit\u00e9 de Digital Deep Sea. Collecte &hellip;\" \/>\n<meta property=\"og:url\" content=\"https:\/\/digitaldeepsea.com\/fr\/politique-de-confidentialite\/\" \/>\n<meta property=\"og:site_name\" content=\"Digital Deep Sea France\" \/>\n<meta name=\"twitter:card\" content=\"summary_large_image\" \/>\n<script type=\"application\/ld+json\" class=\"yoast-schema-graph\">{\"@context\":\"https:\/\/schema.org\",\"@graph\":[{\"@type\":\"WebPage\",\"@id\":\"https:\/\/digitaldeepsea.com\/fr\/politique-de-confidentialite\/\",\"url\":\"https:\/\/digitaldeepsea.com\/fr\/politique-de-confidentialite\/\",\"name\":\"Politique de confidentialit\u00e9 - Digital Deep Sea France\",\"isPartOf\":{\"@id\":\"https:\/\/digitaldeepsea.com\/fr\/#website\"},\"datePublished\":\"2024-03-14T09:06:50+00:00\",\"dateModified\":\"2024-03-14T09:06:50+00:00\",\"breadcrumb\":{\"@id\":\"https:\/\/digitaldeepsea.com\/fr\/politique-de-confidentialite\/#breadcrumb\"},\"inLanguage\":\"fr-FR\",\"potentialAction\":[{\"@type\":\"ReadAction\",\"target\":[\"https:\/\/digitaldeepsea.com\/fr\/politique-de-confidentialite\/\"]}]},{\"@type\":\"BreadcrumbList\",\"@id\":\"https:\/\/digitaldeepsea.com\/fr\/politique-de-confidentialite\/#breadcrumb\",\"itemListElement\":[{\"@type\":\"ListItem\",\"position\":1,\"name\":\"Home\",\"item\":\"https:\/\/digitaldeepsea.com\/fr\/\"},{\"@type\":\"ListItem\",\"position\":2,\"name\":\"Politique de confidentialit\u00e9\"}]},{\"@type\":\"WebSite\",\"@id\":\"https:\/\/digitaldeepsea.com\/fr\/#website\",\"url\":\"https:\/\/digitaldeepsea.com\/fr\/\",\"name\":\"Digital Deep Sea\",\"description\":\"\",\"publisher\":{\"@id\":\"https:\/\/digitaldeepsea.com\/fr\/#organization\"},\"potentialAction\":[{\"@type\":\"SearchAction\",\"target\":{\"@type\":\"EntryPoint\",\"urlTemplate\":\"https:\/\/digitaldeepsea.com\/fr\/?s={search_term_string}\"},\"query-input\":\"required name=search_term_string\"}],\"inLanguage\":\"fr-FR\"},{\"@type\":\"Organization\",\"@id\":\"https:\/\/digitaldeepsea.com\/fr\/#organization\",\"name\":\"Digital Deep Sea\",\"url\":\"https:\/\/digitaldeepsea.com\/fr\/\",\"logo\":{\"@type\":\"ImageObject\",\"inLanguage\":\"fr-FR\",\"@id\":\"https:\/\/digitaldeepsea.com\/fr\/#\/schema\/logo\/image\/\",\"url\":\"https:\/\/digitaldeepsea.com\/fr\/wp-content\/uploads\/sites\/2\/2024\/03\/logo_dy_outline_white.png\",\"contentUrl\":\"https:\/\/digitaldeepsea.com\/fr\/wp-content\/uploads\/sites\/2\/2024\/03\/logo_dy_outline_white.png\",\"width\":200,\"height\":114,\"caption\":\"Digital Deep Sea\"},\"image\":{\"@id\":\"https:\/\/digitaldeepsea.com\/fr\/#\/schema\/logo\/image\/\"}}]}<\/script>\n<!-- \/ Yoast SEO plugin. -->","yoast_head_json":{"title":"Politique de confidentialit\u00e9 - Digital Deep Sea France","robots":{"index":"index","follow":"follow","max-snippet":"max-snippet:-1","max-image-preview":"max-image-preview:large","max-video-preview":"max-video-preview:-1"},"canonical":"https:\/\/digitaldeepsea.com\/fr\/politique-de-confidentialite\/","og_locale":"fr_FR","og_type":"article","og_title":"Politique de confidentialit\u00e9 - Digital Deep Sea France","og_description":"Introduction Devant le d\u00e9veloppement des nouveaux outils de communication, il est n\u00e9cessaire de porter une attention particuli\u00e8re \u00e0 la protection de la vie priv\u00e9e. C\u2019est pourquoi, nous nous engageons \u00e0 respecter la confidentialit\u00e9 des renseignements personnels que nous collectons et que nous publions sur notre site la politique de confidentialit\u00e9 de Digital Deep Sea. Collecte &hellip;","og_url":"https:\/\/digitaldeepsea.com\/fr\/politique-de-confidentialite\/","og_site_name":"Digital Deep Sea France","twitter_card":"summary_large_image","schema":{"@context":"https:\/\/schema.org","@graph":[{"@type":"WebPage","@id":"https:\/\/digitaldeepsea.com\/fr\/politique-de-confidentialite\/","url":"https:\/\/digitaldeepsea.com\/fr\/politique-de-confidentialite\/","name":"Politique de confidentialit\u00e9 - Digital Deep Sea France","isPartOf":{"@id":"https:\/\/digitaldeepsea.com\/fr\/#website"},"datePublished":"2024-03-14T09:06:50+00:00","dateModified":"2024-03-14T09:06:50+00:00","breadcrumb":{"@id":"https:\/\/digitaldeepsea.com\/fr\/politique-de-confidentialite\/#breadcrumb"},"inLanguage":"fr-FR","potentialAction":[{"@type":"ReadAction","target":["https:\/\/digitaldeepsea.com\/fr\/politique-de-confidentialite\/"]}]},{"@type":"BreadcrumbList","@id":"https:\/\/digitaldeepsea.com\/fr\/politique-de-confidentialite\/#breadcrumb","itemListElement":[{"@type":"ListItem","position":1,"name":"Home","item":"https:\/\/digitaldeepsea.com\/fr\/"},{"@type":"ListItem","position":2,"name":"Politique de confidentialit\u00e9"}]},{"@type":"WebSite","@id":"https:\/\/digitaldeepsea.com\/fr\/#website","url":"https:\/\/digitaldeepsea.com\/fr\/","name":"Digital Deep Sea","description":"","publisher":{"@id":"https:\/\/digitaldeepsea.com\/fr\/#organization"},"potentialAction":[{"@type":"SearchAction","target":{"@type":"EntryPoint","urlTemplate":"https:\/\/digitaldeepsea.com\/fr\/?s={search_term_string}"},"query-input":"required name=search_term_string"}],"inLanguage":"fr-FR"},{"@type":"Organization","@id":"https:\/\/digitaldeepsea.com\/fr\/#organization","name":"Digital Deep Sea","url":"https:\/\/digitaldeepsea.com\/fr\/","logo":{"@type":"ImageObject","inLanguage":"fr-FR","@id":"https:\/\/digitaldeepsea.com\/fr\/#\/schema\/logo\/image\/","url":"https:\/\/digitaldeepsea.com\/fr\/wp-content\/uploads\/sites\/2\/2024\/03\/logo_dy_outline_white.png","contentUrl":"https:\/\/digitaldeepsea.com\/fr\/wp-content\/uploads\/sites\/2\/2024\/03\/logo_dy_outline_white.png","width":200,"height":114,"caption":"Digital Deep Sea"},"image":{"@id":"https:\/\/digitaldeepsea.com\/fr\/#\/schema\/logo\/image\/"}}]}},"_links":{"self":[{"href":"https:\/\/digitaldeepsea.com\/fr\/wp-json\/wp\/v2\/pages\/188"}],"collection":[{"href":"https:\/\/digitaldeepsea.com\/fr\/wp-json\/wp\/v2\/pages"}],"about":[{"href":"https:\/\/digitaldeepsea.com\/fr\/wp-json\/wp\/v2\/types\/page"}],"author":[{"embeddable":true,"href":"https:\/\/digitaldeepsea.com\/fr\/wp-json\/wp\/v2\/users\/1"}],"replies":[{"embeddable":true,"href":"https:\/\/digitaldeepsea.com\/fr\/wp-json\/wp\/v2\/comments?post=188"}],"version-history":[{"count":1,"href":"https:\/\/digitaldeepsea.com\/fr\/wp-json\/wp\/v2\/pages\/188\/revisions"}],"predecessor-version":[{"id":189,"href":"https:\/\/digitaldeepsea.com\/fr\/wp-json\/wp\/v2\/pages\/188\/revisions\/189"}],"wp:attachment":[{"href":"https:\/\/digitaldeepsea.com\/fr\/wp-json\/wp\/v2\/media?parent=188"}],"curies":[{"name":"wp","href":"https:\/\/api.w.org\/{rel}","templated":true}]}}