{"id":179,"date":"2024-03-14T09:02:27","date_gmt":"2024-03-14T09:02:27","guid":{"rendered":"https:\/\/digitaldeepsea.com\/fr\/?page_id=179"},"modified":"2024-03-14T10:10:12","modified_gmt":"2024-03-14T10:10:12","slug":"a-propos-de-nous","status":"publish","type":"page","link":"https:\/\/digitaldeepsea.com\/fr\/a-propos-de-nous\/","title":{"rendered":"\u00e0 propos de nous"},"content":{"rendered":"<section>\n<div class=\"bootstrap-wrapper\">\n<div class=\"container-fluid\">\n<div class=\"row\">\n<div class=\"col-12 full-width-banner-about\">\n\t    <\/div>\n<\/p><\/div>\n<\/p><\/div>\n<div class=\"container\">\n<div class=\"row title-about pt-3 pb-4\">\n<div class=\"col-sm-12 col-md-12 text-center\">\n<h1>QUI SOMMES-NOUS?<\/h1>\n<\/p><\/div>\n<\/p><\/div>\n<div class=\"row about-block pt-3 pb-4\">\n<div class=\"col-sm-12 col-md-12\">\n<p>Les produits Digital Deep Sea sont d\u00e9sign\u00e9s pour le march\u00e9\u0301 professionnel incluant les yachts et les navires de commerce, de p\u00eache et de travail. Ce sont des produits robustes qui r\u00e9pondre \u00e0 un environnement exigeant et qui partagent le m\u00eame design et les innovations que nos produits pour la plaisance. Les produits comme notre transpondeur AIS Classe A CLA2000 et notre AIS SART sont conformes IMO pour des installations mandat\u00e9es. Nos produits AQUA PC peuvent aussi trouver une place \u00e0 bord de n\u2019importe quel navire commercial.<\/p>\n<p class=\"pt-1 pb-2\"><strong>Digital Deep Sea est une filiale de Digital Yacht.<\/strong><\/p>\n<p>Nous croyons que les appareils grand public comme les iPhones, les tablettes, les PC et les MAC ont une place \u00e0 bord et ainsi am\u00e9liorer \u00e0 faible co\u00fbt votre syst\u00e8me de navigation. Nous facilitons l\u2019acc\u00e8s \u00e0 internet et nos produits permettent aussi de r\u00e9cup\u00e9rer sur vos appareils mobiles tous les donn\u00e9es de vos instruments, syst\u00e8mes AIS, traceurs, etc. \u2013 non juste pour vous, mais aussi pour votre \u00e9quipage et vos invit\u00e9s.<\/p>\n<p class=\"pt-1 pb-2\"><strong>Digital Deep Sea est donc sans aucun doute une entreprise progressiste qui se concentre sur l\u2019utilisation des derni\u00e8res technologies pour ses futurs produits.<\/strong><\/p>\n<\/p><\/div>\n<\/p><\/div>\n<div class=\"row about-block\">\n<div class=\"col-sm-12 col-md-12\">\n<h3 class=\"title-about\">FABRICATION<\/h3>\n<p class=\"pt-3 pb-4\">Notre \u00e9quipe combine 100 ans d\u2019exp\u00e9rience en \u00e9lectronique marine et nous sommes fiers de la qualit\u00e9 de nos produits que nous fabriquons au Royaume-Uni. L\u2019ann\u00e9e derni\u00e8re nous avons export\u00e9 nos produits vers plus de 100 pays. Notre centre de recherche et d\u00e9veloppement est bas\u00e9 \u00e0 Bristol et nous avons des centres d\u2019assemblages au Royaume-Uni et aux Etats-Unis.<\/p>\n<\/p><\/div>\n<\/p><\/div>\n<div class=\"row about-block\">\n<div class=\"col-sm-12 col-md-12\">\n<h3 class=\"title-about\">REVENDEURS &#038; DISTRIBUTEURS<\/h3>\n<p class=\"pt-3 pb-4\">Si vous voulez revendre nos produits, merci de nous contacter: <a href=\"mailto:sales@digitaldeepsea.com\">sales@digitaldeepsea.com<\/a><\/p>\n<\/p><\/div>\n<\/p><\/div>\n<div class=\"row about-block\">\n<div class=\"col-sm-12 col-md-12\">\n<h3 class=\"title-about\">GARANTIE<\/h3>\n<p class=\"pt-3 pb-4\">Tous nos produits sont garantis 2 ans.<\/p>\n<\/p><\/div>\n<\/p><\/div>\n<\/p><\/div>\n<\/div>\n<\/section>\n","protected":false},"excerpt":{"rendered":"<p>QUI SOMMES-NOUS? Les produits Digital Deep Sea sont d\u00e9sign\u00e9s pour le march\u00e9\u0301 professionnel incluant les yachts et les navires de commerce, de p\u00eache et de travail. Ce sont des produits robustes qui r\u00e9pondre \u00e0 un environnement exigeant et qui partagent le m\u00eame design et les innovations que nos produits pour la plaisance. Les produits comme &hellip;<\/p>\n","protected":false},"author":1,"featured_media":217,"parent":0,"menu_order":0,"comment_status":"closed","ping_status":"closed","template":"templates\/page-full.php","meta":{"footnotes":""},"yoast_head":"<!-- This site is optimized with the Yoast SEO plugin v22.7 - https:\/\/yoast.com\/wordpress\/plugins\/seo\/ -->\n<title>\u00e0 propos de nous - Digital Deep Sea France<\/title>\n<meta name=\"robots\" content=\"index, follow, max-snippet:-1, max-image-preview:large, max-video-preview:-1\" \/>\n<link rel=\"canonical\" href=\"https:\/\/digitaldeepsea.com\/fr\/a-propos-de-nous\/\" \/>\n<meta property=\"og:locale\" content=\"fr_FR\" \/>\n<meta property=\"og:type\" content=\"article\" \/>\n<meta property=\"og:title\" content=\"\u00e0 propos de nous - Digital Deep Sea France\" \/>\n<meta property=\"og:description\" content=\"QUI SOMMES-NOUS? Les produits Digital Deep Sea sont d\u00e9sign\u00e9s pour le march\u00e9\u0301 professionnel incluant les yachts et les navires de commerce, de p\u00eache et de travail. Ce sont des produits robustes qui r\u00e9pondre \u00e0 un environnement exigeant et qui partagent le m\u00eame design et les innovations que nos produits pour la plaisance. Les produits comme &hellip;\" \/>\n<meta property=\"og:url\" content=\"https:\/\/digitaldeepsea.com\/fr\/a-propos-de-nous\/\" \/>\n<meta property=\"og:site_name\" content=\"Digital Deep Sea France\" \/>\n<meta property=\"article:modified_time\" content=\"2024-03-14T10:10:12+00:00\" \/>\n<meta property=\"og:image\" content=\"https:\/\/digitaldeepsea.com\/fr\/wp-content\/uploads\/sites\/2\/2024\/03\/about_us_banner_page_photo.jpg\" \/>\n\t<meta property=\"og:image:width\" content=\"1600\" \/>\n\t<meta property=\"og:image:height\" content=\"350\" \/>\n\t<meta property=\"og:image:type\" content=\"image\/jpeg\" \/>\n<meta name=\"twitter:card\" content=\"summary_large_image\" \/>\n<meta name=\"twitter:label1\" content=\"Dur\u00e9e de lecture estim\u00e9e\" \/>\n\t<meta name=\"twitter:data1\" content=\"2 minutes\" \/>\n<script type=\"application\/ld+json\" class=\"yoast-schema-graph\">{\"@context\":\"https:\/\/schema.org\",\"@graph\":[{\"@type\":\"WebPage\",\"@id\":\"https:\/\/digitaldeepsea.com\/fr\/a-propos-de-nous\/\",\"url\":\"https:\/\/digitaldeepsea.com\/fr\/a-propos-de-nous\/\",\"name\":\"\u00e0 propos de nous - Digital Deep Sea France\",\"isPartOf\":{\"@id\":\"https:\/\/digitaldeepsea.com\/fr\/#website\"},\"primaryImageOfPage\":{\"@id\":\"https:\/\/digitaldeepsea.com\/fr\/a-propos-de-nous\/#primaryimage\"},\"image\":{\"@id\":\"https:\/\/digitaldeepsea.com\/fr\/a-propos-de-nous\/#primaryimage\"},\"thumbnailUrl\":\"https:\/\/digitaldeepsea.com\/fr\/wp-content\/uploads\/sites\/2\/2024\/03\/about_us_banner_page_photo.jpg\",\"datePublished\":\"2024-03-14T09:02:27+00:00\",\"dateModified\":\"2024-03-14T10:10:12+00:00\",\"breadcrumb\":{\"@id\":\"https:\/\/digitaldeepsea.com\/fr\/a-propos-de-nous\/#breadcrumb\"},\"inLanguage\":\"fr-FR\",\"potentialAction\":[{\"@type\":\"ReadAction\",\"target\":[\"https:\/\/digitaldeepsea.com\/fr\/a-propos-de-nous\/\"]}]},{\"@type\":\"ImageObject\",\"inLanguage\":\"fr-FR\",\"@id\":\"https:\/\/digitaldeepsea.com\/fr\/a-propos-de-nous\/#primaryimage\",\"url\":\"https:\/\/digitaldeepsea.com\/fr\/wp-content\/uploads\/sites\/2\/2024\/03\/about_us_banner_page_photo.jpg\",\"contentUrl\":\"https:\/\/digitaldeepsea.com\/fr\/wp-content\/uploads\/sites\/2\/2024\/03\/about_us_banner_page_photo.jpg\",\"width\":1600,\"height\":350},{\"@type\":\"BreadcrumbList\",\"@id\":\"https:\/\/digitaldeepsea.com\/fr\/a-propos-de-nous\/#breadcrumb\",\"itemListElement\":[{\"@type\":\"ListItem\",\"position\":1,\"name\":\"Home\",\"item\":\"https:\/\/digitaldeepsea.com\/fr\/\"},{\"@type\":\"ListItem\",\"position\":2,\"name\":\"\u00e0 propos de nous\"}]},{\"@type\":\"WebSite\",\"@id\":\"https:\/\/digitaldeepsea.com\/fr\/#website\",\"url\":\"https:\/\/digitaldeepsea.com\/fr\/\",\"name\":\"Digital Deep Sea\",\"description\":\"\",\"publisher\":{\"@id\":\"https:\/\/digitaldeepsea.com\/fr\/#organization\"},\"potentialAction\":[{\"@type\":\"SearchAction\",\"target\":{\"@type\":\"EntryPoint\",\"urlTemplate\":\"https:\/\/digitaldeepsea.com\/fr\/?s={search_term_string}\"},\"query-input\":\"required name=search_term_string\"}],\"inLanguage\":\"fr-FR\"},{\"@type\":\"Organization\",\"@id\":\"https:\/\/digitaldeepsea.com\/fr\/#organization\",\"name\":\"Digital Deep Sea\",\"url\":\"https:\/\/digitaldeepsea.com\/fr\/\",\"logo\":{\"@type\":\"ImageObject\",\"inLanguage\":\"fr-FR\",\"@id\":\"https:\/\/digitaldeepsea.com\/fr\/#\/schema\/logo\/image\/\",\"url\":\"https:\/\/digitaldeepsea.com\/fr\/wp-content\/uploads\/sites\/2\/2024\/03\/logo_dy_outline_white.png\",\"contentUrl\":\"https:\/\/digitaldeepsea.com\/fr\/wp-content\/uploads\/sites\/2\/2024\/03\/logo_dy_outline_white.png\",\"width\":200,\"height\":114,\"caption\":\"Digital Deep Sea\"},\"image\":{\"@id\":\"https:\/\/digitaldeepsea.com\/fr\/#\/schema\/logo\/image\/\"}}]}<\/script>\n<!-- \/ Yoast SEO plugin. -->","yoast_head_json":{"title":"\u00e0 propos de nous - Digital Deep Sea France","robots":{"index":"index","follow":"follow","max-snippet":"max-snippet:-1","max-image-preview":"max-image-preview:large","max-video-preview":"max-video-preview:-1"},"canonical":"https:\/\/digitaldeepsea.com\/fr\/a-propos-de-nous\/","og_locale":"fr_FR","og_type":"article","og_title":"\u00e0 propos de nous - Digital Deep Sea France","og_description":"QUI SOMMES-NOUS? Les produits Digital Deep Sea sont d\u00e9sign\u00e9s pour le march\u00e9\u0301 professionnel incluant les yachts et les navires de commerce, de p\u00eache et de travail. Ce sont des produits robustes qui r\u00e9pondre \u00e0 un environnement exigeant et qui partagent le m\u00eame design et les innovations que nos produits pour la plaisance. Les produits comme &hellip;","og_url":"https:\/\/digitaldeepsea.com\/fr\/a-propos-de-nous\/","og_site_name":"Digital Deep Sea France","article_modified_time":"2024-03-14T10:10:12+00:00","og_image":[{"width":1600,"height":350,"url":"https:\/\/digitaldeepsea.com\/fr\/wp-content\/uploads\/sites\/2\/2024\/03\/about_us_banner_page_photo.jpg","type":"image\/jpeg"}],"twitter_card":"summary_large_image","twitter_misc":{"Dur\u00e9e de lecture estim\u00e9e":"2 minutes"},"schema":{"@context":"https:\/\/schema.org","@graph":[{"@type":"WebPage","@id":"https:\/\/digitaldeepsea.com\/fr\/a-propos-de-nous\/","url":"https:\/\/digitaldeepsea.com\/fr\/a-propos-de-nous\/","name":"\u00e0 propos de nous - Digital Deep Sea France","isPartOf":{"@id":"https:\/\/digitaldeepsea.com\/fr\/#website"},"primaryImageOfPage":{"@id":"https:\/\/digitaldeepsea.com\/fr\/a-propos-de-nous\/#primaryimage"},"image":{"@id":"https:\/\/digitaldeepsea.com\/fr\/a-propos-de-nous\/#primaryimage"},"thumbnailUrl":"https:\/\/digitaldeepsea.com\/fr\/wp-content\/uploads\/sites\/2\/2024\/03\/about_us_banner_page_photo.jpg","datePublished":"2024-03-14T09:02:27+00:00","dateModified":"2024-03-14T10:10:12+00:00","breadcrumb":{"@id":"https:\/\/digitaldeepsea.com\/fr\/a-propos-de-nous\/#breadcrumb"},"inLanguage":"fr-FR","potentialAction":[{"@type":"ReadAction","target":["https:\/\/digitaldeepsea.com\/fr\/a-propos-de-nous\/"]}]},{"@type":"ImageObject","inLanguage":"fr-FR","@id":"https:\/\/digitaldeepsea.com\/fr\/a-propos-de-nous\/#primaryimage","url":"https:\/\/digitaldeepsea.com\/fr\/wp-content\/uploads\/sites\/2\/2024\/03\/about_us_banner_page_photo.jpg","contentUrl":"https:\/\/digitaldeepsea.com\/fr\/wp-content\/uploads\/sites\/2\/2024\/03\/about_us_banner_page_photo.jpg","width":1600,"height":350},{"@type":"BreadcrumbList","@id":"https:\/\/digitaldeepsea.com\/fr\/a-propos-de-nous\/#breadcrumb","itemListElement":[{"@type":"ListItem","position":1,"name":"Home","item":"https:\/\/digitaldeepsea.com\/fr\/"},{"@type":"ListItem","position":2,"name":"\u00e0 propos de nous"}]},{"@type":"WebSite","@id":"https:\/\/digitaldeepsea.com\/fr\/#website","url":"https:\/\/digitaldeepsea.com\/fr\/","name":"Digital Deep Sea","description":"","publisher":{"@id":"https:\/\/digitaldeepsea.com\/fr\/#organization"},"potentialAction":[{"@type":"SearchAction","target":{"@type":"EntryPoint","urlTemplate":"https:\/\/digitaldeepsea.com\/fr\/?s={search_term_string}"},"query-input":"required name=search_term_string"}],"inLanguage":"fr-FR"},{"@type":"Organization","@id":"https:\/\/digitaldeepsea.com\/fr\/#organization","name":"Digital Deep Sea","url":"https:\/\/digitaldeepsea.com\/fr\/","logo":{"@type":"ImageObject","inLanguage":"fr-FR","@id":"https:\/\/digitaldeepsea.com\/fr\/#\/schema\/logo\/image\/","url":"https:\/\/digitaldeepsea.com\/fr\/wp-content\/uploads\/sites\/2\/2024\/03\/logo_dy_outline_white.png","contentUrl":"https:\/\/digitaldeepsea.com\/fr\/wp-content\/uploads\/sites\/2\/2024\/03\/logo_dy_outline_white.png","width":200,"height":114,"caption":"Digital Deep Sea"},"image":{"@id":"https:\/\/digitaldeepsea.com\/fr\/#\/schema\/logo\/image\/"}}]}},"_links":{"self":[{"href":"https:\/\/digitaldeepsea.com\/fr\/wp-json\/wp\/v2\/pages\/179"}],"collection":[{"href":"https:\/\/digitaldeepsea.com\/fr\/wp-json\/wp\/v2\/pages"}],"about":[{"href":"https:\/\/digitaldeepsea.com\/fr\/wp-json\/wp\/v2\/types\/page"}],"author":[{"embeddable":true,"href":"https:\/\/digitaldeepsea.com\/fr\/wp-json\/wp\/v2\/users\/1"}],"replies":[{"embeddable":true,"href":"https:\/\/digitaldeepsea.com\/fr\/wp-json\/wp\/v2\/comments?post=179"}],"version-history":[{"count":2,"href":"https:\/\/digitaldeepsea.com\/fr\/wp-json\/wp\/v2\/pages\/179\/revisions"}],"predecessor-version":[{"id":227,"href":"https:\/\/digitaldeepsea.com\/fr\/wp-json\/wp\/v2\/pages\/179\/revisions\/227"}],"wp:featuredmedia":[{"embeddable":true,"href":"https:\/\/digitaldeepsea.com\/fr\/wp-json\/wp\/v2\/media\/217"}],"wp:attachment":[{"href":"https:\/\/digitaldeepsea.com\/fr\/wp-json\/wp\/v2\/media?parent=179"}],"curies":[{"name":"wp","href":"https:\/\/api.w.org\/{rel}","templated":true}]}}