{"id":99,"date":"2024-03-14T12:22:39","date_gmt":"2024-03-14T12:22:39","guid":{"rendered":"https:\/\/digitaldeepsea.com\/es\/?post_type=product&#038;p=99"},"modified":"2025-01-17T07:52:35","modified_gmt":"2025-01-17T07:52:35","slug":"radar-furuno-transpondedor-ais-con-divisor-de-antena-vhf-y-wifi","status":"publish","type":"product","link":"https:\/\/digitaldeepsea.com\/es\/producto\/radar-furuno-transpondedor-ais-con-divisor-de-antena-vhf-y-wifi\/","title":{"rendered":"Radar Furuno &amp; Transpondedor AIS con divisor de antena VHF y WiFi"},"content":{"rendered":"<h5><strong>INCLUYE\u00a0:<\/strong><\/h5>\n<p>Esta soluci\u00f3n AIS y Radar incluye:<\/p>\n<ul>\n<li><a href=\"https:\/\/digitalyacht.es\/producto\/ait5000\/\" target=\"_blank\" rel=\"noopener noreferrer\">AIT5000<\/a>, transpondedor AIS de Clase B+ con divisor de antena e interfaz WiFi integrados<\/li>\n<li><a href=\"https:\/\/www.furuno.fr\/en\/art--DRS4W--DRS4W.html\" target=\"_blank\" rel=\"noopener noreferrer\">DRS4W<\/a>, Radar Furuno WiFi con cable de 15m<\/li>\n<\/ul>\n<p>&nbsp;<\/p>\n<h5><strong>CARACTERISTICAS<\/strong><\/h5>\n<p>Reciba los datos AIS, GPS y Radar en su iPad (v\u00eda la aplicaci\u00f3n TZ iBoat) con el AIT5000, un transpondedor AIS Clase B+, y el radar Furuno DRS4W.<\/p>\n<p>&nbsp;<\/p>\n<p>El <a href=\"https:\/\/www.furuno.fr\/en\/art--DRS4W--DRS4W.html\" target=\"_blank\" rel=\"noopener noreferrer\">DRS4W<\/a> es el \u00faltimo radar inal\u00e1mbrico de Furuno dise\u00f1ado para funcionar con un iPad. Los datos del radar se env\u00edan v\u00eda WiFi a los dispositivos iOS (hasta 2 dispositivos al mismo tiempo), por lo que la instalaci\u00f3n es muy sencilla, ya que no se necesitan cables adicionales aparte de una fuente de alimentaci\u00f3n. La aplicaci\u00f3n radar se puede descargar gratis en la App Store de su iPhone o iPad. Sin embargo, la mayor\u00eda de los usuarios utilizan la aplicaci\u00f3n de cartograf\u00eda TZ iBoat para crear un sistema de navegaci\u00f3n compatible con cartas n\u00e1uticas, AIS y datos de radar.<\/p>\n<p>&nbsp;<\/p>\n<p>El <a href=\"https:\/\/digitalyacht.es\/producto\/ait5000\/\" target=\"_blank\" rel=\"noopener noreferrer\">AIS AIT5000 \u00abNucleus\u00bb Clase B+ 5W<\/a> integra un transpondedor AIS Clase B+ completo con un divisor de antena, que permite compartir la antena VHF principal del barco con el AIS y la radio VHF. Este producto tambi\u00e9n esta equipado con las \u00faltimas interfaces, NMEA0183, NMEA2000, USB y un conversor WiFi, que permite la conexi\u00f3n de tabletas y iPads. La interfaz NMEA permite conectarse a cualquier chart plotter compatible con AIS y el puerto USB est\u00e1 pensado para los usuarios de MAC o PC.<\/p>\n<p>&nbsp;<\/p>\n<p>La interfaz WiFi del AIT5000 transmite datos AIS, GPS y NMEA 0183 a todas las aplicaciones y programas de navegaci\u00f3n. Permite conectar hasta 7 dispositivos al mismo tiempo y es compatible con los protocolos UDP y TCP\/IP. Si tambi\u00e9n quiere transmitir sus datos NMEA2000, puede a\u00f1adir <a href=\"https:\/\/digitalyacht.es\/producto\/ikonvert\/\" target=\"_blank\" rel=\"noopener noreferrer\">iKonvert<\/a>, nuestro convertidor de NMEA2000 a NMEA0183. Las conversiones son bidireccionales.<\/p>\n<p>&nbsp;<\/p>\n<p>El radar Furuno DRS4W debe ser el punto de acceso principal (red WiFi) y se puede programar f\u00e1cilmente el AIT5000 para unirse a la red WiFi creada por el radar Furuno. Los datos AIS y GPS podr\u00e1n entonces integrarse con el v\u00eddeo del radar y con aplicaci\u00f3n TZ iBoat, para as\u00ed poder superponer el radar, el AIS y la cartograf\u00eda.<\/p>\n<p>&nbsp;<\/p>\n<p>&nbsp;<\/p>\n<h5><strong>ESPECIFICACIONES<\/strong><\/h5>\n<ul>\n<li>Radar Furuno DRS4W con AIT5000, Transpondedor AIS Clase B+<\/li>\n<li>Radomo 4KW 19.2\u2033 con alcance de 0.125 a 24MN<\/li>\n<li>Apertura de haz horizontal de 7,2 grados y vertical de 25 grados<\/li>\n<li>Alimentaci\u00f3n: 12\/24 V, 2,1-1,0 A<\/li>\n<li>Crea un acceso WiFi para 2 dispositivos (uno de los cuales puede ser nuestro AIT5000)<\/li>\n<li>Ganancia autom\u00e1tica, STC autom\u00e1tico, compensaci\u00f3n de lluvia<\/li>\n<li>Zona de alarma<\/li>\n<li>La funci\u00f3n de descentrado le permite ver m\u00e1s all\u00e1 de la embarcaci\u00f3n<\/li>\n<li>Aplicaci\u00f3n de radar gratuita disponible en la App Store, pero tambi\u00e9n compatible con la aplicaci\u00f3n TZ iBoat de cartograf\u00eda y AIS (recomendada), para obtener un sistema de navegaci\u00f3n verdaderamente integrado a su iPad con varias cartas n\u00e1uticas del mundo.<\/li>\n<li>El AIT5000 es un transpondedor AIS Clase B+ 5W SOTDMA<\/li>\n<li>Divisor de antena de VHF integrado certificado cero p\u00e9rdidas<\/li>\n<li>Multiplexor NMEA con m\u00faltiples entradas y salidas NMEA0183<\/li>\n<li>Interfaz NMEA2000<\/li>\n<li>Interfaz USB para PC y Mac<\/li>\n<li>Interfaz WiFi segura y protegida por contrase\u00f1a<\/li>\n<li>Configuraci\u00f3n del transpondedor a trav\u00e9s de la interfaz web (sin necesidad de conexi\u00f3n a Internet)<\/li>\n<li>Posibilidad de silencio con interruptor gracias a la interfaz web<\/li>\n<li>Se suministra con antena GPS externa (cable de 10 m)<\/li>\n<\/ul>\n","protected":false},"excerpt":{"rendered":"<p>\u00abEste paquete incluye el radar Furuno DRS4w con el AIT5000, un transpondedor AIS Clase B+ para obtener un sistema de navegaci\u00f3n Radar, AIS &amp; NMEA en iPad\u00bb.<\/p>\n","protected":false},"featured_media":164,"template":"","meta":[],"product_cat":[17,21,44,76],"product_tag":[80,99,82,100,96,101,94],"yoast_head":"<!-- This site is optimized with the Yoast SEO plugin v22.7 - https:\/\/yoast.com\/wordpress\/plugins\/seo\/ -->\n<title>Radar Furuno con Transpondedor AIS - Digital Deep Sea<\/title>\n<meta name=\"description\" content=\"Este pack radar Furuno con transpondedor AIS incluye el radar Furuno DRS4W y el AIT5000 para un sistema de navegaci\u00f3n con Radar, AIS &amp; NMEA en su iPad.\" \/>\n<meta name=\"robots\" content=\"index, follow, max-snippet:-1, max-image-preview:large, max-video-preview:-1\" \/>\n<link rel=\"canonical\" href=\"https:\/\/digitaldeepsea.com\/es\/producto\/radar-furuno-transpondedor-ais-con-divisor-de-antena-vhf-y-wifi\/\" \/>\n<meta property=\"og:locale\" content=\"es_ES\" \/>\n<meta property=\"og:type\" content=\"article\" \/>\n<meta property=\"og:title\" content=\"Radar Furuno con Transpondedor AIS - Digital Deep Sea\" \/>\n<meta property=\"og:description\" content=\"Este pack radar Furuno con transpondedor AIS incluye el radar Furuno DRS4W y el AIT5000 para un sistema de navegaci\u00f3n con Radar, AIS &amp; NMEA en su iPad.\" \/>\n<meta property=\"og:url\" content=\"https:\/\/digitaldeepsea.com\/es\/producto\/radar-furuno-transpondedor-ais-con-divisor-de-antena-vhf-y-wifi\/\" \/>\n<meta property=\"og:site_name\" content=\"Digital Deep Sea Espa\u00f1ol\" \/>\n<meta property=\"article:modified_time\" content=\"2025-01-17T07:52:35+00:00\" \/>\n<meta property=\"og:image\" content=\"https:\/\/digitaldeepsea.com\/es\/wp-content\/uploads\/sites\/3\/2024\/03\/Furuno-radar-and-AIS-transponder-website.jpg\" \/>\n\t<meta property=\"og:image:width\" content=\"1000\" \/>\n\t<meta property=\"og:image:height\" content=\"1000\" \/>\n\t<meta property=\"og:image:type\" content=\"image\/jpeg\" \/>\n<meta name=\"twitter:card\" content=\"summary_large_image\" \/>\n<meta name=\"twitter:label1\" content=\"Tiempo de lectura\" \/>\n\t<meta name=\"twitter:data1\" content=\"3 minutos\" \/>\n<script type=\"application\/ld+json\" class=\"yoast-schema-graph\">{\"@context\":\"https:\/\/schema.org\",\"@graph\":[{\"@type\":\"WebPage\",\"@id\":\"https:\/\/digitaldeepsea.com\/es\/producto\/radar-furuno-transpondedor-ais-con-divisor-de-antena-vhf-y-wifi\/\",\"url\":\"https:\/\/digitaldeepsea.com\/es\/producto\/radar-furuno-transpondedor-ais-con-divisor-de-antena-vhf-y-wifi\/\",\"name\":\"Radar Furuno con Transpondedor AIS - Digital Deep Sea\",\"isPartOf\":{\"@id\":\"https:\/\/digitaldeepsea.com\/es\/#website\"},\"primaryImageOfPage\":{\"@id\":\"https:\/\/digitaldeepsea.com\/es\/producto\/radar-furuno-transpondedor-ais-con-divisor-de-antena-vhf-y-wifi\/#primaryimage\"},\"image\":{\"@id\":\"https:\/\/digitaldeepsea.com\/es\/producto\/radar-furuno-transpondedor-ais-con-divisor-de-antena-vhf-y-wifi\/#primaryimage\"},\"thumbnailUrl\":\"https:\/\/digitaldeepsea.com\/es\/wp-content\/uploads\/sites\/3\/2024\/03\/Furuno-radar-and-AIS-transponder-website.jpg\",\"datePublished\":\"2024-03-14T12:22:39+00:00\",\"dateModified\":\"2025-01-17T07:52:35+00:00\",\"description\":\"Este pack radar Furuno con transpondedor AIS incluye el radar Furuno DRS4W y el AIT5000 para un sistema de navegaci\u00f3n con Radar, AIS &amp; NMEA en su iPad.\",\"breadcrumb\":{\"@id\":\"https:\/\/digitaldeepsea.com\/es\/producto\/radar-furuno-transpondedor-ais-con-divisor-de-antena-vhf-y-wifi\/#breadcrumb\"},\"inLanguage\":\"es\",\"potentialAction\":[{\"@type\":\"ReadAction\",\"target\":[\"https:\/\/digitaldeepsea.com\/es\/producto\/radar-furuno-transpondedor-ais-con-divisor-de-antena-vhf-y-wifi\/\"]}]},{\"@type\":\"ImageObject\",\"inLanguage\":\"es\",\"@id\":\"https:\/\/digitaldeepsea.com\/es\/producto\/radar-furuno-transpondedor-ais-con-divisor-de-antena-vhf-y-wifi\/#primaryimage\",\"url\":\"https:\/\/digitaldeepsea.com\/es\/wp-content\/uploads\/sites\/3\/2024\/03\/Furuno-radar-and-AIS-transponder-website.jpg\",\"contentUrl\":\"https:\/\/digitaldeepsea.com\/es\/wp-content\/uploads\/sites\/3\/2024\/03\/Furuno-radar-and-AIS-transponder-website.jpg\",\"width\":1000,\"height\":1000},{\"@type\":\"BreadcrumbList\",\"@id\":\"https:\/\/digitaldeepsea.com\/es\/producto\/radar-furuno-transpondedor-ais-con-divisor-de-antena-vhf-y-wifi\/#breadcrumb\",\"itemListElement\":[{\"@type\":\"ListItem\",\"position\":1,\"name\":\"Home\",\"item\":\"https:\/\/digitaldeepsea.com\/es\/\"},{\"@type\":\"ListItem\",\"position\":2,\"name\":\"PRODUCTOS\",\"item\":\"https:\/\/digitaldeepsea.com\/es\/productos\/\"},{\"@type\":\"ListItem\",\"position\":3,\"name\":\"Radar Furuno &amp; Transpondedor AIS con divisor de antena VHF y WiFi\"}]},{\"@type\":\"WebSite\",\"@id\":\"https:\/\/digitaldeepsea.com\/es\/#website\",\"url\":\"https:\/\/digitaldeepsea.com\/es\/\",\"name\":\"Digital Deep Sea\",\"description\":\"\",\"publisher\":{\"@id\":\"https:\/\/digitaldeepsea.com\/es\/#organization\"},\"potentialAction\":[{\"@type\":\"SearchAction\",\"target\":{\"@type\":\"EntryPoint\",\"urlTemplate\":\"https:\/\/digitaldeepsea.com\/es\/?s={search_term_string}\"},\"query-input\":\"required name=search_term_string\"}],\"inLanguage\":\"es\"},{\"@type\":\"Organization\",\"@id\":\"https:\/\/digitaldeepsea.com\/es\/#organization\",\"name\":\"Digital Deep Sea\",\"url\":\"https:\/\/digitaldeepsea.com\/es\/\",\"logo\":{\"@type\":\"ImageObject\",\"inLanguage\":\"es\",\"@id\":\"https:\/\/digitaldeepsea.com\/es\/#\/schema\/logo\/image\/\",\"url\":\"https:\/\/digitaldeepsea.com\/es\/wp-content\/uploads\/sites\/3\/2024\/03\/logo_dy_outline_white.png\",\"contentUrl\":\"https:\/\/digitaldeepsea.com\/es\/wp-content\/uploads\/sites\/3\/2024\/03\/logo_dy_outline_white.png\",\"width\":200,\"height\":114,\"caption\":\"Digital Deep Sea\"},\"image\":{\"@id\":\"https:\/\/digitaldeepsea.com\/es\/#\/schema\/logo\/image\/\"}}]}<\/script>\n<!-- \/ Yoast SEO plugin. -->","yoast_head_json":{"title":"Radar Furuno con Transpondedor AIS - Digital Deep Sea","description":"Este pack radar Furuno con transpondedor AIS incluye el radar Furuno DRS4W y el AIT5000 para un sistema de navegaci\u00f3n con Radar, AIS &amp; NMEA en su iPad.","robots":{"index":"index","follow":"follow","max-snippet":"max-snippet:-1","max-image-preview":"max-image-preview:large","max-video-preview":"max-video-preview:-1"},"canonical":"https:\/\/digitaldeepsea.com\/es\/producto\/radar-furuno-transpondedor-ais-con-divisor-de-antena-vhf-y-wifi\/","og_locale":"es_ES","og_type":"article","og_title":"Radar Furuno con Transpondedor AIS - Digital Deep Sea","og_description":"Este pack radar Furuno con transpondedor AIS incluye el radar Furuno DRS4W y el AIT5000 para un sistema de navegaci\u00f3n con Radar, AIS &amp; NMEA en su iPad.","og_url":"https:\/\/digitaldeepsea.com\/es\/producto\/radar-furuno-transpondedor-ais-con-divisor-de-antena-vhf-y-wifi\/","og_site_name":"Digital Deep Sea Espa\u00f1ol","article_modified_time":"2025-01-17T07:52:35+00:00","og_image":[{"width":1000,"height":1000,"url":"https:\/\/digitaldeepsea.com\/es\/wp-content\/uploads\/sites\/3\/2024\/03\/Furuno-radar-and-AIS-transponder-website.jpg","type":"image\/jpeg"}],"twitter_card":"summary_large_image","twitter_misc":{"Tiempo de lectura":"3 minutos"},"schema":{"@context":"https:\/\/schema.org","@graph":[{"@type":"WebPage","@id":"https:\/\/digitaldeepsea.com\/es\/producto\/radar-furuno-transpondedor-ais-con-divisor-de-antena-vhf-y-wifi\/","url":"https:\/\/digitaldeepsea.com\/es\/producto\/radar-furuno-transpondedor-ais-con-divisor-de-antena-vhf-y-wifi\/","name":"Radar Furuno con Transpondedor AIS - Digital Deep Sea","isPartOf":{"@id":"https:\/\/digitaldeepsea.com\/es\/#website"},"primaryImageOfPage":{"@id":"https:\/\/digitaldeepsea.com\/es\/producto\/radar-furuno-transpondedor-ais-con-divisor-de-antena-vhf-y-wifi\/#primaryimage"},"image":{"@id":"https:\/\/digitaldeepsea.com\/es\/producto\/radar-furuno-transpondedor-ais-con-divisor-de-antena-vhf-y-wifi\/#primaryimage"},"thumbnailUrl":"https:\/\/digitaldeepsea.com\/es\/wp-content\/uploads\/sites\/3\/2024\/03\/Furuno-radar-and-AIS-transponder-website.jpg","datePublished":"2024-03-14T12:22:39+00:00","dateModified":"2025-01-17T07:52:35+00:00","description":"Este pack radar Furuno con transpondedor AIS incluye el radar Furuno DRS4W y el AIT5000 para un sistema de navegaci\u00f3n con Radar, AIS &amp; NMEA en su iPad.","breadcrumb":{"@id":"https:\/\/digitaldeepsea.com\/es\/producto\/radar-furuno-transpondedor-ais-con-divisor-de-antena-vhf-y-wifi\/#breadcrumb"},"inLanguage":"es","potentialAction":[{"@type":"ReadAction","target":["https:\/\/digitaldeepsea.com\/es\/producto\/radar-furuno-transpondedor-ais-con-divisor-de-antena-vhf-y-wifi\/"]}]},{"@type":"ImageObject","inLanguage":"es","@id":"https:\/\/digitaldeepsea.com\/es\/producto\/radar-furuno-transpondedor-ais-con-divisor-de-antena-vhf-y-wifi\/#primaryimage","url":"https:\/\/digitaldeepsea.com\/es\/wp-content\/uploads\/sites\/3\/2024\/03\/Furuno-radar-and-AIS-transponder-website.jpg","contentUrl":"https:\/\/digitaldeepsea.com\/es\/wp-content\/uploads\/sites\/3\/2024\/03\/Furuno-radar-and-AIS-transponder-website.jpg","width":1000,"height":1000},{"@type":"BreadcrumbList","@id":"https:\/\/digitaldeepsea.com\/es\/producto\/radar-furuno-transpondedor-ais-con-divisor-de-antena-vhf-y-wifi\/#breadcrumb","itemListElement":[{"@type":"ListItem","position":1,"name":"Home","item":"https:\/\/digitaldeepsea.com\/es\/"},{"@type":"ListItem","position":2,"name":"PRODUCTOS","item":"https:\/\/digitaldeepsea.com\/es\/productos\/"},{"@type":"ListItem","position":3,"name":"Radar Furuno &amp; Transpondedor AIS con divisor de antena VHF y WiFi"}]},{"@type":"WebSite","@id":"https:\/\/digitaldeepsea.com\/es\/#website","url":"https:\/\/digitaldeepsea.com\/es\/","name":"Digital Deep Sea","description":"","publisher":{"@id":"https:\/\/digitaldeepsea.com\/es\/#organization"},"potentialAction":[{"@type":"SearchAction","target":{"@type":"EntryPoint","urlTemplate":"https:\/\/digitaldeepsea.com\/es\/?s={search_term_string}"},"query-input":"required name=search_term_string"}],"inLanguage":"es"},{"@type":"Organization","@id":"https:\/\/digitaldeepsea.com\/es\/#organization","name":"Digital Deep Sea","url":"https:\/\/digitaldeepsea.com\/es\/","logo":{"@type":"ImageObject","inLanguage":"es","@id":"https:\/\/digitaldeepsea.com\/es\/#\/schema\/logo\/image\/","url":"https:\/\/digitaldeepsea.com\/es\/wp-content\/uploads\/sites\/3\/2024\/03\/logo_dy_outline_white.png","contentUrl":"https:\/\/digitaldeepsea.com\/es\/wp-content\/uploads\/sites\/3\/2024\/03\/logo_dy_outline_white.png","width":200,"height":114,"caption":"Digital Deep Sea"},"image":{"@id":"https:\/\/digitaldeepsea.com\/es\/#\/schema\/logo\/image\/"}}]}},"_links":{"self":[{"href":"https:\/\/digitaldeepsea.com\/es\/wp-json\/wp\/v2\/product\/99"}],"collection":[{"href":"https:\/\/digitaldeepsea.com\/es\/wp-json\/wp\/v2\/product"}],"about":[{"href":"https:\/\/digitaldeepsea.com\/es\/wp-json\/wp\/v2\/types\/product"}],"wp:featuredmedia":[{"embeddable":true,"href":"https:\/\/digitaldeepsea.com\/es\/wp-json\/wp\/v2\/media\/164"}],"wp:attachment":[{"href":"https:\/\/digitaldeepsea.com\/es\/wp-json\/wp\/v2\/media?parent=99"}],"wp:term":[{"taxonomy":"product_cat","embeddable":true,"href":"https:\/\/digitaldeepsea.com\/es\/wp-json\/wp\/v2\/product_cat?post=99"},{"taxonomy":"product_tag","embeddable":true,"href":"https:\/\/digitaldeepsea.com\/es\/wp-json\/wp\/v2\/product_tag?post=99"}],"curies":[{"name":"wp","href":"https:\/\/api.w.org\/{rel}","templated":true}]}}