{"id":98,"date":"2024-03-14T12:22:39","date_gmt":"2024-03-14T12:22:39","guid":{"rendered":"https:\/\/digitaldeepsea.com\/es\/?post_type=product&#038;p=98"},"modified":"2025-01-30T09:14:20","modified_gmt":"2025-01-30T09:14:20","slug":"sistema-de-navegacion-para-pc-con-radar-red-nmea2000-y-timezero","status":"publish","type":"product","link":"https:\/\/digitaldeepsea.com\/es\/producto\/sistema-de-navegacion-para-pc-con-radar-red-nmea2000-y-timezero\/","title":{"rendered":"Sistema de navegaci\u00f3n para PC con Radar, red NMEA2000 y TimeZero"},"content":{"rendered":"<h4><strong>INCLUYE<\/strong><\/h4>\n<p>Este sistema de navegaci\u00f3n PC con radar y TimeZero integra el PC Aqua Compact Pro con un radar Furuno y varios dispositivos conectados a una red NMEA 2000. La soluci\u00f3n incluye:<\/p>\n<ul>\n<li>PC Aqua Compact Pro<\/li>\n<li>Pantalla LCD de 23,5 pulgadas<\/li>\n<li>Radar FURUNO DRS4D NXT con la \u00faltima tecnolog\u00eda Doppler<\/li>\n<li>Cable de 15 m para conectar el radar<\/li>\n<li>Software TimeZero Navigator<\/li>\n<li>M\u00f3dulo Radar para el programa TimeZero<\/li>\n<li>AIT2500, transpondedor AIS clase B+ 5W (suministrado con GPS y antena VHF)<\/li>\n<li>iKonvert &#8211; Convertidor USB NMEA2000<\/li>\n<li>NavLink2 &#8211; Conversor WiFi NMEA 2000<\/li>\n<li>HSC100 \u2013 Compas con interfaz NMEA 2000<\/li>\n<li>2 kits de cableado NMEA 2000<\/li>\n<\/ul>\n<p>&nbsp;<\/p>\n<h4><strong>CARACTERISTICAS<\/strong><\/h4>\n<p>Este sistema de navegaci\u00f3n incorpora un radar Furuno DRS4D NXT. Se conecta al PC Aqua Compact Pro mediante un cable de 15 m. Se trata de un radar radomo, pero existe una versi\u00f3n de antena abierta opcional. El programa o aplicaci\u00f3n de TimeZero incluye la superposici\u00f3n de radares, la identificaci\u00f3n de objetivos peligrosos, el seguimiento de objetivos por colores y la superposici\u00f3n de objetivos AIS. Puede ver los datos de sus instrumentos NMEA 2000, AIS y GPS gracias al convertidor USB iKonvert y tambi\u00e9n podr\u00e1 hacerlo en su tableta o el iPad gracias al NavLink2. Nuestro comp\u00e1s HSC100 fluxgate est\u00e1 conectado a la red para optimizar el rendimiento del radar en el modo de seguimiento y rumbo. Este pack incluye el programa de navegaci\u00f3n TimeZero y su m\u00f3dulo Radar.<\/p>\n<p>&nbsp;<\/p>\n<p>El \u00faltimo <a href=\"https:\/\/digitalyacht.es\/producto\/pc-aqua-compact-pro\/\" target=\"_blank\" rel=\"noopener noreferrer\">PC Aqua Compact Pro<\/a> permite una navegaci\u00f3n fiable y asequible. Con un funcionamiento en corriente continua de bajo consumo, est\u00e1 equipado con el \u00faltimo procesador Intel de 10\u00aa generaci\u00f3n. Este ordenador tiene una interfaz WiFi y Bluetooth, un disco duro y 8 GB de RAM. A pesar de sus peque\u00f1as dimensiones de 11,5x11x5 cm, el Aqua PC est\u00e1 equipado con un potente procesador Intel Core i3 de 10\u00aa generaci\u00f3n, que permite un rendimiento gr\u00e1fico excepcional para los programas de navegaci\u00f3n y cartograf\u00eda en HD. Es el compa\u00f1ero ideal para el programa TimeZero. El PC viene equipado con el <a href=\"https:\/\/digitalyacht.es\/producto\/s124\/\" target=\"_blank\" rel=\"noopener noreferrer\">S124, un monitor LCD<\/a> de alta definici\u00f3n de 23,5&#8243; dise\u00f1ado para una instalaci\u00f3n bajo cubierta. Cuenta con una pantalla de 1920 x 1080 p\u00edxeles con una relaci\u00f3n de contraste de 2M:1, para poder obtener colores vivos y una visualizaci\u00f3n muy din\u00e1mica.<\/p>\n<p>&nbsp;<\/p>\n<p>El <a href=\"https:\/\/www.furuno.com\/special\/en\/radar\/drs4d-nxt\/\" target=\"_blank\" rel=\"noopener noreferrer\">Furuno DRS4D NXT<\/a> es el primer radar radomo del mundo que utiliza la tecnolog\u00eda Doppler. Esta nueva tecnolog\u00eda garantiza un plus de seguridad a bordo gracias al c\u00e1lculo autom\u00e1tico permanente de cada objetivo. La serie NXT incluye las funciones Target Analyzer\u2122, Fast Target Tracking\u2122 y Auto Target Acquire, para una detecci\u00f3n y sensibilidad \u00f3ptimas de los objetos peligrosos.<\/p>\n<p>&nbsp;<\/p>\n<p><a href=\"https:\/\/digitalyacht.es\/producto\/maxsea-timezero\/\" target=\"_blank\" rel=\"noopener noreferrer\">TimeZero Navigator<\/a> es un programa de navegacion con funcionalidades de \u00faltima generaci\u00f3n, una visualizaci\u00f3n completa de los objetivos AIS y una amplia selecci\u00f3n de formatos de cartograf\u00eda TimeZero es la soluci\u00f3n de navegaci\u00f3n mar\u00edtima con funcionalidades para todo tipo de navegantes a vela o a motor. Puede elegir entre las cartas MapMedia, para una cartograf\u00eda basada principalmente en datos de ENCs, las cartas C-Map o Navionics. Esta opci\u00f3n cubre cualquier amplia zona geogr\u00e1fica que elija. Cuando haga su pedido, nos pondremos en contacto con usted para confirmar la regi\u00f3n y el tipo de mapa que necesita. Las cartas tambi\u00e9n pueden verse en www.maxsea.com.<\/p>\n<p>&nbsp;<\/p>\n<p>Esta soluci\u00f3n completa incluye el m\u00f3dulo Radar del software Timezero Navigator. TimeZeroIMEZERO ofrece compatibilidad (v\u00eda una simple conexi\u00f3n Ethernet) con el radar Furuno DRS4D NXT, permitiendo as\u00ed el control total del radar (con o sin MFD en la red). Puede ver la imagen Radar directamente superpuesta en la carta de TimeZero (Image Radar Overlay) y gestionarla desde la aplicaci\u00f3n TZ iBoat (iPad\/iPhone). Esta herramienta de seguridad a bordo es muy \u00fatil para observar el entorno respecto a la posici\u00f3n de su barco.<\/p>\n<p>&nbsp;<\/p>\n<p>El <a href=\"https:\/\/digitalyacht.es\/producto\/ait2500\/\" target=\"_blank\" rel=\"noopener noreferrer\">AIT2500<\/a> es un transpondedor AIS SOTDMA 5W con varias interfaces NMEA y una antena GPS externa (cable de 10 m). Se entrega con una antena VHF de 15 cm para las frecuencias AIS (cable de 20 m).\u00a0 El AIT2500 utiliza el nuevo est\u00e1ndar AIS con tecnolog\u00eda SOTDMA y tiene una potencia de 5W en lugar de 2W. La tecnolog\u00eda SOTDMA tambi\u00e9n se encuentra en los transpondedores AIS de clase A, por lo que el AIT2500 tiene la misma prioridad a la hora de reservar un hueco, lo que garantiza que pueda transmitir continuamente. La velocidad de transmisi\u00f3n es de 5 segundos en lugar de 30. El AIT2500 se suministra con una antena GPS y VHF, por lo que muestra tanto la posici\u00f3n GPS como los datos AIS a trav\u00e9s de la red NMEA 2000.<\/p>\n<p>&nbsp;<\/p>\n<p>El convertidor <a href=\"https:\/\/digitalyacht.es\/producto\/ikonvert-usb\/\" target=\"_blank\" rel=\"noopener noreferrer\">iKonvert NMEA 2000 USB<\/a> es un adaptador inteligente y flexible. iKonvert es una v\u00eda sencilla y fiable para que el programa TimeZero acceda a los datos de navegaci\u00f3n de la red NMEA2000. iKonvert traduce los datos NMEA2000 a NMEA0183 y los transmite a la salida USB (tambi\u00e9n disponible un modo NMEA2000 no procesado).<\/p>\n<p>&nbsp;<\/p>\n<p><a href=\"https:\/\/digitalyacht.es\/producto\/navlink2\/\" target=\"_blank\" rel=\"noopener noreferrer\">NavLink 2<\/a> es un conversor NMEA2000 WiFi f\u00e1cil de instalar y dise\u00f1ado para que los datos de navegaci\u00f3n NMEA 2000 est\u00e9n disponibles en las aplicaciones de smartphones, tablets, iPads y PCs. Una vez instalado, NavLink2 crea una red WiFi protegida por contrase\u00f1a a bordo para que los dispositivos se conecten a, o se puede programar para que se una a una red inal\u00e1mbrica existente. De esta manera, todos los datos de navegaci\u00f3n de la red NMEA 2000 se mostrar\u00e1n en la aplicaci\u00f3n TZ iBoat (iPhone\/iPad). La aplicaci\u00f3n TZ iBoat se sincronizar\u00e1 autom\u00e1ticamente con TimeZero y las marcas, rutas, zonas, etc. se transferir\u00e1n autom\u00e1ticamente.<\/p>\n<p>&nbsp;<\/p>\n<p>Por \u00faltimo, este pack incluye el <a href=\"https:\/\/digitaldeepsea.com\/es\/producto\/hsc100\/\" target=\"_blank\" rel=\"noopener noreferrer\">comp\u00e1s HSC100<\/a>. Se trata de un comp\u00e1s electr\u00f3nico con tecnolog\u00eda fluxgate que proporciona datos de rumbo al sistema de navegaci\u00f3n. Esto permite la visualizaci\u00f3n del movimiento en tiempo real en el chart plotter, as\u00ed como la superposici\u00f3n y estabilizaci\u00f3n de los objetivos en las cartas electr\u00f3nicas cuando tienen capacidad MARPA\/ARPA.<\/p>\n<p>&nbsp;<\/p>\n<p>&nbsp;<\/p>\n<h4><strong>INSTALACION<\/strong><\/h4>\n<p>Todos los dispositivos y el AIS tienen una interfaz NMEA2000, por lo que la instalaci\u00f3n es muy f\u00e1cil con nuestro <a href=\"https:\/\/digitalyacht.es\/producto\/kit-nmea2000\/\" target=\"_blank\" rel=\"noopener noreferrer\">kit de cableado NMEA 2000<\/a> incluido en el pack. NMEA2000 utiliza una red (a veces llamada \u00abbackbone\u00bb), por lo que es necesario disponer de conectores en cada extremo, donde cada dispositivo puede conectarse mediante un cable de bajada. La red necesita tambi\u00e9n una fuente de alimentaci\u00f3n el\u00e9ctrica. Adem\u00e1s, nuestros conectores resistentes al agua garantizan la m\u00e1xima fiabilidad. En este pack incluimos dos kits de cableado NMEA2000 para que pueda conectar hasta 8 dispositivos.<\/p>\n<p>&nbsp;<\/p>\n<p>El radar Furuno se suministra con un cable de 15m (cont\u00e1ctenos si necesita 20m). El cable se conecta directamente al puerto Ethernet del PC Aqua Compact Pro y los datos del radar se mostrar\u00e1n directamente en el software TimeZero.<\/p>\n<p>&nbsp;<\/p>\n<p>El iKonvert USB est\u00e1 tambi\u00e9n equipado con un cable USB y NMEA2000 est\u00e1ndar (macho). Adem\u00e1s, iKonvert y NavLink2 se autoalimentan a trav\u00e9s de la red NMEA2000. El AIT2500 se entrega con una antena GPS externa (cable de 10 m) y una peque\u00f1a <a href=\"https:\/\/digitalyacht.es\/producto\/ha156\/\" target=\"_blank\" rel=\"noopener noreferrer\">antena VHF<\/a> (cable de 20 m).<\/p>\n<p>&nbsp;<\/p>\n<p>Puede a\u00f1adir instrumentos adicionales (viento, profundidad, velocidad, temperatura, etc.) a la red NMEA2000 y recibir todos sus datos en las aplicaciones y el programa de navegaci\u00f3n, al igual que pantallas de otras marcas.<\/p>\n<p>&nbsp;<\/p>\n<p>&nbsp;<\/p>\n<h4><strong>ESPECIFICACIONES<\/strong><\/h4>\n<ul>\n<li>Sistema de navegaci\u00f3n con PC marino, pantalla LCD, radar Furuno, software Timezero con M\u00f3dulo Radar, transpondedor AIS Clase B+ y antenas VHF y GPS<\/li>\n<li>Este paquete incluye un ordenador\/PC con red NMEA 2000<\/li>\n<li>Radar Furuno DRS4D NXT<\/li>\n<li>Cable de interconexi\u00f3n de 15 metros<\/li>\n<li>El Aqua Compact Pro tiene un procesador i3 7100U, 8 GB de RAM y un disco duro superr\u00e1pido de 120 GB.<\/li>\n<li>Doble salida HDMI y USB C.<\/li>\n<li>Bluetooth 4.2 y WiFi integrados (m\u00e1s puerto de red)<\/li>\n<li>4 x puertos USB 3<\/li>\n<li>Toma de audio en el panel frontal para la entrada\/salida de audio<\/li>\n<li>Sistema operativo Windows 11<\/li>\n<li>Funcionamiento directo de 12V CC (entrada de 8 a 19 V), consumo de energ\u00eda de aproximadamente 20W<\/li>\n<li>S124 es un monitor marino LCD de alta definici\u00f3n<\/li>\n<li>La pantalla mide 56 x 35 x 6 cm<\/li>\n<li>Altavoces integrados de 2W<\/li>\n<li>Programa de navegaci\u00f3n Timezero Navigator<\/li>\n<li>M\u00f3dulo Radar incluido con Timezero<\/li>\n<li>El AIT2500 es un transpondedor AIS Clase B+<\/li>\n<li>Tecnolog\u00eda SOTDMA 5W<\/li>\n<li>Entregado con una antena GPS (10m de cable) y una peque\u00f1a antena VHF (20m de cable)<\/li>\n<li>Dispone de una interfaz NMEA 0183, NMEA 2000 y USB<\/li>\n<li>iKonvert es un peque\u00f1o pero potente conversor bidireccional NMEA2000 USB<\/li>\n<li>El pack tambi\u00e9n incluye 2 kits de cables NMEA para interconectar f\u00e1cilmente todos los dispositivos<\/li>\n<li>NavLink2 es un conversor NMEA2000 WiFi<\/li>\n<li>Admite hasta 7 dispositivos inal\u00e1mbricos (protocolo UDP y TCP\/IP)<\/li>\n<li>Compatible con todos los programas y aplicaciones m\u00e1s populares<\/li>\n<\/ul>\n<p>&nbsp;<\/p>\n","protected":false},"excerpt":{"rendered":"<p>\u00abEste sistema de navegaci\u00f3n incluye el PC Aqua Compact Pro, una red NMEA 2000, un transpondedor AIS, un radar Furuno con tecnolog\u00eda Doppler y el programa TimeZero Navigator con M\u00f3dulo Radar.\u201d<\/p>\n","protected":false},"featured_media":156,"template":"","meta":[],"product_cat":[27,46,44,45],"product_tag":[95,96,49,50,97,98],"yoast_head":"<!-- This site is optimized with the Yoast SEO plugin v22.7 - https:\/\/yoast.com\/wordpress\/plugins\/seo\/ -->\n<title>Navegaci\u00f3n PC con Radar y TimeZero - Digital Deep Sea<\/title>\n<meta name=\"description\" content=\"Sistema de navegaci\u00f3n PC con Radar y TimeZero. Incluye el PC Aqua Compact Pro, una red NMEA 2000, un transpondedor AIS, radar Furuno y Timezero Navigator.\" \/>\n<meta name=\"robots\" content=\"index, follow, max-snippet:-1, max-image-preview:large, max-video-preview:-1\" \/>\n<link rel=\"canonical\" href=\"https:\/\/digitaldeepsea.com\/es\/producto\/sistema-de-navegacion-para-pc-con-radar-red-nmea2000-y-timezero\/\" \/>\n<meta property=\"og:locale\" content=\"es_ES\" \/>\n<meta property=\"og:type\" content=\"article\" \/>\n<meta property=\"og:title\" content=\"Navegaci\u00f3n PC con Radar y TimeZero - Digital Deep Sea\" \/>\n<meta property=\"og:description\" content=\"Sistema de navegaci\u00f3n PC con Radar y TimeZero. Incluye el PC Aqua Compact Pro, una red NMEA 2000, un transpondedor AIS, radar Furuno y Timezero Navigator.\" \/>\n<meta property=\"og:url\" content=\"https:\/\/digitaldeepsea.com\/es\/producto\/sistema-de-navegacion-para-pc-con-radar-red-nmea2000-y-timezero\/\" \/>\n<meta property=\"og:site_name\" content=\"Digital Deep Sea Espa\u00f1ol\" \/>\n<meta property=\"article:modified_time\" content=\"2025-01-30T09:14:20+00:00\" \/>\n<meta property=\"og:image\" content=\"https:\/\/digitaldeepsea.com\/es\/wp-content\/uploads\/sites\/3\/2024\/03\/PC-Nav-System-with-Radar-1000-x-1000.jpg\" \/>\n\t<meta property=\"og:image:width\" content=\"1000\" \/>\n\t<meta property=\"og:image:height\" content=\"1000\" \/>\n\t<meta property=\"og:image:type\" content=\"image\/jpeg\" \/>\n<meta name=\"twitter:card\" content=\"summary_large_image\" \/>\n<meta name=\"twitter:label1\" content=\"Tiempo de lectura\" \/>\n\t<meta name=\"twitter:data1\" content=\"7 minutos\" \/>\n<script type=\"application\/ld+json\" class=\"yoast-schema-graph\">{\"@context\":\"https:\/\/schema.org\",\"@graph\":[{\"@type\":\"WebPage\",\"@id\":\"https:\/\/digitaldeepsea.com\/es\/producto\/sistema-de-navegacion-para-pc-con-radar-red-nmea2000-y-timezero\/\",\"url\":\"https:\/\/digitaldeepsea.com\/es\/producto\/sistema-de-navegacion-para-pc-con-radar-red-nmea2000-y-timezero\/\",\"name\":\"Navegaci\u00f3n PC con Radar y TimeZero - Digital Deep Sea\",\"isPartOf\":{\"@id\":\"https:\/\/digitaldeepsea.com\/es\/#website\"},\"primaryImageOfPage\":{\"@id\":\"https:\/\/digitaldeepsea.com\/es\/producto\/sistema-de-navegacion-para-pc-con-radar-red-nmea2000-y-timezero\/#primaryimage\"},\"image\":{\"@id\":\"https:\/\/digitaldeepsea.com\/es\/producto\/sistema-de-navegacion-para-pc-con-radar-red-nmea2000-y-timezero\/#primaryimage\"},\"thumbnailUrl\":\"https:\/\/digitaldeepsea.com\/es\/wp-content\/uploads\/sites\/3\/2024\/03\/PC-Nav-System-with-Radar-1000-x-1000.jpg\",\"datePublished\":\"2024-03-14T12:22:39+00:00\",\"dateModified\":\"2025-01-30T09:14:20+00:00\",\"description\":\"Sistema de navegaci\u00f3n PC con Radar y TimeZero. Incluye el PC Aqua Compact Pro, una red NMEA 2000, un transpondedor AIS, radar Furuno y Timezero Navigator.\",\"breadcrumb\":{\"@id\":\"https:\/\/digitaldeepsea.com\/es\/producto\/sistema-de-navegacion-para-pc-con-radar-red-nmea2000-y-timezero\/#breadcrumb\"},\"inLanguage\":\"es\",\"potentialAction\":[{\"@type\":\"ReadAction\",\"target\":[\"https:\/\/digitaldeepsea.com\/es\/producto\/sistema-de-navegacion-para-pc-con-radar-red-nmea2000-y-timezero\/\"]}]},{\"@type\":\"ImageObject\",\"inLanguage\":\"es\",\"@id\":\"https:\/\/digitaldeepsea.com\/es\/producto\/sistema-de-navegacion-para-pc-con-radar-red-nmea2000-y-timezero\/#primaryimage\",\"url\":\"https:\/\/digitaldeepsea.com\/es\/wp-content\/uploads\/sites\/3\/2024\/03\/PC-Nav-System-with-Radar-1000-x-1000.jpg\",\"contentUrl\":\"https:\/\/digitaldeepsea.com\/es\/wp-content\/uploads\/sites\/3\/2024\/03\/PC-Nav-System-with-Radar-1000-x-1000.jpg\",\"width\":1000,\"height\":1000},{\"@type\":\"BreadcrumbList\",\"@id\":\"https:\/\/digitaldeepsea.com\/es\/producto\/sistema-de-navegacion-para-pc-con-radar-red-nmea2000-y-timezero\/#breadcrumb\",\"itemListElement\":[{\"@type\":\"ListItem\",\"position\":1,\"name\":\"Home\",\"item\":\"https:\/\/digitaldeepsea.com\/es\/\"},{\"@type\":\"ListItem\",\"position\":2,\"name\":\"PRODUCTOS\",\"item\":\"https:\/\/digitaldeepsea.com\/es\/productos\/\"},{\"@type\":\"ListItem\",\"position\":3,\"name\":\"Sistema de navegaci\u00f3n para PC con Radar, red NMEA2000 y TimeZero\"}]},{\"@type\":\"WebSite\",\"@id\":\"https:\/\/digitaldeepsea.com\/es\/#website\",\"url\":\"https:\/\/digitaldeepsea.com\/es\/\",\"name\":\"Digital Deep Sea\",\"description\":\"\",\"publisher\":{\"@id\":\"https:\/\/digitaldeepsea.com\/es\/#organization\"},\"potentialAction\":[{\"@type\":\"SearchAction\",\"target\":{\"@type\":\"EntryPoint\",\"urlTemplate\":\"https:\/\/digitaldeepsea.com\/es\/?s={search_term_string}\"},\"query-input\":\"required name=search_term_string\"}],\"inLanguage\":\"es\"},{\"@type\":\"Organization\",\"@id\":\"https:\/\/digitaldeepsea.com\/es\/#organization\",\"name\":\"Digital Deep Sea\",\"url\":\"https:\/\/digitaldeepsea.com\/es\/\",\"logo\":{\"@type\":\"ImageObject\",\"inLanguage\":\"es\",\"@id\":\"https:\/\/digitaldeepsea.com\/es\/#\/schema\/logo\/image\/\",\"url\":\"https:\/\/digitaldeepsea.com\/es\/wp-content\/uploads\/sites\/3\/2024\/03\/logo_dy_outline_white.png\",\"contentUrl\":\"https:\/\/digitaldeepsea.com\/es\/wp-content\/uploads\/sites\/3\/2024\/03\/logo_dy_outline_white.png\",\"width\":200,\"height\":114,\"caption\":\"Digital Deep Sea\"},\"image\":{\"@id\":\"https:\/\/digitaldeepsea.com\/es\/#\/schema\/logo\/image\/\"}}]}<\/script>\n<!-- \/ Yoast SEO plugin. -->","yoast_head_json":{"title":"Navegaci\u00f3n PC con Radar y TimeZero - Digital Deep Sea","description":"Sistema de navegaci\u00f3n PC con Radar y TimeZero. Incluye el PC Aqua Compact Pro, una red NMEA 2000, un transpondedor AIS, radar Furuno y Timezero Navigator.","robots":{"index":"index","follow":"follow","max-snippet":"max-snippet:-1","max-image-preview":"max-image-preview:large","max-video-preview":"max-video-preview:-1"},"canonical":"https:\/\/digitaldeepsea.com\/es\/producto\/sistema-de-navegacion-para-pc-con-radar-red-nmea2000-y-timezero\/","og_locale":"es_ES","og_type":"article","og_title":"Navegaci\u00f3n PC con Radar y TimeZero - Digital Deep Sea","og_description":"Sistema de navegaci\u00f3n PC con Radar y TimeZero. Incluye el PC Aqua Compact Pro, una red NMEA 2000, un transpondedor AIS, radar Furuno y Timezero Navigator.","og_url":"https:\/\/digitaldeepsea.com\/es\/producto\/sistema-de-navegacion-para-pc-con-radar-red-nmea2000-y-timezero\/","og_site_name":"Digital Deep Sea Espa\u00f1ol","article_modified_time":"2025-01-30T09:14:20+00:00","og_image":[{"width":1000,"height":1000,"url":"https:\/\/digitaldeepsea.com\/es\/wp-content\/uploads\/sites\/3\/2024\/03\/PC-Nav-System-with-Radar-1000-x-1000.jpg","type":"image\/jpeg"}],"twitter_card":"summary_large_image","twitter_misc":{"Tiempo de lectura":"7 minutos"},"schema":{"@context":"https:\/\/schema.org","@graph":[{"@type":"WebPage","@id":"https:\/\/digitaldeepsea.com\/es\/producto\/sistema-de-navegacion-para-pc-con-radar-red-nmea2000-y-timezero\/","url":"https:\/\/digitaldeepsea.com\/es\/producto\/sistema-de-navegacion-para-pc-con-radar-red-nmea2000-y-timezero\/","name":"Navegaci\u00f3n PC con Radar y TimeZero - Digital Deep Sea","isPartOf":{"@id":"https:\/\/digitaldeepsea.com\/es\/#website"},"primaryImageOfPage":{"@id":"https:\/\/digitaldeepsea.com\/es\/producto\/sistema-de-navegacion-para-pc-con-radar-red-nmea2000-y-timezero\/#primaryimage"},"image":{"@id":"https:\/\/digitaldeepsea.com\/es\/producto\/sistema-de-navegacion-para-pc-con-radar-red-nmea2000-y-timezero\/#primaryimage"},"thumbnailUrl":"https:\/\/digitaldeepsea.com\/es\/wp-content\/uploads\/sites\/3\/2024\/03\/PC-Nav-System-with-Radar-1000-x-1000.jpg","datePublished":"2024-03-14T12:22:39+00:00","dateModified":"2025-01-30T09:14:20+00:00","description":"Sistema de navegaci\u00f3n PC con Radar y TimeZero. Incluye el PC Aqua Compact Pro, una red NMEA 2000, un transpondedor AIS, radar Furuno y Timezero Navigator.","breadcrumb":{"@id":"https:\/\/digitaldeepsea.com\/es\/producto\/sistema-de-navegacion-para-pc-con-radar-red-nmea2000-y-timezero\/#breadcrumb"},"inLanguage":"es","potentialAction":[{"@type":"ReadAction","target":["https:\/\/digitaldeepsea.com\/es\/producto\/sistema-de-navegacion-para-pc-con-radar-red-nmea2000-y-timezero\/"]}]},{"@type":"ImageObject","inLanguage":"es","@id":"https:\/\/digitaldeepsea.com\/es\/producto\/sistema-de-navegacion-para-pc-con-radar-red-nmea2000-y-timezero\/#primaryimage","url":"https:\/\/digitaldeepsea.com\/es\/wp-content\/uploads\/sites\/3\/2024\/03\/PC-Nav-System-with-Radar-1000-x-1000.jpg","contentUrl":"https:\/\/digitaldeepsea.com\/es\/wp-content\/uploads\/sites\/3\/2024\/03\/PC-Nav-System-with-Radar-1000-x-1000.jpg","width":1000,"height":1000},{"@type":"BreadcrumbList","@id":"https:\/\/digitaldeepsea.com\/es\/producto\/sistema-de-navegacion-para-pc-con-radar-red-nmea2000-y-timezero\/#breadcrumb","itemListElement":[{"@type":"ListItem","position":1,"name":"Home","item":"https:\/\/digitaldeepsea.com\/es\/"},{"@type":"ListItem","position":2,"name":"PRODUCTOS","item":"https:\/\/digitaldeepsea.com\/es\/productos\/"},{"@type":"ListItem","position":3,"name":"Sistema de navegaci\u00f3n para PC con Radar, red NMEA2000 y TimeZero"}]},{"@type":"WebSite","@id":"https:\/\/digitaldeepsea.com\/es\/#website","url":"https:\/\/digitaldeepsea.com\/es\/","name":"Digital Deep Sea","description":"","publisher":{"@id":"https:\/\/digitaldeepsea.com\/es\/#organization"},"potentialAction":[{"@type":"SearchAction","target":{"@type":"EntryPoint","urlTemplate":"https:\/\/digitaldeepsea.com\/es\/?s={search_term_string}"},"query-input":"required name=search_term_string"}],"inLanguage":"es"},{"@type":"Organization","@id":"https:\/\/digitaldeepsea.com\/es\/#organization","name":"Digital Deep Sea","url":"https:\/\/digitaldeepsea.com\/es\/","logo":{"@type":"ImageObject","inLanguage":"es","@id":"https:\/\/digitaldeepsea.com\/es\/#\/schema\/logo\/image\/","url":"https:\/\/digitaldeepsea.com\/es\/wp-content\/uploads\/sites\/3\/2024\/03\/logo_dy_outline_white.png","contentUrl":"https:\/\/digitaldeepsea.com\/es\/wp-content\/uploads\/sites\/3\/2024\/03\/logo_dy_outline_white.png","width":200,"height":114,"caption":"Digital Deep Sea"},"image":{"@id":"https:\/\/digitaldeepsea.com\/es\/#\/schema\/logo\/image\/"}}]}},"_links":{"self":[{"href":"https:\/\/digitaldeepsea.com\/es\/wp-json\/wp\/v2\/product\/98"}],"collection":[{"href":"https:\/\/digitaldeepsea.com\/es\/wp-json\/wp\/v2\/product"}],"about":[{"href":"https:\/\/digitaldeepsea.com\/es\/wp-json\/wp\/v2\/types\/product"}],"wp:featuredmedia":[{"embeddable":true,"href":"https:\/\/digitaldeepsea.com\/es\/wp-json\/wp\/v2\/media\/156"}],"wp:attachment":[{"href":"https:\/\/digitaldeepsea.com\/es\/wp-json\/wp\/v2\/media?parent=98"}],"wp:term":[{"taxonomy":"product_cat","embeddable":true,"href":"https:\/\/digitaldeepsea.com\/es\/wp-json\/wp\/v2\/product_cat?post=98"},{"taxonomy":"product_tag","embeddable":true,"href":"https:\/\/digitaldeepsea.com\/es\/wp-json\/wp\/v2\/product_tag?post=98"}],"curies":[{"name":"wp","href":"https:\/\/api.w.org\/{rel}","templated":true}]}}