{"id":97,"date":"2024-03-14T12:22:39","date_gmt":"2024-03-14T12:22:39","guid":{"rendered":"https:\/\/digitaldeepsea.com\/es\/?post_type=product&#038;p=97"},"modified":"2025-01-17T07:52:34","modified_gmt":"2025-01-17T07:52:34","slug":"ais-deploy","status":"publish","type":"product","link":"https:\/\/digitaldeepsea.com\/es\/producto\/ais-deploy\/","title":{"rendered":"AIS Deploy"},"content":{"rendered":"<h4><strong>CARACTER\u00cdSTICAS PRINCIPALES<\/strong><\/h4>\n<p>El AIS Deploy es un transpondedor AIS Clase A portatil. Se suministra con antenas GPS y VHF y una bater\u00eda recargable de 12 V CC integrada. Es aut\u00f3nomo y muy robusto. Adem\u00e1s de la pantalla (MKD), incorpora una interfaz inal\u00e1mbrica que permite a las tabletas y los iPads utilizar los datos en todas las aplicaciones compatibles.<\/p>\n<p>&nbsp;<\/p>\n<p>Su formato port\u00e1til permite instalar r\u00e1pidamente el transpondedor AIS y todo el sistema de navegaci\u00f3n en cualquier embarcaci\u00f3n. Su uso es ideal para aplicaciones de pilotaje, militares y profesionales. El AIS Deploy es aut\u00f3nomo y lleva incorporada una bater\u00eda recargable de 12V 22Ah y antenas GPS y VHF port\u00e1tiles.\u00a0 Es robusto e impermeable y est\u00e1 dise\u00f1ado para ser transportado en cabina de un avi\u00f3n.<\/p>\n<p>&nbsp;<\/p>\n<p>Los transpondedores AIS necesitan un GPS y una antena VHF para funcionar.\u00a0 El AIS Deploy se suministra con una antena GPS compacta y dos antenas VHF: la antena helicoidal QMax de 25 cm y tambi\u00e9n una antena hinchable de 1 m con correas para montarla r\u00e1pidamente en un soporte.\u00a0 Tambi\u00e9n puede conectarse a cualquier antena VHF est\u00e1ndar disponible.<\/p>\n<p>&nbsp;<\/p>\n<p>El AIS Deploy tiene todas las caracter\u00edsticas tradicionales del AIS de clase A, incluyendo 12 V de potencia de transmisi\u00f3n y una pantalla para registrar los datos del viaje. La unidad cuenta con puertos para antenas y una fuente de alimentaci\u00f3n adicional opcional. La carcasa puede cerrarse para sellar el sistema y que sea impermeable. Los datos se transmiten a trav\u00e9s de una interfaz inal\u00e1mbrica y est\u00e1n protegidos por contrase\u00f1a. La interfaz inal\u00e1mbrica puede transmitir datos a varias tablets, iPads, PCs, etc. simult\u00e1neamente. Adem\u00e1s, es compatible con cientos de aplicaciones de cartograf\u00eda y navegaci\u00f3n.<\/p>\n<p>&nbsp;<\/p>\n<p>Para las operaciones gubernamentales aprobadas, AIS Deploy puede suministrarse con un sistema de seguimiento que se ejecuta en un PC o una tablet Windows normal, lo que permite falsear la posici\u00f3n AIS en otras ubicaciones y con buques de diferente velocidad y rumbo.\u00a0 Tambi\u00e9n se puede cambiar la identidad del buque.<\/p>\n<p>&nbsp;<\/p>\n<p>Si desea leer la descripci\u00f3n completa del producto, <a href=\"https:\/\/digitaldeepsea.com\/es\/wp-content\/uploads\/sites\/3\/media\/2020\/10\/ais-deploy-product-information.pdf\" target=\"_blank\" rel=\"noopener noreferrer\">haga clic aqu\u00ed.\u00a0<\/a><\/p>\n<p>&nbsp;<\/p>\n<p>&nbsp;<\/p>\n<h4><strong>ESPECIFICACIONES<\/strong><\/h4>\n<ul>\n<li>Transpondedor AIS Clase A portatil<\/li>\n<li>Sistema AIS de clase A aprobado por la OMI (sujeto a una instalaci\u00f3n correcta)<\/li>\n<li>Pantalla multifuncional con interfaz wifi para la conexi\u00f3n con la tableta y el iPad (para aplicaciones de navegaci\u00f3n)<\/li>\n<li>Bater\u00eda interna de 22AH 12V DC para un funcionamiento continuo de 24 horas<\/li>\n<li>Puerto de 12 V y USB para tablets y PC<\/li>\n<li>Aut\u00f3nomo, robusto y resistente al agua<\/li>\n<\/ul>\n<h5><\/h5>\n<p>&nbsp;<\/p>\n<h4>ENTREGADO CON<\/h4>\n<ul>\n<li>Antena GPS port\u00e1til, cable de alimentaci\u00f3n de 5 cm<\/li>\n<li>Opci\u00f3n entre 2 antenas VHF: antena compacta Qmax de 25 cm o antena hinchable de 1 m<\/li>\n<li>Posibilidad de elegir varios adaptadores para la conexi\u00f3n con antenas de terceros<\/li>\n<li>Cargador externo AC-DC 12V 4A<\/li>\n<li>Bolsillo interno para guardar accesorios<\/li>\n<li>Velcro para fijar la tablet<\/li>\n<li>Doble alimentaci\u00f3n, USB y mechero<\/li>\n<\/ul>\n","protected":false},"excerpt":{"rendered":"<p>\u00abAIS Deploy es un transpondedor AIS de clase AIS port\u00e1til, aut\u00f3nomo y muy resistente que se suministra con antenas GPS, VHF y una bater\u00eda recargable de 12V CC integrada. Adem\u00e1s del controlador de Clase A (MKD), cuenta con una interfaz inal\u00e1mbrica que permite que las tablets y los iPads muestren los datos en una amplia gama de aplicaciones de navegaci\u00f3n compatibles.\u00bb<\/p>\n","protected":false},"featured_media":152,"template":"","meta":[],"product_cat":[17,18],"product_tag":[91,20,92,93,94],"yoast_head":"<!-- This site is optimized with the Yoast SEO plugin v22.7 - https:\/\/yoast.com\/wordpress\/plugins\/seo\/ -->\n<title>AIS Deploy - Transpondedor AIS Clase A portatil - Digital Deep Sea<\/title>\n<meta name=\"description\" content=\"El AIS Deploy es un transpondedor AIS Clase A portatil que se suministra con antenas GPS y VHF y una bater\u00eda recargable de 12V CC integrada.\" \/>\n<meta name=\"robots\" content=\"index, follow, max-snippet:-1, max-image-preview:large, max-video-preview:-1\" \/>\n<link rel=\"canonical\" href=\"https:\/\/digitaldeepsea.com\/es\/producto\/ais-deploy\/\" \/>\n<meta property=\"og:locale\" content=\"es_ES\" \/>\n<meta property=\"og:type\" content=\"article\" \/>\n<meta property=\"og:title\" content=\"AIS Deploy - Transpondedor AIS Clase A portatil - Digital Deep Sea\" \/>\n<meta property=\"og:description\" content=\"El AIS Deploy es un transpondedor AIS Clase A portatil que se suministra con antenas GPS y VHF y una bater\u00eda recargable de 12V CC integrada.\" \/>\n<meta property=\"og:url\" content=\"https:\/\/digitaldeepsea.com\/es\/producto\/ais-deploy\/\" \/>\n<meta property=\"og:site_name\" content=\"Digital Deep Sea Espa\u00f1ol\" \/>\n<meta property=\"article:modified_time\" content=\"2025-01-17T07:52:34+00:00\" \/>\n<meta property=\"og:image\" content=\"https:\/\/digitaldeepsea.com\/es\/wp-content\/uploads\/sites\/3\/2024\/03\/AIS-Deploy.jpg\" \/>\n\t<meta property=\"og:image:width\" content=\"800\" \/>\n\t<meta property=\"og:image:height\" content=\"800\" \/>\n\t<meta property=\"og:image:type\" content=\"image\/jpeg\" \/>\n<meta name=\"twitter:card\" content=\"summary_large_image\" \/>\n<meta name=\"twitter:label1\" content=\"Tiempo de lectura\" \/>\n\t<meta name=\"twitter:data1\" content=\"3 minutos\" \/>\n<script type=\"application\/ld+json\" class=\"yoast-schema-graph\">{\"@context\":\"https:\/\/schema.org\",\"@graph\":[{\"@type\":\"WebPage\",\"@id\":\"https:\/\/digitaldeepsea.com\/es\/producto\/ais-deploy\/\",\"url\":\"https:\/\/digitaldeepsea.com\/es\/producto\/ais-deploy\/\",\"name\":\"AIS Deploy - Transpondedor AIS Clase A portatil - Digital Deep Sea\",\"isPartOf\":{\"@id\":\"https:\/\/digitaldeepsea.com\/es\/#website\"},\"primaryImageOfPage\":{\"@id\":\"https:\/\/digitaldeepsea.com\/es\/producto\/ais-deploy\/#primaryimage\"},\"image\":{\"@id\":\"https:\/\/digitaldeepsea.com\/es\/producto\/ais-deploy\/#primaryimage\"},\"thumbnailUrl\":\"https:\/\/digitaldeepsea.com\/es\/wp-content\/uploads\/sites\/3\/2024\/03\/AIS-Deploy.jpg\",\"datePublished\":\"2024-03-14T12:22:39+00:00\",\"dateModified\":\"2025-01-17T07:52:34+00:00\",\"description\":\"El AIS Deploy es un transpondedor AIS Clase A portatil que se suministra con antenas GPS y VHF y una bater\u00eda recargable de 12V CC integrada.\",\"breadcrumb\":{\"@id\":\"https:\/\/digitaldeepsea.com\/es\/producto\/ais-deploy\/#breadcrumb\"},\"inLanguage\":\"es\",\"potentialAction\":[{\"@type\":\"ReadAction\",\"target\":[\"https:\/\/digitaldeepsea.com\/es\/producto\/ais-deploy\/\"]}]},{\"@type\":\"ImageObject\",\"inLanguage\":\"es\",\"@id\":\"https:\/\/digitaldeepsea.com\/es\/producto\/ais-deploy\/#primaryimage\",\"url\":\"https:\/\/digitaldeepsea.com\/es\/wp-content\/uploads\/sites\/3\/2024\/03\/AIS-Deploy.jpg\",\"contentUrl\":\"https:\/\/digitaldeepsea.com\/es\/wp-content\/uploads\/sites\/3\/2024\/03\/AIS-Deploy.jpg\",\"width\":800,\"height\":800},{\"@type\":\"BreadcrumbList\",\"@id\":\"https:\/\/digitaldeepsea.com\/es\/producto\/ais-deploy\/#breadcrumb\",\"itemListElement\":[{\"@type\":\"ListItem\",\"position\":1,\"name\":\"Home\",\"item\":\"https:\/\/digitaldeepsea.com\/es\/\"},{\"@type\":\"ListItem\",\"position\":2,\"name\":\"PRODUCTOS\",\"item\":\"https:\/\/digitaldeepsea.com\/es\/productos\/\"},{\"@type\":\"ListItem\",\"position\":3,\"name\":\"AIS Deploy\"}]},{\"@type\":\"WebSite\",\"@id\":\"https:\/\/digitaldeepsea.com\/es\/#website\",\"url\":\"https:\/\/digitaldeepsea.com\/es\/\",\"name\":\"Digital Deep Sea\",\"description\":\"\",\"publisher\":{\"@id\":\"https:\/\/digitaldeepsea.com\/es\/#organization\"},\"potentialAction\":[{\"@type\":\"SearchAction\",\"target\":{\"@type\":\"EntryPoint\",\"urlTemplate\":\"https:\/\/digitaldeepsea.com\/es\/?s={search_term_string}\"},\"query-input\":\"required name=search_term_string\"}],\"inLanguage\":\"es\"},{\"@type\":\"Organization\",\"@id\":\"https:\/\/digitaldeepsea.com\/es\/#organization\",\"name\":\"Digital Deep Sea\",\"url\":\"https:\/\/digitaldeepsea.com\/es\/\",\"logo\":{\"@type\":\"ImageObject\",\"inLanguage\":\"es\",\"@id\":\"https:\/\/digitaldeepsea.com\/es\/#\/schema\/logo\/image\/\",\"url\":\"https:\/\/digitaldeepsea.com\/es\/wp-content\/uploads\/sites\/3\/2024\/03\/logo_dy_outline_white.png\",\"contentUrl\":\"https:\/\/digitaldeepsea.com\/es\/wp-content\/uploads\/sites\/3\/2024\/03\/logo_dy_outline_white.png\",\"width\":200,\"height\":114,\"caption\":\"Digital Deep Sea\"},\"image\":{\"@id\":\"https:\/\/digitaldeepsea.com\/es\/#\/schema\/logo\/image\/\"}}]}<\/script>\n<!-- \/ Yoast SEO plugin. -->","yoast_head_json":{"title":"AIS Deploy - Transpondedor AIS Clase A portatil - Digital Deep Sea","description":"El AIS Deploy es un transpondedor AIS Clase A portatil que se suministra con antenas GPS y VHF y una bater\u00eda recargable de 12V CC integrada.","robots":{"index":"index","follow":"follow","max-snippet":"max-snippet:-1","max-image-preview":"max-image-preview:large","max-video-preview":"max-video-preview:-1"},"canonical":"https:\/\/digitaldeepsea.com\/es\/producto\/ais-deploy\/","og_locale":"es_ES","og_type":"article","og_title":"AIS Deploy - Transpondedor AIS Clase A portatil - Digital Deep Sea","og_description":"El AIS Deploy es un transpondedor AIS Clase A portatil que se suministra con antenas GPS y VHF y una bater\u00eda recargable de 12V CC integrada.","og_url":"https:\/\/digitaldeepsea.com\/es\/producto\/ais-deploy\/","og_site_name":"Digital Deep Sea Espa\u00f1ol","article_modified_time":"2025-01-17T07:52:34+00:00","og_image":[{"width":800,"height":800,"url":"https:\/\/digitaldeepsea.com\/es\/wp-content\/uploads\/sites\/3\/2024\/03\/AIS-Deploy.jpg","type":"image\/jpeg"}],"twitter_card":"summary_large_image","twitter_misc":{"Tiempo de lectura":"3 minutos"},"schema":{"@context":"https:\/\/schema.org","@graph":[{"@type":"WebPage","@id":"https:\/\/digitaldeepsea.com\/es\/producto\/ais-deploy\/","url":"https:\/\/digitaldeepsea.com\/es\/producto\/ais-deploy\/","name":"AIS Deploy - Transpondedor AIS Clase A portatil - Digital Deep Sea","isPartOf":{"@id":"https:\/\/digitaldeepsea.com\/es\/#website"},"primaryImageOfPage":{"@id":"https:\/\/digitaldeepsea.com\/es\/producto\/ais-deploy\/#primaryimage"},"image":{"@id":"https:\/\/digitaldeepsea.com\/es\/producto\/ais-deploy\/#primaryimage"},"thumbnailUrl":"https:\/\/digitaldeepsea.com\/es\/wp-content\/uploads\/sites\/3\/2024\/03\/AIS-Deploy.jpg","datePublished":"2024-03-14T12:22:39+00:00","dateModified":"2025-01-17T07:52:34+00:00","description":"El AIS Deploy es un transpondedor AIS Clase A portatil que se suministra con antenas GPS y VHF y una bater\u00eda recargable de 12V CC integrada.","breadcrumb":{"@id":"https:\/\/digitaldeepsea.com\/es\/producto\/ais-deploy\/#breadcrumb"},"inLanguage":"es","potentialAction":[{"@type":"ReadAction","target":["https:\/\/digitaldeepsea.com\/es\/producto\/ais-deploy\/"]}]},{"@type":"ImageObject","inLanguage":"es","@id":"https:\/\/digitaldeepsea.com\/es\/producto\/ais-deploy\/#primaryimage","url":"https:\/\/digitaldeepsea.com\/es\/wp-content\/uploads\/sites\/3\/2024\/03\/AIS-Deploy.jpg","contentUrl":"https:\/\/digitaldeepsea.com\/es\/wp-content\/uploads\/sites\/3\/2024\/03\/AIS-Deploy.jpg","width":800,"height":800},{"@type":"BreadcrumbList","@id":"https:\/\/digitaldeepsea.com\/es\/producto\/ais-deploy\/#breadcrumb","itemListElement":[{"@type":"ListItem","position":1,"name":"Home","item":"https:\/\/digitaldeepsea.com\/es\/"},{"@type":"ListItem","position":2,"name":"PRODUCTOS","item":"https:\/\/digitaldeepsea.com\/es\/productos\/"},{"@type":"ListItem","position":3,"name":"AIS Deploy"}]},{"@type":"WebSite","@id":"https:\/\/digitaldeepsea.com\/es\/#website","url":"https:\/\/digitaldeepsea.com\/es\/","name":"Digital Deep Sea","description":"","publisher":{"@id":"https:\/\/digitaldeepsea.com\/es\/#organization"},"potentialAction":[{"@type":"SearchAction","target":{"@type":"EntryPoint","urlTemplate":"https:\/\/digitaldeepsea.com\/es\/?s={search_term_string}"},"query-input":"required name=search_term_string"}],"inLanguage":"es"},{"@type":"Organization","@id":"https:\/\/digitaldeepsea.com\/es\/#organization","name":"Digital Deep Sea","url":"https:\/\/digitaldeepsea.com\/es\/","logo":{"@type":"ImageObject","inLanguage":"es","@id":"https:\/\/digitaldeepsea.com\/es\/#\/schema\/logo\/image\/","url":"https:\/\/digitaldeepsea.com\/es\/wp-content\/uploads\/sites\/3\/2024\/03\/logo_dy_outline_white.png","contentUrl":"https:\/\/digitaldeepsea.com\/es\/wp-content\/uploads\/sites\/3\/2024\/03\/logo_dy_outline_white.png","width":200,"height":114,"caption":"Digital Deep Sea"},"image":{"@id":"https:\/\/digitaldeepsea.com\/es\/#\/schema\/logo\/image\/"}}]}},"_links":{"self":[{"href":"https:\/\/digitaldeepsea.com\/es\/wp-json\/wp\/v2\/product\/97"}],"collection":[{"href":"https:\/\/digitaldeepsea.com\/es\/wp-json\/wp\/v2\/product"}],"about":[{"href":"https:\/\/digitaldeepsea.com\/es\/wp-json\/wp\/v2\/types\/product"}],"wp:featuredmedia":[{"embeddable":true,"href":"https:\/\/digitaldeepsea.com\/es\/wp-json\/wp\/v2\/media\/152"}],"wp:attachment":[{"href":"https:\/\/digitaldeepsea.com\/es\/wp-json\/wp\/v2\/media?parent=97"}],"wp:term":[{"taxonomy":"product_cat","embeddable":true,"href":"https:\/\/digitaldeepsea.com\/es\/wp-json\/wp\/v2\/product_cat?post=97"},{"taxonomy":"product_tag","embeddable":true,"href":"https:\/\/digitaldeepsea.com\/es\/wp-json\/wp\/v2\/product_tag?post=97"}],"curies":[{"name":"wp","href":"https:\/\/api.w.org\/{rel}","templated":true}]}}