{"id":95,"date":"2024-03-14T12:22:39","date_gmt":"2024-03-14T12:22:39","guid":{"rendered":"https:\/\/digitaldeepsea.com\/es\/?post_type=product&#038;p=95"},"modified":"2025-01-17T07:42:14","modified_gmt":"2025-01-17T07:42:14","slug":"4g-xtream","status":"publish","type":"product","link":"https:\/\/digitaldeepsea.com\/es\/producto\/4g-xtream\/","title":{"rendered":"4G Xtream"},"content":{"rendered":"<h4><strong>CARACTERISTICAS<\/strong><\/h4>\n<p>4G Xtream es nuestro \u00faltimo producto premium de acceso a Internet 4G para barco. Se entrega con un pack completo que incluye dos antenas externas, hardware de montaje en cubierta y cableado. Tambi\u00e9n contamos con otros soportes de antena como opci\u00f3n adicional.<\/p>\n<p>&nbsp;<\/p>\n<p>Gracias a la tecnolog\u00eda MIMO y a las dos antenas externas LTE de banda ancha, el 4G Xtream ofrece una r\u00e1pida conexi\u00f3n a Internet para barco de hasta 300 MB (dependiendo de la red). Tiene de un router WiFi de doble banda integrado que admite m\u00faltiples conexiones, dos ranuras SIM (con cambio autom\u00e1tico en caso necesario), GPS integrado (para aplicaciones IOT y de tracking), adem\u00e1s de una interfaz NMEA 2000 para la difusi\u00f3n de los datos de navegaci\u00f3n a trav\u00e9s la conexi\u00f3n inal\u00e1mbrica (WiFi). Tambi\u00e9n cuenta con una interfaz Bluetooth para futuras aplicaciones.<\/p>\n<p>&nbsp;<\/p>\n<p>El 4G Xtream, junto a nuestro\u00a0<a href=\"https:\/\/digitaldeepsea.com\/es\/producto\/4g-connect-pro\/\" target=\"_blank\" rel=\"noopener noreferrer\">4G Connect Pro<\/a>, es un producto de primera calidad, ideal para grandes yates, barcos de trabajo, remolcadores y buques comerciales en los que se requiera una conexi\u00f3n a Internet para barco fiable y de bajo coste en la costa y en el puerto.<\/p>\n<p>&nbsp;<\/p>\n<p>Para una conexi\u00f3n Internet adicional, puede conectar una antena booster Wi-Fi (para acceder a puntos de acceso WiFi en restaurantes, bares, etc.), al puerto WAN. El 4GXtream puede entonces actuar como un router y permitir al usuario pasar de una conexi\u00f3n a internet para barco WiFi a una conexi\u00f3n a internet 4G.<\/p>\n<p>&nbsp;<\/p>\n<p>&nbsp;<\/p>\n<p>&nbsp;<\/p>\n<h4><b>ESPECIFICACIONES<\/b><\/h4>\n<ul>\n<li>Internet 4G para barco<\/li>\n<li>Ultima tecnolog\u00eda LTE MIMO Cat 6, con un alcance de hasta 25 millas mar adentro (dependiendo de la red)<\/li>\n<li>Doble ranura SIM con selecci\u00f3n autom\u00e1tica o manual<\/li>\n<li>Dos antenas externas de alta ganancia y amplio ancho de banda<\/li>\n<li>Router WiFi de doble banda (2,4 y 5 GHz) integrado (configurable independientemente)<\/li>\n<li>Interfaz NMEA2000 integrada para la transmisi\u00f3n de datos de navegaci\u00f3n a trav\u00e9s de la red inal\u00e1mbrica y por cable a las aplicaciones compatibles<\/li>\n<li>GPS integrado con antena externa para aplicaciones IOT y de seguimiento<\/li>\n<li>Bluetooth integrado con antena para futuras aplicaciones<\/li>\n<li>3 x puertos LAN<\/li>\n<li>1 x puerto WAN para una conectividad Internet adicional (p.ej. antena booster WiFi de alta potencia WL510)<\/li>\n<li>La configuraci\u00f3n de los par\u00e1metros APN de la tarjeta SIM se realiza autom\u00e1ticamente<\/li>\n<li>Conectividad de entrada\/salida digital para aplicaciones IOT y de control (disponible en el tercer trimestre de 2021)<\/li>\n<li>Programable v\u00eda SMS<\/li>\n<li>Se puede adquirir como opci\u00f3n adicional un cable LRM400 de 10 o 20 metros<\/li>\n<\/ul>\n<p>&nbsp;<\/p>\n<p>&nbsp;<\/p>\n<h4><b>DETALLES TECNICOS<\/b><\/h4>\n<table style=\"height: 471px\" width=\"912\">\n<tbody>\n<tr>\n<td width=\"302\">\n<p style=\"text-align: center\">Temperatura<\/p>\n<p style=\"text-align: center\">Dimensiones<\/p>\n<\/td>\n<td style=\"text-align: center\" width=\"302\">-40 a +75 C<\/p>\n<p>Dimensiones: 68 x 26 x 11 cm<\/p>\n<p>Peso: 3,8kg<\/p>\n<p>Protecci\u00f3n IPX4<\/td>\n<\/tr>\n<tr>\n<td width=\"302\">\n<p style=\"text-align: center\">Tecnolog\u00eda<\/p>\n<p style=\"text-align: center\">4G\/LTE<\/p>\n<p style=\"text-align: center\">2G\/3G<\/p>\n<\/td>\n<td width=\"302\">\n<p style=\"text-align: center\">4G(LTE) CAT 6 hasta 300 MB\/s<\/p>\n<p style=\"text-align: center\">Modem Clase 3 (hasta 25 dBm)<\/p>\n<p style=\"text-align: center\">Compatible con las bandas LTE FDD : B1, B3, B5, B7, B8, B20, B28, B32<\/p>\n<p style=\"text-align: center\">Compatible con las bandas TDD : B38, B40, B41<\/p>\n<p style=\"text-align: center\">Dos antenas MIMO<\/p>\n<\/td>\n<\/tr>\n<tr>\n<td style=\"text-align: center\" width=\"302\">Interfaces<\/td>\n<td width=\"302\">\n<p style=\"text-align: center\">1 x puerto Ethernet WAN 10\/100<\/p>\n<p style=\"text-align: center\">WiFi 802.11b\/g\/n\/ac<\/p>\n<p style=\"text-align: center\">3 x puertos Ethernet LAN 10\/100<\/p>\n<\/td>\n<\/tr>\n<\/tbody>\n<\/table>\n<p><strong>\u00a0<\/strong><\/p>\n","protected":false},"excerpt":{"rendered":"<p>\u201c4G Xtream es nuestro \u00faltimo producto premium de acceso a internet para barco LTE. Ofrece una conexi\u00f3n r\u00e1pida de hasta 300 MB, dispone de un router WiFi de doble banda integrado, dos ranuras SIM, GPS integrado, adem\u00e1s de una interfaz NMEA 2000\u201d<\/p>\n","protected":false},"featured_media":149,"template":"","meta":[],"product_cat":[35],"product_tag":[89,55,47,36,90],"yoast_head":"<!-- This site is optimized with the Yoast SEO plugin v22.7 - https:\/\/yoast.com\/wordpress\/plugins\/seo\/ -->\n<title>4G Xtream - Internet 4G para barco - Digital Deep Sea<\/title>\n<meta name=\"description\" content=\"4G Xtream es nuestra \u00faltima soluci\u00f3n profesional de acceso a Internet 4G para barco y datos NMEA 2000. Ofrece una conectividad r\u00e1pida de hasta 300 MB.\" \/>\n<meta name=\"robots\" content=\"index, follow, max-snippet:-1, max-image-preview:large, max-video-preview:-1\" \/>\n<link rel=\"canonical\" href=\"https:\/\/digitaldeepsea.com\/es\/producto\/4g-xtream\/\" \/>\n<meta property=\"og:locale\" content=\"es_ES\" \/>\n<meta property=\"og:type\" content=\"article\" \/>\n<meta property=\"og:title\" content=\"4G Xtream - Internet 4G para barco - Digital Deep Sea\" \/>\n<meta property=\"og:description\" content=\"4G Xtream es nuestra \u00faltima soluci\u00f3n profesional de acceso a Internet 4G para barco y datos NMEA 2000. Ofrece una conectividad r\u00e1pida de hasta 300 MB.\" \/>\n<meta property=\"og:url\" content=\"https:\/\/digitaldeepsea.com\/es\/producto\/4g-xtream\/\" \/>\n<meta property=\"og:site_name\" content=\"Digital Deep Sea Espa\u00f1ol\" \/>\n<meta property=\"article:modified_time\" content=\"2025-01-17T07:42:14+00:00\" \/>\n<meta property=\"og:image\" content=\"https:\/\/digitaldeepsea.com\/es\/wp-content\/uploads\/sites\/3\/2024\/03\/4g-1.jpg\" \/>\n\t<meta property=\"og:image:width\" content=\"1000\" \/>\n\t<meta property=\"og:image:height\" content=\"1000\" \/>\n\t<meta property=\"og:image:type\" content=\"image\/jpeg\" \/>\n<meta name=\"twitter:card\" content=\"summary_large_image\" \/>\n<meta name=\"twitter:label1\" content=\"Tiempo de lectura\" \/>\n\t<meta name=\"twitter:data1\" content=\"3 minutos\" \/>\n<script type=\"application\/ld+json\" class=\"yoast-schema-graph\">{\"@context\":\"https:\/\/schema.org\",\"@graph\":[{\"@type\":\"WebPage\",\"@id\":\"https:\/\/digitaldeepsea.com\/es\/producto\/4g-xtream\/\",\"url\":\"https:\/\/digitaldeepsea.com\/es\/producto\/4g-xtream\/\",\"name\":\"4G Xtream - Internet 4G para barco - Digital Deep Sea\",\"isPartOf\":{\"@id\":\"https:\/\/digitaldeepsea.com\/es\/#website\"},\"primaryImageOfPage\":{\"@id\":\"https:\/\/digitaldeepsea.com\/es\/producto\/4g-xtream\/#primaryimage\"},\"image\":{\"@id\":\"https:\/\/digitaldeepsea.com\/es\/producto\/4g-xtream\/#primaryimage\"},\"thumbnailUrl\":\"https:\/\/digitaldeepsea.com\/es\/wp-content\/uploads\/sites\/3\/2024\/03\/4g-1.jpg\",\"datePublished\":\"2024-03-14T12:22:39+00:00\",\"dateModified\":\"2025-01-17T07:42:14+00:00\",\"description\":\"4G Xtream es nuestra \u00faltima soluci\u00f3n profesional de acceso a Internet 4G para barco y datos NMEA 2000. Ofrece una conectividad r\u00e1pida de hasta 300 MB.\",\"breadcrumb\":{\"@id\":\"https:\/\/digitaldeepsea.com\/es\/producto\/4g-xtream\/#breadcrumb\"},\"inLanguage\":\"es\",\"potentialAction\":[{\"@type\":\"ReadAction\",\"target\":[\"https:\/\/digitaldeepsea.com\/es\/producto\/4g-xtream\/\"]}]},{\"@type\":\"ImageObject\",\"inLanguage\":\"es\",\"@id\":\"https:\/\/digitaldeepsea.com\/es\/producto\/4g-xtream\/#primaryimage\",\"url\":\"https:\/\/digitaldeepsea.com\/es\/wp-content\/uploads\/sites\/3\/2024\/03\/4g-1.jpg\",\"contentUrl\":\"https:\/\/digitaldeepsea.com\/es\/wp-content\/uploads\/sites\/3\/2024\/03\/4g-1.jpg\",\"width\":1000,\"height\":1000},{\"@type\":\"BreadcrumbList\",\"@id\":\"https:\/\/digitaldeepsea.com\/es\/producto\/4g-xtream\/#breadcrumb\",\"itemListElement\":[{\"@type\":\"ListItem\",\"position\":1,\"name\":\"Home\",\"item\":\"https:\/\/digitaldeepsea.com\/es\/\"},{\"@type\":\"ListItem\",\"position\":2,\"name\":\"PRODUCTOS\",\"item\":\"https:\/\/digitaldeepsea.com\/es\/productos\/\"},{\"@type\":\"ListItem\",\"position\":3,\"name\":\"4G Xtream\"}]},{\"@type\":\"WebSite\",\"@id\":\"https:\/\/digitaldeepsea.com\/es\/#website\",\"url\":\"https:\/\/digitaldeepsea.com\/es\/\",\"name\":\"Digital Deep Sea\",\"description\":\"\",\"publisher\":{\"@id\":\"https:\/\/digitaldeepsea.com\/es\/#organization\"},\"potentialAction\":[{\"@type\":\"SearchAction\",\"target\":{\"@type\":\"EntryPoint\",\"urlTemplate\":\"https:\/\/digitaldeepsea.com\/es\/?s={search_term_string}\"},\"query-input\":\"required name=search_term_string\"}],\"inLanguage\":\"es\"},{\"@type\":\"Organization\",\"@id\":\"https:\/\/digitaldeepsea.com\/es\/#organization\",\"name\":\"Digital Deep Sea\",\"url\":\"https:\/\/digitaldeepsea.com\/es\/\",\"logo\":{\"@type\":\"ImageObject\",\"inLanguage\":\"es\",\"@id\":\"https:\/\/digitaldeepsea.com\/es\/#\/schema\/logo\/image\/\",\"url\":\"https:\/\/digitaldeepsea.com\/es\/wp-content\/uploads\/sites\/3\/2024\/03\/logo_dy_outline_white.png\",\"contentUrl\":\"https:\/\/digitaldeepsea.com\/es\/wp-content\/uploads\/sites\/3\/2024\/03\/logo_dy_outline_white.png\",\"width\":200,\"height\":114,\"caption\":\"Digital Deep Sea\"},\"image\":{\"@id\":\"https:\/\/digitaldeepsea.com\/es\/#\/schema\/logo\/image\/\"}}]}<\/script>\n<!-- \/ Yoast SEO plugin. -->","yoast_head_json":{"title":"4G Xtream - Internet 4G para barco - Digital Deep Sea","description":"4G Xtream es nuestra \u00faltima soluci\u00f3n profesional de acceso a Internet 4G para barco y datos NMEA 2000. Ofrece una conectividad r\u00e1pida de hasta 300 MB.","robots":{"index":"index","follow":"follow","max-snippet":"max-snippet:-1","max-image-preview":"max-image-preview:large","max-video-preview":"max-video-preview:-1"},"canonical":"https:\/\/digitaldeepsea.com\/es\/producto\/4g-xtream\/","og_locale":"es_ES","og_type":"article","og_title":"4G Xtream - Internet 4G para barco - Digital Deep Sea","og_description":"4G Xtream es nuestra \u00faltima soluci\u00f3n profesional de acceso a Internet 4G para barco y datos NMEA 2000. Ofrece una conectividad r\u00e1pida de hasta 300 MB.","og_url":"https:\/\/digitaldeepsea.com\/es\/producto\/4g-xtream\/","og_site_name":"Digital Deep Sea Espa\u00f1ol","article_modified_time":"2025-01-17T07:42:14+00:00","og_image":[{"width":1000,"height":1000,"url":"https:\/\/digitaldeepsea.com\/es\/wp-content\/uploads\/sites\/3\/2024\/03\/4g-1.jpg","type":"image\/jpeg"}],"twitter_card":"summary_large_image","twitter_misc":{"Tiempo de lectura":"3 minutos"},"schema":{"@context":"https:\/\/schema.org","@graph":[{"@type":"WebPage","@id":"https:\/\/digitaldeepsea.com\/es\/producto\/4g-xtream\/","url":"https:\/\/digitaldeepsea.com\/es\/producto\/4g-xtream\/","name":"4G Xtream - Internet 4G para barco - Digital Deep Sea","isPartOf":{"@id":"https:\/\/digitaldeepsea.com\/es\/#website"},"primaryImageOfPage":{"@id":"https:\/\/digitaldeepsea.com\/es\/producto\/4g-xtream\/#primaryimage"},"image":{"@id":"https:\/\/digitaldeepsea.com\/es\/producto\/4g-xtream\/#primaryimage"},"thumbnailUrl":"https:\/\/digitaldeepsea.com\/es\/wp-content\/uploads\/sites\/3\/2024\/03\/4g-1.jpg","datePublished":"2024-03-14T12:22:39+00:00","dateModified":"2025-01-17T07:42:14+00:00","description":"4G Xtream es nuestra \u00faltima soluci\u00f3n profesional de acceso a Internet 4G para barco y datos NMEA 2000. Ofrece una conectividad r\u00e1pida de hasta 300 MB.","breadcrumb":{"@id":"https:\/\/digitaldeepsea.com\/es\/producto\/4g-xtream\/#breadcrumb"},"inLanguage":"es","potentialAction":[{"@type":"ReadAction","target":["https:\/\/digitaldeepsea.com\/es\/producto\/4g-xtream\/"]}]},{"@type":"ImageObject","inLanguage":"es","@id":"https:\/\/digitaldeepsea.com\/es\/producto\/4g-xtream\/#primaryimage","url":"https:\/\/digitaldeepsea.com\/es\/wp-content\/uploads\/sites\/3\/2024\/03\/4g-1.jpg","contentUrl":"https:\/\/digitaldeepsea.com\/es\/wp-content\/uploads\/sites\/3\/2024\/03\/4g-1.jpg","width":1000,"height":1000},{"@type":"BreadcrumbList","@id":"https:\/\/digitaldeepsea.com\/es\/producto\/4g-xtream\/#breadcrumb","itemListElement":[{"@type":"ListItem","position":1,"name":"Home","item":"https:\/\/digitaldeepsea.com\/es\/"},{"@type":"ListItem","position":2,"name":"PRODUCTOS","item":"https:\/\/digitaldeepsea.com\/es\/productos\/"},{"@type":"ListItem","position":3,"name":"4G Xtream"}]},{"@type":"WebSite","@id":"https:\/\/digitaldeepsea.com\/es\/#website","url":"https:\/\/digitaldeepsea.com\/es\/","name":"Digital Deep Sea","description":"","publisher":{"@id":"https:\/\/digitaldeepsea.com\/es\/#organization"},"potentialAction":[{"@type":"SearchAction","target":{"@type":"EntryPoint","urlTemplate":"https:\/\/digitaldeepsea.com\/es\/?s={search_term_string}"},"query-input":"required name=search_term_string"}],"inLanguage":"es"},{"@type":"Organization","@id":"https:\/\/digitaldeepsea.com\/es\/#organization","name":"Digital Deep Sea","url":"https:\/\/digitaldeepsea.com\/es\/","logo":{"@type":"ImageObject","inLanguage":"es","@id":"https:\/\/digitaldeepsea.com\/es\/#\/schema\/logo\/image\/","url":"https:\/\/digitaldeepsea.com\/es\/wp-content\/uploads\/sites\/3\/2024\/03\/logo_dy_outline_white.png","contentUrl":"https:\/\/digitaldeepsea.com\/es\/wp-content\/uploads\/sites\/3\/2024\/03\/logo_dy_outline_white.png","width":200,"height":114,"caption":"Digital Deep Sea"},"image":{"@id":"https:\/\/digitaldeepsea.com\/es\/#\/schema\/logo\/image\/"}}]}},"_links":{"self":[{"href":"https:\/\/digitaldeepsea.com\/es\/wp-json\/wp\/v2\/product\/95"}],"collection":[{"href":"https:\/\/digitaldeepsea.com\/es\/wp-json\/wp\/v2\/product"}],"about":[{"href":"https:\/\/digitaldeepsea.com\/es\/wp-json\/wp\/v2\/types\/product"}],"wp:featuredmedia":[{"embeddable":true,"href":"https:\/\/digitaldeepsea.com\/es\/wp-json\/wp\/v2\/media\/149"}],"wp:attachment":[{"href":"https:\/\/digitaldeepsea.com\/es\/wp-json\/wp\/v2\/media?parent=95"}],"wp:term":[{"taxonomy":"product_cat","embeddable":true,"href":"https:\/\/digitaldeepsea.com\/es\/wp-json\/wp\/v2\/product_cat?post=95"},{"taxonomy":"product_tag","embeddable":true,"href":"https:\/\/digitaldeepsea.com\/es\/wp-json\/wp\/v2\/product_tag?post=95"}],"curies":[{"name":"wp","href":"https:\/\/api.w.org\/{rel}","templated":true}]}}