{"id":92,"date":"2024-03-14T12:22:39","date_gmt":"2024-03-14T12:22:39","guid":{"rendered":"https:\/\/digitaldeepsea.com\/es\/?post_type=product&#038;p=92"},"modified":"2025-01-17T11:27:48","modified_gmt":"2025-01-17T11:27:48","slug":"transpondedor-ais-con-divisor-de-antena-vhf","status":"publish","type":"product","link":"https:\/\/digitaldeepsea.com\/es\/producto\/transpondedor-ais-con-divisor-de-antena-vhf\/","title":{"rendered":"Transpondedor AIS con divisor de antena VHF"},"content":{"rendered":"<h4><strong>CONTENIDO<\/strong><\/h4>\n<p>Este paquete combina un transpondedor AIS con un splitter VHF e incluye:<\/p>\n<ul>\n<li>SPL2000 &#8211; Divisor de antena VHF<\/li>\n<li>AIT2500 &#8211; Transpondedor AIS clase B+<\/li>\n<\/ul>\n<h5><\/h5>\n<h4><strong>CARACTER\u00cdSTICAS<\/strong><\/h4>\n<p>Este pack incluye el\u00a0transpondedor AIS de clase B+ 5W <a href=\"https:\/\/digitalyacht.es\/producto\/ait2500\/\" target=\"_blank\" rel=\"noopener noreferrer\">AIT2500<\/a>. AIT2500 utiliza nuestra \u00faltima tecnolog\u00eda SOTDMA de Clase B+, que ofrece una potencia de transmisi\u00f3n de 2,5 veces la de la Clase B normal, adem\u00e1s de una actualizaci\u00f3n m\u00e1s frecuente de la posici\u00f3n en funci\u00f3n de la velocidad de la nave. Al igual que un transpondedor comercial de clase A, la tecnolog\u00eda SOTDMA tambi\u00e9n garantiza una ranura de transmisi\u00f3n en zonas de alto tr\u00e1fico AIS.<\/p>\n<p>&nbsp;<\/p>\n<p>AIT2500 viene con una antena GPS externa por lo que es adecuado para el montaje en todo tipo de embarcaciones. Tiene interfaces NMEA 0183 y NMEA 2000, as\u00ed como una conexi\u00f3n USB PC\/MAC. Tambi\u00e9n hay una segunda salida NMEA para proporcionar una alimentaci\u00f3n de GPS para una radio DSC VHF. El AIT2500 tambi\u00e9n puede ser equipado con un interruptor de silencio para silenciar las transmisiones.<\/p>\n<p>&nbsp;<\/p>\n<p>El <a href=\"https:\/\/digitalyacht.es\/producto\/spl2000\/\" target=\"_blank\" rel=\"noopener noreferrer\">SPL2000<\/a> ZeroLoss permite que la antena principal de VHF sea compartida con la radio VHF y con el\u00a0 AIT2500. No es necesario instalar una segunda antena VHF, lo que ahorra tiempo y costes, a la vez que conserva un excelente rendimiento gracias a la tecnolog\u00eda ZeroLoss. El SPL2000 tambi\u00e9n cuenta con una salida de antena de radio FM (est\u00e9reo de barco), lo que permite que la antena VHF no s\u00f3lo se utilice con la VHF y el AIS, sino tambi\u00e9n con un est\u00e9reo de a bordo.<\/p>\n<p>&nbsp;<\/p>\n<p>&nbsp;<\/p>\n<h4><strong>ESPECIFICACIONES<\/strong><\/h4>\n<ul>\n<li>Transpondedor AIS con splitter VHF de p\u00e9rdida cero<\/li>\n<li>El AIT2500 es un transpondedor AIS de clase B+ 5W (transmite con mayor frecuencia)<\/li>\n<li>Se suministra con una antena GPS externa y un cable de 10 m.<\/li>\n<li>Interfaces NMEA0183, NMEA2000 y USB<\/li>\n<li>SPL2000 es un divisor de VHF de p\u00e9rdida cero<\/li>\n<li>Tiene una conexi\u00f3n de antena de radio AM-FM<\/li>\n<li>Operaci\u00f3n a prueba de fallos<\/li>\n<li>Mismo tama\u00f1o y dise\u00f1o que el AIT2500<\/li>\n<li>SPL2000 se suministra con cable de alimentaci\u00f3n, ensamblaje de cable PL259-PL259 y ensamblaje de cable BNC-BNC para una f\u00e1cil instalaci\u00f3n (todos los cables de 0,50m de largo)<\/li>\n<\/ul>\n","protected":false},"excerpt":{"rendered":"<p>\u00abEste paquete incluye un transpondedor AIS de clase B+ con un divisor VHF de cero p\u00e9rdidas\u00bb.<\/p>\n","protected":false},"featured_media":147,"template":"","meta":[],"product_cat":[17,21,44,76],"product_tag":[83,67,47,88],"yoast_head":"<!-- This site is optimized with the Yoast SEO plugin v22.7 - https:\/\/yoast.com\/wordpress\/plugins\/seo\/ -->\n<title>Transpondedor AIS con splitter VHF - Digital Deep Sea<\/title>\n<meta name=\"description\" content=\"Este paquete incluye un transpondedor AIS con un splitter VHF. Incluye el\u00a0transpondedor AIS de clase B+ SOTDMA AIT2500 con NMEA 0183 y NMEA 2000.\" \/>\n<meta name=\"robots\" content=\"index, follow, max-snippet:-1, max-image-preview:large, max-video-preview:-1\" \/>\n<link rel=\"canonical\" href=\"https:\/\/digitaldeepsea.com\/es\/producto\/transpondedor-ais-con-divisor-de-antena-vhf\/\" \/>\n<meta property=\"og:locale\" content=\"es_ES\" \/>\n<meta property=\"og:type\" content=\"article\" \/>\n<meta property=\"og:title\" content=\"Transpondedor AIS con splitter VHF - Digital Deep Sea\" \/>\n<meta property=\"og:description\" content=\"Este paquete incluye un transpondedor AIS con un splitter VHF. Incluye el\u00a0transpondedor AIS de clase B+ SOTDMA AIT2500 con NMEA 0183 y NMEA 2000.\" \/>\n<meta property=\"og:url\" content=\"https:\/\/digitaldeepsea.com\/es\/producto\/transpondedor-ais-con-divisor-de-antena-vhf\/\" \/>\n<meta property=\"og:site_name\" content=\"Digital Deep Sea Espa\u00f1ol\" \/>\n<meta property=\"article:modified_time\" content=\"2025-01-17T11:27:48+00:00\" \/>\n<meta property=\"og:image\" content=\"https:\/\/digitaldeepsea.com\/es\/wp-content\/uploads\/sites\/3\/2024\/03\/AIS-transponder-with-VHF-Splitter.jpg\" \/>\n\t<meta property=\"og:image:width\" content=\"1000\" \/>\n\t<meta property=\"og:image:height\" content=\"1000\" \/>\n\t<meta property=\"og:image:type\" content=\"image\/jpeg\" \/>\n<meta name=\"twitter:card\" content=\"summary_large_image\" \/>\n<meta name=\"twitter:label1\" content=\"Tiempo de lectura\" \/>\n\t<meta name=\"twitter:data1\" content=\"2 minutos\" \/>\n<script type=\"application\/ld+json\" class=\"yoast-schema-graph\">{\"@context\":\"https:\/\/schema.org\",\"@graph\":[{\"@type\":\"WebPage\",\"@id\":\"https:\/\/digitaldeepsea.com\/es\/producto\/transpondedor-ais-con-divisor-de-antena-vhf\/\",\"url\":\"https:\/\/digitaldeepsea.com\/es\/producto\/transpondedor-ais-con-divisor-de-antena-vhf\/\",\"name\":\"Transpondedor AIS con splitter VHF - Digital Deep Sea\",\"isPartOf\":{\"@id\":\"https:\/\/digitaldeepsea.com\/es\/#website\"},\"primaryImageOfPage\":{\"@id\":\"https:\/\/digitaldeepsea.com\/es\/producto\/transpondedor-ais-con-divisor-de-antena-vhf\/#primaryimage\"},\"image\":{\"@id\":\"https:\/\/digitaldeepsea.com\/es\/producto\/transpondedor-ais-con-divisor-de-antena-vhf\/#primaryimage\"},\"thumbnailUrl\":\"https:\/\/digitaldeepsea.com\/es\/wp-content\/uploads\/sites\/3\/2024\/03\/AIS-transponder-with-VHF-Splitter.jpg\",\"datePublished\":\"2024-03-14T12:22:39+00:00\",\"dateModified\":\"2025-01-17T11:27:48+00:00\",\"description\":\"Este paquete incluye un transpondedor AIS con un splitter VHF. Incluye el\u00a0transpondedor AIS de clase B+ SOTDMA AIT2500 con NMEA 0183 y NMEA 2000.\",\"breadcrumb\":{\"@id\":\"https:\/\/digitaldeepsea.com\/es\/producto\/transpondedor-ais-con-divisor-de-antena-vhf\/#breadcrumb\"},\"inLanguage\":\"es\",\"potentialAction\":[{\"@type\":\"ReadAction\",\"target\":[\"https:\/\/digitaldeepsea.com\/es\/producto\/transpondedor-ais-con-divisor-de-antena-vhf\/\"]}]},{\"@type\":\"ImageObject\",\"inLanguage\":\"es\",\"@id\":\"https:\/\/digitaldeepsea.com\/es\/producto\/transpondedor-ais-con-divisor-de-antena-vhf\/#primaryimage\",\"url\":\"https:\/\/digitaldeepsea.com\/es\/wp-content\/uploads\/sites\/3\/2024\/03\/AIS-transponder-with-VHF-Splitter.jpg\",\"contentUrl\":\"https:\/\/digitaldeepsea.com\/es\/wp-content\/uploads\/sites\/3\/2024\/03\/AIS-transponder-with-VHF-Splitter.jpg\",\"width\":1000,\"height\":1000},{\"@type\":\"BreadcrumbList\",\"@id\":\"https:\/\/digitaldeepsea.com\/es\/producto\/transpondedor-ais-con-divisor-de-antena-vhf\/#breadcrumb\",\"itemListElement\":[{\"@type\":\"ListItem\",\"position\":1,\"name\":\"Home\",\"item\":\"https:\/\/digitaldeepsea.com\/es\/\"},{\"@type\":\"ListItem\",\"position\":2,\"name\":\"PRODUCTOS\",\"item\":\"https:\/\/digitaldeepsea.com\/es\/productos\/\"},{\"@type\":\"ListItem\",\"position\":3,\"name\":\"Transpondedor AIS con divisor de antena VHF\"}]},{\"@type\":\"WebSite\",\"@id\":\"https:\/\/digitaldeepsea.com\/es\/#website\",\"url\":\"https:\/\/digitaldeepsea.com\/es\/\",\"name\":\"Digital Deep Sea\",\"description\":\"\",\"publisher\":{\"@id\":\"https:\/\/digitaldeepsea.com\/es\/#organization\"},\"potentialAction\":[{\"@type\":\"SearchAction\",\"target\":{\"@type\":\"EntryPoint\",\"urlTemplate\":\"https:\/\/digitaldeepsea.com\/es\/?s={search_term_string}\"},\"query-input\":\"required name=search_term_string\"}],\"inLanguage\":\"es\"},{\"@type\":\"Organization\",\"@id\":\"https:\/\/digitaldeepsea.com\/es\/#organization\",\"name\":\"Digital Deep Sea\",\"url\":\"https:\/\/digitaldeepsea.com\/es\/\",\"logo\":{\"@type\":\"ImageObject\",\"inLanguage\":\"es\",\"@id\":\"https:\/\/digitaldeepsea.com\/es\/#\/schema\/logo\/image\/\",\"url\":\"https:\/\/digitaldeepsea.com\/es\/wp-content\/uploads\/sites\/3\/2024\/03\/logo_dy_outline_white.png\",\"contentUrl\":\"https:\/\/digitaldeepsea.com\/es\/wp-content\/uploads\/sites\/3\/2024\/03\/logo_dy_outline_white.png\",\"width\":200,\"height\":114,\"caption\":\"Digital Deep Sea\"},\"image\":{\"@id\":\"https:\/\/digitaldeepsea.com\/es\/#\/schema\/logo\/image\/\"}}]}<\/script>\n<!-- \/ Yoast SEO plugin. -->","yoast_head_json":{"title":"Transpondedor AIS con splitter VHF - Digital Deep Sea","description":"Este paquete incluye un transpondedor AIS con un splitter VHF. Incluye el\u00a0transpondedor AIS de clase B+ SOTDMA AIT2500 con NMEA 0183 y NMEA 2000.","robots":{"index":"index","follow":"follow","max-snippet":"max-snippet:-1","max-image-preview":"max-image-preview:large","max-video-preview":"max-video-preview:-1"},"canonical":"https:\/\/digitaldeepsea.com\/es\/producto\/transpondedor-ais-con-divisor-de-antena-vhf\/","og_locale":"es_ES","og_type":"article","og_title":"Transpondedor AIS con splitter VHF - Digital Deep Sea","og_description":"Este paquete incluye un transpondedor AIS con un splitter VHF. Incluye el\u00a0transpondedor AIS de clase B+ SOTDMA AIT2500 con NMEA 0183 y NMEA 2000.","og_url":"https:\/\/digitaldeepsea.com\/es\/producto\/transpondedor-ais-con-divisor-de-antena-vhf\/","og_site_name":"Digital Deep Sea Espa\u00f1ol","article_modified_time":"2025-01-17T11:27:48+00:00","og_image":[{"width":1000,"height":1000,"url":"https:\/\/digitaldeepsea.com\/es\/wp-content\/uploads\/sites\/3\/2024\/03\/AIS-transponder-with-VHF-Splitter.jpg","type":"image\/jpeg"}],"twitter_card":"summary_large_image","twitter_misc":{"Tiempo de lectura":"2 minutos"},"schema":{"@context":"https:\/\/schema.org","@graph":[{"@type":"WebPage","@id":"https:\/\/digitaldeepsea.com\/es\/producto\/transpondedor-ais-con-divisor-de-antena-vhf\/","url":"https:\/\/digitaldeepsea.com\/es\/producto\/transpondedor-ais-con-divisor-de-antena-vhf\/","name":"Transpondedor AIS con splitter VHF - Digital Deep Sea","isPartOf":{"@id":"https:\/\/digitaldeepsea.com\/es\/#website"},"primaryImageOfPage":{"@id":"https:\/\/digitaldeepsea.com\/es\/producto\/transpondedor-ais-con-divisor-de-antena-vhf\/#primaryimage"},"image":{"@id":"https:\/\/digitaldeepsea.com\/es\/producto\/transpondedor-ais-con-divisor-de-antena-vhf\/#primaryimage"},"thumbnailUrl":"https:\/\/digitaldeepsea.com\/es\/wp-content\/uploads\/sites\/3\/2024\/03\/AIS-transponder-with-VHF-Splitter.jpg","datePublished":"2024-03-14T12:22:39+00:00","dateModified":"2025-01-17T11:27:48+00:00","description":"Este paquete incluye un transpondedor AIS con un splitter VHF. Incluye el\u00a0transpondedor AIS de clase B+ SOTDMA AIT2500 con NMEA 0183 y NMEA 2000.","breadcrumb":{"@id":"https:\/\/digitaldeepsea.com\/es\/producto\/transpondedor-ais-con-divisor-de-antena-vhf\/#breadcrumb"},"inLanguage":"es","potentialAction":[{"@type":"ReadAction","target":["https:\/\/digitaldeepsea.com\/es\/producto\/transpondedor-ais-con-divisor-de-antena-vhf\/"]}]},{"@type":"ImageObject","inLanguage":"es","@id":"https:\/\/digitaldeepsea.com\/es\/producto\/transpondedor-ais-con-divisor-de-antena-vhf\/#primaryimage","url":"https:\/\/digitaldeepsea.com\/es\/wp-content\/uploads\/sites\/3\/2024\/03\/AIS-transponder-with-VHF-Splitter.jpg","contentUrl":"https:\/\/digitaldeepsea.com\/es\/wp-content\/uploads\/sites\/3\/2024\/03\/AIS-transponder-with-VHF-Splitter.jpg","width":1000,"height":1000},{"@type":"BreadcrumbList","@id":"https:\/\/digitaldeepsea.com\/es\/producto\/transpondedor-ais-con-divisor-de-antena-vhf\/#breadcrumb","itemListElement":[{"@type":"ListItem","position":1,"name":"Home","item":"https:\/\/digitaldeepsea.com\/es\/"},{"@type":"ListItem","position":2,"name":"PRODUCTOS","item":"https:\/\/digitaldeepsea.com\/es\/productos\/"},{"@type":"ListItem","position":3,"name":"Transpondedor AIS con divisor de antena VHF"}]},{"@type":"WebSite","@id":"https:\/\/digitaldeepsea.com\/es\/#website","url":"https:\/\/digitaldeepsea.com\/es\/","name":"Digital Deep Sea","description":"","publisher":{"@id":"https:\/\/digitaldeepsea.com\/es\/#organization"},"potentialAction":[{"@type":"SearchAction","target":{"@type":"EntryPoint","urlTemplate":"https:\/\/digitaldeepsea.com\/es\/?s={search_term_string}"},"query-input":"required name=search_term_string"}],"inLanguage":"es"},{"@type":"Organization","@id":"https:\/\/digitaldeepsea.com\/es\/#organization","name":"Digital Deep Sea","url":"https:\/\/digitaldeepsea.com\/es\/","logo":{"@type":"ImageObject","inLanguage":"es","@id":"https:\/\/digitaldeepsea.com\/es\/#\/schema\/logo\/image\/","url":"https:\/\/digitaldeepsea.com\/es\/wp-content\/uploads\/sites\/3\/2024\/03\/logo_dy_outline_white.png","contentUrl":"https:\/\/digitaldeepsea.com\/es\/wp-content\/uploads\/sites\/3\/2024\/03\/logo_dy_outline_white.png","width":200,"height":114,"caption":"Digital Deep Sea"},"image":{"@id":"https:\/\/digitaldeepsea.com\/es\/#\/schema\/logo\/image\/"}}]}},"_links":{"self":[{"href":"https:\/\/digitaldeepsea.com\/es\/wp-json\/wp\/v2\/product\/92"}],"collection":[{"href":"https:\/\/digitaldeepsea.com\/es\/wp-json\/wp\/v2\/product"}],"about":[{"href":"https:\/\/digitaldeepsea.com\/es\/wp-json\/wp\/v2\/types\/product"}],"wp:featuredmedia":[{"embeddable":true,"href":"https:\/\/digitaldeepsea.com\/es\/wp-json\/wp\/v2\/media\/147"}],"wp:attachment":[{"href":"https:\/\/digitaldeepsea.com\/es\/wp-json\/wp\/v2\/media?parent=92"}],"wp:term":[{"taxonomy":"product_cat","embeddable":true,"href":"https:\/\/digitaldeepsea.com\/es\/wp-json\/wp\/v2\/product_cat?post=92"},{"taxonomy":"product_tag","embeddable":true,"href":"https:\/\/digitaldeepsea.com\/es\/wp-json\/wp\/v2\/product_tag?post=92"}],"curies":[{"name":"wp","href":"https:\/\/api.w.org\/{rel}","templated":true}]}}