{"id":89,"date":"2024-03-14T12:22:39","date_gmt":"2024-03-14T12:22:39","guid":{"rendered":"https:\/\/digitaldeepsea.com\/es\/?post_type=product&#038;p=89"},"modified":"2025-01-17T11:23:53","modified_gmt":"2025-01-17T11:23:53","slug":"transpondedor-ais-con-nmea-2000-y-wifi","status":"publish","type":"product","link":"https:\/\/digitaldeepsea.com\/es\/producto\/transpondedor-ais-con-nmea-2000-y-wifi\/","title":{"rendered":"Transpondedor AIS con NMEA 2000 y WiFi"},"content":{"rendered":"<h4><strong>CONTENIDO<\/strong><\/h4>\n<p>Este paquete consiste en un transpondedor AIS con conversor NMEA 2000 a WiFi. Los productos incluyen:<\/p>\n<ul>\n<li>NavLink2 &#8211; Servidor NMEA 2000 a WiFi<\/li>\n<li>AIT2500 &#8211; Transpondedor AIS clase B+<\/li>\n<li>Antenas VHF y GPS<\/li>\n<li>Kit de inicio NMEA 2000<\/li>\n<\/ul>\n<p>&nbsp;<\/p>\n<p>&nbsp;<\/p>\n<h4><strong>CARACTER\u00cdSTICAS<\/strong><\/h4>\n<p>El paquete perfecto para recibir el AIS y transmitir tu posici\u00f3n, as\u00ed como para transmitir de forma inal\u00e1mbrica todos los datos de navegaci\u00f3n en aplicaciones y software de navegaci\u00f3n.<\/p>\n<p>&nbsp;<\/p>\n<p>Este pack incluye\u00a0el transpondedor AIS de clase B+ 5W <a href=\"https:\/\/digitalyacht.es\/producto\/ait2500\/\" target=\"_blank\" rel=\"noopener noreferrer\">AIT2500<\/a>. AIT2500 utiliza nuestra \u00faltima tecnolog\u00eda SOTDMA de Clase B+, que ofrece una potencia de transmisi\u00f3n de 2,5 veces la de la Clase B normal, adem\u00e1s de una actualizaci\u00f3n m\u00e1s frecuente de la posici\u00f3n en funci\u00f3n de la velocidad de la embarcaci\u00f3n. Al igual que un transpondedor comercial de clase A, la tecnolog\u00eda SOTDMA tambi\u00e9n garantiza una ranura de transmisi\u00f3n en zonas de alto tr\u00e1fico AIS.<\/p>\n<p>&nbsp;<\/p>\n<p>El AIT2500 incluye una antena GPS (10m de cable) y antena VHF (20m de cable). <a href=\"https:\/\/digitalyacht.es\/producto\/ha156\/\" target=\"_blank\" rel=\"noopener noreferrer\">La antena VHF<\/a> es una antena helicoidal de 15cm VHF, esta est\u00e1 espec\u00edficamente sintonizada a las frecuencias AIS (162MHz) para un rendimiento \u00f3ptimo. Cuenta con interfaces NMEA 0183 y NMEA 2000, as\u00ed como una conexi\u00f3n USB PC\/MAC. Tambi\u00e9n hay una segunda salida NMEA para proporcionar una alimentaci\u00f3n GPS para una radio DSC VHF. El AIT2500 tambi\u00e9n puede ser equipado con un interruptor de silencio para silenciar las transmisiones.<\/p>\n<p>&nbsp;<\/p>\n<p>El <a href=\"https:\/\/digitalyacht.es\/producto\/navlink2\/\" target=\"_blank\" rel=\"noopener noreferrer\">NavLink2<\/a> es un servidor WiFi f\u00e1cil de instalar, con un dise\u00f1o que permite que los datos de navegaci\u00f3n de NMEA 2000 est\u00e9n disponibles para aplicaciones en tel\u00e9fonos inteligentes, tabletas, iPads y PC. Una vez instalado, crea una red WiFi local para que los dispositivos se conecten. Todos los datos de navegaci\u00f3n de la red NMEA 2000 se mostrar\u00e1n en cartas electr\u00f3nicas detalladas a trav\u00e9s de software y aplicaciones compatibles, incluyendo NavLink, TimeZero, iAIS, iSailor, Seapilot y cientos m\u00e1s. La tableta y el PC\/Mac se convertir\u00e1n en una pantalla de navegaci\u00f3n con todas las funciones.<\/p>\n<p>&nbsp;<\/p>\n<p>El NavLink2 y el AIS tienen una interfaz NMEA 2000, por lo que la instalaci\u00f3n es muy f\u00e1cil con nuestro<a href=\"https:\/\/digitalyacht.es\/producto\/kit-nmea2000\/\" target=\"_blank\" rel=\"noopener noreferrer\"> kit de inicio NMEA 2000<\/a> incluido en el paquete. NMEA2000 utiliza una estructura simple de espina dorsal (o a veces llamada \u00abtroncal\u00bb). Esto requiere terminadores en cada extremo del cableado donde cada dispositivo puede ser impulsado usando un cable de ca\u00edda. El bus tambi\u00e9n requiere de energ\u00eda. Adem\u00e1s, los conectores a prueba de agua en todas partes aseguran la m\u00e1xima fiabilidad y hace que la instalaci\u00f3n sea f\u00e1cil de enchufar y usar.<\/p>\n<p>&nbsp;<\/p>\n<h4><strong>ESPECIFICACIONES<\/strong><\/h4>\n<ul>\n<li>Transpondedor AIS con NMEA 2000 y WiFi<\/li>\n<li>El AIT2500 es un transpondedor AIS de clase B+ 5W (transmite con mayor frecuencia)<\/li>\n<li>Se suministra con una antena GPS externa (10m de cable) y una antena VHF (20m de cable)<\/li>\n<li>El paquete tambi\u00e9n incluye un kit de inicio NMEA para interconectar f\u00e1cilmente todos los equipos.<\/li>\n<li>NavLink2 es un servidor de NMEA2000 a WiFi<\/li>\n<li>Soporta hasta 7 dispositivos inal\u00e1mbricos (UDP y protocolo TCP\/IP)<\/li>\n<li>Compatible con todos los programas y aplicaciones populares como iNavX, TimeZero, Weather 4D, Navionics, SailGrib, NavLink, iSailor, SeaPilot, AquaMap, etc.<\/li>\n<li>Funcionamiento de 12\/24v DC con un m\u00ednimo consumo de energ\u00eda<\/li>\n<\/ul>\n","protected":false},"excerpt":{"rendered":"<p>\u00abEl paquete perfecto para recibir el AIS y transmitir tu posici\u00f3n, as\u00ed como para transmitir de forma inal\u00e1mbrica todos los datos de navegaci\u00f3n en aplicaciones y software de navegaci\u00f3n. Este paquete incluye un transpondedor AIS con un servidor NMEA 2000 a WiFi.\u00bb<\/p>\n","protected":false},"featured_media":142,"template":"","meta":[],"product_cat":[17,21,44,76],"product_tag":[83,84,67,82,85,86,87],"yoast_head":"<!-- This site is optimized with the Yoast SEO plugin v22.7 - https:\/\/yoast.com\/wordpress\/plugins\/seo\/ -->\n<title>Transpondedor AIS con NMEA 2000 y WiFi - Digital Deep Sea<\/title>\n<meta name=\"description\" content=\"Este paquete consiste en un transpondedor AIS con NMEA 2000 y WiFi. El pack perfecto para tener AIS y transmitir los datos de navegaci\u00f3n a apps.\" \/>\n<meta name=\"robots\" content=\"index, follow, max-snippet:-1, max-image-preview:large, max-video-preview:-1\" \/>\n<link rel=\"canonical\" href=\"https:\/\/digitaldeepsea.com\/es\/producto\/transpondedor-ais-con-nmea-2000-y-wifi\/\" \/>\n<meta property=\"og:locale\" content=\"es_ES\" \/>\n<meta property=\"og:type\" content=\"article\" \/>\n<meta property=\"og:title\" content=\"Transpondedor AIS con NMEA 2000 y WiFi - Digital Deep Sea\" \/>\n<meta property=\"og:description\" content=\"Este paquete consiste en un transpondedor AIS con NMEA 2000 y WiFi. El pack perfecto para tener AIS y transmitir los datos de navegaci\u00f3n a apps.\" \/>\n<meta property=\"og:url\" content=\"https:\/\/digitaldeepsea.com\/es\/producto\/transpondedor-ais-con-nmea-2000-y-wifi\/\" \/>\n<meta property=\"og:site_name\" content=\"Digital Deep Sea Espa\u00f1ol\" \/>\n<meta property=\"article:modified_time\" content=\"2025-01-17T11:23:53+00:00\" \/>\n<meta property=\"og:image\" content=\"https:\/\/digitaldeepsea.com\/es\/wp-content\/uploads\/sites\/3\/2024\/03\/AIS-transponder-class-B-5W-with-NMEA2000-to-WiFi.jpg\" \/>\n\t<meta property=\"og:image:width\" content=\"2000\" \/>\n\t<meta property=\"og:image:height\" content=\"2000\" \/>\n\t<meta property=\"og:image:type\" content=\"image\/jpeg\" \/>\n<meta name=\"twitter:card\" content=\"summary_large_image\" \/>\n<meta name=\"twitter:label1\" content=\"Tiempo de lectura\" \/>\n\t<meta name=\"twitter:data1\" content=\"3 minutos\" \/>\n<script type=\"application\/ld+json\" class=\"yoast-schema-graph\">{\"@context\":\"https:\/\/schema.org\",\"@graph\":[{\"@type\":\"WebPage\",\"@id\":\"https:\/\/digitaldeepsea.com\/es\/producto\/transpondedor-ais-con-nmea-2000-y-wifi\/\",\"url\":\"https:\/\/digitaldeepsea.com\/es\/producto\/transpondedor-ais-con-nmea-2000-y-wifi\/\",\"name\":\"Transpondedor AIS con NMEA 2000 y WiFi - Digital Deep Sea\",\"isPartOf\":{\"@id\":\"https:\/\/digitaldeepsea.com\/es\/#website\"},\"primaryImageOfPage\":{\"@id\":\"https:\/\/digitaldeepsea.com\/es\/producto\/transpondedor-ais-con-nmea-2000-y-wifi\/#primaryimage\"},\"image\":{\"@id\":\"https:\/\/digitaldeepsea.com\/es\/producto\/transpondedor-ais-con-nmea-2000-y-wifi\/#primaryimage\"},\"thumbnailUrl\":\"https:\/\/digitaldeepsea.com\/es\/wp-content\/uploads\/sites\/3\/2024\/03\/AIS-transponder-class-B-5W-with-NMEA2000-to-WiFi.jpg\",\"datePublished\":\"2024-03-14T12:22:39+00:00\",\"dateModified\":\"2025-01-17T11:23:53+00:00\",\"description\":\"Este paquete consiste en un transpondedor AIS con NMEA 2000 y WiFi. El pack perfecto para tener AIS y transmitir los datos de navegaci\u00f3n a apps.\",\"breadcrumb\":{\"@id\":\"https:\/\/digitaldeepsea.com\/es\/producto\/transpondedor-ais-con-nmea-2000-y-wifi\/#breadcrumb\"},\"inLanguage\":\"es\",\"potentialAction\":[{\"@type\":\"ReadAction\",\"target\":[\"https:\/\/digitaldeepsea.com\/es\/producto\/transpondedor-ais-con-nmea-2000-y-wifi\/\"]}]},{\"@type\":\"ImageObject\",\"inLanguage\":\"es\",\"@id\":\"https:\/\/digitaldeepsea.com\/es\/producto\/transpondedor-ais-con-nmea-2000-y-wifi\/#primaryimage\",\"url\":\"https:\/\/digitaldeepsea.com\/es\/wp-content\/uploads\/sites\/3\/2024\/03\/AIS-transponder-class-B-5W-with-NMEA2000-to-WiFi.jpg\",\"contentUrl\":\"https:\/\/digitaldeepsea.com\/es\/wp-content\/uploads\/sites\/3\/2024\/03\/AIS-transponder-class-B-5W-with-NMEA2000-to-WiFi.jpg\",\"width\":2000,\"height\":2000},{\"@type\":\"BreadcrumbList\",\"@id\":\"https:\/\/digitaldeepsea.com\/es\/producto\/transpondedor-ais-con-nmea-2000-y-wifi\/#breadcrumb\",\"itemListElement\":[{\"@type\":\"ListItem\",\"position\":1,\"name\":\"Home\",\"item\":\"https:\/\/digitaldeepsea.com\/es\/\"},{\"@type\":\"ListItem\",\"position\":2,\"name\":\"PRODUCTOS\",\"item\":\"https:\/\/digitaldeepsea.com\/es\/productos\/\"},{\"@type\":\"ListItem\",\"position\":3,\"name\":\"Transpondedor AIS con NMEA 2000 y WiFi\"}]},{\"@type\":\"WebSite\",\"@id\":\"https:\/\/digitaldeepsea.com\/es\/#website\",\"url\":\"https:\/\/digitaldeepsea.com\/es\/\",\"name\":\"Digital Deep Sea\",\"description\":\"\",\"publisher\":{\"@id\":\"https:\/\/digitaldeepsea.com\/es\/#organization\"},\"potentialAction\":[{\"@type\":\"SearchAction\",\"target\":{\"@type\":\"EntryPoint\",\"urlTemplate\":\"https:\/\/digitaldeepsea.com\/es\/?s={search_term_string}\"},\"query-input\":\"required name=search_term_string\"}],\"inLanguage\":\"es\"},{\"@type\":\"Organization\",\"@id\":\"https:\/\/digitaldeepsea.com\/es\/#organization\",\"name\":\"Digital Deep Sea\",\"url\":\"https:\/\/digitaldeepsea.com\/es\/\",\"logo\":{\"@type\":\"ImageObject\",\"inLanguage\":\"es\",\"@id\":\"https:\/\/digitaldeepsea.com\/es\/#\/schema\/logo\/image\/\",\"url\":\"https:\/\/digitaldeepsea.com\/es\/wp-content\/uploads\/sites\/3\/2024\/03\/logo_dy_outline_white.png\",\"contentUrl\":\"https:\/\/digitaldeepsea.com\/es\/wp-content\/uploads\/sites\/3\/2024\/03\/logo_dy_outline_white.png\",\"width\":200,\"height\":114,\"caption\":\"Digital Deep Sea\"},\"image\":{\"@id\":\"https:\/\/digitaldeepsea.com\/es\/#\/schema\/logo\/image\/\"}}]}<\/script>\n<!-- \/ Yoast SEO plugin. -->","yoast_head_json":{"title":"Transpondedor AIS con NMEA 2000 y WiFi - Digital Deep Sea","description":"Este paquete consiste en un transpondedor AIS con NMEA 2000 y WiFi. El pack perfecto para tener AIS y transmitir los datos de navegaci\u00f3n a apps.","robots":{"index":"index","follow":"follow","max-snippet":"max-snippet:-1","max-image-preview":"max-image-preview:large","max-video-preview":"max-video-preview:-1"},"canonical":"https:\/\/digitaldeepsea.com\/es\/producto\/transpondedor-ais-con-nmea-2000-y-wifi\/","og_locale":"es_ES","og_type":"article","og_title":"Transpondedor AIS con NMEA 2000 y WiFi - Digital Deep Sea","og_description":"Este paquete consiste en un transpondedor AIS con NMEA 2000 y WiFi. El pack perfecto para tener AIS y transmitir los datos de navegaci\u00f3n a apps.","og_url":"https:\/\/digitaldeepsea.com\/es\/producto\/transpondedor-ais-con-nmea-2000-y-wifi\/","og_site_name":"Digital Deep Sea Espa\u00f1ol","article_modified_time":"2025-01-17T11:23:53+00:00","og_image":[{"width":2000,"height":2000,"url":"https:\/\/digitaldeepsea.com\/es\/wp-content\/uploads\/sites\/3\/2024\/03\/AIS-transponder-class-B-5W-with-NMEA2000-to-WiFi.jpg","type":"image\/jpeg"}],"twitter_card":"summary_large_image","twitter_misc":{"Tiempo de lectura":"3 minutos"},"schema":{"@context":"https:\/\/schema.org","@graph":[{"@type":"WebPage","@id":"https:\/\/digitaldeepsea.com\/es\/producto\/transpondedor-ais-con-nmea-2000-y-wifi\/","url":"https:\/\/digitaldeepsea.com\/es\/producto\/transpondedor-ais-con-nmea-2000-y-wifi\/","name":"Transpondedor AIS con NMEA 2000 y WiFi - Digital Deep Sea","isPartOf":{"@id":"https:\/\/digitaldeepsea.com\/es\/#website"},"primaryImageOfPage":{"@id":"https:\/\/digitaldeepsea.com\/es\/producto\/transpondedor-ais-con-nmea-2000-y-wifi\/#primaryimage"},"image":{"@id":"https:\/\/digitaldeepsea.com\/es\/producto\/transpondedor-ais-con-nmea-2000-y-wifi\/#primaryimage"},"thumbnailUrl":"https:\/\/digitaldeepsea.com\/es\/wp-content\/uploads\/sites\/3\/2024\/03\/AIS-transponder-class-B-5W-with-NMEA2000-to-WiFi.jpg","datePublished":"2024-03-14T12:22:39+00:00","dateModified":"2025-01-17T11:23:53+00:00","description":"Este paquete consiste en un transpondedor AIS con NMEA 2000 y WiFi. El pack perfecto para tener AIS y transmitir los datos de navegaci\u00f3n a apps.","breadcrumb":{"@id":"https:\/\/digitaldeepsea.com\/es\/producto\/transpondedor-ais-con-nmea-2000-y-wifi\/#breadcrumb"},"inLanguage":"es","potentialAction":[{"@type":"ReadAction","target":["https:\/\/digitaldeepsea.com\/es\/producto\/transpondedor-ais-con-nmea-2000-y-wifi\/"]}]},{"@type":"ImageObject","inLanguage":"es","@id":"https:\/\/digitaldeepsea.com\/es\/producto\/transpondedor-ais-con-nmea-2000-y-wifi\/#primaryimage","url":"https:\/\/digitaldeepsea.com\/es\/wp-content\/uploads\/sites\/3\/2024\/03\/AIS-transponder-class-B-5W-with-NMEA2000-to-WiFi.jpg","contentUrl":"https:\/\/digitaldeepsea.com\/es\/wp-content\/uploads\/sites\/3\/2024\/03\/AIS-transponder-class-B-5W-with-NMEA2000-to-WiFi.jpg","width":2000,"height":2000},{"@type":"BreadcrumbList","@id":"https:\/\/digitaldeepsea.com\/es\/producto\/transpondedor-ais-con-nmea-2000-y-wifi\/#breadcrumb","itemListElement":[{"@type":"ListItem","position":1,"name":"Home","item":"https:\/\/digitaldeepsea.com\/es\/"},{"@type":"ListItem","position":2,"name":"PRODUCTOS","item":"https:\/\/digitaldeepsea.com\/es\/productos\/"},{"@type":"ListItem","position":3,"name":"Transpondedor AIS con NMEA 2000 y WiFi"}]},{"@type":"WebSite","@id":"https:\/\/digitaldeepsea.com\/es\/#website","url":"https:\/\/digitaldeepsea.com\/es\/","name":"Digital Deep Sea","description":"","publisher":{"@id":"https:\/\/digitaldeepsea.com\/es\/#organization"},"potentialAction":[{"@type":"SearchAction","target":{"@type":"EntryPoint","urlTemplate":"https:\/\/digitaldeepsea.com\/es\/?s={search_term_string}"},"query-input":"required name=search_term_string"}],"inLanguage":"es"},{"@type":"Organization","@id":"https:\/\/digitaldeepsea.com\/es\/#organization","name":"Digital Deep Sea","url":"https:\/\/digitaldeepsea.com\/es\/","logo":{"@type":"ImageObject","inLanguage":"es","@id":"https:\/\/digitaldeepsea.com\/es\/#\/schema\/logo\/image\/","url":"https:\/\/digitaldeepsea.com\/es\/wp-content\/uploads\/sites\/3\/2024\/03\/logo_dy_outline_white.png","contentUrl":"https:\/\/digitaldeepsea.com\/es\/wp-content\/uploads\/sites\/3\/2024\/03\/logo_dy_outline_white.png","width":200,"height":114,"caption":"Digital Deep Sea"},"image":{"@id":"https:\/\/digitaldeepsea.com\/es\/#\/schema\/logo\/image\/"}}]}},"_links":{"self":[{"href":"https:\/\/digitaldeepsea.com\/es\/wp-json\/wp\/v2\/product\/89"}],"collection":[{"href":"https:\/\/digitaldeepsea.com\/es\/wp-json\/wp\/v2\/product"}],"about":[{"href":"https:\/\/digitaldeepsea.com\/es\/wp-json\/wp\/v2\/types\/product"}],"wp:featuredmedia":[{"embeddable":true,"href":"https:\/\/digitaldeepsea.com\/es\/wp-json\/wp\/v2\/media\/142"}],"wp:attachment":[{"href":"https:\/\/digitaldeepsea.com\/es\/wp-json\/wp\/v2\/media?parent=89"}],"wp:term":[{"taxonomy":"product_cat","embeddable":true,"href":"https:\/\/digitaldeepsea.com\/es\/wp-json\/wp\/v2\/product_cat?post=89"},{"taxonomy":"product_tag","embeddable":true,"href":"https:\/\/digitaldeepsea.com\/es\/wp-json\/wp\/v2\/product_tag?post=89"}],"curies":[{"name":"wp","href":"https:\/\/api.w.org\/{rel}","templated":true}]}}