{"id":83,"date":"2024-03-14T12:22:39","date_gmt":"2024-03-14T12:22:39","guid":{"rendered":"https:\/\/digitaldeepsea.com\/es\/?post_type=product&#038;p=83"},"modified":"2025-01-17T07:52:33","modified_gmt":"2025-01-17T07:52:33","slug":"pack-iseasense-pack-de-instrumentacion-para-barcos","status":"publish","type":"product","link":"https:\/\/digitaldeepsea.com\/es\/producto\/pack-iseasense-pack-de-instrumentacion-para-barcos\/","title":{"rendered":"Pack iSeaSense &#8211; Pack de instrumentaci\u00f3n para barcos"},"content":{"rendered":"<h4><strong>CONTENIDO<\/strong><\/h4>\n<p>Este pack de instrumentos para barco iSeaSense 1 incluye:<\/p>\n<ul>\n<li>iSeaSense &#8211; Servidor NMEA 2000 WiFi con interfaz display de instrumentos<\/li>\n<li>Sensor inteligente DST810 &#8211; multisensor profundidad, velocidad y temperatura con interfaz NMEA200<\/li>\n<li>1 x kit de cableado NMEA 2000<\/li>\n<\/ul>\n<p>&nbsp;<\/p>\n<h5><\/h5>\n<h4><strong>CARACTER\u00cdSTICAS<\/strong><\/h4>\n<p>iSeaSense es una nueva gama de packs de instrumentos para barco con conexi\u00f3n NMEA 2000 y WiFi, ofreciendo una m\u00e1xima flexibilidad y opciones de conectividad. Puede elegir entre utilizar un smartphone, iPad, tablet o PC para visualizar los datos de la navegaci\u00f3n, adem\u00e1s de los displays y plotters multifunci\u00f3n de terceros.<\/p>\n<p>&nbsp;<\/p>\n<p>Estos packs utilizan sensores de alta calidad y precisi\u00f3n para los datos de profundidad, velocidad, rumbo y GPS del barco. Los datos tambi\u00e9n se pueden compartir con otros dispositivos de la red NMEA 2000.<\/p>\n<p>&nbsp;<\/p>\n<p>iSeaSense es f\u00e1cil de instalar. Disponible en dos versiones principales, todo est\u00e1 incluido para una f\u00e1cil adquisici\u00f3n e instalaci\u00f3n. Tampoco se necesita ninguna aplicaci\u00f3n adicional, ya que el servidor WiFi iSeaSense crea sus propias p\u00e1ginas de visualizaci\u00f3n digital y anal\u00f3gica que se pueden ver a trav\u00e9s de un navegador en cualquier dispositivo.<\/p>\n<p>&nbsp;<\/p>\n<p><b>iSeaSense<\/b><b>\u00a0Pack 1\u00a0<\/b>es un pack completo de instrumentos para barco que incluye profundidad, velocidad y temperatura del barco.<\/p>\n<p>&nbsp;<\/p>\n<p>Tambi\u00e9n incluye un sensor para detectar el cabeceo y la escora, y un sofisticado algoritmo para calibrar la informaci\u00f3n de velocidad de la embarcaci\u00f3n en funci\u00f3n de la escora.<\/p>\n<p>&nbsp;<\/p>\n<p>Se incluye un pack completo de cableado NMEA 2000 y la interfaz WiFi. El pack incluye adem\u00e1s un cable y un conector NMEA de repuesto para dispositivos NMEA 2000 adicionales, como un MfD o otros\u00a0<a href=\"https:\/\/digitalyacht.es\/categoria-producto\/navegacion\/\" target=\"_blank\" rel=\"noopener noreferrer\">instrumentos Digital Yacht.<\/a><\/p>\n<p>&nbsp;<\/p>\n<p>iSeaSense cuenta con una interfaz web f\u00e1cil de usar. No requiere aplicaciones ni un software adicional. Basta con abrir el navegador en un dispositivo conectado y entrar en http:\/\/iSeaSense.local.<\/p>\n<p>&nbsp;<\/p>\n<p>Funciona en iOS, Android, PC y MAC (cualquier navegador web est\u00e1ndar), as\u00ed como pantallas de tinta electr\u00f3nica como Kindle y e-book. Los datos tambi\u00e9n puede visualizarse en todas las apps n\u00e1uticas y software de navegaci\u00f3n mas populares, como Navionics, TZ iBoat, OpenCPN, SailGrib, etc.<\/p>\n<p>&nbsp;<\/p>\n<p>&nbsp;<\/p>\n<h4 class=\"vc_custom_heading\"><strong>FUNCIONAMIENTO<\/strong><\/h4>\n<p>Puede acceder al panel de mandos de iSeaSense a trav\u00e9s de su propia interfaz web, simplemente abra su navegador web, introduzca la direcci\u00f3n IP de iSeaSense o iSeaSense.local y acceder\u00e1 al atractivo panel de instrumentos para visualizar todos los datos de los sensores. Nno se requiere ning\u00fan software de programaci\u00f3n o aplicaci\u00f3n adicional.<\/p>\n<p>&nbsp;<\/p>\n<p>Por defecto, iSeaSense tiene p\u00e1ginas predefinidas con displays digitales y anal\u00f3gicos de los datos de instrumentos y de navegaci\u00f3n disponibles en la red NMEA 2000.<\/p>\n<p>&nbsp;<\/p>\n<p>Con iSeaSense puede controlar los datos que visualiza. Cualquier cuadro de datos puede configurarse con la informaci\u00f3n que desee ver, y puede a\u00f1adir y eliminar f\u00e1cilmente cuadros para construir su visualizaci\u00f3n perfecta.\u00a0 La configuraci\u00f3n tambi\u00e9n se puede guardar y compartir. Es un producto ideal para astilleros o instalaciones est\u00e1ndar.<\/p>\n<p>&nbsp;<\/p>\n<p>&nbsp;<\/p>\n<h4><strong>ESPECIFICACIONES<\/strong><\/h4>\n<h5 class=\"vc_custom_heading\"><strong>Especificaciones del pack iSeaSense<\/strong><\/h5>\n<div class=\"wpb_text_column wpb_content_element\">\n<div class=\"wpb_wrapper\">\n<ul>\n<li>Este pack de instrumentaci\u00f3n para barco incluye el servidor WiFi iSeaSense, cableado NMEA 2000 y un transductor avanzado de profundidad, velocidad y temperatura con sensor de escora y cabeceo.<\/li>\n<li>El servidor iSeaSense crea p\u00e1ginas de visualizaci\u00f3n de datos con r\u00e1pidas actualizaciones a 5 Hz, disponibles en cualquier smartphone, tablet o iPad.<\/li>\n<li>Calibraci\u00f3n avanzada del transductor con correcciones para la escora del barco.<\/li>\n<li>Incluye un conector T NMEA 2000 adicional para la ampliaci\u00f3n del sistema.<\/li>\n<\/ul>\n<p>&nbsp;<\/p>\n<h5 class=\"vc_custom_heading\"><strong>Servidor &#8211; Especificaciones<\/strong><\/h5>\n<div class=\"wpb_text_column wpb_content_element\">\n<div class=\"wpb_wrapper\">\n<ul>\n<li>Interfaz NMEA 2000 y WiFi para el sistema iSeaSense. Servidor con p\u00e1ginas de visualizaci\u00f3n de instrumentos integrado.<\/li>\n<li>P\u00e1ginas de visualizaci\u00f3n configurables con la profundidad, velocidad, temperatura, hora, GPS, navegaci\u00f3n y rumbo.<\/li>\n<li>Capacidad de diagn\u00f3stico, configuraci\u00f3n y calibraci\u00f3n.<\/li>\n<li>Registro de datos.<\/li>\n<li>Autoalimentado desde la red NMEA 2000<\/li>\n<li>La antena WiFi integrada suele cubrir hasta 20 metros en la embarcaci\u00f3n.<\/li>\n<li>Admite conexiones TCP\/IP y UDP (hasta 7 dispositivos conectados) para apps de navegaci\u00f3n de terceros (transmite informaci\u00f3n GPS, AIS, profundidad, viento y velocidad desde el bus NMEA 2000).<\/li>\n<\/ul>\n<h5><\/h5>\n<h5 class=\"vc_custom_heading\">Transductor &#8211; Especificaciones<\/h5>\n<div class=\"wpb_text_column wpb_content_element\">\n<div class=\"wpb_wrapper\">\n<ul>\n<li><a href=\"https:\/\/digitaldeepsea.com\/es\/producto\/multisensor\/\" target=\"_blank\" rel=\"noopener noreferrer\">Transductor<\/a> de profundidad, velocidad, temperatura del agua y escora\/cabeceo del barco con actualizaciones r\u00e1pidas y precisas de 5 Hz de 0,3 a 45 nudos.<\/li>\n<li>Velocidad de actualizaci\u00f3n de datos: Profundidad: 1X\/segundo, velocidad: 5X\/segundo, escora\/cabeceo: 10X\/segundo<\/li>\n<li>Funcionamiento a 235KHz para minimizar las interferencias con sondas y fish finders de 50\/200KHz.<\/li>\n<li>Profundidad m\u00e1xima de 100 m.<\/li>\n<li>Admite hasta 22 grados de \u00e1ngulo muerto del casco.<\/li>\n<li>Se suministra con cable NMEA 2000 de 6 m y se autoalimenta desde la red NMEA 2000 de iSeaSense.<\/li>\n<li>Transductor pasacasco de di\u00e1metro est\u00e1ndar de 2\u2019\u2019.<\/li>\n<li>Interfaz Bluetooth para calibraci\u00f3n y configuraci\u00f3n<\/li>\n<li>Accesorios opcionales de acero inoxidable y bronce.<\/li>\n<\/ul>\n<\/div>\n<\/div>\n<\/div>\n<\/div>\n<\/div>\n<\/div>\n","protected":false},"excerpt":{"rendered":"<p>\u201ciSeaSense es una nueva gama de packs de instrumentos para barco con conexi\u00f3n NMEA 2000 y WiFi. Este pack incluye un transductor de velocidad, profundidad y temperatura.\u201d<\/p>\n","protected":false},"featured_media":132,"template":"","meta":[],"product_cat":[33,44,66],"product_tag":[47,72,73,74,75],"yoast_head":"<!-- This site is optimized with the Yoast SEO plugin v22.7 - https:\/\/yoast.com\/wordpress\/plugins\/seo\/ -->\n<title>iSeaSense - Pack de instrumentos para barco - Digital Deep Sea<\/title>\n<meta name=\"description\" content=\"iSeaSense est un pack de instrumentos para barco NMEA 2000 y WiFi que incluye un sensores de profundidad, velocidad y temperatura.\" \/>\n<meta name=\"robots\" content=\"index, follow, max-snippet:-1, max-image-preview:large, max-video-preview:-1\" \/>\n<link rel=\"canonical\" href=\"https:\/\/digitaldeepsea.com\/es\/producto\/pack-iseasense-pack-de-instrumentacion-para-barcos\/\" \/>\n<meta property=\"og:locale\" content=\"es_ES\" \/>\n<meta property=\"og:type\" content=\"article\" \/>\n<meta property=\"og:title\" content=\"iSeaSense - Pack de instrumentos para barco - Digital Deep Sea\" \/>\n<meta property=\"og:description\" content=\"iSeaSense est un pack de instrumentos para barco NMEA 2000 y WiFi que incluye un sensores de profundidad, velocidad y temperatura.\" \/>\n<meta property=\"og:url\" content=\"https:\/\/digitaldeepsea.com\/es\/producto\/pack-iseasense-pack-de-instrumentacion-para-barcos\/\" \/>\n<meta property=\"og:site_name\" content=\"Digital Deep Sea Espa\u00f1ol\" \/>\n<meta property=\"article:modified_time\" content=\"2025-01-17T07:52:33+00:00\" \/>\n<meta property=\"og:image\" content=\"https:\/\/digitaldeepsea.com\/es\/wp-content\/uploads\/sites\/3\/2024\/03\/ISeaSense-pack1-web-768x768-1.jpg\" \/>\n\t<meta property=\"og:image:width\" content=\"768\" \/>\n\t<meta property=\"og:image:height\" content=\"768\" \/>\n\t<meta property=\"og:image:type\" content=\"image\/jpeg\" \/>\n<meta name=\"twitter:card\" content=\"summary_large_image\" \/>\n<meta name=\"twitter:label1\" content=\"Tiempo de lectura\" \/>\n\t<meta name=\"twitter:data1\" content=\"4 minutos\" \/>\n<script type=\"application\/ld+json\" class=\"yoast-schema-graph\">{\"@context\":\"https:\/\/schema.org\",\"@graph\":[{\"@type\":\"WebPage\",\"@id\":\"https:\/\/digitaldeepsea.com\/es\/producto\/pack-iseasense-pack-de-instrumentacion-para-barcos\/\",\"url\":\"https:\/\/digitaldeepsea.com\/es\/producto\/pack-iseasense-pack-de-instrumentacion-para-barcos\/\",\"name\":\"iSeaSense - Pack de instrumentos para barco - Digital Deep Sea\",\"isPartOf\":{\"@id\":\"https:\/\/digitaldeepsea.com\/es\/#website\"},\"primaryImageOfPage\":{\"@id\":\"https:\/\/digitaldeepsea.com\/es\/producto\/pack-iseasense-pack-de-instrumentacion-para-barcos\/#primaryimage\"},\"image\":{\"@id\":\"https:\/\/digitaldeepsea.com\/es\/producto\/pack-iseasense-pack-de-instrumentacion-para-barcos\/#primaryimage\"},\"thumbnailUrl\":\"https:\/\/digitaldeepsea.com\/es\/wp-content\/uploads\/sites\/3\/2024\/03\/ISeaSense-pack1-web-768x768-1.jpg\",\"datePublished\":\"2024-03-14T12:22:39+00:00\",\"dateModified\":\"2025-01-17T07:52:33+00:00\",\"description\":\"iSeaSense est un pack de instrumentos para barco NMEA 2000 y WiFi que incluye un sensores de profundidad, velocidad y temperatura.\",\"breadcrumb\":{\"@id\":\"https:\/\/digitaldeepsea.com\/es\/producto\/pack-iseasense-pack-de-instrumentacion-para-barcos\/#breadcrumb\"},\"inLanguage\":\"es\",\"potentialAction\":[{\"@type\":\"ReadAction\",\"target\":[\"https:\/\/digitaldeepsea.com\/es\/producto\/pack-iseasense-pack-de-instrumentacion-para-barcos\/\"]}]},{\"@type\":\"ImageObject\",\"inLanguage\":\"es\",\"@id\":\"https:\/\/digitaldeepsea.com\/es\/producto\/pack-iseasense-pack-de-instrumentacion-para-barcos\/#primaryimage\",\"url\":\"https:\/\/digitaldeepsea.com\/es\/wp-content\/uploads\/sites\/3\/2024\/03\/ISeaSense-pack1-web-768x768-1.jpg\",\"contentUrl\":\"https:\/\/digitaldeepsea.com\/es\/wp-content\/uploads\/sites\/3\/2024\/03\/ISeaSense-pack1-web-768x768-1.jpg\",\"width\":768,\"height\":768},{\"@type\":\"BreadcrumbList\",\"@id\":\"https:\/\/digitaldeepsea.com\/es\/producto\/pack-iseasense-pack-de-instrumentacion-para-barcos\/#breadcrumb\",\"itemListElement\":[{\"@type\":\"ListItem\",\"position\":1,\"name\":\"Home\",\"item\":\"https:\/\/digitaldeepsea.com\/es\/\"},{\"@type\":\"ListItem\",\"position\":2,\"name\":\"PRODUCTOS\",\"item\":\"https:\/\/digitaldeepsea.com\/es\/productos\/\"},{\"@type\":\"ListItem\",\"position\":3,\"name\":\"Pack iSeaSense &#8211; Pack de instrumentaci\u00f3n para barcos\"}]},{\"@type\":\"WebSite\",\"@id\":\"https:\/\/digitaldeepsea.com\/es\/#website\",\"url\":\"https:\/\/digitaldeepsea.com\/es\/\",\"name\":\"Digital Deep Sea\",\"description\":\"\",\"publisher\":{\"@id\":\"https:\/\/digitaldeepsea.com\/es\/#organization\"},\"potentialAction\":[{\"@type\":\"SearchAction\",\"target\":{\"@type\":\"EntryPoint\",\"urlTemplate\":\"https:\/\/digitaldeepsea.com\/es\/?s={search_term_string}\"},\"query-input\":\"required name=search_term_string\"}],\"inLanguage\":\"es\"},{\"@type\":\"Organization\",\"@id\":\"https:\/\/digitaldeepsea.com\/es\/#organization\",\"name\":\"Digital Deep Sea\",\"url\":\"https:\/\/digitaldeepsea.com\/es\/\",\"logo\":{\"@type\":\"ImageObject\",\"inLanguage\":\"es\",\"@id\":\"https:\/\/digitaldeepsea.com\/es\/#\/schema\/logo\/image\/\",\"url\":\"https:\/\/digitaldeepsea.com\/es\/wp-content\/uploads\/sites\/3\/2024\/03\/logo_dy_outline_white.png\",\"contentUrl\":\"https:\/\/digitaldeepsea.com\/es\/wp-content\/uploads\/sites\/3\/2024\/03\/logo_dy_outline_white.png\",\"width\":200,\"height\":114,\"caption\":\"Digital Deep Sea\"},\"image\":{\"@id\":\"https:\/\/digitaldeepsea.com\/es\/#\/schema\/logo\/image\/\"}}]}<\/script>\n<!-- \/ Yoast SEO plugin. -->","yoast_head_json":{"title":"iSeaSense - Pack de instrumentos para barco - Digital Deep Sea","description":"iSeaSense est un pack de instrumentos para barco NMEA 2000 y WiFi que incluye un sensores de profundidad, velocidad y temperatura.","robots":{"index":"index","follow":"follow","max-snippet":"max-snippet:-1","max-image-preview":"max-image-preview:large","max-video-preview":"max-video-preview:-1"},"canonical":"https:\/\/digitaldeepsea.com\/es\/producto\/pack-iseasense-pack-de-instrumentacion-para-barcos\/","og_locale":"es_ES","og_type":"article","og_title":"iSeaSense - Pack de instrumentos para barco - Digital Deep Sea","og_description":"iSeaSense est un pack de instrumentos para barco NMEA 2000 y WiFi que incluye un sensores de profundidad, velocidad y temperatura.","og_url":"https:\/\/digitaldeepsea.com\/es\/producto\/pack-iseasense-pack-de-instrumentacion-para-barcos\/","og_site_name":"Digital Deep Sea Espa\u00f1ol","article_modified_time":"2025-01-17T07:52:33+00:00","og_image":[{"width":768,"height":768,"url":"https:\/\/digitaldeepsea.com\/es\/wp-content\/uploads\/sites\/3\/2024\/03\/ISeaSense-pack1-web-768x768-1.jpg","type":"image\/jpeg"}],"twitter_card":"summary_large_image","twitter_misc":{"Tiempo de lectura":"4 minutos"},"schema":{"@context":"https:\/\/schema.org","@graph":[{"@type":"WebPage","@id":"https:\/\/digitaldeepsea.com\/es\/producto\/pack-iseasense-pack-de-instrumentacion-para-barcos\/","url":"https:\/\/digitaldeepsea.com\/es\/producto\/pack-iseasense-pack-de-instrumentacion-para-barcos\/","name":"iSeaSense - Pack de instrumentos para barco - Digital Deep Sea","isPartOf":{"@id":"https:\/\/digitaldeepsea.com\/es\/#website"},"primaryImageOfPage":{"@id":"https:\/\/digitaldeepsea.com\/es\/producto\/pack-iseasense-pack-de-instrumentacion-para-barcos\/#primaryimage"},"image":{"@id":"https:\/\/digitaldeepsea.com\/es\/producto\/pack-iseasense-pack-de-instrumentacion-para-barcos\/#primaryimage"},"thumbnailUrl":"https:\/\/digitaldeepsea.com\/es\/wp-content\/uploads\/sites\/3\/2024\/03\/ISeaSense-pack1-web-768x768-1.jpg","datePublished":"2024-03-14T12:22:39+00:00","dateModified":"2025-01-17T07:52:33+00:00","description":"iSeaSense est un pack de instrumentos para barco NMEA 2000 y WiFi que incluye un sensores de profundidad, velocidad y temperatura.","breadcrumb":{"@id":"https:\/\/digitaldeepsea.com\/es\/producto\/pack-iseasense-pack-de-instrumentacion-para-barcos\/#breadcrumb"},"inLanguage":"es","potentialAction":[{"@type":"ReadAction","target":["https:\/\/digitaldeepsea.com\/es\/producto\/pack-iseasense-pack-de-instrumentacion-para-barcos\/"]}]},{"@type":"ImageObject","inLanguage":"es","@id":"https:\/\/digitaldeepsea.com\/es\/producto\/pack-iseasense-pack-de-instrumentacion-para-barcos\/#primaryimage","url":"https:\/\/digitaldeepsea.com\/es\/wp-content\/uploads\/sites\/3\/2024\/03\/ISeaSense-pack1-web-768x768-1.jpg","contentUrl":"https:\/\/digitaldeepsea.com\/es\/wp-content\/uploads\/sites\/3\/2024\/03\/ISeaSense-pack1-web-768x768-1.jpg","width":768,"height":768},{"@type":"BreadcrumbList","@id":"https:\/\/digitaldeepsea.com\/es\/producto\/pack-iseasense-pack-de-instrumentacion-para-barcos\/#breadcrumb","itemListElement":[{"@type":"ListItem","position":1,"name":"Home","item":"https:\/\/digitaldeepsea.com\/es\/"},{"@type":"ListItem","position":2,"name":"PRODUCTOS","item":"https:\/\/digitaldeepsea.com\/es\/productos\/"},{"@type":"ListItem","position":3,"name":"Pack iSeaSense &#8211; Pack de instrumentaci\u00f3n para barcos"}]},{"@type":"WebSite","@id":"https:\/\/digitaldeepsea.com\/es\/#website","url":"https:\/\/digitaldeepsea.com\/es\/","name":"Digital Deep Sea","description":"","publisher":{"@id":"https:\/\/digitaldeepsea.com\/es\/#organization"},"potentialAction":[{"@type":"SearchAction","target":{"@type":"EntryPoint","urlTemplate":"https:\/\/digitaldeepsea.com\/es\/?s={search_term_string}"},"query-input":"required name=search_term_string"}],"inLanguage":"es"},{"@type":"Organization","@id":"https:\/\/digitaldeepsea.com\/es\/#organization","name":"Digital Deep Sea","url":"https:\/\/digitaldeepsea.com\/es\/","logo":{"@type":"ImageObject","inLanguage":"es","@id":"https:\/\/digitaldeepsea.com\/es\/#\/schema\/logo\/image\/","url":"https:\/\/digitaldeepsea.com\/es\/wp-content\/uploads\/sites\/3\/2024\/03\/logo_dy_outline_white.png","contentUrl":"https:\/\/digitaldeepsea.com\/es\/wp-content\/uploads\/sites\/3\/2024\/03\/logo_dy_outline_white.png","width":200,"height":114,"caption":"Digital Deep Sea"},"image":{"@id":"https:\/\/digitaldeepsea.com\/es\/#\/schema\/logo\/image\/"}}]}},"_links":{"self":[{"href":"https:\/\/digitaldeepsea.com\/es\/wp-json\/wp\/v2\/product\/83"}],"collection":[{"href":"https:\/\/digitaldeepsea.com\/es\/wp-json\/wp\/v2\/product"}],"about":[{"href":"https:\/\/digitaldeepsea.com\/es\/wp-json\/wp\/v2\/types\/product"}],"wp:featuredmedia":[{"embeddable":true,"href":"https:\/\/digitaldeepsea.com\/es\/wp-json\/wp\/v2\/media\/132"}],"wp:attachment":[{"href":"https:\/\/digitaldeepsea.com\/es\/wp-json\/wp\/v2\/media?parent=83"}],"wp:term":[{"taxonomy":"product_cat","embeddable":true,"href":"https:\/\/digitaldeepsea.com\/es\/wp-json\/wp\/v2\/product_cat?post=83"},{"taxonomy":"product_tag","embeddable":true,"href":"https:\/\/digitaldeepsea.com\/es\/wp-json\/wp\/v2\/product_tag?post=83"}],"curies":[{"name":"wp","href":"https:\/\/api.w.org\/{rel}","templated":true}]}}