{"id":82,"date":"2024-03-14T12:22:39","date_gmt":"2024-03-14T12:22:39","guid":{"rendered":"https:\/\/digitaldeepsea.com\/es\/?post_type=product&#038;p=82"},"modified":"2025-01-17T07:52:34","modified_gmt":"2025-01-17T07:52:34","slug":"pack-iseasense-avanzado","status":"publish","type":"product","link":"https:\/\/digitaldeepsea.com\/es\/producto\/pack-iseasense-avanzado\/","title":{"rendered":"Pack iSeaSense Avanzado"},"content":{"rendered":"<h5>LO QUE SE INCLUYE<\/h5>\n<p>El Pack iSeaSense Avanzado incluye:<\/p>\n<ul>\n<li>AIT2500 &#8211; Transpondedor AIS clase B+ SOTDMA<\/li>\n<li>WND100 &#8211; Sensor de viento<\/li>\n<li>Sensor inteligente &#8211; Sensor de profundidad, velocidad y temperatura<\/li>\n<li>HSC100 &#8211; Compas electr\u00f3nico Fluxgate<\/li>\n<li>iSeaSense &#8211; Servidor NMEA 2000 a WiFi con displays integrados<\/li>\n<li>Antenas VHF y GPS<\/li>\n<li>2 x kit de cableado NMEA 2000<\/li>\n<li>2 x iKonvert, convertidor NMEA2000\/NMEA0183<\/li>\n<\/ul>\n<p>&nbsp;<\/p>\n<h5><strong>CARACTERISTICAS<\/strong><\/h5>\n<p>iSeaSense es sofisticado pack de instrumentos de navegaci\u00f3n. Este sistema incluye un transpondedor AIS Clase B+ para proporcionar datos AIS, GPS y de los instrumentos de navegaci\u00f3n. \u00a0Este sistema se puede expandir usando una red NMEA2000. Incluye ademas el iSeaSense para transmitir via WiFi todos datos AIS y de los instrumentos a aplicaciones y programas de navegaci\u00f3n. Este pack tiene todo lo necesario para su sistema electr\u00f3nico marino a bordo, contiene todos los instrumentos, AIS y cables que necesita.<\/p>\n<p>&nbsp;<\/p>\n<p>En cuanto a los instrumentos, el <a href=\"https:\/\/digitalyacht.es\/producto\/wnd100\/\" target=\"_blank\" rel=\"noopener noreferrer\">WND100<\/a> es un sensor de viento ultra resistente con rodamientos Iglidur\u2122 para una vida \u00fatil excepcional y resistencia a la corrosi\u00f3n. La transmisi\u00f3n de datos se realiza a trav\u00e9s de un cable superfino de 20m, que se conecta a un convertidor NMEA2000\/NMEA0183 para conectarse directamente a la red NMEA 2000.<\/p>\n<p>&nbsp;<\/p>\n<p>El <a href=\"https:\/\/digitalyacht.es\/producto\/dst810\/\" target=\"_blank\" rel=\"noopener noreferrer\">Smart Sensor<\/a> es un sensor de profundidad, velocidad y temperatura con NMEA2000 con microelectr\u00f3nica incorporada. Adem\u00e1s, es el primer sensor m\u00faltiple Triducer retr\u00e1ctil del mercado que ofrece profundidad, velocidad y temperatura en un solo accesorio de 51 mm (2&#8243;). El HSC100 es un compas electr\u00f3nico con calibraci\u00f3n autom\u00e1tica y salida r\u00e1pida para MARPA. La precisi\u00f3n de los datos de rumbo sigue siendo un par\u00e1metro fundamental para la navegaci\u00f3n mar\u00edtima y el HSC100 utiliza la tecnolog\u00eda fluxgate para proporcionar datos de rumbo a los sistemas de navegaci\u00f3n.<\/p>\n<p>&nbsp;<\/p>\n<p>El <a href=\"https:\/\/digitalyacht.es\/producto\/ait2500\/\" target=\"_blank\" rel=\"noopener noreferrer\">AIT2500<\/a> es un transpondedor AIS SOTDMA de Clase B con interfaces NMEA0183, NMEA2000 y USB. La Clase B+ utiliza transmisiones de formato SOTDMA que ofrecen una potencia de salida de 5W. El AIT2500 se completa con una antena GPS (10m de cable) y una antena VHF (20m de cable). La antena VHF es una antena heliflex de 15cm, est\u00e1 espec\u00edficamente sintonizada con las frecuencias AIS (162MHz) para un rendimiento \u00f3ptimo.<\/p>\n<p>&nbsp;<\/p>\n<p>Por \u00faltimo, el pack iSeaSense Avanzado incluye la interfaz WiFi iSeaSense. Se trata de un servidor NMEA 2000 a WiFi f\u00e1cil de instalar, con un dise\u00f1o que permite que los datos de navegaci\u00f3n NMEA 2000 est\u00e9n disponibles para aplicaciones en smartphones, tablets, iPads y PC. Una vez instalado, crea una red WiFi local para que se conecten los dispositivos.<\/p>\n<p>&nbsp;<\/p>\n<p>iSeaSense cuenta con una interfaz web f\u00e1cil de usar. No requiere aplicaciones ni un software adicional. Basta con abrir el navegador en un dispositivo conectado y entrar en http:\/\/iSeaSense.local. Puede calibrar el sensor de viento a trav\u00e9s de la interfaz web de iSeaSense y tambi\u00e9n muestra la velocidad y el \u00e1ngulo del viento verdadero y aparente, adem\u00e1s de los c\u00e1lculos de VMG. Funciona en iOS, Android, PC y MAC (cualquier navegador web est\u00e1ndar), as\u00ed como pantallas de tinta electr\u00f3nica como Kindle y e-book. Los datos tambi\u00e9n puede visualizarse en todas las apps n\u00e1uticas y software de navegaci\u00f3n mas populares, como Navionics, TZ iBoat, OpenCPN, SailGrib, etc.<\/p>\n<p>&nbsp;<\/p>\n<h5><strong>INSTALACION<\/strong><\/h5>\n<p>Todos los instrumentos y el AIS tienen una interfaz NMEA 2000, por lo que la instalaci\u00f3n es muy f\u00e1cil con nuestro kit de cableado NMEA 2000 incluido en el paquete. NMEA 2000 utiliza una sencilla estructura troncal ( a veces llamada \u00abdorsal\u00bb) con terminadores en cada extremo de la red, y todos los dispositivos pueden enlazarse mediante conectores est\u00e1ndar. La red tambi\u00e9n necesita una fuente de alimentaci\u00f3n.\u00a0 Adem\u00e1s, los conectores resistentes al agua aseguran la m\u00e1xima fiabilidad y hace que la instalaci\u00f3n sea f\u00e1cil de conectar y usar.<\/p>\n<p>&nbsp;<\/p>\n<p>El sensor de viento y el comp\u00e1s tambi\u00e9n vienen con <a href=\"http:\/\/www.digitalyacht.es\/ikonvert\" target=\"_blank\" rel=\"noopener noreferrer\">iKonvert<\/a>, un convertidor de NMEA2000 a NMEA0183 para facilitar la instalaci\u00f3n, lo que permite una instalaci\u00f3n f\u00e1cil y flexible del NMEA 2000 sin la necesidad de engorrosos cables de ca\u00edda. El convertidor permite instalar f\u00e1cilmente un delgado cable de 20m desde los sensores de viento y el comp\u00e1s hasta el punto m\u00e1s cercano en la red NMEA 2000.<\/p>\n<p>&nbsp;<\/p>\n<h5><strong>ESPECIFICACIONES<\/strong><\/h5>\n<ul>\n<li>El pack de instrumentos de navegaci\u00f3n iSeaSense Avanzado incluye sensores de viento, profundidad, velocidad, temperatura y comp\u00e1s electr\u00f3nico.<\/li>\n<li>Tambi\u00e9n incluye un transpondedor AIS, una red NMEA 2000 y un servidor NMEA 2000 a WiFi<\/li>\n<li>Todo lo que necesita para la navegaci\u00f3n con el paquete iSeaSense Avanzado<\/li>\n<li>El sensor de viento es una anem\u00f3metro ultra resistente y se suministra con un cable de m\u00e1stil ultra delgado de 20 m.<\/li>\n<li>El Sensor Inteligente es un sensor de profundidad, velocidad y temperatura<\/li>\n<li>El comp\u00e1s es un sensor de br\u00fajula de alta velocidad (10Hz) NMEA Fluxgate electr\u00f3nico<\/li>\n<li>El transpondedor AIS es el AIT2500.<\/li>\n<li>El AIT2500 se suministra con un GPS externo (10m de cable) y una antena VHF (20m de cable)<\/li>\n<li>Incluye un kit de cableado NMEA para interconectar f\u00e1cilmente todos los equipos.<\/li>\n<li>El pack tambi\u00e9n incluye iKonvert, convertidor NMEA2000\/NMEA0183, para facilitar la instalaci\u00f3n<\/li>\n<li>iSeaSense es un servidor NMEA 2000 a WiFi<\/li>\n<li>El servidor cuenta con p\u00e1ginas de visualizaci\u00f3n de los instrumentos integrado<\/li>\n<li>Displays configurables para profundidad, velocidad, temperatura, viento, hora, GPS, navegaci\u00f3n y rumbo<\/li>\n<li>Autoalimentado desde la red troncal NMEA 2000Admite hasta 7 dispositivos inal\u00e1mbricos (UDP y protocolo TCP\/IP)<\/li>\n<li>Compatible con todos los programas y aplicaciones populares como iNavX, TimeZero, Weather 4D, Navionics, SailGrib, NavLink, iSailor, SeaPilot, AquaMap, etc.<\/li>\n<li>Funcionamiento de 12\/24v DC con un bajo consumo de energ\u00eda<\/li>\n<\/ul>\n","protected":false},"excerpt":{"rendered":"<p>\u00abUn sofisticado pack de instrumentaci\u00f3n con un transpondedor AIS de clase B SOTDMA para proporcionar datos AIS y GPS, as\u00ed como instrumentaci\u00f3n. Este sistema es expandible usando una red troncal NMEA2000. iSeaSense transmite via WiFi todos los datos AIS y instrumentos a aplicaciones y software de navegaci\u00f3n\u00bb.<\/p>\n","protected":false},"featured_media":123,"template":"","meta":[],"product_cat":[33,44,66],"product_tag":[67,47,68,69,70,71],"yoast_head":"<!-- This site is optimized with the Yoast SEO plugin v22.7 - https:\/\/yoast.com\/wordpress\/plugins\/seo\/ -->\n<title>iSeaSense Avanzado - Sistema instrumentaci\u00f3n - Digital DeepSea<\/title>\n<meta name=\"description\" content=\"El pack iSeaSense Avanzado es un sistema de instrumentos de navegaci\u00f3n con un transpondedor AIS de clase B+ para proporcionar datos AIS y GPS.\" \/>\n<meta name=\"robots\" content=\"index, follow, max-snippet:-1, max-image-preview:large, max-video-preview:-1\" \/>\n<link rel=\"canonical\" href=\"https:\/\/digitaldeepsea.com\/es\/producto\/pack-iseasense-avanzado\/\" \/>\n<meta property=\"og:locale\" content=\"es_ES\" \/>\n<meta property=\"og:type\" content=\"article\" \/>\n<meta property=\"og:title\" content=\"iSeaSense Avanzado - Sistema instrumentaci\u00f3n - Digital DeepSea\" \/>\n<meta property=\"og:description\" content=\"El pack iSeaSense Avanzado es un sistema de instrumentos de navegaci\u00f3n con un transpondedor AIS de clase B+ para proporcionar datos AIS y GPS.\" \/>\n<meta property=\"og:url\" content=\"https:\/\/digitaldeepsea.com\/es\/producto\/pack-iseasense-avanzado\/\" \/>\n<meta property=\"og:site_name\" content=\"Digital Deep Sea Espa\u00f1ol\" \/>\n<meta property=\"article:modified_time\" content=\"2025-01-17T07:52:34+00:00\" \/>\n<meta property=\"og:image\" content=\"https:\/\/digitaldeepsea.com\/es\/wp-content\/uploads\/sites\/3\/2024\/03\/Advanced-iSeaSense-Pack-1-768x614-1.jpg\" \/>\n\t<meta property=\"og:image:width\" content=\"768\" \/>\n\t<meta property=\"og:image:height\" content=\"614\" \/>\n\t<meta property=\"og:image:type\" content=\"image\/jpeg\" \/>\n<meta name=\"twitter:card\" content=\"summary_large_image\" \/>\n<meta name=\"twitter:label1\" content=\"Tiempo de lectura\" \/>\n\t<meta name=\"twitter:data1\" content=\"5 minutos\" \/>\n<script type=\"application\/ld+json\" class=\"yoast-schema-graph\">{\"@context\":\"https:\/\/schema.org\",\"@graph\":[{\"@type\":\"WebPage\",\"@id\":\"https:\/\/digitaldeepsea.com\/es\/producto\/pack-iseasense-avanzado\/\",\"url\":\"https:\/\/digitaldeepsea.com\/es\/producto\/pack-iseasense-avanzado\/\",\"name\":\"iSeaSense Avanzado - Sistema instrumentaci\u00f3n - Digital DeepSea\",\"isPartOf\":{\"@id\":\"https:\/\/digitaldeepsea.com\/es\/#website\"},\"primaryImageOfPage\":{\"@id\":\"https:\/\/digitaldeepsea.com\/es\/producto\/pack-iseasense-avanzado\/#primaryimage\"},\"image\":{\"@id\":\"https:\/\/digitaldeepsea.com\/es\/producto\/pack-iseasense-avanzado\/#primaryimage\"},\"thumbnailUrl\":\"https:\/\/digitaldeepsea.com\/es\/wp-content\/uploads\/sites\/3\/2024\/03\/Advanced-iSeaSense-Pack-1-768x614-1.jpg\",\"datePublished\":\"2024-03-14T12:22:39+00:00\",\"dateModified\":\"2025-01-17T07:52:34+00:00\",\"description\":\"El pack iSeaSense Avanzado es un sistema de instrumentos de navegaci\u00f3n con un transpondedor AIS de clase B+ para proporcionar datos AIS y GPS.\",\"breadcrumb\":{\"@id\":\"https:\/\/digitaldeepsea.com\/es\/producto\/pack-iseasense-avanzado\/#breadcrumb\"},\"inLanguage\":\"es\",\"potentialAction\":[{\"@type\":\"ReadAction\",\"target\":[\"https:\/\/digitaldeepsea.com\/es\/producto\/pack-iseasense-avanzado\/\"]}]},{\"@type\":\"ImageObject\",\"inLanguage\":\"es\",\"@id\":\"https:\/\/digitaldeepsea.com\/es\/producto\/pack-iseasense-avanzado\/#primaryimage\",\"url\":\"https:\/\/digitaldeepsea.com\/es\/wp-content\/uploads\/sites\/3\/2024\/03\/Advanced-iSeaSense-Pack-1-768x614-1.jpg\",\"contentUrl\":\"https:\/\/digitaldeepsea.com\/es\/wp-content\/uploads\/sites\/3\/2024\/03\/Advanced-iSeaSense-Pack-1-768x614-1.jpg\",\"width\":768,\"height\":614},{\"@type\":\"BreadcrumbList\",\"@id\":\"https:\/\/digitaldeepsea.com\/es\/producto\/pack-iseasense-avanzado\/#breadcrumb\",\"itemListElement\":[{\"@type\":\"ListItem\",\"position\":1,\"name\":\"Home\",\"item\":\"https:\/\/digitaldeepsea.com\/es\/\"},{\"@type\":\"ListItem\",\"position\":2,\"name\":\"PRODUCTOS\",\"item\":\"https:\/\/digitaldeepsea.com\/es\/productos\/\"},{\"@type\":\"ListItem\",\"position\":3,\"name\":\"Pack iSeaSense Avanzado\"}]},{\"@type\":\"WebSite\",\"@id\":\"https:\/\/digitaldeepsea.com\/es\/#website\",\"url\":\"https:\/\/digitaldeepsea.com\/es\/\",\"name\":\"Digital Deep Sea\",\"description\":\"\",\"publisher\":{\"@id\":\"https:\/\/digitaldeepsea.com\/es\/#organization\"},\"potentialAction\":[{\"@type\":\"SearchAction\",\"target\":{\"@type\":\"EntryPoint\",\"urlTemplate\":\"https:\/\/digitaldeepsea.com\/es\/?s={search_term_string}\"},\"query-input\":\"required name=search_term_string\"}],\"inLanguage\":\"es\"},{\"@type\":\"Organization\",\"@id\":\"https:\/\/digitaldeepsea.com\/es\/#organization\",\"name\":\"Digital Deep Sea\",\"url\":\"https:\/\/digitaldeepsea.com\/es\/\",\"logo\":{\"@type\":\"ImageObject\",\"inLanguage\":\"es\",\"@id\":\"https:\/\/digitaldeepsea.com\/es\/#\/schema\/logo\/image\/\",\"url\":\"https:\/\/digitaldeepsea.com\/es\/wp-content\/uploads\/sites\/3\/2024\/03\/logo_dy_outline_white.png\",\"contentUrl\":\"https:\/\/digitaldeepsea.com\/es\/wp-content\/uploads\/sites\/3\/2024\/03\/logo_dy_outline_white.png\",\"width\":200,\"height\":114,\"caption\":\"Digital Deep Sea\"},\"image\":{\"@id\":\"https:\/\/digitaldeepsea.com\/es\/#\/schema\/logo\/image\/\"}}]}<\/script>\n<!-- \/ Yoast SEO plugin. -->","yoast_head_json":{"title":"iSeaSense Avanzado - Sistema instrumentaci\u00f3n - Digital DeepSea","description":"El pack iSeaSense Avanzado es un sistema de instrumentos de navegaci\u00f3n con un transpondedor AIS de clase B+ para proporcionar datos AIS y GPS.","robots":{"index":"index","follow":"follow","max-snippet":"max-snippet:-1","max-image-preview":"max-image-preview:large","max-video-preview":"max-video-preview:-1"},"canonical":"https:\/\/digitaldeepsea.com\/es\/producto\/pack-iseasense-avanzado\/","og_locale":"es_ES","og_type":"article","og_title":"iSeaSense Avanzado - Sistema instrumentaci\u00f3n - Digital DeepSea","og_description":"El pack iSeaSense Avanzado es un sistema de instrumentos de navegaci\u00f3n con un transpondedor AIS de clase B+ para proporcionar datos AIS y GPS.","og_url":"https:\/\/digitaldeepsea.com\/es\/producto\/pack-iseasense-avanzado\/","og_site_name":"Digital Deep Sea Espa\u00f1ol","article_modified_time":"2025-01-17T07:52:34+00:00","og_image":[{"width":768,"height":614,"url":"https:\/\/digitaldeepsea.com\/es\/wp-content\/uploads\/sites\/3\/2024\/03\/Advanced-iSeaSense-Pack-1-768x614-1.jpg","type":"image\/jpeg"}],"twitter_card":"summary_large_image","twitter_misc":{"Tiempo de lectura":"5 minutos"},"schema":{"@context":"https:\/\/schema.org","@graph":[{"@type":"WebPage","@id":"https:\/\/digitaldeepsea.com\/es\/producto\/pack-iseasense-avanzado\/","url":"https:\/\/digitaldeepsea.com\/es\/producto\/pack-iseasense-avanzado\/","name":"iSeaSense Avanzado - Sistema instrumentaci\u00f3n - Digital DeepSea","isPartOf":{"@id":"https:\/\/digitaldeepsea.com\/es\/#website"},"primaryImageOfPage":{"@id":"https:\/\/digitaldeepsea.com\/es\/producto\/pack-iseasense-avanzado\/#primaryimage"},"image":{"@id":"https:\/\/digitaldeepsea.com\/es\/producto\/pack-iseasense-avanzado\/#primaryimage"},"thumbnailUrl":"https:\/\/digitaldeepsea.com\/es\/wp-content\/uploads\/sites\/3\/2024\/03\/Advanced-iSeaSense-Pack-1-768x614-1.jpg","datePublished":"2024-03-14T12:22:39+00:00","dateModified":"2025-01-17T07:52:34+00:00","description":"El pack iSeaSense Avanzado es un sistema de instrumentos de navegaci\u00f3n con un transpondedor AIS de clase B+ para proporcionar datos AIS y GPS.","breadcrumb":{"@id":"https:\/\/digitaldeepsea.com\/es\/producto\/pack-iseasense-avanzado\/#breadcrumb"},"inLanguage":"es","potentialAction":[{"@type":"ReadAction","target":["https:\/\/digitaldeepsea.com\/es\/producto\/pack-iseasense-avanzado\/"]}]},{"@type":"ImageObject","inLanguage":"es","@id":"https:\/\/digitaldeepsea.com\/es\/producto\/pack-iseasense-avanzado\/#primaryimage","url":"https:\/\/digitaldeepsea.com\/es\/wp-content\/uploads\/sites\/3\/2024\/03\/Advanced-iSeaSense-Pack-1-768x614-1.jpg","contentUrl":"https:\/\/digitaldeepsea.com\/es\/wp-content\/uploads\/sites\/3\/2024\/03\/Advanced-iSeaSense-Pack-1-768x614-1.jpg","width":768,"height":614},{"@type":"BreadcrumbList","@id":"https:\/\/digitaldeepsea.com\/es\/producto\/pack-iseasense-avanzado\/#breadcrumb","itemListElement":[{"@type":"ListItem","position":1,"name":"Home","item":"https:\/\/digitaldeepsea.com\/es\/"},{"@type":"ListItem","position":2,"name":"PRODUCTOS","item":"https:\/\/digitaldeepsea.com\/es\/productos\/"},{"@type":"ListItem","position":3,"name":"Pack iSeaSense Avanzado"}]},{"@type":"WebSite","@id":"https:\/\/digitaldeepsea.com\/es\/#website","url":"https:\/\/digitaldeepsea.com\/es\/","name":"Digital Deep Sea","description":"","publisher":{"@id":"https:\/\/digitaldeepsea.com\/es\/#organization"},"potentialAction":[{"@type":"SearchAction","target":{"@type":"EntryPoint","urlTemplate":"https:\/\/digitaldeepsea.com\/es\/?s={search_term_string}"},"query-input":"required name=search_term_string"}],"inLanguage":"es"},{"@type":"Organization","@id":"https:\/\/digitaldeepsea.com\/es\/#organization","name":"Digital Deep Sea","url":"https:\/\/digitaldeepsea.com\/es\/","logo":{"@type":"ImageObject","inLanguage":"es","@id":"https:\/\/digitaldeepsea.com\/es\/#\/schema\/logo\/image\/","url":"https:\/\/digitaldeepsea.com\/es\/wp-content\/uploads\/sites\/3\/2024\/03\/logo_dy_outline_white.png","contentUrl":"https:\/\/digitaldeepsea.com\/es\/wp-content\/uploads\/sites\/3\/2024\/03\/logo_dy_outline_white.png","width":200,"height":114,"caption":"Digital Deep Sea"},"image":{"@id":"https:\/\/digitaldeepsea.com\/es\/#\/schema\/logo\/image\/"}}]}},"_links":{"self":[{"href":"https:\/\/digitaldeepsea.com\/es\/wp-json\/wp\/v2\/product\/82"}],"collection":[{"href":"https:\/\/digitaldeepsea.com\/es\/wp-json\/wp\/v2\/product"}],"about":[{"href":"https:\/\/digitaldeepsea.com\/es\/wp-json\/wp\/v2\/types\/product"}],"wp:featuredmedia":[{"embeddable":true,"href":"https:\/\/digitaldeepsea.com\/es\/wp-json\/wp\/v2\/media\/123"}],"wp:attachment":[{"href":"https:\/\/digitaldeepsea.com\/es\/wp-json\/wp\/v2\/media?parent=82"}],"wp:term":[{"taxonomy":"product_cat","embeddable":true,"href":"https:\/\/digitaldeepsea.com\/es\/wp-json\/wp\/v2\/product_cat?post=82"},{"taxonomy":"product_tag","embeddable":true,"href":"https:\/\/digitaldeepsea.com\/es\/wp-json\/wp\/v2\/product_tag?post=82"}],"curies":[{"name":"wp","href":"https:\/\/api.w.org\/{rel}","templated":true}]}}