{"id":39,"date":"2024-03-14T12:22:11","date_gmt":"2024-03-14T12:22:11","guid":{"rendered":"https:\/\/digitaldeepsea.com\/es\/?post_type=product&#038;p=39"},"modified":"2025-01-17T07:52:35","modified_gmt":"2025-01-17T07:52:35","slug":"router-4g-nmea-2000-monitorizacion-del-barco","status":"publish","type":"product","link":"https:\/\/digitaldeepsea.com\/es\/producto\/router-4g-nmea-2000-monitorizacion-del-barco\/","title":{"rendered":"Router 4G, NMEA 2000 &amp; Monitorizaci\u00f3n del barco"},"content":{"rendered":"<h4><strong>CONTENIDO<\/strong><\/h4>\n<p>Este pack consiste en una soluci\u00f3n de acceso a Internet, que incluye un router 4G, interfaz NMEA 2000, alarmas de navegaci\u00f3n y soluci\u00f3n de monitorizaci\u00f3n del barco a distancia. Los productos incluidos son:<\/p>\n<ul>\n<li>4G Xtream &#8211; Booster 4G con router WiFi integrado y 2 antenas externas<\/li>\n<li>NavAlert<\/li>\n<li>Kit de cableado NMEA 2000<\/li>\n<\/ul>\n<p>&nbsp;<\/p>\n<h5><\/h5>\n<h4><strong>CARACTER\u00cdSTICAS<\/strong><\/h4>\n<p>Con este pack obtendr\u00e1 una r\u00e1pida conexi\u00f3n a Internet hasta 25 millas de la costa y recibir\u00e1 todos sus datos de navegaci\u00f3n via la misma red WiFi. Gracias a la conexi\u00f3n Internet a bordo podr\u00e1 descargar las \u00faltimas actualizaciones meteorol\u00f3gicas o de cartograf\u00eda n\u00e1utica, adem\u00e1s de poder teletrabajar a bordo. Adem\u00e1s, recibir\u00e1 todos sus datos de navegaci\u00f3n via la misma red WiFi para visualizar y utilizar en tiempo real sus datos de navegaci\u00f3n en aplicaciones n\u00e1uticas y software de navegaci\u00f3n.<\/p>\n<p>&nbsp;<\/p>\n<p><a href=\"https:\/\/digitaldeepsea.com\/es\/producto\/4g-xtream\/\" target=\"_blank\" rel=\"noopener noreferrer\">4G Xtream<\/a> es nuestro \u00faltimo producto premium de acceso a Internet LTE a bordo con una interfaz NMEA 2000 integrada. Con un m\u00f3dem CAT 6, ofrece una conexi\u00f3n de hasta 300 MB\/s (dependiendo de la red). Adem\u00e1s, cuenta con un router WiFi de doble banda que admite varias conexiones de red, as\u00ed como dos ranuras SIM.<\/p>\n<p>&nbsp;<\/p>\n<p>Se suministra un pack completo con dos antenas externas, hardware de montaje en cubierta y cableado. Gracias a las dos antenas externas, podr\u00e1 recibir Internet a una distancia de hasta 25 millas.<\/p>\n<p>&nbsp;<\/p>\n<p>4G Xtream tambi\u00e9n dispone de conectividad NMEA 2000 para que los datos de navegaci\u00f3n NMEA 2000 est\u00e9n disponibles para aplicaciones de smartphones, tablets, iPads y PC. Esto permite que todos los datos NMEA 2000, as\u00ed como los datos de Internet, se env\u00eden a aplicaciones iOS y Android y programas de navegaci\u00f3n populares como Navionics, iSailor, Weather4D, SailGrib, TimeZero, OpenCPN y muchos m\u00e1s.<\/p>\n<p>&nbsp;<\/p>\n<p>El 4G Xtream tiene una interfaz sencilla y f\u00e1cil de usar y est\u00e1 desbloqueado, por lo que podr\u00e1 instalar una tarjeta SIM de datos de cualquier proveedor de telefon\u00eda que elija. El 4G Xtream tiene dos ranuras SIM est\u00e1ndar, por lo que es posible instalar dos SIM de dos operadores de red diferentes. El funcionamiento es sencillo: enci\u00e9ndalo, con\u00e9ctese al WiFi protegido por contrase\u00f1a que crea el 4G Xtream y su dispositivo estar\u00e1 conectado a Internet en su barco.<\/p>\n<p>&nbsp;<\/p>\n<p>NavAlert permite establecer una alarma para cualquier par\u00e1metro disponible en la red NMEA 2000 del barco. Pueden ser datos de navegaci\u00f3n como la profundidad, el rumbo o la velocidad, datos el\u00e9ctricos como el voltaje y datos del motor\/generador como la temperatura, la presi\u00f3n, el nivel del dep\u00f3sito, etc.<\/p>\n<p>&nbsp;<\/p>\n<p>Se conecta en cualquier punto de la red NMEA 2000 y tambi\u00e9n se alimenta de esta, por lo que la instalaci\u00f3n es muy sencilla. NavAlert crea una red WiFi, por lo que la configuraci\u00f3n es posible a trav\u00e9s de cualquier tel\u00e9fono m\u00f3vil, tableta o PC. S\u00f3lo tiene que elegir el par\u00e1metro que desea supervisar y establecer un nivel de alarma. Se pueden monitorizar m\u00faltiples par\u00e1metros. NavAlert se puede configurar para que cualquier alerta se muestre como una alarma emergente en un MfD Garmin.<\/p>\n<p>&nbsp;<\/p>\n<p>NavAlert cuenta con una alarma de fondeo. Esta utiliza un algoritmo para calcular el radio de deriva \u00f3ptimo en funci\u00f3n de la profundidad y el alcance de la cadena. Tambi\u00e9n cuenta con una alarma anticolisi\u00f3n CPA (punto de aproximaci\u00f3n m\u00e1s cercano) y TCPA (tiempo hasta el punto de aproximaci\u00f3n m\u00e1s cercano) basada en los datos del sistema AIS conectado a la red NMEA 2000. Estas alertas tambi\u00e9n se pueden supervisar a trav\u00e9s de la interfaz web.<\/p>\n<p>&nbsp;<\/p>\n<p>Cuando se conecta a un 4G Xtream (que tiene interfaz NMEA 2000 integrada), las alertas tambi\u00e9n se pueden enviar por SMS a un tel\u00e9fono m\u00f3vil. S\u00f3lo tiene que seleccionar la opci\u00f3n de alerta por SMS en el men\u00fa de configuraci\u00f3n de NavAlert y podr\u00e1 utilizarse como un sencillo sistema de monitorizaci\u00f3n remota. Delimite el area de fondeo de su barco o establezca una alerta de alta velocidad del viento. Este sistema permite una supervisi\u00f3n remota muy flexible y sencilla de su barco, sin el gasto que supone un costoso sistema dedicado de monitorizaci\u00f3n y supervisi\u00f3n.<\/p>\n<p>&nbsp;<\/p>\n<p>&nbsp;<\/p>\n<h4><strong>INSTALACION<\/strong><\/h4>\n<p>El 4G Xtream y NavAlert tienen una interfaz NMEA 2000, por lo que la instalaci\u00f3n es muy sencilla con nuestro kit de cableado NMEA 2000 incluido en el pack. NMEA 2000 utiliza una estructura troncal simple (a veces llamada \u201cbus\u201d) que requiere terminadores en cada extremo del cableado. Cada dispositivo se puede conectar utilizando un cable de bajada. El bus tambi\u00e9n necesita alimentaci\u00f3n.<\/p>\n<p>&nbsp;<\/p>\n<p>Adem\u00e1s, nuestros conectores estancos garantizan la m\u00e1xima fiabilidad y facilitan una instalaci\u00f3n \u201cplug and play\u201d. Suministramos dos kits de cableado NMEA 2000 para que pueda conectar 8 dispositivos.<\/p>\n<p>&nbsp;<\/p>\n<p>Tambi\u00e9n puede a\u00f1adir instrumentos adicionales (viento, profundidad, velocidad, temperatura, etc.) a la red NMEA 2000 y recibir as\u00ed todos sus datos en las aplicaciones y el software de navegaci\u00f3n.<\/p>\n<p>&nbsp;<\/p>\n<h4><strong>CONFIGURACION<\/strong><\/h4>\n<p>Puede configurar NavAlert a trav\u00e9s de su propia interfaz web. S\u00f3lo tiene que abrir su navegador web, introducir la direcci\u00f3n IP del NavAlert y podr\u00e1 cambiar el nombre de la red y la contrase\u00f1a o incluso fusionar el WiFi a una red WiFi existente a bordo. Por lo tanto, no se requiere ning\u00fan software o aplicaci\u00f3n de programaci\u00f3n adicional.<\/p>\n<p>&nbsp;<\/p>\n<p>Se han predefinido una serie de alertas comunes ordenadas por categor\u00eda, que puede seleccionar y modificar, o puede crear su propia alerta personalizada desde cero. Cuando haya configurado una alerta, puede seleccionar la acci\u00f3n que NAVAlert llevar\u00e1 a cabo cuando se produzca la alerta, como el tono y la duraci\u00f3n de la alarma interna que sonar\u00e1, o el env\u00edo de la alarma a una pantalla multifunci\u00f3n (MFD) compatible o incluso el env\u00edo de un mensaje SMS a su tel\u00e9fono m\u00f3vil (si est\u00e1 conectado al 4G Xtream).<\/p>\n<p>&nbsp;<\/p>\n<p>NAVAlert tambi\u00e9n dispone de una alarma antigarreo integrada, que puede monitorizar el arrastre del ancla; y de alarmas de colisi\u00f3n CPA y TCPA (Punto de Aproximaci\u00f3n m\u00e1s Cercano (CPA) y el Tiempo hasta el Punto de Aproximaci\u00f3n m\u00e1s Cercano (TCPA)<\/p>\n<p>&nbsp;<\/p>\n<p>&nbsp;<\/p>\n<h4><strong>ESPECIFICACIONES<\/strong><\/h4>\n<ul>\n<li>Amplificador 4G con interfaz NMEA<\/li>\n<li>Soluci\u00f3n para obtener un r\u00e1pido acceso a Internet a bordo y recibir todos los datos de navegaci\u00f3n de las aplicaciones y el software<\/li>\n<li>4GConnect tiene un m\u00f3dem 4G\/LTE de alto rendimiento para una velocidad y alcance excepcionales.<\/li>\n<li>SIM desbloqueada para cualquier proveedor de red<\/li>\n<li>Se suministra con 2 x antenas externas de 48 cm de alto rendimiento para una velocidad y un alcance \u00f3ptimos<\/li>\n<li>Elija entre 7, 10 o 20 metros de cable<\/li>\n<li>Se suministra con la base de la cubierta para las antenas (como se muestra)<\/li>\n<li>El m\u00f3dem LTE Clase 3 ofrece un largo alcance y velocidades de hasta 70Mbps<\/li>\n<li>Crea una red WiFi a bordo protegida por contrase\u00f1a<\/li>\n<li>Puerto LAN Ethernet para la conexi\u00f3n a la interfaz de navegaci\u00f3n iKommunicate &#8211; permite que los datos NMEA 0183\/2000 del barco est\u00e9n disponibles en la red wifi &#8211; ideal para la navegaci\u00f3n con smartphones y tabletas<\/li>\n<li>iKommunicate tiene tres entradas NMEA0183 optoaisladas y dos salidas NMEA0183 diferenciales.<\/li>\n<li>Tiene una puerta de enlace certificada por el NMEA2000 con un cable de ca\u00edda integral NMEA2000<\/li>\n<li>Tarjeta micro SD de 8GB interna para alojar p\u00e1ginas web y aplicaciones<\/li>\n<li>Funcionamiento a 12V DC con un consumo de energ\u00eda de &lt;5W<\/li>\n<\/ul>\n","protected":false},"excerpt":{"rendered":"<p>\u00abEste pack incluye un 4G Xtream con NavAlert y kit de cableado NMEA 2000. Una soluci\u00f3n ideal para obtener una conexi\u00f3n\u00a0 Internet a bordo, as\u00ed como datos NMEA 2000 en tel\u00e9fonos y tablets para las apps n\u00e1uticas. NavAlert proporciona alertas y monitorizaci\u00f3n del barco, adem\u00e1s de alarmas a distancia via SMS en tiempo real gracias al 4G Xtream.\u201d<\/p>\n","protected":false},"featured_media":120,"template":"","meta":[],"product_cat":[35,44],"product_tag":[62,63,55,64,65],"yoast_head":"<!-- This site is optimized with the Yoast SEO plugin v22.7 - https:\/\/yoast.com\/wordpress\/plugins\/seo\/ -->\n<title>Router 4G y monitorizaci\u00f3n del barco NMEA - Digital Deep Sea<\/title>\n<meta name=\"description\" content=\"Este pack de 4G Xtream y NavAlert es la soluci\u00f3n ideal para una conexi\u00f3n Internet a bordo con router 4G y monitorizaci\u00f3n del barco.\" \/>\n<meta name=\"robots\" content=\"index, follow, max-snippet:-1, max-image-preview:large, max-video-preview:-1\" \/>\n<link rel=\"canonical\" href=\"https:\/\/digitaldeepsea.com\/es\/producto\/router-4g-nmea-2000-monitorizacion-del-barco\/\" \/>\n<meta property=\"og:locale\" content=\"es_ES\" \/>\n<meta property=\"og:type\" content=\"article\" \/>\n<meta property=\"og:title\" content=\"Router 4G y monitorizaci\u00f3n del barco NMEA - Digital Deep Sea\" \/>\n<meta property=\"og:description\" content=\"Este pack de 4G Xtream y NavAlert es la soluci\u00f3n ideal para una conexi\u00f3n Internet a bordo con router 4G y monitorizaci\u00f3n del barco.\" \/>\n<meta property=\"og:url\" content=\"https:\/\/digitaldeepsea.com\/es\/producto\/router-4g-nmea-2000-monitorizacion-del-barco\/\" \/>\n<meta property=\"og:site_name\" content=\"Digital Deep Sea Espa\u00f1ol\" \/>\n<meta property=\"article:modified_time\" content=\"2025-01-17T07:52:35+00:00\" \/>\n<meta property=\"og:image\" content=\"https:\/\/digitaldeepsea.com\/es\/wp-content\/uploads\/sites\/3\/2024\/03\/Solution-4G-BOOSTER-768x768-1.jpg\" \/>\n\t<meta property=\"og:image:width\" content=\"768\" \/>\n\t<meta property=\"og:image:height\" content=\"768\" \/>\n\t<meta property=\"og:image:type\" content=\"image\/jpeg\" \/>\n<meta name=\"twitter:card\" content=\"summary_large_image\" \/>\n<meta name=\"twitter:label1\" content=\"Tiempo de lectura\" \/>\n\t<meta name=\"twitter:data1\" content=\"6 minutos\" \/>\n<script type=\"application\/ld+json\" class=\"yoast-schema-graph\">{\"@context\":\"https:\/\/schema.org\",\"@graph\":[{\"@type\":\"WebPage\",\"@id\":\"https:\/\/digitaldeepsea.com\/es\/producto\/router-4g-nmea-2000-monitorizacion-del-barco\/\",\"url\":\"https:\/\/digitaldeepsea.com\/es\/producto\/router-4g-nmea-2000-monitorizacion-del-barco\/\",\"name\":\"Router 4G y monitorizaci\u00f3n del barco NMEA - Digital Deep Sea\",\"isPartOf\":{\"@id\":\"https:\/\/digitaldeepsea.com\/es\/#website\"},\"primaryImageOfPage\":{\"@id\":\"https:\/\/digitaldeepsea.com\/es\/producto\/router-4g-nmea-2000-monitorizacion-del-barco\/#primaryimage\"},\"image\":{\"@id\":\"https:\/\/digitaldeepsea.com\/es\/producto\/router-4g-nmea-2000-monitorizacion-del-barco\/#primaryimage\"},\"thumbnailUrl\":\"https:\/\/digitaldeepsea.com\/es\/wp-content\/uploads\/sites\/3\/2024\/03\/Solution-4G-BOOSTER-768x768-1.jpg\",\"datePublished\":\"2024-03-14T12:22:11+00:00\",\"dateModified\":\"2025-01-17T07:52:35+00:00\",\"description\":\"Este pack de 4G Xtream y NavAlert es la soluci\u00f3n ideal para una conexi\u00f3n Internet a bordo con router 4G y monitorizaci\u00f3n del barco.\",\"breadcrumb\":{\"@id\":\"https:\/\/digitaldeepsea.com\/es\/producto\/router-4g-nmea-2000-monitorizacion-del-barco\/#breadcrumb\"},\"inLanguage\":\"es\",\"potentialAction\":[{\"@type\":\"ReadAction\",\"target\":[\"https:\/\/digitaldeepsea.com\/es\/producto\/router-4g-nmea-2000-monitorizacion-del-barco\/\"]}]},{\"@type\":\"ImageObject\",\"inLanguage\":\"es\",\"@id\":\"https:\/\/digitaldeepsea.com\/es\/producto\/router-4g-nmea-2000-monitorizacion-del-barco\/#primaryimage\",\"url\":\"https:\/\/digitaldeepsea.com\/es\/wp-content\/uploads\/sites\/3\/2024\/03\/Solution-4G-BOOSTER-768x768-1.jpg\",\"contentUrl\":\"https:\/\/digitaldeepsea.com\/es\/wp-content\/uploads\/sites\/3\/2024\/03\/Solution-4G-BOOSTER-768x768-1.jpg\",\"width\":768,\"height\":768},{\"@type\":\"BreadcrumbList\",\"@id\":\"https:\/\/digitaldeepsea.com\/es\/producto\/router-4g-nmea-2000-monitorizacion-del-barco\/#breadcrumb\",\"itemListElement\":[{\"@type\":\"ListItem\",\"position\":1,\"name\":\"Home\",\"item\":\"https:\/\/digitaldeepsea.com\/es\/\"},{\"@type\":\"ListItem\",\"position\":2,\"name\":\"PRODUCTOS\",\"item\":\"https:\/\/digitaldeepsea.com\/es\/productos\/\"},{\"@type\":\"ListItem\",\"position\":3,\"name\":\"Router 4G, NMEA 2000 &amp; Monitorizaci\u00f3n del barco\"}]},{\"@type\":\"WebSite\",\"@id\":\"https:\/\/digitaldeepsea.com\/es\/#website\",\"url\":\"https:\/\/digitaldeepsea.com\/es\/\",\"name\":\"Digital Deep Sea\",\"description\":\"\",\"publisher\":{\"@id\":\"https:\/\/digitaldeepsea.com\/es\/#organization\"},\"potentialAction\":[{\"@type\":\"SearchAction\",\"target\":{\"@type\":\"EntryPoint\",\"urlTemplate\":\"https:\/\/digitaldeepsea.com\/es\/?s={search_term_string}\"},\"query-input\":\"required name=search_term_string\"}],\"inLanguage\":\"es\"},{\"@type\":\"Organization\",\"@id\":\"https:\/\/digitaldeepsea.com\/es\/#organization\",\"name\":\"Digital Deep Sea\",\"url\":\"https:\/\/digitaldeepsea.com\/es\/\",\"logo\":{\"@type\":\"ImageObject\",\"inLanguage\":\"es\",\"@id\":\"https:\/\/digitaldeepsea.com\/es\/#\/schema\/logo\/image\/\",\"url\":\"https:\/\/digitaldeepsea.com\/es\/wp-content\/uploads\/sites\/3\/2024\/03\/logo_dy_outline_white.png\",\"contentUrl\":\"https:\/\/digitaldeepsea.com\/es\/wp-content\/uploads\/sites\/3\/2024\/03\/logo_dy_outline_white.png\",\"width\":200,\"height\":114,\"caption\":\"Digital Deep Sea\"},\"image\":{\"@id\":\"https:\/\/digitaldeepsea.com\/es\/#\/schema\/logo\/image\/\"}}]}<\/script>\n<!-- \/ Yoast SEO plugin. -->","yoast_head_json":{"title":"Router 4G y monitorizaci\u00f3n del barco NMEA - Digital Deep Sea","description":"Este pack de 4G Xtream y NavAlert es la soluci\u00f3n ideal para una conexi\u00f3n Internet a bordo con router 4G y monitorizaci\u00f3n del barco.","robots":{"index":"index","follow":"follow","max-snippet":"max-snippet:-1","max-image-preview":"max-image-preview:large","max-video-preview":"max-video-preview:-1"},"canonical":"https:\/\/digitaldeepsea.com\/es\/producto\/router-4g-nmea-2000-monitorizacion-del-barco\/","og_locale":"es_ES","og_type":"article","og_title":"Router 4G y monitorizaci\u00f3n del barco NMEA - Digital Deep Sea","og_description":"Este pack de 4G Xtream y NavAlert es la soluci\u00f3n ideal para una conexi\u00f3n Internet a bordo con router 4G y monitorizaci\u00f3n del barco.","og_url":"https:\/\/digitaldeepsea.com\/es\/producto\/router-4g-nmea-2000-monitorizacion-del-barco\/","og_site_name":"Digital Deep Sea Espa\u00f1ol","article_modified_time":"2025-01-17T07:52:35+00:00","og_image":[{"width":768,"height":768,"url":"https:\/\/digitaldeepsea.com\/es\/wp-content\/uploads\/sites\/3\/2024\/03\/Solution-4G-BOOSTER-768x768-1.jpg","type":"image\/jpeg"}],"twitter_card":"summary_large_image","twitter_misc":{"Tiempo de lectura":"6 minutos"},"schema":{"@context":"https:\/\/schema.org","@graph":[{"@type":"WebPage","@id":"https:\/\/digitaldeepsea.com\/es\/producto\/router-4g-nmea-2000-monitorizacion-del-barco\/","url":"https:\/\/digitaldeepsea.com\/es\/producto\/router-4g-nmea-2000-monitorizacion-del-barco\/","name":"Router 4G y monitorizaci\u00f3n del barco NMEA - Digital Deep Sea","isPartOf":{"@id":"https:\/\/digitaldeepsea.com\/es\/#website"},"primaryImageOfPage":{"@id":"https:\/\/digitaldeepsea.com\/es\/producto\/router-4g-nmea-2000-monitorizacion-del-barco\/#primaryimage"},"image":{"@id":"https:\/\/digitaldeepsea.com\/es\/producto\/router-4g-nmea-2000-monitorizacion-del-barco\/#primaryimage"},"thumbnailUrl":"https:\/\/digitaldeepsea.com\/es\/wp-content\/uploads\/sites\/3\/2024\/03\/Solution-4G-BOOSTER-768x768-1.jpg","datePublished":"2024-03-14T12:22:11+00:00","dateModified":"2025-01-17T07:52:35+00:00","description":"Este pack de 4G Xtream y NavAlert es la soluci\u00f3n ideal para una conexi\u00f3n Internet a bordo con router 4G y monitorizaci\u00f3n del barco.","breadcrumb":{"@id":"https:\/\/digitaldeepsea.com\/es\/producto\/router-4g-nmea-2000-monitorizacion-del-barco\/#breadcrumb"},"inLanguage":"es","potentialAction":[{"@type":"ReadAction","target":["https:\/\/digitaldeepsea.com\/es\/producto\/router-4g-nmea-2000-monitorizacion-del-barco\/"]}]},{"@type":"ImageObject","inLanguage":"es","@id":"https:\/\/digitaldeepsea.com\/es\/producto\/router-4g-nmea-2000-monitorizacion-del-barco\/#primaryimage","url":"https:\/\/digitaldeepsea.com\/es\/wp-content\/uploads\/sites\/3\/2024\/03\/Solution-4G-BOOSTER-768x768-1.jpg","contentUrl":"https:\/\/digitaldeepsea.com\/es\/wp-content\/uploads\/sites\/3\/2024\/03\/Solution-4G-BOOSTER-768x768-1.jpg","width":768,"height":768},{"@type":"BreadcrumbList","@id":"https:\/\/digitaldeepsea.com\/es\/producto\/router-4g-nmea-2000-monitorizacion-del-barco\/#breadcrumb","itemListElement":[{"@type":"ListItem","position":1,"name":"Home","item":"https:\/\/digitaldeepsea.com\/es\/"},{"@type":"ListItem","position":2,"name":"PRODUCTOS","item":"https:\/\/digitaldeepsea.com\/es\/productos\/"},{"@type":"ListItem","position":3,"name":"Router 4G, NMEA 2000 &amp; Monitorizaci\u00f3n del barco"}]},{"@type":"WebSite","@id":"https:\/\/digitaldeepsea.com\/es\/#website","url":"https:\/\/digitaldeepsea.com\/es\/","name":"Digital Deep Sea","description":"","publisher":{"@id":"https:\/\/digitaldeepsea.com\/es\/#organization"},"potentialAction":[{"@type":"SearchAction","target":{"@type":"EntryPoint","urlTemplate":"https:\/\/digitaldeepsea.com\/es\/?s={search_term_string}"},"query-input":"required name=search_term_string"}],"inLanguage":"es"},{"@type":"Organization","@id":"https:\/\/digitaldeepsea.com\/es\/#organization","name":"Digital Deep Sea","url":"https:\/\/digitaldeepsea.com\/es\/","logo":{"@type":"ImageObject","inLanguage":"es","@id":"https:\/\/digitaldeepsea.com\/es\/#\/schema\/logo\/image\/","url":"https:\/\/digitaldeepsea.com\/es\/wp-content\/uploads\/sites\/3\/2024\/03\/logo_dy_outline_white.png","contentUrl":"https:\/\/digitaldeepsea.com\/es\/wp-content\/uploads\/sites\/3\/2024\/03\/logo_dy_outline_white.png","width":200,"height":114,"caption":"Digital Deep Sea"},"image":{"@id":"https:\/\/digitaldeepsea.com\/es\/#\/schema\/logo\/image\/"}}]}},"_links":{"self":[{"href":"https:\/\/digitaldeepsea.com\/es\/wp-json\/wp\/v2\/product\/39"}],"collection":[{"href":"https:\/\/digitaldeepsea.com\/es\/wp-json\/wp\/v2\/product"}],"about":[{"href":"https:\/\/digitaldeepsea.com\/es\/wp-json\/wp\/v2\/types\/product"}],"wp:featuredmedia":[{"embeddable":true,"href":"https:\/\/digitaldeepsea.com\/es\/wp-json\/wp\/v2\/media\/120"}],"wp:attachment":[{"href":"https:\/\/digitaldeepsea.com\/es\/wp-json\/wp\/v2\/media?parent=39"}],"wp:term":[{"taxonomy":"product_cat","embeddable":true,"href":"https:\/\/digitaldeepsea.com\/es\/wp-json\/wp\/v2\/product_cat?post=39"},{"taxonomy":"product_tag","embeddable":true,"href":"https:\/\/digitaldeepsea.com\/es\/wp-json\/wp\/v2\/product_tag?post=39"}],"curies":[{"name":"wp","href":"https:\/\/api.w.org\/{rel}","templated":true}]}}