{"id":35,"date":"2024-03-14T12:22:10","date_gmt":"2024-03-14T12:22:10","guid":{"rendered":"https:\/\/digitaldeepsea.com\/es\/?post_type=product&#038;p=35"},"modified":"2025-01-17T07:52:35","modified_gmt":"2025-01-17T07:52:35","slug":"router-4g-antena-wifi-nmea-2000-monitorizacion-del-barco","status":"publish","type":"product","link":"https:\/\/digitaldeepsea.com\/es\/producto\/router-4g-antena-wifi-nmea-2000-monitorizacion-del-barco\/","title":{"rendered":"Router 4G, antena WiFi, NMEA 2000 &amp; monitorizaci\u00f3n del barco"},"content":{"rendered":"<h4><strong>CONTENIDO<\/strong><\/h4>\n<p>Este pack consiste en una soluci\u00f3n de acceso a Internet, que incluye un router 4G, una antena WiFi y una soluci\u00f3n de monitorizaci\u00f3n del barco a distancia via una interfaz NMEA 2000 y alarmas de navegaci\u00f3n. Los productos incluidos son:<\/p>\n<ul>\n<li>4G Xtream \u2013 Router 4G con router WiFi integrado y 2 antenas externas<\/li>\n<li>NavAlert<\/li>\n<li>Kit de cableado NMEA 2000<\/li>\n<li>Antena booster WiFi<\/li>\n<\/ul>\n<p>&nbsp;<\/p>\n<p>&nbsp;<\/p>\n<h4><strong>CARACTER\u00cdSTICAS<\/strong><\/h4>\n<p>Con este pack obtendr\u00e1 una r\u00e1pida conexi\u00f3n a Internet hasta 25 millas de la costa y recibir\u00e1 todos sus datos de navegaci\u00f3n via la misma red WiFi. Gracias a la conexi\u00f3n Internet a bordo podr\u00e1 descargar las \u00faltimas actualizaciones meteorol\u00f3gicas o de cartograf\u00eda n\u00e1utica, adem\u00e1s de poder teletrabajar a bordo. Adem\u00e1s, recibir\u00e1 todos sus datos de navegaci\u00f3n via la misma red WiFi para visualizar y utilizar en tiempo real sus datos de navegaci\u00f3n en aplicaciones n\u00e1uticas y software de navegaci\u00f3n.<\/p>\n<p>&nbsp;<\/p>\n<p><a href=\"https:\/\/digitaldeepsea.com\/es\/producto\/4g-xtream\/\" target=\"_blank\" rel=\"noopener noreferrer\">4G Xtream<\/a>\u00a0es nuestro \u00faltimo producto premium de acceso a Internet LTE a bordo con una interfaz NMEA 2000 integrada. Con un m\u00f3dem CAT 6, ofrece una conexi\u00f3n de hasta\u00a0<strong>300 MB\/s<\/strong>\u00a0(dependiendo de la red). Adem\u00e1s, cuenta con un router WiFi de doble banda que admite varias conexiones de red, as\u00ed como\u00a0<strong>dos ranuras SIM<\/strong>.<\/p>\n<p>&nbsp;<\/p>\n<p>Se suministra un pack completo con dos antenas externas, hardware de montaje en cubierta y cableado. Gracias a las dos antenas externas, podr\u00e1 recibir Internet a una distancia de hasta 25 millas.<\/p>\n<p>&nbsp;<\/p>\n<p>4G Xtream tambi\u00e9n dispone de conectividad NMEA 2000 para que los datos de navegaci\u00f3n NMEA 2000 est\u00e9n disponibles para aplicaciones de smartphones, tablets, iPads y PC. Esto permite que todos los datos NMEA 2000, as\u00ed como los datos de Internet, se env\u00eden a aplicaciones iOS y Android y programas de navegaci\u00f3n populares como Navionics, iSailor, Weather4D, SailGrib, TimeZero, OpenCPN y muchos m\u00e1s.<\/p>\n<p>&nbsp;<\/p>\n<p>El 4G Xtream tiene una interfaz sencilla y f\u00e1cil de usar y est\u00e1 desbloqueado, por lo que podr\u00e1 instalar una tarjeta SIM de datos de cualquier proveedor de telefon\u00eda que elija. El 4G Xtream tiene dos ranuras SIM est\u00e1ndar, por lo que es posible instalar dos SIM de dos operadores de red diferentes. El funcionamiento es sencillo: enci\u00e9ndalo, con\u00e9ctese al WiFi protegido por contrase\u00f1a que crea el 4G Xtream y su dispositivo estar\u00e1 conectado a Internet en su barco.<\/p>\n<p>&nbsp;<\/p>\n<p>Esta soluci\u00f3n tambi\u00e9n incluye un kit con antena WiFi. Este sencillo kit, compuesto por una antena de 15dBi de alta ganancia, una base de montaje, un cable LMR400 de 10 m de baja p\u00e9rdida y un kit de conectores, permite que uno de los m\u00f3dulos WiFi del 4G Xtream se conecte al a la red WiFi del puerto, para poder utilizar el WiFi del puerto en lugar de la red m\u00f3vil 4G. Esto es especialmente \u00fatil en zonas donde la cobertura 4G puede no ser buena o si tienes un contrato de datos m\u00f3viles limitado.<\/p>\n<p>&nbsp;<\/p>\n<p>La antena de alta ganancia ha sido dise\u00f1ada para funcionar en toda la gama de frecuencias inal\u00e1mbricas de 2,4 y 5 GHz. Esto le permitir\u00e1 conectarse a las \u00faltimas redes WiFi de 5 GHz en la marina, que est\u00e1n sustituyendo gradualmente a las antiguas y m\u00e1s saturadas redes de 2,4 GHz. El cable de la antena se puede conectar a cualquiera de las conexiones WiFi de la parte trasera del 4G Xtream, sustituyendo a la antena interna est\u00e1ndar. El cable de 10 m de baja p\u00e9rdida le permite montar la antena externa en una posici\u00f3n adecuada en cubierta utilizando el soporte incluido.<\/p>\n<p>&nbsp;<\/p>\n<p>NavAlert permite establecer una alarma para cualquier par\u00e1metro disponible en la red NMEA 2000 del barco. Pueden ser datos de navegaci\u00f3n como la profundidad, el rumbo o la velocidad, datos el\u00e9ctricos como el voltaje y datos del motor\/generador como la temperatura, la presi\u00f3n, el nivel del dep\u00f3sito, etc.<\/p>\n<p>&nbsp;<\/p>\n<p>Se conecta en cualquier punto de la red NMEA 2000 y tambi\u00e9n se alimenta de esta, por lo que la instalaci\u00f3n es muy sencilla. NavAlert crea una red WiFi, por lo que la configuraci\u00f3n es posible a trav\u00e9s de cualquier tel\u00e9fono m\u00f3vil, tableta o PC. S\u00f3lo tiene que elegir el par\u00e1metro que desea supervisar y establecer un nivel de alarma. Se pueden monitorizar m\u00faltiples par\u00e1metros. NavAlert se puede configurar para que cualquier alerta se muestre como una alarma emergente en un MfD Garmin.<\/p>\n<p>&nbsp;<\/p>\n<p>NavAlert cuenta con una alarma de fondeo. Esta utiliza un algoritmo para calcular el radio de deriva \u00f3ptimo en funci\u00f3n de la profundidad y el alcance de la cadena. Tambi\u00e9n cuenta con una alarma anticolisi\u00f3n CPA (punto de aproximaci\u00f3n m\u00e1s cercano) y TCPA (tiempo hasta el punto de aproximaci\u00f3n m\u00e1s cercano) basada en los datos del sistema AIS conectado a la red NMEA 2000. Estas alertas tambi\u00e9n se pueden supervisar a trav\u00e9s de la interfaz web.<\/p>\n<p>&nbsp;<\/p>\n<p>Cuando se conecta a un 4G Xtream (que tiene interfaz NMEA 2000 integrada), las alertas tambi\u00e9n se pueden enviar por SMS a un tel\u00e9fono m\u00f3vil. S\u00f3lo tiene que seleccionar la opci\u00f3n de alerta por SMS en el men\u00fa de configuraci\u00f3n de NavAlert y podr\u00e1 utilizarse como un sencillo sistema de monitorizaci\u00f3n remota. Delimite el area de fondeo de su barco o establezca una alerta de alta velocidad del viento. Este sistema permite una supervisi\u00f3n remota muy flexible y sencilla de su barco, sin el gasto que supone un costoso sistema dedicado de monitorizaci\u00f3n y supervisi\u00f3n.<\/p>\n<p>&nbsp;<\/p>\n<p>&nbsp;<\/p>\n<h4><strong>INSTALACION<\/strong><\/h4>\n<p>El 4G Xtream y NavAlert tienen una interfaz NMEA 2000, por lo que la instalaci\u00f3n es muy sencilla con nuestro\u00a0kit de cableado NMEA 2000\u00a0incluido en el pack. NMEA 2000 utiliza una estructura troncal simple (a veces llamada \u201cbus\u201d) que requiere terminadores en cada extremo del cableado. Cada dispositivo se puede conectar utilizando un cable de bajada. El bus tambi\u00e9n necesita alimentaci\u00f3n.<\/p>\n<p>&nbsp;<\/p>\n<p>Adem\u00e1s, nuestros conectores estancos garantizan la m\u00e1xima fiabilidad y facilitan una instalaci\u00f3n \u201cplug and play\u201d. Suministramos dos kits de cableado NMEA 2000 para que pueda conectar 8 dispositivos.<\/p>\n<p>&nbsp;<\/p>\n<p>Tambi\u00e9n puede a\u00f1adir\u00a0instrumentos y sensores de navegaci\u00f3n adicionales\u00a0(viento, profundidad, velocidad, temperatura, etc.) a la red NMEA 2000 y recibir as\u00ed todos sus datos en las aplicaciones y el software de navegaci\u00f3n.<\/p>\n<p>&nbsp;<\/p>\n<h4><strong>CONFIGURACION<\/strong><\/h4>\n<p>Puede configurar NavAlert a trav\u00e9s de su propia interfaz web. S\u00f3lo tiene que abrir su navegador web, introducir la direcci\u00f3n IP del NavAlert y podr\u00e1 cambiar el nombre de la red y la contrase\u00f1a o incluso fusionar el WiFi a una red WiFi existente a bordo. Por lo tanto, no se requiere ning\u00fan software o aplicaci\u00f3n de programaci\u00f3n adicional.<\/p>\n<p>&nbsp;<\/p>\n<p>Se han predefinido una serie de alertas comunes ordenadas por categor\u00eda, que puede seleccionar y modificar, o puede crear su propia alerta personalizada desde cero. Cuando haya configurado una alerta, puede seleccionar la acci\u00f3n que NAVAlert llevar\u00e1 a cabo cuando se produzca la alerta, como el tono y la duraci\u00f3n de la alarma interna que sonar\u00e1, o el env\u00edo de la alarma a una pantalla multifunci\u00f3n (MFD) compatible o incluso el env\u00edo de un mensaje SMS a su tel\u00e9fono m\u00f3vil (si est\u00e1 conectado al 4G Xtream).<\/p>\n<p>&nbsp;<\/p>\n<p>NAVAlert tambi\u00e9n dispone de una alarma antigarreo integrada, que puede monitorizar el arrastre del ancla; y de alarmas de colisi\u00f3n CPA y TCPA (Punto de Aproximaci\u00f3n m\u00e1s Cercano (CPA) y el Tiempo hasta el Punto de Aproximaci\u00f3n m\u00e1s Cercano (TCPA).<\/p>\n<p>&nbsp;<\/p>\n<p>&nbsp;<\/p>\n<h4><strong>ESPECIFICACIONES<\/strong><\/h4>\n<ul>\n<li>Amplificador 4G con interfaz NMEA 2000<\/li>\n<li>Soluci\u00f3n para obtener un conexi\u00f3n a Internet a bordo, recibir todos los datos de navegaci\u00f3n NMEA en aplicaciones y software, y establecer alarmas de navegaci\u00f3n.<\/li>\n<li>Monitorizaci\u00f3n del barco con NavAlert<\/li>\n<li>4G Xtream tiene un m\u00f3dem CAT 6 para una velocidad de hasta 300 MB\/s<\/li>\n<li>Doble ranura SIM con cambio autom\u00e1tico por defecto o selecci\u00f3n manual<\/li>\n<li>Dos antenas externas de alta ganancia y gran ancho de banda<\/li>\n<li>Router WiFi integrado de doble banda (2,4 y 5 GHz) configurable de forma independiente<\/li>\n<li>Interfaz NMEA 2000 integrada para transmitir datos NMEA 2000 a trav\u00e9s de la red WiFi y por cable a softwares de navegaci\u00f3n<\/li>\n<li>SIM desbloqueada para poder utilizar cualquier proveedor de red<\/li>\n<li>Se suministra con 2 antenas externas de 48 cm de alto rendimiento para una velocidad y un alcance \u00f3ptimos<\/li>\n<li>Kit de antena WiFi marina para conectarse a un punto de acceso WiFi<\/li>\n<li>Antena de 15 dBi con cable coaxial LMR400<\/li>\n<li>NavAlert es una soluci\u00f3n de alarmas y monitorizaci\u00f3n NMEA 2000<\/li>\n<li>Establezca una alarma sonora y visual para cualquier par\u00e1metro de la red NMEA 2000, por ejemplo: poca profundidad, bajo nivel de combustible, fuera de rumbo, temperatura del motor, nivel de dep\u00f3sito, baja tensi\u00f3n, etc.<\/li>\n<li>Transmita la alerta a trav\u00e9s del bus NMEA 2000 a un MfD Garmin, que mostrara una ventana de alarma emergente.<\/li>\n<li>Alerta por SMS a trav\u00e9s del sistema 4G Xtream de Digital Yacht a un m\u00f3vil: ideal para la supervisi\u00f3n remota de la embarcaci\u00f3n.<\/li>\n<li>Alarma de fondeo integrada<\/li>\n<li>Alarma CPS y TCPA basada en AIS integrada para evitar colisiones<\/li>\n<li>Elija entre cables de 7, 10 o 20 m<\/li>\n<li>Se suministra con base de montaje para antenas (como en la imagen)<\/li>\n<\/ul>\n","protected":false},"excerpt":{"rendered":"<p>\u00abEste pack se compone del 4G Xtream con NavAlert, un kit de cableado NMEA 2000 y una antena WiFi marina. Soluci\u00f3n ideal para obtener acceso r\u00e1pido a Internet a bordo via 4G y el WiFi del puerto, as\u00ed como datos NMEA 2000 en tel\u00e9fonos y tablets para la navegaci\u00f3n con apps n\u00e1uticas. NavAlert proporciona alertas y monitorizaci\u00f3n del barco, adem\u00e1s de alarmas remotas por SMS via el 4G Xtream\u00bb<\/p>\n","protected":false},"featured_media":111,"template":"","meta":[],"product_cat":[35,44],"product_tag":[54,55,56,57,58,59,60],"yoast_head":"<!-- This site is optimized with the Yoast SEO plugin v22.7 - https:\/\/yoast.com\/wordpress\/plugins\/seo\/ -->\n<title>Router 4G, WiFi y monitorizaci\u00f3n para barco - Digital Deep Sea<\/title>\n<meta name=\"description\" content=\"Este pack de 4G Xtream y NavAlert es la soluci\u00f3n ideal para una conexi\u00f3n Internet a bordo con un router 4G, antena WiFi y monitorizaci\u00f3n del barco.\" \/>\n<meta name=\"robots\" content=\"index, follow, max-snippet:-1, max-image-preview:large, max-video-preview:-1\" \/>\n<link rel=\"canonical\" href=\"https:\/\/digitaldeepsea.com\/es\/producto\/router-4g-antena-wifi-nmea-2000-monitorizacion-del-barco\/\" \/>\n<meta property=\"og:locale\" content=\"es_ES\" \/>\n<meta property=\"og:type\" content=\"article\" \/>\n<meta property=\"og:title\" content=\"Router 4G, WiFi y monitorizaci\u00f3n para barco - Digital Deep Sea\" \/>\n<meta property=\"og:description\" content=\"Este pack de 4G Xtream y NavAlert es la soluci\u00f3n ideal para una conexi\u00f3n Internet a bordo con un router 4G, antena WiFi y monitorizaci\u00f3n del barco.\" \/>\n<meta property=\"og:url\" content=\"https:\/\/digitaldeepsea.com\/es\/producto\/router-4g-antena-wifi-nmea-2000-monitorizacion-del-barco\/\" \/>\n<meta property=\"og:site_name\" content=\"Digital Deep Sea Espa\u00f1ol\" \/>\n<meta property=\"article:modified_time\" content=\"2025-01-17T07:52:35+00:00\" \/>\n<meta property=\"og:image\" content=\"https:\/\/digitaldeepsea.com\/es\/wp-content\/uploads\/sites\/3\/2024\/03\/Solution-4G-BOOSTER-wifi-V2.jpg\" \/>\n\t<meta property=\"og:image:width\" content=\"1024\" \/>\n\t<meta property=\"og:image:height\" content=\"1024\" \/>\n\t<meta property=\"og:image:type\" content=\"image\/jpeg\" \/>\n<meta name=\"twitter:card\" content=\"summary_large_image\" \/>\n<meta name=\"twitter:label1\" content=\"Tiempo de lectura\" \/>\n\t<meta name=\"twitter:data1\" content=\"7 minutos\" \/>\n<script type=\"application\/ld+json\" class=\"yoast-schema-graph\">{\"@context\":\"https:\/\/schema.org\",\"@graph\":[{\"@type\":\"WebPage\",\"@id\":\"https:\/\/digitaldeepsea.com\/es\/producto\/router-4g-antena-wifi-nmea-2000-monitorizacion-del-barco\/\",\"url\":\"https:\/\/digitaldeepsea.com\/es\/producto\/router-4g-antena-wifi-nmea-2000-monitorizacion-del-barco\/\",\"name\":\"Router 4G, WiFi y monitorizaci\u00f3n para barco - Digital Deep Sea\",\"isPartOf\":{\"@id\":\"https:\/\/digitaldeepsea.com\/es\/#website\"},\"primaryImageOfPage\":{\"@id\":\"https:\/\/digitaldeepsea.com\/es\/producto\/router-4g-antena-wifi-nmea-2000-monitorizacion-del-barco\/#primaryimage\"},\"image\":{\"@id\":\"https:\/\/digitaldeepsea.com\/es\/producto\/router-4g-antena-wifi-nmea-2000-monitorizacion-del-barco\/#primaryimage\"},\"thumbnailUrl\":\"https:\/\/digitaldeepsea.com\/es\/wp-content\/uploads\/sites\/3\/2024\/03\/Solution-4G-BOOSTER-wifi-V2.jpg\",\"datePublished\":\"2024-03-14T12:22:10+00:00\",\"dateModified\":\"2025-01-17T07:52:35+00:00\",\"description\":\"Este pack de 4G Xtream y NavAlert es la soluci\u00f3n ideal para una conexi\u00f3n Internet a bordo con un router 4G, antena WiFi y monitorizaci\u00f3n del barco.\",\"breadcrumb\":{\"@id\":\"https:\/\/digitaldeepsea.com\/es\/producto\/router-4g-antena-wifi-nmea-2000-monitorizacion-del-barco\/#breadcrumb\"},\"inLanguage\":\"es\",\"potentialAction\":[{\"@type\":\"ReadAction\",\"target\":[\"https:\/\/digitaldeepsea.com\/es\/producto\/router-4g-antena-wifi-nmea-2000-monitorizacion-del-barco\/\"]}]},{\"@type\":\"ImageObject\",\"inLanguage\":\"es\",\"@id\":\"https:\/\/digitaldeepsea.com\/es\/producto\/router-4g-antena-wifi-nmea-2000-monitorizacion-del-barco\/#primaryimage\",\"url\":\"https:\/\/digitaldeepsea.com\/es\/wp-content\/uploads\/sites\/3\/2024\/03\/Solution-4G-BOOSTER-wifi-V2.jpg\",\"contentUrl\":\"https:\/\/digitaldeepsea.com\/es\/wp-content\/uploads\/sites\/3\/2024\/03\/Solution-4G-BOOSTER-wifi-V2.jpg\",\"width\":1024,\"height\":1024},{\"@type\":\"BreadcrumbList\",\"@id\":\"https:\/\/digitaldeepsea.com\/es\/producto\/router-4g-antena-wifi-nmea-2000-monitorizacion-del-barco\/#breadcrumb\",\"itemListElement\":[{\"@type\":\"ListItem\",\"position\":1,\"name\":\"Home\",\"item\":\"https:\/\/digitaldeepsea.com\/es\/\"},{\"@type\":\"ListItem\",\"position\":2,\"name\":\"PRODUCTOS\",\"item\":\"https:\/\/digitaldeepsea.com\/es\/productos\/\"},{\"@type\":\"ListItem\",\"position\":3,\"name\":\"Router 4G, antena WiFi, NMEA 2000 &amp; monitorizaci\u00f3n del barco\"}]},{\"@type\":\"WebSite\",\"@id\":\"https:\/\/digitaldeepsea.com\/es\/#website\",\"url\":\"https:\/\/digitaldeepsea.com\/es\/\",\"name\":\"Digital Deep Sea\",\"description\":\"\",\"publisher\":{\"@id\":\"https:\/\/digitaldeepsea.com\/es\/#organization\"},\"potentialAction\":[{\"@type\":\"SearchAction\",\"target\":{\"@type\":\"EntryPoint\",\"urlTemplate\":\"https:\/\/digitaldeepsea.com\/es\/?s={search_term_string}\"},\"query-input\":\"required name=search_term_string\"}],\"inLanguage\":\"es\"},{\"@type\":\"Organization\",\"@id\":\"https:\/\/digitaldeepsea.com\/es\/#organization\",\"name\":\"Digital Deep Sea\",\"url\":\"https:\/\/digitaldeepsea.com\/es\/\",\"logo\":{\"@type\":\"ImageObject\",\"inLanguage\":\"es\",\"@id\":\"https:\/\/digitaldeepsea.com\/es\/#\/schema\/logo\/image\/\",\"url\":\"https:\/\/digitaldeepsea.com\/es\/wp-content\/uploads\/sites\/3\/2024\/03\/logo_dy_outline_white.png\",\"contentUrl\":\"https:\/\/digitaldeepsea.com\/es\/wp-content\/uploads\/sites\/3\/2024\/03\/logo_dy_outline_white.png\",\"width\":200,\"height\":114,\"caption\":\"Digital Deep Sea\"},\"image\":{\"@id\":\"https:\/\/digitaldeepsea.com\/es\/#\/schema\/logo\/image\/\"}}]}<\/script>\n<!-- \/ Yoast SEO plugin. -->","yoast_head_json":{"title":"Router 4G, WiFi y monitorizaci\u00f3n para barco - Digital Deep Sea","description":"Este pack de 4G Xtream y NavAlert es la soluci\u00f3n ideal para una conexi\u00f3n Internet a bordo con un router 4G, antena WiFi y monitorizaci\u00f3n del barco.","robots":{"index":"index","follow":"follow","max-snippet":"max-snippet:-1","max-image-preview":"max-image-preview:large","max-video-preview":"max-video-preview:-1"},"canonical":"https:\/\/digitaldeepsea.com\/es\/producto\/router-4g-antena-wifi-nmea-2000-monitorizacion-del-barco\/","og_locale":"es_ES","og_type":"article","og_title":"Router 4G, WiFi y monitorizaci\u00f3n para barco - Digital Deep Sea","og_description":"Este pack de 4G Xtream y NavAlert es la soluci\u00f3n ideal para una conexi\u00f3n Internet a bordo con un router 4G, antena WiFi y monitorizaci\u00f3n del barco.","og_url":"https:\/\/digitaldeepsea.com\/es\/producto\/router-4g-antena-wifi-nmea-2000-monitorizacion-del-barco\/","og_site_name":"Digital Deep Sea Espa\u00f1ol","article_modified_time":"2025-01-17T07:52:35+00:00","og_image":[{"width":1024,"height":1024,"url":"https:\/\/digitaldeepsea.com\/es\/wp-content\/uploads\/sites\/3\/2024\/03\/Solution-4G-BOOSTER-wifi-V2.jpg","type":"image\/jpeg"}],"twitter_card":"summary_large_image","twitter_misc":{"Tiempo de lectura":"7 minutos"},"schema":{"@context":"https:\/\/schema.org","@graph":[{"@type":"WebPage","@id":"https:\/\/digitaldeepsea.com\/es\/producto\/router-4g-antena-wifi-nmea-2000-monitorizacion-del-barco\/","url":"https:\/\/digitaldeepsea.com\/es\/producto\/router-4g-antena-wifi-nmea-2000-monitorizacion-del-barco\/","name":"Router 4G, WiFi y monitorizaci\u00f3n para barco - Digital Deep Sea","isPartOf":{"@id":"https:\/\/digitaldeepsea.com\/es\/#website"},"primaryImageOfPage":{"@id":"https:\/\/digitaldeepsea.com\/es\/producto\/router-4g-antena-wifi-nmea-2000-monitorizacion-del-barco\/#primaryimage"},"image":{"@id":"https:\/\/digitaldeepsea.com\/es\/producto\/router-4g-antena-wifi-nmea-2000-monitorizacion-del-barco\/#primaryimage"},"thumbnailUrl":"https:\/\/digitaldeepsea.com\/es\/wp-content\/uploads\/sites\/3\/2024\/03\/Solution-4G-BOOSTER-wifi-V2.jpg","datePublished":"2024-03-14T12:22:10+00:00","dateModified":"2025-01-17T07:52:35+00:00","description":"Este pack de 4G Xtream y NavAlert es la soluci\u00f3n ideal para una conexi\u00f3n Internet a bordo con un router 4G, antena WiFi y monitorizaci\u00f3n del barco.","breadcrumb":{"@id":"https:\/\/digitaldeepsea.com\/es\/producto\/router-4g-antena-wifi-nmea-2000-monitorizacion-del-barco\/#breadcrumb"},"inLanguage":"es","potentialAction":[{"@type":"ReadAction","target":["https:\/\/digitaldeepsea.com\/es\/producto\/router-4g-antena-wifi-nmea-2000-monitorizacion-del-barco\/"]}]},{"@type":"ImageObject","inLanguage":"es","@id":"https:\/\/digitaldeepsea.com\/es\/producto\/router-4g-antena-wifi-nmea-2000-monitorizacion-del-barco\/#primaryimage","url":"https:\/\/digitaldeepsea.com\/es\/wp-content\/uploads\/sites\/3\/2024\/03\/Solution-4G-BOOSTER-wifi-V2.jpg","contentUrl":"https:\/\/digitaldeepsea.com\/es\/wp-content\/uploads\/sites\/3\/2024\/03\/Solution-4G-BOOSTER-wifi-V2.jpg","width":1024,"height":1024},{"@type":"BreadcrumbList","@id":"https:\/\/digitaldeepsea.com\/es\/producto\/router-4g-antena-wifi-nmea-2000-monitorizacion-del-barco\/#breadcrumb","itemListElement":[{"@type":"ListItem","position":1,"name":"Home","item":"https:\/\/digitaldeepsea.com\/es\/"},{"@type":"ListItem","position":2,"name":"PRODUCTOS","item":"https:\/\/digitaldeepsea.com\/es\/productos\/"},{"@type":"ListItem","position":3,"name":"Router 4G, antena WiFi, NMEA 2000 &amp; monitorizaci\u00f3n del barco"}]},{"@type":"WebSite","@id":"https:\/\/digitaldeepsea.com\/es\/#website","url":"https:\/\/digitaldeepsea.com\/es\/","name":"Digital Deep Sea","description":"","publisher":{"@id":"https:\/\/digitaldeepsea.com\/es\/#organization"},"potentialAction":[{"@type":"SearchAction","target":{"@type":"EntryPoint","urlTemplate":"https:\/\/digitaldeepsea.com\/es\/?s={search_term_string}"},"query-input":"required name=search_term_string"}],"inLanguage":"es"},{"@type":"Organization","@id":"https:\/\/digitaldeepsea.com\/es\/#organization","name":"Digital Deep Sea","url":"https:\/\/digitaldeepsea.com\/es\/","logo":{"@type":"ImageObject","inLanguage":"es","@id":"https:\/\/digitaldeepsea.com\/es\/#\/schema\/logo\/image\/","url":"https:\/\/digitaldeepsea.com\/es\/wp-content\/uploads\/sites\/3\/2024\/03\/logo_dy_outline_white.png","contentUrl":"https:\/\/digitaldeepsea.com\/es\/wp-content\/uploads\/sites\/3\/2024\/03\/logo_dy_outline_white.png","width":200,"height":114,"caption":"Digital Deep Sea"},"image":{"@id":"https:\/\/digitaldeepsea.com\/es\/#\/schema\/logo\/image\/"}}]}},"_links":{"self":[{"href":"https:\/\/digitaldeepsea.com\/es\/wp-json\/wp\/v2\/product\/35"}],"collection":[{"href":"https:\/\/digitaldeepsea.com\/es\/wp-json\/wp\/v2\/product"}],"about":[{"href":"https:\/\/digitaldeepsea.com\/es\/wp-json\/wp\/v2\/types\/product"}],"wp:featuredmedia":[{"embeddable":true,"href":"https:\/\/digitaldeepsea.com\/es\/wp-json\/wp\/v2\/media\/111"}],"wp:attachment":[{"href":"https:\/\/digitaldeepsea.com\/es\/wp-json\/wp\/v2\/media?parent=35"}],"wp:term":[{"taxonomy":"product_cat","embeddable":true,"href":"https:\/\/digitaldeepsea.com\/es\/wp-json\/wp\/v2\/product_cat?post=35"},{"taxonomy":"product_tag","embeddable":true,"href":"https:\/\/digitaldeepsea.com\/es\/wp-json\/wp\/v2\/product_tag?post=35"}],"curies":[{"name":"wp","href":"https:\/\/api.w.org\/{rel}","templated":true}]}}