{"id":34,"date":"2024-03-14T12:22:10","date_gmt":"2024-03-14T12:22:10","guid":{"rendered":"https:\/\/digitaldeepsea.com\/es\/?post_type=product&#038;p=34"},"modified":"2025-01-30T09:15:19","modified_gmt":"2025-01-30T09:15:19","slug":"sistema-de-navegacion-de-pc-con-gps-y-nmea-0183","status":"publish","type":"product","link":"https:\/\/digitaldeepsea.com\/es\/producto\/sistema-de-navegacion-de-pc-con-gps-y-nmea-0183\/","title":{"rendered":"Sistema de navegaci\u00f3n de PC con GPS y NMEA 0183"},"content":{"rendered":"<h4><strong>CONTENIDO<\/strong><\/h4>\n<p>Este paquete de sistema de navegaci\u00f3n para PC con GPS incluye:<\/p>\n<ul>\n<li>PC Aqua Compact Pro<\/li>\n<li>23.5\u2033 Pantalla LCD<\/li>\n<li>Antena GPS160<\/li>\n<li>Adaptador de USB a NMEA0183<\/li>\n<\/ul>\n<p>&nbsp;<\/p>\n<h4><strong>CARACTER\u00cdSTICAS<\/strong><\/h4>\n<p>El \u00faltimo <a href=\"https:\/\/digitalyacht.es\/producto\/pc-aqua-compact-pro\/\">Aqua Compact Pro PC<\/a> ofrece a los barcos una navegaci\u00f3n asequible y fiable basada en PC. Con bajo consumo de energ\u00eda y funcionamiento en corriente continua, cuenta con la \u00faltima tecnolog\u00eda Intel de 10\u00aa generaci\u00f3n, WiFi y bluetooth incorporados y un disco duro de estado s\u00f3lido con 8 GB de RAM. A pesar de sus reducidas dimensiones de 11,5 x 11 x 5 cm, el Aqua PC incorpora un potente procesador Intel Core i3 de 10\u00aa generaci\u00f3n con un rendimiento gr\u00e1fico excepcional para los \u00faltimos programas de navegaci\u00f3n en 3D y HD. Es el compa\u00f1ero perfecto para aplicaciones como Maxsea TimeZero, incluso con radares y superposiciones 3D.<\/p>\n<p>&nbsp;<\/p>\n<p>El <a href=\"https:\/\/digitalyacht.es\/producto\/s124\/\">S124<\/a> es un monitor marino LCD de alta definici\u00f3n de 23,5&#8243; dise\u00f1ado para montaje bajo cubierta o en el salpicadero interno.\u00a0 Cuenta con una pantalla de 1920 x 1080 p\u00edxeles con una relaci\u00f3n de contraste de 2M:1 para obtener colores brillantes y pantallas vibrantes.<\/p>\n<p>&nbsp;<\/p>\n<p><a href=\"https:\/\/digitalyacht.es\/producto\/gps160-usb\/\">El sensor TriNav del GPS160<\/a> proporciona entradas de posicionamiento GPS, Galileo y Glonass con una precisi\u00f3n t\u00edpica de menos de un metro. Cuando se configura, los datos tambi\u00e9n pueden salir hasta 18 Hz para que las pantallas de seguimiento del trazador sean m\u00e1s suaves. La antena del GPS160 se env\u00eda con un cable USB de 5 m. Se alimenta a s\u00ed misma desde la fuente USB. Una vez que se instala la antena USB del GPS160, la PC anfitriona crea un puerto COM virtual para que los programas de navegaci\u00f3n puedan recibir datos de posicionamiento.<\/p>\n<p>&nbsp;<\/p>\n<p><a href=\"https:\/\/digitalyacht.es\/producto\/adaptador-nmea-usb\/\">El adaptador NMEA0183 a USB<\/a> convierte los datos NMEA 0183, utilizados por muchos sistemas marinos, en un formato USB que se puede conectar a la mayor\u00eda de los ordenadores modernos. El adaptador es un dispositivo bidireccional.<\/p>\n<p>&nbsp;<\/p>\n<h4><strong>ESPECIFICACIONES<\/strong><\/h4>\n<ul>\n<li>Paquete del sistema de navegaci\u00f3n con PC marino, pantalla LCD, antena GPS e interfaz NMEA<\/li>\n<li>Aqua Compact Pro tiene un procesador i3 7100U, 8GB Ram y una unidad de estado s\u00f3lido s\u00faper r\u00e1pida de 120GB<\/li>\n<li>Salidas de doble pantalla &#8211; HDMI y USB C de tama\u00f1o completo<\/li>\n<li>Bluetooth 4.2 y WiFi de doble banda incorporados (adem\u00e1s de un puerto de red gigabit con cable)<\/li>\n<li>4 x USB 3 puertos con modo de carga en el puerto del panel frontal<\/li>\n<li>Conector de audio montado en el panel frontal para la entrada\/salida de audio, ideal como centro de medios.<\/li>\n<li>Sistema operativo Windows 11<\/li>\n<li>Operaci\u00f3n directa de 12v DC (entrada de 8-19v), consumo de energ\u00eda de 20W aprox.<\/li>\n<li>El S124 es un monitor marino LCD de alta definici\u00f3n<\/li>\n<li>Mide 56 x 35 x 6cm<\/li>\n<li>Construido en altavoces de 2W<\/li>\n<li>El GPS160 es un receptor de posicionamiento GPS, Glonass y Galileo GNSS de 72 canales<\/li>\n<li>Est\u00e1 equipado con un cable USB de 5M<\/li>\n<li>El adaptador de NMEA 0183 a USB es bidireccional<\/li>\n<\/ul>\n","protected":false},"excerpt":{"rendered":"<p>\u00abEste paquete del sistema de navegaci\u00f3n para PC incluye un PC Aqua Compact Pro, una pantalla LCD de 23.5\u2033, una antena GPS160 con salida USB y un adaptador de USB a NMEA0183\u00bb.<\/p>\n","protected":false},"featured_media":108,"template":"","meta":[],"product_cat":[27,46,44,45],"product_tag":[34,53,50],"yoast_head":"<!-- This site is optimized with the Yoast SEO plugin v22.7 - https:\/\/yoast.com\/wordpress\/plugins\/seo\/ -->\n<title>Navegaci\u00f3n maritima PC con GPS, NMEA 0183 - Digital Deep Sea<\/title>\n<meta name=\"description\" content=\"Este paquete de sistema de navegaci\u00f3n para PC con GPS incluye PC Aqua Compact Pro, 23.5\u2033 Pantalla LCD, La antena GPS160 y Adaptador de USB a NMEA0183.\" \/>\n<meta name=\"robots\" content=\"index, follow, max-snippet:-1, max-image-preview:large, max-video-preview:-1\" \/>\n<link rel=\"canonical\" href=\"https:\/\/digitaldeepsea.com\/es\/producto\/sistema-de-navegacion-de-pc-con-gps-y-nmea-0183\/\" \/>\n<meta property=\"og:locale\" content=\"es_ES\" \/>\n<meta property=\"og:type\" content=\"article\" \/>\n<meta property=\"og:title\" content=\"Navegaci\u00f3n maritima PC con GPS, NMEA 0183 - Digital Deep Sea\" \/>\n<meta property=\"og:description\" content=\"Este paquete de sistema de navegaci\u00f3n para PC con GPS incluye PC Aqua Compact Pro, 23.5\u2033 Pantalla LCD, La antena GPS160 y Adaptador de USB a NMEA0183.\" \/>\n<meta property=\"og:url\" content=\"https:\/\/digitaldeepsea.com\/es\/producto\/sistema-de-navegacion-de-pc-con-gps-y-nmea-0183\/\" \/>\n<meta property=\"og:site_name\" content=\"Digital Deep Sea Espa\u00f1ol\" \/>\n<meta property=\"article:modified_time\" content=\"2025-01-30T09:15:19+00:00\" \/>\n<meta property=\"og:image\" content=\"https:\/\/digitaldeepsea.com\/es\/wp-content\/uploads\/sites\/3\/2024\/03\/PC-Nav-system.jpg\" \/>\n\t<meta property=\"og:image:width\" content=\"2000\" \/>\n\t<meta property=\"og:image:height\" content=\"2000\" \/>\n\t<meta property=\"og:image:type\" content=\"image\/jpeg\" \/>\n<meta name=\"twitter:card\" content=\"summary_large_image\" \/>\n<meta name=\"twitter:label1\" content=\"Tiempo de lectura\" \/>\n\t<meta name=\"twitter:data1\" content=\"3 minutos\" \/>\n<script type=\"application\/ld+json\" class=\"yoast-schema-graph\">{\"@context\":\"https:\/\/schema.org\",\"@graph\":[{\"@type\":\"WebPage\",\"@id\":\"https:\/\/digitaldeepsea.com\/es\/producto\/sistema-de-navegacion-de-pc-con-gps-y-nmea-0183\/\",\"url\":\"https:\/\/digitaldeepsea.com\/es\/producto\/sistema-de-navegacion-de-pc-con-gps-y-nmea-0183\/\",\"name\":\"Navegaci\u00f3n maritima PC con GPS, NMEA 0183 - Digital Deep Sea\",\"isPartOf\":{\"@id\":\"https:\/\/digitaldeepsea.com\/es\/#website\"},\"primaryImageOfPage\":{\"@id\":\"https:\/\/digitaldeepsea.com\/es\/producto\/sistema-de-navegacion-de-pc-con-gps-y-nmea-0183\/#primaryimage\"},\"image\":{\"@id\":\"https:\/\/digitaldeepsea.com\/es\/producto\/sistema-de-navegacion-de-pc-con-gps-y-nmea-0183\/#primaryimage\"},\"thumbnailUrl\":\"https:\/\/digitaldeepsea.com\/es\/wp-content\/uploads\/sites\/3\/2024\/03\/PC-Nav-system.jpg\",\"datePublished\":\"2024-03-14T12:22:10+00:00\",\"dateModified\":\"2025-01-30T09:15:19+00:00\",\"description\":\"Este paquete de sistema de navegaci\u00f3n para PC con GPS incluye PC Aqua Compact Pro, 23.5\u2033 Pantalla LCD, La antena GPS160 y Adaptador de USB a NMEA0183.\",\"breadcrumb\":{\"@id\":\"https:\/\/digitaldeepsea.com\/es\/producto\/sistema-de-navegacion-de-pc-con-gps-y-nmea-0183\/#breadcrumb\"},\"inLanguage\":\"es\",\"potentialAction\":[{\"@type\":\"ReadAction\",\"target\":[\"https:\/\/digitaldeepsea.com\/es\/producto\/sistema-de-navegacion-de-pc-con-gps-y-nmea-0183\/\"]}]},{\"@type\":\"ImageObject\",\"inLanguage\":\"es\",\"@id\":\"https:\/\/digitaldeepsea.com\/es\/producto\/sistema-de-navegacion-de-pc-con-gps-y-nmea-0183\/#primaryimage\",\"url\":\"https:\/\/digitaldeepsea.com\/es\/wp-content\/uploads\/sites\/3\/2024\/03\/PC-Nav-system.jpg\",\"contentUrl\":\"https:\/\/digitaldeepsea.com\/es\/wp-content\/uploads\/sites\/3\/2024\/03\/PC-Nav-system.jpg\",\"width\":2000,\"height\":2000},{\"@type\":\"BreadcrumbList\",\"@id\":\"https:\/\/digitaldeepsea.com\/es\/producto\/sistema-de-navegacion-de-pc-con-gps-y-nmea-0183\/#breadcrumb\",\"itemListElement\":[{\"@type\":\"ListItem\",\"position\":1,\"name\":\"Home\",\"item\":\"https:\/\/digitaldeepsea.com\/es\/\"},{\"@type\":\"ListItem\",\"position\":2,\"name\":\"PRODUCTOS\",\"item\":\"https:\/\/digitaldeepsea.com\/es\/productos\/\"},{\"@type\":\"ListItem\",\"position\":3,\"name\":\"Sistema de navegaci\u00f3n de PC con GPS y NMEA 0183\"}]},{\"@type\":\"WebSite\",\"@id\":\"https:\/\/digitaldeepsea.com\/es\/#website\",\"url\":\"https:\/\/digitaldeepsea.com\/es\/\",\"name\":\"Digital Deep Sea\",\"description\":\"\",\"publisher\":{\"@id\":\"https:\/\/digitaldeepsea.com\/es\/#organization\"},\"potentialAction\":[{\"@type\":\"SearchAction\",\"target\":{\"@type\":\"EntryPoint\",\"urlTemplate\":\"https:\/\/digitaldeepsea.com\/es\/?s={search_term_string}\"},\"query-input\":\"required name=search_term_string\"}],\"inLanguage\":\"es\"},{\"@type\":\"Organization\",\"@id\":\"https:\/\/digitaldeepsea.com\/es\/#organization\",\"name\":\"Digital Deep Sea\",\"url\":\"https:\/\/digitaldeepsea.com\/es\/\",\"logo\":{\"@type\":\"ImageObject\",\"inLanguage\":\"es\",\"@id\":\"https:\/\/digitaldeepsea.com\/es\/#\/schema\/logo\/image\/\",\"url\":\"https:\/\/digitaldeepsea.com\/es\/wp-content\/uploads\/sites\/3\/2024\/03\/logo_dy_outline_white.png\",\"contentUrl\":\"https:\/\/digitaldeepsea.com\/es\/wp-content\/uploads\/sites\/3\/2024\/03\/logo_dy_outline_white.png\",\"width\":200,\"height\":114,\"caption\":\"Digital Deep Sea\"},\"image\":{\"@id\":\"https:\/\/digitaldeepsea.com\/es\/#\/schema\/logo\/image\/\"}}]}<\/script>\n<!-- \/ Yoast SEO plugin. -->","yoast_head_json":{"title":"Navegaci\u00f3n maritima PC con GPS, NMEA 0183 - Digital Deep Sea","description":"Este paquete de sistema de navegaci\u00f3n para PC con GPS incluye PC Aqua Compact Pro, 23.5\u2033 Pantalla LCD, La antena GPS160 y Adaptador de USB a NMEA0183.","robots":{"index":"index","follow":"follow","max-snippet":"max-snippet:-1","max-image-preview":"max-image-preview:large","max-video-preview":"max-video-preview:-1"},"canonical":"https:\/\/digitaldeepsea.com\/es\/producto\/sistema-de-navegacion-de-pc-con-gps-y-nmea-0183\/","og_locale":"es_ES","og_type":"article","og_title":"Navegaci\u00f3n maritima PC con GPS, NMEA 0183 - Digital Deep Sea","og_description":"Este paquete de sistema de navegaci\u00f3n para PC con GPS incluye PC Aqua Compact Pro, 23.5\u2033 Pantalla LCD, La antena GPS160 y Adaptador de USB a NMEA0183.","og_url":"https:\/\/digitaldeepsea.com\/es\/producto\/sistema-de-navegacion-de-pc-con-gps-y-nmea-0183\/","og_site_name":"Digital Deep Sea Espa\u00f1ol","article_modified_time":"2025-01-30T09:15:19+00:00","og_image":[{"width":2000,"height":2000,"url":"https:\/\/digitaldeepsea.com\/es\/wp-content\/uploads\/sites\/3\/2024\/03\/PC-Nav-system.jpg","type":"image\/jpeg"}],"twitter_card":"summary_large_image","twitter_misc":{"Tiempo de lectura":"3 minutos"},"schema":{"@context":"https:\/\/schema.org","@graph":[{"@type":"WebPage","@id":"https:\/\/digitaldeepsea.com\/es\/producto\/sistema-de-navegacion-de-pc-con-gps-y-nmea-0183\/","url":"https:\/\/digitaldeepsea.com\/es\/producto\/sistema-de-navegacion-de-pc-con-gps-y-nmea-0183\/","name":"Navegaci\u00f3n maritima PC con GPS, NMEA 0183 - Digital Deep Sea","isPartOf":{"@id":"https:\/\/digitaldeepsea.com\/es\/#website"},"primaryImageOfPage":{"@id":"https:\/\/digitaldeepsea.com\/es\/producto\/sistema-de-navegacion-de-pc-con-gps-y-nmea-0183\/#primaryimage"},"image":{"@id":"https:\/\/digitaldeepsea.com\/es\/producto\/sistema-de-navegacion-de-pc-con-gps-y-nmea-0183\/#primaryimage"},"thumbnailUrl":"https:\/\/digitaldeepsea.com\/es\/wp-content\/uploads\/sites\/3\/2024\/03\/PC-Nav-system.jpg","datePublished":"2024-03-14T12:22:10+00:00","dateModified":"2025-01-30T09:15:19+00:00","description":"Este paquete de sistema de navegaci\u00f3n para PC con GPS incluye PC Aqua Compact Pro, 23.5\u2033 Pantalla LCD, La antena GPS160 y Adaptador de USB a NMEA0183.","breadcrumb":{"@id":"https:\/\/digitaldeepsea.com\/es\/producto\/sistema-de-navegacion-de-pc-con-gps-y-nmea-0183\/#breadcrumb"},"inLanguage":"es","potentialAction":[{"@type":"ReadAction","target":["https:\/\/digitaldeepsea.com\/es\/producto\/sistema-de-navegacion-de-pc-con-gps-y-nmea-0183\/"]}]},{"@type":"ImageObject","inLanguage":"es","@id":"https:\/\/digitaldeepsea.com\/es\/producto\/sistema-de-navegacion-de-pc-con-gps-y-nmea-0183\/#primaryimage","url":"https:\/\/digitaldeepsea.com\/es\/wp-content\/uploads\/sites\/3\/2024\/03\/PC-Nav-system.jpg","contentUrl":"https:\/\/digitaldeepsea.com\/es\/wp-content\/uploads\/sites\/3\/2024\/03\/PC-Nav-system.jpg","width":2000,"height":2000},{"@type":"BreadcrumbList","@id":"https:\/\/digitaldeepsea.com\/es\/producto\/sistema-de-navegacion-de-pc-con-gps-y-nmea-0183\/#breadcrumb","itemListElement":[{"@type":"ListItem","position":1,"name":"Home","item":"https:\/\/digitaldeepsea.com\/es\/"},{"@type":"ListItem","position":2,"name":"PRODUCTOS","item":"https:\/\/digitaldeepsea.com\/es\/productos\/"},{"@type":"ListItem","position":3,"name":"Sistema de navegaci\u00f3n de PC con GPS y NMEA 0183"}]},{"@type":"WebSite","@id":"https:\/\/digitaldeepsea.com\/es\/#website","url":"https:\/\/digitaldeepsea.com\/es\/","name":"Digital Deep Sea","description":"","publisher":{"@id":"https:\/\/digitaldeepsea.com\/es\/#organization"},"potentialAction":[{"@type":"SearchAction","target":{"@type":"EntryPoint","urlTemplate":"https:\/\/digitaldeepsea.com\/es\/?s={search_term_string}"},"query-input":"required name=search_term_string"}],"inLanguage":"es"},{"@type":"Organization","@id":"https:\/\/digitaldeepsea.com\/es\/#organization","name":"Digital Deep Sea","url":"https:\/\/digitaldeepsea.com\/es\/","logo":{"@type":"ImageObject","inLanguage":"es","@id":"https:\/\/digitaldeepsea.com\/es\/#\/schema\/logo\/image\/","url":"https:\/\/digitaldeepsea.com\/es\/wp-content\/uploads\/sites\/3\/2024\/03\/logo_dy_outline_white.png","contentUrl":"https:\/\/digitaldeepsea.com\/es\/wp-content\/uploads\/sites\/3\/2024\/03\/logo_dy_outline_white.png","width":200,"height":114,"caption":"Digital Deep Sea"},"image":{"@id":"https:\/\/digitaldeepsea.com\/es\/#\/schema\/logo\/image\/"}}]}},"_links":{"self":[{"href":"https:\/\/digitaldeepsea.com\/es\/wp-json\/wp\/v2\/product\/34"}],"collection":[{"href":"https:\/\/digitaldeepsea.com\/es\/wp-json\/wp\/v2\/product"}],"about":[{"href":"https:\/\/digitaldeepsea.com\/es\/wp-json\/wp\/v2\/types\/product"}],"wp:featuredmedia":[{"embeddable":true,"href":"https:\/\/digitaldeepsea.com\/es\/wp-json\/wp\/v2\/media\/108"}],"wp:attachment":[{"href":"https:\/\/digitaldeepsea.com\/es\/wp-json\/wp\/v2\/media?parent=34"}],"wp:term":[{"taxonomy":"product_cat","embeddable":true,"href":"https:\/\/digitaldeepsea.com\/es\/wp-json\/wp\/v2\/product_cat?post=34"},{"taxonomy":"product_tag","embeddable":true,"href":"https:\/\/digitaldeepsea.com\/es\/wp-json\/wp\/v2\/product_tag?post=34"}],"curies":[{"name":"wp","href":"https:\/\/api.w.org\/{rel}","templated":true}]}}