{"id":33,"date":"2024-03-14T12:22:10","date_gmt":"2024-03-14T12:22:10","guid":{"rendered":"https:\/\/digitaldeepsea.com\/es\/?post_type=product&#038;p=33"},"modified":"2025-01-30T09:14:57","modified_gmt":"2025-01-30T09:14:57","slug":"sistema-de-navegacion-de-pc-con-gps-viento-y-transpondedor-ais","status":"publish","type":"product","link":"https:\/\/digitaldeepsea.com\/es\/producto\/sistema-de-navegacion-de-pc-con-gps-viento-y-transpondedor-ais\/","title":{"rendered":"Sistema de navegaci\u00f3n de PC con GPS, viento y transpondedor AIS"},"content":{"rendered":"<h4><strong>CONTENIDO<\/strong><\/h4>\n<p>Este paquete de sistema de navegaci\u00f3n mar\u00edtima para PC con GPS, viento y AIS est\u00e1 incluido:<\/p>\n<ul>\n<li>Aqua Compact Pro PC<\/li>\n<li>23.5\u2033 Pantalla LCD<\/li>\n<li>WND100 Sensor de viento<\/li>\n<li>AIT2500, transpondedor AIS de clase B+ SOTDMA<\/li>\n<\/ul>\n<p>&nbsp;<\/p>\n<h4><strong>CARACTER\u00cdSTICAS<\/strong><\/h4>\n<p>El \u00faltimo <a href=\"https:\/\/digitalyacht.es\/producto\/pc-aqua-compact-pro\/\">Aqua Compact Pro PC<\/a> ofrece a los barcos una navegaci\u00f3n asequible y fiable basada en PC. Con bajo consumo de energ\u00eda y funcionamiento en corriente continua, cuenta con la \u00faltima tecnolog\u00eda Intel de 10\u00aa generaci\u00f3n, integrada en wifi y bluetooth y un disco duro de estado s\u00f3lido con 8 GB de RAM. A pesar de sus reducidas dimensiones de 11,5 x 11 x 5 cm, el Aqua PC incorpora un potente procesador Intel Core i3 de 10\u00aa generaci\u00f3n con un rendimiento gr\u00e1fico excepcional para los \u00faltimos programas de navegaci\u00f3n en 3D y HD. Es el compa\u00f1ero perfecto para aplicaciones como Maxsea TimeZero, incluso con radares y superposiciones 3D.<\/p>\n<p>&nbsp;<\/p>\n<p>El <a href=\"https:\/\/digitalyacht.es\/producto\/s124\/\">S124<\/a> es un monitor marino LCD de alta definici\u00f3n de 23,5&#8243; dise\u00f1ado para montaje bajo cubierta o en el salpicadero interno.\u00a0 Cuenta con una pantalla de 1920 x 1080 p\u00edxeles con una relaci\u00f3n de contraste de 2M:1 para obtener colores brillantes y pantallas vibrantes.<\/p>\n<p>&nbsp;<\/p>\n<p><a href=\"https:\/\/digitalyacht.es\/producto\/ait2500\/\" target=\"_blank\" rel=\"noopener noreferrer\">El AIT2500<\/a> es un transpondedor AIS clase B+. Utiliza la \u00faltima tecnolog\u00eda SOTDMA de Clase B. Este transpondedor ultracompacto de clase B tiene tres salidas: NMEA 0183, NMEA 2000 y conexi\u00f3n USB. Para la conexi\u00f3n USB permanente a un PC, utilizamos uno de nuestros cables <a href=\"https:\/\/digitalyacht.es\/producto\/adaptador-nmea-usb\/\">adaptadores NMEA a USB<\/a>. Como resultado, esto proporciona un nivel extra de aislamiento el\u00e9ctrico\/protecci\u00f3n contra las diferencias de tierra y las descargas est\u00e1ticas.<\/p>\n<p>&nbsp;<\/p>\n<p>Finalmente, este paquete incluye el <a href=\"https:\/\/digitalyacht.es\/producto\/wnd100\/\" target=\"_blank\" rel=\"noopener\">WND100<\/a>. Este sensor de viento marino presenta un dise\u00f1o ultra resistente con pl\u00e1sticos resistentes a los rayos UV y a la sal, Iglidur\u2122 rodamientos para una vida \u00fatil excepcional y resistencia a la corrosi\u00f3n. La transmisi\u00f3n de datos se realiza a trav\u00e9s de un cable digital superfino de 20 m, proporcionando as\u00ed datos NMEA0183 ($WIMWV) de r\u00e1pida actualizaci\u00f3n.<\/p>\n<p>&nbsp;<\/p>\n<h5><\/h5>\n<h4><strong>INSTALACI\u00d3N<\/strong><\/h4>\n<p><a href=\"https:\/\/digitalyacht.es\/producto\/ait2500\/\" target=\"_blank\" rel=\"noopener noreferrer\">El AIT2500<\/a> tiene un multiplexor NMEA 0183 incorporado para que pueda conectar sensores como el sensor de viento a trav\u00e9s de la interfaz NMEA 0183 y emitir los datos a trav\u00e9s de la interfaz USB del AIT2500. El AIT2500 tambi\u00e9n tiene una salida NMEA 0183 para enviar la posici\u00f3n GPS a trav\u00e9s de una radio DSC VHF. Conecte el AIT2500 directamente al Aqua Compact Pro a trav\u00e9s de su adaptador bidireccional NMEA 0183 a USB.<\/p>\n<p>&nbsp;<\/p>\n<p>El AIT2500 tambi\u00e9n se suministra con una antena VHF (20 m de cable) y una antena GPS (10 m de cable). Los datos del GPS tambi\u00e9n se transmiten a trav\u00e9s de las interfaces USB y NMEA. La antena VHF es <a href=\"https:\/\/digitalyacht.es\/producto\/ha156\/\">una antena helicoidal VHF<\/a> de 15cm, que est\u00e1 especialmente sintonizada con las frecuencias AIS (162MHz) para un rendimiento \u00f3ptimo.<\/p>\n<p>&nbsp;<\/p>\n<p>&nbsp;<\/p>\n<h4><strong>ESPECIFICACIONES<\/strong><\/h4>\n<ul>\n<li>Pack de navegaci\u00f3n mar\u00edtima con PC marino, pantalla LCD, transpondedor AIS, unidad de viento y antenas VHF y GPS.<\/li>\n<li>Aqua Compact Pro tiene un procesador i3 7100U, 8GB Ram y una unidad de estado s\u00f3lido s\u00faper r\u00e1pida de 120GB<\/li>\n<li>Salidas de doble pantalla &#8211; HDMI y USB C de tama\u00f1o completo<\/li>\n<li>Bluetooth 4.2 y WiFi de doble banda incorporados (adem\u00e1s de un puerto de red gigabit con cable)<\/li>\n<li>4 x USB 3 puertos con modo de carga en el puerto del panel frontal<\/li>\n<li>Conector de audio montado en el panel frontal para la entrada\/salida de audio, ideal como centro de medios.<\/li>\n<li>Sistema operativo Windows 11<\/li>\n<li>Operaci\u00f3n directa de 12v DC (entrada de 8-19v), consumo de energ\u00eda de 20W aprox.<\/li>\n<li>El S124 es un monitor marino LCD de alta definici\u00f3n<\/li>\n<li>Mide 56 x 35 x 6cm<\/li>\n<li>Construido en altavoces de 2W<\/li>\n<li>El AIT2500 es un transpondedor AIS de clase B+<\/li>\n<li>Se suministra con una antena GPS (10m de cable) y una peque\u00f1a antena VHF (20m de cable)<\/li>\n<li>Tiene una interfaz NMEA 0183, NMEA 2000 y USB<\/li>\n<li>El WND100 es un sensor de viento marino ultra resistente<\/li>\n<li>Cable s\u00faper delgado de 20m de la cabeza del m\u00e1stil<\/li>\n<li>Iglidur\u2122 rodamientos para una vida excepcional y resistencia a la corrosi\u00f3n<\/li>\n<\/ul>\n","protected":false},"excerpt":{"rendered":"<p>\u00abEste paquete de sistema de navegaci\u00f3n para PC incluye un PC Aqua Compact Pro, una pantalla LCD de 23.5\u2033, un transpondedor AIS clase B+ y un sensor de viento\u00bb.<\/p>\n","protected":false},"featured_media":103,"template":"","meta":[],"product_cat":[27,46,44,45],"product_tag":[47,50,52],"yoast_head":"<!-- This site is optimized with the Yoast SEO plugin v22.7 - https:\/\/yoast.com\/wordpress\/plugins\/seo\/ -->\n<title>Navegaci\u00f3n mar\u00edtima PC con GPS, viento y AIS- Digital Deep Sea<\/title>\n<meta name=\"description\" content=\"Este paquete de sistema de navegaci\u00f3n maritima PC con GPS, viento y AIS incluye un PC Aqua, Pantalla 23.5\u2033, Sensor de viento y transpondedor AIS.\" \/>\n<meta name=\"robots\" content=\"index, follow, max-snippet:-1, max-image-preview:large, max-video-preview:-1\" \/>\n<link rel=\"canonical\" href=\"https:\/\/digitaldeepsea.com\/es\/producto\/sistema-de-navegacion-de-pc-con-gps-viento-y-transpondedor-ais\/\" \/>\n<meta property=\"og:locale\" content=\"es_ES\" \/>\n<meta property=\"og:type\" content=\"article\" \/>\n<meta property=\"og:title\" content=\"Navegaci\u00f3n mar\u00edtima PC con GPS, viento y AIS- Digital Deep Sea\" \/>\n<meta property=\"og:description\" content=\"Este paquete de sistema de navegaci\u00f3n maritima PC con GPS, viento y AIS incluye un PC Aqua, Pantalla 23.5\u2033, Sensor de viento y transpondedor AIS.\" \/>\n<meta property=\"og:url\" content=\"https:\/\/digitaldeepsea.com\/es\/producto\/sistema-de-navegacion-de-pc-con-gps-viento-y-transpondedor-ais\/\" \/>\n<meta property=\"og:site_name\" content=\"Digital Deep Sea Espa\u00f1ol\" \/>\n<meta property=\"article:modified_time\" content=\"2025-01-30T09:14:57+00:00\" \/>\n<meta property=\"og:image\" content=\"https:\/\/digitaldeepsea.com\/es\/wp-content\/uploads\/sites\/3\/2024\/03\/PC-Nav-System-.jpg\" \/>\n\t<meta property=\"og:image:width\" content=\"2000\" \/>\n\t<meta property=\"og:image:height\" content=\"2000\" \/>\n\t<meta property=\"og:image:type\" content=\"image\/jpeg\" \/>\n<meta name=\"twitter:card\" content=\"summary_large_image\" \/>\n<meta name=\"twitter:label1\" content=\"Tiempo de lectura\" \/>\n\t<meta name=\"twitter:data1\" content=\"4 minutos\" \/>\n<script type=\"application\/ld+json\" class=\"yoast-schema-graph\">{\"@context\":\"https:\/\/schema.org\",\"@graph\":[{\"@type\":\"WebPage\",\"@id\":\"https:\/\/digitaldeepsea.com\/es\/producto\/sistema-de-navegacion-de-pc-con-gps-viento-y-transpondedor-ais\/\",\"url\":\"https:\/\/digitaldeepsea.com\/es\/producto\/sistema-de-navegacion-de-pc-con-gps-viento-y-transpondedor-ais\/\",\"name\":\"Navegaci\u00f3n mar\u00edtima PC con GPS, viento y AIS- Digital Deep Sea\",\"isPartOf\":{\"@id\":\"https:\/\/digitaldeepsea.com\/es\/#website\"},\"primaryImageOfPage\":{\"@id\":\"https:\/\/digitaldeepsea.com\/es\/producto\/sistema-de-navegacion-de-pc-con-gps-viento-y-transpondedor-ais\/#primaryimage\"},\"image\":{\"@id\":\"https:\/\/digitaldeepsea.com\/es\/producto\/sistema-de-navegacion-de-pc-con-gps-viento-y-transpondedor-ais\/#primaryimage\"},\"thumbnailUrl\":\"https:\/\/digitaldeepsea.com\/es\/wp-content\/uploads\/sites\/3\/2024\/03\/PC-Nav-System-.jpg\",\"datePublished\":\"2024-03-14T12:22:10+00:00\",\"dateModified\":\"2025-01-30T09:14:57+00:00\",\"description\":\"Este paquete de sistema de navegaci\u00f3n maritima PC con GPS, viento y AIS incluye un PC Aqua, Pantalla 23.5\u2033, Sensor de viento y transpondedor AIS.\",\"breadcrumb\":{\"@id\":\"https:\/\/digitaldeepsea.com\/es\/producto\/sistema-de-navegacion-de-pc-con-gps-viento-y-transpondedor-ais\/#breadcrumb\"},\"inLanguage\":\"es\",\"potentialAction\":[{\"@type\":\"ReadAction\",\"target\":[\"https:\/\/digitaldeepsea.com\/es\/producto\/sistema-de-navegacion-de-pc-con-gps-viento-y-transpondedor-ais\/\"]}]},{\"@type\":\"ImageObject\",\"inLanguage\":\"es\",\"@id\":\"https:\/\/digitaldeepsea.com\/es\/producto\/sistema-de-navegacion-de-pc-con-gps-viento-y-transpondedor-ais\/#primaryimage\",\"url\":\"https:\/\/digitaldeepsea.com\/es\/wp-content\/uploads\/sites\/3\/2024\/03\/PC-Nav-System-.jpg\",\"contentUrl\":\"https:\/\/digitaldeepsea.com\/es\/wp-content\/uploads\/sites\/3\/2024\/03\/PC-Nav-System-.jpg\",\"width\":2000,\"height\":2000},{\"@type\":\"BreadcrumbList\",\"@id\":\"https:\/\/digitaldeepsea.com\/es\/producto\/sistema-de-navegacion-de-pc-con-gps-viento-y-transpondedor-ais\/#breadcrumb\",\"itemListElement\":[{\"@type\":\"ListItem\",\"position\":1,\"name\":\"Home\",\"item\":\"https:\/\/digitaldeepsea.com\/es\/\"},{\"@type\":\"ListItem\",\"position\":2,\"name\":\"PRODUCTOS\",\"item\":\"https:\/\/digitaldeepsea.com\/es\/productos\/\"},{\"@type\":\"ListItem\",\"position\":3,\"name\":\"Sistema de navegaci\u00f3n de PC con GPS, viento y transpondedor AIS\"}]},{\"@type\":\"WebSite\",\"@id\":\"https:\/\/digitaldeepsea.com\/es\/#website\",\"url\":\"https:\/\/digitaldeepsea.com\/es\/\",\"name\":\"Digital Deep Sea\",\"description\":\"\",\"publisher\":{\"@id\":\"https:\/\/digitaldeepsea.com\/es\/#organization\"},\"potentialAction\":[{\"@type\":\"SearchAction\",\"target\":{\"@type\":\"EntryPoint\",\"urlTemplate\":\"https:\/\/digitaldeepsea.com\/es\/?s={search_term_string}\"},\"query-input\":\"required name=search_term_string\"}],\"inLanguage\":\"es\"},{\"@type\":\"Organization\",\"@id\":\"https:\/\/digitaldeepsea.com\/es\/#organization\",\"name\":\"Digital Deep Sea\",\"url\":\"https:\/\/digitaldeepsea.com\/es\/\",\"logo\":{\"@type\":\"ImageObject\",\"inLanguage\":\"es\",\"@id\":\"https:\/\/digitaldeepsea.com\/es\/#\/schema\/logo\/image\/\",\"url\":\"https:\/\/digitaldeepsea.com\/es\/wp-content\/uploads\/sites\/3\/2024\/03\/logo_dy_outline_white.png\",\"contentUrl\":\"https:\/\/digitaldeepsea.com\/es\/wp-content\/uploads\/sites\/3\/2024\/03\/logo_dy_outline_white.png\",\"width\":200,\"height\":114,\"caption\":\"Digital Deep Sea\"},\"image\":{\"@id\":\"https:\/\/digitaldeepsea.com\/es\/#\/schema\/logo\/image\/\"}}]}<\/script>\n<!-- \/ Yoast SEO plugin. -->","yoast_head_json":{"title":"Navegaci\u00f3n mar\u00edtima PC con GPS, viento y AIS- Digital Deep Sea","description":"Este paquete de sistema de navegaci\u00f3n maritima PC con GPS, viento y AIS incluye un PC Aqua, Pantalla 23.5\u2033, Sensor de viento y transpondedor AIS.","robots":{"index":"index","follow":"follow","max-snippet":"max-snippet:-1","max-image-preview":"max-image-preview:large","max-video-preview":"max-video-preview:-1"},"canonical":"https:\/\/digitaldeepsea.com\/es\/producto\/sistema-de-navegacion-de-pc-con-gps-viento-y-transpondedor-ais\/","og_locale":"es_ES","og_type":"article","og_title":"Navegaci\u00f3n mar\u00edtima PC con GPS, viento y AIS- Digital Deep Sea","og_description":"Este paquete de sistema de navegaci\u00f3n maritima PC con GPS, viento y AIS incluye un PC Aqua, Pantalla 23.5\u2033, Sensor de viento y transpondedor AIS.","og_url":"https:\/\/digitaldeepsea.com\/es\/producto\/sistema-de-navegacion-de-pc-con-gps-viento-y-transpondedor-ais\/","og_site_name":"Digital Deep Sea Espa\u00f1ol","article_modified_time":"2025-01-30T09:14:57+00:00","og_image":[{"width":2000,"height":2000,"url":"https:\/\/digitaldeepsea.com\/es\/wp-content\/uploads\/sites\/3\/2024\/03\/PC-Nav-System-.jpg","type":"image\/jpeg"}],"twitter_card":"summary_large_image","twitter_misc":{"Tiempo de lectura":"4 minutos"},"schema":{"@context":"https:\/\/schema.org","@graph":[{"@type":"WebPage","@id":"https:\/\/digitaldeepsea.com\/es\/producto\/sistema-de-navegacion-de-pc-con-gps-viento-y-transpondedor-ais\/","url":"https:\/\/digitaldeepsea.com\/es\/producto\/sistema-de-navegacion-de-pc-con-gps-viento-y-transpondedor-ais\/","name":"Navegaci\u00f3n mar\u00edtima PC con GPS, viento y AIS- Digital Deep Sea","isPartOf":{"@id":"https:\/\/digitaldeepsea.com\/es\/#website"},"primaryImageOfPage":{"@id":"https:\/\/digitaldeepsea.com\/es\/producto\/sistema-de-navegacion-de-pc-con-gps-viento-y-transpondedor-ais\/#primaryimage"},"image":{"@id":"https:\/\/digitaldeepsea.com\/es\/producto\/sistema-de-navegacion-de-pc-con-gps-viento-y-transpondedor-ais\/#primaryimage"},"thumbnailUrl":"https:\/\/digitaldeepsea.com\/es\/wp-content\/uploads\/sites\/3\/2024\/03\/PC-Nav-System-.jpg","datePublished":"2024-03-14T12:22:10+00:00","dateModified":"2025-01-30T09:14:57+00:00","description":"Este paquete de sistema de navegaci\u00f3n maritima PC con GPS, viento y AIS incluye un PC Aqua, Pantalla 23.5\u2033, Sensor de viento y transpondedor AIS.","breadcrumb":{"@id":"https:\/\/digitaldeepsea.com\/es\/producto\/sistema-de-navegacion-de-pc-con-gps-viento-y-transpondedor-ais\/#breadcrumb"},"inLanguage":"es","potentialAction":[{"@type":"ReadAction","target":["https:\/\/digitaldeepsea.com\/es\/producto\/sistema-de-navegacion-de-pc-con-gps-viento-y-transpondedor-ais\/"]}]},{"@type":"ImageObject","inLanguage":"es","@id":"https:\/\/digitaldeepsea.com\/es\/producto\/sistema-de-navegacion-de-pc-con-gps-viento-y-transpondedor-ais\/#primaryimage","url":"https:\/\/digitaldeepsea.com\/es\/wp-content\/uploads\/sites\/3\/2024\/03\/PC-Nav-System-.jpg","contentUrl":"https:\/\/digitaldeepsea.com\/es\/wp-content\/uploads\/sites\/3\/2024\/03\/PC-Nav-System-.jpg","width":2000,"height":2000},{"@type":"BreadcrumbList","@id":"https:\/\/digitaldeepsea.com\/es\/producto\/sistema-de-navegacion-de-pc-con-gps-viento-y-transpondedor-ais\/#breadcrumb","itemListElement":[{"@type":"ListItem","position":1,"name":"Home","item":"https:\/\/digitaldeepsea.com\/es\/"},{"@type":"ListItem","position":2,"name":"PRODUCTOS","item":"https:\/\/digitaldeepsea.com\/es\/productos\/"},{"@type":"ListItem","position":3,"name":"Sistema de navegaci\u00f3n de PC con GPS, viento y transpondedor AIS"}]},{"@type":"WebSite","@id":"https:\/\/digitaldeepsea.com\/es\/#website","url":"https:\/\/digitaldeepsea.com\/es\/","name":"Digital Deep Sea","description":"","publisher":{"@id":"https:\/\/digitaldeepsea.com\/es\/#organization"},"potentialAction":[{"@type":"SearchAction","target":{"@type":"EntryPoint","urlTemplate":"https:\/\/digitaldeepsea.com\/es\/?s={search_term_string}"},"query-input":"required name=search_term_string"}],"inLanguage":"es"},{"@type":"Organization","@id":"https:\/\/digitaldeepsea.com\/es\/#organization","name":"Digital Deep Sea","url":"https:\/\/digitaldeepsea.com\/es\/","logo":{"@type":"ImageObject","inLanguage":"es","@id":"https:\/\/digitaldeepsea.com\/es\/#\/schema\/logo\/image\/","url":"https:\/\/digitaldeepsea.com\/es\/wp-content\/uploads\/sites\/3\/2024\/03\/logo_dy_outline_white.png","contentUrl":"https:\/\/digitaldeepsea.com\/es\/wp-content\/uploads\/sites\/3\/2024\/03\/logo_dy_outline_white.png","width":200,"height":114,"caption":"Digital Deep Sea"},"image":{"@id":"https:\/\/digitaldeepsea.com\/es\/#\/schema\/logo\/image\/"}}]}},"_links":{"self":[{"href":"https:\/\/digitaldeepsea.com\/es\/wp-json\/wp\/v2\/product\/33"}],"collection":[{"href":"https:\/\/digitaldeepsea.com\/es\/wp-json\/wp\/v2\/product"}],"about":[{"href":"https:\/\/digitaldeepsea.com\/es\/wp-json\/wp\/v2\/types\/product"}],"wp:featuredmedia":[{"embeddable":true,"href":"https:\/\/digitaldeepsea.com\/es\/wp-json\/wp\/v2\/media\/103"}],"wp:attachment":[{"href":"https:\/\/digitaldeepsea.com\/es\/wp-json\/wp\/v2\/media?parent=33"}],"wp:term":[{"taxonomy":"product_cat","embeddable":true,"href":"https:\/\/digitaldeepsea.com\/es\/wp-json\/wp\/v2\/product_cat?post=33"},{"taxonomy":"product_tag","embeddable":true,"href":"https:\/\/digitaldeepsea.com\/es\/wp-json\/wp\/v2\/product_tag?post=33"}],"curies":[{"name":"wp","href":"https:\/\/api.w.org\/{rel}","templated":true}]}}