{"id":32,"date":"2024-03-14T12:22:10","date_gmt":"2024-03-14T12:22:10","guid":{"rendered":"https:\/\/digitaldeepsea.com\/es\/?post_type=product&#038;p=32"},"modified":"2025-01-30T09:14:45","modified_gmt":"2025-01-30T09:14:45","slug":"sistema-de-navegacion-de-pc-para-los-sistemas-nmea-2000","status":"publish","type":"product","link":"https:\/\/digitaldeepsea.com\/es\/producto\/sistema-de-navegacion-de-pc-para-los-sistemas-nmea-2000\/","title":{"rendered":"Sistema de navegaci\u00f3n de PC para los sistemas NMEA 2000"},"content":{"rendered":"<h4><strong>CONTENIDO<\/strong><\/h4>\n<p>Este paquete integra el PC marino Aqua con una red NMEA 2000. Los productos incluyen:<\/p>\n<ul>\n<li>PC Aqua Compact Pro<\/li>\n<li>AIT2500, Transpondedor AIS clase B+<\/li>\n<li>iKonvert &#8211; Conversor de NMEA2000 a USB<\/li>\n<li>NavLink 2 &#8211; NMEA2000 al servidor WiFi<\/li>\n<\/ul>\n<p>&nbsp;<\/p>\n<h4><strong>CARACTER\u00cdSTICAS<\/strong><\/h4>\n<p>El paquete permite que los datos del AIS, GPS y el instrumento NMEA 2000 est\u00e9n disponibles con una interfaz bidireccional para la aplicaci\u00f3n de software del PC. Esta es una opci\u00f3n popular ya que permite montar un peque\u00f1o plotter impermeable en la cabina o en el flybridge y un sistema de PC con todas las funciones bajo cubierta. Adem\u00e1s, NavLink2 proporciona una alimentaci\u00f3n inal\u00e1mbrica de datos NMEA 2000 a iPads o tabletas independientes.<\/p>\n<p>&nbsp;<\/p>\n<p>Con este paquete de navegaci\u00f3n, recibir\u00e1 todos los datos AIS, GPS y NMEA 2000 de la red en aplicaciones y software de navegaci\u00f3n populares en el PC marino, as\u00ed como en una tableta, iPad y smartphone. Conectar\u00e1s el PC Aqua Compact al iKonvert USB. La tableta, el smartphone o el iPad se conectar\u00e1n entonces al WiFi del NavLinK2. Esto permite que el Aqua Compact PC, tableta y\/o iPad se convierta en una pantalla de navegaci\u00f3n con todas las funciones.<\/p>\n<p>&nbsp;<\/p>\n<p>El \u00faltimo <a href=\"https:\/\/digitalyacht.es\/producto\/pc-aqua-compact-pro\/\">Aqua Compact Pro PC<\/a> ofrece una navegaci\u00f3n asequible y fiable basada en PC a los barcos. Con bajo consumo de energ\u00eda y funcionamiento en corriente continua, cuenta con la \u00faltima tecnolog\u00eda Intel de 10\u00aa generaci\u00f3n; incorporando WiFi, bluetooth y tambi\u00e9n un disco duro de estado s\u00f3lido con 8 GB de RAM. A pesar de sus delgadas dimensiones de 11,5 x 11 x 5 cm, el Aqua PC cuenta con un potente procesador Intel Core i3 de 10\u00aa generaci\u00f3n. As\u00ed como un excepcional rendimiento gr\u00e1fico para los \u00faltimos programas de navegaci\u00f3n en 3D y HD. Es el compa\u00f1ero perfecto para aplicaciones, por ejemplo Maxsea TimeZero &#8211; incluso con radar y superposiciones 3D. El PC viene con el <a href=\"https:\/\/digitalyacht.es\/producto\/s124\/\">S124<\/a>, que es un monitor marino LCD de alta definici\u00f3n de 23,5&#8243; dise\u00f1ado para montaje bajo cubierta o en el salpicadero interno.\u00a0 Cuenta con una pantalla de 1920 x 1080 p\u00edxeles con una relaci\u00f3n de contraste de 2M:1 para obtener colores brillantes y pantallas vibrantes.<\/p>\n<p>&nbsp;<\/p>\n<p>El <a href=\"https:\/\/digitalyacht.es\/producto\/ait2500\/\">AIT2500<\/a> es un transpondedor AIS clase B+. Utiliza la \u00faltima tecnolog\u00eda SOTDMA de Clase B+ 5W. Este transpondedor ultracompacto de clase B tiene tres salidas: NMEA 0183, NMEA 2000 y conexi\u00f3n USB. Para la conexi\u00f3n USB permanente a un PC, utilizamos uno de nuestros cables adaptadores NMEA a USB. Por lo tanto, esto proporciona un nivel extra de aislamiento el\u00e9ctrico\/protecci\u00f3n contra las diferencias de tierra y las descargas est\u00e1ticas.<\/p>\n<p>&nbsp;<\/p>\n<p><a href=\"https:\/\/digitalyacht.es\/producto\/ikonvert-usb\/\" target=\"_blank\" rel=\"noopener noreferrer\">El convertidor iKonvert NMEA 2000 a USB<\/a> es una puerta de enlace inteligente y flexible. Todas las aplicaciones de navegaci\u00f3n marina m\u00e1s populares que funcionan en ordenadores PC\/MAC\/LINUX pueden leer los datos NMEA0183. iKonvert proporciona una forma sencilla, fiable y econ\u00f3mica de acceder a los datos de navegaci\u00f3n en una red NMEA2000.<\/p>\n<p>&nbsp;<\/p>\n<p>Finalmente, este paquete incluye <a href=\"https:\/\/digitalyacht.es\/producto\/navlink2\/\">NavLink2<\/a>. Es un servidor WiFi f\u00e1cil de instalar para NMEA 2000. El dise\u00f1o del NavLink2 permite que los datos de navegaci\u00f3n de NMEA 2000 est\u00e9n disponibles para aplicaciones en tel\u00e9fonos inteligentes, tabletas, iPads y PC. Una vez instalado, crea una red WiFi local para que los dispositivos se conecten. Por lo tanto, todos los datos de navegaci\u00f3n de la red NMEA 2000 se mostrar\u00e1n en cartas electr\u00f3nicas detalladas a trav\u00e9s de software y aplicaciones compatibles, incluyendo NavLink, TimeZero, iAIS, iSailor, Seapilot y cientos m\u00e1s.<\/p>\n<p>&nbsp;<\/p>\n<h5><\/h5>\n<h4><strong>C\u00d3MO INSTALAR<\/strong><\/h4>\n<p>Todos los equipos y AIS tienen una interfaz NMEA 2000, as\u00ed que la instalaci\u00f3n es muy f\u00e1cil con nuestro <a href=\"https:\/\/digitalyacht.es\/producto\/kit-nmea2000\/\">kit de inicio NMEA 2000<\/a> incluido en el paquete. NMEA2000 utiliza una estructura simple de espina dorsal (o a veces llamada \u00abtroncal\u00bb). Esto requiere terminadores en cada extremo del cableado donde cada dispositivo puede ser impulsado usando un cable de ca\u00edda. El bus tambi\u00e9n requiere de energ\u00eda.\u00a0 Adem\u00e1s, los conectores a prueba de agua en todas partes aseguran la m\u00e1xima fiabilidad y hace que la instalaci\u00f3n sea f\u00e1cil de conectar y usar.<\/p>\n<p>&nbsp;<\/p>\n<p>El iKonvert USB tambi\u00e9n cuenta con un cable USB integrado y un cable de bajada NMEA2000 Micro est\u00e1ndar (macho). Adem\u00e1s, tanto el iKonvert como el NavLink2 toman su energ\u00eda de la red NMEA2000.<\/p>\n<p>&nbsp;<\/p>\n<p>Tambi\u00e9n puede a\u00f1adir instrumentos adicionales (Viento, Profundidad, Velocidad, Temperatura, etc.) a la red NMEA 2000 y as\u00ed recibir todos sus datos en las aplicaciones y el software de navegaci\u00f3n.<\/p>\n<p>&nbsp;<\/p>\n<p>&nbsp;<\/p>\n<h4><strong>ESPECIFICACIONES<\/strong><\/h4>\n<ul>\n<li>Paquete de sistema de navegaci\u00f3n con PC marino, pantalla LCD, transpondedor AIS, unidad de viento y antenas VHF y GPS.<\/li>\n<li>Este paquete integra un PC marino con una red NMEA 2000<\/li>\n<li>Aqua Compact Pro tiene un procesador i3 7100U, 8GB Ram y una unidad de estado s\u00f3lido s\u00faper r\u00e1pida de 120GB<\/li>\n<li>Salidas de doble pantalla &#8211; HDMI y USB C de tama\u00f1o completo<\/li>\n<li>Bluetooth 4.2 y WiFi de doble banda incorporados (adem\u00e1s de un puerto de red gigabit con cable)<\/li>\n<li>4 x USB 3 puertos con modo de carga en el puerto del panel frontal<\/li>\n<li>Conector de audio montado en el panel frontal para la entrada\/salida de audio, ideal como centro de medios.<\/li>\n<li>Sistema operativo Windows 11<\/li>\n<li>Operaci\u00f3n directa de 12v DC (entrada de 8-19v), consumo de energ\u00eda de 20W aprox.<\/li>\n<li>El S124 es un monitor marino LCD de alta definici\u00f3n<\/li>\n<li>Mide 56 x 35 x 6cm<\/li>\n<li>Construido en altavoces de 2W<\/li>\n<li>El AIT2500 es un transpondedor AIS de clase B+ SOTDMA<\/li>\n<li>Se suministra con una antena GPS (10m de cable) y una peque\u00f1a antena VHF (20m de cable)<\/li>\n<li>Tiene una interfaz NMEA 0183, NMEA 2000 y USB<\/li>\n<li>iKonvert es un peque\u00f1o pero poderoso convertidor bidireccional NMEA 2000 a USB<\/li>\n<li>El paquete tambi\u00e9n incluye un kit de inicio NMEA para interconectar f\u00e1cilmente todos los equipos.<\/li>\n<li>NavLink2 es un servidor de NMEA2000 a WiFi<\/li>\n<li>Soporta hasta 7 dispositivos inal\u00e1mbricos (UDP y protocolo TCP\/IP)<\/li>\n<li>Compatible con todos los programas y aplicaciones populares como iNavX, TimeZero, Weather 4D, Navionics, SailGrib, NavLink, iSailor, SeaPilot, AquaMap, etc.<\/li>\n<\/ul>\n","protected":false},"excerpt":{"rendered":"<p>\u00abEste paquete integra un PC marino con una red NMEA 2000 usando la pasarela USB iKonvert de Digital Yacht. Los datos del AIS, GPS y del instrumento NMEA 2000 est\u00e1n disponibles con una interfaz bidireccional a la aplicaci\u00f3n de software del PC.\u00bb<\/p>\n","protected":false},"featured_media":73,"template":"","meta":[],"product_cat":[27,46,44,45],"product_tag":[47,48,49,50,51],"yoast_head":"<!-- This site is optimized with the Yoast SEO plugin v22.7 - https:\/\/yoast.com\/wordpress\/plugins\/seo\/ -->\n<title>Sistema de navegaci\u00f3n de PC con NMEA 2000 - Digital Deep Sea<\/title>\n<meta name=\"description\" content=\"Pack de navegacion maritima PC con NMEA 2000. Los productos incluyen un PC Aqua, Transpondedor AIS clase B+, Conversor de NMEA2000 USB y servidor WiFi.\" \/>\n<meta name=\"robots\" content=\"index, follow, max-snippet:-1, max-image-preview:large, max-video-preview:-1\" \/>\n<link rel=\"canonical\" href=\"https:\/\/digitaldeepsea.com\/es\/producto\/sistema-de-navegacion-de-pc-para-los-sistemas-nmea-2000\/\" \/>\n<meta property=\"og:locale\" content=\"es_ES\" \/>\n<meta property=\"og:type\" content=\"article\" \/>\n<meta property=\"og:title\" content=\"Sistema de navegaci\u00f3n de PC con NMEA 2000 - Digital Deep Sea\" \/>\n<meta property=\"og:description\" content=\"Pack de navegacion maritima PC con NMEA 2000. Los productos incluyen un PC Aqua, Transpondedor AIS clase B+, Conversor de NMEA2000 USB y servidor WiFi.\" \/>\n<meta property=\"og:url\" content=\"https:\/\/digitaldeepsea.com\/es\/producto\/sistema-de-navegacion-de-pc-para-los-sistemas-nmea-2000\/\" \/>\n<meta property=\"og:site_name\" content=\"Digital Deep Sea Espa\u00f1ol\" \/>\n<meta property=\"article:modified_time\" content=\"2025-01-30T09:14:45+00:00\" \/>\n<meta property=\"og:image\" content=\"https:\/\/digitaldeepsea.com\/es\/wp-content\/uploads\/sites\/3\/2024\/03\/PC-Nav-system-NMEA2000.jpg\" \/>\n\t<meta property=\"og:image:width\" content=\"2000\" \/>\n\t<meta property=\"og:image:height\" content=\"2000\" \/>\n\t<meta property=\"og:image:type\" content=\"image\/jpeg\" \/>\n<meta name=\"twitter:card\" content=\"summary_large_image\" \/>\n<meta name=\"twitter:label1\" content=\"Tiempo de lectura\" \/>\n\t<meta name=\"twitter:data1\" content=\"5 minutos\" \/>\n<script type=\"application\/ld+json\" class=\"yoast-schema-graph\">{\"@context\":\"https:\/\/schema.org\",\"@graph\":[{\"@type\":\"WebPage\",\"@id\":\"https:\/\/digitaldeepsea.com\/es\/producto\/sistema-de-navegacion-de-pc-para-los-sistemas-nmea-2000\/\",\"url\":\"https:\/\/digitaldeepsea.com\/es\/producto\/sistema-de-navegacion-de-pc-para-los-sistemas-nmea-2000\/\",\"name\":\"Sistema de navegaci\u00f3n de PC con NMEA 2000 - Digital Deep Sea\",\"isPartOf\":{\"@id\":\"https:\/\/digitaldeepsea.com\/es\/#website\"},\"primaryImageOfPage\":{\"@id\":\"https:\/\/digitaldeepsea.com\/es\/producto\/sistema-de-navegacion-de-pc-para-los-sistemas-nmea-2000\/#primaryimage\"},\"image\":{\"@id\":\"https:\/\/digitaldeepsea.com\/es\/producto\/sistema-de-navegacion-de-pc-para-los-sistemas-nmea-2000\/#primaryimage\"},\"thumbnailUrl\":\"https:\/\/digitaldeepsea.com\/es\/wp-content\/uploads\/sites\/3\/2024\/03\/PC-Nav-system-NMEA2000.jpg\",\"datePublished\":\"2024-03-14T12:22:10+00:00\",\"dateModified\":\"2025-01-30T09:14:45+00:00\",\"description\":\"Pack de navegacion maritima PC con NMEA 2000. Los productos incluyen un PC Aqua, Transpondedor AIS clase B+, Conversor de NMEA2000 USB y servidor WiFi.\",\"breadcrumb\":{\"@id\":\"https:\/\/digitaldeepsea.com\/es\/producto\/sistema-de-navegacion-de-pc-para-los-sistemas-nmea-2000\/#breadcrumb\"},\"inLanguage\":\"es\",\"potentialAction\":[{\"@type\":\"ReadAction\",\"target\":[\"https:\/\/digitaldeepsea.com\/es\/producto\/sistema-de-navegacion-de-pc-para-los-sistemas-nmea-2000\/\"]}]},{\"@type\":\"ImageObject\",\"inLanguage\":\"es\",\"@id\":\"https:\/\/digitaldeepsea.com\/es\/producto\/sistema-de-navegacion-de-pc-para-los-sistemas-nmea-2000\/#primaryimage\",\"url\":\"https:\/\/digitaldeepsea.com\/es\/wp-content\/uploads\/sites\/3\/2024\/03\/PC-Nav-system-NMEA2000.jpg\",\"contentUrl\":\"https:\/\/digitaldeepsea.com\/es\/wp-content\/uploads\/sites\/3\/2024\/03\/PC-Nav-system-NMEA2000.jpg\",\"width\":2000,\"height\":2000},{\"@type\":\"BreadcrumbList\",\"@id\":\"https:\/\/digitaldeepsea.com\/es\/producto\/sistema-de-navegacion-de-pc-para-los-sistemas-nmea-2000\/#breadcrumb\",\"itemListElement\":[{\"@type\":\"ListItem\",\"position\":1,\"name\":\"Home\",\"item\":\"https:\/\/digitaldeepsea.com\/es\/\"},{\"@type\":\"ListItem\",\"position\":2,\"name\":\"PRODUCTOS\",\"item\":\"https:\/\/digitaldeepsea.com\/es\/productos\/\"},{\"@type\":\"ListItem\",\"position\":3,\"name\":\"Sistema de navegaci\u00f3n de PC para los sistemas NMEA 2000\"}]},{\"@type\":\"WebSite\",\"@id\":\"https:\/\/digitaldeepsea.com\/es\/#website\",\"url\":\"https:\/\/digitaldeepsea.com\/es\/\",\"name\":\"Digital Deep Sea\",\"description\":\"\",\"publisher\":{\"@id\":\"https:\/\/digitaldeepsea.com\/es\/#organization\"},\"potentialAction\":[{\"@type\":\"SearchAction\",\"target\":{\"@type\":\"EntryPoint\",\"urlTemplate\":\"https:\/\/digitaldeepsea.com\/es\/?s={search_term_string}\"},\"query-input\":\"required name=search_term_string\"}],\"inLanguage\":\"es\"},{\"@type\":\"Organization\",\"@id\":\"https:\/\/digitaldeepsea.com\/es\/#organization\",\"name\":\"Digital Deep Sea\",\"url\":\"https:\/\/digitaldeepsea.com\/es\/\",\"logo\":{\"@type\":\"ImageObject\",\"inLanguage\":\"es\",\"@id\":\"https:\/\/digitaldeepsea.com\/es\/#\/schema\/logo\/image\/\",\"url\":\"https:\/\/digitaldeepsea.com\/es\/wp-content\/uploads\/sites\/3\/2024\/03\/logo_dy_outline_white.png\",\"contentUrl\":\"https:\/\/digitaldeepsea.com\/es\/wp-content\/uploads\/sites\/3\/2024\/03\/logo_dy_outline_white.png\",\"width\":200,\"height\":114,\"caption\":\"Digital Deep Sea\"},\"image\":{\"@id\":\"https:\/\/digitaldeepsea.com\/es\/#\/schema\/logo\/image\/\"}}]}<\/script>\n<!-- \/ Yoast SEO plugin. -->","yoast_head_json":{"title":"Sistema de navegaci\u00f3n de PC con NMEA 2000 - Digital Deep Sea","description":"Pack de navegacion maritima PC con NMEA 2000. Los productos incluyen un PC Aqua, Transpondedor AIS clase B+, Conversor de NMEA2000 USB y servidor WiFi.","robots":{"index":"index","follow":"follow","max-snippet":"max-snippet:-1","max-image-preview":"max-image-preview:large","max-video-preview":"max-video-preview:-1"},"canonical":"https:\/\/digitaldeepsea.com\/es\/producto\/sistema-de-navegacion-de-pc-para-los-sistemas-nmea-2000\/","og_locale":"es_ES","og_type":"article","og_title":"Sistema de navegaci\u00f3n de PC con NMEA 2000 - Digital Deep Sea","og_description":"Pack de navegacion maritima PC con NMEA 2000. Los productos incluyen un PC Aqua, Transpondedor AIS clase B+, Conversor de NMEA2000 USB y servidor WiFi.","og_url":"https:\/\/digitaldeepsea.com\/es\/producto\/sistema-de-navegacion-de-pc-para-los-sistemas-nmea-2000\/","og_site_name":"Digital Deep Sea Espa\u00f1ol","article_modified_time":"2025-01-30T09:14:45+00:00","og_image":[{"width":2000,"height":2000,"url":"https:\/\/digitaldeepsea.com\/es\/wp-content\/uploads\/sites\/3\/2024\/03\/PC-Nav-system-NMEA2000.jpg","type":"image\/jpeg"}],"twitter_card":"summary_large_image","twitter_misc":{"Tiempo de lectura":"5 minutos"},"schema":{"@context":"https:\/\/schema.org","@graph":[{"@type":"WebPage","@id":"https:\/\/digitaldeepsea.com\/es\/producto\/sistema-de-navegacion-de-pc-para-los-sistemas-nmea-2000\/","url":"https:\/\/digitaldeepsea.com\/es\/producto\/sistema-de-navegacion-de-pc-para-los-sistemas-nmea-2000\/","name":"Sistema de navegaci\u00f3n de PC con NMEA 2000 - Digital Deep Sea","isPartOf":{"@id":"https:\/\/digitaldeepsea.com\/es\/#website"},"primaryImageOfPage":{"@id":"https:\/\/digitaldeepsea.com\/es\/producto\/sistema-de-navegacion-de-pc-para-los-sistemas-nmea-2000\/#primaryimage"},"image":{"@id":"https:\/\/digitaldeepsea.com\/es\/producto\/sistema-de-navegacion-de-pc-para-los-sistemas-nmea-2000\/#primaryimage"},"thumbnailUrl":"https:\/\/digitaldeepsea.com\/es\/wp-content\/uploads\/sites\/3\/2024\/03\/PC-Nav-system-NMEA2000.jpg","datePublished":"2024-03-14T12:22:10+00:00","dateModified":"2025-01-30T09:14:45+00:00","description":"Pack de navegacion maritima PC con NMEA 2000. Los productos incluyen un PC Aqua, Transpondedor AIS clase B+, Conversor de NMEA2000 USB y servidor WiFi.","breadcrumb":{"@id":"https:\/\/digitaldeepsea.com\/es\/producto\/sistema-de-navegacion-de-pc-para-los-sistemas-nmea-2000\/#breadcrumb"},"inLanguage":"es","potentialAction":[{"@type":"ReadAction","target":["https:\/\/digitaldeepsea.com\/es\/producto\/sistema-de-navegacion-de-pc-para-los-sistemas-nmea-2000\/"]}]},{"@type":"ImageObject","inLanguage":"es","@id":"https:\/\/digitaldeepsea.com\/es\/producto\/sistema-de-navegacion-de-pc-para-los-sistemas-nmea-2000\/#primaryimage","url":"https:\/\/digitaldeepsea.com\/es\/wp-content\/uploads\/sites\/3\/2024\/03\/PC-Nav-system-NMEA2000.jpg","contentUrl":"https:\/\/digitaldeepsea.com\/es\/wp-content\/uploads\/sites\/3\/2024\/03\/PC-Nav-system-NMEA2000.jpg","width":2000,"height":2000},{"@type":"BreadcrumbList","@id":"https:\/\/digitaldeepsea.com\/es\/producto\/sistema-de-navegacion-de-pc-para-los-sistemas-nmea-2000\/#breadcrumb","itemListElement":[{"@type":"ListItem","position":1,"name":"Home","item":"https:\/\/digitaldeepsea.com\/es\/"},{"@type":"ListItem","position":2,"name":"PRODUCTOS","item":"https:\/\/digitaldeepsea.com\/es\/productos\/"},{"@type":"ListItem","position":3,"name":"Sistema de navegaci\u00f3n de PC para los sistemas NMEA 2000"}]},{"@type":"WebSite","@id":"https:\/\/digitaldeepsea.com\/es\/#website","url":"https:\/\/digitaldeepsea.com\/es\/","name":"Digital Deep Sea","description":"","publisher":{"@id":"https:\/\/digitaldeepsea.com\/es\/#organization"},"potentialAction":[{"@type":"SearchAction","target":{"@type":"EntryPoint","urlTemplate":"https:\/\/digitaldeepsea.com\/es\/?s={search_term_string}"},"query-input":"required name=search_term_string"}],"inLanguage":"es"},{"@type":"Organization","@id":"https:\/\/digitaldeepsea.com\/es\/#organization","name":"Digital Deep Sea","url":"https:\/\/digitaldeepsea.com\/es\/","logo":{"@type":"ImageObject","inLanguage":"es","@id":"https:\/\/digitaldeepsea.com\/es\/#\/schema\/logo\/image\/","url":"https:\/\/digitaldeepsea.com\/es\/wp-content\/uploads\/sites\/3\/2024\/03\/logo_dy_outline_white.png","contentUrl":"https:\/\/digitaldeepsea.com\/es\/wp-content\/uploads\/sites\/3\/2024\/03\/logo_dy_outline_white.png","width":200,"height":114,"caption":"Digital Deep Sea"},"image":{"@id":"https:\/\/digitaldeepsea.com\/es\/#\/schema\/logo\/image\/"}}]}},"_links":{"self":[{"href":"https:\/\/digitaldeepsea.com\/es\/wp-json\/wp\/v2\/product\/32"}],"collection":[{"href":"https:\/\/digitaldeepsea.com\/es\/wp-json\/wp\/v2\/product"}],"about":[{"href":"https:\/\/digitaldeepsea.com\/es\/wp-json\/wp\/v2\/types\/product"}],"wp:featuredmedia":[{"embeddable":true,"href":"https:\/\/digitaldeepsea.com\/es\/wp-json\/wp\/v2\/media\/73"}],"wp:attachment":[{"href":"https:\/\/digitaldeepsea.com\/es\/wp-json\/wp\/v2\/media?parent=32"}],"wp:term":[{"taxonomy":"product_cat","embeddable":true,"href":"https:\/\/digitaldeepsea.com\/es\/wp-json\/wp\/v2\/product_cat?post=32"},{"taxonomy":"product_tag","embeddable":true,"href":"https:\/\/digitaldeepsea.com\/es\/wp-json\/wp\/v2\/product_tag?post=32"}],"curies":[{"name":"wp","href":"https:\/\/api.w.org\/{rel}","templated":true}]}}