{"id":30,"date":"2024-03-14T12:22:10","date_gmt":"2024-03-14T12:22:10","guid":{"rendered":"https:\/\/digitaldeepsea.com\/es\/?post_type=product&#038;p=30"},"modified":"2025-01-17T07:52:33","modified_gmt":"2025-01-17T07:52:33","slug":"multisensor-inteligente","status":"publish","type":"product","link":"https:\/\/digitaldeepsea.com\/es\/producto\/multisensor-inteligente\/","title":{"rendered":"Multisensor Inteligente"},"content":{"rendered":"<h4><strong>CARACTER\u00cdSTICAS\u00a0\u00a0\u00a0 <\/strong><\/h4>\n<p>El DST810 es nuestro transductor pasacasco de profundidad, velocidad y temperatura de \u00faltima generaci\u00f3n. Tambi\u00e9n tiene un sensor de incorporado para las mediciones de la escora y trimado del barco y una r\u00e1pida actualizaci\u00f3n de la velocidad del barco a 5Hz.<\/p>\n<p>&nbsp;<\/p>\n<p>El sensor se conecta a trav\u00e9s de la red NMEA 2000 \u2013 Simplemente conecte el cable NMEA2000 que viene incluido a la red NMEA2000 y obtendr\u00e1 informaciones precisas de profundidad, velocidad, temperatura del agua, escora y trimado.\u00a0 Tambi\u00e9n cuenta con una interfaz Bluetooth para la calibraci\u00f3n del multi sensor.\u00a0Una aplicaci\u00f3n de calibraci\u00f3n avanzada (para iOS y Android) permite obtener datos de velocidad a diferentes \u00e1ngulos de escora y realizar otras calibraciones. Una vez calibrados, los datos se registran y almacenan directamente en el DST810.<\/p>\n<p>&nbsp;<\/p>\n<p>La versi\u00f3n NMEA 2000 emitir\u00e1 los siguientes PGN NMEA 2000:<\/p>\n<p>59392\u2026\u2026\u2026ISO Acknowledgement<\/p>\n<p>600928\u2026\u2026.ISO Address Claim<\/p>\n<p>126208\u2026\u2026.Acknowledge Group Function<\/p>\n<p>126464\u2026\u2026. Transmit PGN List Group Function<\/p>\n<p>126464\u2026\u2026. Received PGN List Group Function<\/p>\n<p>126996\u2026\u2026. Product Information<\/p>\n<p>128259\u2026\u2026. Speed (Speed Water Reference)<\/p>\n<p>128267\u2026\u2026.Water Depth (With Transducer Offset)<\/p>\n<p>128275\u2026\u2026.Distance Log<\/p>\n<p>130310\u2026\u2026.Environmental Parameters (Water Temperature)<\/p>\n<p>130311\u2026\u2026.Environmental Parameters (Water Temperature)<\/p>\n<p>130312\u2026\u2026.Environmental Parameters (Water Temperature)<\/p>\n<p>&nbsp;<\/p>\n<p>&nbsp;<\/p>\n<h4><strong>ESPECIFICACIONES<\/strong><\/h4>\n<ul>\n<li>Transductor pasacasco de profundidad, velocidad y temperatura \u2013 versi\u00f3n NMEA2000<\/li>\n<li>La frecuencia de 235 kHz evita las interferencias con otras ecosondas en el barco<\/li>\n<li>Lecturas de velocidad s\u00faper precisas<\/li>\n<li>Elevaci\u00f3n del casco hasta 22 grados<\/li>\n<li>Lecturas de profundidad de 0.5 a 70m (230ft)<\/li>\n<li>Material de la carcasa pl\u00e1stico<\/li>\n<li>Velocidad de actualizaci\u00f3n de datos 1 Hz<\/li>\n<li>Sensor de temperatura de respuesta r\u00e1pida que proporciona una precisi\u00f3n de \u00b10.2\u00b0C (\u00b10.1\u00b0F)<\/li>\n<\/ul>\n","protected":false},"excerpt":{"rendered":"<p>\u201cMultisensor de profundidad, velocidad y temperatura con interfaz NMEA2000\u201d<\/p>\n","protected":false},"featured_media":72,"template":"","meta":[],"product_cat":[33],"product_tag":[40,41,42,43],"yoast_head":"<!-- This site is optimized with the Yoast SEO plugin v22.7 - https:\/\/yoast.com\/wordpress\/plugins\/seo\/ -->\n<title>Transductor pasacasco de profundidad - Digital Deep Sea<\/title>\n<meta name=\"description\" content=\"Descubre el transductor pasacasco de profundidad, velocidad y temperatura con interfaz NMEA 2000 y sensor de escora Digital DeepSea.\" \/>\n<meta name=\"robots\" content=\"index, follow, max-snippet:-1, max-image-preview:large, max-video-preview:-1\" \/>\n<link rel=\"canonical\" href=\"https:\/\/digitaldeepsea.com\/es\/producto\/multisensor-inteligente\/\" \/>\n<meta property=\"og:locale\" content=\"es_ES\" \/>\n<meta property=\"og:type\" content=\"article\" \/>\n<meta property=\"og:title\" content=\"Transductor pasacasco de profundidad - Digital Deep Sea\" \/>\n<meta property=\"og:description\" content=\"Descubre el transductor pasacasco de profundidad, velocidad y temperatura con interfaz NMEA 2000 y sensor de escora Digital DeepSea.\" \/>\n<meta property=\"og:url\" content=\"https:\/\/digitaldeepsea.com\/es\/producto\/multisensor-inteligente\/\" \/>\n<meta property=\"og:site_name\" content=\"Digital Deep Sea Espa\u00f1ol\" \/>\n<meta property=\"article:modified_time\" content=\"2025-01-17T07:52:33+00:00\" \/>\n<meta property=\"og:image\" content=\"https:\/\/digitaldeepsea.com\/es\/wp-content\/uploads\/sites\/3\/2024\/03\/DST800-Multisensor.png\" \/>\n\t<meta property=\"og:image:width\" content=\"400\" \/>\n\t<meta property=\"og:image:height\" content=\"400\" \/>\n\t<meta property=\"og:image:type\" content=\"image\/png\" \/>\n<meta name=\"twitter:card\" content=\"summary_large_image\" \/>\n<meta name=\"twitter:label1\" content=\"Tiempo de lectura\" \/>\n\t<meta name=\"twitter:data1\" content=\"2 minutos\" \/>\n<script type=\"application\/ld+json\" class=\"yoast-schema-graph\">{\"@context\":\"https:\/\/schema.org\",\"@graph\":[{\"@type\":\"WebPage\",\"@id\":\"https:\/\/digitaldeepsea.com\/es\/producto\/multisensor-inteligente\/\",\"url\":\"https:\/\/digitaldeepsea.com\/es\/producto\/multisensor-inteligente\/\",\"name\":\"Transductor pasacasco de profundidad - Digital Deep Sea\",\"isPartOf\":{\"@id\":\"https:\/\/digitaldeepsea.com\/es\/#website\"},\"primaryImageOfPage\":{\"@id\":\"https:\/\/digitaldeepsea.com\/es\/producto\/multisensor-inteligente\/#primaryimage\"},\"image\":{\"@id\":\"https:\/\/digitaldeepsea.com\/es\/producto\/multisensor-inteligente\/#primaryimage\"},\"thumbnailUrl\":\"https:\/\/digitaldeepsea.com\/es\/wp-content\/uploads\/sites\/3\/2024\/03\/DST800-Multisensor.png\",\"datePublished\":\"2024-03-14T12:22:10+00:00\",\"dateModified\":\"2025-01-17T07:52:33+00:00\",\"description\":\"Descubre el transductor pasacasco de profundidad, velocidad y temperatura con interfaz NMEA 2000 y sensor de escora Digital DeepSea.\",\"breadcrumb\":{\"@id\":\"https:\/\/digitaldeepsea.com\/es\/producto\/multisensor-inteligente\/#breadcrumb\"},\"inLanguage\":\"es\",\"potentialAction\":[{\"@type\":\"ReadAction\",\"target\":[\"https:\/\/digitaldeepsea.com\/es\/producto\/multisensor-inteligente\/\"]}]},{\"@type\":\"ImageObject\",\"inLanguage\":\"es\",\"@id\":\"https:\/\/digitaldeepsea.com\/es\/producto\/multisensor-inteligente\/#primaryimage\",\"url\":\"https:\/\/digitaldeepsea.com\/es\/wp-content\/uploads\/sites\/3\/2024\/03\/DST800-Multisensor.png\",\"contentUrl\":\"https:\/\/digitaldeepsea.com\/es\/wp-content\/uploads\/sites\/3\/2024\/03\/DST800-Multisensor.png\",\"width\":400,\"height\":400},{\"@type\":\"BreadcrumbList\",\"@id\":\"https:\/\/digitaldeepsea.com\/es\/producto\/multisensor-inteligente\/#breadcrumb\",\"itemListElement\":[{\"@type\":\"ListItem\",\"position\":1,\"name\":\"Home\",\"item\":\"https:\/\/digitaldeepsea.com\/es\/\"},{\"@type\":\"ListItem\",\"position\":2,\"name\":\"PRODUCTOS\",\"item\":\"https:\/\/digitaldeepsea.com\/es\/productos\/\"},{\"@type\":\"ListItem\",\"position\":3,\"name\":\"Multisensor Inteligente\"}]},{\"@type\":\"WebSite\",\"@id\":\"https:\/\/digitaldeepsea.com\/es\/#website\",\"url\":\"https:\/\/digitaldeepsea.com\/es\/\",\"name\":\"Digital Deep Sea\",\"description\":\"\",\"publisher\":{\"@id\":\"https:\/\/digitaldeepsea.com\/es\/#organization\"},\"potentialAction\":[{\"@type\":\"SearchAction\",\"target\":{\"@type\":\"EntryPoint\",\"urlTemplate\":\"https:\/\/digitaldeepsea.com\/es\/?s={search_term_string}\"},\"query-input\":\"required name=search_term_string\"}],\"inLanguage\":\"es\"},{\"@type\":\"Organization\",\"@id\":\"https:\/\/digitaldeepsea.com\/es\/#organization\",\"name\":\"Digital Deep Sea\",\"url\":\"https:\/\/digitaldeepsea.com\/es\/\",\"logo\":{\"@type\":\"ImageObject\",\"inLanguage\":\"es\",\"@id\":\"https:\/\/digitaldeepsea.com\/es\/#\/schema\/logo\/image\/\",\"url\":\"https:\/\/digitaldeepsea.com\/es\/wp-content\/uploads\/sites\/3\/2024\/03\/logo_dy_outline_white.png\",\"contentUrl\":\"https:\/\/digitaldeepsea.com\/es\/wp-content\/uploads\/sites\/3\/2024\/03\/logo_dy_outline_white.png\",\"width\":200,\"height\":114,\"caption\":\"Digital Deep Sea\"},\"image\":{\"@id\":\"https:\/\/digitaldeepsea.com\/es\/#\/schema\/logo\/image\/\"}}]}<\/script>\n<!-- \/ Yoast SEO plugin. -->","yoast_head_json":{"title":"Transductor pasacasco de profundidad - Digital Deep Sea","description":"Descubre el transductor pasacasco de profundidad, velocidad y temperatura con interfaz NMEA 2000 y sensor de escora Digital DeepSea.","robots":{"index":"index","follow":"follow","max-snippet":"max-snippet:-1","max-image-preview":"max-image-preview:large","max-video-preview":"max-video-preview:-1"},"canonical":"https:\/\/digitaldeepsea.com\/es\/producto\/multisensor-inteligente\/","og_locale":"es_ES","og_type":"article","og_title":"Transductor pasacasco de profundidad - Digital Deep Sea","og_description":"Descubre el transductor pasacasco de profundidad, velocidad y temperatura con interfaz NMEA 2000 y sensor de escora Digital DeepSea.","og_url":"https:\/\/digitaldeepsea.com\/es\/producto\/multisensor-inteligente\/","og_site_name":"Digital Deep Sea Espa\u00f1ol","article_modified_time":"2025-01-17T07:52:33+00:00","og_image":[{"width":400,"height":400,"url":"https:\/\/digitaldeepsea.com\/es\/wp-content\/uploads\/sites\/3\/2024\/03\/DST800-Multisensor.png","type":"image\/png"}],"twitter_card":"summary_large_image","twitter_misc":{"Tiempo de lectura":"2 minutos"},"schema":{"@context":"https:\/\/schema.org","@graph":[{"@type":"WebPage","@id":"https:\/\/digitaldeepsea.com\/es\/producto\/multisensor-inteligente\/","url":"https:\/\/digitaldeepsea.com\/es\/producto\/multisensor-inteligente\/","name":"Transductor pasacasco de profundidad - Digital Deep Sea","isPartOf":{"@id":"https:\/\/digitaldeepsea.com\/es\/#website"},"primaryImageOfPage":{"@id":"https:\/\/digitaldeepsea.com\/es\/producto\/multisensor-inteligente\/#primaryimage"},"image":{"@id":"https:\/\/digitaldeepsea.com\/es\/producto\/multisensor-inteligente\/#primaryimage"},"thumbnailUrl":"https:\/\/digitaldeepsea.com\/es\/wp-content\/uploads\/sites\/3\/2024\/03\/DST800-Multisensor.png","datePublished":"2024-03-14T12:22:10+00:00","dateModified":"2025-01-17T07:52:33+00:00","description":"Descubre el transductor pasacasco de profundidad, velocidad y temperatura con interfaz NMEA 2000 y sensor de escora Digital DeepSea.","breadcrumb":{"@id":"https:\/\/digitaldeepsea.com\/es\/producto\/multisensor-inteligente\/#breadcrumb"},"inLanguage":"es","potentialAction":[{"@type":"ReadAction","target":["https:\/\/digitaldeepsea.com\/es\/producto\/multisensor-inteligente\/"]}]},{"@type":"ImageObject","inLanguage":"es","@id":"https:\/\/digitaldeepsea.com\/es\/producto\/multisensor-inteligente\/#primaryimage","url":"https:\/\/digitaldeepsea.com\/es\/wp-content\/uploads\/sites\/3\/2024\/03\/DST800-Multisensor.png","contentUrl":"https:\/\/digitaldeepsea.com\/es\/wp-content\/uploads\/sites\/3\/2024\/03\/DST800-Multisensor.png","width":400,"height":400},{"@type":"BreadcrumbList","@id":"https:\/\/digitaldeepsea.com\/es\/producto\/multisensor-inteligente\/#breadcrumb","itemListElement":[{"@type":"ListItem","position":1,"name":"Home","item":"https:\/\/digitaldeepsea.com\/es\/"},{"@type":"ListItem","position":2,"name":"PRODUCTOS","item":"https:\/\/digitaldeepsea.com\/es\/productos\/"},{"@type":"ListItem","position":3,"name":"Multisensor Inteligente"}]},{"@type":"WebSite","@id":"https:\/\/digitaldeepsea.com\/es\/#website","url":"https:\/\/digitaldeepsea.com\/es\/","name":"Digital Deep Sea","description":"","publisher":{"@id":"https:\/\/digitaldeepsea.com\/es\/#organization"},"potentialAction":[{"@type":"SearchAction","target":{"@type":"EntryPoint","urlTemplate":"https:\/\/digitaldeepsea.com\/es\/?s={search_term_string}"},"query-input":"required name=search_term_string"}],"inLanguage":"es"},{"@type":"Organization","@id":"https:\/\/digitaldeepsea.com\/es\/#organization","name":"Digital Deep Sea","url":"https:\/\/digitaldeepsea.com\/es\/","logo":{"@type":"ImageObject","inLanguage":"es","@id":"https:\/\/digitaldeepsea.com\/es\/#\/schema\/logo\/image\/","url":"https:\/\/digitaldeepsea.com\/es\/wp-content\/uploads\/sites\/3\/2024\/03\/logo_dy_outline_white.png","contentUrl":"https:\/\/digitaldeepsea.com\/es\/wp-content\/uploads\/sites\/3\/2024\/03\/logo_dy_outline_white.png","width":200,"height":114,"caption":"Digital Deep Sea"},"image":{"@id":"https:\/\/digitaldeepsea.com\/es\/#\/schema\/logo\/image\/"}}]}},"_links":{"self":[{"href":"https:\/\/digitaldeepsea.com\/es\/wp-json\/wp\/v2\/product\/30"}],"collection":[{"href":"https:\/\/digitaldeepsea.com\/es\/wp-json\/wp\/v2\/product"}],"about":[{"href":"https:\/\/digitaldeepsea.com\/es\/wp-json\/wp\/v2\/types\/product"}],"wp:featuredmedia":[{"embeddable":true,"href":"https:\/\/digitaldeepsea.com\/es\/wp-json\/wp\/v2\/media\/72"}],"wp:attachment":[{"href":"https:\/\/digitaldeepsea.com\/es\/wp-json\/wp\/v2\/media?parent=30"}],"wp:term":[{"taxonomy":"product_cat","embeddable":true,"href":"https:\/\/digitaldeepsea.com\/es\/wp-json\/wp\/v2\/product_cat?post=30"},{"taxonomy":"product_tag","embeddable":true,"href":"https:\/\/digitaldeepsea.com\/es\/wp-json\/wp\/v2\/product_tag?post=30"}],"curies":[{"name":"wp","href":"https:\/\/api.w.org\/{rel}","templated":true}]}}