{"id":290,"date":"2024-05-28T08:43:47","date_gmt":"2024-05-28T08:43:47","guid":{"rendered":"https:\/\/digitaldeepsea.com\/es\/?post_type=product&#038;p=290"},"modified":"2025-01-17T07:52:33","modified_gmt":"2025-01-17T07:52:33","slug":"aisnet","status":"publish","type":"product","link":"https:\/\/digitaldeepsea.com\/es\/producto\/aisnet\/","title":{"rendered":"AISnet Estaci\u00f3n base AIS"},"content":{"rendered":"<h4><strong>CARACTERISTICAS<\/strong><\/h4>\n<p>AISnet es una estaci\u00f3n base AIS para usar tanto en casa o como en la oficina. Utiliza el mismo receptor AIS de doble canal y alto rendimiento que el resto de la gama de receptores de Digital Yacht. Adem\u00e1s, esta estaci\u00f3n terrestre AIS tambi\u00e9n cuenta con un puerto Ethernet que se puede conectar a un router de banda ancha para enviar datos a los servicios de seguimiento AIS online.<\/p>\n<p>Ahora hay una gran cantidad de paginas web que pueden mostrar informaci\u00f3n AIS. Estas web permiten a los usuarios verificar la posici\u00f3n y la identidad de barcos y embarcaciones. Si su casa u oficina est\u00e1 cerca de la costa, puede enviar sus datos a una de estas webs. Para hacer esto, simplemente tiene que registrarse con la compa\u00f1\u00eda a cargo de la web y le dar\u00e1 una direcci\u00f3n IP y n\u00famero de puerto para transmitir autom\u00e1ticamente los datos AIS. Usando el programa de instalaci\u00f3n ofrecido por Digital Yacht, le llevar\u00e1 solo unos segundos programar la direcci\u00f3n IP y el puerto del AISnet. Tras eso, inmediatamente comenzar\u00e1 a enviar datos AIS locales sin problemas a trav\u00e9s de Internet para que se muestren en la p\u00e1gina web.<\/p>\n<p>Los datos que recopila AISnet tambi\u00e9n se pueden ver localmente en su PC utilizando el software gratuito SmarterTrack Lite. Conecte el conector USB a su PC y los datos AIS aparecer\u00e1n en su PC, mientras que tambi\u00e9n ser\u00e1n transmitidos a trav\u00e9s de Internet.<\/p>\n<p>La estaci\u00f3n base AISnet se suministra con un adaptador universal (UK\/Europa\/EE.UU.). Existe tambien en version con splitter de antena VHF integrado.<\/p>\n<p>&nbsp;<\/p>\n<h4><strong>ESPECIFICACIONES<\/strong><\/h4>\n<ul>\n<li>Estaci\u00f3n base AIS para uso dom\u00e9stico o en la oficina<\/li>\n<li>Interfaz Ethernet integrada para proporcionar datos AIS a p\u00e1ginas web AIS.<\/li>\n<li>Receptor AIS de doble canal de alto rendimiento<\/li>\n<li>Configuraci\u00f3n simple a trav\u00e9s de un software de instalaci\u00f3n gratuito<\/li>\n<li>Interfaz USB para una conexi\u00f3n sencilla a un ordenador.<\/li>\n<li>Requiere una antena VHF o antena AIS dedicada (disponible como accesorio) o un divisor de antena\/splitter VHF.<\/li>\n<li>Disponible opcionalmente con un divisor de antena VHF integrado<\/li>\n<li>Toma de corriente incluida<\/li>\n<\/ul>\n","protected":false},"excerpt":{"rendered":"<p>\u201cAISNet es una estaci\u00f3n terrestre AIS para recibir objetivos AIS en un ordenador o una red. Interfaz de red RJ45 y USB. Perfecta para transmitir objetivos AIS a paginas web como Marine Traffic o para una red local.\u201d<\/p>\n","protected":false},"featured_media":291,"template":"","meta":[],"product_cat":[17,22,118],"product_tag":[119,120,121],"yoast_head":"<!-- This site is optimized with the Yoast SEO plugin v22.7 - https:\/\/yoast.com\/wordpress\/plugins\/seo\/ -->\n<title>AISnet - Estaci\u00f3n base AIS - Digital DeepSea<\/title>\n<meta name=\"description\" content=\"AISNet es una estaci\u00f3n base AIS para recibir blancos AIS en un PC. Utiliza una interfaz RJ45 y USB. Transmite AIS a paginas web como Marine Traffic.\" \/>\n<meta name=\"robots\" content=\"index, follow, max-snippet:-1, max-image-preview:large, max-video-preview:-1\" \/>\n<link rel=\"canonical\" href=\"https:\/\/digitaldeepsea.com\/es\/producto\/aisnet\/\" \/>\n<meta property=\"og:locale\" content=\"es_ES\" \/>\n<meta property=\"og:type\" content=\"article\" \/>\n<meta property=\"og:title\" content=\"AISnet - Estaci\u00f3n base AIS - Digital DeepSea\" \/>\n<meta property=\"og:description\" content=\"AISNet es una estaci\u00f3n base AIS para recibir blancos AIS en un PC. Utiliza una interfaz RJ45 y USB. Transmite AIS a paginas web como Marine Traffic.\" \/>\n<meta property=\"og:url\" content=\"https:\/\/digitaldeepsea.com\/es\/producto\/aisnet\/\" \/>\n<meta property=\"og:site_name\" content=\"Digital Deep Sea Espa\u00f1ol\" \/>\n<meta property=\"article:modified_time\" content=\"2025-01-17T07:52:33+00:00\" \/>\n<meta property=\"og:image\" content=\"https:\/\/digitaldeepsea.com\/es\/wp-content\/uploads\/sites\/3\/2024\/05\/AISNET-1.jpg\" \/>\n\t<meta property=\"og:image:width\" content=\"1000\" \/>\n\t<meta property=\"og:image:height\" content=\"1000\" \/>\n\t<meta property=\"og:image:type\" content=\"image\/jpeg\" \/>\n<meta name=\"twitter:card\" content=\"summary_large_image\" \/>\n<meta name=\"twitter:label1\" content=\"Tiempo de lectura\" \/>\n\t<meta name=\"twitter:data1\" content=\"2 minutos\" \/>\n<script type=\"application\/ld+json\" class=\"yoast-schema-graph\">{\"@context\":\"https:\/\/schema.org\",\"@graph\":[{\"@type\":\"WebPage\",\"@id\":\"https:\/\/digitaldeepsea.com\/es\/producto\/aisnet\/\",\"url\":\"https:\/\/digitaldeepsea.com\/es\/producto\/aisnet\/\",\"name\":\"AISnet - Estaci\u00f3n base AIS - Digital DeepSea\",\"isPartOf\":{\"@id\":\"https:\/\/digitaldeepsea.com\/es\/#website\"},\"primaryImageOfPage\":{\"@id\":\"https:\/\/digitaldeepsea.com\/es\/producto\/aisnet\/#primaryimage\"},\"image\":{\"@id\":\"https:\/\/digitaldeepsea.com\/es\/producto\/aisnet\/#primaryimage\"},\"thumbnailUrl\":\"https:\/\/digitaldeepsea.com\/es\/wp-content\/uploads\/sites\/3\/2024\/05\/AISNET-1.jpg\",\"datePublished\":\"2024-05-28T08:43:47+00:00\",\"dateModified\":\"2025-01-17T07:52:33+00:00\",\"description\":\"AISNet es una estaci\u00f3n base AIS para recibir blancos AIS en un PC. Utiliza una interfaz RJ45 y USB. Transmite AIS a paginas web como Marine Traffic.\",\"breadcrumb\":{\"@id\":\"https:\/\/digitaldeepsea.com\/es\/producto\/aisnet\/#breadcrumb\"},\"inLanguage\":\"es\",\"potentialAction\":[{\"@type\":\"ReadAction\",\"target\":[\"https:\/\/digitaldeepsea.com\/es\/producto\/aisnet\/\"]}]},{\"@type\":\"ImageObject\",\"inLanguage\":\"es\",\"@id\":\"https:\/\/digitaldeepsea.com\/es\/producto\/aisnet\/#primaryimage\",\"url\":\"https:\/\/digitaldeepsea.com\/es\/wp-content\/uploads\/sites\/3\/2024\/05\/AISNET-1.jpg\",\"contentUrl\":\"https:\/\/digitaldeepsea.com\/es\/wp-content\/uploads\/sites\/3\/2024\/05\/AISNET-1.jpg\",\"width\":1000,\"height\":1000,\"caption\":\"estacion base ais aisnet\"},{\"@type\":\"BreadcrumbList\",\"@id\":\"https:\/\/digitaldeepsea.com\/es\/producto\/aisnet\/#breadcrumb\",\"itemListElement\":[{\"@type\":\"ListItem\",\"position\":1,\"name\":\"Home\",\"item\":\"https:\/\/digitaldeepsea.com\/es\/\"},{\"@type\":\"ListItem\",\"position\":2,\"name\":\"PRODUCTOS\",\"item\":\"https:\/\/digitaldeepsea.com\/es\/productos\/\"},{\"@type\":\"ListItem\",\"position\":3,\"name\":\"AISnet Estaci\u00f3n base AIS\"}]},{\"@type\":\"WebSite\",\"@id\":\"https:\/\/digitaldeepsea.com\/es\/#website\",\"url\":\"https:\/\/digitaldeepsea.com\/es\/\",\"name\":\"Digital Deep Sea\",\"description\":\"\",\"publisher\":{\"@id\":\"https:\/\/digitaldeepsea.com\/es\/#organization\"},\"potentialAction\":[{\"@type\":\"SearchAction\",\"target\":{\"@type\":\"EntryPoint\",\"urlTemplate\":\"https:\/\/digitaldeepsea.com\/es\/?s={search_term_string}\"},\"query-input\":\"required name=search_term_string\"}],\"inLanguage\":\"es\"},{\"@type\":\"Organization\",\"@id\":\"https:\/\/digitaldeepsea.com\/es\/#organization\",\"name\":\"Digital Deep Sea\",\"url\":\"https:\/\/digitaldeepsea.com\/es\/\",\"logo\":{\"@type\":\"ImageObject\",\"inLanguage\":\"es\",\"@id\":\"https:\/\/digitaldeepsea.com\/es\/#\/schema\/logo\/image\/\",\"url\":\"https:\/\/digitaldeepsea.com\/es\/wp-content\/uploads\/sites\/3\/2024\/03\/logo_dy_outline_white.png\",\"contentUrl\":\"https:\/\/digitaldeepsea.com\/es\/wp-content\/uploads\/sites\/3\/2024\/03\/logo_dy_outline_white.png\",\"width\":200,\"height\":114,\"caption\":\"Digital Deep Sea\"},\"image\":{\"@id\":\"https:\/\/digitaldeepsea.com\/es\/#\/schema\/logo\/image\/\"}}]}<\/script>\n<!-- \/ Yoast SEO plugin. -->","yoast_head_json":{"title":"AISnet - Estaci\u00f3n base AIS - Digital DeepSea","description":"AISNet es una estaci\u00f3n base AIS para recibir blancos AIS en un PC. Utiliza una interfaz RJ45 y USB. Transmite AIS a paginas web como Marine Traffic.","robots":{"index":"index","follow":"follow","max-snippet":"max-snippet:-1","max-image-preview":"max-image-preview:large","max-video-preview":"max-video-preview:-1"},"canonical":"https:\/\/digitaldeepsea.com\/es\/producto\/aisnet\/","og_locale":"es_ES","og_type":"article","og_title":"AISnet - Estaci\u00f3n base AIS - Digital DeepSea","og_description":"AISNet es una estaci\u00f3n base AIS para recibir blancos AIS en un PC. Utiliza una interfaz RJ45 y USB. Transmite AIS a paginas web como Marine Traffic.","og_url":"https:\/\/digitaldeepsea.com\/es\/producto\/aisnet\/","og_site_name":"Digital Deep Sea Espa\u00f1ol","article_modified_time":"2025-01-17T07:52:33+00:00","og_image":[{"width":1000,"height":1000,"url":"https:\/\/digitaldeepsea.com\/es\/wp-content\/uploads\/sites\/3\/2024\/05\/AISNET-1.jpg","type":"image\/jpeg"}],"twitter_card":"summary_large_image","twitter_misc":{"Tiempo de lectura":"2 minutos"},"schema":{"@context":"https:\/\/schema.org","@graph":[{"@type":"WebPage","@id":"https:\/\/digitaldeepsea.com\/es\/producto\/aisnet\/","url":"https:\/\/digitaldeepsea.com\/es\/producto\/aisnet\/","name":"AISnet - Estaci\u00f3n base AIS - Digital DeepSea","isPartOf":{"@id":"https:\/\/digitaldeepsea.com\/es\/#website"},"primaryImageOfPage":{"@id":"https:\/\/digitaldeepsea.com\/es\/producto\/aisnet\/#primaryimage"},"image":{"@id":"https:\/\/digitaldeepsea.com\/es\/producto\/aisnet\/#primaryimage"},"thumbnailUrl":"https:\/\/digitaldeepsea.com\/es\/wp-content\/uploads\/sites\/3\/2024\/05\/AISNET-1.jpg","datePublished":"2024-05-28T08:43:47+00:00","dateModified":"2025-01-17T07:52:33+00:00","description":"AISNet es una estaci\u00f3n base AIS para recibir blancos AIS en un PC. Utiliza una interfaz RJ45 y USB. Transmite AIS a paginas web como Marine Traffic.","breadcrumb":{"@id":"https:\/\/digitaldeepsea.com\/es\/producto\/aisnet\/#breadcrumb"},"inLanguage":"es","potentialAction":[{"@type":"ReadAction","target":["https:\/\/digitaldeepsea.com\/es\/producto\/aisnet\/"]}]},{"@type":"ImageObject","inLanguage":"es","@id":"https:\/\/digitaldeepsea.com\/es\/producto\/aisnet\/#primaryimage","url":"https:\/\/digitaldeepsea.com\/es\/wp-content\/uploads\/sites\/3\/2024\/05\/AISNET-1.jpg","contentUrl":"https:\/\/digitaldeepsea.com\/es\/wp-content\/uploads\/sites\/3\/2024\/05\/AISNET-1.jpg","width":1000,"height":1000,"caption":"estacion base ais aisnet"},{"@type":"BreadcrumbList","@id":"https:\/\/digitaldeepsea.com\/es\/producto\/aisnet\/#breadcrumb","itemListElement":[{"@type":"ListItem","position":1,"name":"Home","item":"https:\/\/digitaldeepsea.com\/es\/"},{"@type":"ListItem","position":2,"name":"PRODUCTOS","item":"https:\/\/digitaldeepsea.com\/es\/productos\/"},{"@type":"ListItem","position":3,"name":"AISnet Estaci\u00f3n base AIS"}]},{"@type":"WebSite","@id":"https:\/\/digitaldeepsea.com\/es\/#website","url":"https:\/\/digitaldeepsea.com\/es\/","name":"Digital Deep Sea","description":"","publisher":{"@id":"https:\/\/digitaldeepsea.com\/es\/#organization"},"potentialAction":[{"@type":"SearchAction","target":{"@type":"EntryPoint","urlTemplate":"https:\/\/digitaldeepsea.com\/es\/?s={search_term_string}"},"query-input":"required name=search_term_string"}],"inLanguage":"es"},{"@type":"Organization","@id":"https:\/\/digitaldeepsea.com\/es\/#organization","name":"Digital Deep Sea","url":"https:\/\/digitaldeepsea.com\/es\/","logo":{"@type":"ImageObject","inLanguage":"es","@id":"https:\/\/digitaldeepsea.com\/es\/#\/schema\/logo\/image\/","url":"https:\/\/digitaldeepsea.com\/es\/wp-content\/uploads\/sites\/3\/2024\/03\/logo_dy_outline_white.png","contentUrl":"https:\/\/digitaldeepsea.com\/es\/wp-content\/uploads\/sites\/3\/2024\/03\/logo_dy_outline_white.png","width":200,"height":114,"caption":"Digital Deep Sea"},"image":{"@id":"https:\/\/digitaldeepsea.com\/es\/#\/schema\/logo\/image\/"}}]}},"_links":{"self":[{"href":"https:\/\/digitaldeepsea.com\/es\/wp-json\/wp\/v2\/product\/290"}],"collection":[{"href":"https:\/\/digitaldeepsea.com\/es\/wp-json\/wp\/v2\/product"}],"about":[{"href":"https:\/\/digitaldeepsea.com\/es\/wp-json\/wp\/v2\/types\/product"}],"wp:featuredmedia":[{"embeddable":true,"href":"https:\/\/digitaldeepsea.com\/es\/wp-json\/wp\/v2\/media\/291"}],"wp:attachment":[{"href":"https:\/\/digitaldeepsea.com\/es\/wp-json\/wp\/v2\/media?parent=290"}],"wp:term":[{"taxonomy":"product_cat","embeddable":true,"href":"https:\/\/digitaldeepsea.com\/es\/wp-json\/wp\/v2\/product_cat?post=290"},{"taxonomy":"product_tag","embeddable":true,"href":"https:\/\/digitaldeepsea.com\/es\/wp-json\/wp\/v2\/product_tag?post=290"}],"curies":[{"name":"wp","href":"https:\/\/api.w.org\/{rel}","templated":true}]}}