{"id":282,"date":"2024-05-28T08:21:40","date_gmt":"2024-05-28T08:21:40","guid":{"rendered":"https:\/\/digitaldeepsea.com\/es\/?post_type=product&#038;p=282"},"modified":"2024-05-28T08:33:58","modified_gmt":"2024-05-28T08:33:58","slug":"coastal-monitoring-solution","status":"publish","type":"product","link":"https:\/\/digitaldeepsea.com\/es\/producto\/coastal-monitoring-solution\/","title":{"rendered":"Digital Yacht Coastal Monitoring Solution"},"content":{"rendered":"<h4 class=\"vc_custom_heading vc_custom_1716539555218\"><strong>DESCRIPCION<\/strong><\/h4>\n<p>El pack Digital Yacht Coastal Monitoring es un sistema de vigilancia costera de embarcaciones basado en tecnolog\u00eda AIS. Incluye una estaci\u00f3n base AIS y un PC preconfigurado con el software TZ Coastal Monitoring. Permite obtener una visi\u00f3n general del tr\u00e1fico de embarcaciones en tiempo real y elaborar informes, alertas y seguimiento.<\/p>\n<p>El sistema incluye:<\/p>\n<ul>\n<li>Estaci\u00f3n base AIS AISNET<\/li>\n<li>Antena AIS CX4 4db de alta ganancia con soporte y cable de 10m.<\/li>\n<li>PC Aqua Compact PRO\u00a0con software TZ Coastal Monitoring preinstalado<\/li>\n<li>1 x Carta detallada regional (Ver notas m\u00e1s abajo)<\/li>\n<\/ul>\n<p>Se incluyen fuentes de alimentaci\u00f3n de 110\/220V AC para todos los art\u00edculos, para una instalaci\u00f3n sencilla en cualquier instalaci\u00f3n portuaria. Simplemente elija cualquier monitor, teclado y rat\u00f3n de terceros que se adapte a sus operarios. El sistema admite hasta 3 pantallas.<\/p>\n<p>El sistema utiliza cartograf\u00eda TZ MAPS detallada (cartograf\u00eda raster y vectorial) para garantizar el mejor nivel de cartograf\u00eda digital para su regi\u00f3n. Los detalles de las cartas est\u00e1n disponibles aqu\u00ed:\u00a0<a href=\"https:\/\/mytimezero.com\/tz-maps-catalog\/\" target=\"_blank\" rel=\"noopener\">https:\/\/mytimezero.com\/tz-maps-catalog\/<\/a><\/p>\n<p>La vigilancia costera es una tarea vital de las infraestructuras mar\u00edtimas: el sistema esta dise\u00f1ado para plataformas petrol\u00edferas y de gas, puertos, instalaciones o zonas marinas protegidas, puertos deportivos, piscifactor\u00edas, autoridades nacionales y guardacostas.<\/p>\n<p>Tambi\u00e9n puede utilizarse como un sistema de seguridad para los trabajadores portuarios en caso de que un operario caiga al agua (MOB). Los\u00a0<a href=\"https:\/\/digitaldeepsea.com\/es\/categoria-producto\/ais\/balizas-ais\/\" target=\"_blank\" rel=\"noopener\">dispositivos AIS SART MOB<\/a>\u00a0se instalan f\u00e1cilmente en los chalecos salvavidas y activaran un mensaje SART.<\/p>\n<p>&nbsp;<\/p>\n<h4 class=\"vc_custom_heading vc_custom_1716540192008\"><strong>MERCADOS<\/strong><\/h4>\n<div class=\"wpb_video_wrapper\">La soluci\u00f3n Digital Yacht Coastal Monitoring es un sistema personalizable para cada mercado:<\/div>\n<ul>\n<li>Plataformas petrol\u00edferas y de gas<\/li>\n<li>Piscifactor\u00edas<\/li>\n<li>Puertos<\/li>\n<li>\u00c1reas marinas protegidas<\/li>\n<li>Instalaciones costeras<\/li>\n<\/ul>\n<p>&nbsp;<\/p>\n<h4 class=\"vc_custom_heading vc_custom_1716540204751\"><strong>CARACTERISTICAS<\/strong><\/h4>\n<h5 style=\"text-align: center\"><strong>AIS \u2013 El elemento central del sistema<\/strong><\/h5>\n<p>El n\u00facleo de sistema este sistema de vigilancia costera y mar\u00edtima es la estaci\u00f3n base AIS AISNET. Se trata de un receptor AIS de doble canal y alta sensibilidad capaz de procesar todos los blancos AIS, incluso si el sistema est\u00e1 funcionando a su m\u00e1xima capacidad. Los objetivos de Clase B, Clase B+ y Clase A se decodifican y procesan, as\u00ed como los blancos AIS especializados, como los dispositivos SART y MOB. El AISNET se suministra con una antena sintonizada AIS de 4 dB de alta ganancia para un rendimiento excepcional.<\/p>\n<p>AISNET cuenta con una interfaz USB para conectarse directamente al PC y tambi\u00e9n cuenta con una interfaz Ethernet, por lo que podr\u00e1 conectarse a un router en la oficina para compartir los datos AIS recibidos con otros usuarios locales y con terceros (ej. Marine Traffic, etc.)<\/p>\n<p>El sistema AIS ofrece la posibilidad de mostrar todos los blancos AIS en la cartograf\u00eda en tiempo real. Una antena AIS instalada a 10m de altura normalmente recibir\u00e1 buques hasta 50 NM.<\/p>\n<p>TZ Coastal Monitoring dispone de la mejor gesti\u00f3n AIS disponible. Con esta tecnolog\u00eda, los blancos AIS pueden configurarse con colores espec\u00edficos seg\u00fan el tipo de embarcaci\u00f3n. Los blancos se pueden clasificar autom\u00e1tica o manualmente, proporcionando informaci\u00f3n precisa sobre las embarcaciones circundantes.<\/p>\n<p>Para realizar un seguimiento de una flota espec\u00edfica, TZ Coastal Monitoring ofrece la posibilidad de crear una \u00ablista de amigos\u00bb utilizando los MMSI de los barcos. Es posible mostrar estos barcos \u00abamigos\u00bb con un color espec\u00edfico, cancelar todas las alarmas vinculadas a esos barcos (entrar\/salir de una zona, por ejemplo), etc.<\/p>\n<p>Tambi\u00e9n es posible seguir un blanco espec\u00edfico en el centro de la pantalla y recuperar la pista del barco. Los blancos AIS tambi\u00e9n pueden mostrar todos los datos est\u00e1ticos sobre la identidad, el tama\u00f1o, el indicativo de llamada y el nombre de la embarcaci\u00f3n.<\/p>\n<p>&nbsp;<\/p>\n<h5 style=\"text-align: center\"><strong>Cartograf\u00eda detallada y marcas<\/strong><\/h5>\n<p><img loading=\"lazy\" decoding=\"async\" class=\"wp-image-287 aligncenter\" src=\"https:\/\/digitaldeepsea.com\/es\/wp-content\/uploads\/sites\/3\/2024\/05\/COASTAL-DETAILLED-CHARTS-1024x553-1.jpg\" alt=\"\" width=\"548\" height=\"296\" srcset=\"https:\/\/digitaldeepsea.com\/es\/wp-content\/uploads\/sites\/3\/2024\/05\/COASTAL-DETAILLED-CHARTS-1024x553-1.jpg 1024w, https:\/\/digitaldeepsea.com\/es\/wp-content\/uploads\/sites\/3\/2024\/05\/COASTAL-DETAILLED-CHARTS-1024x553-1-300x162.jpg 300w, https:\/\/digitaldeepsea.com\/es\/wp-content\/uploads\/sites\/3\/2024\/05\/COASTAL-DETAILLED-CHARTS-1024x553-1-768x415.jpg 768w, https:\/\/digitaldeepsea.com\/es\/wp-content\/uploads\/sites\/3\/2024\/05\/COASTAL-DETAILLED-CHARTS-1024x553-1-350x189.jpg 350w, https:\/\/digitaldeepsea.com\/es\/wp-content\/uploads\/sites\/3\/2024\/05\/COASTAL-DETAILLED-CHARTS-1024x553-1-680x367.jpg 680w\" sizes=\"(max-width: 548px) 100vw, 548px\" \/><\/p>\n<p>TZ Coastal Monitoring es compatible con la cartografia detallada TZ MAPS. Las opciones incluyen tambi\u00e9n datos S57. Pueden importarse bases de datos adicionales de marcas y waypoints (por ejemplo, Fishsafe), as\u00ed como notas comunitarias personalizables. TZ MAPS incluye formatos de cartograf\u00eda vectorial y raster, as\u00ed como una vista BathyVision 3D de los contornos submarinos.<\/p>\n<p>Los operadores pueden utilizar r\u00e1pidamente las funciones cartogr\u00e1ficas para medir la distancia y el rumbo, proporcionar asistencia, etc.<\/p>\n<h5 style=\"text-align: center\"><strong>Alarmas y Alertas con Opciones predefinidas<\/strong><\/h5>\n<p><img loading=\"lazy\" decoding=\"async\" class=\"wp-image-288 aligncenter\" src=\"https:\/\/digitaldeepsea.com\/es\/wp-content\/uploads\/sites\/3\/2024\/05\/coastal-zone-1024x549-1.jpg\" alt=\"\" width=\"554\" height=\"297\" srcset=\"https:\/\/digitaldeepsea.com\/es\/wp-content\/uploads\/sites\/3\/2024\/05\/coastal-zone-1024x549-1.jpg 1024w, https:\/\/digitaldeepsea.com\/es\/wp-content\/uploads\/sites\/3\/2024\/05\/coastal-zone-1024x549-1-300x161.jpg 300w, https:\/\/digitaldeepsea.com\/es\/wp-content\/uploads\/sites\/3\/2024\/05\/coastal-zone-1024x549-1-768x412.jpg 768w, https:\/\/digitaldeepsea.com\/es\/wp-content\/uploads\/sites\/3\/2024\/05\/coastal-zone-1024x549-1-350x188.jpg 350w, https:\/\/digitaldeepsea.com\/es\/wp-content\/uploads\/sites\/3\/2024\/05\/coastal-zone-1024x549-1-680x365.jpg 680w\" sizes=\"(max-width: 554px) 100vw, 554px\" \/><\/p>\n<p>Digital Yacht TZ Coastal Monitoring ofrece una gesti\u00f3n de alarmas avanzada y totalmente personalizable. En cuesti\u00f3n de segundos, los usuarios autorizados pueden crear nuevas alarmas y reglas utilizando el men\u00fa de opciones de alarma.<\/p>\n<p>Delimitar una zona a vigilar y asignar un hecho espec\u00edfico que active una notificaci\u00f3n es muy sencillo. Una regla puede ser la siguiente:<\/p>\n<ul>\n<li>El objetivo entra en la zona<\/li>\n<li>El objetivo sale de la zona<\/li>\n<li>El objetivo se detiene en la zona<\/li>\n<li>El objetivo vuelve a ponerse en marcha en la zona<\/li>\n<\/ul>\n<p>Los usuarios pueden definir l\u00edmites de velocidad aceptables y asignarlos a un \u00e1rea determinada. En caso de alarma, basta con hacer clic en la lista de alarmas para confirmarla.<\/p>\n<p>&nbsp;<\/p>\n<h5 style=\"text-align: center\"><strong>Previsiones meteorol\u00f3gicas<\/strong><\/h5>\n<p><img loading=\"lazy\" decoding=\"async\" class=\"wp-image-283 aligncenter\" src=\"https:\/\/digitaldeepsea.com\/es\/wp-content\/uploads\/sites\/3\/2024\/05\/coastal-camera-1024x541-1.jpg\" alt=\"\" width=\"532\" height=\"281\" srcset=\"https:\/\/digitaldeepsea.com\/es\/wp-content\/uploads\/sites\/3\/2024\/05\/coastal-camera-1024x541-1.jpg 1024w, https:\/\/digitaldeepsea.com\/es\/wp-content\/uploads\/sites\/3\/2024\/05\/coastal-camera-1024x541-1-300x158.jpg 300w, https:\/\/digitaldeepsea.com\/es\/wp-content\/uploads\/sites\/3\/2024\/05\/coastal-camera-1024x541-1-768x406.jpg 768w, https:\/\/digitaldeepsea.com\/es\/wp-content\/uploads\/sites\/3\/2024\/05\/coastal-camera-1024x541-1-350x185.jpg 350w, https:\/\/digitaldeepsea.com\/es\/wp-content\/uploads\/sites\/3\/2024\/05\/coastal-camera-1024x541-1-680x359.jpg 680w\" sizes=\"(max-width: 532px) 100vw, 532px\" \/><\/p>\n<p>TZ Coastal Monitoring ofrece acceso gratuito e ilimitado al servidor meteorol\u00f3gico TimeZero. Las previsiones meteorol\u00f3gicas pueden recibirse por email y a trav\u00e9s de una conexi\u00f3n a Internet.<\/p>\n<p>Gracias a su integraci\u00f3n visual de datos meteorol\u00f3gicos, TZ es capaz de proporcionar estas previsiones meteorol\u00f3gicas en forma de gr\u00e1ficos. Esto facilita visualizar la evoluci\u00f3n de la condici\u00f3n del viento, las olas y otros datos relevantes.<\/p>\n<p>Digital Yacht tambi\u00e9n dispone de una\u00a0gama de sensores, como sensores de viento, profundidad, temperatura, etc., que pueden conectarse al sistema para visualizar datos en tiempo real.<\/p>\n<p>&nbsp;<\/p>\n<h5 style=\"text-align: center\"><strong>Opciones avanzadas<\/strong><\/h5>\n<p><img loading=\"lazy\" decoding=\"async\" class=\"wp-image-284 aligncenter\" src=\"https:\/\/digitaldeepsea.com\/es\/wp-content\/uploads\/sites\/3\/2024\/05\/coastal-advanced-1024x547-1.jpg\" alt=\"\" width=\"589\" height=\"314\" srcset=\"https:\/\/digitaldeepsea.com\/es\/wp-content\/uploads\/sites\/3\/2024\/05\/coastal-advanced-1024x547-1.jpg 1024w, https:\/\/digitaldeepsea.com\/es\/wp-content\/uploads\/sites\/3\/2024\/05\/coastal-advanced-1024x547-1-300x160.jpg 300w, https:\/\/digitaldeepsea.com\/es\/wp-content\/uploads\/sites\/3\/2024\/05\/coastal-advanced-1024x547-1-768x410.jpg 768w, https:\/\/digitaldeepsea.com\/es\/wp-content\/uploads\/sites\/3\/2024\/05\/coastal-advanced-1024x547-1-350x187.jpg 350w, https:\/\/digitaldeepsea.com\/es\/wp-content\/uploads\/sites\/3\/2024\/05\/coastal-advanced-1024x547-1-680x363.jpg 680w\" sizes=\"(max-width: 589px) 100vw, 589px\" \/><\/p>\n<p>El sistema se puede ampliar con<\/p>\n<ul>\n<li>Integraci\u00f3n de radar Furuno<\/li>\n<li>C\u00e1maras de red CCTV o imagenes t\u00e9rmicas<\/li>\n<li>Grabaci\u00f3n de radio VHF<\/li>\n<li>Grabaci\u00f3n de datos varios: v\u00eddeo, audio, AIS, seguimiento, etc.<\/li>\n<\/ul>\n<p>P\u00f3ngase en\u00a0contacto con nosotros\u00a0para obtener un presupuesto personalizado.<\/p>\n<p>&nbsp;<\/p>\n<h4 class=\"vc_custom_heading vc_custom_1716543218255\"><strong>ESPECIFICACIONES<\/strong><\/h4>\n<ul>\n<li>El sistema de vigilancia costera y monitorizaci\u00f3n de Digital Yacht incluye una estaci\u00f3n base AIS AISNet, antena AIS de alta ganancia 4DB con cable de 10 m y un PC con software TimeZero Coastal Monitoring preinstalado con carta regional detallada.<\/li>\n<li>AISNet es una estaci\u00f3n base AIS con interfaces Ethernet y USB.<\/li>\n<li>CX4A es una antena AIS GRP de 1,4m de longitud y 4dB.<\/li>\n<li>CX4A viene con 10m de cable.<\/li>\n<li>TZ Coastal Monitoring ofrece una gesti\u00f3n de alarmas avanzada y totalmente personalizable.<\/li>\n<li>TZ Coastal Monitoring ofrece acceso gratuito e ilimitado a su servidor meteorol\u00f3gico. Las previsiones meteorol\u00f3gicas se pueden recibir por email y\/o Internet.<\/li>\n<li>TZ Coastal Monitoring cuenta con la mejor gesti\u00f3n de blancos AIS disponible. Los blancos AIS pueden ser configurados con colores espec\u00edficos seg\u00fan el tipo de embarcaci\u00f3n.<\/li>\n<li>En opci\u00f3n: El producto TZ Coastal Monitoring Remote permite combinar datos (Radar, AIS y objetivos ARPA) de m\u00faltiples estaciones.<\/li>\n<li>En opci\u00f3n: TZ Coastal Monitoring permite interconectar hasta 4 VHF, permitiendo la monitorizaci\u00f3n de hasta 4 canales al mismo tiempo.<\/li>\n<li>En opci\u00f3n: TZ Coastal Monitoring ofrece compatibilidad nativa y avanzada con la mayor\u00eda de los Radares Furuno de \u00faltima generaci\u00f3n.<\/li>\n<li>En opci\u00f3n: TZ Coastal Monitoring ofrece la posibilidad de conectar hasta 12 c\u00e1maras en la misma estaci\u00f3n de trabajo. La integraci\u00f3n de una c\u00e1mara permite recibir informaci\u00f3n adicional a la recibida por el radar y el AIS y la identificaci\u00f3n visual del objetivo.<\/li>\n<\/ul>\n<p><img loading=\"lazy\" decoding=\"async\" class=\"aligncenter wp-image-285 \" src=\"https:\/\/digitaldeepsea.com\/es\/wp-content\/uploads\/sites\/3\/2024\/05\/coastal-monitoring-solution-1024x512-1.jpg\" alt=\"\" width=\"679\" height=\"339\" srcset=\"https:\/\/digitaldeepsea.com\/es\/wp-content\/uploads\/sites\/3\/2024\/05\/coastal-monitoring-solution-1024x512-1.jpg 1024w, https:\/\/digitaldeepsea.com\/es\/wp-content\/uploads\/sites\/3\/2024\/05\/coastal-monitoring-solution-1024x512-1-300x150.jpg 300w, https:\/\/digitaldeepsea.com\/es\/wp-content\/uploads\/sites\/3\/2024\/05\/coastal-monitoring-solution-1024x512-1-768x384.jpg 768w, https:\/\/digitaldeepsea.com\/es\/wp-content\/uploads\/sites\/3\/2024\/05\/coastal-monitoring-solution-1024x512-1-350x175.jpg 350w, https:\/\/digitaldeepsea.com\/es\/wp-content\/uploads\/sites\/3\/2024\/05\/coastal-monitoring-solution-1024x512-1-680x340.jpg 680w\" sizes=\"(max-width: 679px) 100vw, 679px\" \/><\/p>\n","protected":false},"excerpt":{"rendered":"<p><span style=\"color: #0a0a0a;font-family: Lato, Arial, Helvetica, sans-serif;font-size: 15px;text-align: center\">\u201cEl pack Digital Yacht Coastal Monitoring es un sistema de vigilancia costera de embarcaciones basado en tecnolog\u00eda AIS. Incluye una estaci\u00f3n base AIS y un PC preconfigurado con el software TZ Coastal Monitoring. Permite obtener una visi\u00f3n general del tr\u00e1fico de embarcaciones en tiempo real y elaborar informes, alertas y seguimiento.\u201d<\/span><\/p>\n","protected":false},"featured_media":289,"template":"","meta":[],"product_cat":[17,22,118,44,76],"product_tag":[116,117],"yoast_head":"<!-- This site is optimized with the Yoast SEO plugin v22.7 - https:\/\/yoast.com\/wordpress\/plugins\/seo\/ -->\n<title>Sistema de vigilancia costera - Digital Yacht Coastal Monitoring<\/title>\n<meta name=\"description\" content=\"Este pack es un sistema de vigilancia costera y monitorizaci\u00f3n de embarcaciones con tecnolog\u00eda AIS que permite un seguimiento del tr\u00e1fico mar\u00edtimo.\" \/>\n<meta name=\"robots\" content=\"index, follow, max-snippet:-1, max-image-preview:large, max-video-preview:-1\" \/>\n<link rel=\"canonical\" href=\"https:\/\/digitaldeepsea.com\/es\/producto\/coastal-monitoring-solution\/\" \/>\n<meta property=\"og:locale\" content=\"es_ES\" \/>\n<meta property=\"og:type\" content=\"article\" \/>\n<meta property=\"og:title\" content=\"Sistema de vigilancia costera - Digital Yacht Coastal Monitoring\" \/>\n<meta property=\"og:description\" content=\"Este pack es un sistema de vigilancia costera y monitorizaci\u00f3n de embarcaciones con tecnolog\u00eda AIS que permite un seguimiento del tr\u00e1fico mar\u00edtimo.\" \/>\n<meta property=\"og:url\" content=\"https:\/\/digitaldeepsea.com\/es\/producto\/coastal-monitoring-solution\/\" \/>\n<meta property=\"og:site_name\" content=\"Digital Deep Sea Espa\u00f1ol\" \/>\n<meta property=\"article:modified_time\" content=\"2024-05-28T08:33:58+00:00\" \/>\n<meta property=\"og:image\" content=\"https:\/\/digitaldeepsea.com\/es\/wp-content\/uploads\/sites\/3\/2024\/05\/Digital-Yacht-Coastal-Monitoring-Solution-1024x1024-1.jpg\" \/>\n\t<meta property=\"og:image:width\" content=\"1024\" \/>\n\t<meta property=\"og:image:height\" content=\"1024\" \/>\n\t<meta property=\"og:image:type\" content=\"image\/jpeg\" \/>\n<meta name=\"twitter:card\" content=\"summary_large_image\" \/>\n<meta name=\"twitter:label1\" content=\"Tiempo de lectura\" \/>\n\t<meta name=\"twitter:data1\" content=\"7 minutos\" \/>\n<script type=\"application\/ld+json\" class=\"yoast-schema-graph\">{\"@context\":\"https:\/\/schema.org\",\"@graph\":[{\"@type\":\"WebPage\",\"@id\":\"https:\/\/digitaldeepsea.com\/es\/producto\/coastal-monitoring-solution\/\",\"url\":\"https:\/\/digitaldeepsea.com\/es\/producto\/coastal-monitoring-solution\/\",\"name\":\"Sistema de vigilancia costera - Digital Yacht Coastal Monitoring\",\"isPartOf\":{\"@id\":\"https:\/\/digitaldeepsea.com\/es\/#website\"},\"primaryImageOfPage\":{\"@id\":\"https:\/\/digitaldeepsea.com\/es\/producto\/coastal-monitoring-solution\/#primaryimage\"},\"image\":{\"@id\":\"https:\/\/digitaldeepsea.com\/es\/producto\/coastal-monitoring-solution\/#primaryimage\"},\"thumbnailUrl\":\"https:\/\/digitaldeepsea.com\/es\/wp-content\/uploads\/sites\/3\/2024\/05\/Digital-Yacht-Coastal-Monitoring-Solution-1024x1024-1.jpg\",\"datePublished\":\"2024-05-28T08:21:40+00:00\",\"dateModified\":\"2024-05-28T08:33:58+00:00\",\"description\":\"Este pack es un sistema de vigilancia costera y monitorizaci\u00f3n de embarcaciones con tecnolog\u00eda AIS que permite un seguimiento del tr\u00e1fico mar\u00edtimo.\",\"breadcrumb\":{\"@id\":\"https:\/\/digitaldeepsea.com\/es\/producto\/coastal-monitoring-solution\/#breadcrumb\"},\"inLanguage\":\"es\",\"potentialAction\":[{\"@type\":\"ReadAction\",\"target\":[\"https:\/\/digitaldeepsea.com\/es\/producto\/coastal-monitoring-solution\/\"]}]},{\"@type\":\"ImageObject\",\"inLanguage\":\"es\",\"@id\":\"https:\/\/digitaldeepsea.com\/es\/producto\/coastal-monitoring-solution\/#primaryimage\",\"url\":\"https:\/\/digitaldeepsea.com\/es\/wp-content\/uploads\/sites\/3\/2024\/05\/Digital-Yacht-Coastal-Monitoring-Solution-1024x1024-1.jpg\",\"contentUrl\":\"https:\/\/digitaldeepsea.com\/es\/wp-content\/uploads\/sites\/3\/2024\/05\/Digital-Yacht-Coastal-Monitoring-Solution-1024x1024-1.jpg\",\"width\":1024,\"height\":1024},{\"@type\":\"BreadcrumbList\",\"@id\":\"https:\/\/digitaldeepsea.com\/es\/producto\/coastal-monitoring-solution\/#breadcrumb\",\"itemListElement\":[{\"@type\":\"ListItem\",\"position\":1,\"name\":\"Home\",\"item\":\"https:\/\/digitaldeepsea.com\/es\/\"},{\"@type\":\"ListItem\",\"position\":2,\"name\":\"PRODUCTOS\",\"item\":\"https:\/\/digitaldeepsea.com\/es\/productos\/\"},{\"@type\":\"ListItem\",\"position\":3,\"name\":\"Digital Yacht Coastal Monitoring Solution\"}]},{\"@type\":\"WebSite\",\"@id\":\"https:\/\/digitaldeepsea.com\/es\/#website\",\"url\":\"https:\/\/digitaldeepsea.com\/es\/\",\"name\":\"Digital Deep Sea\",\"description\":\"\",\"publisher\":{\"@id\":\"https:\/\/digitaldeepsea.com\/es\/#organization\"},\"potentialAction\":[{\"@type\":\"SearchAction\",\"target\":{\"@type\":\"EntryPoint\",\"urlTemplate\":\"https:\/\/digitaldeepsea.com\/es\/?s={search_term_string}\"},\"query-input\":\"required name=search_term_string\"}],\"inLanguage\":\"es\"},{\"@type\":\"Organization\",\"@id\":\"https:\/\/digitaldeepsea.com\/es\/#organization\",\"name\":\"Digital Deep Sea\",\"url\":\"https:\/\/digitaldeepsea.com\/es\/\",\"logo\":{\"@type\":\"ImageObject\",\"inLanguage\":\"es\",\"@id\":\"https:\/\/digitaldeepsea.com\/es\/#\/schema\/logo\/image\/\",\"url\":\"https:\/\/digitaldeepsea.com\/es\/wp-content\/uploads\/sites\/3\/2024\/03\/logo_dy_outline_white.png\",\"contentUrl\":\"https:\/\/digitaldeepsea.com\/es\/wp-content\/uploads\/sites\/3\/2024\/03\/logo_dy_outline_white.png\",\"width\":200,\"height\":114,\"caption\":\"Digital Deep Sea\"},\"image\":{\"@id\":\"https:\/\/digitaldeepsea.com\/es\/#\/schema\/logo\/image\/\"}}]}<\/script>\n<!-- \/ Yoast SEO plugin. -->","yoast_head_json":{"title":"Sistema de vigilancia costera - Digital Yacht Coastal Monitoring","description":"Este pack es un sistema de vigilancia costera y monitorizaci\u00f3n de embarcaciones con tecnolog\u00eda AIS que permite un seguimiento del tr\u00e1fico mar\u00edtimo.","robots":{"index":"index","follow":"follow","max-snippet":"max-snippet:-1","max-image-preview":"max-image-preview:large","max-video-preview":"max-video-preview:-1"},"canonical":"https:\/\/digitaldeepsea.com\/es\/producto\/coastal-monitoring-solution\/","og_locale":"es_ES","og_type":"article","og_title":"Sistema de vigilancia costera - Digital Yacht Coastal Monitoring","og_description":"Este pack es un sistema de vigilancia costera y monitorizaci\u00f3n de embarcaciones con tecnolog\u00eda AIS que permite un seguimiento del tr\u00e1fico mar\u00edtimo.","og_url":"https:\/\/digitaldeepsea.com\/es\/producto\/coastal-monitoring-solution\/","og_site_name":"Digital Deep Sea Espa\u00f1ol","article_modified_time":"2024-05-28T08:33:58+00:00","og_image":[{"width":1024,"height":1024,"url":"https:\/\/digitaldeepsea.com\/es\/wp-content\/uploads\/sites\/3\/2024\/05\/Digital-Yacht-Coastal-Monitoring-Solution-1024x1024-1.jpg","type":"image\/jpeg"}],"twitter_card":"summary_large_image","twitter_misc":{"Tiempo de lectura":"7 minutos"},"schema":{"@context":"https:\/\/schema.org","@graph":[{"@type":"WebPage","@id":"https:\/\/digitaldeepsea.com\/es\/producto\/coastal-monitoring-solution\/","url":"https:\/\/digitaldeepsea.com\/es\/producto\/coastal-monitoring-solution\/","name":"Sistema de vigilancia costera - Digital Yacht Coastal Monitoring","isPartOf":{"@id":"https:\/\/digitaldeepsea.com\/es\/#website"},"primaryImageOfPage":{"@id":"https:\/\/digitaldeepsea.com\/es\/producto\/coastal-monitoring-solution\/#primaryimage"},"image":{"@id":"https:\/\/digitaldeepsea.com\/es\/producto\/coastal-monitoring-solution\/#primaryimage"},"thumbnailUrl":"https:\/\/digitaldeepsea.com\/es\/wp-content\/uploads\/sites\/3\/2024\/05\/Digital-Yacht-Coastal-Monitoring-Solution-1024x1024-1.jpg","datePublished":"2024-05-28T08:21:40+00:00","dateModified":"2024-05-28T08:33:58+00:00","description":"Este pack es un sistema de vigilancia costera y monitorizaci\u00f3n de embarcaciones con tecnolog\u00eda AIS que permite un seguimiento del tr\u00e1fico mar\u00edtimo.","breadcrumb":{"@id":"https:\/\/digitaldeepsea.com\/es\/producto\/coastal-monitoring-solution\/#breadcrumb"},"inLanguage":"es","potentialAction":[{"@type":"ReadAction","target":["https:\/\/digitaldeepsea.com\/es\/producto\/coastal-monitoring-solution\/"]}]},{"@type":"ImageObject","inLanguage":"es","@id":"https:\/\/digitaldeepsea.com\/es\/producto\/coastal-monitoring-solution\/#primaryimage","url":"https:\/\/digitaldeepsea.com\/es\/wp-content\/uploads\/sites\/3\/2024\/05\/Digital-Yacht-Coastal-Monitoring-Solution-1024x1024-1.jpg","contentUrl":"https:\/\/digitaldeepsea.com\/es\/wp-content\/uploads\/sites\/3\/2024\/05\/Digital-Yacht-Coastal-Monitoring-Solution-1024x1024-1.jpg","width":1024,"height":1024},{"@type":"BreadcrumbList","@id":"https:\/\/digitaldeepsea.com\/es\/producto\/coastal-monitoring-solution\/#breadcrumb","itemListElement":[{"@type":"ListItem","position":1,"name":"Home","item":"https:\/\/digitaldeepsea.com\/es\/"},{"@type":"ListItem","position":2,"name":"PRODUCTOS","item":"https:\/\/digitaldeepsea.com\/es\/productos\/"},{"@type":"ListItem","position":3,"name":"Digital Yacht Coastal Monitoring Solution"}]},{"@type":"WebSite","@id":"https:\/\/digitaldeepsea.com\/es\/#website","url":"https:\/\/digitaldeepsea.com\/es\/","name":"Digital Deep Sea","description":"","publisher":{"@id":"https:\/\/digitaldeepsea.com\/es\/#organization"},"potentialAction":[{"@type":"SearchAction","target":{"@type":"EntryPoint","urlTemplate":"https:\/\/digitaldeepsea.com\/es\/?s={search_term_string}"},"query-input":"required name=search_term_string"}],"inLanguage":"es"},{"@type":"Organization","@id":"https:\/\/digitaldeepsea.com\/es\/#organization","name":"Digital Deep Sea","url":"https:\/\/digitaldeepsea.com\/es\/","logo":{"@type":"ImageObject","inLanguage":"es","@id":"https:\/\/digitaldeepsea.com\/es\/#\/schema\/logo\/image\/","url":"https:\/\/digitaldeepsea.com\/es\/wp-content\/uploads\/sites\/3\/2024\/03\/logo_dy_outline_white.png","contentUrl":"https:\/\/digitaldeepsea.com\/es\/wp-content\/uploads\/sites\/3\/2024\/03\/logo_dy_outline_white.png","width":200,"height":114,"caption":"Digital Deep Sea"},"image":{"@id":"https:\/\/digitaldeepsea.com\/es\/#\/schema\/logo\/image\/"}}]}},"_links":{"self":[{"href":"https:\/\/digitaldeepsea.com\/es\/wp-json\/wp\/v2\/product\/282"}],"collection":[{"href":"https:\/\/digitaldeepsea.com\/es\/wp-json\/wp\/v2\/product"}],"about":[{"href":"https:\/\/digitaldeepsea.com\/es\/wp-json\/wp\/v2\/types\/product"}],"wp:featuredmedia":[{"embeddable":true,"href":"https:\/\/digitaldeepsea.com\/es\/wp-json\/wp\/v2\/media\/289"}],"wp:attachment":[{"href":"https:\/\/digitaldeepsea.com\/es\/wp-json\/wp\/v2\/media?parent=282"}],"wp:term":[{"taxonomy":"product_cat","embeddable":true,"href":"https:\/\/digitaldeepsea.com\/es\/wp-json\/wp\/v2\/product_cat?post=282"},{"taxonomy":"product_tag","embeddable":true,"href":"https:\/\/digitaldeepsea.com\/es\/wp-json\/wp\/v2\/product_tag?post=282"}],"curies":[{"name":"wp","href":"https:\/\/api.w.org\/{rel}","templated":true}]}}