{"id":27,"date":"2024-03-14T12:22:10","date_gmt":"2024-03-14T12:22:10","guid":{"rendered":"https:\/\/digitaldeepsea.com\/es\/?post_type=product&#038;p=27"},"modified":"2024-05-27T14:06:01","modified_gmt":"2024-05-27T14:06:01","slug":"juego-de-cables-para-el-4g-connect-pro","status":"publish","type":"product","link":"https:\/\/digitaldeepsea.com\/es\/producto\/juego-de-cables-para-el-4g-connect-pro\/","title":{"rendered":"Juego de cables para el 4G Connect Pro"},"content":{"rendered":"<h4><strong>CARACTER\u00cdSTICAS<\/strong><\/h4>\n<p>El 4G Connect Pro se suministra de serie con un juego de cables LMR200 de 7m. Este kit incluye dos cables LMR 400 de 10m (33ft) o 20m (66ft) que permite colocar las antenas en una posici\u00f3n m\u00e1s alta con p\u00e9rdida m\u00ednima de se\u00f1al.<\/p>\n<p>&nbsp;<\/p>\n<h4><strong>ESPECIFICACIONES<\/strong><\/h4>\n<ul>\n<li>Dos cables de 10m (33ft) o 20m (66ft) para el 4G Connect Pro<\/li>\n<li>Las caracter\u00edsticas de perdida minina de se\u00f1al aseguran el m\u00e1ximo rendimiento de la instalaci\u00f3n de su antena<\/li>\n<li>Adecuado para exteriores con resistente cubierta, resistente a los rayos UV y a la oxidaci\u00f3n<\/li>\n<li>Cable Pigtail con conectores N macho a SMA macho para la conexi\u00f3n al modem<\/li>\n<li>Di\u00e1metro de 10.29mm<\/li>\n<li>Impedancia de 50 ohmios<\/li>\n<\/ul>\n","protected":false},"excerpt":{"rendered":"<p>\u201cEl 4G Connect Pro se suministra de serie con un juego de cables LMR200 de 7m. Este kit incluye un juego de cables LMR 400 de 10m (33ft) o 20m (66ft) con p\u00e9rdida m\u00ednima.\u201d<\/p>\n","protected":false},"featured_media":71,"template":"","meta":[],"product_cat":[35],"product_tag":[38,39],"yoast_head":"<!-- This site is optimized with the Yoast SEO plugin v22.7 - https:\/\/yoast.com\/wordpress\/plugins\/seo\/ -->\n<title>Kit de cables 4G Connect Pro - Digital Deep Sea<\/title>\n<meta name=\"description\" content=\"El 4G Connect Pro se suministra de serie con cables LMR200 de 7m. Existen este kit de cables LMR 400 de 10m (33ft) o 20m (66ft) con p\u00e9rdida m\u00ednima.\" \/>\n<meta name=\"robots\" content=\"index, follow, max-snippet:-1, max-image-preview:large, max-video-preview:-1\" \/>\n<link rel=\"canonical\" href=\"https:\/\/digitaldeepsea.com\/es\/producto\/juego-de-cables-para-el-4g-connect-pro\/\" \/>\n<meta property=\"og:locale\" content=\"es_ES\" \/>\n<meta property=\"og:type\" content=\"article\" \/>\n<meta property=\"og:title\" content=\"Kit de cables 4G Connect Pro - Digital Deep Sea\" \/>\n<meta property=\"og:description\" content=\"El 4G Connect Pro se suministra de serie con cables LMR200 de 7m. Existen este kit de cables LMR 400 de 10m (33ft) o 20m (66ft) con p\u00e9rdida m\u00ednima.\" \/>\n<meta property=\"og:url\" content=\"https:\/\/digitaldeepsea.com\/es\/producto\/juego-de-cables-para-el-4g-connect-pro\/\" \/>\n<meta property=\"og:site_name\" content=\"Digital Deep Sea Espa\u00f1ol\" \/>\n<meta property=\"article:modified_time\" content=\"2024-05-27T14:06:01+00:00\" \/>\n<meta property=\"og:image\" content=\"https:\/\/digitaldeepsea.com\/es\/wp-content\/uploads\/sites\/3\/2024\/03\/LMR400-Cable.jpg\" \/>\n\t<meta property=\"og:image:width\" content=\"800\" \/>\n\t<meta property=\"og:image:height\" content=\"800\" \/>\n\t<meta property=\"og:image:type\" content=\"image\/jpeg\" \/>\n<meta name=\"twitter:card\" content=\"summary_large_image\" \/>\n<meta name=\"twitter:label1\" content=\"Tiempo de lectura\" \/>\n\t<meta name=\"twitter:data1\" content=\"1 minuto\" \/>\n<script type=\"application\/ld+json\" class=\"yoast-schema-graph\">{\"@context\":\"https:\/\/schema.org\",\"@graph\":[{\"@type\":\"WebPage\",\"@id\":\"https:\/\/digitaldeepsea.com\/es\/producto\/juego-de-cables-para-el-4g-connect-pro\/\",\"url\":\"https:\/\/digitaldeepsea.com\/es\/producto\/juego-de-cables-para-el-4g-connect-pro\/\",\"name\":\"Kit de cables 4G Connect Pro - Digital Deep Sea\",\"isPartOf\":{\"@id\":\"https:\/\/digitaldeepsea.com\/es\/#website\"},\"primaryImageOfPage\":{\"@id\":\"https:\/\/digitaldeepsea.com\/es\/producto\/juego-de-cables-para-el-4g-connect-pro\/#primaryimage\"},\"image\":{\"@id\":\"https:\/\/digitaldeepsea.com\/es\/producto\/juego-de-cables-para-el-4g-connect-pro\/#primaryimage\"},\"thumbnailUrl\":\"https:\/\/digitaldeepsea.com\/es\/wp-content\/uploads\/sites\/3\/2024\/03\/LMR400-Cable.jpg\",\"datePublished\":\"2024-03-14T12:22:10+00:00\",\"dateModified\":\"2024-05-27T14:06:01+00:00\",\"description\":\"El 4G Connect Pro se suministra de serie con cables LMR200 de 7m. Existen este kit de cables LMR 400 de 10m (33ft) o 20m (66ft) con p\u00e9rdida m\u00ednima.\",\"breadcrumb\":{\"@id\":\"https:\/\/digitaldeepsea.com\/es\/producto\/juego-de-cables-para-el-4g-connect-pro\/#breadcrumb\"},\"inLanguage\":\"es\",\"potentialAction\":[{\"@type\":\"ReadAction\",\"target\":[\"https:\/\/digitaldeepsea.com\/es\/producto\/juego-de-cables-para-el-4g-connect-pro\/\"]}]},{\"@type\":\"ImageObject\",\"inLanguage\":\"es\",\"@id\":\"https:\/\/digitaldeepsea.com\/es\/producto\/juego-de-cables-para-el-4g-connect-pro\/#primaryimage\",\"url\":\"https:\/\/digitaldeepsea.com\/es\/wp-content\/uploads\/sites\/3\/2024\/03\/LMR400-Cable.jpg\",\"contentUrl\":\"https:\/\/digitaldeepsea.com\/es\/wp-content\/uploads\/sites\/3\/2024\/03\/LMR400-Cable.jpg\",\"width\":800,\"height\":800},{\"@type\":\"BreadcrumbList\",\"@id\":\"https:\/\/digitaldeepsea.com\/es\/producto\/juego-de-cables-para-el-4g-connect-pro\/#breadcrumb\",\"itemListElement\":[{\"@type\":\"ListItem\",\"position\":1,\"name\":\"Home\",\"item\":\"https:\/\/digitaldeepsea.com\/es\/\"},{\"@type\":\"ListItem\",\"position\":2,\"name\":\"PRODUCTOS\",\"item\":\"https:\/\/digitaldeepsea.com\/es\/productos\/\"},{\"@type\":\"ListItem\",\"position\":3,\"name\":\"Juego de cables para el 4G Connect Pro\"}]},{\"@type\":\"WebSite\",\"@id\":\"https:\/\/digitaldeepsea.com\/es\/#website\",\"url\":\"https:\/\/digitaldeepsea.com\/es\/\",\"name\":\"Digital Deep Sea\",\"description\":\"\",\"publisher\":{\"@id\":\"https:\/\/digitaldeepsea.com\/es\/#organization\"},\"potentialAction\":[{\"@type\":\"SearchAction\",\"target\":{\"@type\":\"EntryPoint\",\"urlTemplate\":\"https:\/\/digitaldeepsea.com\/es\/?s={search_term_string}\"},\"query-input\":\"required name=search_term_string\"}],\"inLanguage\":\"es\"},{\"@type\":\"Organization\",\"@id\":\"https:\/\/digitaldeepsea.com\/es\/#organization\",\"name\":\"Digital Deep Sea\",\"url\":\"https:\/\/digitaldeepsea.com\/es\/\",\"logo\":{\"@type\":\"ImageObject\",\"inLanguage\":\"es\",\"@id\":\"https:\/\/digitaldeepsea.com\/es\/#\/schema\/logo\/image\/\",\"url\":\"https:\/\/digitaldeepsea.com\/es\/wp-content\/uploads\/sites\/3\/2024\/03\/logo_dy_outline_white.png\",\"contentUrl\":\"https:\/\/digitaldeepsea.com\/es\/wp-content\/uploads\/sites\/3\/2024\/03\/logo_dy_outline_white.png\",\"width\":200,\"height\":114,\"caption\":\"Digital Deep Sea\"},\"image\":{\"@id\":\"https:\/\/digitaldeepsea.com\/es\/#\/schema\/logo\/image\/\"}}]}<\/script>\n<!-- \/ Yoast SEO plugin. -->","yoast_head_json":{"title":"Kit de cables 4G Connect Pro - Digital Deep Sea","description":"El 4G Connect Pro se suministra de serie con cables LMR200 de 7m. Existen este kit de cables LMR 400 de 10m (33ft) o 20m (66ft) con p\u00e9rdida m\u00ednima.","robots":{"index":"index","follow":"follow","max-snippet":"max-snippet:-1","max-image-preview":"max-image-preview:large","max-video-preview":"max-video-preview:-1"},"canonical":"https:\/\/digitaldeepsea.com\/es\/producto\/juego-de-cables-para-el-4g-connect-pro\/","og_locale":"es_ES","og_type":"article","og_title":"Kit de cables 4G Connect Pro - Digital Deep Sea","og_description":"El 4G Connect Pro se suministra de serie con cables LMR200 de 7m. Existen este kit de cables LMR 400 de 10m (33ft) o 20m (66ft) con p\u00e9rdida m\u00ednima.","og_url":"https:\/\/digitaldeepsea.com\/es\/producto\/juego-de-cables-para-el-4g-connect-pro\/","og_site_name":"Digital Deep Sea Espa\u00f1ol","article_modified_time":"2024-05-27T14:06:01+00:00","og_image":[{"width":800,"height":800,"url":"https:\/\/digitaldeepsea.com\/es\/wp-content\/uploads\/sites\/3\/2024\/03\/LMR400-Cable.jpg","type":"image\/jpeg"}],"twitter_card":"summary_large_image","twitter_misc":{"Tiempo de lectura":"1 minuto"},"schema":{"@context":"https:\/\/schema.org","@graph":[{"@type":"WebPage","@id":"https:\/\/digitaldeepsea.com\/es\/producto\/juego-de-cables-para-el-4g-connect-pro\/","url":"https:\/\/digitaldeepsea.com\/es\/producto\/juego-de-cables-para-el-4g-connect-pro\/","name":"Kit de cables 4G Connect Pro - Digital Deep Sea","isPartOf":{"@id":"https:\/\/digitaldeepsea.com\/es\/#website"},"primaryImageOfPage":{"@id":"https:\/\/digitaldeepsea.com\/es\/producto\/juego-de-cables-para-el-4g-connect-pro\/#primaryimage"},"image":{"@id":"https:\/\/digitaldeepsea.com\/es\/producto\/juego-de-cables-para-el-4g-connect-pro\/#primaryimage"},"thumbnailUrl":"https:\/\/digitaldeepsea.com\/es\/wp-content\/uploads\/sites\/3\/2024\/03\/LMR400-Cable.jpg","datePublished":"2024-03-14T12:22:10+00:00","dateModified":"2024-05-27T14:06:01+00:00","description":"El 4G Connect Pro se suministra de serie con cables LMR200 de 7m. Existen este kit de cables LMR 400 de 10m (33ft) o 20m (66ft) con p\u00e9rdida m\u00ednima.","breadcrumb":{"@id":"https:\/\/digitaldeepsea.com\/es\/producto\/juego-de-cables-para-el-4g-connect-pro\/#breadcrumb"},"inLanguage":"es","potentialAction":[{"@type":"ReadAction","target":["https:\/\/digitaldeepsea.com\/es\/producto\/juego-de-cables-para-el-4g-connect-pro\/"]}]},{"@type":"ImageObject","inLanguage":"es","@id":"https:\/\/digitaldeepsea.com\/es\/producto\/juego-de-cables-para-el-4g-connect-pro\/#primaryimage","url":"https:\/\/digitaldeepsea.com\/es\/wp-content\/uploads\/sites\/3\/2024\/03\/LMR400-Cable.jpg","contentUrl":"https:\/\/digitaldeepsea.com\/es\/wp-content\/uploads\/sites\/3\/2024\/03\/LMR400-Cable.jpg","width":800,"height":800},{"@type":"BreadcrumbList","@id":"https:\/\/digitaldeepsea.com\/es\/producto\/juego-de-cables-para-el-4g-connect-pro\/#breadcrumb","itemListElement":[{"@type":"ListItem","position":1,"name":"Home","item":"https:\/\/digitaldeepsea.com\/es\/"},{"@type":"ListItem","position":2,"name":"PRODUCTOS","item":"https:\/\/digitaldeepsea.com\/es\/productos\/"},{"@type":"ListItem","position":3,"name":"Juego de cables para el 4G Connect Pro"}]},{"@type":"WebSite","@id":"https:\/\/digitaldeepsea.com\/es\/#website","url":"https:\/\/digitaldeepsea.com\/es\/","name":"Digital Deep Sea","description":"","publisher":{"@id":"https:\/\/digitaldeepsea.com\/es\/#organization"},"potentialAction":[{"@type":"SearchAction","target":{"@type":"EntryPoint","urlTemplate":"https:\/\/digitaldeepsea.com\/es\/?s={search_term_string}"},"query-input":"required name=search_term_string"}],"inLanguage":"es"},{"@type":"Organization","@id":"https:\/\/digitaldeepsea.com\/es\/#organization","name":"Digital Deep Sea","url":"https:\/\/digitaldeepsea.com\/es\/","logo":{"@type":"ImageObject","inLanguage":"es","@id":"https:\/\/digitaldeepsea.com\/es\/#\/schema\/logo\/image\/","url":"https:\/\/digitaldeepsea.com\/es\/wp-content\/uploads\/sites\/3\/2024\/03\/logo_dy_outline_white.png","contentUrl":"https:\/\/digitaldeepsea.com\/es\/wp-content\/uploads\/sites\/3\/2024\/03\/logo_dy_outline_white.png","width":200,"height":114,"caption":"Digital Deep Sea"},"image":{"@id":"https:\/\/digitaldeepsea.com\/es\/#\/schema\/logo\/image\/"}}]}},"_links":{"self":[{"href":"https:\/\/digitaldeepsea.com\/es\/wp-json\/wp\/v2\/product\/27"}],"collection":[{"href":"https:\/\/digitaldeepsea.com\/es\/wp-json\/wp\/v2\/product"}],"about":[{"href":"https:\/\/digitaldeepsea.com\/es\/wp-json\/wp\/v2\/types\/product"}],"wp:featuredmedia":[{"embeddable":true,"href":"https:\/\/digitaldeepsea.com\/es\/wp-json\/wp\/v2\/media\/71"}],"wp:attachment":[{"href":"https:\/\/digitaldeepsea.com\/es\/wp-json\/wp\/v2\/media?parent=27"}],"wp:term":[{"taxonomy":"product_cat","embeddable":true,"href":"https:\/\/digitaldeepsea.com\/es\/wp-json\/wp\/v2\/product_cat?post=27"},{"taxonomy":"product_tag","embeddable":true,"href":"https:\/\/digitaldeepsea.com\/es\/wp-json\/wp\/v2\/product_tag?post=27"}],"curies":[{"name":"wp","href":"https:\/\/api.w.org\/{rel}","templated":true}]}}