{"id":26,"date":"2024-03-14T12:22:10","date_gmt":"2024-03-14T12:22:10","guid":{"rendered":"https:\/\/digitaldeepsea.com\/es\/?post_type=product&#038;p=26"},"modified":"2025-01-17T07:52:33","modified_gmt":"2025-01-17T07:52:33","slug":"hsc100","status":"publish","type":"product","link":"https:\/\/digitaldeepsea.com\/es\/producto\/hsc100\/","title":{"rendered":"HSC100"},"content":{"rendered":"<h4><strong>CARACTER<\/strong><strong>\u00cdSTICAS<\/strong><\/h4>\n<p>El comp\u00e1s marino HSC100 utiliza tecnolog\u00eda fluxgate para suministrar informaci\u00f3n de rumbo de alta velocidad 10Hz (diez veces por segundo) via salida NMEA 0183. No como otros sensores \/ compas digital que tienen velocidad de salida de datos de 1Hz (uno por segundo), el compas electr\u00f3nico de alta velocidad de Digital Yacht HSC100 es apto para ser utilizado con radares MARPA\/ARPA. Usado con pl\u00f3ters y programas de navegaci\u00f3n con radar superpuesto permite referencia al rumbo de barco.<\/p>\n<p>&nbsp;<\/p>\n<p>Este comp\u00e1s marino cuenta con una salida NMEA simple con cable de dos hilos y es apto tanto para sistemas de 12 como de 24 voltios con un consumo de potencia m\u00ednimo. Es resistente al agua y se puede instalar tanto en el interior como en el exterior (necesario para embarcaciones con casco de acero). Tiene funci\u00f3n de calibraci\u00f3n\/desviaci\u00f3n autom\u00e1tica y de correcci\u00f3n de desv\u00edo para compensar cualquier influencia de campos magn\u00e9ticos que pueda haber alrededor. Si el sensor est\u00e1 montado a un \u00e1ngulo al eje (linea central) del barco, se puede calibrar para compensar.<\/p>\n<p>&nbsp;<\/p>\n<p>Tambi\u00e9n hemos lanzado una nueva versi\u00f3n de \u201cRate of Turn\u201d del com\u00e1s n\u00e1utico HSC100 que emite los mensajes HDT y ROT requeridos por un transpondedor de clase A. Para buques no obligatorios, esto proporciona una soluci\u00f3n simple de bajo costo para agregar rumbo y velocidad de giro a transpondedores de Clase A (Parte # ZDIGHSC100T).<\/p>\n<p>&nbsp;<\/p>\n<h4><strong>ESPECIFICACIONES<\/strong><\/h4>\n<ul>\n<li>Comp\u00e1s marino apto para sistemas de 12 y 24V.<\/li>\n<li>8-30v CC Consumo 25mA con protecci\u00f3n de polaridad inversa<\/li>\n<li>Comp\u00e1s con sensor de velocidad de flujo de aire electr\u00f3nico (10Hz)<\/li>\n<li>Apto para uso con los est\u00e1ndares ARPA \/ MARPA<\/li>\n<li>Salida estandar de NMEA 0183 HDG con velocidad de 4800 baudios<\/li>\n<li>Salida adicional Furuno AD10<\/li>\n<li>Fluxgate compensado por inclinaci\u00f3n en dos ejes hasta 45 grados<\/li>\n<li>Resistente al agua a IPx7 y apto para montaje en el exterior<\/li>\n<li>Calibraci\u00f3n autom\u00e1tica<\/li>\n<li>3 LED Lightheads mostrar el estado del comp\u00e1s<\/li>\n<li>68 x 30 mm 0.12 kg sin contar el cable (se vende con 15 metros de cable)<\/li>\n<\/ul>\n","protected":false},"excerpt":{"rendered":"<p>\u201cComp\u00e1s con calibraci\u00f3n autom\u00e1tica y salida r\u00e1pida para MARPA\u201d<\/p>\n","protected":false},"featured_media":69,"template":"","meta":[],"product_cat":[33],"product_tag":[37],"yoast_head":"<!-- This site is optimized with the Yoast SEO plugin v22.7 - https:\/\/yoast.com\/wordpress\/plugins\/seo\/ -->\n<title>HSC100 - Fluxgate Comp\u00e1s Marino - Digital Deep Sea<\/title>\n<meta name=\"description\" content=\"Comp\u00e1s marino electronico Fluxgate con interfaz NMEA 0183, calibraci\u00f3n autom\u00e1tica y salida r\u00e1pida para MARPA de Digital DeepSea.\" \/>\n<meta name=\"robots\" content=\"index, follow, max-snippet:-1, max-image-preview:large, max-video-preview:-1\" \/>\n<link rel=\"canonical\" href=\"https:\/\/digitaldeepsea.com\/es\/producto\/hsc100\/\" \/>\n<meta property=\"og:locale\" content=\"es_ES\" \/>\n<meta property=\"og:type\" content=\"article\" \/>\n<meta property=\"og:title\" content=\"HSC100 - Fluxgate Comp\u00e1s Marino - Digital Deep Sea\" \/>\n<meta property=\"og:description\" content=\"Comp\u00e1s marino electronico Fluxgate con interfaz NMEA 0183, calibraci\u00f3n autom\u00e1tica y salida r\u00e1pida para MARPA de Digital DeepSea.\" \/>\n<meta property=\"og:url\" content=\"https:\/\/digitaldeepsea.com\/es\/producto\/hsc100\/\" \/>\n<meta property=\"og:site_name\" content=\"Digital Deep Sea Espa\u00f1ol\" \/>\n<meta property=\"article:modified_time\" content=\"2025-01-17T07:52:33+00:00\" \/>\n<meta property=\"og:image\" content=\"https:\/\/digitaldeepsea.com\/es\/wp-content\/uploads\/sites\/3\/2024\/03\/hsc100_photo_00.png\" \/>\n\t<meta property=\"og:image:width\" content=\"1000\" \/>\n\t<meta property=\"og:image:height\" content=\"1000\" \/>\n\t<meta property=\"og:image:type\" content=\"image\/png\" \/>\n<meta name=\"twitter:card\" content=\"summary_large_image\" \/>\n<meta name=\"twitter:label1\" content=\"Tiempo de lectura\" \/>\n\t<meta name=\"twitter:data1\" content=\"2 minutos\" \/>\n<script type=\"application\/ld+json\" class=\"yoast-schema-graph\">{\"@context\":\"https:\/\/schema.org\",\"@graph\":[{\"@type\":\"WebPage\",\"@id\":\"https:\/\/digitaldeepsea.com\/es\/producto\/hsc100\/\",\"url\":\"https:\/\/digitaldeepsea.com\/es\/producto\/hsc100\/\",\"name\":\"HSC100 - Fluxgate Comp\u00e1s Marino - Digital Deep Sea\",\"isPartOf\":{\"@id\":\"https:\/\/digitaldeepsea.com\/es\/#website\"},\"primaryImageOfPage\":{\"@id\":\"https:\/\/digitaldeepsea.com\/es\/producto\/hsc100\/#primaryimage\"},\"image\":{\"@id\":\"https:\/\/digitaldeepsea.com\/es\/producto\/hsc100\/#primaryimage\"},\"thumbnailUrl\":\"https:\/\/digitaldeepsea.com\/es\/wp-content\/uploads\/sites\/3\/2024\/03\/hsc100_photo_00.png\",\"datePublished\":\"2024-03-14T12:22:10+00:00\",\"dateModified\":\"2025-01-17T07:52:33+00:00\",\"description\":\"Comp\u00e1s marino electronico Fluxgate con interfaz NMEA 0183, calibraci\u00f3n autom\u00e1tica y salida r\u00e1pida para MARPA de Digital DeepSea.\",\"breadcrumb\":{\"@id\":\"https:\/\/digitaldeepsea.com\/es\/producto\/hsc100\/#breadcrumb\"},\"inLanguage\":\"es\",\"potentialAction\":[{\"@type\":\"ReadAction\",\"target\":[\"https:\/\/digitaldeepsea.com\/es\/producto\/hsc100\/\"]}]},{\"@type\":\"ImageObject\",\"inLanguage\":\"es\",\"@id\":\"https:\/\/digitaldeepsea.com\/es\/producto\/hsc100\/#primaryimage\",\"url\":\"https:\/\/digitaldeepsea.com\/es\/wp-content\/uploads\/sites\/3\/2024\/03\/hsc100_photo_00.png\",\"contentUrl\":\"https:\/\/digitaldeepsea.com\/es\/wp-content\/uploads\/sites\/3\/2024\/03\/hsc100_photo_00.png\",\"width\":1000,\"height\":1000},{\"@type\":\"BreadcrumbList\",\"@id\":\"https:\/\/digitaldeepsea.com\/es\/producto\/hsc100\/#breadcrumb\",\"itemListElement\":[{\"@type\":\"ListItem\",\"position\":1,\"name\":\"Home\",\"item\":\"https:\/\/digitaldeepsea.com\/es\/\"},{\"@type\":\"ListItem\",\"position\":2,\"name\":\"PRODUCTOS\",\"item\":\"https:\/\/digitaldeepsea.com\/es\/productos\/\"},{\"@type\":\"ListItem\",\"position\":3,\"name\":\"HSC100\"}]},{\"@type\":\"WebSite\",\"@id\":\"https:\/\/digitaldeepsea.com\/es\/#website\",\"url\":\"https:\/\/digitaldeepsea.com\/es\/\",\"name\":\"Digital Deep Sea\",\"description\":\"\",\"publisher\":{\"@id\":\"https:\/\/digitaldeepsea.com\/es\/#organization\"},\"potentialAction\":[{\"@type\":\"SearchAction\",\"target\":{\"@type\":\"EntryPoint\",\"urlTemplate\":\"https:\/\/digitaldeepsea.com\/es\/?s={search_term_string}\"},\"query-input\":\"required name=search_term_string\"}],\"inLanguage\":\"es\"},{\"@type\":\"Organization\",\"@id\":\"https:\/\/digitaldeepsea.com\/es\/#organization\",\"name\":\"Digital Deep Sea\",\"url\":\"https:\/\/digitaldeepsea.com\/es\/\",\"logo\":{\"@type\":\"ImageObject\",\"inLanguage\":\"es\",\"@id\":\"https:\/\/digitaldeepsea.com\/es\/#\/schema\/logo\/image\/\",\"url\":\"https:\/\/digitaldeepsea.com\/es\/wp-content\/uploads\/sites\/3\/2024\/03\/logo_dy_outline_white.png\",\"contentUrl\":\"https:\/\/digitaldeepsea.com\/es\/wp-content\/uploads\/sites\/3\/2024\/03\/logo_dy_outline_white.png\",\"width\":200,\"height\":114,\"caption\":\"Digital Deep Sea\"},\"image\":{\"@id\":\"https:\/\/digitaldeepsea.com\/es\/#\/schema\/logo\/image\/\"}}]}<\/script>\n<!-- \/ Yoast SEO plugin. -->","yoast_head_json":{"title":"HSC100 - Fluxgate Comp\u00e1s Marino - Digital Deep Sea","description":"Comp\u00e1s marino electronico Fluxgate con interfaz NMEA 0183, calibraci\u00f3n autom\u00e1tica y salida r\u00e1pida para MARPA de Digital DeepSea.","robots":{"index":"index","follow":"follow","max-snippet":"max-snippet:-1","max-image-preview":"max-image-preview:large","max-video-preview":"max-video-preview:-1"},"canonical":"https:\/\/digitaldeepsea.com\/es\/producto\/hsc100\/","og_locale":"es_ES","og_type":"article","og_title":"HSC100 - Fluxgate Comp\u00e1s Marino - Digital Deep Sea","og_description":"Comp\u00e1s marino electronico Fluxgate con interfaz NMEA 0183, calibraci\u00f3n autom\u00e1tica y salida r\u00e1pida para MARPA de Digital DeepSea.","og_url":"https:\/\/digitaldeepsea.com\/es\/producto\/hsc100\/","og_site_name":"Digital Deep Sea Espa\u00f1ol","article_modified_time":"2025-01-17T07:52:33+00:00","og_image":[{"width":1000,"height":1000,"url":"https:\/\/digitaldeepsea.com\/es\/wp-content\/uploads\/sites\/3\/2024\/03\/hsc100_photo_00.png","type":"image\/png"}],"twitter_card":"summary_large_image","twitter_misc":{"Tiempo de lectura":"2 minutos"},"schema":{"@context":"https:\/\/schema.org","@graph":[{"@type":"WebPage","@id":"https:\/\/digitaldeepsea.com\/es\/producto\/hsc100\/","url":"https:\/\/digitaldeepsea.com\/es\/producto\/hsc100\/","name":"HSC100 - Fluxgate Comp\u00e1s Marino - Digital Deep Sea","isPartOf":{"@id":"https:\/\/digitaldeepsea.com\/es\/#website"},"primaryImageOfPage":{"@id":"https:\/\/digitaldeepsea.com\/es\/producto\/hsc100\/#primaryimage"},"image":{"@id":"https:\/\/digitaldeepsea.com\/es\/producto\/hsc100\/#primaryimage"},"thumbnailUrl":"https:\/\/digitaldeepsea.com\/es\/wp-content\/uploads\/sites\/3\/2024\/03\/hsc100_photo_00.png","datePublished":"2024-03-14T12:22:10+00:00","dateModified":"2025-01-17T07:52:33+00:00","description":"Comp\u00e1s marino electronico Fluxgate con interfaz NMEA 0183, calibraci\u00f3n autom\u00e1tica y salida r\u00e1pida para MARPA de Digital DeepSea.","breadcrumb":{"@id":"https:\/\/digitaldeepsea.com\/es\/producto\/hsc100\/#breadcrumb"},"inLanguage":"es","potentialAction":[{"@type":"ReadAction","target":["https:\/\/digitaldeepsea.com\/es\/producto\/hsc100\/"]}]},{"@type":"ImageObject","inLanguage":"es","@id":"https:\/\/digitaldeepsea.com\/es\/producto\/hsc100\/#primaryimage","url":"https:\/\/digitaldeepsea.com\/es\/wp-content\/uploads\/sites\/3\/2024\/03\/hsc100_photo_00.png","contentUrl":"https:\/\/digitaldeepsea.com\/es\/wp-content\/uploads\/sites\/3\/2024\/03\/hsc100_photo_00.png","width":1000,"height":1000},{"@type":"BreadcrumbList","@id":"https:\/\/digitaldeepsea.com\/es\/producto\/hsc100\/#breadcrumb","itemListElement":[{"@type":"ListItem","position":1,"name":"Home","item":"https:\/\/digitaldeepsea.com\/es\/"},{"@type":"ListItem","position":2,"name":"PRODUCTOS","item":"https:\/\/digitaldeepsea.com\/es\/productos\/"},{"@type":"ListItem","position":3,"name":"HSC100"}]},{"@type":"WebSite","@id":"https:\/\/digitaldeepsea.com\/es\/#website","url":"https:\/\/digitaldeepsea.com\/es\/","name":"Digital Deep Sea","description":"","publisher":{"@id":"https:\/\/digitaldeepsea.com\/es\/#organization"},"potentialAction":[{"@type":"SearchAction","target":{"@type":"EntryPoint","urlTemplate":"https:\/\/digitaldeepsea.com\/es\/?s={search_term_string}"},"query-input":"required name=search_term_string"}],"inLanguage":"es"},{"@type":"Organization","@id":"https:\/\/digitaldeepsea.com\/es\/#organization","name":"Digital Deep Sea","url":"https:\/\/digitaldeepsea.com\/es\/","logo":{"@type":"ImageObject","inLanguage":"es","@id":"https:\/\/digitaldeepsea.com\/es\/#\/schema\/logo\/image\/","url":"https:\/\/digitaldeepsea.com\/es\/wp-content\/uploads\/sites\/3\/2024\/03\/logo_dy_outline_white.png","contentUrl":"https:\/\/digitaldeepsea.com\/es\/wp-content\/uploads\/sites\/3\/2024\/03\/logo_dy_outline_white.png","width":200,"height":114,"caption":"Digital Deep Sea"},"image":{"@id":"https:\/\/digitaldeepsea.com\/es\/#\/schema\/logo\/image\/"}}]}},"_links":{"self":[{"href":"https:\/\/digitaldeepsea.com\/es\/wp-json\/wp\/v2\/product\/26"}],"collection":[{"href":"https:\/\/digitaldeepsea.com\/es\/wp-json\/wp\/v2\/product"}],"about":[{"href":"https:\/\/digitaldeepsea.com\/es\/wp-json\/wp\/v2\/types\/product"}],"wp:featuredmedia":[{"embeddable":true,"href":"https:\/\/digitaldeepsea.com\/es\/wp-json\/wp\/v2\/media\/69"}],"wp:attachment":[{"href":"https:\/\/digitaldeepsea.com\/es\/wp-json\/wp\/v2\/media?parent=26"}],"wp:term":[{"taxonomy":"product_cat","embeddable":true,"href":"https:\/\/digitaldeepsea.com\/es\/wp-json\/wp\/v2\/product_cat?post=26"},{"taxonomy":"product_tag","embeddable":true,"href":"https:\/\/digitaldeepsea.com\/es\/wp-json\/wp\/v2\/product_tag?post=26"}],"curies":[{"name":"wp","href":"https:\/\/api.w.org\/{rel}","templated":true}]}}