{"id":24,"date":"2024-03-14T12:22:10","date_gmt":"2024-03-14T12:22:10","guid":{"rendered":"https:\/\/digitaldeepsea.com\/es\/?post_type=product&#038;p=24"},"modified":"2025-01-17T07:52:33","modified_gmt":"2025-01-17T07:52:33","slug":"gps160-salida-nmea","status":"publish","type":"product","link":"https:\/\/digitaldeepsea.com\/es\/producto\/gps160-salida-nmea\/","title":{"rendered":"GPS160 (salida NMEA)"},"content":{"rendered":"<h4><strong>CARACTER\u00cdSTICAS<\/strong><\/h4>\n<p>Digital Yacht presenta su nueva antena GPS marina, el GPS160 TriNav. Un nuevo sensor de posicionamiento de alto rendimiento que utiliza sistemas de sat\u00e9lites GPS, Galileo y Glonass para lograr una precisi\u00f3n de posicionamiento excepcional.<\/p>\n<p>&nbsp;<\/p>\n<p>Nuestra tecnolog\u00eda TriNav combina las se\u00f1ales de los tres sistemas para calcular la posici\u00f3n con la mejor precisi\u00f3n y fiabilidad. Galileo es el nuevo sistema mundial de navegaci\u00f3n por sat\u00e9lite (GNSS) que se ha desarrollado en las dos \u00faltimas d\u00e9cadas.<\/p>\n<p>&nbsp;<\/p>\n<p>El GPS160 tambi\u00e9n admite la funci\u00f3n MOB \u201cHombre al agua\u201d. Cuando est\u00e1 habilitado, el GPS160 transmite una alerta AIS de hombre al agua en la salida NMEA que puede interconectarse con un chart plotter para transmitir y mostrar la alerta de hombre al agua en el chart plotter.<\/p>\n<p>&nbsp;<\/p>\n<p>Galileo se une a los sistemas GPS y GLONASS y ofrece a los navegantes una tercera fuente de posicionamiento fiable. El proyecto, financiado por la UE, proporciona un sistema de posicionamiento independiente de alta precisi\u00f3n para que las naciones europeas no tengan que depender de los sistemas GPS de EE.UU. o GLONASS de Rusia. La utilizaci\u00f3n de los servicios b\u00e1sicos de Galileo ser\u00e1 gratuita y estar\u00e1 abierta a todo el mundo. El objetivo de Galileo es proporcionar mediciones de posici\u00f3n horizontal y vertical con una precisi\u00f3n de 1 m y mejores servicios de posicionamiento en latitudes m\u00e1s altas que los otros sistemas.<\/p>\n<p>&nbsp;<\/p>\n<p><strong>Octubre de 2023<\/strong> \u2013 Nuevas caracter\u00edsticas: Todos los modelos GPS160 incorporan ahora un nuevo m\u00f3dulo GNSS compatible con la tecnolog\u00eda QuadNav. Estos modelos son compatibles con los sat\u00e9lites chinos Beidou (as\u00ed como con GPS, Glonass y Galileo), lo que significa que todos los c\u00e1lculos de posici\u00f3n fija, rumbo y velocidad (SOG) utilizar\u00e1n ahora las se\u00f1ales de sat\u00e9lite m\u00e1s potentes de una red de m\u00e1s de 100 sat\u00e9lites. Esto mejora el tiempo hasta la primera posici\u00f3n, el funcionamiento frente a interferencias, \u201cspoofing\u201d e interrupciones y el consumo (&lt;25 mA).<\/p>\n<p><strong>\u00a0<\/strong><\/p>\n<p>&nbsp;<\/p>\n<h4><strong>ESPECIFICACIONES<\/strong><\/h4>\n<ul>\n<li>Receptor de posicionamiento GPS, Glonass, Beidou y Galileo GNSS de 72 canales<\/li>\n<li>Antena GPS marina con precisi\u00f3n generalmente inferior a 1 m gracias a la tecnolog\u00eda QuadNav \u2013 combina todos los datos de los sat\u00e9lites para una precisi\u00f3n \u00f3ptima.<\/li>\n<li>Puede configurarse como dispositivo dedicado \u00fanicamente a la se\u00f1al GPS, Glonass, Beidou o Galileo.<\/li>\n<li>Sofisticado algoritmo anti-spoofing para un posicionamiento \u00f3ptimo y rechazo de interferencias.<\/li>\n<li>GPS160 USB tambi\u00e9n disponible con conexi\u00f3n USB para PC\/MAC.<\/li>\n<li>Velocidad de la interfaz NMEA0183 configurable por el usuario mediante interruptores DIP integrados en la antena.<\/li>\n<li>Velocidad de actualizaci\u00f3n de hasta 18Hz (seleccionable por el usuario).<\/li>\n<li>Bajo consumo de energ\u00eda (&lt;20mA) a 12V DC.<\/li>\n<li>Funci\u00f3n MOB \u201chombre al agua\u201d \u2013 cuando est\u00e1 activada, el GPS160 transmite un mensaje AIS MOB a trav\u00e9s de la interfaz NMEA para activar la posici\u00f3n MOB en el plotter.<\/li>\n<li>Compatible con sistemas profesionales (ECDIS) con estructura de sentencia de datum (DTM\/GBS\/GNS\/GRS\/GSA\/GST).<\/li>\n<li>La antena puede montarse en plano o en un soporte de antena con rosca de 14 TPI (no suministrado).<\/li>\n<\/ul>\n","protected":false},"excerpt":{"rendered":"<p>\u201cEl GPS160 es un nuevo sensor de posicionamiento de alto rendimiento que utiliza los sistemas de posicionamiento por sat\u00e9lite GPS, Galileo, Beidou y Glonass para ofrecer una fiabilidad y precisi\u00f3n de posicionamiento excepcional. Esta versi\u00f3n tiene una interfaz NMEA 0183.\u201d<\/p>\n","protected":false},"featured_media":60,"template":"","meta":[],"product_cat":[33],"product_tag":[34],"yoast_head":"<!-- This site is optimized with the Yoast SEO plugin v22.7 - https:\/\/yoast.com\/wordpress\/plugins\/seo\/ -->\n<title>GPS160 - Antena GPS marina - Digital Deep Sea<\/title>\n<meta name=\"description\" content=\"GPS160 es un nueva antena GPS marina que utiliza los sistemas de posicionamiento GPS, Galileo, Beidou y Glonass para una precisi\u00f3n excepcional.\" \/>\n<meta name=\"robots\" content=\"index, follow, max-snippet:-1, max-image-preview:large, max-video-preview:-1\" \/>\n<link rel=\"canonical\" href=\"https:\/\/digitaldeepsea.com\/es\/producto\/gps160-salida-nmea\/\" \/>\n<meta property=\"og:locale\" content=\"es_ES\" \/>\n<meta property=\"og:type\" content=\"article\" \/>\n<meta property=\"og:title\" content=\"GPS160 - Antena GPS marina - Digital Deep Sea\" \/>\n<meta property=\"og:description\" content=\"GPS160 es un nueva antena GPS marina que utiliza los sistemas de posicionamiento GPS, Galileo, Beidou y Glonass para una precisi\u00f3n excepcional.\" \/>\n<meta property=\"og:url\" content=\"https:\/\/digitaldeepsea.com\/es\/producto\/gps160-salida-nmea\/\" \/>\n<meta property=\"og:site_name\" content=\"Digital Deep Sea Espa\u00f1ol\" \/>\n<meta property=\"article:modified_time\" content=\"2025-01-17T07:52:33+00:00\" \/>\n<meta property=\"og:image\" content=\"https:\/\/digitaldeepsea.com\/es\/wp-content\/uploads\/sites\/3\/2024\/03\/gps160_product_id_01.jpg\" \/>\n\t<meta property=\"og:image:width\" content=\"1000\" \/>\n\t<meta property=\"og:image:height\" content=\"1000\" \/>\n\t<meta property=\"og:image:type\" content=\"image\/jpeg\" \/>\n<meta name=\"twitter:card\" content=\"summary_large_image\" \/>\n<meta name=\"twitter:label1\" content=\"Tiempo de lectura\" \/>\n\t<meta name=\"twitter:data1\" content=\"3 minutos\" \/>\n<script type=\"application\/ld+json\" class=\"yoast-schema-graph\">{\"@context\":\"https:\/\/schema.org\",\"@graph\":[{\"@type\":\"WebPage\",\"@id\":\"https:\/\/digitaldeepsea.com\/es\/producto\/gps160-salida-nmea\/\",\"url\":\"https:\/\/digitaldeepsea.com\/es\/producto\/gps160-salida-nmea\/\",\"name\":\"GPS160 - Antena GPS marina - Digital Deep Sea\",\"isPartOf\":{\"@id\":\"https:\/\/digitaldeepsea.com\/es\/#website\"},\"primaryImageOfPage\":{\"@id\":\"https:\/\/digitaldeepsea.com\/es\/producto\/gps160-salida-nmea\/#primaryimage\"},\"image\":{\"@id\":\"https:\/\/digitaldeepsea.com\/es\/producto\/gps160-salida-nmea\/#primaryimage\"},\"thumbnailUrl\":\"https:\/\/digitaldeepsea.com\/es\/wp-content\/uploads\/sites\/3\/2024\/03\/gps160_product_id_01.jpg\",\"datePublished\":\"2024-03-14T12:22:10+00:00\",\"dateModified\":\"2025-01-17T07:52:33+00:00\",\"description\":\"GPS160 es un nueva antena GPS marina que utiliza los sistemas de posicionamiento GPS, Galileo, Beidou y Glonass para una precisi\u00f3n excepcional.\",\"breadcrumb\":{\"@id\":\"https:\/\/digitaldeepsea.com\/es\/producto\/gps160-salida-nmea\/#breadcrumb\"},\"inLanguage\":\"es\",\"potentialAction\":[{\"@type\":\"ReadAction\",\"target\":[\"https:\/\/digitaldeepsea.com\/es\/producto\/gps160-salida-nmea\/\"]}]},{\"@type\":\"ImageObject\",\"inLanguage\":\"es\",\"@id\":\"https:\/\/digitaldeepsea.com\/es\/producto\/gps160-salida-nmea\/#primaryimage\",\"url\":\"https:\/\/digitaldeepsea.com\/es\/wp-content\/uploads\/sites\/3\/2024\/03\/gps160_product_id_01.jpg\",\"contentUrl\":\"https:\/\/digitaldeepsea.com\/es\/wp-content\/uploads\/sites\/3\/2024\/03\/gps160_product_id_01.jpg\",\"width\":1000,\"height\":1000},{\"@type\":\"BreadcrumbList\",\"@id\":\"https:\/\/digitaldeepsea.com\/es\/producto\/gps160-salida-nmea\/#breadcrumb\",\"itemListElement\":[{\"@type\":\"ListItem\",\"position\":1,\"name\":\"Home\",\"item\":\"https:\/\/digitaldeepsea.com\/es\/\"},{\"@type\":\"ListItem\",\"position\":2,\"name\":\"PRODUCTOS\",\"item\":\"https:\/\/digitaldeepsea.com\/es\/productos\/\"},{\"@type\":\"ListItem\",\"position\":3,\"name\":\"GPS160 (salida NMEA)\"}]},{\"@type\":\"WebSite\",\"@id\":\"https:\/\/digitaldeepsea.com\/es\/#website\",\"url\":\"https:\/\/digitaldeepsea.com\/es\/\",\"name\":\"Digital Deep Sea\",\"description\":\"\",\"publisher\":{\"@id\":\"https:\/\/digitaldeepsea.com\/es\/#organization\"},\"potentialAction\":[{\"@type\":\"SearchAction\",\"target\":{\"@type\":\"EntryPoint\",\"urlTemplate\":\"https:\/\/digitaldeepsea.com\/es\/?s={search_term_string}\"},\"query-input\":\"required name=search_term_string\"}],\"inLanguage\":\"es\"},{\"@type\":\"Organization\",\"@id\":\"https:\/\/digitaldeepsea.com\/es\/#organization\",\"name\":\"Digital Deep Sea\",\"url\":\"https:\/\/digitaldeepsea.com\/es\/\",\"logo\":{\"@type\":\"ImageObject\",\"inLanguage\":\"es\",\"@id\":\"https:\/\/digitaldeepsea.com\/es\/#\/schema\/logo\/image\/\",\"url\":\"https:\/\/digitaldeepsea.com\/es\/wp-content\/uploads\/sites\/3\/2024\/03\/logo_dy_outline_white.png\",\"contentUrl\":\"https:\/\/digitaldeepsea.com\/es\/wp-content\/uploads\/sites\/3\/2024\/03\/logo_dy_outline_white.png\",\"width\":200,\"height\":114,\"caption\":\"Digital Deep Sea\"},\"image\":{\"@id\":\"https:\/\/digitaldeepsea.com\/es\/#\/schema\/logo\/image\/\"}}]}<\/script>\n<!-- \/ Yoast SEO plugin. -->","yoast_head_json":{"title":"GPS160 - Antena GPS marina - Digital Deep Sea","description":"GPS160 es un nueva antena GPS marina que utiliza los sistemas de posicionamiento GPS, Galileo, Beidou y Glonass para una precisi\u00f3n excepcional.","robots":{"index":"index","follow":"follow","max-snippet":"max-snippet:-1","max-image-preview":"max-image-preview:large","max-video-preview":"max-video-preview:-1"},"canonical":"https:\/\/digitaldeepsea.com\/es\/producto\/gps160-salida-nmea\/","og_locale":"es_ES","og_type":"article","og_title":"GPS160 - Antena GPS marina - Digital Deep Sea","og_description":"GPS160 es un nueva antena GPS marina que utiliza los sistemas de posicionamiento GPS, Galileo, Beidou y Glonass para una precisi\u00f3n excepcional.","og_url":"https:\/\/digitaldeepsea.com\/es\/producto\/gps160-salida-nmea\/","og_site_name":"Digital Deep Sea Espa\u00f1ol","article_modified_time":"2025-01-17T07:52:33+00:00","og_image":[{"width":1000,"height":1000,"url":"https:\/\/digitaldeepsea.com\/es\/wp-content\/uploads\/sites\/3\/2024\/03\/gps160_product_id_01.jpg","type":"image\/jpeg"}],"twitter_card":"summary_large_image","twitter_misc":{"Tiempo de lectura":"3 minutos"},"schema":{"@context":"https:\/\/schema.org","@graph":[{"@type":"WebPage","@id":"https:\/\/digitaldeepsea.com\/es\/producto\/gps160-salida-nmea\/","url":"https:\/\/digitaldeepsea.com\/es\/producto\/gps160-salida-nmea\/","name":"GPS160 - Antena GPS marina - Digital Deep Sea","isPartOf":{"@id":"https:\/\/digitaldeepsea.com\/es\/#website"},"primaryImageOfPage":{"@id":"https:\/\/digitaldeepsea.com\/es\/producto\/gps160-salida-nmea\/#primaryimage"},"image":{"@id":"https:\/\/digitaldeepsea.com\/es\/producto\/gps160-salida-nmea\/#primaryimage"},"thumbnailUrl":"https:\/\/digitaldeepsea.com\/es\/wp-content\/uploads\/sites\/3\/2024\/03\/gps160_product_id_01.jpg","datePublished":"2024-03-14T12:22:10+00:00","dateModified":"2025-01-17T07:52:33+00:00","description":"GPS160 es un nueva antena GPS marina que utiliza los sistemas de posicionamiento GPS, Galileo, Beidou y Glonass para una precisi\u00f3n excepcional.","breadcrumb":{"@id":"https:\/\/digitaldeepsea.com\/es\/producto\/gps160-salida-nmea\/#breadcrumb"},"inLanguage":"es","potentialAction":[{"@type":"ReadAction","target":["https:\/\/digitaldeepsea.com\/es\/producto\/gps160-salida-nmea\/"]}]},{"@type":"ImageObject","inLanguage":"es","@id":"https:\/\/digitaldeepsea.com\/es\/producto\/gps160-salida-nmea\/#primaryimage","url":"https:\/\/digitaldeepsea.com\/es\/wp-content\/uploads\/sites\/3\/2024\/03\/gps160_product_id_01.jpg","contentUrl":"https:\/\/digitaldeepsea.com\/es\/wp-content\/uploads\/sites\/3\/2024\/03\/gps160_product_id_01.jpg","width":1000,"height":1000},{"@type":"BreadcrumbList","@id":"https:\/\/digitaldeepsea.com\/es\/producto\/gps160-salida-nmea\/#breadcrumb","itemListElement":[{"@type":"ListItem","position":1,"name":"Home","item":"https:\/\/digitaldeepsea.com\/es\/"},{"@type":"ListItem","position":2,"name":"PRODUCTOS","item":"https:\/\/digitaldeepsea.com\/es\/productos\/"},{"@type":"ListItem","position":3,"name":"GPS160 (salida NMEA)"}]},{"@type":"WebSite","@id":"https:\/\/digitaldeepsea.com\/es\/#website","url":"https:\/\/digitaldeepsea.com\/es\/","name":"Digital Deep Sea","description":"","publisher":{"@id":"https:\/\/digitaldeepsea.com\/es\/#organization"},"potentialAction":[{"@type":"SearchAction","target":{"@type":"EntryPoint","urlTemplate":"https:\/\/digitaldeepsea.com\/es\/?s={search_term_string}"},"query-input":"required name=search_term_string"}],"inLanguage":"es"},{"@type":"Organization","@id":"https:\/\/digitaldeepsea.com\/es\/#organization","name":"Digital Deep Sea","url":"https:\/\/digitaldeepsea.com\/es\/","logo":{"@type":"ImageObject","inLanguage":"es","@id":"https:\/\/digitaldeepsea.com\/es\/#\/schema\/logo\/image\/","url":"https:\/\/digitaldeepsea.com\/es\/wp-content\/uploads\/sites\/3\/2024\/03\/logo_dy_outline_white.png","contentUrl":"https:\/\/digitaldeepsea.com\/es\/wp-content\/uploads\/sites\/3\/2024\/03\/logo_dy_outline_white.png","width":200,"height":114,"caption":"Digital Deep Sea"},"image":{"@id":"https:\/\/digitaldeepsea.com\/es\/#\/schema\/logo\/image\/"}}]}},"_links":{"self":[{"href":"https:\/\/digitaldeepsea.com\/es\/wp-json\/wp\/v2\/product\/24"}],"collection":[{"href":"https:\/\/digitaldeepsea.com\/es\/wp-json\/wp\/v2\/product"}],"about":[{"href":"https:\/\/digitaldeepsea.com\/es\/wp-json\/wp\/v2\/types\/product"}],"wp:featuredmedia":[{"embeddable":true,"href":"https:\/\/digitaldeepsea.com\/es\/wp-json\/wp\/v2\/media\/60"}],"wp:attachment":[{"href":"https:\/\/digitaldeepsea.com\/es\/wp-json\/wp\/v2\/media?parent=24"}],"wp:term":[{"taxonomy":"product_cat","embeddable":true,"href":"https:\/\/digitaldeepsea.com\/es\/wp-json\/wp\/v2\/product_cat?post=24"},{"taxonomy":"product_tag","embeddable":true,"href":"https:\/\/digitaldeepsea.com\/es\/wp-json\/wp\/v2\/product_tag?post=24"}],"curies":[{"name":"wp","href":"https:\/\/api.w.org\/{rel}","templated":true}]}}