{"id":21,"date":"2024-03-14T12:22:10","date_gmt":"2024-03-14T12:22:10","guid":{"rendered":"https:\/\/digitaldeepsea.com\/es\/?post_type=product&#038;p=21"},"modified":"2025-01-17T07:52:34","modified_gmt":"2025-01-17T07:52:34","slug":"class-a-pc-pilot-plug-extension-cable","status":"publish","type":"product","link":"https:\/\/digitaldeepsea.com\/es\/producto\/class-a-pc-pilot-plug-extension-cable\/","title":{"rendered":"Cable alargador Pilot Plug Clase A"},"content":{"rendered":"<h4><strong>Caracter\u00edsticas<\/strong><\/h4>\n<p>Todos los transpondedores AIS de Clase A tienen un conector piloto o Pilot Plug, que permite a los pilotos profesionales conectar de forma r\u00e1pida y fiable su ordenador port\u00e1til al transpondedor AIS de Clase A cuando llegan a bordo.<\/p>\n<p>&nbsp;<\/p>\n<p>A menudo, la longitud normal del cable del Pilot Plug es de 1-2 m, lo que puede dificultar la conexi\u00f3n con el transpondedor de clase A del barco. La longitud de un cable USB est\u00e1 limitada a 5 m para evitar cualquier p\u00e9rdida, por lo tanto, la extensi\u00f3n de este cable podr\u00eda ser problem\u00e1tica.<\/p>\n<p>&nbsp;<\/p>\n<p>El cable alargador Pilot Plug Clase A de Digital Deep Sea alarga el cableado NMEA0183 y no el cable USB, lo que permite extender la longitud hasta 10 m sin ninguna perdida.<\/p>\n<p>&nbsp;<\/p>\n<h4>\u00a0<strong>Especificaciones<\/strong><\/h4>\n<ul>\n<li>Cable de 10 m (30 ft)<\/li>\n<li>Cumple con la norma IMO SN\/Circ.227<\/li>\n<li>Puede usarse para extender cualquier conector de piloto<\/li>\n<li>Permite extender la longitud del cable conector de piloto a m\u00e1s de 5 m.<\/li>\n<\/ul>\n","protected":false},"excerpt":{"rendered":"<p>\u201cCable de 10m para alargar la toma piloto, el cable NMEA0183 de un transpondedor AIS de Clase A\u201d<\/p>\n","protected":false},"featured_media":53,"template":"","meta":[],"product_cat":[25],"product_tag":[26],"yoast_head":"<!-- This site is optimized with the Yoast SEO plugin v22.7 - https:\/\/yoast.com\/wordpress\/plugins\/seo\/ -->\n<title>Cable alargador Pilot Plug Clase A - Digital Deep Sea Espa\u00f1ol<\/title>\n<meta name=\"description\" content=\"El cable alargador Pilot Plug Clase A Digital DeepSea permite extender la longitud del cableado hasta 10 m sin ninguna perdida.\" \/>\n<meta name=\"robots\" content=\"index, follow, max-snippet:-1, max-image-preview:large, max-video-preview:-1\" \/>\n<link rel=\"canonical\" href=\"https:\/\/digitaldeepsea.com\/es\/producto\/class-a-pc-pilot-plug-extension-cable\/\" \/>\n<meta property=\"og:locale\" content=\"es_ES\" \/>\n<meta property=\"og:type\" content=\"article\" \/>\n<meta property=\"og:title\" content=\"Cable alargador Pilot Plug Clase A - Digital Deep Sea Espa\u00f1ol\" \/>\n<meta property=\"og:description\" content=\"El cable alargador Pilot Plug Clase A Digital DeepSea permite extender la longitud del cableado hasta 10 m sin ninguna perdida.\" \/>\n<meta property=\"og:url\" content=\"https:\/\/digitaldeepsea.com\/es\/producto\/class-a-pc-pilot-plug-extension-cable\/\" \/>\n<meta property=\"og:site_name\" content=\"Digital Deep Sea Espa\u00f1ol\" \/>\n<meta property=\"article:modified_time\" content=\"2025-01-17T07:52:34+00:00\" \/>\n<meta property=\"og:image\" content=\"https:\/\/digitaldeepsea.com\/es\/wp-content\/uploads\/sites\/3\/2024\/03\/Extension_Pilot_Plug.jpg\" \/>\n\t<meta property=\"og:image:width\" content=\"1000\" \/>\n\t<meta property=\"og:image:height\" content=\"1000\" \/>\n\t<meta property=\"og:image:type\" content=\"image\/jpeg\" \/>\n<meta name=\"twitter:card\" content=\"summary_large_image\" \/>\n<meta name=\"twitter:label1\" content=\"Tiempo de lectura\" \/>\n\t<meta name=\"twitter:data1\" content=\"1 minuto\" \/>\n<script type=\"application\/ld+json\" class=\"yoast-schema-graph\">{\"@context\":\"https:\/\/schema.org\",\"@graph\":[{\"@type\":\"WebPage\",\"@id\":\"https:\/\/digitaldeepsea.com\/es\/producto\/class-a-pc-pilot-plug-extension-cable\/\",\"url\":\"https:\/\/digitaldeepsea.com\/es\/producto\/class-a-pc-pilot-plug-extension-cable\/\",\"name\":\"Cable alargador Pilot Plug Clase A - Digital Deep Sea Espa\u00f1ol\",\"isPartOf\":{\"@id\":\"https:\/\/digitaldeepsea.com\/es\/#website\"},\"primaryImageOfPage\":{\"@id\":\"https:\/\/digitaldeepsea.com\/es\/producto\/class-a-pc-pilot-plug-extension-cable\/#primaryimage\"},\"image\":{\"@id\":\"https:\/\/digitaldeepsea.com\/es\/producto\/class-a-pc-pilot-plug-extension-cable\/#primaryimage\"},\"thumbnailUrl\":\"https:\/\/digitaldeepsea.com\/es\/wp-content\/uploads\/sites\/3\/2024\/03\/Extension_Pilot_Plug.jpg\",\"datePublished\":\"2024-03-14T12:22:10+00:00\",\"dateModified\":\"2025-01-17T07:52:34+00:00\",\"description\":\"El cable alargador Pilot Plug Clase A Digital DeepSea permite extender la longitud del cableado hasta 10 m sin ninguna perdida.\",\"breadcrumb\":{\"@id\":\"https:\/\/digitaldeepsea.com\/es\/producto\/class-a-pc-pilot-plug-extension-cable\/#breadcrumb\"},\"inLanguage\":\"es\",\"potentialAction\":[{\"@type\":\"ReadAction\",\"target\":[\"https:\/\/digitaldeepsea.com\/es\/producto\/class-a-pc-pilot-plug-extension-cable\/\"]}]},{\"@type\":\"ImageObject\",\"inLanguage\":\"es\",\"@id\":\"https:\/\/digitaldeepsea.com\/es\/producto\/class-a-pc-pilot-plug-extension-cable\/#primaryimage\",\"url\":\"https:\/\/digitaldeepsea.com\/es\/wp-content\/uploads\/sites\/3\/2024\/03\/Extension_Pilot_Plug.jpg\",\"contentUrl\":\"https:\/\/digitaldeepsea.com\/es\/wp-content\/uploads\/sites\/3\/2024\/03\/Extension_Pilot_Plug.jpg\",\"width\":1000,\"height\":1000},{\"@type\":\"BreadcrumbList\",\"@id\":\"https:\/\/digitaldeepsea.com\/es\/producto\/class-a-pc-pilot-plug-extension-cable\/#breadcrumb\",\"itemListElement\":[{\"@type\":\"ListItem\",\"position\":1,\"name\":\"Home\",\"item\":\"https:\/\/digitaldeepsea.com\/es\/\"},{\"@type\":\"ListItem\",\"position\":2,\"name\":\"PRODUCTOS\",\"item\":\"https:\/\/digitaldeepsea.com\/es\/productos\/\"},{\"@type\":\"ListItem\",\"position\":3,\"name\":\"Cable alargador Pilot Plug Clase A\"}]},{\"@type\":\"WebSite\",\"@id\":\"https:\/\/digitaldeepsea.com\/es\/#website\",\"url\":\"https:\/\/digitaldeepsea.com\/es\/\",\"name\":\"Digital Deep Sea\",\"description\":\"\",\"publisher\":{\"@id\":\"https:\/\/digitaldeepsea.com\/es\/#organization\"},\"potentialAction\":[{\"@type\":\"SearchAction\",\"target\":{\"@type\":\"EntryPoint\",\"urlTemplate\":\"https:\/\/digitaldeepsea.com\/es\/?s={search_term_string}\"},\"query-input\":\"required name=search_term_string\"}],\"inLanguage\":\"es\"},{\"@type\":\"Organization\",\"@id\":\"https:\/\/digitaldeepsea.com\/es\/#organization\",\"name\":\"Digital Deep Sea\",\"url\":\"https:\/\/digitaldeepsea.com\/es\/\",\"logo\":{\"@type\":\"ImageObject\",\"inLanguage\":\"es\",\"@id\":\"https:\/\/digitaldeepsea.com\/es\/#\/schema\/logo\/image\/\",\"url\":\"https:\/\/digitaldeepsea.com\/es\/wp-content\/uploads\/sites\/3\/2024\/03\/logo_dy_outline_white.png\",\"contentUrl\":\"https:\/\/digitaldeepsea.com\/es\/wp-content\/uploads\/sites\/3\/2024\/03\/logo_dy_outline_white.png\",\"width\":200,\"height\":114,\"caption\":\"Digital Deep Sea\"},\"image\":{\"@id\":\"https:\/\/digitaldeepsea.com\/es\/#\/schema\/logo\/image\/\"}}]}<\/script>\n<!-- \/ Yoast SEO plugin. -->","yoast_head_json":{"title":"Cable alargador Pilot Plug Clase A - Digital Deep Sea Espa\u00f1ol","description":"El cable alargador Pilot Plug Clase A Digital DeepSea permite extender la longitud del cableado hasta 10 m sin ninguna perdida.","robots":{"index":"index","follow":"follow","max-snippet":"max-snippet:-1","max-image-preview":"max-image-preview:large","max-video-preview":"max-video-preview:-1"},"canonical":"https:\/\/digitaldeepsea.com\/es\/producto\/class-a-pc-pilot-plug-extension-cable\/","og_locale":"es_ES","og_type":"article","og_title":"Cable alargador Pilot Plug Clase A - Digital Deep Sea Espa\u00f1ol","og_description":"El cable alargador Pilot Plug Clase A Digital DeepSea permite extender la longitud del cableado hasta 10 m sin ninguna perdida.","og_url":"https:\/\/digitaldeepsea.com\/es\/producto\/class-a-pc-pilot-plug-extension-cable\/","og_site_name":"Digital Deep Sea Espa\u00f1ol","article_modified_time":"2025-01-17T07:52:34+00:00","og_image":[{"width":1000,"height":1000,"url":"https:\/\/digitaldeepsea.com\/es\/wp-content\/uploads\/sites\/3\/2024\/03\/Extension_Pilot_Plug.jpg","type":"image\/jpeg"}],"twitter_card":"summary_large_image","twitter_misc":{"Tiempo de lectura":"1 minuto"},"schema":{"@context":"https:\/\/schema.org","@graph":[{"@type":"WebPage","@id":"https:\/\/digitaldeepsea.com\/es\/producto\/class-a-pc-pilot-plug-extension-cable\/","url":"https:\/\/digitaldeepsea.com\/es\/producto\/class-a-pc-pilot-plug-extension-cable\/","name":"Cable alargador Pilot Plug Clase A - Digital Deep Sea Espa\u00f1ol","isPartOf":{"@id":"https:\/\/digitaldeepsea.com\/es\/#website"},"primaryImageOfPage":{"@id":"https:\/\/digitaldeepsea.com\/es\/producto\/class-a-pc-pilot-plug-extension-cable\/#primaryimage"},"image":{"@id":"https:\/\/digitaldeepsea.com\/es\/producto\/class-a-pc-pilot-plug-extension-cable\/#primaryimage"},"thumbnailUrl":"https:\/\/digitaldeepsea.com\/es\/wp-content\/uploads\/sites\/3\/2024\/03\/Extension_Pilot_Plug.jpg","datePublished":"2024-03-14T12:22:10+00:00","dateModified":"2025-01-17T07:52:34+00:00","description":"El cable alargador Pilot Plug Clase A Digital DeepSea permite extender la longitud del cableado hasta 10 m sin ninguna perdida.","breadcrumb":{"@id":"https:\/\/digitaldeepsea.com\/es\/producto\/class-a-pc-pilot-plug-extension-cable\/#breadcrumb"},"inLanguage":"es","potentialAction":[{"@type":"ReadAction","target":["https:\/\/digitaldeepsea.com\/es\/producto\/class-a-pc-pilot-plug-extension-cable\/"]}]},{"@type":"ImageObject","inLanguage":"es","@id":"https:\/\/digitaldeepsea.com\/es\/producto\/class-a-pc-pilot-plug-extension-cable\/#primaryimage","url":"https:\/\/digitaldeepsea.com\/es\/wp-content\/uploads\/sites\/3\/2024\/03\/Extension_Pilot_Plug.jpg","contentUrl":"https:\/\/digitaldeepsea.com\/es\/wp-content\/uploads\/sites\/3\/2024\/03\/Extension_Pilot_Plug.jpg","width":1000,"height":1000},{"@type":"BreadcrumbList","@id":"https:\/\/digitaldeepsea.com\/es\/producto\/class-a-pc-pilot-plug-extension-cable\/#breadcrumb","itemListElement":[{"@type":"ListItem","position":1,"name":"Home","item":"https:\/\/digitaldeepsea.com\/es\/"},{"@type":"ListItem","position":2,"name":"PRODUCTOS","item":"https:\/\/digitaldeepsea.com\/es\/productos\/"},{"@type":"ListItem","position":3,"name":"Cable alargador Pilot Plug Clase A"}]},{"@type":"WebSite","@id":"https:\/\/digitaldeepsea.com\/es\/#website","url":"https:\/\/digitaldeepsea.com\/es\/","name":"Digital Deep Sea","description":"","publisher":{"@id":"https:\/\/digitaldeepsea.com\/es\/#organization"},"potentialAction":[{"@type":"SearchAction","target":{"@type":"EntryPoint","urlTemplate":"https:\/\/digitaldeepsea.com\/es\/?s={search_term_string}"},"query-input":"required name=search_term_string"}],"inLanguage":"es"},{"@type":"Organization","@id":"https:\/\/digitaldeepsea.com\/es\/#organization","name":"Digital Deep Sea","url":"https:\/\/digitaldeepsea.com\/es\/","logo":{"@type":"ImageObject","inLanguage":"es","@id":"https:\/\/digitaldeepsea.com\/es\/#\/schema\/logo\/image\/","url":"https:\/\/digitaldeepsea.com\/es\/wp-content\/uploads\/sites\/3\/2024\/03\/logo_dy_outline_white.png","contentUrl":"https:\/\/digitaldeepsea.com\/es\/wp-content\/uploads\/sites\/3\/2024\/03\/logo_dy_outline_white.png","width":200,"height":114,"caption":"Digital Deep Sea"},"image":{"@id":"https:\/\/digitaldeepsea.com\/es\/#\/schema\/logo\/image\/"}}]}},"_links":{"self":[{"href":"https:\/\/digitaldeepsea.com\/es\/wp-json\/wp\/v2\/product\/21"}],"collection":[{"href":"https:\/\/digitaldeepsea.com\/es\/wp-json\/wp\/v2\/product"}],"about":[{"href":"https:\/\/digitaldeepsea.com\/es\/wp-json\/wp\/v2\/types\/product"}],"wp:featuredmedia":[{"embeddable":true,"href":"https:\/\/digitaldeepsea.com\/es\/wp-json\/wp\/v2\/media\/53"}],"wp:attachment":[{"href":"https:\/\/digitaldeepsea.com\/es\/wp-json\/wp\/v2\/media?parent=21"}],"wp:term":[{"taxonomy":"product_cat","embeddable":true,"href":"https:\/\/digitaldeepsea.com\/es\/wp-json\/wp\/v2\/product_cat?post=21"},{"taxonomy":"product_tag","embeddable":true,"href":"https:\/\/digitaldeepsea.com\/es\/wp-json\/wp\/v2\/product_tag?post=21"}],"curies":[{"name":"wp","href":"https:\/\/api.w.org\/{rel}","templated":true}]}}