{"id":16,"date":"2024-03-14T12:22:10","date_gmt":"2024-03-14T12:22:10","guid":{"rendered":"https:\/\/digitaldeepsea.com\/es\/?post_type=product&#038;p=16"},"modified":"2024-05-30T07:42:40","modified_gmt":"2024-05-30T07:42:40","slug":"digaton","status":"publish","type":"product","link":"https:\/\/digitaldeepsea.com\/es\/producto\/digaton\/","title":{"rendered":"DiGAToN"},"content":{"rendered":"<h4><strong>CARACTER\u00cdSTICAS<\/strong><\/h4>\n<p>DigAtoN es un AtoN AIS (Ayuda a la Navegaci\u00f3n). Se ajusta a estructuras marinas, boyas o puede ser configurado para representar un punto virtual o sint\u00e9tico si se monta de forma remota desde una ubicaci\u00f3n f\u00edsica. Los buques equipados con sistemas AIS y las estaciones costeras no s\u00f3lo pueden identificar la posici\u00f3n de estas marcas, sino tambi\u00e9n leer los datos (meteorol\u00f3gicos y de los instrumentos) recogidos por el AtoN.<\/p>\n<p>&nbsp;<\/p>\n<p>El DigAtoN est\u00e1 disponible en dos versiones, Tipo 1 (s\u00f3lo emisi\u00f3n) y dTipo 3 (emisi\u00f3n y recepci\u00f3n).<\/p>\n<p>&nbsp;<\/p>\n<p>Los dispositivos de tipo 1 requieren que una estaci\u00f3n base local AIS est\u00e9 operando en la misma \u00e1rea que la del AtoN. Mientras que los dispositivos de tipo 3 pueden asignar internamente ranuras para la transmisi\u00f3n, lo que permite colocarlos en cualquier lugar. Estos dispositivos tambi\u00e9n pueden configurarse y consultarse de forma remota e inal\u00e1mbrica, y \u201cencadenarse\u201d entre s\u00ed para una configuraci\u00f3n de alcance ampliado.<\/p>\n<p>&nbsp;<\/p>\n<p>Los productos DigAtoN tambi\u00e9n est\u00e1n disponibles con una interfaz de sensor adicional instalad, para permitir una mayor capacidad de monitoreo y recopilar la mayor cantidad de informaci\u00f3n posible.<\/p>\n<p>&nbsp;<\/p>\n<p>Puede descargar una presentaci\u00f3n completa de DigAtoN haciendo <a href=\"https:\/\/digitaldeepsea.com\/es\/wp-content\/uploads\/sites\/3\/2024\/05\/ATON-PRESENTATION.pdf\" target=\"_blank\" rel=\"noopener noreferrer\">clic aqu\u00ed.<\/a><\/p>\n<p>&nbsp;<\/p>\n<p>&nbsp;<\/p>\n<h4><strong>APLICACIONES<\/strong><\/h4>\n<ul>\n<li>Se\u00f1alizaci\u00f3n de estructuras mar\u00edtimas, turbinas de viento, naufragios, puntos de inter\u00e9s o zonas de peligro<\/li>\n<li>Transmisi\u00f3n de las condiciones meteorol\u00f3gicas locales como el viento, la presi\u00f3n, la altura de las olas, etc.<\/li>\n<li>Transmisi\u00f3n de datos personalizados a las estaciones costeras, tales como estado el\u00e9ctrico, mareas, corrientes, salinidad, etc.<\/li>\n<li>Informaci\u00f3n localizada sobre mareas y corrientes<\/li>\n<li>Utilice la capacidad virtual o sint\u00e9tica del AtoN para marcar 5 puntos virtuales al mismo tiempo (ideal para marcas m\u00f3viles o para regatas de clubes n\u00e1uticos).<\/li>\n<\/ul>\n<p>&nbsp;<\/p>\n<h4><strong>ESPECIFICACIONES<\/strong><\/h4>\n<ul>\n<li>Disponible como dispositivo Tipo 1 o Tipo 3<\/li>\n<li>Ultrarresistente e impermeable a IPX7<\/li>\n<li>Aprobado para uso global<\/li>\n<li>Antena GPS interna y opcional, disponible con antena GPS externa &#8211; Soluci\u00f3n ideal para el consumo de energ\u00eda del producto (importante si la baliza es autoalimentada).<\/li>\n<li>El dispositivo de Tipo 3 puede ser configurado y monitoreado remotamente (VDL &#8211; AIS VHF-FM Data Link).<\/li>\n<li>Capacidad virtual y sint\u00e9tica (hasta 5 puntos)<\/li>\n<li>Potencia de transmisi\u00f3n ajustable (1 a 12.5W)<\/li>\n<li>Altamente configurable para todas las aplicaciones.<\/li>\n<li>La versi\u00f3n con interfaz para sensores cuenta con una capacidad de E\/S ampliada:Tres entradas anal\u00f3gicas no aisladas y dos entradas anal\u00f3gicas aisladas; 5 E\/S digitales aisladas y 5 E\/S digitales no aisladas; Dos puertos RS232 y un puerto RS422\/NMEA totalmente aislado; Dos salidas de rel\u00e9; bus serie SDI-12; Monitor de tensi\u00f3n de entrada (no requiere conexi\u00f3n externa).<\/li>\n<\/ul>\n","protected":false},"excerpt":{"rendered":"<p>\u201cLos AtoNs se adaptan a estructuras marinas, peligros, boyas o pueden ser configurados para representar un punto virtual o sint\u00e9tico si se instalan de forma remota desde una ubicaci\u00f3n f\u00edsica. Los buques equipados con AIS y las estaciones costeras pueden entonces no s\u00f3lo identificar la posici\u00f3n de estas balizas, sino tambi\u00e9n leer los datos.\u201d<\/p>\n","protected":false},"featured_media":50,"template":"","meta":[],"product_cat":[17,22],"product_tag":[23,24],"yoast_head":"<!-- This site is optimized with the Yoast SEO plugin v22.7 - https:\/\/yoast.com\/wordpress\/plugins\/seo\/ -->\n<title>DiGAToN - AtoN AIS (Ayuda a la Navegaci\u00f3n) - Digital Deep Sea<\/title>\n<meta name=\"description\" content=\"Los ATON AIS se adaptan a estructuras marinas, boyas o pueden crear un punto virtual o sint\u00e9tico si se instalan de forma remota desde una ubicaci\u00f3n f\u00edsica.\" \/>\n<meta name=\"robots\" content=\"index, follow, max-snippet:-1, max-image-preview:large, max-video-preview:-1\" \/>\n<link rel=\"canonical\" href=\"https:\/\/digitaldeepsea.com\/es\/producto\/digaton\/\" \/>\n<meta property=\"og:locale\" content=\"es_ES\" \/>\n<meta property=\"og:type\" content=\"article\" \/>\n<meta property=\"og:title\" content=\"DiGAToN - AtoN AIS (Ayuda a la Navegaci\u00f3n) - Digital Deep Sea\" \/>\n<meta property=\"og:description\" content=\"Los ATON AIS se adaptan a estructuras marinas, boyas o pueden crear un punto virtual o sint\u00e9tico si se instalan de forma remota desde una ubicaci\u00f3n f\u00edsica.\" \/>\n<meta property=\"og:url\" content=\"https:\/\/digitaldeepsea.com\/es\/producto\/digaton\/\" \/>\n<meta property=\"og:site_name\" content=\"Digital Deep Sea Espa\u00f1ol\" \/>\n<meta property=\"article:modified_time\" content=\"2024-05-30T07:42:40+00:00\" \/>\n<meta property=\"og:image\" content=\"https:\/\/digitaldeepsea.com\/es\/wp-content\/uploads\/sites\/3\/2024\/03\/DigAton.jpg\" \/>\n\t<meta property=\"og:image:width\" content=\"1000\" \/>\n\t<meta property=\"og:image:height\" content=\"1000\" \/>\n\t<meta property=\"og:image:type\" content=\"image\/jpeg\" \/>\n<meta name=\"twitter:card\" content=\"summary_large_image\" \/>\n<meta name=\"twitter:label1\" content=\"Tiempo de lectura\" \/>\n\t<meta name=\"twitter:data1\" content=\"3 minutos\" \/>\n<script type=\"application\/ld+json\" class=\"yoast-schema-graph\">{\"@context\":\"https:\/\/schema.org\",\"@graph\":[{\"@type\":\"WebPage\",\"@id\":\"https:\/\/digitaldeepsea.com\/es\/producto\/digaton\/\",\"url\":\"https:\/\/digitaldeepsea.com\/es\/producto\/digaton\/\",\"name\":\"DiGAToN - AtoN AIS (Ayuda a la Navegaci\u00f3n) - Digital Deep Sea\",\"isPartOf\":{\"@id\":\"https:\/\/digitaldeepsea.com\/es\/#website\"},\"primaryImageOfPage\":{\"@id\":\"https:\/\/digitaldeepsea.com\/es\/producto\/digaton\/#primaryimage\"},\"image\":{\"@id\":\"https:\/\/digitaldeepsea.com\/es\/producto\/digaton\/#primaryimage\"},\"thumbnailUrl\":\"https:\/\/digitaldeepsea.com\/es\/wp-content\/uploads\/sites\/3\/2024\/03\/DigAton.jpg\",\"datePublished\":\"2024-03-14T12:22:10+00:00\",\"dateModified\":\"2024-05-30T07:42:40+00:00\",\"description\":\"Los ATON AIS se adaptan a estructuras marinas, boyas o pueden crear un punto virtual o sint\u00e9tico si se instalan de forma remota desde una ubicaci\u00f3n f\u00edsica.\",\"breadcrumb\":{\"@id\":\"https:\/\/digitaldeepsea.com\/es\/producto\/digaton\/#breadcrumb\"},\"inLanguage\":\"es\",\"potentialAction\":[{\"@type\":\"ReadAction\",\"target\":[\"https:\/\/digitaldeepsea.com\/es\/producto\/digaton\/\"]}]},{\"@type\":\"ImageObject\",\"inLanguage\":\"es\",\"@id\":\"https:\/\/digitaldeepsea.com\/es\/producto\/digaton\/#primaryimage\",\"url\":\"https:\/\/digitaldeepsea.com\/es\/wp-content\/uploads\/sites\/3\/2024\/03\/DigAton.jpg\",\"contentUrl\":\"https:\/\/digitaldeepsea.com\/es\/wp-content\/uploads\/sites\/3\/2024\/03\/DigAton.jpg\",\"width\":1000,\"height\":1000},{\"@type\":\"BreadcrumbList\",\"@id\":\"https:\/\/digitaldeepsea.com\/es\/producto\/digaton\/#breadcrumb\",\"itemListElement\":[{\"@type\":\"ListItem\",\"position\":1,\"name\":\"Home\",\"item\":\"https:\/\/digitaldeepsea.com\/es\/\"},{\"@type\":\"ListItem\",\"position\":2,\"name\":\"PRODUCTOS\",\"item\":\"https:\/\/digitaldeepsea.com\/es\/productos\/\"},{\"@type\":\"ListItem\",\"position\":3,\"name\":\"DiGAToN\"}]},{\"@type\":\"WebSite\",\"@id\":\"https:\/\/digitaldeepsea.com\/es\/#website\",\"url\":\"https:\/\/digitaldeepsea.com\/es\/\",\"name\":\"Digital Deep Sea\",\"description\":\"\",\"publisher\":{\"@id\":\"https:\/\/digitaldeepsea.com\/es\/#organization\"},\"potentialAction\":[{\"@type\":\"SearchAction\",\"target\":{\"@type\":\"EntryPoint\",\"urlTemplate\":\"https:\/\/digitaldeepsea.com\/es\/?s={search_term_string}\"},\"query-input\":\"required name=search_term_string\"}],\"inLanguage\":\"es\"},{\"@type\":\"Organization\",\"@id\":\"https:\/\/digitaldeepsea.com\/es\/#organization\",\"name\":\"Digital Deep Sea\",\"url\":\"https:\/\/digitaldeepsea.com\/es\/\",\"logo\":{\"@type\":\"ImageObject\",\"inLanguage\":\"es\",\"@id\":\"https:\/\/digitaldeepsea.com\/es\/#\/schema\/logo\/image\/\",\"url\":\"https:\/\/digitaldeepsea.com\/es\/wp-content\/uploads\/sites\/3\/2024\/03\/logo_dy_outline_white.png\",\"contentUrl\":\"https:\/\/digitaldeepsea.com\/es\/wp-content\/uploads\/sites\/3\/2024\/03\/logo_dy_outline_white.png\",\"width\":200,\"height\":114,\"caption\":\"Digital Deep Sea\"},\"image\":{\"@id\":\"https:\/\/digitaldeepsea.com\/es\/#\/schema\/logo\/image\/\"}}]}<\/script>\n<!-- \/ Yoast SEO plugin. -->","yoast_head_json":{"title":"DiGAToN - AtoN AIS (Ayuda a la Navegaci\u00f3n) - Digital Deep Sea","description":"Los ATON AIS se adaptan a estructuras marinas, boyas o pueden crear un punto virtual o sint\u00e9tico si se instalan de forma remota desde una ubicaci\u00f3n f\u00edsica.","robots":{"index":"index","follow":"follow","max-snippet":"max-snippet:-1","max-image-preview":"max-image-preview:large","max-video-preview":"max-video-preview:-1"},"canonical":"https:\/\/digitaldeepsea.com\/es\/producto\/digaton\/","og_locale":"es_ES","og_type":"article","og_title":"DiGAToN - AtoN AIS (Ayuda a la Navegaci\u00f3n) - Digital Deep Sea","og_description":"Los ATON AIS se adaptan a estructuras marinas, boyas o pueden crear un punto virtual o sint\u00e9tico si se instalan de forma remota desde una ubicaci\u00f3n f\u00edsica.","og_url":"https:\/\/digitaldeepsea.com\/es\/producto\/digaton\/","og_site_name":"Digital Deep Sea Espa\u00f1ol","article_modified_time":"2024-05-30T07:42:40+00:00","og_image":[{"width":1000,"height":1000,"url":"https:\/\/digitaldeepsea.com\/es\/wp-content\/uploads\/sites\/3\/2024\/03\/DigAton.jpg","type":"image\/jpeg"}],"twitter_card":"summary_large_image","twitter_misc":{"Tiempo de lectura":"3 minutos"},"schema":{"@context":"https:\/\/schema.org","@graph":[{"@type":"WebPage","@id":"https:\/\/digitaldeepsea.com\/es\/producto\/digaton\/","url":"https:\/\/digitaldeepsea.com\/es\/producto\/digaton\/","name":"DiGAToN - AtoN AIS (Ayuda a la Navegaci\u00f3n) - Digital Deep Sea","isPartOf":{"@id":"https:\/\/digitaldeepsea.com\/es\/#website"},"primaryImageOfPage":{"@id":"https:\/\/digitaldeepsea.com\/es\/producto\/digaton\/#primaryimage"},"image":{"@id":"https:\/\/digitaldeepsea.com\/es\/producto\/digaton\/#primaryimage"},"thumbnailUrl":"https:\/\/digitaldeepsea.com\/es\/wp-content\/uploads\/sites\/3\/2024\/03\/DigAton.jpg","datePublished":"2024-03-14T12:22:10+00:00","dateModified":"2024-05-30T07:42:40+00:00","description":"Los ATON AIS se adaptan a estructuras marinas, boyas o pueden crear un punto virtual o sint\u00e9tico si se instalan de forma remota desde una ubicaci\u00f3n f\u00edsica.","breadcrumb":{"@id":"https:\/\/digitaldeepsea.com\/es\/producto\/digaton\/#breadcrumb"},"inLanguage":"es","potentialAction":[{"@type":"ReadAction","target":["https:\/\/digitaldeepsea.com\/es\/producto\/digaton\/"]}]},{"@type":"ImageObject","inLanguage":"es","@id":"https:\/\/digitaldeepsea.com\/es\/producto\/digaton\/#primaryimage","url":"https:\/\/digitaldeepsea.com\/es\/wp-content\/uploads\/sites\/3\/2024\/03\/DigAton.jpg","contentUrl":"https:\/\/digitaldeepsea.com\/es\/wp-content\/uploads\/sites\/3\/2024\/03\/DigAton.jpg","width":1000,"height":1000},{"@type":"BreadcrumbList","@id":"https:\/\/digitaldeepsea.com\/es\/producto\/digaton\/#breadcrumb","itemListElement":[{"@type":"ListItem","position":1,"name":"Home","item":"https:\/\/digitaldeepsea.com\/es\/"},{"@type":"ListItem","position":2,"name":"PRODUCTOS","item":"https:\/\/digitaldeepsea.com\/es\/productos\/"},{"@type":"ListItem","position":3,"name":"DiGAToN"}]},{"@type":"WebSite","@id":"https:\/\/digitaldeepsea.com\/es\/#website","url":"https:\/\/digitaldeepsea.com\/es\/","name":"Digital Deep Sea","description":"","publisher":{"@id":"https:\/\/digitaldeepsea.com\/es\/#organization"},"potentialAction":[{"@type":"SearchAction","target":{"@type":"EntryPoint","urlTemplate":"https:\/\/digitaldeepsea.com\/es\/?s={search_term_string}"},"query-input":"required name=search_term_string"}],"inLanguage":"es"},{"@type":"Organization","@id":"https:\/\/digitaldeepsea.com\/es\/#organization","name":"Digital Deep Sea","url":"https:\/\/digitaldeepsea.com\/es\/","logo":{"@type":"ImageObject","inLanguage":"es","@id":"https:\/\/digitaldeepsea.com\/es\/#\/schema\/logo\/image\/","url":"https:\/\/digitaldeepsea.com\/es\/wp-content\/uploads\/sites\/3\/2024\/03\/logo_dy_outline_white.png","contentUrl":"https:\/\/digitaldeepsea.com\/es\/wp-content\/uploads\/sites\/3\/2024\/03\/logo_dy_outline_white.png","width":200,"height":114,"caption":"Digital Deep Sea"},"image":{"@id":"https:\/\/digitaldeepsea.com\/es\/#\/schema\/logo\/image\/"}}]}},"_links":{"self":[{"href":"https:\/\/digitaldeepsea.com\/es\/wp-json\/wp\/v2\/product\/16"}],"collection":[{"href":"https:\/\/digitaldeepsea.com\/es\/wp-json\/wp\/v2\/product"}],"about":[{"href":"https:\/\/digitaldeepsea.com\/es\/wp-json\/wp\/v2\/types\/product"}],"wp:featuredmedia":[{"embeddable":true,"href":"https:\/\/digitaldeepsea.com\/es\/wp-json\/wp\/v2\/media\/50"}],"wp:attachment":[{"href":"https:\/\/digitaldeepsea.com\/es\/wp-json\/wp\/v2\/media?parent=16"}],"wp:term":[{"taxonomy":"product_cat","embeddable":true,"href":"https:\/\/digitaldeepsea.com\/es\/wp-json\/wp\/v2\/product_cat?post=16"},{"taxonomy":"product_tag","embeddable":true,"href":"https:\/\/digitaldeepsea.com\/es\/wp-json\/wp\/v2\/product_tag?post=16"}],"curies":[{"name":"wp","href":"https:\/\/api.w.org\/{rel}","templated":true}]}}