{"id":14,"date":"2024-03-14T12:22:10","date_gmt":"2024-03-14T12:22:10","guid":{"rendered":"https:\/\/digitaldeepsea.com\/es\/?post_type=product&#038;p=14"},"modified":"2025-01-17T07:52:34","modified_gmt":"2025-01-17T07:52:34","slug":"s1000","status":"publish","type":"product","link":"https:\/\/digitaldeepsea.com\/es\/producto\/s1000\/","title":{"rendered":"S1000"},"content":{"rendered":"<h4><strong>Caracter\u00edsticas<\/strong><\/h4>\n<p>Un AIS SART (transpondedor de b\u00fasqueda y rescate) es un accesorio obligatorio en los equipos de salvamento en todas las embarcaciones de m\u00e1s de 300TRB. La tecnolog\u00eda tradicional utilizaba un dispositivo de tipo radar, pero la nueva legislaci\u00f3n permite utilizar un SART AIS con los beneficios asociados de rendimiento y coste. Los SART de AIS identifican a la v\u00edctima y proporcionan una actualizaci\u00f3n regular de la posici\u00f3n, que puede visualizarse gr\u00e1ficamente en una pantalla multifunci\u00f3n, ECDIS o plotter de Clase A. El S1000 es un AIS SART totalmente compatible y aprobado por la norma IMO, y que una vez activado, mostrar\u00e1 una se\u00f1al AIS en cualquier transpondedor o receptor de Clase A o Clase B. De este modo, ayuda enormemente en la recuperaci\u00f3n de la v\u00edctima o de la balsa salvavidas. Las alarmas SART, como el salvavidas AIS de Digital Yacht, tambi\u00e9n se activan por la se\u00f1al de estos dispositivos.<\/p>\n<p>&nbsp;<\/p>\n<p>El S1000 utiliza una antena VHF de alta tecnolog\u00eda que permite un alcance excepcional (normalmente hasta 10NM) y la bater\u00eda tiene una vida \u00fatil de 96 horas. Viene con una bolsa para su almacenamiento y un soporte de montaje que tiene un m\u00e1stil telesc\u00f3pico de 1 m integrado para que pueda ser utilizado en una balsa salvavidas. El GPS integrado de 50 canales ofrece un tiempo de actualizaci\u00f3n de se\u00f1al extremadamente r\u00e1pido (normalmente menos de 40 segundos), adem\u00e1s, la informaci\u00f3n de posici\u00f3n se transmite 8 veces por minuto.<\/p>\n<p>&nbsp;<\/p>\n<p>El SART se muestra como una se\u00f1al AIS especifica en cualquier sistema AIS, y se env\u00eda un mensaje de seguridad (SART ACTIVE) cada 4 minutos. El SART S1000 tambi\u00e9n ofrece importantes beneficios de seguridad para las embarcaciones de recreo y deber\u00eda formar parte de cualquier paquete de seguridad para la navegaci\u00f3n costera u oce\u00e1nica.<\/p>\n<p>&nbsp;<\/p>\n<h4><strong>Especificaciones<\/strong><\/h4>\n<ul>\n<li>Cumple con la normativa IMO, Wheel Marked SART AIS<\/li>\n<li>Receptor GPS de 50 canales integrado<\/li>\n<li>Tecnolog\u00eda de antena VHF especializada para un rendimiento superior<\/li>\n<li>Indicaciones LED para prueba y activaci\u00f3n<\/li>\n<li>Cuando est\u00e1 activado, transmite la posici\u00f3n 8 veces por minuto<\/li>\n<li>Vida \u00fatil de la bater\u00eda de 96 horas<\/li>\n<li>Env\u00eda un mensaje de seguridad de SART ACTIVE cada 4 minutos<\/li>\n<li>El reemplazo de la bater\u00eda es de bajo coste y f\u00e1cil de cambiar<\/li>\n<\/ul>\n","protected":false},"excerpt":{"rendered":"<p>\u201cBaliza SART que cumple con la norma IMO prevista con las \u00faltimas tecnolog\u00edas y que garantiza un rendimiento excepcional a un coste menor\u201d<\/p>\n","protected":false},"featured_media":56,"template":"","meta":[],"product_cat":[17,29],"product_tag":[30,31],"yoast_head":"<!-- This site is optimized with the Yoast SEO plugin v22.7 - https:\/\/yoast.com\/wordpress\/plugins\/seo\/ -->\n<title>S1000 - Baliza SART - Digital Deep Sea<\/title>\n<meta name=\"description\" content=\"Baliza SART que cumple con la norma IMO prevista con las \u00faltimas tecnolog\u00edas y que garantiza un rendimiento excepcional a un coste menor\" \/>\n<meta name=\"robots\" content=\"index, follow, max-snippet:-1, max-image-preview:large, max-video-preview:-1\" \/>\n<link rel=\"canonical\" href=\"https:\/\/digitaldeepsea.com\/es\/producto\/s1000\/\" \/>\n<meta property=\"og:locale\" content=\"es_ES\" \/>\n<meta property=\"og:type\" content=\"article\" \/>\n<meta property=\"og:title\" content=\"S1000 - Baliza SART - Digital Deep Sea\" \/>\n<meta property=\"og:description\" content=\"Baliza SART que cumple con la norma IMO prevista con las \u00faltimas tecnolog\u00edas y que garantiza un rendimiento excepcional a un coste menor\" \/>\n<meta property=\"og:url\" content=\"https:\/\/digitaldeepsea.com\/es\/producto\/s1000\/\" \/>\n<meta property=\"og:site_name\" content=\"Digital Deep Sea Espa\u00f1ol\" \/>\n<meta property=\"article:modified_time\" content=\"2025-01-17T07:52:34+00:00\" \/>\n<meta property=\"og:image\" content=\"https:\/\/digitaldeepsea.com\/es\/wp-content\/uploads\/sites\/3\/2024\/03\/sart_product.jpg\" \/>\n\t<meta property=\"og:image:width\" content=\"1000\" \/>\n\t<meta property=\"og:image:height\" content=\"1000\" \/>\n\t<meta property=\"og:image:type\" content=\"image\/jpeg\" \/>\n<meta name=\"twitter:card\" content=\"summary_large_image\" \/>\n<meta name=\"twitter:label1\" content=\"Tiempo de lectura\" \/>\n\t<meta name=\"twitter:data1\" content=\"2 minutos\" \/>\n<script type=\"application\/ld+json\" class=\"yoast-schema-graph\">{\"@context\":\"https:\/\/schema.org\",\"@graph\":[{\"@type\":\"WebPage\",\"@id\":\"https:\/\/digitaldeepsea.com\/es\/producto\/s1000\/\",\"url\":\"https:\/\/digitaldeepsea.com\/es\/producto\/s1000\/\",\"name\":\"S1000 - Baliza SART - Digital Deep Sea\",\"isPartOf\":{\"@id\":\"https:\/\/digitaldeepsea.com\/es\/#website\"},\"primaryImageOfPage\":{\"@id\":\"https:\/\/digitaldeepsea.com\/es\/producto\/s1000\/#primaryimage\"},\"image\":{\"@id\":\"https:\/\/digitaldeepsea.com\/es\/producto\/s1000\/#primaryimage\"},\"thumbnailUrl\":\"https:\/\/digitaldeepsea.com\/es\/wp-content\/uploads\/sites\/3\/2024\/03\/sart_product.jpg\",\"datePublished\":\"2024-03-14T12:22:10+00:00\",\"dateModified\":\"2025-01-17T07:52:34+00:00\",\"description\":\"Baliza SART que cumple con la norma IMO prevista con las \u00faltimas tecnolog\u00edas y que garantiza un rendimiento excepcional a un coste menor\",\"breadcrumb\":{\"@id\":\"https:\/\/digitaldeepsea.com\/es\/producto\/s1000\/#breadcrumb\"},\"inLanguage\":\"es\",\"potentialAction\":[{\"@type\":\"ReadAction\",\"target\":[\"https:\/\/digitaldeepsea.com\/es\/producto\/s1000\/\"]}]},{\"@type\":\"ImageObject\",\"inLanguage\":\"es\",\"@id\":\"https:\/\/digitaldeepsea.com\/es\/producto\/s1000\/#primaryimage\",\"url\":\"https:\/\/digitaldeepsea.com\/es\/wp-content\/uploads\/sites\/3\/2024\/03\/sart_product.jpg\",\"contentUrl\":\"https:\/\/digitaldeepsea.com\/es\/wp-content\/uploads\/sites\/3\/2024\/03\/sart_product.jpg\",\"width\":1000,\"height\":1000},{\"@type\":\"BreadcrumbList\",\"@id\":\"https:\/\/digitaldeepsea.com\/es\/producto\/s1000\/#breadcrumb\",\"itemListElement\":[{\"@type\":\"ListItem\",\"position\":1,\"name\":\"Home\",\"item\":\"https:\/\/digitaldeepsea.com\/es\/\"},{\"@type\":\"ListItem\",\"position\":2,\"name\":\"PRODUCTOS\",\"item\":\"https:\/\/digitaldeepsea.com\/es\/productos\/\"},{\"@type\":\"ListItem\",\"position\":3,\"name\":\"S1000\"}]},{\"@type\":\"WebSite\",\"@id\":\"https:\/\/digitaldeepsea.com\/es\/#website\",\"url\":\"https:\/\/digitaldeepsea.com\/es\/\",\"name\":\"Digital Deep Sea\",\"description\":\"\",\"publisher\":{\"@id\":\"https:\/\/digitaldeepsea.com\/es\/#organization\"},\"potentialAction\":[{\"@type\":\"SearchAction\",\"target\":{\"@type\":\"EntryPoint\",\"urlTemplate\":\"https:\/\/digitaldeepsea.com\/es\/?s={search_term_string}\"},\"query-input\":\"required name=search_term_string\"}],\"inLanguage\":\"es\"},{\"@type\":\"Organization\",\"@id\":\"https:\/\/digitaldeepsea.com\/es\/#organization\",\"name\":\"Digital Deep Sea\",\"url\":\"https:\/\/digitaldeepsea.com\/es\/\",\"logo\":{\"@type\":\"ImageObject\",\"inLanguage\":\"es\",\"@id\":\"https:\/\/digitaldeepsea.com\/es\/#\/schema\/logo\/image\/\",\"url\":\"https:\/\/digitaldeepsea.com\/es\/wp-content\/uploads\/sites\/3\/2024\/03\/logo_dy_outline_white.png\",\"contentUrl\":\"https:\/\/digitaldeepsea.com\/es\/wp-content\/uploads\/sites\/3\/2024\/03\/logo_dy_outline_white.png\",\"width\":200,\"height\":114,\"caption\":\"Digital Deep Sea\"},\"image\":{\"@id\":\"https:\/\/digitaldeepsea.com\/es\/#\/schema\/logo\/image\/\"}}]}<\/script>\n<!-- \/ Yoast SEO plugin. -->","yoast_head_json":{"title":"S1000 - Baliza SART - Digital Deep Sea","description":"Baliza SART que cumple con la norma IMO prevista con las \u00faltimas tecnolog\u00edas y que garantiza un rendimiento excepcional a un coste menor","robots":{"index":"index","follow":"follow","max-snippet":"max-snippet:-1","max-image-preview":"max-image-preview:large","max-video-preview":"max-video-preview:-1"},"canonical":"https:\/\/digitaldeepsea.com\/es\/producto\/s1000\/","og_locale":"es_ES","og_type":"article","og_title":"S1000 - Baliza SART - Digital Deep Sea","og_description":"Baliza SART que cumple con la norma IMO prevista con las \u00faltimas tecnolog\u00edas y que garantiza un rendimiento excepcional a un coste menor","og_url":"https:\/\/digitaldeepsea.com\/es\/producto\/s1000\/","og_site_name":"Digital Deep Sea Espa\u00f1ol","article_modified_time":"2025-01-17T07:52:34+00:00","og_image":[{"width":1000,"height":1000,"url":"https:\/\/digitaldeepsea.com\/es\/wp-content\/uploads\/sites\/3\/2024\/03\/sart_product.jpg","type":"image\/jpeg"}],"twitter_card":"summary_large_image","twitter_misc":{"Tiempo de lectura":"2 minutos"},"schema":{"@context":"https:\/\/schema.org","@graph":[{"@type":"WebPage","@id":"https:\/\/digitaldeepsea.com\/es\/producto\/s1000\/","url":"https:\/\/digitaldeepsea.com\/es\/producto\/s1000\/","name":"S1000 - Baliza SART - Digital Deep Sea","isPartOf":{"@id":"https:\/\/digitaldeepsea.com\/es\/#website"},"primaryImageOfPage":{"@id":"https:\/\/digitaldeepsea.com\/es\/producto\/s1000\/#primaryimage"},"image":{"@id":"https:\/\/digitaldeepsea.com\/es\/producto\/s1000\/#primaryimage"},"thumbnailUrl":"https:\/\/digitaldeepsea.com\/es\/wp-content\/uploads\/sites\/3\/2024\/03\/sart_product.jpg","datePublished":"2024-03-14T12:22:10+00:00","dateModified":"2025-01-17T07:52:34+00:00","description":"Baliza SART que cumple con la norma IMO prevista con las \u00faltimas tecnolog\u00edas y que garantiza un rendimiento excepcional a un coste menor","breadcrumb":{"@id":"https:\/\/digitaldeepsea.com\/es\/producto\/s1000\/#breadcrumb"},"inLanguage":"es","potentialAction":[{"@type":"ReadAction","target":["https:\/\/digitaldeepsea.com\/es\/producto\/s1000\/"]}]},{"@type":"ImageObject","inLanguage":"es","@id":"https:\/\/digitaldeepsea.com\/es\/producto\/s1000\/#primaryimage","url":"https:\/\/digitaldeepsea.com\/es\/wp-content\/uploads\/sites\/3\/2024\/03\/sart_product.jpg","contentUrl":"https:\/\/digitaldeepsea.com\/es\/wp-content\/uploads\/sites\/3\/2024\/03\/sart_product.jpg","width":1000,"height":1000},{"@type":"BreadcrumbList","@id":"https:\/\/digitaldeepsea.com\/es\/producto\/s1000\/#breadcrumb","itemListElement":[{"@type":"ListItem","position":1,"name":"Home","item":"https:\/\/digitaldeepsea.com\/es\/"},{"@type":"ListItem","position":2,"name":"PRODUCTOS","item":"https:\/\/digitaldeepsea.com\/es\/productos\/"},{"@type":"ListItem","position":3,"name":"S1000"}]},{"@type":"WebSite","@id":"https:\/\/digitaldeepsea.com\/es\/#website","url":"https:\/\/digitaldeepsea.com\/es\/","name":"Digital Deep Sea","description":"","publisher":{"@id":"https:\/\/digitaldeepsea.com\/es\/#organization"},"potentialAction":[{"@type":"SearchAction","target":{"@type":"EntryPoint","urlTemplate":"https:\/\/digitaldeepsea.com\/es\/?s={search_term_string}"},"query-input":"required name=search_term_string"}],"inLanguage":"es"},{"@type":"Organization","@id":"https:\/\/digitaldeepsea.com\/es\/#organization","name":"Digital Deep Sea","url":"https:\/\/digitaldeepsea.com\/es\/","logo":{"@type":"ImageObject","inLanguage":"es","@id":"https:\/\/digitaldeepsea.com\/es\/#\/schema\/logo\/image\/","url":"https:\/\/digitaldeepsea.com\/es\/wp-content\/uploads\/sites\/3\/2024\/03\/logo_dy_outline_white.png","contentUrl":"https:\/\/digitaldeepsea.com\/es\/wp-content\/uploads\/sites\/3\/2024\/03\/logo_dy_outline_white.png","width":200,"height":114,"caption":"Digital Deep Sea"},"image":{"@id":"https:\/\/digitaldeepsea.com\/es\/#\/schema\/logo\/image\/"}}]}},"_links":{"self":[{"href":"https:\/\/digitaldeepsea.com\/es\/wp-json\/wp\/v2\/product\/14"}],"collection":[{"href":"https:\/\/digitaldeepsea.com\/es\/wp-json\/wp\/v2\/product"}],"about":[{"href":"https:\/\/digitaldeepsea.com\/es\/wp-json\/wp\/v2\/types\/product"}],"wp:featuredmedia":[{"embeddable":true,"href":"https:\/\/digitaldeepsea.com\/es\/wp-json\/wp\/v2\/media\/56"}],"wp:attachment":[{"href":"https:\/\/digitaldeepsea.com\/es\/wp-json\/wp\/v2\/media?parent=14"}],"wp:term":[{"taxonomy":"product_cat","embeddable":true,"href":"https:\/\/digitaldeepsea.com\/es\/wp-json\/wp\/v2\/product_cat?post=14"},{"taxonomy":"product_tag","embeddable":true,"href":"https:\/\/digitaldeepsea.com\/es\/wp-json\/wp\/v2\/product_tag?post=14"}],"curies":[{"name":"wp","href":"https:\/\/api.w.org\/{rel}","templated":true}]}}