{"id":101,"date":"2024-03-14T12:22:40","date_gmt":"2024-03-14T12:22:40","guid":{"rendered":"https:\/\/digitaldeepsea.com\/es\/?post_type=product&#038;p=101"},"modified":"2025-01-17T07:52:33","modified_gmt":"2025-01-17T07:52:33","slug":"iseasense-pack-de-instrumentacion-para-velero","status":"publish","type":"product","link":"https:\/\/digitaldeepsea.com\/es\/producto\/iseasense-pack-de-instrumentacion-para-velero\/","title":{"rendered":"iSeaSense \u2013 Pack de instrumentaci\u00f3n para velero"},"content":{"rendered":"<h4><strong>CONTENIDO<\/strong><\/h4>\n<p>Este pack de instrumentos para velero comprendre instrumentos de profundidad, velocidad, temperatura y viento. Incluye:<\/p>\n<ul>\n<li>DST810 &#8211; Multisensor de profundidad, velocidad y temperatura con interfaz NMEA 2000<\/li>\n<li>WND100 &#8211; Sensor de viento con iKonvert<\/li>\n<li>iSeaSense &#8211; Conversor NMEA 2000 a WiFi con visualizaci\u00f3n de instrumentos<\/li>\n<li>1 x Kit de cableado NMEA 2000<\/li>\n<\/ul>\n<p>&nbsp;<\/p>\n<h4><strong>DESCRIPCION<\/strong><\/h4>\n<p>iSeaSense es un nuevo pack de instrumentos para velero con conexi\u00f3n NMEA 2000 y WiFi, ofreciendo una m\u00e1xima flexibilidad y opciones de conectividad. Puede elegir entre utilizar un smartphone, iPad, tablet o PC para visualizar los datos de la navegaci\u00f3n, adem\u00e1s de los displays y plotters multifunci\u00f3n de terceros.<\/p>\n<p>&nbsp;<\/p>\n<p>Estos packs utilizan sensores de alta calidad y precisi\u00f3n para los datos de profundidad, velocidad, rumbo y GPS del barco. Los datos tambi\u00e9n se pueden compartir con otros dispositivos de la red NMEA 2000.<\/p>\n<p>&nbsp;<\/p>\n<p>iSeaSense es f\u00e1cil de instalar. Disponible en dos versiones principales, todo est\u00e1 incluido para una f\u00e1cil adquisici\u00f3n e instalaci\u00f3n. Tampoco se necesita ninguna aplicaci\u00f3n adicional, ya que el servidor WiFi iSeaSense crea sus propias p\u00e1ginas de visualizaci\u00f3n digital y anal\u00f3gica que se pueden ver a trav\u00e9s de un navegador en cualquier dispositivo.<\/p>\n<p>&nbsp;<\/p>\n<p>El pack de instrumentaci\u00f3n para velero iSeaSense incluye el sensor de viento WND100 con un cable de 20m y una interfaz en \u201cT\u201d directamente a la red NMEA 2000.<\/p>\n<p>&nbsp;<\/p>\n<p>iSeaSense cuenta tambi\u00e9n con un sensor transductor de profundidad, velocidad y temperatura. Este ultimo integra un sensor para detectar el cabeceo y la escora, y un sofisticado algoritmo para calibrar la informaci\u00f3n de velocidad de la embarcaci\u00f3n en funci\u00f3n de la escora.<\/p>\n<p>&nbsp;<\/p>\n<p>Se incluye un pack completo de cableado NMEA 2000 y la interfaz WiFi. El pack incluye adem\u00e1s un cable y un conector NMEA de repuesto para dispositivos NMEA 2000 adicionales.<\/p>\n<p>&nbsp;<\/p>\n<p>Gracias a la conectividad NMEA 2000, ampliar el sistema es muy sencillo. Puede a\u00f1adir <a href=\"https:\/\/digitalyacht.es\/categoria-producto\/navegacion\/\" target=\"_blank\" rel=\"noopener noreferrer\">otros instrumentos Digital Yacht<\/a>, por ejemplo un GPS, AIS, comp\u00e1s electr\u00f3nico, etc. Tambi\u00e9n puede enviar los datos de los instrumentos a su plotter o MfD NMEA 2000 de las dem\u00e1s marcas de electr\u00f3nica.<\/p>\n<p>&nbsp;<\/p>\n<p>iSeaSense cuenta con una interfaz web f\u00e1cil de usar. No requiere aplicaciones ni un software adicional. Basta con abrir el navegador en un dispositivo conectado y entrar en http:\/\/iSeaSense.local.<\/p>\n<p>&nbsp;<\/p>\n<p>Puede calibrar el sensor de viento a trav\u00e9s de la interfaz web de iSeaSense y tambi\u00e9n muestra la velocidad y el \u00e1ngulo del viento verdadero y aparente, adem\u00e1s de los c\u00e1lculos de VMG.<\/p>\n<p>&nbsp;<\/p>\n<p>Funciona en iOS, Android, PC y MAC (cualquier navegador web est\u00e1ndar), as\u00ed como pantallas de tinta electr\u00f3nica como Kindle y e-book. Los datos tambi\u00e9n puede visualizarse en todas las apps n\u00e1uticas y software de navegaci\u00f3n mas populares, como Navionics, TZ iBoat, OpenCPN, SailGrib, etc.<\/p>\n<p>&nbsp;<\/p>\n<h4><strong>FUNCIONAMIENTO<\/strong><\/h4>\n<p>Puede acceder al panel de mandos de iSeaSense a trav\u00e9s de su propia interfaz web, simplemente abra su navegador web, introduzca la direcci\u00f3n IP de iSeaSense o iSeaSense.local y acceder\u00e1 al atractivo panel de instrumentos para visualizar todos los datos de los sensores. Nno se requiere ning\u00fan software de programaci\u00f3n o aplicaci\u00f3n adicional.<\/p>\n<p>&nbsp;<\/p>\n<p>Por defecto, iSeaSense tiene p\u00e1ginas predefinidas con displays digitales y anal\u00f3gicos de los datos de instrumentos y de navegaci\u00f3n disponibles en la red NMEA 2000.<\/p>\n<p>&nbsp;<\/p>\n<p>Con iSeaSense puede controlar los datos que visualiza. Cualquier cuadro de datos puede configurarse con la informaci\u00f3n que desee ver, y puede a\u00f1adir y eliminar f\u00e1cilmente cuadros para construir su visualizaci\u00f3n perfecta. La configuraci\u00f3n tambi\u00e9n se puede guardar y compartir. Es un producto ideal para astilleros o instalaciones est\u00e1ndar.<\/p>\n<p>&nbsp;<\/p>\n<p>&nbsp;<\/p>\n<h4><strong>ESPECIFICACIONES<\/strong><\/h4>\n<h5>Especificaciones del pack iSeaSense<\/h5>\n<ul>\n<li>Este pack de instrumentos para velero incluye servidor WiFi iSeaSense, cableado NMEA 2000 y un transductor avanzado de profundidad, velocidad y temperatura con sensor de escora y cabeceo.<\/li>\n<li>El pack tambi\u00e9n incluye el sensor de viento anem\u00f3metro WND100, integrando datos de viento en la red.<\/li>\n<li>Sensor de viento f\u00e1cil de instalar con cable de 20m e interfaz NMEA 2000.<\/li>\n<li>El servidor iSeaSense crea p\u00e1ginas de visualizaci\u00f3n de datos con r\u00e1pidas actualizaciones a 5 Hz, disponibles en cualquier smartphone, tablet o iPad.<\/li>\n<li>Calibraci\u00f3n avanzada del transductor con correcciones para la escora del barco.<\/li>\n<li>Calibraci\u00f3n del sensor de viento a trav\u00e9s de la interfaz iSeaSense.<\/li>\n<li>Incluye un conector T NMEA 2000 adicional para la ampliaci\u00f3n del sistema.<\/li>\n<\/ul>\n<p>&nbsp;<\/p>\n<h5><strong>Interfaz &#8211; Especificaciones<\/strong><\/h5>\n<ul>\n<li>Interfaz NMEA 2000 y WiFi para el sistema iSeaSense. Servidor con p\u00e1ginas de visualizaci\u00f3n de instrumentos integrado.<\/li>\n<li>P\u00e1ginas de visualizaci\u00f3n configurables con la profundidad, velocidad, temperatura, hora, GPS, navegaci\u00f3n y rumbo.<\/li>\n<li>Capacidad de diagn\u00f3stico, configuraci\u00f3n y calibraci\u00f3n.<\/li>\n<li>Registro de datos.<\/li>\n<li>Autoalimentado desde la red NMEA 2000.<\/li>\n<li>La antena WiFi integrada suele cubrir hasta 20 metros en la embarcaci\u00f3n.<\/li>\n<li>Admite conexiones TCP\/IP y UDP (hasta 7 dispositivos conectados) para apps de navegaci\u00f3n de terceros (transmite informaci\u00f3n GPS, AIS, profundidad, viento y velocidad desde el bus NMEA 2000).<\/li>\n<\/ul>\n<p>&nbsp;<\/p>\n<h5><strong>Transductor &#8211; Especificaciones<\/strong><\/h5>\n<ul>\n<li><a href=\"https:\/\/digitaldeepsea.com\/es\/producto\/multisensor\/\" target=\"_blank\" rel=\"noopener noreferrer\">Transductor pasacasco<\/a> de profundidad, velocidad, temperatura del agua y escora\/cabeceo del barco con actualizaciones r\u00e1pidas y precisas de 5 Hz de 0,3 a 45 nudos.<\/li>\n<li>Velocidad de actualizaci\u00f3n de datos: Profundidad: 1X\/segundo, Velocidad: 5X\/segundo, Escora\/cabeceo: 10X\/segundoFuncionamiento a 235KHz para minimizar las interferencias con sondas y fish finders de 50\/200KHz.<\/li>\n<li>Profundidad m\u00e1xima de 100 m.<\/li>\n<li>Admite hasta 22 grados de \u00e1ngulo muerto del casco.<\/li>\n<li>Se suministra con cable NMEA 2000 de 6 m y se autoalimenta desde la red NMEA 2000 de iSeaSense.<\/li>\n<li>Transductor pasacasco de di\u00e1metro est\u00e1ndar de 2\u2019\u2019.<\/li>\n<li>Interfaz Bluetooth para calibraci\u00f3n y configuraci\u00f3n.<\/li>\n<li>Accesorios opcionales de acero inoxidable y bronce.<\/li>\n<\/ul>\n<p>&nbsp;<\/p>\n<h5><strong>Sensor de viento &#8211; Especificaciones<\/strong><\/h5>\n<ul>\n<li>Incluye sensor de viento, interfaz NMEA 2000 y conector T NMEA 2000 adicional para ampliar el sistema.<\/li>\n<li>Alimentaci\u00f3n de 8-18 V con un bajo consumo de 25 mA.<\/li>\n<li>Se suministra con 20 m de cable de m\u00e1stil ultrafino de 4 mm para facilitar el paso del cable por el m\u00e1stil.<\/li>\n<li>Interfaz iKonvert NMEA 2000.<\/li>\n<li>Precisi\u00f3n del \u00e1ngulo del viento inferior a 4 grados.<\/li>\n<li>Precisi\u00f3n de la velocidad del viento inferior al 3%.<\/li>\n<li>Velocidad m\u00ednima del viento 1,7 nudos \u2013 m\u00e1xima 80 nudos.<\/li>\n<li>Tiempo de estabilizaci\u00f3n t\u00edpico de 1,3 segundos.<\/li>\n<\/ul>\n","protected":false},"excerpt":{"rendered":"<p>\u201ciSeaSense es una nueva gama de packs de instrumentaci\u00f3n para barco con conexi\u00f3n NMEA 2000 y WiFi. Este pack incluye un transductor de velocidad, profundidad y temperatura y un sensor de viento.\u201d<\/p>\n","protected":false},"featured_media":168,"template":"","meta":[],"product_cat":[33,44,66],"product_tag":[106,47,72,73],"yoast_head":"<!-- This site is optimized with the Yoast SEO plugin v22.7 - https:\/\/yoast.com\/wordpress\/plugins\/seo\/ -->\n<title>iSeaSense - Pack de instrumentos para velero - Digital Deep Sea<\/title>\n<meta name=\"description\" content=\"iSeaSense es un nuevo pack de instrumentos para velero con sensores de velocidad, profundidad y temperatura, viento y conexi\u00f3n NMEA 2000 y WiFi\" \/>\n<meta name=\"robots\" content=\"index, follow, max-snippet:-1, max-image-preview:large, max-video-preview:-1\" \/>\n<link rel=\"canonical\" href=\"https:\/\/digitaldeepsea.com\/es\/producto\/iseasense-pack-de-instrumentacion-para-velero\/\" \/>\n<meta property=\"og:locale\" content=\"es_ES\" \/>\n<meta property=\"og:type\" content=\"article\" \/>\n<meta property=\"og:title\" content=\"iSeaSense - Pack de instrumentos para velero - Digital Deep Sea\" \/>\n<meta property=\"og:description\" content=\"iSeaSense es un nuevo pack de instrumentos para velero con sensores de velocidad, profundidad y temperatura, viento y conexi\u00f3n NMEA 2000 y WiFi\" \/>\n<meta property=\"og:url\" content=\"https:\/\/digitaldeepsea.com\/es\/producto\/iseasense-pack-de-instrumentacion-para-velero\/\" \/>\n<meta property=\"og:site_name\" content=\"Digital Deep Sea Espa\u00f1ol\" \/>\n<meta property=\"article:modified_time\" content=\"2025-01-17T07:52:33+00:00\" \/>\n<meta property=\"og:image\" content=\"https:\/\/digitaldeepsea.com\/es\/wp-content\/uploads\/sites\/3\/2024\/03\/ISeaSense-pack2-web-1024x1024-1.jpg\" \/>\n\t<meta property=\"og:image:width\" content=\"1024\" \/>\n\t<meta property=\"og:image:height\" content=\"1024\" \/>\n\t<meta property=\"og:image:type\" content=\"image\/jpeg\" \/>\n<meta name=\"twitter:card\" content=\"summary_large_image\" \/>\n<meta name=\"twitter:label1\" content=\"Tiempo de lectura\" \/>\n\t<meta name=\"twitter:data1\" content=\"5 minutos\" \/>\n<script type=\"application\/ld+json\" class=\"yoast-schema-graph\">{\"@context\":\"https:\/\/schema.org\",\"@graph\":[{\"@type\":\"WebPage\",\"@id\":\"https:\/\/digitaldeepsea.com\/es\/producto\/iseasense-pack-de-instrumentacion-para-velero\/\",\"url\":\"https:\/\/digitaldeepsea.com\/es\/producto\/iseasense-pack-de-instrumentacion-para-velero\/\",\"name\":\"iSeaSense - Pack de instrumentos para velero - Digital Deep Sea\",\"isPartOf\":{\"@id\":\"https:\/\/digitaldeepsea.com\/es\/#website\"},\"primaryImageOfPage\":{\"@id\":\"https:\/\/digitaldeepsea.com\/es\/producto\/iseasense-pack-de-instrumentacion-para-velero\/#primaryimage\"},\"image\":{\"@id\":\"https:\/\/digitaldeepsea.com\/es\/producto\/iseasense-pack-de-instrumentacion-para-velero\/#primaryimage\"},\"thumbnailUrl\":\"https:\/\/digitaldeepsea.com\/es\/wp-content\/uploads\/sites\/3\/2024\/03\/ISeaSense-pack2-web-1024x1024-1.jpg\",\"datePublished\":\"2024-03-14T12:22:40+00:00\",\"dateModified\":\"2025-01-17T07:52:33+00:00\",\"description\":\"iSeaSense es un nuevo pack de instrumentos para velero con sensores de velocidad, profundidad y temperatura, viento y conexi\u00f3n NMEA 2000 y WiFi\",\"breadcrumb\":{\"@id\":\"https:\/\/digitaldeepsea.com\/es\/producto\/iseasense-pack-de-instrumentacion-para-velero\/#breadcrumb\"},\"inLanguage\":\"es\",\"potentialAction\":[{\"@type\":\"ReadAction\",\"target\":[\"https:\/\/digitaldeepsea.com\/es\/producto\/iseasense-pack-de-instrumentacion-para-velero\/\"]}]},{\"@type\":\"ImageObject\",\"inLanguage\":\"es\",\"@id\":\"https:\/\/digitaldeepsea.com\/es\/producto\/iseasense-pack-de-instrumentacion-para-velero\/#primaryimage\",\"url\":\"https:\/\/digitaldeepsea.com\/es\/wp-content\/uploads\/sites\/3\/2024\/03\/ISeaSense-pack2-web-1024x1024-1.jpg\",\"contentUrl\":\"https:\/\/digitaldeepsea.com\/es\/wp-content\/uploads\/sites\/3\/2024\/03\/ISeaSense-pack2-web-1024x1024-1.jpg\",\"width\":1024,\"height\":1024},{\"@type\":\"BreadcrumbList\",\"@id\":\"https:\/\/digitaldeepsea.com\/es\/producto\/iseasense-pack-de-instrumentacion-para-velero\/#breadcrumb\",\"itemListElement\":[{\"@type\":\"ListItem\",\"position\":1,\"name\":\"Home\",\"item\":\"https:\/\/digitaldeepsea.com\/es\/\"},{\"@type\":\"ListItem\",\"position\":2,\"name\":\"PRODUCTOS\",\"item\":\"https:\/\/digitaldeepsea.com\/es\/productos\/\"},{\"@type\":\"ListItem\",\"position\":3,\"name\":\"iSeaSense \u2013 Pack de instrumentaci\u00f3n para velero\"}]},{\"@type\":\"WebSite\",\"@id\":\"https:\/\/digitaldeepsea.com\/es\/#website\",\"url\":\"https:\/\/digitaldeepsea.com\/es\/\",\"name\":\"Digital Deep Sea\",\"description\":\"\",\"publisher\":{\"@id\":\"https:\/\/digitaldeepsea.com\/es\/#organization\"},\"potentialAction\":[{\"@type\":\"SearchAction\",\"target\":{\"@type\":\"EntryPoint\",\"urlTemplate\":\"https:\/\/digitaldeepsea.com\/es\/?s={search_term_string}\"},\"query-input\":\"required name=search_term_string\"}],\"inLanguage\":\"es\"},{\"@type\":\"Organization\",\"@id\":\"https:\/\/digitaldeepsea.com\/es\/#organization\",\"name\":\"Digital Deep Sea\",\"url\":\"https:\/\/digitaldeepsea.com\/es\/\",\"logo\":{\"@type\":\"ImageObject\",\"inLanguage\":\"es\",\"@id\":\"https:\/\/digitaldeepsea.com\/es\/#\/schema\/logo\/image\/\",\"url\":\"https:\/\/digitaldeepsea.com\/es\/wp-content\/uploads\/sites\/3\/2024\/03\/logo_dy_outline_white.png\",\"contentUrl\":\"https:\/\/digitaldeepsea.com\/es\/wp-content\/uploads\/sites\/3\/2024\/03\/logo_dy_outline_white.png\",\"width\":200,\"height\":114,\"caption\":\"Digital Deep Sea\"},\"image\":{\"@id\":\"https:\/\/digitaldeepsea.com\/es\/#\/schema\/logo\/image\/\"}}]}<\/script>\n<!-- \/ Yoast SEO plugin. -->","yoast_head_json":{"title":"iSeaSense - Pack de instrumentos para velero - Digital Deep Sea","description":"iSeaSense es un nuevo pack de instrumentos para velero con sensores de velocidad, profundidad y temperatura, viento y conexi\u00f3n NMEA 2000 y WiFi","robots":{"index":"index","follow":"follow","max-snippet":"max-snippet:-1","max-image-preview":"max-image-preview:large","max-video-preview":"max-video-preview:-1"},"canonical":"https:\/\/digitaldeepsea.com\/es\/producto\/iseasense-pack-de-instrumentacion-para-velero\/","og_locale":"es_ES","og_type":"article","og_title":"iSeaSense - Pack de instrumentos para velero - Digital Deep Sea","og_description":"iSeaSense es un nuevo pack de instrumentos para velero con sensores de velocidad, profundidad y temperatura, viento y conexi\u00f3n NMEA 2000 y WiFi","og_url":"https:\/\/digitaldeepsea.com\/es\/producto\/iseasense-pack-de-instrumentacion-para-velero\/","og_site_name":"Digital Deep Sea Espa\u00f1ol","article_modified_time":"2025-01-17T07:52:33+00:00","og_image":[{"width":1024,"height":1024,"url":"https:\/\/digitaldeepsea.com\/es\/wp-content\/uploads\/sites\/3\/2024\/03\/ISeaSense-pack2-web-1024x1024-1.jpg","type":"image\/jpeg"}],"twitter_card":"summary_large_image","twitter_misc":{"Tiempo de lectura":"5 minutos"},"schema":{"@context":"https:\/\/schema.org","@graph":[{"@type":"WebPage","@id":"https:\/\/digitaldeepsea.com\/es\/producto\/iseasense-pack-de-instrumentacion-para-velero\/","url":"https:\/\/digitaldeepsea.com\/es\/producto\/iseasense-pack-de-instrumentacion-para-velero\/","name":"iSeaSense - Pack de instrumentos para velero - Digital Deep Sea","isPartOf":{"@id":"https:\/\/digitaldeepsea.com\/es\/#website"},"primaryImageOfPage":{"@id":"https:\/\/digitaldeepsea.com\/es\/producto\/iseasense-pack-de-instrumentacion-para-velero\/#primaryimage"},"image":{"@id":"https:\/\/digitaldeepsea.com\/es\/producto\/iseasense-pack-de-instrumentacion-para-velero\/#primaryimage"},"thumbnailUrl":"https:\/\/digitaldeepsea.com\/es\/wp-content\/uploads\/sites\/3\/2024\/03\/ISeaSense-pack2-web-1024x1024-1.jpg","datePublished":"2024-03-14T12:22:40+00:00","dateModified":"2025-01-17T07:52:33+00:00","description":"iSeaSense es un nuevo pack de instrumentos para velero con sensores de velocidad, profundidad y temperatura, viento y conexi\u00f3n NMEA 2000 y WiFi","breadcrumb":{"@id":"https:\/\/digitaldeepsea.com\/es\/producto\/iseasense-pack-de-instrumentacion-para-velero\/#breadcrumb"},"inLanguage":"es","potentialAction":[{"@type":"ReadAction","target":["https:\/\/digitaldeepsea.com\/es\/producto\/iseasense-pack-de-instrumentacion-para-velero\/"]}]},{"@type":"ImageObject","inLanguage":"es","@id":"https:\/\/digitaldeepsea.com\/es\/producto\/iseasense-pack-de-instrumentacion-para-velero\/#primaryimage","url":"https:\/\/digitaldeepsea.com\/es\/wp-content\/uploads\/sites\/3\/2024\/03\/ISeaSense-pack2-web-1024x1024-1.jpg","contentUrl":"https:\/\/digitaldeepsea.com\/es\/wp-content\/uploads\/sites\/3\/2024\/03\/ISeaSense-pack2-web-1024x1024-1.jpg","width":1024,"height":1024},{"@type":"BreadcrumbList","@id":"https:\/\/digitaldeepsea.com\/es\/producto\/iseasense-pack-de-instrumentacion-para-velero\/#breadcrumb","itemListElement":[{"@type":"ListItem","position":1,"name":"Home","item":"https:\/\/digitaldeepsea.com\/es\/"},{"@type":"ListItem","position":2,"name":"PRODUCTOS","item":"https:\/\/digitaldeepsea.com\/es\/productos\/"},{"@type":"ListItem","position":3,"name":"iSeaSense \u2013 Pack de instrumentaci\u00f3n para velero"}]},{"@type":"WebSite","@id":"https:\/\/digitaldeepsea.com\/es\/#website","url":"https:\/\/digitaldeepsea.com\/es\/","name":"Digital Deep Sea","description":"","publisher":{"@id":"https:\/\/digitaldeepsea.com\/es\/#organization"},"potentialAction":[{"@type":"SearchAction","target":{"@type":"EntryPoint","urlTemplate":"https:\/\/digitaldeepsea.com\/es\/?s={search_term_string}"},"query-input":"required name=search_term_string"}],"inLanguage":"es"},{"@type":"Organization","@id":"https:\/\/digitaldeepsea.com\/es\/#organization","name":"Digital Deep Sea","url":"https:\/\/digitaldeepsea.com\/es\/","logo":{"@type":"ImageObject","inLanguage":"es","@id":"https:\/\/digitaldeepsea.com\/es\/#\/schema\/logo\/image\/","url":"https:\/\/digitaldeepsea.com\/es\/wp-content\/uploads\/sites\/3\/2024\/03\/logo_dy_outline_white.png","contentUrl":"https:\/\/digitaldeepsea.com\/es\/wp-content\/uploads\/sites\/3\/2024\/03\/logo_dy_outline_white.png","width":200,"height":114,"caption":"Digital Deep Sea"},"image":{"@id":"https:\/\/digitaldeepsea.com\/es\/#\/schema\/logo\/image\/"}}]}},"_links":{"self":[{"href":"https:\/\/digitaldeepsea.com\/es\/wp-json\/wp\/v2\/product\/101"}],"collection":[{"href":"https:\/\/digitaldeepsea.com\/es\/wp-json\/wp\/v2\/product"}],"about":[{"href":"https:\/\/digitaldeepsea.com\/es\/wp-json\/wp\/v2\/types\/product"}],"wp:featuredmedia":[{"embeddable":true,"href":"https:\/\/digitaldeepsea.com\/es\/wp-json\/wp\/v2\/media\/168"}],"wp:attachment":[{"href":"https:\/\/digitaldeepsea.com\/es\/wp-json\/wp\/v2\/media?parent=101"}],"wp:term":[{"taxonomy":"product_cat","embeddable":true,"href":"https:\/\/digitaldeepsea.com\/es\/wp-json\/wp\/v2\/product_cat?post=101"},{"taxonomy":"product_tag","embeddable":true,"href":"https:\/\/digitaldeepsea.com\/es\/wp-json\/wp\/v2\/product_tag?post=101"}],"curies":[{"name":"wp","href":"https:\/\/api.w.org\/{rel}","templated":true}]}}