{"id":100,"date":"2024-03-14T12:22:40","date_gmt":"2024-03-14T12:22:40","guid":{"rendered":"https:\/\/digitaldeepsea.com\/es\/?post_type=product&#038;p=100"},"modified":"2025-01-17T07:52:34","modified_gmt":"2025-01-17T07:52:34","slug":"aib1000","status":"publish","type":"product","link":"https:\/\/digitaldeepsea.com\/es\/producto\/aib1000\/","title":{"rendered":"AIB1000"},"content":{"rendered":"<h4><strong>CARACTERISTICAS<\/strong><\/h4>\n<p>El AIB1000 es una baliza\/transpondedor AIS para seguimiento de barcos de Clase B, robusto y totalmente aut\u00f3nomo, ideal para tracking de peque\u00f1as embarcaciones. Tambi\u00e9n se puede utilizar para el marcado de los objetos marinos, tales como barcas, estructuras mar\u00edtimas, boyas, etc o para aplicaciones de seguimiento, marcaje o seguridad sin el costo y la complejidad de un AtoN. Utiliza la tecnolog\u00eda certificada CSTDMA 2W Clase B y tiene una antena integrada para las transmisiones, por lo que es completamente aut\u00f3nomo. Como cualquier\u00a0AIS de Clase B, el sistema transmitir\u00e1 cada 30 segundos cuando est\u00e9 en movimiento. Los datos est\u00e1ticos se env\u00edan cada 3 minutos.<\/p>\n<p>&nbsp;<\/p>\n<p>El AIB1000 se autoalimenta utilizando su propia bater\u00eda interna de recarga r\u00e1pida (para 120 horas de funcionamiento continuo) o puede conectarse directamente a otra fuente de alimentaci\u00f3n de a bordo, como una bater\u00eda o panel solar, utilizando el cable de alimentaci\u00f3n CC opcional.<\/p>\n<p>&nbsp;<\/p>\n<p>El AIB1000 es un equipo robusto dise\u00f1ado para el entorno marino. Es totalmente impermeable (certificado IPx8) para funcionar de forma fiable sin mantenimiento incluso en los entornos m\u00e1s duros: calor\/fr\u00edo extremos, humedad, golpes y vibraciones.<\/p>\n<p>&nbsp;<\/p>\n<p>Cada AIB1000 se suministra como un kit completo que incluye el transpondedor, el soporte de montaje y la base de carga r\u00e1pida (110\/220v AC). El AIB1000 requiere una programaci\u00f3n previa en f\u00e1brica con los datos del barco, como el n\u00famero MMSI, etc. El precio incluye la programaci\u00f3n.<\/p>\n<p>&nbsp;<\/p>\n<p>&nbsp;<\/p>\n<h4><strong>ESPECIFICACIONES<\/strong><\/h4>\n<ul>\n<li>Transpondedor AIS aut\u00f3nomo de Clase B<\/li>\n<li>Transpondedor AIS de seguimiento de barcos<\/li>\n<li>5 d\u00edas de uso continuo de su bater\u00eda interna o conectar directamente a otra fuente de alimentaci\u00f3n a bordo como el motor, la bater\u00eda o solar para una instalaci\u00f3n permanente utilizando el kit de cable de CC opcional (#ZDIGAIBPC)<\/li>\n<li>S\u00f3lo 5 horas para una recarga completa<\/li>\n<li>La antena integrada y el dise\u00f1o IPX8 garantizan un rendimiento fiable<\/li>\n<\/ul>\n","protected":false},"excerpt":{"rendered":"<p>\u201cAIB1000 es una transpondedor AIS Clase B para tracking de embarcaciones impermeable y totalmente aut\u00f3nomo, ideal para el seguimiento y control de peque\u00f1as embarcaciones\u201d.<\/p>\n","protected":false},"featured_media":167,"template":"","meta":[],"product_cat":[17,21],"product_tag":[102,103,104,105],"yoast_head":"<!-- This site is optimized with the Yoast SEO plugin v22.7 - https:\/\/yoast.com\/wordpress\/plugins\/seo\/ -->\n<title>AIB1000 - Transpondedor AIS aut\u00f3nomo - Digital Deep Sea<\/title>\n<meta name=\"description\" content=\"AIB1000 es una transpondedor AIS Clase B impermeable y totalmente aut\u00f3nomo, ideal para el seguimiento y tracking de peque\u00f1as embarcaciones.\" \/>\n<meta name=\"robots\" content=\"index, follow, max-snippet:-1, max-image-preview:large, max-video-preview:-1\" \/>\n<link rel=\"canonical\" href=\"https:\/\/digitaldeepsea.com\/es\/producto\/aib1000\/\" \/>\n<meta property=\"og:locale\" content=\"es_ES\" \/>\n<meta property=\"og:type\" content=\"article\" \/>\n<meta property=\"og:title\" content=\"AIB1000 - Transpondedor AIS aut\u00f3nomo - Digital Deep Sea\" \/>\n<meta property=\"og:description\" content=\"AIB1000 es una transpondedor AIS Clase B impermeable y totalmente aut\u00f3nomo, ideal para el seguimiento y tracking de peque\u00f1as embarcaciones.\" \/>\n<meta property=\"og:url\" content=\"https:\/\/digitaldeepsea.com\/es\/producto\/aib1000\/\" \/>\n<meta property=\"og:site_name\" content=\"Digital Deep Sea Espa\u00f1ol\" \/>\n<meta property=\"article:modified_time\" content=\"2025-01-17T07:52:34+00:00\" \/>\n<meta property=\"og:image\" content=\"https:\/\/digitaldeepsea.com\/es\/wp-content\/uploads\/sites\/3\/2024\/03\/AIB1000.jpg\" \/>\n\t<meta property=\"og:image:width\" content=\"1600\" \/>\n\t<meta property=\"og:image:height\" content=\"1600\" \/>\n\t<meta property=\"og:image:type\" content=\"image\/jpeg\" \/>\n<meta name=\"twitter:card\" content=\"summary_large_image\" \/>\n<meta name=\"twitter:label1\" content=\"Tiempo de lectura\" \/>\n\t<meta name=\"twitter:data1\" content=\"2 minutos\" \/>\n<script type=\"application\/ld+json\" class=\"yoast-schema-graph\">{\"@context\":\"https:\/\/schema.org\",\"@graph\":[{\"@type\":\"WebPage\",\"@id\":\"https:\/\/digitaldeepsea.com\/es\/producto\/aib1000\/\",\"url\":\"https:\/\/digitaldeepsea.com\/es\/producto\/aib1000\/\",\"name\":\"AIB1000 - Transpondedor AIS aut\u00f3nomo - Digital Deep Sea\",\"isPartOf\":{\"@id\":\"https:\/\/digitaldeepsea.com\/es\/#website\"},\"primaryImageOfPage\":{\"@id\":\"https:\/\/digitaldeepsea.com\/es\/producto\/aib1000\/#primaryimage\"},\"image\":{\"@id\":\"https:\/\/digitaldeepsea.com\/es\/producto\/aib1000\/#primaryimage\"},\"thumbnailUrl\":\"https:\/\/digitaldeepsea.com\/es\/wp-content\/uploads\/sites\/3\/2024\/03\/AIB1000.jpg\",\"datePublished\":\"2024-03-14T12:22:40+00:00\",\"dateModified\":\"2025-01-17T07:52:34+00:00\",\"description\":\"AIB1000 es una transpondedor AIS Clase B impermeable y totalmente aut\u00f3nomo, ideal para el seguimiento y tracking de peque\u00f1as embarcaciones.\",\"breadcrumb\":{\"@id\":\"https:\/\/digitaldeepsea.com\/es\/producto\/aib1000\/#breadcrumb\"},\"inLanguage\":\"es\",\"potentialAction\":[{\"@type\":\"ReadAction\",\"target\":[\"https:\/\/digitaldeepsea.com\/es\/producto\/aib1000\/\"]}]},{\"@type\":\"ImageObject\",\"inLanguage\":\"es\",\"@id\":\"https:\/\/digitaldeepsea.com\/es\/producto\/aib1000\/#primaryimage\",\"url\":\"https:\/\/digitaldeepsea.com\/es\/wp-content\/uploads\/sites\/3\/2024\/03\/AIB1000.jpg\",\"contentUrl\":\"https:\/\/digitaldeepsea.com\/es\/wp-content\/uploads\/sites\/3\/2024\/03\/AIB1000.jpg\",\"width\":1600,\"height\":1600},{\"@type\":\"BreadcrumbList\",\"@id\":\"https:\/\/digitaldeepsea.com\/es\/producto\/aib1000\/#breadcrumb\",\"itemListElement\":[{\"@type\":\"ListItem\",\"position\":1,\"name\":\"Home\",\"item\":\"https:\/\/digitaldeepsea.com\/es\/\"},{\"@type\":\"ListItem\",\"position\":2,\"name\":\"PRODUCTOS\",\"item\":\"https:\/\/digitaldeepsea.com\/es\/productos\/\"},{\"@type\":\"ListItem\",\"position\":3,\"name\":\"AIB1000\"}]},{\"@type\":\"WebSite\",\"@id\":\"https:\/\/digitaldeepsea.com\/es\/#website\",\"url\":\"https:\/\/digitaldeepsea.com\/es\/\",\"name\":\"Digital Deep Sea\",\"description\":\"\",\"publisher\":{\"@id\":\"https:\/\/digitaldeepsea.com\/es\/#organization\"},\"potentialAction\":[{\"@type\":\"SearchAction\",\"target\":{\"@type\":\"EntryPoint\",\"urlTemplate\":\"https:\/\/digitaldeepsea.com\/es\/?s={search_term_string}\"},\"query-input\":\"required name=search_term_string\"}],\"inLanguage\":\"es\"},{\"@type\":\"Organization\",\"@id\":\"https:\/\/digitaldeepsea.com\/es\/#organization\",\"name\":\"Digital Deep Sea\",\"url\":\"https:\/\/digitaldeepsea.com\/es\/\",\"logo\":{\"@type\":\"ImageObject\",\"inLanguage\":\"es\",\"@id\":\"https:\/\/digitaldeepsea.com\/es\/#\/schema\/logo\/image\/\",\"url\":\"https:\/\/digitaldeepsea.com\/es\/wp-content\/uploads\/sites\/3\/2024\/03\/logo_dy_outline_white.png\",\"contentUrl\":\"https:\/\/digitaldeepsea.com\/es\/wp-content\/uploads\/sites\/3\/2024\/03\/logo_dy_outline_white.png\",\"width\":200,\"height\":114,\"caption\":\"Digital Deep Sea\"},\"image\":{\"@id\":\"https:\/\/digitaldeepsea.com\/es\/#\/schema\/logo\/image\/\"}}]}<\/script>\n<!-- \/ Yoast SEO plugin. -->","yoast_head_json":{"title":"AIB1000 - Transpondedor AIS aut\u00f3nomo - Digital Deep Sea","description":"AIB1000 es una transpondedor AIS Clase B impermeable y totalmente aut\u00f3nomo, ideal para el seguimiento y tracking de peque\u00f1as embarcaciones.","robots":{"index":"index","follow":"follow","max-snippet":"max-snippet:-1","max-image-preview":"max-image-preview:large","max-video-preview":"max-video-preview:-1"},"canonical":"https:\/\/digitaldeepsea.com\/es\/producto\/aib1000\/","og_locale":"es_ES","og_type":"article","og_title":"AIB1000 - Transpondedor AIS aut\u00f3nomo - Digital Deep Sea","og_description":"AIB1000 es una transpondedor AIS Clase B impermeable y totalmente aut\u00f3nomo, ideal para el seguimiento y tracking de peque\u00f1as embarcaciones.","og_url":"https:\/\/digitaldeepsea.com\/es\/producto\/aib1000\/","og_site_name":"Digital Deep Sea Espa\u00f1ol","article_modified_time":"2025-01-17T07:52:34+00:00","og_image":[{"width":1600,"height":1600,"url":"https:\/\/digitaldeepsea.com\/es\/wp-content\/uploads\/sites\/3\/2024\/03\/AIB1000.jpg","type":"image\/jpeg"}],"twitter_card":"summary_large_image","twitter_misc":{"Tiempo de lectura":"2 minutos"},"schema":{"@context":"https:\/\/schema.org","@graph":[{"@type":"WebPage","@id":"https:\/\/digitaldeepsea.com\/es\/producto\/aib1000\/","url":"https:\/\/digitaldeepsea.com\/es\/producto\/aib1000\/","name":"AIB1000 - Transpondedor AIS aut\u00f3nomo - Digital Deep Sea","isPartOf":{"@id":"https:\/\/digitaldeepsea.com\/es\/#website"},"primaryImageOfPage":{"@id":"https:\/\/digitaldeepsea.com\/es\/producto\/aib1000\/#primaryimage"},"image":{"@id":"https:\/\/digitaldeepsea.com\/es\/producto\/aib1000\/#primaryimage"},"thumbnailUrl":"https:\/\/digitaldeepsea.com\/es\/wp-content\/uploads\/sites\/3\/2024\/03\/AIB1000.jpg","datePublished":"2024-03-14T12:22:40+00:00","dateModified":"2025-01-17T07:52:34+00:00","description":"AIB1000 es una transpondedor AIS Clase B impermeable y totalmente aut\u00f3nomo, ideal para el seguimiento y tracking de peque\u00f1as embarcaciones.","breadcrumb":{"@id":"https:\/\/digitaldeepsea.com\/es\/producto\/aib1000\/#breadcrumb"},"inLanguage":"es","potentialAction":[{"@type":"ReadAction","target":["https:\/\/digitaldeepsea.com\/es\/producto\/aib1000\/"]}]},{"@type":"ImageObject","inLanguage":"es","@id":"https:\/\/digitaldeepsea.com\/es\/producto\/aib1000\/#primaryimage","url":"https:\/\/digitaldeepsea.com\/es\/wp-content\/uploads\/sites\/3\/2024\/03\/AIB1000.jpg","contentUrl":"https:\/\/digitaldeepsea.com\/es\/wp-content\/uploads\/sites\/3\/2024\/03\/AIB1000.jpg","width":1600,"height":1600},{"@type":"BreadcrumbList","@id":"https:\/\/digitaldeepsea.com\/es\/producto\/aib1000\/#breadcrumb","itemListElement":[{"@type":"ListItem","position":1,"name":"Home","item":"https:\/\/digitaldeepsea.com\/es\/"},{"@type":"ListItem","position":2,"name":"PRODUCTOS","item":"https:\/\/digitaldeepsea.com\/es\/productos\/"},{"@type":"ListItem","position":3,"name":"AIB1000"}]},{"@type":"WebSite","@id":"https:\/\/digitaldeepsea.com\/es\/#website","url":"https:\/\/digitaldeepsea.com\/es\/","name":"Digital Deep Sea","description":"","publisher":{"@id":"https:\/\/digitaldeepsea.com\/es\/#organization"},"potentialAction":[{"@type":"SearchAction","target":{"@type":"EntryPoint","urlTemplate":"https:\/\/digitaldeepsea.com\/es\/?s={search_term_string}"},"query-input":"required name=search_term_string"}],"inLanguage":"es"},{"@type":"Organization","@id":"https:\/\/digitaldeepsea.com\/es\/#organization","name":"Digital Deep Sea","url":"https:\/\/digitaldeepsea.com\/es\/","logo":{"@type":"ImageObject","inLanguage":"es","@id":"https:\/\/digitaldeepsea.com\/es\/#\/schema\/logo\/image\/","url":"https:\/\/digitaldeepsea.com\/es\/wp-content\/uploads\/sites\/3\/2024\/03\/logo_dy_outline_white.png","contentUrl":"https:\/\/digitaldeepsea.com\/es\/wp-content\/uploads\/sites\/3\/2024\/03\/logo_dy_outline_white.png","width":200,"height":114,"caption":"Digital Deep Sea"},"image":{"@id":"https:\/\/digitaldeepsea.com\/es\/#\/schema\/logo\/image\/"}}]}},"_links":{"self":[{"href":"https:\/\/digitaldeepsea.com\/es\/wp-json\/wp\/v2\/product\/100"}],"collection":[{"href":"https:\/\/digitaldeepsea.com\/es\/wp-json\/wp\/v2\/product"}],"about":[{"href":"https:\/\/digitaldeepsea.com\/es\/wp-json\/wp\/v2\/types\/product"}],"wp:featuredmedia":[{"embeddable":true,"href":"https:\/\/digitaldeepsea.com\/es\/wp-json\/wp\/v2\/media\/167"}],"wp:attachment":[{"href":"https:\/\/digitaldeepsea.com\/es\/wp-json\/wp\/v2\/media?parent=100"}],"wp:term":[{"taxonomy":"product_cat","embeddable":true,"href":"https:\/\/digitaldeepsea.com\/es\/wp-json\/wp\/v2\/product_cat?post=100"},{"taxonomy":"product_tag","embeddable":true,"href":"https:\/\/digitaldeepsea.com\/es\/wp-json\/wp\/v2\/product_tag?post=100"}],"curies":[{"name":"wp","href":"https:\/\/api.w.org\/{rel}","templated":true}]}}