{"id":2,"date":"2024-03-14T11:37:51","date_gmt":"2024-03-14T11:37:51","guid":{"rendered":"https:\/\/digitaldeepsea.com\/es\/?page_id=2"},"modified":"2024-12-11T11:16:55","modified_gmt":"2024-12-11T11:16:55","slug":"inicio","status":"publish","type":"page","link":"https:\/\/digitaldeepsea.com\/es\/","title":{"rendered":"Inicio"},"content":{"rendered":"<div class=\"full-width-banner-home\">\n<div class=\"container-fluid\">\n<div class=\"row\">\n<div class=\"col home-slider\">\n        <div id=\"metaslider-id-235\" style=\"width: 100%;\" class=\"ml-slider-3-80-0 metaslider metaslider-flex metaslider-235 ml-slider ms-theme-default nav-hidden\" role=\"region\" aria-roledescription=\"Slideshow\" aria-label=\"Nueva presentaci\u00f3n de diapositivas\">\n    <div id=\"metaslider_container_235\">\n        <div id=\"metaslider_235\">\n            <ul class='slides'>\n                <li style=\"display: block; width: 100%;\" class=\"slide-239 ms-image \" aria-roledescription=\"slide\" aria-label=\"slide-239\"><a href=\"\/es\/producto\/cla2000\/\" target=\"_self\"><img loading=\"lazy\" decoding=\"async\" src=\"https:\/\/digitaldeepsea.com\/es\/wp-content\/uploads\/sites\/3\/2024\/03\/cla2000_es-1700x400.png\" height=\"400\" width=\"1700\" alt=\"\" class=\"slider-235 slide-239\" title=\"cla2000_es\" \/><\/a><\/li>\n                <li style=\"display: none; width: 100%;\" class=\"slide-238 ms-image \" aria-roledescription=\"slide\" aria-label=\"slide-238\"><a href=\"\/es\/producto\/4g-connect-pro\/\" target=\"_self\"><img loading=\"lazy\" decoding=\"async\" src=\"https:\/\/digitaldeepsea.com\/es\/wp-content\/uploads\/sites\/3\/2024\/03\/4g_connect_es-1700x400.png\" height=\"400\" width=\"1700\" alt=\"\" class=\"slider-235 slide-238\" title=\"4g_connect_es\" \/><\/a><\/li>\n            <\/ul>\n        <\/div>\n        \n    <\/div>\n<\/div>\n      <\/div>\n<\/p><\/div>\n<\/p><\/div>\n<\/div>\n<section id=\"navigation-main-block\">\n<div class=\"bootstrap-wrapper\">\n<div class=\"container\">\n<div class=\"row\">\n<div class=\"col-md-12 text-center pt-50\">\n<h1 class=\"navigation-title\">NUESTRAS SOLUCIONES DE NAVEGACI\u00d3N<\/h1>\n<\/p><\/div>\n<div class=\"col-xs-6 col-md-2 text-center list-navigation\">\n                    <img decoding=\"async\" class=\"img-fluid\" src=\"\/wp-content\/uploads\/sites\/3\/2024\/03\/cargo_boat.svg\" alt=\"Buques mercantes\" \/><\/p>\n<h2>BUQUES MERCANTES<\/h2>\n<\/p><\/div>\n<div class=\"col-xs-6 col-md-2 text-center list-navigation\">\n                  <img decoding=\"async\" class=\"img-fluid\" src=\"\/wp-content\/uploads\/sites\/3\/2024\/03\/work_boat.svg\" alt=\"Embarcaciones auxiliares\" \/><\/p>\n<h2>EMBARCACIONES AUXILIARES<\/h2>\n<\/p><\/div>\n<div class=\"col-xs-6 col-md-2 text-center list-navigation\">\n                  <img decoding=\"async\" class=\"img-fluid\" src=\"\/wp-content\/uploads\/sites\/3\/2024\/03\/naval_boat.svg\" alt=\"Buques de la armada\" \/><\/p>\n<h2>BUQUES DE LA ARMADA<\/h2>\n<\/p><\/div>\n<div class=\"col-xs-6 col-md-2 text-center list-navigation\">\n                  <img decoding=\"async\" class=\"img-fluid\" src=\"\/wp-content\/uploads\/sites\/3\/2024\/03\/yacht_boat.svg\" alt=\"Megayates\" \/><\/p>\n<h2>MEGAYATES<\/h2>\n<\/p><\/div>\n<div class=\"col-xs-6 col-md-2 text-center list-navigation\">\n                  <img decoding=\"async\" class=\"img-fluid\" src=\"\/wp-content\/uploads\/sites\/3\/2024\/03\/commercial_boat.svg\" alt=\"Barcos de pesca\" \/><\/p>\n<h2>BARCOS DE PESCA<\/h2>\n<\/p><\/div>\n<div class=\"col-xs-6 col-md-2 text-center list-navigation\">\n                  <img decoding=\"async\" class=\"img-fluid\" src=\"\/es\/wp-content\/uploads\/sites\/3\/2024\/12\/autonomous_boat.svg\" alt=\"Barco aut\u00f3nomo\/USV\" \/><\/p>\n<h2>BARCOS AUT\u00d3NOMO\/USV<\/h2>\n<\/p><\/div>\n<\/p><\/div>\n<div class=\"row\">\n<div class=\"col-md-12 text-center description-top pt-20 pb-80\">\n<p>Los productos de Digital Deep Sea est\u00e1n dise\u00f1ados para el mercado profesional, incluyendo el transporte mar\u00edtimo comercial, la pesca, las embarcaciones auxiliares, los megayates y para buques militares. Son productos robustos que satisfacen un entorno exigente, pero que comparten el mismo dise\u00f1o e innovaciones que ofrecen nuestros productos para la navegaci\u00f3n de recreo. Productos como nuestro transpondedor AIS de Clase A CLA2000 y nuestro AIS SART son compatibles con IMO para instalaciones obligatorias. Nuestros productos Aqua PC tambi\u00e9n pueden encontrar un lugar a bordo de cualquier instalaci\u00f3n comercial y llevar los beneficios del PC a alta mar.<\/p>\n<\/p><\/div>\n<\/p><\/div>\n<\/p><\/div>\n<\/p><\/div>\n<\/section>\n<section id=\"info-main-block\">\n<div class=\"bootstrap-wrapper\">\n<div class=\"container-fluid\">\n<div class=\"row\">\n<div class=\"col-xs-12 col-sm-6 col-md-6 col-lg-6 bloc-about-us text-center\">\n<div class=\"about-us\">\n<div class=\"about-us-inside\">\n<h2>SOBRE NOSOTROS<\/h2>\n<p class=\"pb-20\">Digital Deep Sea es la \u00faltima generaci\u00f3n en equipos de navegaci\u00f3n, comunicaci\u00f3n y entretenimiento a bordo para barcos profesionales.<\/p>\n<p><a class=\"button-58\" href=\"https:\/\/digitaldeepsea.com\/es\/quienes-somos\/\">PARA SABER MAS<\/a>\n                        <\/div>\n<\/p><\/div>\n<\/p><\/div>\n<div class=\"col-xs-12 col-sm-6 col-md-6 col-lg-6 bloc-catalogue text-center\">\n<div class=\"row\">\n<div class=\"catalogue-wrapper\">\n<div class=\"catalogue-wrapper-inside\">\n<div class=\"col-xs-12 col-sm-12 col-md-12 col-lg-7\">\n<div class=\"catalogue-left\"><img decoding=\"async\" src=\"\/wp-content\/uploads\/sites\/3\/2024\/03\/catalogue_digital_deep_sea_2019.png\" alt=\"Catalogue Digital Deep Sea\" \/><\/div>\n<\/p><\/div>\n<div class=\"col-xs-12 col-sm-12 col-md-12 col-lg-5\">\n<div class=\"catalogue-right text-left\">\n<h2>GUIA DE PRODUCTOS<\/h2>\n<p>Puede descargar la gu\u00eda de productos de Digital Deep Sea directamente.<\/p>\n<p><a class=\"button-58\" href=\"\/wp-content\/uploads\/2024\/02\/catalogue_digital_deep_sea_2019.pdf\" target=\"_blank\" rel=\"noopener\">DESCAGAR<\/a>\n                                    <\/div>\n<\/p><\/div>\n<\/p><\/div>\n<\/p><\/div>\n<\/p><\/div>\n<\/p><\/div>\n<\/p><\/div>\n<\/p><\/div>\n<\/p><\/div>\n<\/section>\n<section id=\"latest-product-main-block\">\n<div class=\"bootstrap-wrapper\">\n<div class=\"container-fluid product-bloc\">\n<div class=\"container\">\n<div class=\"row product-row\">\n<div class=\"col-sm-12 col-md-6 col-lg-6 product-left\"><img decoding=\"async\" src=\"\/wp-content\/uploads\/sites\/3\/2024\/03\/CLA2000_product_front.png\" alt=\"CLA 2000\" \/><\/div>\n<div class=\"col-sm-12 col-md-6 col-lg-6 product-right pt-40\">\n<h2>ULTIMOS PRODUCTOS<\/h2>\n<p class=\"lower-title\">CLA 2000 TRANSPONDEDOR AIS DE CLASE A<\/p>\n<p class=\"pt-30 pb-20\">El nuevo transpondedor AIS de Clase A CLA2000 de Digital Yacht est\u00e1 aprobado por SOLAS y es para aguas internaciones o v\u00edas navegables interiores a nivel mundial. Resistente al agua y a la intemperie con IP67, cuenta con una pantalla a color de alta resoluci\u00f3n de 5\u2033 totalmente integrada que ofrece una amplia gama de funciones, entre las que se incluyen la gesti\u00f3n de se\u00f1ales AIS y las cartas de navegaci\u00f3n electr\u00f3nicas con cartograf\u00eda C-Map MAX opcional.<\/p>\n<p><a class=\"button-58\" href=\"\/es\/producto\/cla2000\/\">VER AHORA<\/a>\n                <\/div>\n<\/p><\/div>\n<\/p><\/div>\n<\/p><\/div>\n<\/p><\/div>\n<\/section>\n","protected":false},"excerpt":{"rendered":"<p>NUESTRAS SOLUCIONES DE NAVEGACI\u00d3N BUQUES MERCANTES EMBARCACIONES AUXILIARES BUQUES DE LA ARMADA MEGAYATES BARCOS DE PESCA BARCOS AUT\u00d3NOMO\/USV Los productos de Digital Deep Sea est\u00e1n dise\u00f1ados para el mercado profesional, incluyendo el transporte mar\u00edtimo comercial, la pesca, las embarcaciones auxiliares, los megayates y para buques militares. Son productos robustos que satisfacen un entorno exigente, pero &hellip;<\/p>\n","protected":false},"author":1,"featured_media":0,"parent":0,"menu_order":0,"comment_status":"closed","ping_status":"open","template":"templates\/page-home.php","meta":{"footnotes":""},"yoast_head":"<!-- This site is optimized with the Yoast SEO plugin v22.7 - https:\/\/yoast.com\/wordpress\/plugins\/seo\/ -->\n<title>Inicio - Digital Deep Sea Espa\u00f1ol<\/title>\n<meta name=\"robots\" content=\"index, follow, max-snippet:-1, max-image-preview:large, max-video-preview:-1\" \/>\n<link rel=\"canonical\" href=\"https:\/\/digitaldeepsea.com\/es\/\" \/>\n<meta property=\"og:locale\" content=\"es_ES\" \/>\n<meta property=\"og:type\" content=\"article\" \/>\n<meta property=\"og:title\" content=\"Inicio - Digital Deep Sea Espa\u00f1ol\" \/>\n<meta property=\"og:description\" content=\"NUESTRAS SOLUCIONES DE NAVEGACI\u00d3N BUQUES MERCANTES EMBARCACIONES AUXILIARES BUQUES DE LA ARMADA MEGAYATES BARCOS DE PESCA BARCOS AUT\u00d3NOMO\/USV Los productos de Digital Deep Sea est\u00e1n dise\u00f1ados para el mercado profesional, incluyendo el transporte mar\u00edtimo comercial, la pesca, las embarcaciones auxiliares, los megayates y para buques militares. Son productos robustos que satisfacen un entorno exigente, pero &hellip;\" \/>\n<meta property=\"og:url\" content=\"https:\/\/digitaldeepsea.com\/es\/\" \/>\n<meta property=\"og:site_name\" content=\"Digital Deep Sea Espa\u00f1ol\" \/>\n<meta property=\"article:modified_time\" content=\"2024-12-11T11:16:55+00:00\" \/>\n<meta name=\"twitter:card\" content=\"summary_large_image\" \/>\n<meta name=\"twitter:label1\" content=\"Tiempo de lectura\" \/>\n\t<meta name=\"twitter:data1\" content=\"3 minutos\" \/>\n<script type=\"application\/ld+json\" class=\"yoast-schema-graph\">{\"@context\":\"https:\/\/schema.org\",\"@graph\":[{\"@type\":\"WebPage\",\"@id\":\"https:\/\/digitaldeepsea.com\/es\/\",\"url\":\"https:\/\/digitaldeepsea.com\/es\/\",\"name\":\"Inicio - Digital Deep Sea Espa\u00f1ol\",\"isPartOf\":{\"@id\":\"https:\/\/digitaldeepsea.com\/es\/#website\"},\"datePublished\":\"2024-03-14T11:37:51+00:00\",\"dateModified\":\"2024-12-11T11:16:55+00:00\",\"breadcrumb\":{\"@id\":\"https:\/\/digitaldeepsea.com\/es\/#breadcrumb\"},\"inLanguage\":\"es\",\"potentialAction\":[{\"@type\":\"ReadAction\",\"target\":[\"https:\/\/digitaldeepsea.com\/es\/\"]}]},{\"@type\":\"BreadcrumbList\",\"@id\":\"https:\/\/digitaldeepsea.com\/es\/#breadcrumb\",\"itemListElement\":[{\"@type\":\"ListItem\",\"position\":1,\"name\":\"Home\",\"item\":\"https:\/\/digitaldeepsea.com\/es\/\"},{\"@type\":\"ListItem\",\"position\":2,\"name\":\"Inicio\"}]},{\"@type\":\"WebSite\",\"@id\":\"https:\/\/digitaldeepsea.com\/es\/#website\",\"url\":\"https:\/\/digitaldeepsea.com\/es\/\",\"name\":\"Digital Deep Sea\",\"description\":\"\",\"publisher\":{\"@id\":\"https:\/\/digitaldeepsea.com\/es\/#organization\"},\"potentialAction\":[{\"@type\":\"SearchAction\",\"target\":{\"@type\":\"EntryPoint\",\"urlTemplate\":\"https:\/\/digitaldeepsea.com\/es\/?s={search_term_string}\"},\"query-input\":\"required name=search_term_string\"}],\"inLanguage\":\"es\"},{\"@type\":\"Organization\",\"@id\":\"https:\/\/digitaldeepsea.com\/es\/#organization\",\"name\":\"Digital Deep Sea\",\"url\":\"https:\/\/digitaldeepsea.com\/es\/\",\"logo\":{\"@type\":\"ImageObject\",\"inLanguage\":\"es\",\"@id\":\"https:\/\/digitaldeepsea.com\/es\/#\/schema\/logo\/image\/\",\"url\":\"https:\/\/digitaldeepsea.com\/es\/wp-content\/uploads\/sites\/3\/2024\/03\/logo_dy_outline_white.png\",\"contentUrl\":\"https:\/\/digitaldeepsea.com\/es\/wp-content\/uploads\/sites\/3\/2024\/03\/logo_dy_outline_white.png\",\"width\":200,\"height\":114,\"caption\":\"Digital Deep Sea\"},\"image\":{\"@id\":\"https:\/\/digitaldeepsea.com\/es\/#\/schema\/logo\/image\/\"}}]}<\/script>\n<!-- \/ Yoast SEO plugin. -->","yoast_head_json":{"title":"Inicio - Digital Deep Sea Espa\u00f1ol","robots":{"index":"index","follow":"follow","max-snippet":"max-snippet:-1","max-image-preview":"max-image-preview:large","max-video-preview":"max-video-preview:-1"},"canonical":"https:\/\/digitaldeepsea.com\/es\/","og_locale":"es_ES","og_type":"article","og_title":"Inicio - Digital Deep Sea Espa\u00f1ol","og_description":"NUESTRAS SOLUCIONES DE NAVEGACI\u00d3N BUQUES MERCANTES EMBARCACIONES AUXILIARES BUQUES DE LA ARMADA MEGAYATES BARCOS DE PESCA BARCOS AUT\u00d3NOMO\/USV Los productos de Digital Deep Sea est\u00e1n dise\u00f1ados para el mercado profesional, incluyendo el transporte mar\u00edtimo comercial, la pesca, las embarcaciones auxiliares, los megayates y para buques militares. Son productos robustos que satisfacen un entorno exigente, pero &hellip;","og_url":"https:\/\/digitaldeepsea.com\/es\/","og_site_name":"Digital Deep Sea Espa\u00f1ol","article_modified_time":"2024-12-11T11:16:55+00:00","twitter_card":"summary_large_image","twitter_misc":{"Tiempo de lectura":"3 minutos"},"schema":{"@context":"https:\/\/schema.org","@graph":[{"@type":"WebPage","@id":"https:\/\/digitaldeepsea.com\/es\/","url":"https:\/\/digitaldeepsea.com\/es\/","name":"Inicio - Digital Deep Sea Espa\u00f1ol","isPartOf":{"@id":"https:\/\/digitaldeepsea.com\/es\/#website"},"datePublished":"2024-03-14T11:37:51+00:00","dateModified":"2024-12-11T11:16:55+00:00","breadcrumb":{"@id":"https:\/\/digitaldeepsea.com\/es\/#breadcrumb"},"inLanguage":"es","potentialAction":[{"@type":"ReadAction","target":["https:\/\/digitaldeepsea.com\/es\/"]}]},{"@type":"BreadcrumbList","@id":"https:\/\/digitaldeepsea.com\/es\/#breadcrumb","itemListElement":[{"@type":"ListItem","position":1,"name":"Home","item":"https:\/\/digitaldeepsea.com\/es\/"},{"@type":"ListItem","position":2,"name":"Inicio"}]},{"@type":"WebSite","@id":"https:\/\/digitaldeepsea.com\/es\/#website","url":"https:\/\/digitaldeepsea.com\/es\/","name":"Digital Deep Sea","description":"","publisher":{"@id":"https:\/\/digitaldeepsea.com\/es\/#organization"},"potentialAction":[{"@type":"SearchAction","target":{"@type":"EntryPoint","urlTemplate":"https:\/\/digitaldeepsea.com\/es\/?s={search_term_string}"},"query-input":"required name=search_term_string"}],"inLanguage":"es"},{"@type":"Organization","@id":"https:\/\/digitaldeepsea.com\/es\/#organization","name":"Digital Deep Sea","url":"https:\/\/digitaldeepsea.com\/es\/","logo":{"@type":"ImageObject","inLanguage":"es","@id":"https:\/\/digitaldeepsea.com\/es\/#\/schema\/logo\/image\/","url":"https:\/\/digitaldeepsea.com\/es\/wp-content\/uploads\/sites\/3\/2024\/03\/logo_dy_outline_white.png","contentUrl":"https:\/\/digitaldeepsea.com\/es\/wp-content\/uploads\/sites\/3\/2024\/03\/logo_dy_outline_white.png","width":200,"height":114,"caption":"Digital Deep Sea"},"image":{"@id":"https:\/\/digitaldeepsea.com\/es\/#\/schema\/logo\/image\/"}}]}},"_links":{"self":[{"href":"https:\/\/digitaldeepsea.com\/es\/wp-json\/wp\/v2\/pages\/2"}],"collection":[{"href":"https:\/\/digitaldeepsea.com\/es\/wp-json\/wp\/v2\/pages"}],"about":[{"href":"https:\/\/digitaldeepsea.com\/es\/wp-json\/wp\/v2\/types\/page"}],"author":[{"embeddable":true,"href":"https:\/\/digitaldeepsea.com\/es\/wp-json\/wp\/v2\/users\/1"}],"replies":[{"embeddable":true,"href":"https:\/\/digitaldeepsea.com\/es\/wp-json\/wp\/v2\/comments?post=2"}],"version-history":[{"count":10,"href":"https:\/\/digitaldeepsea.com\/es\/wp-json\/wp\/v2\/pages\/2\/revisions"}],"predecessor-version":[{"id":302,"href":"https:\/\/digitaldeepsea.com\/es\/wp-json\/wp\/v2\/pages\/2\/revisions\/302"}],"wp:attachment":[{"href":"https:\/\/digitaldeepsea.com\/es\/wp-json\/wp\/v2\/media?parent=2"}],"curies":[{"name":"wp","href":"https:\/\/api.w.org\/{rel}","templated":true}]}}