{"id":188,"date":"2024-03-14T13:01:09","date_gmt":"2024-03-14T13:01:09","guid":{"rendered":"https:\/\/digitaldeepsea.com\/es\/?page_id=188"},"modified":"2024-03-19T05:02:46","modified_gmt":"2024-03-19T05:02:46","slug":"quienes-somos","status":"publish","type":"page","link":"https:\/\/digitaldeepsea.com\/es\/quienes-somos\/","title":{"rendered":"Quienes somos?"},"content":{"rendered":"<section>\n<div class=\"bootstrap-wrapper\">\n<div class=\"container-fluid\">\n<div class=\"row\">\n<div class=\"col-12 full-width-banner-about\">\n        <\/div>\n<\/p><\/div>\n<\/p><\/div>\n<div class=\"container\">\n<div class=\"row title-about pt-3 pb-4\">\n<div class=\"col-sm-12 col-md-12 text-center\">\n<h1>QUI\u00c9NES SOMOS<\/h1>\n<\/p><\/div>\n<\/p><\/div>\n<div class=\"row about-block pt-3 pb-4\">\n<div class=\"col-sm-12 col-md-12\">\n<p>Los productos de Digital Deep Sea est\u00e1n dise\u00f1ados para el mercado profesional incluyendo el transporte mar\u00edtimo comercial, la pesca, las embarcaciones auxiliares, los megayates y para buques militares. Son productos robustos que satisfacen un entorno exigente, pero que comparten el mismo dise\u00f1o e innovaciones que ofrecen nuestros productos para la navegaci\u00f3n de recreo. Productos como nuestro transpondedor AIS de Clase A CLA2000 y nuestro AIS SART son compatibles con IMO para instalaciones obligatorias. Nuestros productos Aqua PC tambi\u00e9n pueden encontrar un lugar a bordo de cualquier instalaci\u00f3n comercial y llevar los beneficios del PC a alta mar.<\/p>\n<p class=\"pt-1 pb-2\"><strong>Digital Deep Sea es parte de Digital Yacht Ltd.<\/strong><\/p>\n<p>Consideramos firmemente que dispositivos de uso cotidiano como pueden ser iPhones, tablets, PCs o MACs no solo tienen un lugar a bordo, sino que adem\u00e1s pueden ayudar a que viejos sistemas de navegaci\u00f3n puedan competir a un coste mucho menor con la \u00faltima tecnolog\u00eda en productos electr\u00f3nicos marinos especializados. Desde Digital Yacht, hacemos que el acceso a internet sea f\u00e1cil y asequible, llevando todos los datos de navegaci\u00f3n a aquellos dispositivos que utiliza d\u00eda a d\u00eda.<\/p>\n<p>Adem\u00e1s, dicho acceso a internet puede ser compartido con su tripulaci\u00f3n o todo aquel que se encuentren en su embarcaci\u00f3n.<\/p>\n<p>Nuestros sistemas de navegaci\u00f3n cubren tecnolog\u00eda avanzada de GPS y comp\u00e1s, as\u00ed como la gama m\u00e1s completa de productos AIS en el mercado. Adem\u00e1s, nuestros ordenadores marinos y softwares brindan soluciones simples pero potentes a diferentes necesidades que aparecen cuando se est\u00e1 a bordo; desde comunicaci\u00f3n hasta navegaci\u00f3n, pasando por entretenimiento y vigilancia.<\/p>\n<p>Digital Deep Sea es, por lo tanto, una empresa progresista que se centra en el uso de las \u00faltimas tecnolog\u00edas a la hora de fabricar sus productos.<\/p>\n<\/p><\/div>\n<\/p><\/div>\n<div class=\"row about-block\">\n<div class=\"col-sm-12 col-md-12\">\n<h3 class=\"title-about\">FABRICACI\u00d3N Y TECNOLOG\u00cdA<\/h3>\n<p class=\"pt-3 pb-4\">Nuestro equipo combina 100 a\u00f1os de experiencia en electr\u00f3nica marina, y estamos orgullosos de la calidad de nuestros productos que est\u00e1n dise\u00f1ados y fabricamos en el Reino Unido. Nuestro centro de investigaci\u00f3n y desarrollo est\u00e1 situado en las afueras de Bristol, y disponemos de instalaciones de montaje electr\u00f3nico y mec\u00e1nico en el Reino Unido y los Estados Unidos. El a\u00f1o pasado exportamos a m\u00e1s de 100 pa\u00edses.<\/p>\n<\/p><\/div>\n<\/p><\/div>\n<div class=\"row about-block\">\n<div class=\"col-sm-12 col-md-12\">\n<h3 class=\"title-about\">DISTRIBUIDORES Y VENDEDORES<\/h3>\n<p class=\"pt-3 pb-4\">Si desea distribuir nuestros productos, p\u00f3ngase en contacto con nosotros: <a href=\"mailto:sales@digitaldeepsea.com\">sales@digitaldeepsea.com<\/a><\/p>\n<\/p><\/div>\n<\/p><\/div>\n<div class=\"row about-block\">\n<div class=\"col-sm-12 col-md-12\">\n<h3 class=\"title-about\">GARANT\u00cdA<\/h3>\n<p class=\"pt-3 pb-4\">Todos nuestros productos vienen con una garant\u00eda completa de DOS a\u00f1os con devoluci\u00f3n a la f\u00e1brica.<\/p>\n<\/p><\/div>\n<\/p><\/div>\n<\/p><\/div>\n<\/div>\n<\/section>\n","protected":false},"excerpt":{"rendered":"<p>QUI\u00c9NES SOMOS Los productos de Digital Deep Sea est\u00e1n dise\u00f1ados para el mercado profesional incluyendo el transporte mar\u00edtimo comercial, la pesca, las embarcaciones auxiliares, los megayates y para buques militares. Son productos robustos que satisfacen un entorno exigente, pero que comparten el mismo dise\u00f1o e innovaciones que ofrecen nuestros productos para la navegaci\u00f3n de recreo. &hellip;<\/p>\n","protected":false},"author":1,"featured_media":199,"parent":0,"menu_order":0,"comment_status":"closed","ping_status":"closed","template":"templates\/page-full.php","meta":{"footnotes":""},"yoast_head":"<!-- This site is optimized with the Yoast SEO plugin v22.7 - https:\/\/yoast.com\/wordpress\/plugins\/seo\/ -->\n<title>Quienes somos? - Digital Deep Sea Espa\u00f1ol<\/title>\n<meta name=\"robots\" content=\"index, follow, max-snippet:-1, max-image-preview:large, max-video-preview:-1\" \/>\n<link rel=\"canonical\" href=\"https:\/\/digitaldeepsea.com\/es\/quienes-somos\/\" \/>\n<meta property=\"og:locale\" content=\"es_ES\" \/>\n<meta property=\"og:type\" content=\"article\" \/>\n<meta property=\"og:title\" content=\"Quienes somos? - Digital Deep Sea Espa\u00f1ol\" \/>\n<meta property=\"og:description\" content=\"QUI\u00c9NES SOMOS Los productos de Digital Deep Sea est\u00e1n dise\u00f1ados para el mercado profesional incluyendo el transporte mar\u00edtimo comercial, la pesca, las embarcaciones auxiliares, los megayates y para buques militares. Son productos robustos que satisfacen un entorno exigente, pero que comparten el mismo dise\u00f1o e innovaciones que ofrecen nuestros productos para la navegaci\u00f3n de recreo. &hellip;\" \/>\n<meta property=\"og:url\" content=\"https:\/\/digitaldeepsea.com\/es\/quienes-somos\/\" \/>\n<meta property=\"og:site_name\" content=\"Digital Deep Sea Espa\u00f1ol\" \/>\n<meta property=\"article:modified_time\" content=\"2024-03-19T05:02:46+00:00\" \/>\n<meta property=\"og:image\" content=\"https:\/\/digitaldeepsea.com\/es\/wp-content\/uploads\/sites\/3\/2024\/03\/about_us_banner_page_photo.jpg\" \/>\n\t<meta property=\"og:image:width\" content=\"1600\" \/>\n\t<meta property=\"og:image:height\" content=\"350\" \/>\n\t<meta property=\"og:image:type\" content=\"image\/jpeg\" \/>\n<meta name=\"twitter:card\" content=\"summary_large_image\" \/>\n<meta name=\"twitter:label1\" content=\"Tiempo de lectura\" \/>\n\t<meta name=\"twitter:data1\" content=\"3 minutos\" \/>\n<script type=\"application\/ld+json\" class=\"yoast-schema-graph\">{\"@context\":\"https:\/\/schema.org\",\"@graph\":[{\"@type\":\"WebPage\",\"@id\":\"https:\/\/digitaldeepsea.com\/es\/quienes-somos\/\",\"url\":\"https:\/\/digitaldeepsea.com\/es\/quienes-somos\/\",\"name\":\"Quienes somos? - Digital Deep Sea Espa\u00f1ol\",\"isPartOf\":{\"@id\":\"https:\/\/digitaldeepsea.com\/es\/#website\"},\"primaryImageOfPage\":{\"@id\":\"https:\/\/digitaldeepsea.com\/es\/quienes-somos\/#primaryimage\"},\"image\":{\"@id\":\"https:\/\/digitaldeepsea.com\/es\/quienes-somos\/#primaryimage\"},\"thumbnailUrl\":\"https:\/\/digitaldeepsea.com\/es\/wp-content\/uploads\/sites\/3\/2024\/03\/about_us_banner_page_photo.jpg\",\"datePublished\":\"2024-03-14T13:01:09+00:00\",\"dateModified\":\"2024-03-19T05:02:46+00:00\",\"breadcrumb\":{\"@id\":\"https:\/\/digitaldeepsea.com\/es\/quienes-somos\/#breadcrumb\"},\"inLanguage\":\"es\",\"potentialAction\":[{\"@type\":\"ReadAction\",\"target\":[\"https:\/\/digitaldeepsea.com\/es\/quienes-somos\/\"]}]},{\"@type\":\"ImageObject\",\"inLanguage\":\"es\",\"@id\":\"https:\/\/digitaldeepsea.com\/es\/quienes-somos\/#primaryimage\",\"url\":\"https:\/\/digitaldeepsea.com\/es\/wp-content\/uploads\/sites\/3\/2024\/03\/about_us_banner_page_photo.jpg\",\"contentUrl\":\"https:\/\/digitaldeepsea.com\/es\/wp-content\/uploads\/sites\/3\/2024\/03\/about_us_banner_page_photo.jpg\",\"width\":1600,\"height\":350},{\"@type\":\"BreadcrumbList\",\"@id\":\"https:\/\/digitaldeepsea.com\/es\/quienes-somos\/#breadcrumb\",\"itemListElement\":[{\"@type\":\"ListItem\",\"position\":1,\"name\":\"Home\",\"item\":\"https:\/\/digitaldeepsea.com\/es\/\"},{\"@type\":\"ListItem\",\"position\":2,\"name\":\"Quienes somos?\"}]},{\"@type\":\"WebSite\",\"@id\":\"https:\/\/digitaldeepsea.com\/es\/#website\",\"url\":\"https:\/\/digitaldeepsea.com\/es\/\",\"name\":\"Digital Deep Sea\",\"description\":\"\",\"publisher\":{\"@id\":\"https:\/\/digitaldeepsea.com\/es\/#organization\"},\"potentialAction\":[{\"@type\":\"SearchAction\",\"target\":{\"@type\":\"EntryPoint\",\"urlTemplate\":\"https:\/\/digitaldeepsea.com\/es\/?s={search_term_string}\"},\"query-input\":\"required name=search_term_string\"}],\"inLanguage\":\"es\"},{\"@type\":\"Organization\",\"@id\":\"https:\/\/digitaldeepsea.com\/es\/#organization\",\"name\":\"Digital Deep Sea\",\"url\":\"https:\/\/digitaldeepsea.com\/es\/\",\"logo\":{\"@type\":\"ImageObject\",\"inLanguage\":\"es\",\"@id\":\"https:\/\/digitaldeepsea.com\/es\/#\/schema\/logo\/image\/\",\"url\":\"https:\/\/digitaldeepsea.com\/es\/wp-content\/uploads\/sites\/3\/2024\/03\/logo_dy_outline_white.png\",\"contentUrl\":\"https:\/\/digitaldeepsea.com\/es\/wp-content\/uploads\/sites\/3\/2024\/03\/logo_dy_outline_white.png\",\"width\":200,\"height\":114,\"caption\":\"Digital Deep Sea\"},\"image\":{\"@id\":\"https:\/\/digitaldeepsea.com\/es\/#\/schema\/logo\/image\/\"}}]}<\/script>\n<!-- \/ Yoast SEO plugin. -->","yoast_head_json":{"title":"Quienes somos? - Digital Deep Sea Espa\u00f1ol","robots":{"index":"index","follow":"follow","max-snippet":"max-snippet:-1","max-image-preview":"max-image-preview:large","max-video-preview":"max-video-preview:-1"},"canonical":"https:\/\/digitaldeepsea.com\/es\/quienes-somos\/","og_locale":"es_ES","og_type":"article","og_title":"Quienes somos? - Digital Deep Sea Espa\u00f1ol","og_description":"QUI\u00c9NES SOMOS Los productos de Digital Deep Sea est\u00e1n dise\u00f1ados para el mercado profesional incluyendo el transporte mar\u00edtimo comercial, la pesca, las embarcaciones auxiliares, los megayates y para buques militares. Son productos robustos que satisfacen un entorno exigente, pero que comparten el mismo dise\u00f1o e innovaciones que ofrecen nuestros productos para la navegaci\u00f3n de recreo. &hellip;","og_url":"https:\/\/digitaldeepsea.com\/es\/quienes-somos\/","og_site_name":"Digital Deep Sea Espa\u00f1ol","article_modified_time":"2024-03-19T05:02:46+00:00","og_image":[{"width":1600,"height":350,"url":"https:\/\/digitaldeepsea.com\/es\/wp-content\/uploads\/sites\/3\/2024\/03\/about_us_banner_page_photo.jpg","type":"image\/jpeg"}],"twitter_card":"summary_large_image","twitter_misc":{"Tiempo de lectura":"3 minutos"},"schema":{"@context":"https:\/\/schema.org","@graph":[{"@type":"WebPage","@id":"https:\/\/digitaldeepsea.com\/es\/quienes-somos\/","url":"https:\/\/digitaldeepsea.com\/es\/quienes-somos\/","name":"Quienes somos? - Digital Deep Sea Espa\u00f1ol","isPartOf":{"@id":"https:\/\/digitaldeepsea.com\/es\/#website"},"primaryImageOfPage":{"@id":"https:\/\/digitaldeepsea.com\/es\/quienes-somos\/#primaryimage"},"image":{"@id":"https:\/\/digitaldeepsea.com\/es\/quienes-somos\/#primaryimage"},"thumbnailUrl":"https:\/\/digitaldeepsea.com\/es\/wp-content\/uploads\/sites\/3\/2024\/03\/about_us_banner_page_photo.jpg","datePublished":"2024-03-14T13:01:09+00:00","dateModified":"2024-03-19T05:02:46+00:00","breadcrumb":{"@id":"https:\/\/digitaldeepsea.com\/es\/quienes-somos\/#breadcrumb"},"inLanguage":"es","potentialAction":[{"@type":"ReadAction","target":["https:\/\/digitaldeepsea.com\/es\/quienes-somos\/"]}]},{"@type":"ImageObject","inLanguage":"es","@id":"https:\/\/digitaldeepsea.com\/es\/quienes-somos\/#primaryimage","url":"https:\/\/digitaldeepsea.com\/es\/wp-content\/uploads\/sites\/3\/2024\/03\/about_us_banner_page_photo.jpg","contentUrl":"https:\/\/digitaldeepsea.com\/es\/wp-content\/uploads\/sites\/3\/2024\/03\/about_us_banner_page_photo.jpg","width":1600,"height":350},{"@type":"BreadcrumbList","@id":"https:\/\/digitaldeepsea.com\/es\/quienes-somos\/#breadcrumb","itemListElement":[{"@type":"ListItem","position":1,"name":"Home","item":"https:\/\/digitaldeepsea.com\/es\/"},{"@type":"ListItem","position":2,"name":"Quienes somos?"}]},{"@type":"WebSite","@id":"https:\/\/digitaldeepsea.com\/es\/#website","url":"https:\/\/digitaldeepsea.com\/es\/","name":"Digital Deep Sea","description":"","publisher":{"@id":"https:\/\/digitaldeepsea.com\/es\/#organization"},"potentialAction":[{"@type":"SearchAction","target":{"@type":"EntryPoint","urlTemplate":"https:\/\/digitaldeepsea.com\/es\/?s={search_term_string}"},"query-input":"required name=search_term_string"}],"inLanguage":"es"},{"@type":"Organization","@id":"https:\/\/digitaldeepsea.com\/es\/#organization","name":"Digital Deep Sea","url":"https:\/\/digitaldeepsea.com\/es\/","logo":{"@type":"ImageObject","inLanguage":"es","@id":"https:\/\/digitaldeepsea.com\/es\/#\/schema\/logo\/image\/","url":"https:\/\/digitaldeepsea.com\/es\/wp-content\/uploads\/sites\/3\/2024\/03\/logo_dy_outline_white.png","contentUrl":"https:\/\/digitaldeepsea.com\/es\/wp-content\/uploads\/sites\/3\/2024\/03\/logo_dy_outline_white.png","width":200,"height":114,"caption":"Digital Deep Sea"},"image":{"@id":"https:\/\/digitaldeepsea.com\/es\/#\/schema\/logo\/image\/"}}]}},"_links":{"self":[{"href":"https:\/\/digitaldeepsea.com\/es\/wp-json\/wp\/v2\/pages\/188"}],"collection":[{"href":"https:\/\/digitaldeepsea.com\/es\/wp-json\/wp\/v2\/pages"}],"about":[{"href":"https:\/\/digitaldeepsea.com\/es\/wp-json\/wp\/v2\/types\/page"}],"author":[{"embeddable":true,"href":"https:\/\/digitaldeepsea.com\/es\/wp-json\/wp\/v2\/users\/1"}],"replies":[{"embeddable":true,"href":"https:\/\/digitaldeepsea.com\/es\/wp-json\/wp\/v2\/comments?post=188"}],"version-history":[{"count":3,"href":"https:\/\/digitaldeepsea.com\/es\/wp-json\/wp\/v2\/pages\/188\/revisions"}],"predecessor-version":[{"id":232,"href":"https:\/\/digitaldeepsea.com\/es\/wp-json\/wp\/v2\/pages\/188\/revisions\/232"}],"wp:featuredmedia":[{"embeddable":true,"href":"https:\/\/digitaldeepsea.com\/es\/wp-json\/wp\/v2\/media\/199"}],"wp:attachment":[{"href":"https:\/\/digitaldeepsea.com\/es\/wp-json\/wp\/v2\/media?parent=188"}],"curies":[{"name":"wp","href":"https:\/\/api.w.org\/{rel}","templated":true}]}}